{"id":404991,"date":"2025-06-15T12:37:55","date_gmt":"2025-06-15T11:37:55","guid":{"rendered":"https:\/\/www.purejewels.com\/?post_type=product&#038;p=404991"},"modified":"2026-02-18T09:38:33","modified_gmt":"2026-02-18T09:38:33","slug":"plati%cc%87n-akoya-i%cc%87nci%cc%87-damla-kupe-51344","status":"publish","type":"product","link":"https:\/\/www.purejewels.com\/tr\/product\/platinum-akoya-pearl-drop-earrings-51344\/","title":{"rendered":"Platin Akoya \u0130nci Damla K\u00fcpe"},"content":{"rendered":"<p>Do\u011fal zarafetin bir kutlamas\u0131 olan Platin Akoya \u0130nci Damla K\u00fcpeler, kaliteli platinden \u00fcretilmi\u015f ve elle se\u00e7ilmi\u015f Japon Akoya incileriyle tamamlanm\u0131\u015ft\u0131r. I\u015f\u0131lt\u0131l\u0131 parlakl\u0131klar\u0131 ve m\u00fckemmele yak\u0131n yuvarlak \u015fekilleriyle bilinen bu inciler, sessiz bir sofistike g\u00f6r\u00fcn\u00fcm sergiler. Minimalist bal\u0131k kancas\u0131 ayarlar\u0131ndan sarkan tasar\u0131m, zarif hareket ve hafif konfor sa\u011flar. \u0130ster \u00f6zel bir g\u00fcn i\u00e7in ister g\u00fcnl\u00fck bir klasik olarak tak\u0131ls\u0131n, bu k\u00fcpeler modern sadelik ve geleneksel zarafetin zahmetsiz bir kar\u0131\u015f\u0131m\u0131n\u0131 sunar.<\/p>","protected":false},"excerpt":{"rendered":"<p data-start=\"407\" data-end=\"617\">Platinden \u00fcretilen bu Akoya \u0130nci Damla K\u00fcpeler, \u015f\u0131k kancalar \u00fczerinde as\u0131l\u0131 parlak Japon incilerine sahiptir. Abart\u0131s\u0131z ve zamans\u0131z; g\u00fcnl\u00fck kullan\u0131m veya zarif hediyeler i\u00e7in m\u00fckemmel.<\/p>\n<ul>\n<li><strong>Malzeme:<\/strong> Platin<\/li>\n<li><strong>Hallmark: <\/strong>\u0130ngiliz Damgas\u0131<\/li>\n<li><strong>Br\u00fct A\u011f\u0131rl\u0131k: <\/strong>2.20 Gms<\/li>\n<li><strong>SKU: <\/strong>51344<\/li>\n<\/ul>\n<p><strong><br \/>\nFiyat ve Teslimat: <\/strong>KDV ve teslimat \u00fccretleri dahil<br \/>\n<strong><a href=\"https:\/\/www.purejewels.com\/tr\/i%cc%87ade-poli%cc%87ti%cc%87kasi\/\">\u0130ade Politikas\u0131<\/a><\/strong><\/p>","protected":false},"featured_media":404992,"comment_status":"closed","ping_status":"closed","template":"","meta":{"_eb_attr":"","_crsspst_to_jayantr4sg-hostcom":false},"product_brand":[],"product_cat":[1793,5701,1792,1790,6141,6083,5350,1573,1574],"product_tag":[],"class_list":{"0":"post-404991","1":"product","2":"type-product","3":"status-publish","4":"has-post-thumbnail","6":"product_cat-diwali-gifts","7":"product_cat-eid-jewellery","8":"product_cat-festival-gifts","9":"product_cat-for-whom-when","10":"product_cat-platinum-earring","11":"product_cat-platinum-jewellery-2","12":"product_cat-platinum-jewellery","13":"product_cat-wedding-gifts","14":"product_cat-womens-jewellery","16":"first","17":"instock","18":"taxable","19":"shipping-taxable","20":"purchasable","21":"product-type-simple","22":"add-to-wishlist-before_image"},"yoast_head":"<!-- This site is optimized with the Yoast SEO plugin v27.5 - https:\/\/yoast.com\/product\/yoast-seo-wordpress\/ -->\n<title>Platinum Japanese Akoya Pearl Drop Earrings | PureJewels<\/title>\n<meta name=\"description\" content=\"Elegant platinum drop earrings featuring lustrous Japanese Akoya pearls. A timeless design blending purity, luxury, and everyday elegance.\" \/>\n<meta name=\"robots\" content=\"index, follow, max-snippet:-1, max-image-preview:large, max-video-preview:-1\" \/>\n<link rel=\"canonical\" href=\"https:\/\/www.purejewels.com\/tr\/urun\/plati\u0307n-akoya-i\u0307nci\u0307-damla-kupe-51344\/\" \/>\n<meta property=\"og:locale\" content=\"tr_TR\" \/>\n<meta property=\"og:type\" content=\"article\" \/>\n<meta property=\"og:title\" content=\"Platinum Japanese Akoya Pearl Drop Earrings | PureJewels\" \/>\n<meta property=\"og:description\" content=\"Elegant platinum drop earrings featuring lustrous Japanese Akoya pearls. A timeless design blending purity, luxury, and everyday elegance.\" \/>\n<meta property=\"og:url\" content=\"https:\/\/www.purejewels.com\/tr\/urun\/plati\u0307n-akoya-i\u0307nci\u0307-damla-kupe-51344\/\" \/>\n<meta property=\"og:site_name\" content=\"PureJewels UK\" \/>\n<meta property=\"article:modified_time\" content=\"2026-02-18T09:38:33+00:00\" \/>\n<meta property=\"og:image\" content=\"https:\/\/static.purejewels.com\/wp-content\/uploads\/2025\/07\/SKU-51344.1.jpg\" \/>\n\t<meta property=\"og:image:width\" content=\"1000\" \/>\n\t<meta property=\"og:image:height\" content=\"1000\" \/>\n\t<meta property=\"og:image:type\" content=\"image\/jpeg\" \/>\n<meta name=\"twitter:card\" content=\"summary_large_image\" \/>\n<meta name=\"twitter:label1\" content=\"Tahmini okuma s\u00fcresi\" \/>\n\t<meta name=\"twitter:data1\" content=\"1 dakika\" \/>\n<script type=\"application\/ld+json\" class=\"yoast-schema-graph\">{\"@context\":\"https:\\\/\\\/schema.org\",\"@graph\":[{\"@type\":[\"WebPage\",\"ItemPage\"],\"@id\":\"https:\\\/\\\/www.purejewels.com\\\/product\\\/platinum-akoya-pearl-drop-earrings-51344\\\/\",\"url\":\"https:\\\/\\\/www.purejewels.com\\\/product\\\/platinum-akoya-pearl-drop-earrings-51344\\\/\",\"name\":\"Platinum Japanese Akoya Pearl Drop Earrings | PureJewels\",\"isPartOf\":{\"@id\":\"https:\\\/\\\/www.purejewels.com\\\/#website\"},\"primaryImageOfPage\":{\"@id\":\"https:\\\/\\\/www.purejewels.com\\\/product\\\/platinum-akoya-pearl-drop-earrings-51344\\\/#primaryimage\"},\"image\":{\"@id\":\"https:\\\/\\\/www.purejewels.com\\\/product\\\/platinum-akoya-pearl-drop-earrings-51344\\\/#primaryimage\"},\"thumbnailUrl\":\"https:\\\/\\\/static.purejewels.com\\\/wp-content\\\/uploads\\\/2025\\\/07\\\/SKU-51344.1.jpg\",\"datePublished\":\"2025-06-15T11:37:55+00:00\",\"dateModified\":\"2026-02-18T09:38:33+00:00\",\"description\":\"Elegant platinum drop earrings featuring lustrous Japanese Akoya pearls. A timeless design blending purity, luxury, and everyday elegance.\",\"breadcrumb\":{\"@id\":\"https:\\\/\\\/www.purejewels.com\\\/product\\\/platinum-akoya-pearl-drop-earrings-51344\\\/#breadcrumb\"},\"inLanguage\":\"tr\",\"potentialAction\":[{\"@type\":\"ReadAction\",\"target\":[\"https:\\\/\\\/www.purejewels.com\\\/product\\\/platinum-akoya-pearl-drop-earrings-51344\\\/\"]}]},{\"@type\":\"ImageObject\",\"inLanguage\":\"tr\",\"@id\":\"https:\\\/\\\/www.purejewels.com\\\/product\\\/platinum-akoya-pearl-drop-earrings-51344\\\/#primaryimage\",\"url\":\"https:\\\/\\\/static.purejewels.com\\\/wp-content\\\/uploads\\\/2025\\\/07\\\/SKU-51344.1.jpg\",\"contentUrl\":\"https:\\\/\\\/static.purejewels.com\\\/wp-content\\\/uploads\\\/2025\\\/07\\\/SKU-51344.1.jpg\",\"width\":1000,\"height\":1000,\"caption\":\"Platinum Akoya Pearl Drop Earrings\"},{\"@type\":\"BreadcrumbList\",\"@id\":\"https:\\\/\\\/www.purejewels.com\\\/product\\\/platinum-akoya-pearl-drop-earrings-51344\\\/#breadcrumb\",\"itemListElement\":[{\"@type\":\"ListItem\",\"position\":1,\"name\":\"Home\",\"item\":\"https:\\\/\\\/www.purejewels.com\\\/\"},{\"@type\":\"ListItem\",\"position\":2,\"name\":\"Shop\",\"item\":\"https:\\\/\\\/www.purejewels.com\\\/shop\\\/\"},{\"@type\":\"ListItem\",\"position\":3,\"name\":\"Platinum Akoya Pearl Drop Earrings\"}]},{\"@type\":\"WebSite\",\"@id\":\"https:\\\/\\\/www.purejewels.com\\\/#website\",\"url\":\"https:\\\/\\\/www.purejewels.com\\\/\",\"name\":\"PureJewels UK\",\"description\":\"Share the Love\",\"publisher\":{\"@id\":\"https:\\\/\\\/www.purejewels.com\\\/#organization\"},\"potentialAction\":[{\"@type\":\"SearchAction\",\"target\":{\"@type\":\"EntryPoint\",\"urlTemplate\":\"https:\\\/\\\/www.purejewels.com\\\/?s={search_term_string}\"},\"query-input\":{\"@type\":\"PropertyValueSpecification\",\"valueRequired\":true,\"valueName\":\"search_term_string\"}}],\"inLanguage\":\"tr\"},{\"@type\":\"Organization\",\"@id\":\"https:\\\/\\\/www.purejewels.com\\\/#organization\",\"name\":\"PureJewels UK\",\"url\":\"https:\\\/\\\/www.purejewels.com\\\/\",\"logo\":{\"@type\":\"ImageObject\",\"inLanguage\":\"tr\",\"@id\":\"https:\\\/\\\/www.purejewels.com\\\/#\\\/schema\\\/logo\\\/image\\\/\",\"url\":\"https:\\\/\\\/static.purejewels.com\\\/wp-content\\\/uploads\\\/2020\\\/11\\\/Logo-PJ-New-1.png\",\"contentUrl\":\"https:\\\/\\\/static.purejewels.com\\\/wp-content\\\/uploads\\\/2020\\\/11\\\/Logo-PJ-New-1.png\",\"width\":150,\"height\":80,\"caption\":\"PureJewels UK\"},\"image\":{\"@id\":\"https:\\\/\\\/www.purejewels.com\\\/#\\\/schema\\\/logo\\\/image\\\/\"}}]}<\/script>\n<!-- \/ Yoast SEO plugin. -->","yoast_head_json":{"title":"Platin Japon Akoya \u0130nci Damla K\u00fcpe | PureJewels","description":"Parlak Japon Akoya incileri i\u00e7eren zarif platin damla k\u00fcpeler. Safl\u0131k, l\u00fcks ve g\u00fcnl\u00fck \u015f\u0131kl\u0131\u011f\u0131 harmanlayan zamans\u0131z bir tasar\u0131m.","robots":{"index":"index","follow":"follow","max-snippet":"max-snippet:-1","max-image-preview":"max-image-preview:large","max-video-preview":"max-video-preview:-1"},"canonical":"https:\/\/www.purejewels.com\/tr\/urun\/plati\u0307n-akoya-i\u0307nci\u0307-damla-kupe-51344\/","og_locale":"tr_TR","og_type":"article","og_title":"Platinum Japanese Akoya Pearl Drop Earrings | PureJewels","og_description":"Elegant platinum drop earrings featuring lustrous Japanese Akoya pearls. A timeless design blending purity, luxury, and everyday elegance.","og_url":"https:\/\/www.purejewels.com\/tr\/urun\/plati\u0307n-akoya-i\u0307nci\u0307-damla-kupe-51344\/","og_site_name":"PureJewels UK","article_modified_time":"2026-02-18T09:38:33+00:00","og_image":[{"width":1000,"height":1000,"url":"https:\/\/static.purejewels.com\/wp-content\/uploads\/2025\/07\/SKU-51344.1.jpg","type":"image\/jpeg"}],"twitter_card":"summary_large_image","twitter_misc":{"Tahmini okuma s\u00fcresi":"1 dakika"},"schema":{"@context":"https:\/\/schema.org","@graph":[{"@type":["WebPage","ItemPage"],"@id":"https:\/\/www.purejewels.com\/product\/platinum-akoya-pearl-drop-earrings-51344\/","url":"https:\/\/www.purejewels.com\/product\/platinum-akoya-pearl-drop-earrings-51344\/","name":"Platin Japon Akoya \u0130nci Damla K\u00fcpe | PureJewels","isPartOf":{"@id":"https:\/\/www.purejewels.com\/#website"},"primaryImageOfPage":{"@id":"https:\/\/www.purejewels.com\/product\/platinum-akoya-pearl-drop-earrings-51344\/#primaryimage"},"image":{"@id":"https:\/\/www.purejewels.com\/product\/platinum-akoya-pearl-drop-earrings-51344\/#primaryimage"},"thumbnailUrl":"https:\/\/static.purejewels.com\/wp-content\/uploads\/2025\/07\/SKU-51344.1.jpg","datePublished":"2025-06-15T11:37:55+00:00","dateModified":"2026-02-18T09:38:33+00:00","description":"Parlak Japon Akoya incileri i\u00e7eren zarif platin damla k\u00fcpeler. Safl\u0131k, l\u00fcks ve g\u00fcnl\u00fck \u015f\u0131kl\u0131\u011f\u0131 harmanlayan zamans\u0131z bir tasar\u0131m.","breadcrumb":{"@id":"https:\/\/www.purejewels.com\/product\/platinum-akoya-pearl-drop-earrings-51344\/#breadcrumb"},"inLanguage":"tr","potentialAction":[{"@type":"ReadAction","target":["https:\/\/www.purejewels.com\/product\/platinum-akoya-pearl-drop-earrings-51344\/"]}]},{"@type":"ImageObject","inLanguage":"tr","@id":"https:\/\/www.purejewels.com\/product\/platinum-akoya-pearl-drop-earrings-51344\/#primaryimage","url":"https:\/\/static.purejewels.com\/wp-content\/uploads\/2025\/07\/SKU-51344.1.jpg","contentUrl":"https:\/\/static.purejewels.com\/wp-content\/uploads\/2025\/07\/SKU-51344.1.jpg","width":1000,"height":1000,"caption":"Platinum Akoya Pearl Drop Earrings"},{"@type":"BreadcrumbList","@id":"https:\/\/www.purejewels.com\/product\/platinum-akoya-pearl-drop-earrings-51344\/#breadcrumb","itemListElement":[{"@type":"ListItem","position":1,"name":"Home","item":"https:\/\/www.purejewels.com\/"},{"@type":"ListItem","position":2,"name":"Shop","item":"https:\/\/www.purejewels.com\/shop\/"},{"@type":"ListItem","position":3,"name":"Platinum Akoya Pearl Drop Earrings"}]},{"@type":"WebSite","@id":"https:\/\/www.purejewels.com\/#website","url":"https:\/\/www.purejewels.com\/","name":"PureJewels \u0130ngiltere","description":"Sevgiyi Payla\u015f\u0131n","publisher":{"@id":"https:\/\/www.purejewels.com\/#organization"},"potentialAction":[{"@type":"SearchAction","target":{"@type":"EntryPoint","urlTemplate":"https:\/\/www.purejewels.com\/?s={search_term_string}"},"query-input":{"@type":"PropertyValueSpecification","valueRequired":true,"valueName":"search_term_string"}}],"inLanguage":"tr"},{"@type":"Organization","@id":"https:\/\/www.purejewels.com\/#organization","name":"PureJewels \u0130ngiltere","url":"https:\/\/www.purejewels.com\/","logo":{"@type":"ImageObject","inLanguage":"tr","@id":"https:\/\/www.purejewels.com\/#\/schema\/logo\/image\/","url":"https:\/\/static.purejewels.com\/wp-content\/uploads\/2020\/11\/Logo-PJ-New-1.png","contentUrl":"https:\/\/static.purejewels.com\/wp-content\/uploads\/2020\/11\/Logo-PJ-New-1.png","width":150,"height":80,"caption":"PureJewels UK"},"image":{"@id":"https:\/\/www.purejewels.com\/#\/schema\/logo\/image\/"}}]}},"_links":{"self":[{"href":"https:\/\/www.purejewels.com\/tr\/wp-json\/wp\/v2\/product\/404991","targetHints":{"allow":["GET"]}}],"collection":[{"href":"https:\/\/www.purejewels.com\/tr\/wp-json\/wp\/v2\/product"}],"about":[{"href":"https:\/\/www.purejewels.com\/tr\/wp-json\/wp\/v2\/types\/product"}],"replies":[{"embeddable":true,"href":"https:\/\/www.purejewels.com\/tr\/wp-json\/wp\/v2\/comments?post=404991"}],"version-history":[{"count":2,"href":"https:\/\/www.purejewels.com\/tr\/wp-json\/wp\/v2\/product\/404991\/revisions"}],"predecessor-version":[{"id":404995,"href":"https:\/\/www.purejewels.com\/tr\/wp-json\/wp\/v2\/product\/404991\/revisions\/404995"}],"wp:featuredmedia":[{"embeddable":true,"href":"https:\/\/www.purejewels.com\/tr\/wp-json\/wp\/v2\/media\/404992"}],"wp:attachment":[{"href":"https:\/\/www.purejewels.com\/tr\/wp-json\/wp\/v2\/media?parent=404991"}],"wp:term":[{"taxonomy":"product_brand","embeddable":true,"href":"https:\/\/www.purejewels.com\/tr\/wp-json\/wp\/v2\/product_brand?post=404991"},{"taxonomy":"product_cat","embeddable":true,"href":"https:\/\/www.purejewels.com\/tr\/wp-json\/wp\/v2\/product_cat?post=404991"},{"taxonomy":"product_tag","embeddable":true,"href":"https:\/\/www.purejewels.com\/tr\/wp-json\/wp\/v2\/product_tag?post=404991"}],"curies":[{"name":"wp","href":"https:\/\/api.w.org\/{rel}","templated":true}]}}