{"id":404997,"date":"2025-07-25T13:11:52","date_gmt":"2025-07-25T12:11:52","guid":{"rendered":"https:\/\/www.purejewels.com\/?post_type=product&#038;p=404997"},"modified":"2026-02-18T06:18:31","modified_gmt":"2026-02-18T06:18:31","slug":"armari-altin-dokulu-daire-kolye-ucu-52261","status":"publish","type":"product","link":"https:\/\/www.purejewels.com\/tr\/product\/armari-gold-textured-circle-pendant-52261\/","title":{"rendered":"Armari Alt\u0131n Dokulu Daire Kolye"},"content":{"rendered":"<p data-start=\"112\" data-end=\"349\"><strong data-start=\"112\" data-end=\"122\">Tasar\u0131m<\/strong><br data-start=\"122\" data-end=\"125\" \/>Armari Sark\u0131t, par\u00e7aya yap\u0131 ve karakter kazand\u0131ran dokulu bir halat kenar\u0131 ile \u00e7er\u00e7evelenmi\u015f dairesel kafes motifiyle tan\u0131mlan\u0131r. A\u00e7\u0131k deseni \u0131\u015f\u0131\u011f\u0131n ge\u00e7mesine izin vererek ince bir hareket ve derinlik yarat\u0131r.<\/p>\n<p data-start=\"351\" data-end=\"601\"><strong data-start=\"351\" data-end=\"368\">Zanaatkarl\u0131k<\/strong><br data-start=\"368\" data-end=\"371\" \/>Antik kaplamal\u0131 22 ayar alt\u0131ndan el i\u015f\u00e7ili\u011fiyle \u00fcretilen kolye ucu, Armari'nin kendine \u00f6zg\u00fc g\u00fc\u00e7 ve incelik dengesini vurgular. Dokulu detaylar, p\u00fcr\u00fczs\u00fcz ve giyilebilir bir his verirken belirginlik katmak i\u00e7in \u00f6zenle i\u015flenmi\u015ftir.<\/p>\n<p data-start=\"603\" data-end=\"838\"><strong data-start=\"603\" data-end=\"614\">\u015eekillendirme<\/strong><br data-start=\"614\" data-end=\"617\" \/>Sade bir \u015f\u0131kl\u0131k i\u00e7in ince bir zincir \u00fczerinde tek ba\u015f\u0131na tak\u0131labilen veya daha cesur bir g\u00f6r\u00fcn\u00fcm i\u00e7in di\u011fer kolyelerle katmanlanabilen \u00e7ok y\u00f6nl\u00fc bir kolye ucu. Antik kaplamas\u0131 hem geleneksel hem de \u00e7a\u011fda\u015f k\u0131yafetlerle g\u00fczel bir uyum sa\u011flar.<\/p>","protected":false},"excerpt":{"rendered":"<p>22 ayar alt\u0131ndan Armari Kolye, antika detaylarla tamamlanm\u0131\u015f halat dokusuyla \u00e7er\u00e7evelenmi\u015f dairesel bir kafese sahiptir. El yap\u0131m\u0131 ve \u00e7ok y\u00f6nl\u00fc olan bu kolye, tek ba\u015f\u0131na takmak veya gelene\u011fe modern bir dokunu\u015f katmak i\u00e7in m\u00fckemmeldir.<\/p>\n<ul>\n<li><strong>Malzeme:<\/strong>\u00a022 Ayar Alt\u0131n<\/li>\n<li><strong>Hallmark:\u00a0<\/strong>\u0130ngiliz Damgas\u0131<\/li>\n<li><strong>Br\u00fct A\u011f\u0131rl\u0131k: <\/strong>1.12 Gms<\/li>\n<li><strong>Geni\u015flik:<\/strong> 12mm<\/li>\n<li><strong>SKU: <\/strong>52261<\/li>\n<\/ul>\n<p><strong><br \/>\nFiyat ve Teslimat:\u00a0<\/strong>KDV ve teslimat \u00fccretleri dahil<br \/>\n<strong>Not:<\/strong> Zincir fiyat\u0131 dahil de\u011fildir<br \/>\n<strong><a href=\"https:\/\/www.purejewels.com\/tr\/i%cc%87ade-poli%cc%87ti%cc%87kasi\/\">\u0130ade Politikas\u0131<\/a><\/strong><\/p>","protected":false},"featured_media":404998,"comment_status":"closed","ping_status":"closed","template":"","meta":{"_eb_attr":"","_crsspst_to_jayantr4sg-hostcom":false},"product_brand":[],"product_cat":[1791,245,5670,236,1793,1770,1792,1790,1229,1255,5342,1767,1570,1573,1574,5349],"product_tag":[],"class_list":{"0":"post-404997","1":"product","2":"type-product","3":"status-publish","4":"has-post-thumbnail","6":"product_cat-anniversary-gifts","7":"product_cat-armari-collections","8":"product_cat-armari-pendant","9":"product_cat-collections","10":"product_cat-diwali-gifts","11":"product_cat-fancy-pendants","12":"product_cat-festival-gifts","13":"product_cat-for-whom-when","14":"product_cat-22ct-gold-jewellery","15":"product_cat-gold-pendants","16":"product_cat-jewellery-under-250","17":"product_cat-ladies-pendants","18":"product_cat-mothers-day-gifts","19":"product_cat-wedding-gifts","20":"product_cat-womens-jewellery","21":"product_cat-yellow-gold-jewellery","23":"first","24":"outofstock","25":"taxable","26":"shipping-taxable","27":"product-type-simple","28":"add-to-wishlist-before_image"},"yoast_head":"<!-- This site is optimized with the Yoast SEO plugin v27.3 - https:\/\/yoast.com\/product\/yoast-seo-wordpress\/ -->\n<title>22ct Gold Armari Textured Circle Pendant | Gold Pendant UK<\/title>\n<meta name=\"description\" content=\"22ct gold circle pendant from the Armari Collection, handcrafted with intricate texture. Lightweight, elegant, and perfect for everyday styling.\" \/>\n<meta name=\"robots\" content=\"index, follow, max-snippet:-1, max-image-preview:large, max-video-preview:-1\" \/>\n<link rel=\"canonical\" href=\"https:\/\/www.purejewels.com\/tr\/urun\/armari-altin-dokulu-daire-kolye-ucu-52261\/\" \/>\n<meta property=\"og:locale\" content=\"tr_TR\" \/>\n<meta property=\"og:type\" content=\"article\" \/>\n<meta property=\"og:title\" content=\"22ct Gold Armari Textured Circle Pendant | Gold Pendant UK\" \/>\n<meta property=\"og:description\" content=\"22ct gold circle pendant from the Armari Collection, handcrafted with intricate texture. Lightweight, elegant, and perfect for everyday styling.\" \/>\n<meta property=\"og:url\" content=\"https:\/\/www.purejewels.com\/tr\/urun\/armari-altin-dokulu-daire-kolye-ucu-52261\/\" \/>\n<meta property=\"og:site_name\" content=\"PureJewels UK\" \/>\n<meta property=\"article:modified_time\" content=\"2026-02-18T06:18:31+00:00\" \/>\n<meta property=\"og:image\" content=\"https:\/\/static.purejewels.com\/wp-content\/uploads\/2025\/07\/SKU-52261.jpg\" \/>\n\t<meta property=\"og:image:width\" content=\"1000\" \/>\n\t<meta property=\"og:image:height\" content=\"1000\" \/>\n\t<meta property=\"og:image:type\" content=\"image\/jpeg\" \/>\n<meta name=\"twitter:card\" content=\"summary_large_image\" \/>\n<meta name=\"twitter:label1\" content=\"Tahmini okuma s\u00fcresi\" \/>\n\t<meta name=\"twitter:data1\" content=\"1 dakika\" \/>\n<script type=\"application\/ld+json\" class=\"yoast-schema-graph\">{\"@context\":\"https:\\\/\\\/schema.org\",\"@graph\":[{\"@type\":[\"WebPage\",\"ItemPage\"],\"@id\":\"https:\\\/\\\/www.purejewels.com\\\/product\\\/armari-gold-textured-circle-pendant-52261\\\/\",\"url\":\"https:\\\/\\\/www.purejewels.com\\\/product\\\/armari-gold-textured-circle-pendant-52261\\\/\",\"name\":\"22ct Gold Armari Textured Circle Pendant | Gold Pendant UK\",\"isPartOf\":{\"@id\":\"https:\\\/\\\/www.purejewels.com\\\/#website\"},\"primaryImageOfPage\":{\"@id\":\"https:\\\/\\\/www.purejewels.com\\\/product\\\/armari-gold-textured-circle-pendant-52261\\\/#primaryimage\"},\"image\":{\"@id\":\"https:\\\/\\\/www.purejewels.com\\\/product\\\/armari-gold-textured-circle-pendant-52261\\\/#primaryimage\"},\"thumbnailUrl\":\"https:\\\/\\\/static.purejewels.com\\\/wp-content\\\/uploads\\\/2025\\\/07\\\/SKU-52261.jpg\",\"datePublished\":\"2025-07-25T12:11:52+00:00\",\"dateModified\":\"2026-02-18T06:18:31+00:00\",\"description\":\"22ct gold circle pendant from the Armari Collection, handcrafted with intricate texture. Lightweight, elegant, and perfect for everyday styling.\",\"breadcrumb\":{\"@id\":\"https:\\\/\\\/www.purejewels.com\\\/product\\\/armari-gold-textured-circle-pendant-52261\\\/#breadcrumb\"},\"inLanguage\":\"tr\",\"potentialAction\":[{\"@type\":\"ReadAction\",\"target\":[\"https:\\\/\\\/www.purejewels.com\\\/product\\\/armari-gold-textured-circle-pendant-52261\\\/\"]}]},{\"@type\":\"ImageObject\",\"inLanguage\":\"tr\",\"@id\":\"https:\\\/\\\/www.purejewels.com\\\/product\\\/armari-gold-textured-circle-pendant-52261\\\/#primaryimage\",\"url\":\"https:\\\/\\\/static.purejewels.com\\\/wp-content\\\/uploads\\\/2025\\\/07\\\/SKU-52261.jpg\",\"contentUrl\":\"https:\\\/\\\/static.purejewels.com\\\/wp-content\\\/uploads\\\/2025\\\/07\\\/SKU-52261.jpg\",\"width\":1000,\"height\":1000,\"caption\":\"52261\"},{\"@type\":\"BreadcrumbList\",\"@id\":\"https:\\\/\\\/www.purejewels.com\\\/product\\\/armari-gold-textured-circle-pendant-52261\\\/#breadcrumb\",\"itemListElement\":[{\"@type\":\"ListItem\",\"position\":1,\"name\":\"Home\",\"item\":\"https:\\\/\\\/www.purejewels.com\\\/\"},{\"@type\":\"ListItem\",\"position\":2,\"name\":\"Shop\",\"item\":\"https:\\\/\\\/www.purejewels.com\\\/shop\\\/\"},{\"@type\":\"ListItem\",\"position\":3,\"name\":\"Armari Gold Textured Circle Pendant\"}]},{\"@type\":\"WebSite\",\"@id\":\"https:\\\/\\\/www.purejewels.com\\\/#website\",\"url\":\"https:\\\/\\\/www.purejewels.com\\\/\",\"name\":\"PureJewels UK\",\"description\":\"Share the Love\",\"publisher\":{\"@id\":\"https:\\\/\\\/www.purejewels.com\\\/#organization\"},\"potentialAction\":[{\"@type\":\"SearchAction\",\"target\":{\"@type\":\"EntryPoint\",\"urlTemplate\":\"https:\\\/\\\/www.purejewels.com\\\/?s={search_term_string}\"},\"query-input\":{\"@type\":\"PropertyValueSpecification\",\"valueRequired\":true,\"valueName\":\"search_term_string\"}}],\"inLanguage\":\"tr\"},{\"@type\":\"Organization\",\"@id\":\"https:\\\/\\\/www.purejewels.com\\\/#organization\",\"name\":\"PureJewels UK\",\"url\":\"https:\\\/\\\/www.purejewels.com\\\/\",\"logo\":{\"@type\":\"ImageObject\",\"inLanguage\":\"tr\",\"@id\":\"https:\\\/\\\/www.purejewels.com\\\/#\\\/schema\\\/logo\\\/image\\\/\",\"url\":\"https:\\\/\\\/static.purejewels.com\\\/wp-content\\\/uploads\\\/2020\\\/11\\\/Logo-PJ-New-1.png\",\"contentUrl\":\"https:\\\/\\\/static.purejewels.com\\\/wp-content\\\/uploads\\\/2020\\\/11\\\/Logo-PJ-New-1.png\",\"width\":150,\"height\":80,\"caption\":\"PureJewels UK\"},\"image\":{\"@id\":\"https:\\\/\\\/www.purejewels.com\\\/#\\\/schema\\\/logo\\\/image\\\/\"}}]}<\/script>\n<!-- \/ Yoast SEO plugin. -->","yoast_head_json":{"title":"22 Ayar Alt\u0131n Armari Dokulu Daire Kolye | Alt\u0131n Kolye \u0130ngiltere","description":"Armari Koleksiyonu'ndan 22 ayar alt\u0131n daire kolye ucu, karma\u015f\u0131k dokusuyla el yap\u0131m\u0131. Hafif, zarif ve g\u00fcnl\u00fck stil i\u00e7in m\u00fckemmel.","robots":{"index":"index","follow":"follow","max-snippet":"max-snippet:-1","max-image-preview":"max-image-preview:large","max-video-preview":"max-video-preview:-1"},"canonical":"https:\/\/www.purejewels.com\/tr\/urun\/armari-altin-dokulu-daire-kolye-ucu-52261\/","og_locale":"tr_TR","og_type":"article","og_title":"22ct Gold Armari Textured Circle Pendant | Gold Pendant UK","og_description":"22ct gold circle pendant from the Armari Collection, handcrafted with intricate texture. Lightweight, elegant, and perfect for everyday styling.","og_url":"https:\/\/www.purejewels.com\/tr\/urun\/armari-altin-dokulu-daire-kolye-ucu-52261\/","og_site_name":"PureJewels UK","article_modified_time":"2026-02-18T06:18:31+00:00","og_image":[{"width":1000,"height":1000,"url":"https:\/\/static.purejewels.com\/wp-content\/uploads\/2025\/07\/SKU-52261.jpg","type":"image\/jpeg"}],"twitter_card":"summary_large_image","twitter_misc":{"Tahmini okuma s\u00fcresi":"1 dakika"},"schema":{"@context":"https:\/\/schema.org","@graph":[{"@type":["WebPage","ItemPage"],"@id":"https:\/\/www.purejewels.com\/product\/armari-gold-textured-circle-pendant-52261\/","url":"https:\/\/www.purejewels.com\/product\/armari-gold-textured-circle-pendant-52261\/","name":"22 Ayar Alt\u0131n Armari Dokulu Daire Kolye | Alt\u0131n Kolye \u0130ngiltere","isPartOf":{"@id":"https:\/\/www.purejewels.com\/#website"},"primaryImageOfPage":{"@id":"https:\/\/www.purejewels.com\/product\/armari-gold-textured-circle-pendant-52261\/#primaryimage"},"image":{"@id":"https:\/\/www.purejewels.com\/product\/armari-gold-textured-circle-pendant-52261\/#primaryimage"},"thumbnailUrl":"https:\/\/static.purejewels.com\/wp-content\/uploads\/2025\/07\/SKU-52261.jpg","datePublished":"2025-07-25T12:11:52+00:00","dateModified":"2026-02-18T06:18:31+00:00","description":"Armari Koleksiyonu'ndan 22 ayar alt\u0131n daire kolye ucu, karma\u015f\u0131k dokusuyla el yap\u0131m\u0131. Hafif, zarif ve g\u00fcnl\u00fck stil i\u00e7in m\u00fckemmel.","breadcrumb":{"@id":"https:\/\/www.purejewels.com\/product\/armari-gold-textured-circle-pendant-52261\/#breadcrumb"},"inLanguage":"tr","potentialAction":[{"@type":"ReadAction","target":["https:\/\/www.purejewels.com\/product\/armari-gold-textured-circle-pendant-52261\/"]}]},{"@type":"ImageObject","inLanguage":"tr","@id":"https:\/\/www.purejewels.com\/product\/armari-gold-textured-circle-pendant-52261\/#primaryimage","url":"https:\/\/static.purejewels.com\/wp-content\/uploads\/2025\/07\/SKU-52261.jpg","contentUrl":"https:\/\/static.purejewels.com\/wp-content\/uploads\/2025\/07\/SKU-52261.jpg","width":1000,"height":1000,"caption":"52261"},{"@type":"BreadcrumbList","@id":"https:\/\/www.purejewels.com\/product\/armari-gold-textured-circle-pendant-52261\/#breadcrumb","itemListElement":[{"@type":"ListItem","position":1,"name":"Home","item":"https:\/\/www.purejewels.com\/"},{"@type":"ListItem","position":2,"name":"Shop","item":"https:\/\/www.purejewels.com\/shop\/"},{"@type":"ListItem","position":3,"name":"Armari Gold Textured Circle Pendant"}]},{"@type":"WebSite","@id":"https:\/\/www.purejewels.com\/#website","url":"https:\/\/www.purejewels.com\/","name":"PureJewels \u0130ngiltere","description":"Sevgiyi Payla\u015f\u0131n","publisher":{"@id":"https:\/\/www.purejewels.com\/#organization"},"potentialAction":[{"@type":"SearchAction","target":{"@type":"EntryPoint","urlTemplate":"https:\/\/www.purejewels.com\/?s={search_term_string}"},"query-input":{"@type":"PropertyValueSpecification","valueRequired":true,"valueName":"search_term_string"}}],"inLanguage":"tr"},{"@type":"Organization","@id":"https:\/\/www.purejewels.com\/#organization","name":"PureJewels \u0130ngiltere","url":"https:\/\/www.purejewels.com\/","logo":{"@type":"ImageObject","inLanguage":"tr","@id":"https:\/\/www.purejewels.com\/#\/schema\/logo\/image\/","url":"https:\/\/static.purejewels.com\/wp-content\/uploads\/2020\/11\/Logo-PJ-New-1.png","contentUrl":"https:\/\/static.purejewels.com\/wp-content\/uploads\/2020\/11\/Logo-PJ-New-1.png","width":150,"height":80,"caption":"PureJewels UK"},"image":{"@id":"https:\/\/www.purejewels.com\/#\/schema\/logo\/image\/"}}]}},"_links":{"self":[{"href":"https:\/\/www.purejewels.com\/tr\/wp-json\/wp\/v2\/product\/404997","targetHints":{"allow":["GET"]}}],"collection":[{"href":"https:\/\/www.purejewels.com\/tr\/wp-json\/wp\/v2\/product"}],"about":[{"href":"https:\/\/www.purejewels.com\/tr\/wp-json\/wp\/v2\/types\/product"}],"replies":[{"embeddable":true,"href":"https:\/\/www.purejewels.com\/tr\/wp-json\/wp\/v2\/comments?post=404997"}],"version-history":[{"count":3,"href":"https:\/\/www.purejewels.com\/tr\/wp-json\/wp\/v2\/product\/404997\/revisions"}],"predecessor-version":[{"id":416848,"href":"https:\/\/www.purejewels.com\/tr\/wp-json\/wp\/v2\/product\/404997\/revisions\/416848"}],"wp:featuredmedia":[{"embeddable":true,"href":"https:\/\/www.purejewels.com\/tr\/wp-json\/wp\/v2\/media\/404998"}],"wp:attachment":[{"href":"https:\/\/www.purejewels.com\/tr\/wp-json\/wp\/v2\/media?parent=404997"}],"wp:term":[{"taxonomy":"product_brand","embeddable":true,"href":"https:\/\/www.purejewels.com\/tr\/wp-json\/wp\/v2\/product_brand?post=404997"},{"taxonomy":"product_cat","embeddable":true,"href":"https:\/\/www.purejewels.com\/tr\/wp-json\/wp\/v2\/product_cat?post=404997"},{"taxonomy":"product_tag","embeddable":true,"href":"https:\/\/www.purejewels.com\/tr\/wp-json\/wp\/v2\/product_tag?post=404997"}],"curies":[{"name":"wp","href":"https:\/\/api.w.org\/{rel}","templated":true}]}}