{"id":4050,"date":"2017-07-19T13:23:54","date_gmt":"2017-07-19T12:23:54","guid":{"rendered":"http:\/\/new.purejewels.com\/product\/bevelled-diamond-christian-bauer-wedding-ring-243565\/"},"modified":"2020-12-21T17:55:20","modified_gmt":"2020-12-21T17:55:20","slug":"egimli-elmas-christian-bauer-alyans-243565","status":"publish","type":"product","link":"https:\/\/www.purejewels.com\/tr\/product\/bevelled-diamond-christian-bauer-wedding-ring-243565\/","title":{"rendered":"E\u011fimli P\u0131rlanta Christian Bauer Alyans Y\u00fcz\u00fck"},"content":{"rendered":"<h2><strong>Christian Bauer alyanslar\u0131<\/strong><\/h2>\n<p>F\u0131r\u00e7alanm\u0131\u015f y\u00fczeyi, e\u011fimli olu\u011fu ve kare elmaslar\u0131 ile bu <a href=\"https:\/\/www.purejewels.com\/tr\/product-category\/wedding-rings-bands\/wedding-bands\/christian-bauer-brands\/\">Christian Bauer<\/a> y\u00fcz\u00fck zarif ve sofistike.  Christian Bauer d\u00fc\u011f\u00fcn koleksiyonumuzdaki her par\u00e7a gibi <a href=\"https:\/\/www.purejewels.com\/tr\/product-category\/22ct-gold-jewellery\/gold-rings\/\">halkalar<\/a>tasar\u0131m\u0131 \u00f6rnek te\u015fkil eder.   Kalite skalas\u0131n\u0131n en \u00fcst\u00fcndeki p\u0131rlantalarla ayarlanm\u0131\u015ft\u0131r ve platinin sadece d\u0131\u015f y\u00fczeyi f\u0131r\u00e7alanm\u0131\u015ft\u0131r.  Prenses kesim p\u0131rlantalar pratiklik i\u00e7in kakma (Rub-over ayar\u0131) yap\u0131lm\u0131\u015ft\u0131r ve bu y\u00fcz\u00fc\u011f\u00fc ni\u015fan y\u00fcz\u00fc\u011f\u00fc olmadan takmak i\u00e7in m\u00fckemmel k\u0131lar.  Alman m\u00fccevher \u00fcreticisinden erkekler veya kad\u0131nlar i\u00e7in \u015f\u0131k bir se\u00e7enek.<\/p>\n<ul>\n<li>Yetkili Christian Bauer \u0130ngiltere Stok\u00e7usu<\/li>\n<li>Christian Bauer Prenses Kesim Alyans - 243565<\/li>\n<li>Metal Platin ve 18 Ayar Beyaz Alt\u0131n Merkez<\/li>\n<li>P\u0131rlanta \u015eekli: Prenses Kesim<\/li>\n<li>Ta\u015f Ayar Stili: Rubover Ayar\u0131<\/li>\n<li>P\u0131rlanta A\u011f\u0131rl\u0131\u011f\u0131: 0.18ct beyaz p\u0131rlanta<\/li>\n<li>P\u0131rlanta Kalitesi: Beyaz p\u0131rlantalar G-H Renk ve VS Berrakl\u0131k<\/li>\n<li>Parmak Boyutu: R<\/li>\n<li>Geni\u015flik: 7mm<\/li>\n<li>Biti\u015f: Cilal\u0131 oluklu mat kaplama<\/li>\n<\/ul>\n<h2><strong>Christian Bauer alyanslar\u0131n\u0131 neden seviyoruz?<\/strong><\/h2>\n<p>Christian Bauer, Almanya'n\u0131n Welzheim kentinde, Welzheim orman\u0131n\u0131n eteklerinde do\u011fal bir konumda yer alan bir aile \u015firketidir.  \u015eirket \u00e7evreci bir bak\u0131\u015f a\u00e7\u0131s\u0131na sahiptir; kendi su ar\u0131tma tesislerini i\u015fleterek, CO2 \u00e7\u0131k\u0131\u015f\u0131n\u0131 en aza indirerek ve \u00f6nceden \u00e7\u0131kar\u0131lm\u0131\u015f metalden y\u00fcz\u00fckler d\u00f6verek karbon ayak izini azaltmaya \u00e7al\u0131\u015fmaktad\u0131r.   Christian Bauer'in kalite i\u015fareti, ilham verici \u00e7evreye sayg\u0131n\u0131n bir i\u015fareti olarak, her orijinal Christian Bauer alyans\u0131nda damgalanm\u0131\u015f olarak bulaca\u011f\u0131n\u0131z bir Alman k\u00f6knar a\u011fac\u0131d\u0131r.<\/p>\n<p>Ancak itiraf etmeliyiz ki bir tedarik\u00e7iyi yaln\u0131zca ekolojik referanslar\u0131na g\u00f6re se\u00e7meyiz.  Nesiller boyu Christian Bauer alyanslar\u0131n\u0131 deneyen ve seven m\u00fc\u015fteriler g\u00f6rd\u00fck.  Her y\u00fcz\u00fckteki ustal\u0131k ve gelenek hemen g\u00f6ze \u00e7arpar.  Christian Bauer alyans\u0131n\u0131z size ula\u015fmadan \u00f6nce bir\u00e7ok elden ge\u00e7er - b\u00f6ylece ya\u015fam\u0131n\u0131z boyunca haz\u0131r olur.<\/p>","protected":false},"excerpt":{"rendered":"<p>Yetkili Christian Bauer Stok\u00e7usu<\/p>\n<p>Christian Bauer Prenses Kesim Alyans - 243565<\/p>\n<p>Metal Platin ve 18 Ayar Beyaz Alt\u0131n Merkez<br \/>\nP\u0131rlanta \u015eekli: Prenses Kesim<br \/>\nTa\u015f Ayar Stili: Rubover Ayar\u0131<br \/>\nP\u0131rlanta A\u011f\u0131rl\u0131\u011f\u0131: 0.18ct beyaz p\u0131rlanta<br \/>\nP\u0131rlanta Kalitesi: Beyaz p\u0131rlantalar G-H Renk ve VS Berrakl\u0131k<br \/>\nParmak Boyutu: R<br \/>\nGeni\u015flik: 7mm<br \/>\nBiti\u015f: Cilal\u0131 oluklu mat kaplama<\/p>\n<h3><\/h3>","protected":false},"featured_media":4051,"comment_status":"closed","ping_status":"closed","template":"","meta":{"_eb_attr":"","_crsspst_to_jayantr4sg-hostcom":false},"product_brand":[],"product_cat":[238,1572,1537],"product_tag":[],"class_list":{"0":"post-4050","1":"product","2":"type-product","3":"status-publish","4":"has-post-thumbnail","6":"product_cat-christian-bauer-brands","7":"product_cat-mens-jewellery","8":"product_cat-white-gold-jewellery-set","10":"first","11":"outofstock","12":"taxable","13":"shipping-taxable","14":"product-type-simple","15":"add-to-wishlist-before_image"},"yoast_head":"<!-- This site is optimized with the Yoast SEO plugin v27.6 - https:\/\/yoast.com\/product\/yoast-seo-wordpress\/ -->\n<title>Bevelled Diamond Christian Bauer Wedding Ring - PureJewels<\/title>\n<meta name=\"robots\" content=\"index, follow, max-snippet:-1, max-image-preview:large, max-video-preview:-1\" \/>\n<link rel=\"canonical\" href=\"https:\/\/www.purejewels.com\/tr\/urun\/egimli-elmas-christian-bauer-alyans-243565\/\" \/>\n<meta property=\"og:locale\" content=\"tr_TR\" \/>\n<meta property=\"og:type\" content=\"article\" \/>\n<meta property=\"og:title\" content=\"Bevelled Diamond Christian Bauer Wedding Ring - PureJewels\" \/>\n<meta property=\"og:description\" content=\"Authorised Christian Bauer Stockist  Christian Bauer Princess Cut Wedding Ring - 243565  Metal: Platinum and 18ct White Gold Centre Diamond Shape: Princess Cut Stone Setting Style: Rubover Setting Diamond Weight: 0.18ct white diamonds Diamond Quality: White diamonds G-H Colour and VS Clarity Finger Size: R Width: 7mm Finish: Matte finish with polished grooves\" \/>\n<meta property=\"og:url\" content=\"https:\/\/www.purejewels.com\/tr\/urun\/egimli-elmas-christian-bauer-alyans-243565\/\" \/>\n<meta property=\"og:site_name\" content=\"PureJewels UK\" \/>\n<meta property=\"article:modified_time\" content=\"2020-12-21T17:55:20+00:00\" \/>\n<meta property=\"og:image\" content=\"https:\/\/www.purejewels.com\/wp-content\/uploads\/2017\/07\/0243565_xl-2.jpg\" \/>\n\t<meta property=\"og:image:width\" content=\"960\" \/>\n\t<meta property=\"og:image:height\" content=\"960\" \/>\n\t<meta property=\"og:image:type\" content=\"image\/jpeg\" \/>\n<meta name=\"twitter:card\" content=\"summary_large_image\" \/>\n<meta name=\"twitter:label1\" content=\"Tahmini okuma s\u00fcresi\" \/>\n\t<meta name=\"twitter:data1\" content=\"1 dakika\" \/>\n<script type=\"application\/ld+json\" class=\"yoast-schema-graph\">{\"@context\":\"https:\\\/\\\/schema.org\",\"@graph\":[{\"@type\":[\"WebPage\",\"ItemPage\"],\"@id\":\"https:\\\/\\\/www.purejewels.com\\\/product\\\/bevelled-diamond-christian-bauer-wedding-ring-243565\\\/\",\"url\":\"https:\\\/\\\/www.purejewels.com\\\/product\\\/bevelled-diamond-christian-bauer-wedding-ring-243565\\\/\",\"name\":\"Bevelled Diamond Christian Bauer Wedding Ring - PureJewels\",\"isPartOf\":{\"@id\":\"https:\\\/\\\/www.purejewels.com\\\/#website\"},\"primaryImageOfPage\":{\"@id\":\"https:\\\/\\\/www.purejewels.com\\\/product\\\/bevelled-diamond-christian-bauer-wedding-ring-243565\\\/#primaryimage\"},\"image\":{\"@id\":\"https:\\\/\\\/www.purejewels.com\\\/product\\\/bevelled-diamond-christian-bauer-wedding-ring-243565\\\/#primaryimage\"},\"thumbnailUrl\":\"https:\\\/\\\/static.purejewels.com\\\/wp-content\\\/uploads\\\/2017\\\/07\\\/0243565_xl-2.jpg\",\"datePublished\":\"2017-07-19T12:23:54+00:00\",\"dateModified\":\"2020-12-21T17:55:20+00:00\",\"breadcrumb\":{\"@id\":\"https:\\\/\\\/www.purejewels.com\\\/product\\\/bevelled-diamond-christian-bauer-wedding-ring-243565\\\/#breadcrumb\"},\"inLanguage\":\"tr\",\"potentialAction\":[{\"@type\":\"ReadAction\",\"target\":[\"https:\\\/\\\/www.purejewels.com\\\/product\\\/bevelled-diamond-christian-bauer-wedding-ring-243565\\\/\"]}]},{\"@type\":\"ImageObject\",\"inLanguage\":\"tr\",\"@id\":\"https:\\\/\\\/www.purejewels.com\\\/product\\\/bevelled-diamond-christian-bauer-wedding-ring-243565\\\/#primaryimage\",\"url\":\"https:\\\/\\\/static.purejewels.com\\\/wp-content\\\/uploads\\\/2017\\\/07\\\/0243565_xl-2.jpg\",\"contentUrl\":\"https:\\\/\\\/static.purejewels.com\\\/wp-content\\\/uploads\\\/2017\\\/07\\\/0243565_xl-2.jpg\",\"width\":960,\"height\":960,\"caption\":\"0243565_xl.jpg\"},{\"@type\":\"BreadcrumbList\",\"@id\":\"https:\\\/\\\/www.purejewels.com\\\/product\\\/bevelled-diamond-christian-bauer-wedding-ring-243565\\\/#breadcrumb\",\"itemListElement\":[{\"@type\":\"ListItem\",\"position\":1,\"name\":\"Home\",\"item\":\"https:\\\/\\\/www.purejewels.com\\\/\"},{\"@type\":\"ListItem\",\"position\":2,\"name\":\"Shop\",\"item\":\"https:\\\/\\\/www.purejewels.com\\\/shop\\\/\"},{\"@type\":\"ListItem\",\"position\":3,\"name\":\"Bevelled Diamond Christian Bauer Wedding Band Ring\"}]},{\"@type\":\"WebSite\",\"@id\":\"https:\\\/\\\/www.purejewels.com\\\/#website\",\"url\":\"https:\\\/\\\/www.purejewels.com\\\/\",\"name\":\"PureJewels UK\",\"description\":\"Share the Love\",\"publisher\":{\"@id\":\"https:\\\/\\\/www.purejewels.com\\\/#organization\"},\"potentialAction\":[{\"@type\":\"SearchAction\",\"target\":{\"@type\":\"EntryPoint\",\"urlTemplate\":\"https:\\\/\\\/www.purejewels.com\\\/?s={search_term_string}\"},\"query-input\":{\"@type\":\"PropertyValueSpecification\",\"valueRequired\":true,\"valueName\":\"search_term_string\"}}],\"inLanguage\":\"tr\"},{\"@type\":\"Organization\",\"@id\":\"https:\\\/\\\/www.purejewels.com\\\/#organization\",\"name\":\"PureJewels UK\",\"url\":\"https:\\\/\\\/www.purejewels.com\\\/\",\"logo\":{\"@type\":\"ImageObject\",\"inLanguage\":\"tr\",\"@id\":\"https:\\\/\\\/www.purejewels.com\\\/#\\\/schema\\\/logo\\\/image\\\/\",\"url\":\"https:\\\/\\\/static.purejewels.com\\\/wp-content\\\/uploads\\\/2020\\\/11\\\/Logo-PJ-New-1.png\",\"contentUrl\":\"https:\\\/\\\/static.purejewels.com\\\/wp-content\\\/uploads\\\/2020\\\/11\\\/Logo-PJ-New-1.png\",\"width\":150,\"height\":80,\"caption\":\"PureJewels UK\"},\"image\":{\"@id\":\"https:\\\/\\\/www.purejewels.com\\\/#\\\/schema\\\/logo\\\/image\\\/\"}}]}<\/script>\n<!-- \/ Yoast SEO plugin. -->","yoast_head_json":{"title":"E\u011fimli P\u0131rlanta Christian Bauer Alyans - PureJewels","robots":{"index":"index","follow":"follow","max-snippet":"max-snippet:-1","max-image-preview":"max-image-preview:large","max-video-preview":"max-video-preview:-1"},"canonical":"https:\/\/www.purejewels.com\/tr\/urun\/egimli-elmas-christian-bauer-alyans-243565\/","og_locale":"tr_TR","og_type":"article","og_title":"Bevelled Diamond Christian Bauer Wedding Ring - PureJewels","og_description":"Authorised Christian Bauer Stockist  Christian Bauer Princess Cut Wedding Ring - 243565  Metal: Platinum and 18ct White Gold Centre Diamond Shape: Princess Cut Stone Setting Style: Rubover Setting Diamond Weight: 0.18ct white diamonds Diamond Quality: White diamonds G-H Colour and VS Clarity Finger Size: R Width: 7mm Finish: Matte finish with polished grooves","og_url":"https:\/\/www.purejewels.com\/tr\/urun\/egimli-elmas-christian-bauer-alyans-243565\/","og_site_name":"PureJewels UK","article_modified_time":"2020-12-21T17:55:20+00:00","og_image":[{"width":960,"height":960,"url":"https:\/\/www.purejewels.com\/wp-content\/uploads\/2017\/07\/0243565_xl-2.jpg","type":"image\/jpeg"}],"twitter_card":"summary_large_image","twitter_misc":{"Tahmini okuma s\u00fcresi":"1 dakika"},"schema":{"@context":"https:\/\/schema.org","@graph":[{"@type":["WebPage","ItemPage"],"@id":"https:\/\/www.purejewels.com\/product\/bevelled-diamond-christian-bauer-wedding-ring-243565\/","url":"https:\/\/www.purejewels.com\/product\/bevelled-diamond-christian-bauer-wedding-ring-243565\/","name":"E\u011fimli P\u0131rlanta Christian Bauer Alyans - PureJewels","isPartOf":{"@id":"https:\/\/www.purejewels.com\/#website"},"primaryImageOfPage":{"@id":"https:\/\/www.purejewels.com\/product\/bevelled-diamond-christian-bauer-wedding-ring-243565\/#primaryimage"},"image":{"@id":"https:\/\/www.purejewels.com\/product\/bevelled-diamond-christian-bauer-wedding-ring-243565\/#primaryimage"},"thumbnailUrl":"https:\/\/static.purejewels.com\/wp-content\/uploads\/2017\/07\/0243565_xl-2.jpg","datePublished":"2017-07-19T12:23:54+00:00","dateModified":"2020-12-21T17:55:20+00:00","breadcrumb":{"@id":"https:\/\/www.purejewels.com\/product\/bevelled-diamond-christian-bauer-wedding-ring-243565\/#breadcrumb"},"inLanguage":"tr","potentialAction":[{"@type":"ReadAction","target":["https:\/\/www.purejewels.com\/product\/bevelled-diamond-christian-bauer-wedding-ring-243565\/"]}]},{"@type":"ImageObject","inLanguage":"tr","@id":"https:\/\/www.purejewels.com\/product\/bevelled-diamond-christian-bauer-wedding-ring-243565\/#primaryimage","url":"https:\/\/static.purejewels.com\/wp-content\/uploads\/2017\/07\/0243565_xl-2.jpg","contentUrl":"https:\/\/static.purejewels.com\/wp-content\/uploads\/2017\/07\/0243565_xl-2.jpg","width":960,"height":960,"caption":"0243565_xl.jpg"},{"@type":"BreadcrumbList","@id":"https:\/\/www.purejewels.com\/product\/bevelled-diamond-christian-bauer-wedding-ring-243565\/#breadcrumb","itemListElement":[{"@type":"ListItem","position":1,"name":"Home","item":"https:\/\/www.purejewels.com\/"},{"@type":"ListItem","position":2,"name":"Shop","item":"https:\/\/www.purejewels.com\/shop\/"},{"@type":"ListItem","position":3,"name":"Bevelled Diamond Christian Bauer Wedding Band Ring"}]},{"@type":"WebSite","@id":"https:\/\/www.purejewels.com\/#website","url":"https:\/\/www.purejewels.com\/","name":"PureJewels \u0130ngiltere","description":"Sevgiyi Payla\u015f\u0131n","publisher":{"@id":"https:\/\/www.purejewels.com\/#organization"},"potentialAction":[{"@type":"SearchAction","target":{"@type":"EntryPoint","urlTemplate":"https:\/\/www.purejewels.com\/?s={search_term_string}"},"query-input":{"@type":"PropertyValueSpecification","valueRequired":true,"valueName":"search_term_string"}}],"inLanguage":"tr"},{"@type":"Organization","@id":"https:\/\/www.purejewels.com\/#organization","name":"PureJewels \u0130ngiltere","url":"https:\/\/www.purejewels.com\/","logo":{"@type":"ImageObject","inLanguage":"tr","@id":"https:\/\/www.purejewels.com\/#\/schema\/logo\/image\/","url":"https:\/\/static.purejewels.com\/wp-content\/uploads\/2020\/11\/Logo-PJ-New-1.png","contentUrl":"https:\/\/static.purejewels.com\/wp-content\/uploads\/2020\/11\/Logo-PJ-New-1.png","width":150,"height":80,"caption":"PureJewels UK"},"image":{"@id":"https:\/\/www.purejewels.com\/#\/schema\/logo\/image\/"}}]}},"_links":{"self":[{"href":"https:\/\/www.purejewels.com\/tr\/wp-json\/wp\/v2\/product\/4050","targetHints":{"allow":["GET"]}}],"collection":[{"href":"https:\/\/www.purejewels.com\/tr\/wp-json\/wp\/v2\/product"}],"about":[{"href":"https:\/\/www.purejewels.com\/tr\/wp-json\/wp\/v2\/types\/product"}],"replies":[{"embeddable":true,"href":"https:\/\/www.purejewels.com\/tr\/wp-json\/wp\/v2\/comments?post=4050"}],"version-history":[{"count":0,"href":"https:\/\/www.purejewels.com\/tr\/wp-json\/wp\/v2\/product\/4050\/revisions"}],"wp:featuredmedia":[{"embeddable":true,"href":"https:\/\/www.purejewels.com\/tr\/wp-json\/wp\/v2\/media\/4051"}],"wp:attachment":[{"href":"https:\/\/www.purejewels.com\/tr\/wp-json\/wp\/v2\/media?parent=4050"}],"wp:term":[{"taxonomy":"product_brand","embeddable":true,"href":"https:\/\/www.purejewels.com\/tr\/wp-json\/wp\/v2\/product_brand?post=4050"},{"taxonomy":"product_cat","embeddable":true,"href":"https:\/\/www.purejewels.com\/tr\/wp-json\/wp\/v2\/product_cat?post=4050"},{"taxonomy":"product_tag","embeddable":true,"href":"https:\/\/www.purejewels.com\/tr\/wp-json\/wp\/v2\/product_tag?post=4050"}],"curies":[{"name":"wp","href":"https:\/\/api.w.org\/{rel}","templated":true}]}}