{"id":405021,"date":"2025-09-05T13:40:44","date_gmt":"2025-09-05T12:40:44","guid":{"rendered":"https:\/\/www.purejewels.com\/?post_type=product&#038;p=405021"},"modified":"2026-01-30T07:42:24","modified_gmt":"2026-01-30T07:42:24","slug":"ganesha-buddhi-om-kolye-ucu-50613","status":"publish","type":"product","link":"https:\/\/www.purejewels.com\/tr\/product\/ganesha-buddhi-om-pendant-50613\/","title":{"rendered":"Ganesha Buddhi OM Kolye Ucu"},"content":{"rendered":"<p><span data-contrast=\"auto\">Ganesh'ten ilham alan bu OM kolye ucu, uyum ve ba\u015flang\u0131\u00e7lar \u00fczerine sessiz bir meditasyondur. Kutsal OM, Ganesh'in g\u00f6vdesinin k\u0131vr\u0131m\u0131na zahmetsizce akarak koruma, berrakl\u0131k ve u\u011furlu enerjiyi sembolize eder. Tepeye yak\u0131n yumu\u015fak yuvarlak bir unsur, dikkat ve bilgeli\u011fin bir amblemi olan dinleyen kula\u011f\u0131n\u0131 yans\u0131t\u0131yor.<\/span><span data-ccp-props=\"{&quot;335551550&quot;:2,&quot;335551620&quot;:2}\">\u00a0<\/span><\/p>\n<p><span data-contrast=\"auto\">22 ayar G\u00fcndo\u011fumu Alt\u0131n\u0131ndan d\u00f6k\u00fclen bu \u0131\u015f\u0131lt\u0131l\u0131 y\u00fczey, gelene\u011fi \u00e7a\u011fda\u015f bir formla onurland\u0131rmak i\u00e7in Londra'da el i\u015f\u00e7ili\u011fiyle \u00fcretilmi\u015f olup s\u0131cakl\u0131k ve h\u00fcrmet ta\u015f\u0131r. \u0130ster t\u0131ls\u0131m olarak tak\u0131ls\u0131n ister hediye olarak verilsin, niyet, zarafet ve ilahi rehberlikle ilerlemek i\u00e7in nazik bir hat\u0131rlatma sunar.<\/span><span data-ccp-props=\"{&quot;335551550&quot;:2,&quot;335551620&quot;:2}\">\u00a0<\/span><\/p>\n<p><span data-ccp-props=\"{}\">\u00a0<\/span><\/p>","protected":false},"excerpt":{"rendered":"<div class=\"woocommerce-product-details__short-description\">\n<p data-start=\"255\" data-end=\"562\"><span class=\"TextRun SCXW143059551 BCX8\" lang=\"EN-IN\" xml:lang=\"EN-IN\" data-contrast=\"auto\"><span class=\"NormalTextRun SCXW143059551 BCX8\">Ganesh'ten ilham alan bu OM kolye ucu, uyum ve ak\u0131\u015f \u00fczerine bir \u00e7al\u0131\u015fmad\u0131r. \u0130konik g\u00f6vde, OM e\u011frisinden organik bir \u015fekilde uzanarak hareket halindeki bir kutsama gibi i\u00e7e do\u011fru sar\u0131l\u0131r. Tepeye yak\u0131n yumu\u015fak, yuvarlak bir form Ganesh'in bilgeli\u011fini ve dikkatini simgeleyen kula\u011f\u0131n\u0131 akla getirir. 22 ayar G\u00fcndo\u011fumu Alt\u0131n\u0131ndan d\u00f6k\u00fclen bu t\u0131ls\u0131m hem koruyucu bir t\u0131ls\u0131m hem de yeni ba\u015flang\u0131\u00e7lar\u0131n nazik bir kutlamas\u0131d\u0131r.<\/span><\/span><span class=\"EOP SCXW143059551 BCX8\" data-ccp-props=\"{&quot;335551550&quot;:6,&quot;335551620&quot;:6}\">\u00a0<\/span><\/p>\n<p><strong>Malzeme:<\/strong> 22 Ayar G\u00fcndo\u011fumu Alt\u0131n<strong><br \/>\nHallmark:\u00a0<\/strong>\u0130ngiliz Damgas\u0131<strong><br \/>\n<\/strong><strong>Br\u00fct A\u011f\u0131rl\u0131k: <\/strong>1.40 Gms<strong><br \/>\nSKU: <\/strong>50613<br \/>\n<strong>Boyut:<\/strong> 17,5 mm \u00d7 15,1 mm<br \/>\n<strong>Fiyat ve Teslimat: <\/strong>Zincir fiyat\u0131 dahil de\u011fildir, KDV ve teslimat \u00fccretleri dahildir<strong><br \/>\n<a href=\"https:\/\/www.purejewels.com\/tr\/i%cc%87ade-poli%cc%87ti%cc%87kasi\/\">\u0130ade Politikas\u0131<\/a><\/strong><\/p>\n<\/div>\n<div class=\"btn-atc atc-slide\"><\/div>\n<div class=\"product_meta\"><\/div>","protected":false},"featured_media":406455,"comment_status":"closed","ping_status":"closed","template":"","meta":{"_eb_attr":"","_crsspst_to_jayantr4sg-hostcom":false},"product_brand":[],"product_cat":[1576,236,6125,1793,1790,1229,1255,5343,1767,1572,1768,5600,5338,1701,1574,5349],"product_tag":[],"class_list":{"0":"post-405021","1":"product","2":"type-product","3":"status-publish","4":"has-post-thumbnail","6":"product_cat-childrens-jewellery","7":"product_cat-collections","8":"product_cat-divinity-collection","9":"product_cat-diwali-gifts","10":"product_cat-for-whom-when","11":"product_cat-22ct-gold-jewellery","12":"product_cat-gold-pendants","13":"product_cat-jewellery-under-550","14":"product_cat-ladies-pendants","15":"product_cat-mens-jewellery","16":"product_cat-mens-pendants","17":"product_cat-om-pendants","18":"product_cat-shop-by-price","19":"product_cat-religious-pendants","20":"product_cat-womens-jewellery","21":"product_cat-yellow-gold-jewellery","23":"first","24":"instock","25":"taxable","26":"shipping-taxable","27":"purchasable","28":"product-type-simple","29":"add-to-wishlist-before_image"},"yoast_head":"<!-- This site is optimized with the Yoast SEO plugin v27.5 - https:\/\/yoast.com\/product\/yoast-seo-wordpress\/ -->\n<title>22ct Gold Ganesh OM Pendant | Spiritual Gold Jewellery<\/title>\n<meta name=\"description\" content=\"A meaningful OM pendant handcrafted in 22ct Sunrise Gold. Lightweight and radiant\u2014perfect for daily wear or spiritual gifting.\" \/>\n<meta name=\"robots\" content=\"index, follow, max-snippet:-1, max-image-preview:large, max-video-preview:-1\" \/>\n<link rel=\"canonical\" href=\"https:\/\/www.purejewels.com\/tr\/urun\/ganesha-buddhi-om-kolye-ucu-50613\/\" \/>\n<meta property=\"og:locale\" content=\"tr_TR\" \/>\n<meta property=\"og:type\" content=\"article\" \/>\n<meta property=\"og:title\" content=\"22ct Gold Ganesh OM Pendant | Spiritual Gold Jewellery\" \/>\n<meta property=\"og:description\" content=\"A meaningful OM pendant handcrafted in 22ct Sunrise Gold. Lightweight and radiant\u2014perfect for daily wear or spiritual gifting.\" \/>\n<meta property=\"og:url\" content=\"https:\/\/www.purejewels.com\/tr\/urun\/ganesha-buddhi-om-kolye-ucu-50613\/\" \/>\n<meta property=\"og:site_name\" content=\"PureJewels UK\" \/>\n<meta property=\"article:modified_time\" content=\"2026-01-30T07:42:24+00:00\" \/>\n<meta property=\"og:image\" content=\"https:\/\/static.purejewels.com\/wp-content\/uploads\/2025\/06\/50613-Gold-Om.jpg\" \/>\n\t<meta property=\"og:image:width\" content=\"1000\" \/>\n\t<meta property=\"og:image:height\" content=\"1000\" \/>\n\t<meta property=\"og:image:type\" content=\"image\/jpeg\" \/>\n<meta name=\"twitter:card\" content=\"summary_large_image\" \/>\n<meta name=\"twitter:label1\" content=\"Tahmini okuma s\u00fcresi\" \/>\n\t<meta name=\"twitter:data1\" content=\"1 dakika\" \/>\n<script type=\"application\/ld+json\" class=\"yoast-schema-graph\">{\"@context\":\"https:\\\/\\\/schema.org\",\"@graph\":[{\"@type\":[\"WebPage\",\"ItemPage\"],\"@id\":\"https:\\\/\\\/www.purejewels.com\\\/product\\\/ganesha-buddhi-om-pendant-50613\\\/\",\"url\":\"https:\\\/\\\/www.purejewels.com\\\/product\\\/ganesha-buddhi-om-pendant-50613\\\/\",\"name\":\"22ct Gold Ganesh OM Pendant | Spiritual Gold Jewellery\",\"isPartOf\":{\"@id\":\"https:\\\/\\\/www.purejewels.com\\\/#website\"},\"primaryImageOfPage\":{\"@id\":\"https:\\\/\\\/www.purejewels.com\\\/product\\\/ganesha-buddhi-om-pendant-50613\\\/#primaryimage\"},\"image\":{\"@id\":\"https:\\\/\\\/www.purejewels.com\\\/product\\\/ganesha-buddhi-om-pendant-50613\\\/#primaryimage\"},\"thumbnailUrl\":\"https:\\\/\\\/static.purejewels.com\\\/wp-content\\\/uploads\\\/2025\\\/06\\\/50613-Gold-Om.jpg\",\"datePublished\":\"2025-09-05T12:40:44+00:00\",\"dateModified\":\"2026-01-30T07:42:24+00:00\",\"description\":\"A meaningful OM pendant handcrafted in 22ct Sunrise Gold. Lightweight and radiant\u2014perfect for daily wear or spiritual gifting.\",\"breadcrumb\":{\"@id\":\"https:\\\/\\\/www.purejewels.com\\\/product\\\/ganesha-buddhi-om-pendant-50613\\\/#breadcrumb\"},\"inLanguage\":\"tr\",\"potentialAction\":[{\"@type\":\"ReadAction\",\"target\":[\"https:\\\/\\\/www.purejewels.com\\\/product\\\/ganesha-buddhi-om-pendant-50613\\\/\"]}]},{\"@type\":\"ImageObject\",\"inLanguage\":\"tr\",\"@id\":\"https:\\\/\\\/www.purejewels.com\\\/product\\\/ganesha-buddhi-om-pendant-50613\\\/#primaryimage\",\"url\":\"https:\\\/\\\/static.purejewels.com\\\/wp-content\\\/uploads\\\/2025\\\/06\\\/50613-Gold-Om.jpg\",\"contentUrl\":\"https:\\\/\\\/static.purejewels.com\\\/wp-content\\\/uploads\\\/2025\\\/06\\\/50613-Gold-Om.jpg\",\"width\":1000,\"height\":1000,\"caption\":\"Stacked from 6 images. Method=B (R=8,S=4)\"},{\"@type\":\"BreadcrumbList\",\"@id\":\"https:\\\/\\\/www.purejewels.com\\\/product\\\/ganesha-buddhi-om-pendant-50613\\\/#breadcrumb\",\"itemListElement\":[{\"@type\":\"ListItem\",\"position\":1,\"name\":\"Home\",\"item\":\"https:\\\/\\\/www.purejewels.com\\\/\"},{\"@type\":\"ListItem\",\"position\":2,\"name\":\"Shop\",\"item\":\"https:\\\/\\\/www.purejewels.com\\\/shop\\\/\"},{\"@type\":\"ListItem\",\"position\":3,\"name\":\"Ganesha Buddhi OM Pendant\"}]},{\"@type\":\"WebSite\",\"@id\":\"https:\\\/\\\/www.purejewels.com\\\/#website\",\"url\":\"https:\\\/\\\/www.purejewels.com\\\/\",\"name\":\"PureJewels UK\",\"description\":\"Share the Love\",\"publisher\":{\"@id\":\"https:\\\/\\\/www.purejewels.com\\\/#organization\"},\"potentialAction\":[{\"@type\":\"SearchAction\",\"target\":{\"@type\":\"EntryPoint\",\"urlTemplate\":\"https:\\\/\\\/www.purejewels.com\\\/?s={search_term_string}\"},\"query-input\":{\"@type\":\"PropertyValueSpecification\",\"valueRequired\":true,\"valueName\":\"search_term_string\"}}],\"inLanguage\":\"tr\"},{\"@type\":\"Organization\",\"@id\":\"https:\\\/\\\/www.purejewels.com\\\/#organization\",\"name\":\"PureJewels UK\",\"url\":\"https:\\\/\\\/www.purejewels.com\\\/\",\"logo\":{\"@type\":\"ImageObject\",\"inLanguage\":\"tr\",\"@id\":\"https:\\\/\\\/www.purejewels.com\\\/#\\\/schema\\\/logo\\\/image\\\/\",\"url\":\"https:\\\/\\\/static.purejewels.com\\\/wp-content\\\/uploads\\\/2020\\\/11\\\/Logo-PJ-New-1.png\",\"contentUrl\":\"https:\\\/\\\/static.purejewels.com\\\/wp-content\\\/uploads\\\/2020\\\/11\\\/Logo-PJ-New-1.png\",\"width\":150,\"height\":80,\"caption\":\"PureJewels UK\"},\"image\":{\"@id\":\"https:\\\/\\\/www.purejewels.com\\\/#\\\/schema\\\/logo\\\/image\\\/\"}}]}<\/script>\n<!-- \/ Yoast SEO plugin. -->","yoast_head_json":{"title":"22 Ayar Alt\u0131n Ganesh OM Kolye | Spirit\u00fcel Alt\u0131n Tak\u0131lar","description":"22ct Sunrise Alt\u0131ndan el yap\u0131m\u0131 anlaml\u0131 bir OM kolye ucu. Hafif ve \u0131\u015f\u0131lt\u0131l\u0131; g\u00fcnl\u00fck kullan\u0131m veya ruhani hediyeler i\u00e7in m\u00fckemmel.","robots":{"index":"index","follow":"follow","max-snippet":"max-snippet:-1","max-image-preview":"max-image-preview:large","max-video-preview":"max-video-preview:-1"},"canonical":"https:\/\/www.purejewels.com\/tr\/urun\/ganesha-buddhi-om-kolye-ucu-50613\/","og_locale":"tr_TR","og_type":"article","og_title":"22ct Gold Ganesh OM Pendant | Spiritual Gold Jewellery","og_description":"A meaningful OM pendant handcrafted in 22ct Sunrise Gold. Lightweight and radiant\u2014perfect for daily wear or spiritual gifting.","og_url":"https:\/\/www.purejewels.com\/tr\/urun\/ganesha-buddhi-om-kolye-ucu-50613\/","og_site_name":"PureJewels UK","article_modified_time":"2026-01-30T07:42:24+00:00","og_image":[{"width":1000,"height":1000,"url":"https:\/\/static.purejewels.com\/wp-content\/uploads\/2025\/06\/50613-Gold-Om.jpg","type":"image\/jpeg"}],"twitter_card":"summary_large_image","twitter_misc":{"Tahmini okuma s\u00fcresi":"1 dakika"},"schema":{"@context":"https:\/\/schema.org","@graph":[{"@type":["WebPage","ItemPage"],"@id":"https:\/\/www.purejewels.com\/product\/ganesha-buddhi-om-pendant-50613\/","url":"https:\/\/www.purejewels.com\/product\/ganesha-buddhi-om-pendant-50613\/","name":"22 Ayar Alt\u0131n Ganesh OM Kolye | Spirit\u00fcel Alt\u0131n Tak\u0131lar","isPartOf":{"@id":"https:\/\/www.purejewels.com\/#website"},"primaryImageOfPage":{"@id":"https:\/\/www.purejewels.com\/product\/ganesha-buddhi-om-pendant-50613\/#primaryimage"},"image":{"@id":"https:\/\/www.purejewels.com\/product\/ganesha-buddhi-om-pendant-50613\/#primaryimage"},"thumbnailUrl":"https:\/\/static.purejewels.com\/wp-content\/uploads\/2025\/06\/50613-Gold-Om.jpg","datePublished":"2025-09-05T12:40:44+00:00","dateModified":"2026-01-30T07:42:24+00:00","description":"22ct Sunrise Alt\u0131ndan el yap\u0131m\u0131 anlaml\u0131 bir OM kolye ucu. Hafif ve \u0131\u015f\u0131lt\u0131l\u0131; g\u00fcnl\u00fck kullan\u0131m veya ruhani hediyeler i\u00e7in m\u00fckemmel.","breadcrumb":{"@id":"https:\/\/www.purejewels.com\/product\/ganesha-buddhi-om-pendant-50613\/#breadcrumb"},"inLanguage":"tr","potentialAction":[{"@type":"ReadAction","target":["https:\/\/www.purejewels.com\/product\/ganesha-buddhi-om-pendant-50613\/"]}]},{"@type":"ImageObject","inLanguage":"tr","@id":"https:\/\/www.purejewels.com\/product\/ganesha-buddhi-om-pendant-50613\/#primaryimage","url":"https:\/\/static.purejewels.com\/wp-content\/uploads\/2025\/06\/50613-Gold-Om.jpg","contentUrl":"https:\/\/static.purejewels.com\/wp-content\/uploads\/2025\/06\/50613-Gold-Om.jpg","width":1000,"height":1000,"caption":"Stacked from 6 images. Method=B (R=8,S=4)"},{"@type":"BreadcrumbList","@id":"https:\/\/www.purejewels.com\/product\/ganesha-buddhi-om-pendant-50613\/#breadcrumb","itemListElement":[{"@type":"ListItem","position":1,"name":"Home","item":"https:\/\/www.purejewels.com\/"},{"@type":"ListItem","position":2,"name":"Shop","item":"https:\/\/www.purejewels.com\/shop\/"},{"@type":"ListItem","position":3,"name":"Ganesha Buddhi OM Pendant"}]},{"@type":"WebSite","@id":"https:\/\/www.purejewels.com\/#website","url":"https:\/\/www.purejewels.com\/","name":"PureJewels \u0130ngiltere","description":"Sevgiyi Payla\u015f\u0131n","publisher":{"@id":"https:\/\/www.purejewels.com\/#organization"},"potentialAction":[{"@type":"SearchAction","target":{"@type":"EntryPoint","urlTemplate":"https:\/\/www.purejewels.com\/?s={search_term_string}"},"query-input":{"@type":"PropertyValueSpecification","valueRequired":true,"valueName":"search_term_string"}}],"inLanguage":"tr"},{"@type":"Organization","@id":"https:\/\/www.purejewels.com\/#organization","name":"PureJewels \u0130ngiltere","url":"https:\/\/www.purejewels.com\/","logo":{"@type":"ImageObject","inLanguage":"tr","@id":"https:\/\/www.purejewels.com\/#\/schema\/logo\/image\/","url":"https:\/\/static.purejewels.com\/wp-content\/uploads\/2020\/11\/Logo-PJ-New-1.png","contentUrl":"https:\/\/static.purejewels.com\/wp-content\/uploads\/2020\/11\/Logo-PJ-New-1.png","width":150,"height":80,"caption":"PureJewels UK"},"image":{"@id":"https:\/\/www.purejewels.com\/#\/schema\/logo\/image\/"}}]}},"_links":{"self":[{"href":"https:\/\/www.purejewels.com\/tr\/wp-json\/wp\/v2\/product\/405021","targetHints":{"allow":["GET"]}}],"collection":[{"href":"https:\/\/www.purejewels.com\/tr\/wp-json\/wp\/v2\/product"}],"about":[{"href":"https:\/\/www.purejewels.com\/tr\/wp-json\/wp\/v2\/types\/product"}],"replies":[{"embeddable":true,"href":"https:\/\/www.purejewels.com\/tr\/wp-json\/wp\/v2\/comments?post=405021"}],"version-history":[{"count":5,"href":"https:\/\/www.purejewels.com\/tr\/wp-json\/wp\/v2\/product\/405021\/revisions"}],"predecessor-version":[{"id":407700,"href":"https:\/\/www.purejewels.com\/tr\/wp-json\/wp\/v2\/product\/405021\/revisions\/407700"}],"wp:featuredmedia":[{"embeddable":true,"href":"https:\/\/www.purejewels.com\/tr\/wp-json\/wp\/v2\/media\/406455"}],"wp:attachment":[{"href":"https:\/\/www.purejewels.com\/tr\/wp-json\/wp\/v2\/media?parent=405021"}],"wp:term":[{"taxonomy":"product_brand","embeddable":true,"href":"https:\/\/www.purejewels.com\/tr\/wp-json\/wp\/v2\/product_brand?post=405021"},{"taxonomy":"product_cat","embeddable":true,"href":"https:\/\/www.purejewels.com\/tr\/wp-json\/wp\/v2\/product_cat?post=405021"},{"taxonomy":"product_tag","embeddable":true,"href":"https:\/\/www.purejewels.com\/tr\/wp-json\/wp\/v2\/product_tag?post=405021"}],"curies":[{"name":"wp","href":"https:\/\/api.w.org\/{rel}","templated":true}]}}