{"id":405072,"date":"2025-06-15T15:53:08","date_gmt":"2025-06-15T14:53:08","guid":{"rendered":"https:\/\/www.purejewels.com\/?post_type=product&#038;p=405072"},"modified":"2026-01-29T09:30:31","modified_gmt":"2026-01-29T09:30:31","slug":"22-ayar-altindan-oturan-ganesh-kolye-ucu-48646","status":"publish","type":"product","link":"https:\/\/www.purejewels.com\/tr\/product\/seated-ganesh-pendant-in-22ct-gold-48646\/","title":{"rendered":"22 Ayar Alt\u0131ndan Oturan Ganesh Kolye Ucu"},"content":{"rendered":"<p>22 ayar alt\u0131ndan Oturan Gane\u015f Kolyesi, bilgelik, refah ve koruma tanr\u0131s\u0131na ayr\u0131nt\u0131l\u0131 ve g\u00fc\u00e7l\u00fc bir \u00f6vg\u00fcd\u00fcr. 4,4 gram a\u011f\u0131rl\u0131\u011f\u0131ndaki bu \u00f6zenle i\u015flenmi\u015f kolye ucunda Lord Ganesha klasik formunda oturmu\u015f, kutsal nesneleri tutmakta ve havaya kald\u0131rd\u0131\u011f\u0131 eliyle kutsamalar sunmaktad\u0131r. Ruhani bir g\u00fc\u00e7 yans\u0131tan bu par\u00e7a g\u00fcnl\u00fck kullan\u0131m, bayram g\u00fcnleri veya yeni ba\u015flang\u0131\u00e7lar i\u00e7in anlaml\u0131 bir hediye olarak idealdir. \u0130ster inan\u00e7 sembol\u00fc olarak ister koruyucu enerjisi i\u00e7in tak\u0131ls\u0131n, bu kolye ucu kutsal varl\u0131\u011f\u0131 ve zamans\u0131z i\u015f\u00e7ili\u011fi tek bir \u0131\u015f\u0131lt\u0131l\u0131 formda bir araya getiriyor.<\/p>","protected":false},"excerpt":{"rendered":"<div class=\"woocommerce-product-details__short-description\">22 ayar alt\u0131ndan \u00fcretilen bu Oturan Ganesh Kolye, Lord Ganesha'y\u0131 geleneksel bir kutsama ve koruma pozunda tasvir ediyor. \u0130lahi enerjiyi yak\u0131n\u0131n\u0131zda ta\u015f\u0131mak i\u00e7in manevi bir hat\u0131ra.<\/div>\n<div>\n<p><strong>Malzeme:<\/strong>\u00a022 Ayar Alt\u0131n<strong><br \/>\nHallmark:\u00a0<\/strong>\u0130ngiliz Damgas\u0131<strong><br \/>\n<\/strong><strong>Br\u00fct A\u011f\u0131rl\u0131k: <\/strong>4.40 Gms<strong><br \/>\nSKU: <\/strong>48646<\/p>\n<p><strong>Fiyat ve Teslimat:<\/strong>KDV ve teslimat \u00fccretleri dahil<br \/>\n<strong>Not:\u00a0<\/strong>Zincir fiyat\u0131 dahil de\u011fildir<strong><br \/>\n<a href=\"https:\/\/www.purejewels.com\/tr\/i%cc%87ade-poli%cc%87ti%cc%87kasi\/\">\u0130ade Politikas\u0131<\/a><\/strong><\/p>\n<\/div>\n<div><\/div>\n<div class=\"btn-atc atc-slide\"><\/div>\n<div class=\"product_meta\"><\/div>","protected":false},"featured_media":405073,"comment_status":"closed","ping_status":"closed","template":"","meta":{"_eb_attr":"","_crsspst_to_jayantr4sg-hostcom":true},"product_brand":[],"product_cat":[1793,1792,5601,1790,1229,1255,1767,1572,1768,1701,1574,5349],"product_tag":[5473],"class_list":{"0":"post-405072","1":"product","2":"type-product","3":"status-publish","4":"has-post-thumbnail","6":"product_cat-diwali-gifts","7":"product_cat-festival-gifts","8":"product_cat-ganesh-pendants","9":"product_cat-for-whom-when","10":"product_cat-22ct-gold-jewellery","11":"product_cat-gold-pendants","12":"product_cat-ladies-pendants","13":"product_cat-mens-jewellery","14":"product_cat-mens-pendants","15":"product_cat-religious-pendants","16":"product_cat-womens-jewellery","17":"product_cat-yellow-gold-jewellery","18":"product_tag-religion-pendant","20":"first","21":"instock","22":"taxable","23":"shipping-taxable","24":"purchasable","25":"product-type-simple","26":"add-to-wishlist-before_image"},"yoast_head":"<!-- This site is optimized with the Yoast SEO plugin v27.3 - https:\/\/yoast.com\/product\/yoast-seo-wordpress\/ -->\n<title>22ct Gold Ganesh Pendant | Seated Lord Ganesha Gold Necklace<\/title>\n<meta name=\"description\" content=\"This Ganesh pendant in 22ct gold features a seated Lord Ganesha\u2014symbolising wisdom and protection\u2014perfect for daily wear or thoughtful Diwali gifts.\" \/>\n<meta name=\"robots\" content=\"index, follow, max-snippet:-1, max-image-preview:large, max-video-preview:-1\" \/>\n<link rel=\"canonical\" href=\"https:\/\/www.purejewels.com\/tr\/urun\/22-ayar-altindan-oturan-ganesh-kolye-ucu-48646\/\" \/>\n<meta property=\"og:locale\" content=\"tr_TR\" \/>\n<meta property=\"og:type\" content=\"article\" \/>\n<meta property=\"og:title\" content=\"22ct Gold Ganesh Pendant | Seated Lord Ganesha Gold Necklace\" \/>\n<meta property=\"og:description\" content=\"This Ganesh pendant in 22ct gold features a seated Lord Ganesha\u2014symbolising wisdom and protection\u2014perfect for daily wear or thoughtful Diwali gifts.\" \/>\n<meta property=\"og:url\" content=\"https:\/\/www.purejewels.com\/tr\/urun\/22-ayar-altindan-oturan-ganesh-kolye-ucu-48646\/\" \/>\n<meta property=\"og:site_name\" content=\"PureJewels UK\" \/>\n<meta property=\"article:modified_time\" content=\"2026-01-29T09:30:31+00:00\" \/>\n<meta property=\"og:image\" content=\"https:\/\/static.purejewels.com\/wp-content\/uploads\/2025\/07\/SKU-48646.jpg\" \/>\n\t<meta property=\"og:image:width\" content=\"1000\" \/>\n\t<meta property=\"og:image:height\" content=\"1000\" \/>\n\t<meta property=\"og:image:type\" content=\"image\/jpeg\" \/>\n<meta name=\"twitter:card\" content=\"summary_large_image\" \/>\n<meta name=\"twitter:label1\" content=\"Tahmini okuma s\u00fcresi\" \/>\n\t<meta name=\"twitter:data1\" content=\"1 dakika\" \/>\n<script type=\"application\/ld+json\" class=\"yoast-schema-graph\">{\"@context\":\"https:\\\/\\\/schema.org\",\"@graph\":[{\"@type\":[\"WebPage\",\"ItemPage\"],\"@id\":\"https:\\\/\\\/www.purejewels.com\\\/product\\\/seated-ganesh-pendant-in-22ct-gold-48646\\\/\",\"url\":\"https:\\\/\\\/www.purejewels.com\\\/product\\\/seated-ganesh-pendant-in-22ct-gold-48646\\\/\",\"name\":\"22ct Gold Ganesh Pendant | Seated Lord Ganesha Gold Necklace\",\"isPartOf\":{\"@id\":\"https:\\\/\\\/www.purejewels.com\\\/#website\"},\"primaryImageOfPage\":{\"@id\":\"https:\\\/\\\/www.purejewels.com\\\/product\\\/seated-ganesh-pendant-in-22ct-gold-48646\\\/#primaryimage\"},\"image\":{\"@id\":\"https:\\\/\\\/www.purejewels.com\\\/product\\\/seated-ganesh-pendant-in-22ct-gold-48646\\\/#primaryimage\"},\"thumbnailUrl\":\"https:\\\/\\\/static.purejewels.com\\\/wp-content\\\/uploads\\\/2025\\\/07\\\/SKU-48646.jpg\",\"datePublished\":\"2025-06-15T14:53:08+00:00\",\"dateModified\":\"2026-01-29T09:30:31+00:00\",\"description\":\"This Ganesh pendant in 22ct gold features a seated Lord Ganesha\u2014symbolising wisdom and protection\u2014perfect for daily wear or thoughtful Diwali gifts.\",\"breadcrumb\":{\"@id\":\"https:\\\/\\\/www.purejewels.com\\\/product\\\/seated-ganesh-pendant-in-22ct-gold-48646\\\/#breadcrumb\"},\"inLanguage\":\"tr\",\"potentialAction\":[{\"@type\":\"ReadAction\",\"target\":[\"https:\\\/\\\/www.purejewels.com\\\/product\\\/seated-ganesh-pendant-in-22ct-gold-48646\\\/\"]}]},{\"@type\":\"ImageObject\",\"inLanguage\":\"tr\",\"@id\":\"https:\\\/\\\/www.purejewels.com\\\/product\\\/seated-ganesh-pendant-in-22ct-gold-48646\\\/#primaryimage\",\"url\":\"https:\\\/\\\/static.purejewels.com\\\/wp-content\\\/uploads\\\/2025\\\/07\\\/SKU-48646.jpg\",\"contentUrl\":\"https:\\\/\\\/static.purejewels.com\\\/wp-content\\\/uploads\\\/2025\\\/07\\\/SKU-48646.jpg\",\"width\":1000,\"height\":1000,\"caption\":\"48646\"},{\"@type\":\"BreadcrumbList\",\"@id\":\"https:\\\/\\\/www.purejewels.com\\\/product\\\/seated-ganesh-pendant-in-22ct-gold-48646\\\/#breadcrumb\",\"itemListElement\":[{\"@type\":\"ListItem\",\"position\":1,\"name\":\"Home\",\"item\":\"https:\\\/\\\/www.purejewels.com\\\/\"},{\"@type\":\"ListItem\",\"position\":2,\"name\":\"Shop\",\"item\":\"https:\\\/\\\/www.purejewels.com\\\/shop\\\/\"},{\"@type\":\"ListItem\",\"position\":3,\"name\":\"Seated Ganesh Pendant in 22ct Gold\"}]},{\"@type\":\"WebSite\",\"@id\":\"https:\\\/\\\/www.purejewels.com\\\/#website\",\"url\":\"https:\\\/\\\/www.purejewels.com\\\/\",\"name\":\"PureJewels UK\",\"description\":\"Share the Love\",\"publisher\":{\"@id\":\"https:\\\/\\\/www.purejewels.com\\\/#organization\"},\"potentialAction\":[{\"@type\":\"SearchAction\",\"target\":{\"@type\":\"EntryPoint\",\"urlTemplate\":\"https:\\\/\\\/www.purejewels.com\\\/?s={search_term_string}\"},\"query-input\":{\"@type\":\"PropertyValueSpecification\",\"valueRequired\":true,\"valueName\":\"search_term_string\"}}],\"inLanguage\":\"tr\"},{\"@type\":\"Organization\",\"@id\":\"https:\\\/\\\/www.purejewels.com\\\/#organization\",\"name\":\"PureJewels UK\",\"url\":\"https:\\\/\\\/www.purejewels.com\\\/\",\"logo\":{\"@type\":\"ImageObject\",\"inLanguage\":\"tr\",\"@id\":\"https:\\\/\\\/www.purejewels.com\\\/#\\\/schema\\\/logo\\\/image\\\/\",\"url\":\"https:\\\/\\\/static.purejewels.com\\\/wp-content\\\/uploads\\\/2020\\\/11\\\/Logo-PJ-New-1.png\",\"contentUrl\":\"https:\\\/\\\/static.purejewels.com\\\/wp-content\\\/uploads\\\/2020\\\/11\\\/Logo-PJ-New-1.png\",\"width\":150,\"height\":80,\"caption\":\"PureJewels UK\"},\"image\":{\"@id\":\"https:\\\/\\\/www.purejewels.com\\\/#\\\/schema\\\/logo\\\/image\\\/\"}}]}<\/script>\n<!-- \/ Yoast SEO plugin. -->","yoast_head_json":{"title":"22 Ayar Alt\u0131n Ganesh Kolye | Oturan Lord Ganesha Alt\u0131n Kolye","description":"22 ayar alt\u0131ndan yap\u0131lm\u0131\u015f bu Ganesh kolye ucunda bilgeli\u011fi ve korumay\u0131 simgeleyen oturmu\u015f bir Lord Ganesha yer almaktad\u0131r; g\u00fcnl\u00fck kullan\u0131m veya d\u00fc\u015f\u00fcnceli Diwali hediyeleri i\u00e7in m\u00fckemmeldir.","robots":{"index":"index","follow":"follow","max-snippet":"max-snippet:-1","max-image-preview":"max-image-preview:large","max-video-preview":"max-video-preview:-1"},"canonical":"https:\/\/www.purejewels.com\/tr\/urun\/22-ayar-altindan-oturan-ganesh-kolye-ucu-48646\/","og_locale":"tr_TR","og_type":"article","og_title":"22ct Gold Ganesh Pendant | Seated Lord Ganesha Gold Necklace","og_description":"This Ganesh pendant in 22ct gold features a seated Lord Ganesha\u2014symbolising wisdom and protection\u2014perfect for daily wear or thoughtful Diwali gifts.","og_url":"https:\/\/www.purejewels.com\/tr\/urun\/22-ayar-altindan-oturan-ganesh-kolye-ucu-48646\/","og_site_name":"PureJewels UK","article_modified_time":"2026-01-29T09:30:31+00:00","og_image":[{"width":1000,"height":1000,"url":"https:\/\/static.purejewels.com\/wp-content\/uploads\/2025\/07\/SKU-48646.jpg","type":"image\/jpeg"}],"twitter_card":"summary_large_image","twitter_misc":{"Tahmini okuma s\u00fcresi":"1 dakika"},"schema":{"@context":"https:\/\/schema.org","@graph":[{"@type":["WebPage","ItemPage"],"@id":"https:\/\/www.purejewels.com\/product\/seated-ganesh-pendant-in-22ct-gold-48646\/","url":"https:\/\/www.purejewels.com\/product\/seated-ganesh-pendant-in-22ct-gold-48646\/","name":"22 Ayar Alt\u0131n Ganesh Kolye | Oturan Lord Ganesha Alt\u0131n Kolye","isPartOf":{"@id":"https:\/\/www.purejewels.com\/#website"},"primaryImageOfPage":{"@id":"https:\/\/www.purejewels.com\/product\/seated-ganesh-pendant-in-22ct-gold-48646\/#primaryimage"},"image":{"@id":"https:\/\/www.purejewels.com\/product\/seated-ganesh-pendant-in-22ct-gold-48646\/#primaryimage"},"thumbnailUrl":"https:\/\/static.purejewels.com\/wp-content\/uploads\/2025\/07\/SKU-48646.jpg","datePublished":"2025-06-15T14:53:08+00:00","dateModified":"2026-01-29T09:30:31+00:00","description":"22 ayar alt\u0131ndan yap\u0131lm\u0131\u015f bu Ganesh kolye ucunda bilgeli\u011fi ve korumay\u0131 simgeleyen oturmu\u015f bir Lord Ganesha yer almaktad\u0131r; g\u00fcnl\u00fck kullan\u0131m veya d\u00fc\u015f\u00fcnceli Diwali hediyeleri i\u00e7in m\u00fckemmeldir.","breadcrumb":{"@id":"https:\/\/www.purejewels.com\/product\/seated-ganesh-pendant-in-22ct-gold-48646\/#breadcrumb"},"inLanguage":"tr","potentialAction":[{"@type":"ReadAction","target":["https:\/\/www.purejewels.com\/product\/seated-ganesh-pendant-in-22ct-gold-48646\/"]}]},{"@type":"ImageObject","inLanguage":"tr","@id":"https:\/\/www.purejewels.com\/product\/seated-ganesh-pendant-in-22ct-gold-48646\/#primaryimage","url":"https:\/\/static.purejewels.com\/wp-content\/uploads\/2025\/07\/SKU-48646.jpg","contentUrl":"https:\/\/static.purejewels.com\/wp-content\/uploads\/2025\/07\/SKU-48646.jpg","width":1000,"height":1000,"caption":"48646"},{"@type":"BreadcrumbList","@id":"https:\/\/www.purejewels.com\/product\/seated-ganesh-pendant-in-22ct-gold-48646\/#breadcrumb","itemListElement":[{"@type":"ListItem","position":1,"name":"Home","item":"https:\/\/www.purejewels.com\/"},{"@type":"ListItem","position":2,"name":"Shop","item":"https:\/\/www.purejewels.com\/shop\/"},{"@type":"ListItem","position":3,"name":"Seated Ganesh Pendant in 22ct Gold"}]},{"@type":"WebSite","@id":"https:\/\/www.purejewels.com\/#website","url":"https:\/\/www.purejewels.com\/","name":"PureJewels \u0130ngiltere","description":"Sevgiyi Payla\u015f\u0131n","publisher":{"@id":"https:\/\/www.purejewels.com\/#organization"},"potentialAction":[{"@type":"SearchAction","target":{"@type":"EntryPoint","urlTemplate":"https:\/\/www.purejewels.com\/?s={search_term_string}"},"query-input":{"@type":"PropertyValueSpecification","valueRequired":true,"valueName":"search_term_string"}}],"inLanguage":"tr"},{"@type":"Organization","@id":"https:\/\/www.purejewels.com\/#organization","name":"PureJewels \u0130ngiltere","url":"https:\/\/www.purejewels.com\/","logo":{"@type":"ImageObject","inLanguage":"tr","@id":"https:\/\/www.purejewels.com\/#\/schema\/logo\/image\/","url":"https:\/\/static.purejewels.com\/wp-content\/uploads\/2020\/11\/Logo-PJ-New-1.png","contentUrl":"https:\/\/static.purejewels.com\/wp-content\/uploads\/2020\/11\/Logo-PJ-New-1.png","width":150,"height":80,"caption":"PureJewels UK"},"image":{"@id":"https:\/\/www.purejewels.com\/#\/schema\/logo\/image\/"}}]}},"_links":{"self":[{"href":"https:\/\/www.purejewels.com\/tr\/wp-json\/wp\/v2\/product\/405072","targetHints":{"allow":["GET"]}}],"collection":[{"href":"https:\/\/www.purejewels.com\/tr\/wp-json\/wp\/v2\/product"}],"about":[{"href":"https:\/\/www.purejewels.com\/tr\/wp-json\/wp\/v2\/types\/product"}],"replies":[{"embeddable":true,"href":"https:\/\/www.purejewels.com\/tr\/wp-json\/wp\/v2\/comments?post=405072"}],"version-history":[{"count":2,"href":"https:\/\/www.purejewels.com\/tr\/wp-json\/wp\/v2\/product\/405072\/revisions"}],"predecessor-version":[{"id":405083,"href":"https:\/\/www.purejewels.com\/tr\/wp-json\/wp\/v2\/product\/405072\/revisions\/405083"}],"wp:featuredmedia":[{"embeddable":true,"href":"https:\/\/www.purejewels.com\/tr\/wp-json\/wp\/v2\/media\/405073"}],"wp:attachment":[{"href":"https:\/\/www.purejewels.com\/tr\/wp-json\/wp\/v2\/media?parent=405072"}],"wp:term":[{"taxonomy":"product_brand","embeddable":true,"href":"https:\/\/www.purejewels.com\/tr\/wp-json\/wp\/v2\/product_brand?post=405072"},{"taxonomy":"product_cat","embeddable":true,"href":"https:\/\/www.purejewels.com\/tr\/wp-json\/wp\/v2\/product_cat?post=405072"},{"taxonomy":"product_tag","embeddable":true,"href":"https:\/\/www.purejewels.com\/tr\/wp-json\/wp\/v2\/product_tag?post=405072"}],"curies":[{"name":"wp","href":"https:\/\/api.w.org\/{rel}","templated":true}]}}