{"id":405181,"date":"2025-06-16T06:20:01","date_gmt":"2025-06-16T05:20:01","guid":{"rendered":"https:\/\/www.purejewels.com\/?post_type=product&#038;p=405181"},"modified":"2026-04-29T08:25:05","modified_gmt":"2026-04-29T07:25:05","slug":"khanda-i%cc%87lahi%cc%87-guc-kolye-ucu-22-ayar-altin-48657","status":"publish","type":"product","link":"https:\/\/www.purejewels.com\/tr\/product\/khanda-divine-strength-pendant-in-22ct-gold-48657\/","title":{"rendered":"Khanda \u0130lahi G\u00fc\u00e7 Kolyesi 22 Ayar Alt\u0131n"},"content":{"rendered":"<p data-start=\"99\" data-end=\"524\"><strong data-start=\"99\" data-end=\"146\">Khanda \u0130lahi G\u00fc\u00e7 Kolyesi 22 Ayar Alt\u0131n<\/strong><br data-start=\"146\" data-end=\"149\" \/>Sihizm'in kal\u0131c\u0131 ruhunu bu ince i\u015f\u00e7ilikle haz\u0131rlanm\u0131\u015f <a href=\"https:\/\/www.purejewels.com\/tr\/urun-kategori%cc%87si%cc%87\/22-ayar-altin-takilar\/altin-kolyeler\/dini-kolyeler\/khanda-kolyeler\/\" target=\"_blank\" rel=\"noopener\">Khanda kolye ucu<\/a>, \u0130lahi g\u00fcc\u00fc ve kutsal birli\u011fi sembolize eder. Saf 22 ayar alt\u0131ndan \u00fcretilen ve yakla\u015f\u0131k 1,8 gram a\u011f\u0131rl\u0131\u011f\u0131ndaki tasar\u0131mda, her biri koruma, disiplin ve ruhani dengeyi temsil eden \u00e7ift kenarl\u0131 k\u0131l\u0131\u00e7, ebedi \u00e7akra ve ikiz kirpandan olu\u015fan sayg\u0131de\u011fer Khanda yer al\u0131yor.<\/p>\n<p data-start=\"526\" data-end=\"764\">Zarif formunun yan\u0131 s\u0131ra sembolizm a\u00e7\u0131s\u0131ndan da zengin olan bu par\u00e7a, g\u00fcnl\u00fck kullan\u0131m i\u00e7in veya \u00f6zel dini g\u00fcnlerde ve ki\u015fisel d\u00f6n\u00fcm noktalar\u0131nda hediye olarak m\u00fckemmeldir. Londra Tahlil Ofisi taraf\u0131ndan damgalanarak en y\u00fcksek safl\u0131k ve i\u015f\u00e7ilik standard\u0131n\u0131 garanti eder.<\/p>\n<p data-start=\"766\" data-end=\"925\">\u0130ster inanc\u0131n ki\u015fisel bir ifadesi olarak tak\u0131ls\u0131n, ister de\u011ferli bir hat\u0131ra olarak sunulsun, bu kolye mirasa, inanca ve i\u00e7sel kararl\u0131l\u0131\u011fa zarif bir \u00f6vg\u00fcd\u00fcr.<\/p>","protected":false},"excerpt":{"rendered":"<p>Bu zarif 22 Ayar Alt\u0131n Khanda Kolye, Sih gelene\u011finin merkezinde yer alan g\u00fc\u00e7, birlik ve inanc\u0131 temsil eder. Hafif ve g\u00fczel detaylara sahip olan bu kolye, ba\u011fl\u0131l\u0131\u011f\u0131n zamans\u0131z bir amblemidir.<\/p>\n<p><strong>Malzeme:<\/strong>\u00a022 Ayar Alt\u0131n<strong><br \/>\nHallmark:\u00a0<\/strong>\u0130ngiliz Damgas\u0131<strong><br \/>\n<\/strong><strong>Br\u00fct A\u011f\u0131rl\u0131k: <\/strong>1.80 Gms<strong><br \/>\nSKU: <\/strong>48657<br \/>\n<strong>Fiyat ve Teslimat<\/strong>: KDV ve teslimat \u00fccretleri dahil<br \/>\n<strong>Not<\/strong>: Zincir fiyat\u0131 dahil de\u011fildir<br \/>\n<a href=\"https:\/\/www.purejewels.com\/tr\/i%cc%87ade-poli%cc%87ti%cc%87kasi\/\">\u0130ade Politikas\u0131<\/a><\/p>","protected":false},"featured_media":405182,"comment_status":"closed","ping_status":"closed","template":"","meta":{"_eb_attr":"","_crsspst_to_jayantr4sg-hostcom":true},"product_brand":[],"product_cat":[1559,1571,1792,1255,5343,5604,1572,5338,1701],"product_tag":[],"class_list":{"0":"post-405181","1":"product","2":"type-product","3":"status-publish","4":"has-post-thumbnail","6":"product_cat-birthday-gifts","7":"product_cat-fathers-day-gifts","8":"product_cat-festival-gifts","9":"product_cat-gold-pendants","10":"product_cat-jewellery-under-550","11":"product_cat-khanda-pendants","12":"product_cat-mens-jewellery","13":"product_cat-shop-by-price","14":"product_cat-religious-pendants","16":"first","17":"outofstock","18":"taxable","19":"shipping-taxable","20":"product-type-simple","21":"add-to-wishlist-before_image"},"yoast_head":"<!-- This site is optimized with the Yoast SEO plugin v27.6 - https:\/\/yoast.com\/product\/yoast-seo-wordpress\/ -->\n<title>Gold Khanda Pendant | Sikh Religious Jewellery | PureJewels UK<\/title>\n<meta name=\"description\" content=\"This Khanda pendant in real gold embodies spiritual strength and timeless devotion. An ideal piece for meaningful gifting or graceful daily wear.\" \/>\n<meta name=\"robots\" content=\"index, follow, max-snippet:-1, max-image-preview:large, max-video-preview:-1\" \/>\n<link rel=\"canonical\" href=\"https:\/\/www.purejewels.com\/tr\/urun\/khanda-i\u0307lahi\u0307-guc-kolye-ucu-22-ayar-altin-48657\/\" \/>\n<meta property=\"og:locale\" content=\"tr_TR\" \/>\n<meta property=\"og:type\" content=\"article\" \/>\n<meta property=\"og:title\" content=\"Gold Khanda Pendant | Sikh Religious Jewellery | PureJewels UK\" \/>\n<meta property=\"og:description\" content=\"This Khanda pendant in real gold embodies spiritual strength and timeless devotion. An ideal piece for meaningful gifting or graceful daily wear.\" \/>\n<meta property=\"og:url\" content=\"https:\/\/www.purejewels.com\/tr\/urun\/khanda-i\u0307lahi\u0307-guc-kolye-ucu-22-ayar-altin-48657\/\" \/>\n<meta property=\"og:site_name\" content=\"PureJewels UK\" \/>\n<meta property=\"article:modified_time\" content=\"2026-04-29T07:25:05+00:00\" \/>\n<meta property=\"og:image\" content=\"https:\/\/static.purejewels.com\/wp-content\/uploads\/2025\/07\/SKU-48657.jpg\" \/>\n\t<meta property=\"og:image:width\" content=\"1000\" \/>\n\t<meta property=\"og:image:height\" content=\"1000\" \/>\n\t<meta property=\"og:image:type\" content=\"image\/jpeg\" \/>\n<meta name=\"twitter:card\" content=\"summary_large_image\" \/>\n<meta name=\"twitter:label1\" content=\"Tahmini okuma s\u00fcresi\" \/>\n\t<meta name=\"twitter:data1\" content=\"1 dakika\" \/>\n<script type=\"application\/ld+json\" class=\"yoast-schema-graph\">{\"@context\":\"https:\\\/\\\/schema.org\",\"@graph\":[{\"@type\":[\"WebPage\",\"ItemPage\"],\"@id\":\"https:\\\/\\\/www.purejewels.com\\\/product\\\/khanda-divine-strength-pendant-in-22ct-gold-48657\\\/\",\"url\":\"https:\\\/\\\/www.purejewels.com\\\/product\\\/khanda-divine-strength-pendant-in-22ct-gold-48657\\\/\",\"name\":\"Gold Khanda Pendant | Sikh Religious Jewellery | PureJewels UK\",\"isPartOf\":{\"@id\":\"https:\\\/\\\/www.purejewels.com\\\/#website\"},\"primaryImageOfPage\":{\"@id\":\"https:\\\/\\\/www.purejewels.com\\\/product\\\/khanda-divine-strength-pendant-in-22ct-gold-48657\\\/#primaryimage\"},\"image\":{\"@id\":\"https:\\\/\\\/www.purejewels.com\\\/product\\\/khanda-divine-strength-pendant-in-22ct-gold-48657\\\/#primaryimage\"},\"thumbnailUrl\":\"https:\\\/\\\/static.purejewels.com\\\/wp-content\\\/uploads\\\/2025\\\/07\\\/SKU-48657.jpg\",\"datePublished\":\"2025-06-16T05:20:01+00:00\",\"dateModified\":\"2026-04-29T07:25:05+00:00\",\"description\":\"This Khanda pendant in real gold embodies spiritual strength and timeless devotion. An ideal piece for meaningful gifting or graceful daily wear.\",\"breadcrumb\":{\"@id\":\"https:\\\/\\\/www.purejewels.com\\\/product\\\/khanda-divine-strength-pendant-in-22ct-gold-48657\\\/#breadcrumb\"},\"inLanguage\":\"tr\",\"potentialAction\":[{\"@type\":\"ReadAction\",\"target\":[\"https:\\\/\\\/www.purejewels.com\\\/product\\\/khanda-divine-strength-pendant-in-22ct-gold-48657\\\/\"]}]},{\"@type\":\"ImageObject\",\"inLanguage\":\"tr\",\"@id\":\"https:\\\/\\\/www.purejewels.com\\\/product\\\/khanda-divine-strength-pendant-in-22ct-gold-48657\\\/#primaryimage\",\"url\":\"https:\\\/\\\/static.purejewels.com\\\/wp-content\\\/uploads\\\/2025\\\/07\\\/SKU-48657.jpg\",\"contentUrl\":\"https:\\\/\\\/static.purejewels.com\\\/wp-content\\\/uploads\\\/2025\\\/07\\\/SKU-48657.jpg\",\"width\":1000,\"height\":1000,\"caption\":\"48657\"},{\"@type\":\"BreadcrumbList\",\"@id\":\"https:\\\/\\\/www.purejewels.com\\\/product\\\/khanda-divine-strength-pendant-in-22ct-gold-48657\\\/#breadcrumb\",\"itemListElement\":[{\"@type\":\"ListItem\",\"position\":1,\"name\":\"Home\",\"item\":\"https:\\\/\\\/www.purejewels.com\\\/\"},{\"@type\":\"ListItem\",\"position\":2,\"name\":\"Shop\",\"item\":\"https:\\\/\\\/www.purejewels.com\\\/shop\\\/\"},{\"@type\":\"ListItem\",\"position\":3,\"name\":\"Khanda Divine Strength Pendant in 22ct Gold\"}]},{\"@type\":\"WebSite\",\"@id\":\"https:\\\/\\\/www.purejewels.com\\\/#website\",\"url\":\"https:\\\/\\\/www.purejewels.com\\\/\",\"name\":\"PureJewels UK\",\"description\":\"Share the Love\",\"publisher\":{\"@id\":\"https:\\\/\\\/www.purejewels.com\\\/#organization\"},\"potentialAction\":[{\"@type\":\"SearchAction\",\"target\":{\"@type\":\"EntryPoint\",\"urlTemplate\":\"https:\\\/\\\/www.purejewels.com\\\/?s={search_term_string}\"},\"query-input\":{\"@type\":\"PropertyValueSpecification\",\"valueRequired\":true,\"valueName\":\"search_term_string\"}}],\"inLanguage\":\"tr\"},{\"@type\":\"Organization\",\"@id\":\"https:\\\/\\\/www.purejewels.com\\\/#organization\",\"name\":\"PureJewels UK\",\"url\":\"https:\\\/\\\/www.purejewels.com\\\/\",\"logo\":{\"@type\":\"ImageObject\",\"inLanguage\":\"tr\",\"@id\":\"https:\\\/\\\/www.purejewels.com\\\/#\\\/schema\\\/logo\\\/image\\\/\",\"url\":\"https:\\\/\\\/static.purejewels.com\\\/wp-content\\\/uploads\\\/2020\\\/11\\\/Logo-PJ-New-1.png\",\"contentUrl\":\"https:\\\/\\\/static.purejewels.com\\\/wp-content\\\/uploads\\\/2020\\\/11\\\/Logo-PJ-New-1.png\",\"width\":150,\"height\":80,\"caption\":\"PureJewels UK\"},\"image\":{\"@id\":\"https:\\\/\\\/www.purejewels.com\\\/#\\\/schema\\\/logo\\\/image\\\/\"}}]}<\/script>\n<!-- \/ Yoast SEO plugin. -->","yoast_head_json":{"title":"Alt\u0131n Khanda Kolye | Sih Dini Tak\u0131lar\u0131 | PureJewels UK","description":"Ger\u00e7ek alt\u0131ndan yap\u0131lm\u0131\u015f bu Khanda kolye ucu, ruhani g\u00fcc\u00fc ve zamans\u0131z ba\u011fl\u0131l\u0131\u011f\u0131 temsil eder. Anlaml\u0131 hediyeler veya zarif g\u00fcnl\u00fck kullan\u0131m i\u00e7in ideal bir par\u00e7a.","robots":{"index":"index","follow":"follow","max-snippet":"max-snippet:-1","max-image-preview":"max-image-preview:large","max-video-preview":"max-video-preview:-1"},"canonical":"https:\/\/www.purejewels.com\/tr\/urun\/khanda-i\u0307lahi\u0307-guc-kolye-ucu-22-ayar-altin-48657\/","og_locale":"tr_TR","og_type":"article","og_title":"Gold Khanda Pendant | Sikh Religious Jewellery | PureJewels UK","og_description":"This Khanda pendant in real gold embodies spiritual strength and timeless devotion. An ideal piece for meaningful gifting or graceful daily wear.","og_url":"https:\/\/www.purejewels.com\/tr\/urun\/khanda-i\u0307lahi\u0307-guc-kolye-ucu-22-ayar-altin-48657\/","og_site_name":"PureJewels UK","article_modified_time":"2026-04-29T07:25:05+00:00","og_image":[{"width":1000,"height":1000,"url":"https:\/\/static.purejewels.com\/wp-content\/uploads\/2025\/07\/SKU-48657.jpg","type":"image\/jpeg"}],"twitter_card":"summary_large_image","twitter_misc":{"Tahmini okuma s\u00fcresi":"1 dakika"},"schema":{"@context":"https:\/\/schema.org","@graph":[{"@type":["WebPage","ItemPage"],"@id":"https:\/\/www.purejewels.com\/product\/khanda-divine-strength-pendant-in-22ct-gold-48657\/","url":"https:\/\/www.purejewels.com\/product\/khanda-divine-strength-pendant-in-22ct-gold-48657\/","name":"Alt\u0131n Khanda Kolye | Sih Dini Tak\u0131lar\u0131 | PureJewels UK","isPartOf":{"@id":"https:\/\/www.purejewels.com\/#website"},"primaryImageOfPage":{"@id":"https:\/\/www.purejewels.com\/product\/khanda-divine-strength-pendant-in-22ct-gold-48657\/#primaryimage"},"image":{"@id":"https:\/\/www.purejewels.com\/product\/khanda-divine-strength-pendant-in-22ct-gold-48657\/#primaryimage"},"thumbnailUrl":"https:\/\/static.purejewels.com\/wp-content\/uploads\/2025\/07\/SKU-48657.jpg","datePublished":"2025-06-16T05:20:01+00:00","dateModified":"2026-04-29T07:25:05+00:00","description":"Ger\u00e7ek alt\u0131ndan yap\u0131lm\u0131\u015f bu Khanda kolye ucu, ruhani g\u00fcc\u00fc ve zamans\u0131z ba\u011fl\u0131l\u0131\u011f\u0131 temsil eder. Anlaml\u0131 hediyeler veya zarif g\u00fcnl\u00fck kullan\u0131m i\u00e7in ideal bir par\u00e7a.","breadcrumb":{"@id":"https:\/\/www.purejewels.com\/product\/khanda-divine-strength-pendant-in-22ct-gold-48657\/#breadcrumb"},"inLanguage":"tr","potentialAction":[{"@type":"ReadAction","target":["https:\/\/www.purejewels.com\/product\/khanda-divine-strength-pendant-in-22ct-gold-48657\/"]}]},{"@type":"ImageObject","inLanguage":"tr","@id":"https:\/\/www.purejewels.com\/product\/khanda-divine-strength-pendant-in-22ct-gold-48657\/#primaryimage","url":"https:\/\/static.purejewels.com\/wp-content\/uploads\/2025\/07\/SKU-48657.jpg","contentUrl":"https:\/\/static.purejewels.com\/wp-content\/uploads\/2025\/07\/SKU-48657.jpg","width":1000,"height":1000,"caption":"48657"},{"@type":"BreadcrumbList","@id":"https:\/\/www.purejewels.com\/product\/khanda-divine-strength-pendant-in-22ct-gold-48657\/#breadcrumb","itemListElement":[{"@type":"ListItem","position":1,"name":"Home","item":"https:\/\/www.purejewels.com\/"},{"@type":"ListItem","position":2,"name":"Shop","item":"https:\/\/www.purejewels.com\/shop\/"},{"@type":"ListItem","position":3,"name":"Khanda Divine Strength Pendant in 22ct Gold"}]},{"@type":"WebSite","@id":"https:\/\/www.purejewels.com\/#website","url":"https:\/\/www.purejewels.com\/","name":"PureJewels \u0130ngiltere","description":"Sevgiyi Payla\u015f\u0131n","publisher":{"@id":"https:\/\/www.purejewels.com\/#organization"},"potentialAction":[{"@type":"SearchAction","target":{"@type":"EntryPoint","urlTemplate":"https:\/\/www.purejewels.com\/?s={search_term_string}"},"query-input":{"@type":"PropertyValueSpecification","valueRequired":true,"valueName":"search_term_string"}}],"inLanguage":"tr"},{"@type":"Organization","@id":"https:\/\/www.purejewels.com\/#organization","name":"PureJewels \u0130ngiltere","url":"https:\/\/www.purejewels.com\/","logo":{"@type":"ImageObject","inLanguage":"tr","@id":"https:\/\/www.purejewels.com\/#\/schema\/logo\/image\/","url":"https:\/\/static.purejewels.com\/wp-content\/uploads\/2020\/11\/Logo-PJ-New-1.png","contentUrl":"https:\/\/static.purejewels.com\/wp-content\/uploads\/2020\/11\/Logo-PJ-New-1.png","width":150,"height":80,"caption":"PureJewels UK"},"image":{"@id":"https:\/\/www.purejewels.com\/#\/schema\/logo\/image\/"}}]}},"_links":{"self":[{"href":"https:\/\/www.purejewels.com\/tr\/wp-json\/wp\/v2\/product\/405181","targetHints":{"allow":["GET"]}}],"collection":[{"href":"https:\/\/www.purejewels.com\/tr\/wp-json\/wp\/v2\/product"}],"about":[{"href":"https:\/\/www.purejewels.com\/tr\/wp-json\/wp\/v2\/types\/product"}],"replies":[{"embeddable":true,"href":"https:\/\/www.purejewels.com\/tr\/wp-json\/wp\/v2\/comments?post=405181"}],"version-history":[{"count":4,"href":"https:\/\/www.purejewels.com\/tr\/wp-json\/wp\/v2\/product\/405181\/revisions"}],"predecessor-version":[{"id":427475,"href":"https:\/\/www.purejewels.com\/tr\/wp-json\/wp\/v2\/product\/405181\/revisions\/427475"}],"wp:featuredmedia":[{"embeddable":true,"href":"https:\/\/www.purejewels.com\/tr\/wp-json\/wp\/v2\/media\/405182"}],"wp:attachment":[{"href":"https:\/\/www.purejewels.com\/tr\/wp-json\/wp\/v2\/media?parent=405181"}],"wp:term":[{"taxonomy":"product_brand","embeddable":true,"href":"https:\/\/www.purejewels.com\/tr\/wp-json\/wp\/v2\/product_brand?post=405181"},{"taxonomy":"product_cat","embeddable":true,"href":"https:\/\/www.purejewels.com\/tr\/wp-json\/wp\/v2\/product_cat?post=405181"},{"taxonomy":"product_tag","embeddable":true,"href":"https:\/\/www.purejewels.com\/tr\/wp-json\/wp\/v2\/product_tag?post=405181"}],"curies":[{"name":"wp","href":"https:\/\/api.w.org\/{rel}","templated":true}]}}