{"id":405186,"date":"2025-06-16T06:54:54","date_gmt":"2025-06-16T05:54:54","guid":{"rendered":"https:\/\/www.purejewels.com\/?post_type=product&#038;p=405186"},"modified":"2026-03-27T06:20:10","modified_gmt":"2026-03-27T06:20:10","slug":"i%cc%87lahi%cc%87-cesaret-khanda-kolye-ucu-22-ayar-altin-48179","status":"publish","type":"product","link":"https:\/\/www.purejewels.com\/tr\/product\/divine-courage-khanda-pendant-22ct-gold-48179\/","title":{"rendered":"\u0130lahi Cesaret Khanda Kolye - 22 Ayar Alt\u0131n"},"content":{"rendered":"<p data-start=\"749\" data-end=\"1096\">Bu <strong data-start=\"753\" data-end=\"786\">\u0130lahi Cesaret Khanda Kolye Ucu<\/strong> i\u00e7inde <strong data-start=\"790\" data-end=\"803\">22 ayar alt\u0131n<\/strong> Sih kimli\u011finin, direncinin ve inanc\u0131n\u0131n etkileyici bir simgesidir. A\u011f\u0131rl\u0131\u011f\u0131 yakla\u015f\u0131k olarak <strong data-start=\"891\" data-end=\"904\">5.0 gram<\/strong>Bu karma\u015f\u0131k detayl\u0131 kolye ucunda kutsal Khanda bulunmaktad\u0131r: ger\u00e7e\u011fin iki ucu keskin k\u0131l\u0131c\u0131, birli\u011fin ebedi \u00e7emberi ve koruma ve dengeyi temsil eden ikiz kirpanlar.<\/p>\n<p data-start=\"1098\" data-end=\"1365\">G\u00fc\u00e7l\u00fc bir ruhani ifade olan bu kolye, t\u00f6renlerde takmak i\u00e7in veya d\u00f6n\u00fcm noktalar\u0131n\u0131, kutsamalar\u0131 veya ki\u015fisel yolculuklar\u0131 i\u015faret eden son derece anlaml\u0131 bir hediye olarak idealdir. Her bir par\u00e7a <strong data-start=\"1270\" data-end=\"1311\">Londra Tahlil Ofisi taraf\u0131ndan damgalanm\u0131\u015ft\u0131r<\/strong>safl\u0131\u011f\u0131n\u0131 ve i\u015f\u00e7ilikte m\u00fckemmelli\u011fi garanti eder.<\/p>\n<p data-start=\"1367\" data-end=\"1490\">G\u00fc\u00e7 ve ba\u011fl\u0131l\u0131\u011f\u0131n \u0131\u015f\u0131lt\u0131l\u0131 bir ifadesi olan bu kolye, miras\u0131n\u0131 gurur ve zarafetle ta\u015f\u0131yanlara aittir.<\/p>","protected":false},"excerpt":{"rendered":"<p>Sihlerin cesaret ve inan\u00e7 ruhunu yans\u0131tan \u0130lahi Cesaret Khanda Kolyesi 22 ayar som alt\u0131ndan \u00fcretilmi\u015ftir. Sembolizm a\u00e7\u0131s\u0131ndan zengin ve ki\u015fisel ba\u011fl\u0131l\u0131k veya hediye i\u00e7in m\u00fckemmel olan zamans\u0131z 5,0 gr'l\u0131k bir par\u00e7a.<\/p>\n<p><strong>Malzeme:<\/strong>\u00a022 Ayar Alt\u0131n<strong><br \/>\nHallmark:\u00a0<\/strong>\u0130ngiliz Damgas\u0131<strong><br \/>\n<\/strong><strong>Br\u00fct A\u011f\u0131rl\u0131k: <\/strong>5.00 Gms<strong><br \/>\nSKU: <\/strong>48179<\/p>\n<p><strong>Fiyat ve Teslimat<\/strong>:KDV ve teslimat \u00fccretleri dahil<br \/>\n<strong>Not<\/strong>: Zincir fiyat\u0131 dahil de\u011fildir<br \/>\n<a href=\"https:\/\/www.purejewels.com\/tr\/i%cc%87ade-poli%cc%87ti%cc%87kasi\/\">\u0130ade Politikas\u0131<\/a><\/p>","protected":false},"featured_media":405187,"comment_status":"closed","ping_status":"closed","template":"","meta":{"_eb_attr":"","_crsspst_to_jayantr4sg-hostcom":true},"product_brand":[],"product_cat":[1559,1571,1792,1229,1255,5604,1572,1701],"product_tag":[],"class_list":{"0":"post-405186","1":"product","2":"type-product","3":"status-publish","4":"has-post-thumbnail","6":"product_cat-birthday-gifts","7":"product_cat-fathers-day-gifts","8":"product_cat-festival-gifts","9":"product_cat-22ct-gold-jewellery","10":"product_cat-gold-pendants","11":"product_cat-khanda-pendants","12":"product_cat-mens-jewellery","13":"product_cat-religious-pendants","15":"first","16":"outofstock","17":"taxable","18":"shipping-taxable","19":"product-type-simple","20":"add-to-wishlist-before_image"},"yoast_head":"<!-- This site is optimized with the Yoast SEO plugin v27.6 - https:\/\/yoast.com\/product\/yoast-seo-wordpress\/ -->\n<title>Divine Courage Khanda Pendant | 22ct Gold Sikh Pendant<\/title>\n<meta name=\"description\" content=\"Discover the Divine Courage Khanda Pendant in 22ct Gold\u2013 a striking symbol of Sikh devotion and strength. Expertly crafted and hallmarked in the UK by PureJewels.\" \/>\n<meta name=\"robots\" content=\"index, follow, max-snippet:-1, max-image-preview:large, max-video-preview:-1\" \/>\n<link rel=\"canonical\" href=\"https:\/\/www.purejewels.com\/tr\/urun\/i\u0307lahi\u0307-cesaret-khanda-kolye-ucu-22-ayar-altin-48179\/\" \/>\n<meta property=\"og:locale\" content=\"tr_TR\" \/>\n<meta property=\"og:type\" content=\"article\" \/>\n<meta property=\"og:title\" content=\"Divine Courage Khanda Pendant | 22ct Gold Sikh Pendant\" \/>\n<meta property=\"og:description\" content=\"Discover the Divine Courage Khanda Pendant in 22ct Gold\u2013 a striking symbol of Sikh devotion and strength. Expertly crafted and hallmarked in the UK by PureJewels.\" \/>\n<meta property=\"og:url\" content=\"https:\/\/www.purejewels.com\/tr\/urun\/i\u0307lahi\u0307-cesaret-khanda-kolye-ucu-22-ayar-altin-48179\/\" \/>\n<meta property=\"og:site_name\" content=\"PureJewels UK\" \/>\n<meta property=\"article:modified_time\" content=\"2026-03-27T06:20:10+00:00\" \/>\n<meta property=\"og:image\" content=\"https:\/\/static.purejewels.com\/wp-content\/uploads\/2025\/07\/SKU-48179.jpg\" \/>\n\t<meta property=\"og:image:width\" content=\"1000\" \/>\n\t<meta property=\"og:image:height\" content=\"1000\" \/>\n\t<meta property=\"og:image:type\" content=\"image\/jpeg\" \/>\n<meta name=\"twitter:card\" content=\"summary_large_image\" \/>\n<meta name=\"twitter:label1\" content=\"Tahmini okuma s\u00fcresi\" \/>\n\t<meta name=\"twitter:data1\" content=\"1 dakika\" \/>\n<script type=\"application\/ld+json\" class=\"yoast-schema-graph\">{\"@context\":\"https:\\\/\\\/schema.org\",\"@graph\":[{\"@type\":[\"WebPage\",\"ItemPage\"],\"@id\":\"https:\\\/\\\/www.purejewels.com\\\/product\\\/divine-courage-khanda-pendant-22ct-gold-48179\\\/\",\"url\":\"https:\\\/\\\/www.purejewels.com\\\/product\\\/divine-courage-khanda-pendant-22ct-gold-48179\\\/\",\"name\":\"Divine Courage Khanda Pendant | 22ct Gold Sikh Pendant\",\"isPartOf\":{\"@id\":\"https:\\\/\\\/www.purejewels.com\\\/#website\"},\"primaryImageOfPage\":{\"@id\":\"https:\\\/\\\/www.purejewels.com\\\/product\\\/divine-courage-khanda-pendant-22ct-gold-48179\\\/#primaryimage\"},\"image\":{\"@id\":\"https:\\\/\\\/www.purejewels.com\\\/product\\\/divine-courage-khanda-pendant-22ct-gold-48179\\\/#primaryimage\"},\"thumbnailUrl\":\"https:\\\/\\\/static.purejewels.com\\\/wp-content\\\/uploads\\\/2025\\\/07\\\/SKU-48179.jpg\",\"datePublished\":\"2025-06-16T05:54:54+00:00\",\"dateModified\":\"2026-03-27T06:20:10+00:00\",\"description\":\"Discover the Divine Courage Khanda Pendant in 22ct Gold\u2013 a striking symbol of Sikh devotion and strength. Expertly crafted and hallmarked in the UK by PureJewels.\",\"breadcrumb\":{\"@id\":\"https:\\\/\\\/www.purejewels.com\\\/product\\\/divine-courage-khanda-pendant-22ct-gold-48179\\\/#breadcrumb\"},\"inLanguage\":\"tr\",\"potentialAction\":[{\"@type\":\"ReadAction\",\"target\":[\"https:\\\/\\\/www.purejewels.com\\\/product\\\/divine-courage-khanda-pendant-22ct-gold-48179\\\/\"]}]},{\"@type\":\"ImageObject\",\"inLanguage\":\"tr\",\"@id\":\"https:\\\/\\\/www.purejewels.com\\\/product\\\/divine-courage-khanda-pendant-22ct-gold-48179\\\/#primaryimage\",\"url\":\"https:\\\/\\\/static.purejewels.com\\\/wp-content\\\/uploads\\\/2025\\\/07\\\/SKU-48179.jpg\",\"contentUrl\":\"https:\\\/\\\/static.purejewels.com\\\/wp-content\\\/uploads\\\/2025\\\/07\\\/SKU-48179.jpg\",\"width\":1000,\"height\":1000,\"caption\":\"48179\"},{\"@type\":\"BreadcrumbList\",\"@id\":\"https:\\\/\\\/www.purejewels.com\\\/product\\\/divine-courage-khanda-pendant-22ct-gold-48179\\\/#breadcrumb\",\"itemListElement\":[{\"@type\":\"ListItem\",\"position\":1,\"name\":\"Home\",\"item\":\"https:\\\/\\\/www.purejewels.com\\\/\"},{\"@type\":\"ListItem\",\"position\":2,\"name\":\"Shop\",\"item\":\"https:\\\/\\\/www.purejewels.com\\\/shop\\\/\"},{\"@type\":\"ListItem\",\"position\":3,\"name\":\"Divine Courage Khanda Pendant \u2013 22ct Gold\"}]},{\"@type\":\"WebSite\",\"@id\":\"https:\\\/\\\/www.purejewels.com\\\/#website\",\"url\":\"https:\\\/\\\/www.purejewels.com\\\/\",\"name\":\"PureJewels UK\",\"description\":\"Share the Love\",\"publisher\":{\"@id\":\"https:\\\/\\\/www.purejewels.com\\\/#organization\"},\"potentialAction\":[{\"@type\":\"SearchAction\",\"target\":{\"@type\":\"EntryPoint\",\"urlTemplate\":\"https:\\\/\\\/www.purejewels.com\\\/?s={search_term_string}\"},\"query-input\":{\"@type\":\"PropertyValueSpecification\",\"valueRequired\":true,\"valueName\":\"search_term_string\"}}],\"inLanguage\":\"tr\"},{\"@type\":\"Organization\",\"@id\":\"https:\\\/\\\/www.purejewels.com\\\/#organization\",\"name\":\"PureJewels UK\",\"url\":\"https:\\\/\\\/www.purejewels.com\\\/\",\"logo\":{\"@type\":\"ImageObject\",\"inLanguage\":\"tr\",\"@id\":\"https:\\\/\\\/www.purejewels.com\\\/#\\\/schema\\\/logo\\\/image\\\/\",\"url\":\"https:\\\/\\\/static.purejewels.com\\\/wp-content\\\/uploads\\\/2020\\\/11\\\/Logo-PJ-New-1.png\",\"contentUrl\":\"https:\\\/\\\/static.purejewels.com\\\/wp-content\\\/uploads\\\/2020\\\/11\\\/Logo-PJ-New-1.png\",\"width\":150,\"height\":80,\"caption\":\"PureJewels UK\"},\"image\":{\"@id\":\"https:\\\/\\\/www.purejewels.com\\\/#\\\/schema\\\/logo\\\/image\\\/\"}}]}<\/script>\n<!-- \/ Yoast SEO plugin. -->","yoast_head_json":{"title":"\u0130lahi Cesaret Khanda Kolye | 22 Ayar Alt\u0131n Sih Kolye","description":"Sih ba\u011fl\u0131l\u0131\u011f\u0131n\u0131n ve g\u00fcc\u00fcn\u00fcn \u00e7arp\u0131c\u0131 bir sembol\u00fc olan 22 ayar alt\u0131ndan \u0130lahi Cesaret Khanda Kolyesini ke\u015ffedin. PureJewels taraf\u0131ndan \u0130ngiltere'de ustal\u0131kla haz\u0131rlanm\u0131\u015f ve damgalanm\u0131\u015ft\u0131r.","robots":{"index":"index","follow":"follow","max-snippet":"max-snippet:-1","max-image-preview":"max-image-preview:large","max-video-preview":"max-video-preview:-1"},"canonical":"https:\/\/www.purejewels.com\/tr\/urun\/i\u0307lahi\u0307-cesaret-khanda-kolye-ucu-22-ayar-altin-48179\/","og_locale":"tr_TR","og_type":"article","og_title":"Divine Courage Khanda Pendant | 22ct Gold Sikh Pendant","og_description":"Discover the Divine Courage Khanda Pendant in 22ct Gold\u2013 a striking symbol of Sikh devotion and strength. Expertly crafted and hallmarked in the UK by PureJewels.","og_url":"https:\/\/www.purejewels.com\/tr\/urun\/i\u0307lahi\u0307-cesaret-khanda-kolye-ucu-22-ayar-altin-48179\/","og_site_name":"PureJewels UK","article_modified_time":"2026-03-27T06:20:10+00:00","og_image":[{"width":1000,"height":1000,"url":"https:\/\/static.purejewels.com\/wp-content\/uploads\/2025\/07\/SKU-48179.jpg","type":"image\/jpeg"}],"twitter_card":"summary_large_image","twitter_misc":{"Tahmini okuma s\u00fcresi":"1 dakika"},"schema":{"@context":"https:\/\/schema.org","@graph":[{"@type":["WebPage","ItemPage"],"@id":"https:\/\/www.purejewels.com\/product\/divine-courage-khanda-pendant-22ct-gold-48179\/","url":"https:\/\/www.purejewels.com\/product\/divine-courage-khanda-pendant-22ct-gold-48179\/","name":"\u0130lahi Cesaret Khanda Kolye | 22 Ayar Alt\u0131n Sih Kolye","isPartOf":{"@id":"https:\/\/www.purejewels.com\/#website"},"primaryImageOfPage":{"@id":"https:\/\/www.purejewels.com\/product\/divine-courage-khanda-pendant-22ct-gold-48179\/#primaryimage"},"image":{"@id":"https:\/\/www.purejewels.com\/product\/divine-courage-khanda-pendant-22ct-gold-48179\/#primaryimage"},"thumbnailUrl":"https:\/\/static.purejewels.com\/wp-content\/uploads\/2025\/07\/SKU-48179.jpg","datePublished":"2025-06-16T05:54:54+00:00","dateModified":"2026-03-27T06:20:10+00:00","description":"Sih ba\u011fl\u0131l\u0131\u011f\u0131n\u0131n ve g\u00fcc\u00fcn\u00fcn \u00e7arp\u0131c\u0131 bir sembol\u00fc olan 22 ayar alt\u0131ndan \u0130lahi Cesaret Khanda Kolyesini ke\u015ffedin. PureJewels taraf\u0131ndan \u0130ngiltere'de ustal\u0131kla haz\u0131rlanm\u0131\u015f ve damgalanm\u0131\u015ft\u0131r.","breadcrumb":{"@id":"https:\/\/www.purejewels.com\/product\/divine-courage-khanda-pendant-22ct-gold-48179\/#breadcrumb"},"inLanguage":"tr","potentialAction":[{"@type":"ReadAction","target":["https:\/\/www.purejewels.com\/product\/divine-courage-khanda-pendant-22ct-gold-48179\/"]}]},{"@type":"ImageObject","inLanguage":"tr","@id":"https:\/\/www.purejewels.com\/product\/divine-courage-khanda-pendant-22ct-gold-48179\/#primaryimage","url":"https:\/\/static.purejewels.com\/wp-content\/uploads\/2025\/07\/SKU-48179.jpg","contentUrl":"https:\/\/static.purejewels.com\/wp-content\/uploads\/2025\/07\/SKU-48179.jpg","width":1000,"height":1000,"caption":"48179"},{"@type":"BreadcrumbList","@id":"https:\/\/www.purejewels.com\/product\/divine-courage-khanda-pendant-22ct-gold-48179\/#breadcrumb","itemListElement":[{"@type":"ListItem","position":1,"name":"Home","item":"https:\/\/www.purejewels.com\/"},{"@type":"ListItem","position":2,"name":"Shop","item":"https:\/\/www.purejewels.com\/shop\/"},{"@type":"ListItem","position":3,"name":"Divine Courage Khanda Pendant \u2013 22ct Gold"}]},{"@type":"WebSite","@id":"https:\/\/www.purejewels.com\/#website","url":"https:\/\/www.purejewels.com\/","name":"PureJewels \u0130ngiltere","description":"Sevgiyi Payla\u015f\u0131n","publisher":{"@id":"https:\/\/www.purejewels.com\/#organization"},"potentialAction":[{"@type":"SearchAction","target":{"@type":"EntryPoint","urlTemplate":"https:\/\/www.purejewels.com\/?s={search_term_string}"},"query-input":{"@type":"PropertyValueSpecification","valueRequired":true,"valueName":"search_term_string"}}],"inLanguage":"tr"},{"@type":"Organization","@id":"https:\/\/www.purejewels.com\/#organization","name":"PureJewels \u0130ngiltere","url":"https:\/\/www.purejewels.com\/","logo":{"@type":"ImageObject","inLanguage":"tr","@id":"https:\/\/www.purejewels.com\/#\/schema\/logo\/image\/","url":"https:\/\/static.purejewels.com\/wp-content\/uploads\/2020\/11\/Logo-PJ-New-1.png","contentUrl":"https:\/\/static.purejewels.com\/wp-content\/uploads\/2020\/11\/Logo-PJ-New-1.png","width":150,"height":80,"caption":"PureJewels UK"},"image":{"@id":"https:\/\/www.purejewels.com\/#\/schema\/logo\/image\/"}}]}},"_links":{"self":[{"href":"https:\/\/www.purejewels.com\/tr\/wp-json\/wp\/v2\/product\/405186","targetHints":{"allow":["GET"]}}],"collection":[{"href":"https:\/\/www.purejewels.com\/tr\/wp-json\/wp\/v2\/product"}],"about":[{"href":"https:\/\/www.purejewels.com\/tr\/wp-json\/wp\/v2\/types\/product"}],"replies":[{"embeddable":true,"href":"https:\/\/www.purejewels.com\/tr\/wp-json\/wp\/v2\/comments?post=405186"}],"version-history":[{"count":1,"href":"https:\/\/www.purejewels.com\/tr\/wp-json\/wp\/v2\/product\/405186\/revisions"}],"predecessor-version":[{"id":405188,"href":"https:\/\/www.purejewels.com\/tr\/wp-json\/wp\/v2\/product\/405186\/revisions\/405188"}],"wp:featuredmedia":[{"embeddable":true,"href":"https:\/\/www.purejewels.com\/tr\/wp-json\/wp\/v2\/media\/405187"}],"wp:attachment":[{"href":"https:\/\/www.purejewels.com\/tr\/wp-json\/wp\/v2\/media?parent=405186"}],"wp:term":[{"taxonomy":"product_brand","embeddable":true,"href":"https:\/\/www.purejewels.com\/tr\/wp-json\/wp\/v2\/product_brand?post=405186"},{"taxonomy":"product_cat","embeddable":true,"href":"https:\/\/www.purejewels.com\/tr\/wp-json\/wp\/v2\/product_cat?post=405186"},{"taxonomy":"product_tag","embeddable":true,"href":"https:\/\/www.purejewels.com\/tr\/wp-json\/wp\/v2\/product_tag?post=405186"}],"curies":[{"name":"wp","href":"https:\/\/api.w.org\/{rel}","templated":true}]}}