{"id":405242,"date":"2025-10-06T11:47:23","date_gmt":"2025-10-06T10:47:23","guid":{"rendered":"https:\/\/www.purejewels.com\/?post_type=product&#038;p=405242"},"modified":"2026-02-27T11:01:44","modified_gmt":"2026-02-27T11:01:44","slug":"lakshmi-lotus-grace-kolye-ucu-22-ayar-altin-48506","status":"publish","type":"product","link":"https:\/\/www.purejewels.com\/tr\/product\/lakshmi-lotus-grace-pendant-in-22ct-gold-48506\/","title":{"rendered":"Lakshmi Lotus Zarafet Kolyesi 22 Ayar Alt\u0131n"},"content":{"rendered":"<p><strong>Tasar\u0131m<\/strong><\/p>\n<p>Lakshmi Lotus Grace Kolye, refah, g\u00fczellik ve ilahi enerjinin ebedi sembol\u00fc olan Tanr\u0131\u00e7a Lakshmi'ye \u0131\u015f\u0131kl\u0131 bir \u00f6vg\u00fcd\u00fcr. Sakin bir duru\u015fla bir lotusun \u00fczerinde otururken tasvir edilen tanr\u0131\u00e7a, nesiller boyunca sayg\u0131 duyulan kutsal bir motif olan bolluk ve esenlik kutsamalar\u0131n\u0131 bah\u015federken g\u00f6sterilmi\u015ftir.<\/p>\n<p><strong>Zanaatkarl\u0131k<\/strong><\/p>\n<p>Saf 22 ayar alt\u0131ndan el i\u015f\u00e7ili\u011fiyle \u00fcretilen ve yakla\u015f\u0131k 3,9 gram a\u011f\u0131rl\u0131\u011f\u0131nda olan kolye ucu, en y\u00fcksek sanat standartlar\u0131n\u0131 yans\u0131tmaktad\u0131r. Londra Assay Ofisi taraf\u0131ndan damgalanarak \u00f6zg\u00fcnl\u00fc\u011f\u00fc ve safl\u0131\u011f\u0131 garanti alt\u0131na al\u0131nm\u0131\u015ft\u0131r. Lotus ve tanr\u0131\u00e7a formundaki ince detaylar zanaatk\u00e2r\u0131n ba\u011fl\u0131l\u0131\u011f\u0131n\u0131 ve hassasiyetini g\u00f6stermektedir.<\/p>\n<p><strong>\u015eekillendirme<\/strong><\/p>\n<p>Diwali, ki\u015fisel ruhani d\u00f6n\u00fcm noktalar\u0131 veya g\u00fcnl\u00fck kullan\u0131m i\u00e7in ideal olan bu kolye ucu hem zarafet hem de anlam ta\u015f\u0131r. Kalbe yak\u0131n tak\u0131ld\u0131\u011f\u0131nda, ki\u015finin hayat\u0131na zarafet, koruma ve refah\u0131 davet eden zamans\u0131z bir t\u0131ls\u0131m g\u00f6revi g\u00f6r\u00fcr.<\/p>","protected":false},"excerpt":{"rendered":"<p>22 ayar alt\u0131ndan yontulmu\u015f Lakshmi Lotus Grace Kolye Tanr\u0131\u00e7a Lakshmi'nin ilahi bereketini ve zarafetini yans\u0131t\u0131r. \u0130badet, hediye veya g\u00fcnl\u00fck koruma i\u00e7in anlaml\u0131 bir m\u00fccevher.<\/p>\n<p><strong>Malzeme:<\/strong>\u00a022 Ayar Alt\u0131n<strong><br \/>\nHallmark:\u00a0<\/strong>\u0130ngiliz Damgas\u0131<strong><br \/>\n<\/strong><strong>Br\u00fct A\u011f\u0131rl\u0131k: <\/strong>3.90 Gms<strong><br \/>\nSKU: <\/strong>48506<\/p>\n<p><strong>Fiyat ve Teslimat: <\/strong>KDV ve teslimat \u00fccretleri dahildir, zincir fiyat\u0131 dahil de\u011fildir<strong><br \/>\n<a href=\"https:\/\/www.purejewels.com\/tr\/i%cc%87ade-poli%cc%87ti%cc%87kasi\/\">\u0130ade Politikas\u0131<\/a><\/strong><\/p>","protected":false},"featured_media":405243,"comment_status":"closed","ping_status":"closed","template":"","meta":{"_eb_attr":"","_crsspst_to_jayantr4sg-hostcom":true},"product_brand":[],"product_cat":[1229,1255,1572,1768,1701,5349],"product_tag":[],"class_list":{"0":"post-405242","1":"product","2":"type-product","3":"status-publish","4":"has-post-thumbnail","6":"product_cat-22ct-gold-jewellery","7":"product_cat-gold-pendants","8":"product_cat-mens-jewellery","9":"product_cat-mens-pendants","10":"product_cat-religious-pendants","11":"product_cat-yellow-gold-jewellery","13":"first","14":"outofstock","15":"taxable","16":"shipping-taxable","17":"product-type-simple","18":"add-to-wishlist-before_image"},"yoast_head":"<!-- This site is optimized with the Yoast SEO plugin v27.5 - https:\/\/yoast.com\/product\/yoast-seo-wordpress\/ -->\n<title>Lakshmi Lotus Grace Pendant | 22ct Gold Hindu Jewellery<\/title>\n<meta name=\"description\" content=\"Invoke blessings with the Lakshmi Lotus Grace Pendant in 22ct Gold \u2013 a radiant symbol of wealth, beauty, and spiritual prosperity. Handcrafted and hallmarked in the UK.\" \/>\n<meta name=\"robots\" content=\"index, follow, max-snippet:-1, max-image-preview:large, max-video-preview:-1\" \/>\n<link rel=\"canonical\" href=\"https:\/\/www.purejewels.com\/tr\/urun\/lakshmi-lotus-grace-kolye-ucu-22-ayar-altin-48506\/\" \/>\n<meta property=\"og:locale\" content=\"tr_TR\" \/>\n<meta property=\"og:type\" content=\"article\" \/>\n<meta property=\"og:title\" content=\"Lakshmi Lotus Grace Pendant | 22ct Gold Hindu Jewellery\" \/>\n<meta property=\"og:description\" content=\"Invoke blessings with the Lakshmi Lotus Grace Pendant in 22ct Gold \u2013 a radiant symbol of wealth, beauty, and spiritual prosperity. Handcrafted and hallmarked in the UK.\" \/>\n<meta property=\"og:url\" content=\"https:\/\/www.purejewels.com\/tr\/urun\/lakshmi-lotus-grace-kolye-ucu-22-ayar-altin-48506\/\" \/>\n<meta property=\"og:site_name\" content=\"PureJewels UK\" \/>\n<meta property=\"article:modified_time\" content=\"2026-02-27T11:01:44+00:00\" \/>\n<meta property=\"og:image\" content=\"https:\/\/static.purejewels.com\/wp-content\/uploads\/2025\/07\/SKU-48506.jpg\" \/>\n\t<meta property=\"og:image:width\" content=\"1000\" \/>\n\t<meta property=\"og:image:height\" content=\"1000\" \/>\n\t<meta property=\"og:image:type\" content=\"image\/jpeg\" \/>\n<meta name=\"twitter:card\" content=\"summary_large_image\" \/>\n<meta name=\"twitter:label1\" content=\"Tahmini okuma s\u00fcresi\" \/>\n\t<meta name=\"twitter:data1\" content=\"1 dakika\" \/>\n<script type=\"application\/ld+json\" class=\"yoast-schema-graph\">{\"@context\":\"https:\\\/\\\/schema.org\",\"@graph\":[{\"@type\":[\"WebPage\",\"ItemPage\"],\"@id\":\"https:\\\/\\\/www.purejewels.com\\\/product\\\/lakshmi-lotus-grace-pendant-in-22ct-gold-48506\\\/\",\"url\":\"https:\\\/\\\/www.purejewels.com\\\/product\\\/lakshmi-lotus-grace-pendant-in-22ct-gold-48506\\\/\",\"name\":\"Lakshmi Lotus Grace Pendant | 22ct Gold Hindu Jewellery\",\"isPartOf\":{\"@id\":\"https:\\\/\\\/www.purejewels.com\\\/#website\"},\"primaryImageOfPage\":{\"@id\":\"https:\\\/\\\/www.purejewels.com\\\/product\\\/lakshmi-lotus-grace-pendant-in-22ct-gold-48506\\\/#primaryimage\"},\"image\":{\"@id\":\"https:\\\/\\\/www.purejewels.com\\\/product\\\/lakshmi-lotus-grace-pendant-in-22ct-gold-48506\\\/#primaryimage\"},\"thumbnailUrl\":\"https:\\\/\\\/static.purejewels.com\\\/wp-content\\\/uploads\\\/2025\\\/07\\\/SKU-48506.jpg\",\"datePublished\":\"2025-10-06T10:47:23+00:00\",\"dateModified\":\"2026-02-27T11:01:44+00:00\",\"description\":\"Invoke blessings with the Lakshmi Lotus Grace Pendant in 22ct Gold \u2013 a radiant symbol of wealth, beauty, and spiritual prosperity. Handcrafted and hallmarked in the UK.\",\"breadcrumb\":{\"@id\":\"https:\\\/\\\/www.purejewels.com\\\/product\\\/lakshmi-lotus-grace-pendant-in-22ct-gold-48506\\\/#breadcrumb\"},\"inLanguage\":\"tr\",\"potentialAction\":[{\"@type\":\"ReadAction\",\"target\":[\"https:\\\/\\\/www.purejewels.com\\\/product\\\/lakshmi-lotus-grace-pendant-in-22ct-gold-48506\\\/\"]}]},{\"@type\":\"ImageObject\",\"inLanguage\":\"tr\",\"@id\":\"https:\\\/\\\/www.purejewels.com\\\/product\\\/lakshmi-lotus-grace-pendant-in-22ct-gold-48506\\\/#primaryimage\",\"url\":\"https:\\\/\\\/static.purejewels.com\\\/wp-content\\\/uploads\\\/2025\\\/07\\\/SKU-48506.jpg\",\"contentUrl\":\"https:\\\/\\\/static.purejewels.com\\\/wp-content\\\/uploads\\\/2025\\\/07\\\/SKU-48506.jpg\",\"width\":1000,\"height\":1000,\"caption\":\"48506\"},{\"@type\":\"BreadcrumbList\",\"@id\":\"https:\\\/\\\/www.purejewels.com\\\/product\\\/lakshmi-lotus-grace-pendant-in-22ct-gold-48506\\\/#breadcrumb\",\"itemListElement\":[{\"@type\":\"ListItem\",\"position\":1,\"name\":\"Home\",\"item\":\"https:\\\/\\\/www.purejewels.com\\\/\"},{\"@type\":\"ListItem\",\"position\":2,\"name\":\"Shop\",\"item\":\"https:\\\/\\\/www.purejewels.com\\\/shop\\\/\"},{\"@type\":\"ListItem\",\"position\":3,\"name\":\"Lakshmi Lotus Grace Pendant in 22ct Gold\"}]},{\"@type\":\"WebSite\",\"@id\":\"https:\\\/\\\/www.purejewels.com\\\/#website\",\"url\":\"https:\\\/\\\/www.purejewels.com\\\/\",\"name\":\"PureJewels UK\",\"description\":\"Share the Love\",\"publisher\":{\"@id\":\"https:\\\/\\\/www.purejewels.com\\\/#organization\"},\"potentialAction\":[{\"@type\":\"SearchAction\",\"target\":{\"@type\":\"EntryPoint\",\"urlTemplate\":\"https:\\\/\\\/www.purejewels.com\\\/?s={search_term_string}\"},\"query-input\":{\"@type\":\"PropertyValueSpecification\",\"valueRequired\":true,\"valueName\":\"search_term_string\"}}],\"inLanguage\":\"tr\"},{\"@type\":\"Organization\",\"@id\":\"https:\\\/\\\/www.purejewels.com\\\/#organization\",\"name\":\"PureJewels UK\",\"url\":\"https:\\\/\\\/www.purejewels.com\\\/\",\"logo\":{\"@type\":\"ImageObject\",\"inLanguage\":\"tr\",\"@id\":\"https:\\\/\\\/www.purejewels.com\\\/#\\\/schema\\\/logo\\\/image\\\/\",\"url\":\"https:\\\/\\\/static.purejewels.com\\\/wp-content\\\/uploads\\\/2020\\\/11\\\/Logo-PJ-New-1.png\",\"contentUrl\":\"https:\\\/\\\/static.purejewels.com\\\/wp-content\\\/uploads\\\/2020\\\/11\\\/Logo-PJ-New-1.png\",\"width\":150,\"height\":80,\"caption\":\"PureJewels UK\"},\"image\":{\"@id\":\"https:\\\/\\\/www.purejewels.com\\\/#\\\/schema\\\/logo\\\/image\\\/\"}}]}<\/script>\n<!-- \/ Yoast SEO plugin. -->","yoast_head_json":{"title":"Lakshmi Lotus Grace Kolye | 22 Ayar Alt\u0131n Hindu Tak\u0131lar\u0131","description":"Zenginli\u011fin, g\u00fczelli\u011fin ve ruhani refah\u0131n \u0131\u015f\u0131lt\u0131l\u0131 sembol\u00fc olan 22 Ayar Alt\u0131n Lakshmi Lotus Grace Kolye ile bereket \u00e7a\u011f\u0131r\u0131n. \u0130ngiltere'de el yap\u0131m\u0131 ve damgal\u0131.","robots":{"index":"index","follow":"follow","max-snippet":"max-snippet:-1","max-image-preview":"max-image-preview:large","max-video-preview":"max-video-preview:-1"},"canonical":"https:\/\/www.purejewels.com\/tr\/urun\/lakshmi-lotus-grace-kolye-ucu-22-ayar-altin-48506\/","og_locale":"tr_TR","og_type":"article","og_title":"Lakshmi Lotus Grace Pendant | 22ct Gold Hindu Jewellery","og_description":"Invoke blessings with the Lakshmi Lotus Grace Pendant in 22ct Gold \u2013 a radiant symbol of wealth, beauty, and spiritual prosperity. Handcrafted and hallmarked in the UK.","og_url":"https:\/\/www.purejewels.com\/tr\/urun\/lakshmi-lotus-grace-kolye-ucu-22-ayar-altin-48506\/","og_site_name":"PureJewels UK","article_modified_time":"2026-02-27T11:01:44+00:00","og_image":[{"width":1000,"height":1000,"url":"https:\/\/static.purejewels.com\/wp-content\/uploads\/2025\/07\/SKU-48506.jpg","type":"image\/jpeg"}],"twitter_card":"summary_large_image","twitter_misc":{"Tahmini okuma s\u00fcresi":"1 dakika"},"schema":{"@context":"https:\/\/schema.org","@graph":[{"@type":["WebPage","ItemPage"],"@id":"https:\/\/www.purejewels.com\/product\/lakshmi-lotus-grace-pendant-in-22ct-gold-48506\/","url":"https:\/\/www.purejewels.com\/product\/lakshmi-lotus-grace-pendant-in-22ct-gold-48506\/","name":"Lakshmi Lotus Grace Kolye | 22 Ayar Alt\u0131n Hindu Tak\u0131lar\u0131","isPartOf":{"@id":"https:\/\/www.purejewels.com\/#website"},"primaryImageOfPage":{"@id":"https:\/\/www.purejewels.com\/product\/lakshmi-lotus-grace-pendant-in-22ct-gold-48506\/#primaryimage"},"image":{"@id":"https:\/\/www.purejewels.com\/product\/lakshmi-lotus-grace-pendant-in-22ct-gold-48506\/#primaryimage"},"thumbnailUrl":"https:\/\/static.purejewels.com\/wp-content\/uploads\/2025\/07\/SKU-48506.jpg","datePublished":"2025-10-06T10:47:23+00:00","dateModified":"2026-02-27T11:01:44+00:00","description":"Zenginli\u011fin, g\u00fczelli\u011fin ve ruhani refah\u0131n \u0131\u015f\u0131lt\u0131l\u0131 sembol\u00fc olan 22 Ayar Alt\u0131n Lakshmi Lotus Grace Kolye ile bereket \u00e7a\u011f\u0131r\u0131n. \u0130ngiltere'de el yap\u0131m\u0131 ve damgal\u0131.","breadcrumb":{"@id":"https:\/\/www.purejewels.com\/product\/lakshmi-lotus-grace-pendant-in-22ct-gold-48506\/#breadcrumb"},"inLanguage":"tr","potentialAction":[{"@type":"ReadAction","target":["https:\/\/www.purejewels.com\/product\/lakshmi-lotus-grace-pendant-in-22ct-gold-48506\/"]}]},{"@type":"ImageObject","inLanguage":"tr","@id":"https:\/\/www.purejewels.com\/product\/lakshmi-lotus-grace-pendant-in-22ct-gold-48506\/#primaryimage","url":"https:\/\/static.purejewels.com\/wp-content\/uploads\/2025\/07\/SKU-48506.jpg","contentUrl":"https:\/\/static.purejewels.com\/wp-content\/uploads\/2025\/07\/SKU-48506.jpg","width":1000,"height":1000,"caption":"48506"},{"@type":"BreadcrumbList","@id":"https:\/\/www.purejewels.com\/product\/lakshmi-lotus-grace-pendant-in-22ct-gold-48506\/#breadcrumb","itemListElement":[{"@type":"ListItem","position":1,"name":"Home","item":"https:\/\/www.purejewels.com\/"},{"@type":"ListItem","position":2,"name":"Shop","item":"https:\/\/www.purejewels.com\/shop\/"},{"@type":"ListItem","position":3,"name":"Lakshmi Lotus Grace Pendant in 22ct Gold"}]},{"@type":"WebSite","@id":"https:\/\/www.purejewels.com\/#website","url":"https:\/\/www.purejewels.com\/","name":"PureJewels \u0130ngiltere","description":"Sevgiyi Payla\u015f\u0131n","publisher":{"@id":"https:\/\/www.purejewels.com\/#organization"},"potentialAction":[{"@type":"SearchAction","target":{"@type":"EntryPoint","urlTemplate":"https:\/\/www.purejewels.com\/?s={search_term_string}"},"query-input":{"@type":"PropertyValueSpecification","valueRequired":true,"valueName":"search_term_string"}}],"inLanguage":"tr"},{"@type":"Organization","@id":"https:\/\/www.purejewels.com\/#organization","name":"PureJewels \u0130ngiltere","url":"https:\/\/www.purejewels.com\/","logo":{"@type":"ImageObject","inLanguage":"tr","@id":"https:\/\/www.purejewels.com\/#\/schema\/logo\/image\/","url":"https:\/\/static.purejewels.com\/wp-content\/uploads\/2020\/11\/Logo-PJ-New-1.png","contentUrl":"https:\/\/static.purejewels.com\/wp-content\/uploads\/2020\/11\/Logo-PJ-New-1.png","width":150,"height":80,"caption":"PureJewels UK"},"image":{"@id":"https:\/\/www.purejewels.com\/#\/schema\/logo\/image\/"}}]}},"_links":{"self":[{"href":"https:\/\/www.purejewels.com\/tr\/wp-json\/wp\/v2\/product\/405242","targetHints":{"allow":["GET"]}}],"collection":[{"href":"https:\/\/www.purejewels.com\/tr\/wp-json\/wp\/v2\/product"}],"about":[{"href":"https:\/\/www.purejewels.com\/tr\/wp-json\/wp\/v2\/types\/product"}],"replies":[{"embeddable":true,"href":"https:\/\/www.purejewels.com\/tr\/wp-json\/wp\/v2\/comments?post=405242"}],"version-history":[{"count":2,"href":"https:\/\/www.purejewels.com\/tr\/wp-json\/wp\/v2\/product\/405242\/revisions"}],"predecessor-version":[{"id":419162,"href":"https:\/\/www.purejewels.com\/tr\/wp-json\/wp\/v2\/product\/405242\/revisions\/419162"}],"wp:featuredmedia":[{"embeddable":true,"href":"https:\/\/www.purejewels.com\/tr\/wp-json\/wp\/v2\/media\/405243"}],"wp:attachment":[{"href":"https:\/\/www.purejewels.com\/tr\/wp-json\/wp\/v2\/media?parent=405242"}],"wp:term":[{"taxonomy":"product_brand","embeddable":true,"href":"https:\/\/www.purejewels.com\/tr\/wp-json\/wp\/v2\/product_brand?post=405242"},{"taxonomy":"product_cat","embeddable":true,"href":"https:\/\/www.purejewels.com\/tr\/wp-json\/wp\/v2\/product_cat?post=405242"},{"taxonomy":"product_tag","embeddable":true,"href":"https:\/\/www.purejewels.com\/tr\/wp-json\/wp\/v2\/product_tag?post=405242"}],"curies":[{"name":"wp","href":"https:\/\/api.w.org\/{rel}","templated":true}]}}