{"id":405246,"date":"2025-06-16T12:16:19","date_gmt":"2025-06-16T11:16:19","guid":{"rendered":"https:\/\/www.purejewels.com\/?post_type=product&#038;p=405246"},"modified":"2026-04-24T11:12:52","modified_gmt":"2026-04-24T10:12:52","slug":"sai-baba-grace-kolye-ucu-22-ayar-altin-48507","status":"publish","type":"product","link":"https:\/\/www.purejewels.com\/tr\/product\/sai-baba-grace-pendant-in-22ct-gold-48507\/","title":{"rendered":"Sai Baba Zarafet Kolyesi 22 Ayar Alt\u0131n"},"content":{"rendered":"<p data-start=\"834\" data-end=\"1180\">Bu <strong data-start=\"838\" data-end=\"877\">Sai Baba Zarafet Kolyesi 22 Ayar Alt\u0131n<\/strong> zamans\u0131z \u00f6\u011fretilerine bir \u00f6vg\u00fcd\u00fcr. <strong data-start=\"920\" data-end=\"939\">Shirdi Sai Baba<\/strong>bilgeli\u011fi, merhameti ve ilahi enerjisiyle farkl\u0131 inan\u00e7larda sayg\u0131 g\u00f6ren bir aziz. Oyuncular <strong data-start=\"1026\" data-end=\"1044\">saf 22 ayar alt\u0131n<\/strong> ve yakla\u015f\u0131k olarak <strong data-start=\"1072\" data-end=\"1085\">4,8 gram<\/strong>Bu kolye Baba'n\u0131n nazik, kutsayan elini ve huzurlu ifadesini zarif ayr\u0131nt\u0131larla yakal\u0131yor.<\/p>\n<p data-start=\"1182\" data-end=\"1504\">\u0130ster g\u00fcnl\u00fck bir ba\u011fl\u0131l\u0131k simgesi olarak tak\u0131ls\u0131n, ister ruhani bir hediye olarak sunulsun, bu par\u00e7a koruma, i\u00e7 huzur ve Sai Baba'n\u0131n temel de\u011ferlerinin s\u00fcrekli bir hat\u0131rlat\u0131c\u0131s\u0131d\u0131r: <strong data-start=\"1351\" data-end=\"1371\">Shraddha (inan\u00e7)<\/strong> ve <strong data-start=\"1376\" data-end=\"1397\">Saburi (sab\u0131r)<\/strong>. G\u00fczelce damgalanm\u0131\u015f <strong data-start=\"1429\" data-end=\"1452\">Londra Tahlil Ofisi<\/strong>Bu kolye alt\u0131nla sar\u0131lm\u0131\u015f bir inan\u00e7 miras\u0131d\u0131r.<\/p>\n<p data-start=\"1506\" data-end=\"1589\">Kalbinize yak\u0131n bir yere tak\u0131n ve ruhani yolunuzda yol g\u00f6sterici bir varl\u0131k olmas\u0131na izin verin.<\/p>","protected":false},"excerpt":{"rendered":"<p>22 ayar alt\u0131ndan yontulmu\u015f Sai Baba Grace Kolyesi huzur ve ruhani ba\u011flant\u0131 yay\u0131yor. Ba\u011fl\u0131l\u0131k, g\u00fcven ve ilahi kutsamalar\u0131n zamans\u0131z 4,8 gr'l\u0131k sembol\u00fc.<\/p>\n<p><strong>Malzeme:<\/strong>\u00a022 Ayar Alt\u0131n<strong><br \/>\nHallmark:\u00a0<\/strong>\u0130ngiliz Damgas\u0131<strong><br \/>\n<\/strong><strong>Br\u00fct A\u011f\u0131rl\u0131k: <\/strong>4.80 Gms<strong><br \/>\nSKU: <\/strong>48507<\/p>\n<p><strong>Fiyat ve Teslimat: <\/strong>KDV ve teslimat \u00fccretleri dahildir, zincir fiyat\u0131 dahil de\u011fildir<strong><br \/>\n<a href=\"https:\/\/www.purejewels.com\/tr\/i%cc%87ade-poli%cc%87ti%cc%87kasi\/\">\u0130ade Politikas\u0131<\/a><\/strong><\/p>","protected":false},"featured_media":405353,"comment_status":"closed","ping_status":"closed","template":"","meta":{"_eb_attr":"","_crsspst_to_jayantr4sg-hostcom":true},"product_brand":[],"product_cat":[1229,1255,1572,1768,1701,5349],"product_tag":[],"class_list":{"0":"post-405246","1":"product","2":"type-product","3":"status-publish","4":"has-post-thumbnail","6":"product_cat-22ct-gold-jewellery","7":"product_cat-gold-pendants","8":"product_cat-mens-jewellery","9":"product_cat-mens-pendants","10":"product_cat-religious-pendants","11":"product_cat-yellow-gold-jewellery","13":"first","14":"instock","15":"taxable","16":"shipping-taxable","17":"purchasable","18":"product-type-simple","19":"add-to-wishlist-before_image"},"yoast_head":"<!-- This site is optimized with the Yoast SEO plugin v27.5 - https:\/\/yoast.com\/product\/yoast-seo-wordpress\/ -->\n<title>Sai Baba Grace Pendant | 22ct Gold Devotional Pendant<\/title>\n<meta name=\"description\" content=\"Embrace divine guidance with the Sai Baba Grace Pendant in 22ct Gold\u2013 a sacred emblem of peace, protection, and spiritual devotion. Hallmarked in the UK.\" \/>\n<meta name=\"robots\" content=\"index, follow, max-snippet:-1, max-image-preview:large, max-video-preview:-1\" \/>\n<link rel=\"canonical\" href=\"https:\/\/www.purejewels.com\/tr\/urun\/sai-baba-grace-kolye-ucu-22-ayar-altin-48507\/\" \/>\n<meta property=\"og:locale\" content=\"tr_TR\" \/>\n<meta property=\"og:type\" content=\"article\" \/>\n<meta property=\"og:title\" content=\"Sai Baba Grace Pendant | 22ct Gold Devotional Pendant\" \/>\n<meta property=\"og:description\" content=\"Embrace divine guidance with the Sai Baba Grace Pendant in 22ct Gold\u2013 a sacred emblem of peace, protection, and spiritual devotion. Hallmarked in the UK.\" \/>\n<meta property=\"og:url\" content=\"https:\/\/www.purejewels.com\/tr\/urun\/sai-baba-grace-kolye-ucu-22-ayar-altin-48507\/\" \/>\n<meta property=\"og:site_name\" content=\"PureJewels UK\" \/>\n<meta property=\"article:modified_time\" content=\"2026-04-24T10:12:52+00:00\" \/>\n<meta property=\"og:image\" content=\"https:\/\/static.purejewels.com\/wp-content\/uploads\/2025\/06\/SKU-48507.jpg\" \/>\n\t<meta property=\"og:image:width\" content=\"1000\" \/>\n\t<meta property=\"og:image:height\" content=\"1000\" \/>\n\t<meta property=\"og:image:type\" content=\"image\/jpeg\" \/>\n<meta name=\"twitter:card\" content=\"summary_large_image\" \/>\n<meta name=\"twitter:label1\" content=\"Tahmini okuma s\u00fcresi\" \/>\n\t<meta name=\"twitter:data1\" content=\"1 dakika\" \/>\n<script type=\"application\/ld+json\" class=\"yoast-schema-graph\">{\"@context\":\"https:\\\/\\\/schema.org\",\"@graph\":[{\"@type\":[\"WebPage\",\"ItemPage\"],\"@id\":\"https:\\\/\\\/www.purejewels.com\\\/product\\\/sai-baba-grace-pendant-in-22ct-gold-48507\\\/\",\"url\":\"https:\\\/\\\/www.purejewels.com\\\/product\\\/sai-baba-grace-pendant-in-22ct-gold-48507\\\/\",\"name\":\"Sai Baba Grace Pendant | 22ct Gold Devotional Pendant\",\"isPartOf\":{\"@id\":\"https:\\\/\\\/www.purejewels.com\\\/#website\"},\"primaryImageOfPage\":{\"@id\":\"https:\\\/\\\/www.purejewels.com\\\/product\\\/sai-baba-grace-pendant-in-22ct-gold-48507\\\/#primaryimage\"},\"image\":{\"@id\":\"https:\\\/\\\/www.purejewels.com\\\/product\\\/sai-baba-grace-pendant-in-22ct-gold-48507\\\/#primaryimage\"},\"thumbnailUrl\":\"https:\\\/\\\/static.purejewels.com\\\/wp-content\\\/uploads\\\/2025\\\/06\\\/SKU-48507.jpg\",\"datePublished\":\"2025-06-16T11:16:19+00:00\",\"dateModified\":\"2026-04-24T10:12:52+00:00\",\"description\":\"Embrace divine guidance with the Sai Baba Grace Pendant in 22ct Gold\u2013 a sacred emblem of peace, protection, and spiritual devotion. Hallmarked in the UK.\",\"breadcrumb\":{\"@id\":\"https:\\\/\\\/www.purejewels.com\\\/product\\\/sai-baba-grace-pendant-in-22ct-gold-48507\\\/#breadcrumb\"},\"inLanguage\":\"tr\",\"potentialAction\":[{\"@type\":\"ReadAction\",\"target\":[\"https:\\\/\\\/www.purejewels.com\\\/product\\\/sai-baba-grace-pendant-in-22ct-gold-48507\\\/\"]}]},{\"@type\":\"ImageObject\",\"inLanguage\":\"tr\",\"@id\":\"https:\\\/\\\/www.purejewels.com\\\/product\\\/sai-baba-grace-pendant-in-22ct-gold-48507\\\/#primaryimage\",\"url\":\"https:\\\/\\\/static.purejewels.com\\\/wp-content\\\/uploads\\\/2025\\\/06\\\/SKU-48507.jpg\",\"contentUrl\":\"https:\\\/\\\/static.purejewels.com\\\/wp-content\\\/uploads\\\/2025\\\/06\\\/SKU-48507.jpg\",\"width\":1000,\"height\":1000,\"caption\":\"48507\"},{\"@type\":\"BreadcrumbList\",\"@id\":\"https:\\\/\\\/www.purejewels.com\\\/product\\\/sai-baba-grace-pendant-in-22ct-gold-48507\\\/#breadcrumb\",\"itemListElement\":[{\"@type\":\"ListItem\",\"position\":1,\"name\":\"Home\",\"item\":\"https:\\\/\\\/www.purejewels.com\\\/\"},{\"@type\":\"ListItem\",\"position\":2,\"name\":\"Shop\",\"item\":\"https:\\\/\\\/www.purejewels.com\\\/shop\\\/\"},{\"@type\":\"ListItem\",\"position\":3,\"name\":\"Sai Baba Grace Pendant in 22ct Gold\"}]},{\"@type\":\"WebSite\",\"@id\":\"https:\\\/\\\/www.purejewels.com\\\/#website\",\"url\":\"https:\\\/\\\/www.purejewels.com\\\/\",\"name\":\"PureJewels UK\",\"description\":\"Share the Love\",\"publisher\":{\"@id\":\"https:\\\/\\\/www.purejewels.com\\\/#organization\"},\"potentialAction\":[{\"@type\":\"SearchAction\",\"target\":{\"@type\":\"EntryPoint\",\"urlTemplate\":\"https:\\\/\\\/www.purejewels.com\\\/?s={search_term_string}\"},\"query-input\":{\"@type\":\"PropertyValueSpecification\",\"valueRequired\":true,\"valueName\":\"search_term_string\"}}],\"inLanguage\":\"tr\"},{\"@type\":\"Organization\",\"@id\":\"https:\\\/\\\/www.purejewels.com\\\/#organization\",\"name\":\"PureJewels UK\",\"url\":\"https:\\\/\\\/www.purejewels.com\\\/\",\"logo\":{\"@type\":\"ImageObject\",\"inLanguage\":\"tr\",\"@id\":\"https:\\\/\\\/www.purejewels.com\\\/#\\\/schema\\\/logo\\\/image\\\/\",\"url\":\"https:\\\/\\\/static.purejewels.com\\\/wp-content\\\/uploads\\\/2020\\\/11\\\/Logo-PJ-New-1.png\",\"contentUrl\":\"https:\\\/\\\/static.purejewels.com\\\/wp-content\\\/uploads\\\/2020\\\/11\\\/Logo-PJ-New-1.png\",\"width\":150,\"height\":80,\"caption\":\"PureJewels UK\"},\"image\":{\"@id\":\"https:\\\/\\\/www.purejewels.com\\\/#\\\/schema\\\/logo\\\/image\\\/\"}}]}<\/script>\n<!-- \/ Yoast SEO plugin. -->","yoast_head_json":{"title":"Sai Baba Grace Kolye | 22 Ayar Alt\u0131n Adanm\u0131\u015fl\u0131k Kolyesi","description":"Bar\u0131\u015f, koruma ve ruhani ba\u011fl\u0131l\u0131\u011f\u0131n kutsal bir amblemi olan 22 ayar alt\u0131ndan Sai Baba Grace Kolyesi ile ilahi rehberli\u011fi kucaklay\u0131n. \u0130ngiltere'de damgalanm\u0131\u015ft\u0131r.","robots":{"index":"index","follow":"follow","max-snippet":"max-snippet:-1","max-image-preview":"max-image-preview:large","max-video-preview":"max-video-preview:-1"},"canonical":"https:\/\/www.purejewels.com\/tr\/urun\/sai-baba-grace-kolye-ucu-22-ayar-altin-48507\/","og_locale":"tr_TR","og_type":"article","og_title":"Sai Baba Grace Pendant | 22ct Gold Devotional Pendant","og_description":"Embrace divine guidance with the Sai Baba Grace Pendant in 22ct Gold\u2013 a sacred emblem of peace, protection, and spiritual devotion. Hallmarked in the UK.","og_url":"https:\/\/www.purejewels.com\/tr\/urun\/sai-baba-grace-kolye-ucu-22-ayar-altin-48507\/","og_site_name":"PureJewels UK","article_modified_time":"2026-04-24T10:12:52+00:00","og_image":[{"width":1000,"height":1000,"url":"https:\/\/static.purejewels.com\/wp-content\/uploads\/2025\/06\/SKU-48507.jpg","type":"image\/jpeg"}],"twitter_card":"summary_large_image","twitter_misc":{"Tahmini okuma s\u00fcresi":"1 dakika"},"schema":{"@context":"https:\/\/schema.org","@graph":[{"@type":["WebPage","ItemPage"],"@id":"https:\/\/www.purejewels.com\/product\/sai-baba-grace-pendant-in-22ct-gold-48507\/","url":"https:\/\/www.purejewels.com\/product\/sai-baba-grace-pendant-in-22ct-gold-48507\/","name":"Sai Baba Grace Kolye | 22 Ayar Alt\u0131n Adanm\u0131\u015fl\u0131k Kolyesi","isPartOf":{"@id":"https:\/\/www.purejewels.com\/#website"},"primaryImageOfPage":{"@id":"https:\/\/www.purejewels.com\/product\/sai-baba-grace-pendant-in-22ct-gold-48507\/#primaryimage"},"image":{"@id":"https:\/\/www.purejewels.com\/product\/sai-baba-grace-pendant-in-22ct-gold-48507\/#primaryimage"},"thumbnailUrl":"https:\/\/static.purejewels.com\/wp-content\/uploads\/2025\/06\/SKU-48507.jpg","datePublished":"2025-06-16T11:16:19+00:00","dateModified":"2026-04-24T10:12:52+00:00","description":"Bar\u0131\u015f, koruma ve ruhani ba\u011fl\u0131l\u0131\u011f\u0131n kutsal bir amblemi olan 22 ayar alt\u0131ndan Sai Baba Grace Kolyesi ile ilahi rehberli\u011fi kucaklay\u0131n. \u0130ngiltere'de damgalanm\u0131\u015ft\u0131r.","breadcrumb":{"@id":"https:\/\/www.purejewels.com\/product\/sai-baba-grace-pendant-in-22ct-gold-48507\/#breadcrumb"},"inLanguage":"tr","potentialAction":[{"@type":"ReadAction","target":["https:\/\/www.purejewels.com\/product\/sai-baba-grace-pendant-in-22ct-gold-48507\/"]}]},{"@type":"ImageObject","inLanguage":"tr","@id":"https:\/\/www.purejewels.com\/product\/sai-baba-grace-pendant-in-22ct-gold-48507\/#primaryimage","url":"https:\/\/static.purejewels.com\/wp-content\/uploads\/2025\/06\/SKU-48507.jpg","contentUrl":"https:\/\/static.purejewels.com\/wp-content\/uploads\/2025\/06\/SKU-48507.jpg","width":1000,"height":1000,"caption":"48507"},{"@type":"BreadcrumbList","@id":"https:\/\/www.purejewels.com\/product\/sai-baba-grace-pendant-in-22ct-gold-48507\/#breadcrumb","itemListElement":[{"@type":"ListItem","position":1,"name":"Home","item":"https:\/\/www.purejewels.com\/"},{"@type":"ListItem","position":2,"name":"Shop","item":"https:\/\/www.purejewels.com\/shop\/"},{"@type":"ListItem","position":3,"name":"Sai Baba Grace Pendant in 22ct Gold"}]},{"@type":"WebSite","@id":"https:\/\/www.purejewels.com\/#website","url":"https:\/\/www.purejewels.com\/","name":"PureJewels \u0130ngiltere","description":"Sevgiyi Payla\u015f\u0131n","publisher":{"@id":"https:\/\/www.purejewels.com\/#organization"},"potentialAction":[{"@type":"SearchAction","target":{"@type":"EntryPoint","urlTemplate":"https:\/\/www.purejewels.com\/?s={search_term_string}"},"query-input":{"@type":"PropertyValueSpecification","valueRequired":true,"valueName":"search_term_string"}}],"inLanguage":"tr"},{"@type":"Organization","@id":"https:\/\/www.purejewels.com\/#organization","name":"PureJewels \u0130ngiltere","url":"https:\/\/www.purejewels.com\/","logo":{"@type":"ImageObject","inLanguage":"tr","@id":"https:\/\/www.purejewels.com\/#\/schema\/logo\/image\/","url":"https:\/\/static.purejewels.com\/wp-content\/uploads\/2020\/11\/Logo-PJ-New-1.png","contentUrl":"https:\/\/static.purejewels.com\/wp-content\/uploads\/2020\/11\/Logo-PJ-New-1.png","width":150,"height":80,"caption":"PureJewels UK"},"image":{"@id":"https:\/\/www.purejewels.com\/#\/schema\/logo\/image\/"}}]}},"_links":{"self":[{"href":"https:\/\/www.purejewels.com\/tr\/wp-json\/wp\/v2\/product\/405246","targetHints":{"allow":["GET"]}}],"collection":[{"href":"https:\/\/www.purejewels.com\/tr\/wp-json\/wp\/v2\/product"}],"about":[{"href":"https:\/\/www.purejewels.com\/tr\/wp-json\/wp\/v2\/types\/product"}],"replies":[{"embeddable":true,"href":"https:\/\/www.purejewels.com\/tr\/wp-json\/wp\/v2\/comments?post=405246"}],"version-history":[{"count":1,"href":"https:\/\/www.purejewels.com\/tr\/wp-json\/wp\/v2\/product\/405246\/revisions"}],"predecessor-version":[{"id":405248,"href":"https:\/\/www.purejewels.com\/tr\/wp-json\/wp\/v2\/product\/405246\/revisions\/405248"}],"wp:featuredmedia":[{"embeddable":true,"href":"https:\/\/www.purejewels.com\/tr\/wp-json\/wp\/v2\/media\/405353"}],"wp:attachment":[{"href":"https:\/\/www.purejewels.com\/tr\/wp-json\/wp\/v2\/media?parent=405246"}],"wp:term":[{"taxonomy":"product_brand","embeddable":true,"href":"https:\/\/www.purejewels.com\/tr\/wp-json\/wp\/v2\/product_brand?post=405246"},{"taxonomy":"product_cat","embeddable":true,"href":"https:\/\/www.purejewels.com\/tr\/wp-json\/wp\/v2\/product_cat?post=405246"},{"taxonomy":"product_tag","embeddable":true,"href":"https:\/\/www.purejewels.com\/tr\/wp-json\/wp\/v2\/product_tag?post=405246"}],"curies":[{"name":"wp","href":"https:\/\/api.w.org\/{rel}","templated":true}]}}