{"id":405354,"date":"2025-07-17T05:15:40","date_gmt":"2025-07-17T04:15:40","guid":{"rendered":"https:\/\/www.purejewels.com\/?post_type=product&#038;p=405354"},"modified":"2026-04-24T11:07:16","modified_gmt":"2026-04-24T10:07:16","slug":"22ct-48650de-shiva-altin-kolye-ucu","status":"publish","type":"product","link":"https:\/\/www.purejewels.com\/tr\/product\/shiva-gold-pendant-in-22ct-48650\/","title":{"rendered":"22ct Shiva Alt\u0131n Kolye Ucu"},"content":{"rendered":"<p data-start=\"698\" data-end=\"1042\">\u0130lahi g\u00fcc\u00fc bizim ile kutlay\u0131n <strong data-start=\"733\" data-end=\"767\">22 Ayar Alt\u0131n Shiva Kolye Ucu (3.1g)<\/strong> - Lord Shiva'n\u0131n d\u00f6n\u00fc\u015ft\u00fcr\u00fcc\u00fc enerjisinin \u0131\u015f\u0131lt\u0131l\u0131 bir sembol\u00fc. Y\u00fcksek safl\u0131kta alt\u0131ndan zarif bir \u015fekilde d\u00f6k\u00fclen bu par\u00e7a, g\u00fcnl\u00fck kullan\u0131m veya kutsal g\u00fcnler i\u00e7in ideal olan sayg\u0131y\u0131 ve zamans\u0131z tasar\u0131m\u0131 yans\u0131t\u0131r. Hafif zarafeti onu anlaml\u0131 bir hediye veya de\u011ferli bir ki\u015fisel t\u0131ls\u0131m haline getirir.<\/p>\n<p data-start=\"1044\" data-end=\"1300\">PureJewels'in her bir \u00fcr\u00fcn\u00fc zanaatk\u00e2rl\u0131k miras\u0131m\u0131z\u0131 onurland\u0131r\u0131r ve bu kolye ucu, safl\u0131k damgas\u0131 ile <strong>Londra Tahlil Ofisi<\/strong>. \u0130ster kalbe yak\u0131n tak\u0131ls\u0131n ister adanm\u0131\u015fl\u0131kla sunulsun, bu kolye manevi ve ki\u015fisel yolculu\u011funuzun bir par\u00e7as\u0131 haline gelir.<\/p>","protected":false},"excerpt":{"rendered":"<p>Ruhani g\u00fcc\u00fcn sembol\u00fc olan bu 3,1g 22 Ayar Alt\u0131n Shiva Kolye, Lord Shiva'n\u0131n \u00f6z\u00fcn\u00fc zamans\u0131z bir zarafetle yans\u0131t\u0131yor. G\u00fcnl\u00fck kutsamalar veya de\u011ferli hediyeler i\u00e7in m\u00fckemmeldir.<\/p>\n<p><strong>Malzeme:<\/strong>\u00a022 Ayar Alt\u0131n<strong><br \/>\nHallmark:\u00a0<\/strong>\u0130ngiliz Damgas\u0131<strong><br \/>\n<\/strong><strong>Br\u00fct A\u011f\u0131rl\u0131k: <\/strong>3.10 Gms<strong><br \/>\nSKU: <\/strong>48650<\/p>\n<p><strong>Fiyat ve Teslimat: <\/strong>KDV ve teslimat \u00fccretleri dahildir, zincir fiyat\u0131 dahil de\u011fildir<strong><br \/>\n<a href=\"https:\/\/www.purejewels.com\/tr\/i%cc%87ade-poli%cc%87ti%cc%87kasi\/\">\u0130ade Politikas\u0131<\/a><\/strong><\/p>","protected":false},"featured_media":405357,"comment_status":"closed","ping_status":"closed","template":"","meta":{"_eb_attr":"","_crsspst_to_jayantr4sg-hostcom":true},"product_brand":[],"product_cat":[1229,1255,5344,1572,1768,5338,1701,5349],"product_tag":[],"class_list":{"0":"post-405354","1":"product","2":"type-product","3":"status-publish","4":"has-post-thumbnail","6":"product_cat-22ct-gold-jewellery","7":"product_cat-gold-pendants","8":"product_cat-jewellery-under-750","9":"product_cat-mens-jewellery","10":"product_cat-mens-pendants","11":"product_cat-shop-by-price","12":"product_cat-religious-pendants","13":"product_cat-yellow-gold-jewellery","15":"first","16":"instock","17":"taxable","18":"shipping-taxable","19":"purchasable","20":"product-type-simple","21":"add-to-wishlist-before_image"},"yoast_head":"<!-- This site is optimized with the Yoast SEO plugin v27.5 - https:\/\/yoast.com\/product\/yoast-seo-wordpress\/ -->\n<title>22ct Gold Shiva Pendant \u2013 Lightweight Religious Jewellery<\/title>\n<meta name=\"description\" content=\"Shop religious gold jewellery with authenticity and artistry at PureJewels. Discover spiritual elegance with our 22ct Gold Shiva Pendant, finely crafted in 3.1 grams.\" \/>\n<meta name=\"robots\" content=\"index, follow, max-snippet:-1, max-image-preview:large, max-video-preview:-1\" \/>\n<link rel=\"canonical\" href=\"https:\/\/www.purejewels.com\/tr\/urun\/22ct-48650de-shiva-altin-kolye-ucu\/\" \/>\n<meta property=\"og:locale\" content=\"tr_TR\" \/>\n<meta property=\"og:type\" content=\"article\" \/>\n<meta property=\"og:title\" content=\"22ct Gold Shiva Pendant \u2013 Lightweight Religious Jewellery\" \/>\n<meta property=\"og:description\" content=\"Shop religious gold jewellery with authenticity and artistry at PureJewels. Discover spiritual elegance with our 22ct Gold Shiva Pendant, finely crafted in 3.1 grams.\" \/>\n<meta property=\"og:url\" content=\"https:\/\/www.purejewels.com\/tr\/urun\/22ct-48650de-shiva-altin-kolye-ucu\/\" \/>\n<meta property=\"og:site_name\" content=\"PureJewels UK\" \/>\n<meta property=\"article:modified_time\" content=\"2026-04-24T10:07:16+00:00\" \/>\n<meta property=\"og:image\" content=\"https:\/\/static.purejewels.com\/wp-content\/uploads\/2025\/07\/SKU-48650.jpg\" \/>\n\t<meta property=\"og:image:width\" content=\"1000\" \/>\n\t<meta property=\"og:image:height\" content=\"1000\" \/>\n\t<meta property=\"og:image:type\" content=\"image\/jpeg\" \/>\n<meta name=\"twitter:card\" content=\"summary_large_image\" \/>\n<meta name=\"twitter:label1\" content=\"Tahmini okuma s\u00fcresi\" \/>\n\t<meta name=\"twitter:data1\" content=\"1 dakika\" \/>\n<script type=\"application\/ld+json\" class=\"yoast-schema-graph\">{\"@context\":\"https:\\\/\\\/schema.org\",\"@graph\":[{\"@type\":[\"WebPage\",\"ItemPage\"],\"@id\":\"https:\\\/\\\/www.purejewels.com\\\/product\\\/shiva-gold-pendant-in-22ct-48650\\\/\",\"url\":\"https:\\\/\\\/www.purejewels.com\\\/product\\\/shiva-gold-pendant-in-22ct-48650\\\/\",\"name\":\"22ct Gold Shiva Pendant \u2013 Lightweight Religious Jewellery\",\"isPartOf\":{\"@id\":\"https:\\\/\\\/www.purejewels.com\\\/#website\"},\"primaryImageOfPage\":{\"@id\":\"https:\\\/\\\/www.purejewels.com\\\/product\\\/shiva-gold-pendant-in-22ct-48650\\\/#primaryimage\"},\"image\":{\"@id\":\"https:\\\/\\\/www.purejewels.com\\\/product\\\/shiva-gold-pendant-in-22ct-48650\\\/#primaryimage\"},\"thumbnailUrl\":\"https:\\\/\\\/static.purejewels.com\\\/wp-content\\\/uploads\\\/2025\\\/07\\\/SKU-48650.jpg\",\"datePublished\":\"2025-07-17T04:15:40+00:00\",\"dateModified\":\"2026-04-24T10:07:16+00:00\",\"description\":\"Shop religious gold jewellery with authenticity and artistry at PureJewels. Discover spiritual elegance with our 22ct Gold Shiva Pendant, finely crafted in 3.1 grams.\",\"breadcrumb\":{\"@id\":\"https:\\\/\\\/www.purejewels.com\\\/product\\\/shiva-gold-pendant-in-22ct-48650\\\/#breadcrumb\"},\"inLanguage\":\"tr\",\"potentialAction\":[{\"@type\":\"ReadAction\",\"target\":[\"https:\\\/\\\/www.purejewels.com\\\/product\\\/shiva-gold-pendant-in-22ct-48650\\\/\"]}]},{\"@type\":\"ImageObject\",\"inLanguage\":\"tr\",\"@id\":\"https:\\\/\\\/www.purejewels.com\\\/product\\\/shiva-gold-pendant-in-22ct-48650\\\/#primaryimage\",\"url\":\"https:\\\/\\\/static.purejewels.com\\\/wp-content\\\/uploads\\\/2025\\\/07\\\/SKU-48650.jpg\",\"contentUrl\":\"https:\\\/\\\/static.purejewels.com\\\/wp-content\\\/uploads\\\/2025\\\/07\\\/SKU-48650.jpg\",\"width\":1000,\"height\":1000,\"caption\":\"48650\"},{\"@type\":\"BreadcrumbList\",\"@id\":\"https:\\\/\\\/www.purejewels.com\\\/product\\\/shiva-gold-pendant-in-22ct-48650\\\/#breadcrumb\",\"itemListElement\":[{\"@type\":\"ListItem\",\"position\":1,\"name\":\"Home\",\"item\":\"https:\\\/\\\/www.purejewels.com\\\/\"},{\"@type\":\"ListItem\",\"position\":2,\"name\":\"Shop\",\"item\":\"https:\\\/\\\/www.purejewels.com\\\/shop\\\/\"},{\"@type\":\"ListItem\",\"position\":3,\"name\":\"Shiva Gold Pendant in 22ct\"}]},{\"@type\":\"WebSite\",\"@id\":\"https:\\\/\\\/www.purejewels.com\\\/#website\",\"url\":\"https:\\\/\\\/www.purejewels.com\\\/\",\"name\":\"PureJewels UK\",\"description\":\"Share the Love\",\"publisher\":{\"@id\":\"https:\\\/\\\/www.purejewels.com\\\/#organization\"},\"potentialAction\":[{\"@type\":\"SearchAction\",\"target\":{\"@type\":\"EntryPoint\",\"urlTemplate\":\"https:\\\/\\\/www.purejewels.com\\\/?s={search_term_string}\"},\"query-input\":{\"@type\":\"PropertyValueSpecification\",\"valueRequired\":true,\"valueName\":\"search_term_string\"}}],\"inLanguage\":\"tr\"},{\"@type\":\"Organization\",\"@id\":\"https:\\\/\\\/www.purejewels.com\\\/#organization\",\"name\":\"PureJewels UK\",\"url\":\"https:\\\/\\\/www.purejewels.com\\\/\",\"logo\":{\"@type\":\"ImageObject\",\"inLanguage\":\"tr\",\"@id\":\"https:\\\/\\\/www.purejewels.com\\\/#\\\/schema\\\/logo\\\/image\\\/\",\"url\":\"https:\\\/\\\/static.purejewels.com\\\/wp-content\\\/uploads\\\/2020\\\/11\\\/Logo-PJ-New-1.png\",\"contentUrl\":\"https:\\\/\\\/static.purejewels.com\\\/wp-content\\\/uploads\\\/2020\\\/11\\\/Logo-PJ-New-1.png\",\"width\":150,\"height\":80,\"caption\":\"PureJewels UK\"},\"image\":{\"@id\":\"https:\\\/\\\/www.purejewels.com\\\/#\\\/schema\\\/logo\\\/image\\\/\"}}]}<\/script>\n<!-- \/ Yoast SEO plugin. -->","yoast_head_json":{"title":"22 Ayar Alt\u0131n Shiva Kolye - Hafif Dini Tak\u0131lar","description":"PureJewels'te \u00f6zg\u00fcnl\u00fck ve sanatsall\u0131\u011fa sahip dini alt\u0131n tak\u0131lar sat\u0131n al\u0131n. 3,1 gram a\u011f\u0131rl\u0131\u011f\u0131nda ince i\u015f\u00e7ilikle haz\u0131rlanm\u0131\u015f 22 Ayar Alt\u0131n Shiva Kolyemiz ile ruhani zarafeti ke\u015ffedin.","robots":{"index":"index","follow":"follow","max-snippet":"max-snippet:-1","max-image-preview":"max-image-preview:large","max-video-preview":"max-video-preview:-1"},"canonical":"https:\/\/www.purejewels.com\/tr\/urun\/22ct-48650de-shiva-altin-kolye-ucu\/","og_locale":"tr_TR","og_type":"article","og_title":"22ct Gold Shiva Pendant \u2013 Lightweight Religious Jewellery","og_description":"Shop religious gold jewellery with authenticity and artistry at PureJewels. Discover spiritual elegance with our 22ct Gold Shiva Pendant, finely crafted in 3.1 grams.","og_url":"https:\/\/www.purejewels.com\/tr\/urun\/22ct-48650de-shiva-altin-kolye-ucu\/","og_site_name":"PureJewels UK","article_modified_time":"2026-04-24T10:07:16+00:00","og_image":[{"width":1000,"height":1000,"url":"https:\/\/static.purejewels.com\/wp-content\/uploads\/2025\/07\/SKU-48650.jpg","type":"image\/jpeg"}],"twitter_card":"summary_large_image","twitter_misc":{"Tahmini okuma s\u00fcresi":"1 dakika"},"schema":{"@context":"https:\/\/schema.org","@graph":[{"@type":["WebPage","ItemPage"],"@id":"https:\/\/www.purejewels.com\/product\/shiva-gold-pendant-in-22ct-48650\/","url":"https:\/\/www.purejewels.com\/product\/shiva-gold-pendant-in-22ct-48650\/","name":"22 Ayar Alt\u0131n Shiva Kolye - Hafif Dini Tak\u0131lar","isPartOf":{"@id":"https:\/\/www.purejewels.com\/#website"},"primaryImageOfPage":{"@id":"https:\/\/www.purejewels.com\/product\/shiva-gold-pendant-in-22ct-48650\/#primaryimage"},"image":{"@id":"https:\/\/www.purejewels.com\/product\/shiva-gold-pendant-in-22ct-48650\/#primaryimage"},"thumbnailUrl":"https:\/\/static.purejewels.com\/wp-content\/uploads\/2025\/07\/SKU-48650.jpg","datePublished":"2025-07-17T04:15:40+00:00","dateModified":"2026-04-24T10:07:16+00:00","description":"PureJewels'te \u00f6zg\u00fcnl\u00fck ve sanatsall\u0131\u011fa sahip dini alt\u0131n tak\u0131lar sat\u0131n al\u0131n. 3,1 gram a\u011f\u0131rl\u0131\u011f\u0131nda ince i\u015f\u00e7ilikle haz\u0131rlanm\u0131\u015f 22 Ayar Alt\u0131n Shiva Kolyemiz ile ruhani zarafeti ke\u015ffedin.","breadcrumb":{"@id":"https:\/\/www.purejewels.com\/product\/shiva-gold-pendant-in-22ct-48650\/#breadcrumb"},"inLanguage":"tr","potentialAction":[{"@type":"ReadAction","target":["https:\/\/www.purejewels.com\/product\/shiva-gold-pendant-in-22ct-48650\/"]}]},{"@type":"ImageObject","inLanguage":"tr","@id":"https:\/\/www.purejewels.com\/product\/shiva-gold-pendant-in-22ct-48650\/#primaryimage","url":"https:\/\/static.purejewels.com\/wp-content\/uploads\/2025\/07\/SKU-48650.jpg","contentUrl":"https:\/\/static.purejewels.com\/wp-content\/uploads\/2025\/07\/SKU-48650.jpg","width":1000,"height":1000,"caption":"48650"},{"@type":"BreadcrumbList","@id":"https:\/\/www.purejewels.com\/product\/shiva-gold-pendant-in-22ct-48650\/#breadcrumb","itemListElement":[{"@type":"ListItem","position":1,"name":"Home","item":"https:\/\/www.purejewels.com\/"},{"@type":"ListItem","position":2,"name":"Shop","item":"https:\/\/www.purejewels.com\/shop\/"},{"@type":"ListItem","position":3,"name":"Shiva Gold Pendant in 22ct"}]},{"@type":"WebSite","@id":"https:\/\/www.purejewels.com\/#website","url":"https:\/\/www.purejewels.com\/","name":"PureJewels \u0130ngiltere","description":"Sevgiyi Payla\u015f\u0131n","publisher":{"@id":"https:\/\/www.purejewels.com\/#organization"},"potentialAction":[{"@type":"SearchAction","target":{"@type":"EntryPoint","urlTemplate":"https:\/\/www.purejewels.com\/?s={search_term_string}"},"query-input":{"@type":"PropertyValueSpecification","valueRequired":true,"valueName":"search_term_string"}}],"inLanguage":"tr"},{"@type":"Organization","@id":"https:\/\/www.purejewels.com\/#organization","name":"PureJewels \u0130ngiltere","url":"https:\/\/www.purejewels.com\/","logo":{"@type":"ImageObject","inLanguage":"tr","@id":"https:\/\/www.purejewels.com\/#\/schema\/logo\/image\/","url":"https:\/\/static.purejewels.com\/wp-content\/uploads\/2020\/11\/Logo-PJ-New-1.png","contentUrl":"https:\/\/static.purejewels.com\/wp-content\/uploads\/2020\/11\/Logo-PJ-New-1.png","width":150,"height":80,"caption":"PureJewels UK"},"image":{"@id":"https:\/\/www.purejewels.com\/#\/schema\/logo\/image\/"}}]}},"_links":{"self":[{"href":"https:\/\/www.purejewels.com\/tr\/wp-json\/wp\/v2\/product\/405354","targetHints":{"allow":["GET"]}}],"collection":[{"href":"https:\/\/www.purejewels.com\/tr\/wp-json\/wp\/v2\/product"}],"about":[{"href":"https:\/\/www.purejewels.com\/tr\/wp-json\/wp\/v2\/types\/product"}],"replies":[{"embeddable":true,"href":"https:\/\/www.purejewels.com\/tr\/wp-json\/wp\/v2\/comments?post=405354"}],"version-history":[{"count":1,"href":"https:\/\/www.purejewels.com\/tr\/wp-json\/wp\/v2\/product\/405354\/revisions"}],"predecessor-version":[{"id":405359,"href":"https:\/\/www.purejewels.com\/tr\/wp-json\/wp\/v2\/product\/405354\/revisions\/405359"}],"wp:featuredmedia":[{"embeddable":true,"href":"https:\/\/www.purejewels.com\/tr\/wp-json\/wp\/v2\/media\/405357"}],"wp:attachment":[{"href":"https:\/\/www.purejewels.com\/tr\/wp-json\/wp\/v2\/media?parent=405354"}],"wp:term":[{"taxonomy":"product_brand","embeddable":true,"href":"https:\/\/www.purejewels.com\/tr\/wp-json\/wp\/v2\/product_brand?post=405354"},{"taxonomy":"product_cat","embeddable":true,"href":"https:\/\/www.purejewels.com\/tr\/wp-json\/wp\/v2\/product_cat?post=405354"},{"taxonomy":"product_tag","embeddable":true,"href":"https:\/\/www.purejewels.com\/tr\/wp-json\/wp\/v2\/product_tag?post=405354"}],"curies":[{"name":"wp","href":"https:\/\/api.w.org\/{rel}","templated":true}]}}