{"id":405366,"date":"2025-06-17T06:12:31","date_gmt":"2025-06-17T05:12:31","guid":{"rendered":"https:\/\/www.purejewels.com\/?post_type=product&#038;p=405366"},"modified":"2026-01-29T09:25:41","modified_gmt":"2026-01-29T09:25:41","slug":"trinetra-shiva-tacli-kolye-ucu-22-ayar-altin-48654","status":"publish","type":"product","link":"https:\/\/www.purejewels.com\/tr\/product\/trinetra-shiva-crowned-pendant-in-22ct-gold-48654\/","title":{"rendered":"Trinetra 22 Ayar Alt\u0131n Shiva Ta\u00e7l\u0131 Kolye"},"content":{"rendered":"<p data-start=\"836\" data-end=\"1139\">Kutsal sembolizmi somutla\u015ft\u0131ran <strong data-start=\"868\" data-end=\"922\">Trinetra 22 Ayar Alt\u0131n Shiva Ta\u00e7l\u0131 Kolye Ucu (3,6g)<\/strong> Lord Shiva'n\u0131n ilahi dinginlik i\u00e7indeki g\u00fc\u00e7l\u00fc \u00f6z\u00fcn\u00fc yans\u0131t\u0131yor. Titizlikle detayland\u0131r\u0131lm\u0131\u015f kolye ucu, Shiva'n\u0131n ikonik \u00fc\u00e7\u00fcnc\u00fc g\u00f6z\u00fcn\u00fc (Trinetra) ve bilgelik, fark\u0131ndal\u0131k ve kozmik koruma sembolleri olan s\u00fcsl\u00fc tac\u0131n\u0131 sergiliyor.<\/p>\n<p data-start=\"1141\" data-end=\"1433\">Saf 22 ayar alt\u0131ndan \u00fcretilen ve Londra Assay Ofisi taraf\u0131ndan damgalanan bu par\u00e7a hem ruhani a\u00e7\u0131dan \u00f6nemli hem de sanatsal a\u00e7\u0131dan ola\u011fan\u00fcst\u00fcd\u00fcr. Aray\u0131c\u0131lar, adanm\u0131\u015flar ve ki\u015fisel d\u00f6n\u00fc\u015f\u00fcm\u00fc benimseyenler i\u00e7in zamans\u0131z bir kolye; her tak\u0131\u015fta i\u00e7sel g\u00fc\u00e7 ve kutsal yolculu\u011fun hikayesi anlat\u0131l\u0131yor.<\/p>","protected":false},"excerpt":{"rendered":"<p>Bu 22 Ayar Alt\u0131n Trinetra Shiva Kolyede Lord Shiva kutsal \u00fc\u00e7\u00fcnc\u00fc g\u00f6z\u00fcyle g\u00f6ksel bir zarafetle ta\u00e7land\u0131r\u0131lm\u0131\u015ft\u0131r. Adanm\u0131\u015fl\u0131\u011f\u0131n ve a\u015fk\u0131nl\u0131\u011f\u0131n g\u00fc\u00e7l\u00fc bir ifadesi.<\/p>\n<p><strong>Malzeme:<\/strong>\u00a022 Ayar Alt\u0131n<strong><br \/>\nHallmark:\u00a0<\/strong>\u0130ngiliz Damgas\u0131<strong><br \/>\n<\/strong><strong>Br\u00fct A\u011f\u0131rl\u0131k: <\/strong>3.60 Gms<strong><br \/>\nSKU: <\/strong>48654<\/p>\n<p><strong>Fiyat ve Teslimat: <\/strong>KDV ve teslimat \u00fccretleri dahildir, zincir fiyat\u0131 dahil de\u011fildir<strong><br \/>\n<a href=\"https:\/\/www.purejewels.com\/tr\/i%cc%87ade-poli%cc%87ti%cc%87kasi\/\">\u0130ade Politikas\u0131<\/a><\/strong><\/p>","protected":false},"featured_media":405367,"comment_status":"closed","ping_status":"closed","template":"","meta":{"_eb_attr":"","_crsspst_to_jayantr4sg-hostcom":false},"product_brand":[],"product_cat":[1229,1255,5344,1572,1768,1701,5349],"product_tag":[],"class_list":{"0":"post-405366","1":"product","2":"type-product","3":"status-publish","4":"has-post-thumbnail","6":"product_cat-22ct-gold-jewellery","7":"product_cat-gold-pendants","8":"product_cat-jewellery-under-750","9":"product_cat-mens-jewellery","10":"product_cat-mens-pendants","11":"product_cat-religious-pendants","12":"product_cat-yellow-gold-jewellery","14":"first","15":"instock","16":"taxable","17":"shipping-taxable","18":"purchasable","19":"product-type-simple","20":"add-to-wishlist-before_image"},"yoast_head":"<!-- This site is optimized with the Yoast SEO plugin v27.3 - https:\/\/yoast.com\/product\/yoast-seo-wordpress\/ -->\n<title>Trinetra Shiva Pendant in 22ct Gold | Spiritual Gold Jewellery<\/title>\n<meta name=\"description\" content=\"Celebrate divine strength with the Trinetra Shiva Crowned Pendant, crafted in 22ct gold. A majestic symbol of protection and inner peace, hallmarked in London.\" \/>\n<meta name=\"robots\" content=\"index, follow, max-snippet:-1, max-image-preview:large, max-video-preview:-1\" \/>\n<link rel=\"canonical\" href=\"https:\/\/www.purejewels.com\/tr\/urun\/trinetra-shiva-tacli-kolye-ucu-22-ayar-altin-48654\/\" \/>\n<meta property=\"og:locale\" content=\"tr_TR\" \/>\n<meta property=\"og:type\" content=\"article\" \/>\n<meta property=\"og:title\" content=\"Trinetra Shiva Pendant in 22ct Gold | Spiritual Gold Jewellery\" \/>\n<meta property=\"og:description\" content=\"Celebrate divine strength with the Trinetra Shiva Crowned Pendant, crafted in 22ct gold. A majestic symbol of protection and inner peace, hallmarked in London.\" \/>\n<meta property=\"og:url\" content=\"https:\/\/www.purejewels.com\/tr\/urun\/trinetra-shiva-tacli-kolye-ucu-22-ayar-altin-48654\/\" \/>\n<meta property=\"og:site_name\" content=\"PureJewels UK\" \/>\n<meta property=\"article:modified_time\" content=\"2026-01-29T09:25:41+00:00\" \/>\n<meta property=\"og:image\" content=\"https:\/\/static.purejewels.com\/wp-content\/uploads\/2025\/07\/SKU-48654.jpg\" \/>\n\t<meta property=\"og:image:width\" content=\"1000\" \/>\n\t<meta property=\"og:image:height\" content=\"1000\" \/>\n\t<meta property=\"og:image:type\" content=\"image\/jpeg\" \/>\n<meta name=\"twitter:card\" content=\"summary_large_image\" \/>\n<meta name=\"twitter:label1\" content=\"Tahmini okuma s\u00fcresi\" \/>\n\t<meta name=\"twitter:data1\" content=\"1 dakika\" \/>\n<script type=\"application\/ld+json\" class=\"yoast-schema-graph\">{\"@context\":\"https:\\\/\\\/schema.org\",\"@graph\":[{\"@type\":[\"WebPage\",\"ItemPage\"],\"@id\":\"https:\\\/\\\/www.purejewels.com\\\/product\\\/trinetra-shiva-crowned-pendant-in-22ct-gold-48654\\\/\",\"url\":\"https:\\\/\\\/www.purejewels.com\\\/product\\\/trinetra-shiva-crowned-pendant-in-22ct-gold-48654\\\/\",\"name\":\"Trinetra Shiva Pendant in 22ct Gold | Spiritual Gold Jewellery\",\"isPartOf\":{\"@id\":\"https:\\\/\\\/www.purejewels.com\\\/#website\"},\"primaryImageOfPage\":{\"@id\":\"https:\\\/\\\/www.purejewels.com\\\/product\\\/trinetra-shiva-crowned-pendant-in-22ct-gold-48654\\\/#primaryimage\"},\"image\":{\"@id\":\"https:\\\/\\\/www.purejewels.com\\\/product\\\/trinetra-shiva-crowned-pendant-in-22ct-gold-48654\\\/#primaryimage\"},\"thumbnailUrl\":\"https:\\\/\\\/static.purejewels.com\\\/wp-content\\\/uploads\\\/2025\\\/07\\\/SKU-48654.jpg\",\"datePublished\":\"2025-06-17T05:12:31+00:00\",\"dateModified\":\"2026-01-29T09:25:41+00:00\",\"description\":\"Celebrate divine strength with the Trinetra Shiva Crowned Pendant, crafted in 22ct gold. A majestic symbol of protection and inner peace, hallmarked in London.\",\"breadcrumb\":{\"@id\":\"https:\\\/\\\/www.purejewels.com\\\/product\\\/trinetra-shiva-crowned-pendant-in-22ct-gold-48654\\\/#breadcrumb\"},\"inLanguage\":\"tr\",\"potentialAction\":[{\"@type\":\"ReadAction\",\"target\":[\"https:\\\/\\\/www.purejewels.com\\\/product\\\/trinetra-shiva-crowned-pendant-in-22ct-gold-48654\\\/\"]}]},{\"@type\":\"ImageObject\",\"inLanguage\":\"tr\",\"@id\":\"https:\\\/\\\/www.purejewels.com\\\/product\\\/trinetra-shiva-crowned-pendant-in-22ct-gold-48654\\\/#primaryimage\",\"url\":\"https:\\\/\\\/static.purejewels.com\\\/wp-content\\\/uploads\\\/2025\\\/07\\\/SKU-48654.jpg\",\"contentUrl\":\"https:\\\/\\\/static.purejewels.com\\\/wp-content\\\/uploads\\\/2025\\\/07\\\/SKU-48654.jpg\",\"width\":1000,\"height\":1000,\"caption\":\"48654\"},{\"@type\":\"BreadcrumbList\",\"@id\":\"https:\\\/\\\/www.purejewels.com\\\/product\\\/trinetra-shiva-crowned-pendant-in-22ct-gold-48654\\\/#breadcrumb\",\"itemListElement\":[{\"@type\":\"ListItem\",\"position\":1,\"name\":\"Home\",\"item\":\"https:\\\/\\\/www.purejewels.com\\\/\"},{\"@type\":\"ListItem\",\"position\":2,\"name\":\"Shop\",\"item\":\"https:\\\/\\\/www.purejewels.com\\\/shop\\\/\"},{\"@type\":\"ListItem\",\"position\":3,\"name\":\"Trinetra Shiva Crowned Pendant in 22ct Gold\"}]},{\"@type\":\"WebSite\",\"@id\":\"https:\\\/\\\/www.purejewels.com\\\/#website\",\"url\":\"https:\\\/\\\/www.purejewels.com\\\/\",\"name\":\"PureJewels UK\",\"description\":\"Share the Love\",\"publisher\":{\"@id\":\"https:\\\/\\\/www.purejewels.com\\\/#organization\"},\"potentialAction\":[{\"@type\":\"SearchAction\",\"target\":{\"@type\":\"EntryPoint\",\"urlTemplate\":\"https:\\\/\\\/www.purejewels.com\\\/?s={search_term_string}\"},\"query-input\":{\"@type\":\"PropertyValueSpecification\",\"valueRequired\":true,\"valueName\":\"search_term_string\"}}],\"inLanguage\":\"tr\"},{\"@type\":\"Organization\",\"@id\":\"https:\\\/\\\/www.purejewels.com\\\/#organization\",\"name\":\"PureJewels UK\",\"url\":\"https:\\\/\\\/www.purejewels.com\\\/\",\"logo\":{\"@type\":\"ImageObject\",\"inLanguage\":\"tr\",\"@id\":\"https:\\\/\\\/www.purejewels.com\\\/#\\\/schema\\\/logo\\\/image\\\/\",\"url\":\"https:\\\/\\\/static.purejewels.com\\\/wp-content\\\/uploads\\\/2020\\\/11\\\/Logo-PJ-New-1.png\",\"contentUrl\":\"https:\\\/\\\/static.purejewels.com\\\/wp-content\\\/uploads\\\/2020\\\/11\\\/Logo-PJ-New-1.png\",\"width\":150,\"height\":80,\"caption\":\"PureJewels UK\"},\"image\":{\"@id\":\"https:\\\/\\\/www.purejewels.com\\\/#\\\/schema\\\/logo\\\/image\\\/\"}}]}<\/script>\n<!-- \/ Yoast SEO plugin. -->","yoast_head_json":{"title":"Trinetra Shiva Kolye 22 Ayar Alt\u0131n | Spirit\u00fcel Alt\u0131n Tak\u0131lar","description":"\u0130lahi g\u00fcc\u00fc 22 ayar alt\u0131ndan \u00fcretilmi\u015f Trinetra Shiva Ta\u00e7l\u0131 Kolye ile kutlay\u0131n. Londra'da damgalanm\u0131\u015f g\u00f6rkemli bir koruma ve i\u00e7 huzur sembol\u00fc.","robots":{"index":"index","follow":"follow","max-snippet":"max-snippet:-1","max-image-preview":"max-image-preview:large","max-video-preview":"max-video-preview:-1"},"canonical":"https:\/\/www.purejewels.com\/tr\/urun\/trinetra-shiva-tacli-kolye-ucu-22-ayar-altin-48654\/","og_locale":"tr_TR","og_type":"article","og_title":"Trinetra Shiva Pendant in 22ct Gold | Spiritual Gold Jewellery","og_description":"Celebrate divine strength with the Trinetra Shiva Crowned Pendant, crafted in 22ct gold. A majestic symbol of protection and inner peace, hallmarked in London.","og_url":"https:\/\/www.purejewels.com\/tr\/urun\/trinetra-shiva-tacli-kolye-ucu-22-ayar-altin-48654\/","og_site_name":"PureJewels UK","article_modified_time":"2026-01-29T09:25:41+00:00","og_image":[{"width":1000,"height":1000,"url":"https:\/\/static.purejewels.com\/wp-content\/uploads\/2025\/07\/SKU-48654.jpg","type":"image\/jpeg"}],"twitter_card":"summary_large_image","twitter_misc":{"Tahmini okuma s\u00fcresi":"1 dakika"},"schema":{"@context":"https:\/\/schema.org","@graph":[{"@type":["WebPage","ItemPage"],"@id":"https:\/\/www.purejewels.com\/product\/trinetra-shiva-crowned-pendant-in-22ct-gold-48654\/","url":"https:\/\/www.purejewels.com\/product\/trinetra-shiva-crowned-pendant-in-22ct-gold-48654\/","name":"Trinetra Shiva Kolye 22 Ayar Alt\u0131n | Spirit\u00fcel Alt\u0131n Tak\u0131lar","isPartOf":{"@id":"https:\/\/www.purejewels.com\/#website"},"primaryImageOfPage":{"@id":"https:\/\/www.purejewels.com\/product\/trinetra-shiva-crowned-pendant-in-22ct-gold-48654\/#primaryimage"},"image":{"@id":"https:\/\/www.purejewels.com\/product\/trinetra-shiva-crowned-pendant-in-22ct-gold-48654\/#primaryimage"},"thumbnailUrl":"https:\/\/static.purejewels.com\/wp-content\/uploads\/2025\/07\/SKU-48654.jpg","datePublished":"2025-06-17T05:12:31+00:00","dateModified":"2026-01-29T09:25:41+00:00","description":"\u0130lahi g\u00fcc\u00fc 22 ayar alt\u0131ndan \u00fcretilmi\u015f Trinetra Shiva Ta\u00e7l\u0131 Kolye ile kutlay\u0131n. Londra'da damgalanm\u0131\u015f g\u00f6rkemli bir koruma ve i\u00e7 huzur sembol\u00fc.","breadcrumb":{"@id":"https:\/\/www.purejewels.com\/product\/trinetra-shiva-crowned-pendant-in-22ct-gold-48654\/#breadcrumb"},"inLanguage":"tr","potentialAction":[{"@type":"ReadAction","target":["https:\/\/www.purejewels.com\/product\/trinetra-shiva-crowned-pendant-in-22ct-gold-48654\/"]}]},{"@type":"ImageObject","inLanguage":"tr","@id":"https:\/\/www.purejewels.com\/product\/trinetra-shiva-crowned-pendant-in-22ct-gold-48654\/#primaryimage","url":"https:\/\/static.purejewels.com\/wp-content\/uploads\/2025\/07\/SKU-48654.jpg","contentUrl":"https:\/\/static.purejewels.com\/wp-content\/uploads\/2025\/07\/SKU-48654.jpg","width":1000,"height":1000,"caption":"48654"},{"@type":"BreadcrumbList","@id":"https:\/\/www.purejewels.com\/product\/trinetra-shiva-crowned-pendant-in-22ct-gold-48654\/#breadcrumb","itemListElement":[{"@type":"ListItem","position":1,"name":"Home","item":"https:\/\/www.purejewels.com\/"},{"@type":"ListItem","position":2,"name":"Shop","item":"https:\/\/www.purejewels.com\/shop\/"},{"@type":"ListItem","position":3,"name":"Trinetra Shiva Crowned Pendant in 22ct Gold"}]},{"@type":"WebSite","@id":"https:\/\/www.purejewels.com\/#website","url":"https:\/\/www.purejewels.com\/","name":"PureJewels \u0130ngiltere","description":"Sevgiyi Payla\u015f\u0131n","publisher":{"@id":"https:\/\/www.purejewels.com\/#organization"},"potentialAction":[{"@type":"SearchAction","target":{"@type":"EntryPoint","urlTemplate":"https:\/\/www.purejewels.com\/?s={search_term_string}"},"query-input":{"@type":"PropertyValueSpecification","valueRequired":true,"valueName":"search_term_string"}}],"inLanguage":"tr"},{"@type":"Organization","@id":"https:\/\/www.purejewels.com\/#organization","name":"PureJewels \u0130ngiltere","url":"https:\/\/www.purejewels.com\/","logo":{"@type":"ImageObject","inLanguage":"tr","@id":"https:\/\/www.purejewels.com\/#\/schema\/logo\/image\/","url":"https:\/\/static.purejewels.com\/wp-content\/uploads\/2020\/11\/Logo-PJ-New-1.png","contentUrl":"https:\/\/static.purejewels.com\/wp-content\/uploads\/2020\/11\/Logo-PJ-New-1.png","width":150,"height":80,"caption":"PureJewels UK"},"image":{"@id":"https:\/\/www.purejewels.com\/#\/schema\/logo\/image\/"}}]}},"_links":{"self":[{"href":"https:\/\/www.purejewels.com\/tr\/wp-json\/wp\/v2\/product\/405366","targetHints":{"allow":["GET"]}}],"collection":[{"href":"https:\/\/www.purejewels.com\/tr\/wp-json\/wp\/v2\/product"}],"about":[{"href":"https:\/\/www.purejewels.com\/tr\/wp-json\/wp\/v2\/types\/product"}],"replies":[{"embeddable":true,"href":"https:\/\/www.purejewels.com\/tr\/wp-json\/wp\/v2\/comments?post=405366"}],"version-history":[{"count":1,"href":"https:\/\/www.purejewels.com\/tr\/wp-json\/wp\/v2\/product\/405366\/revisions"}],"predecessor-version":[{"id":405368,"href":"https:\/\/www.purejewels.com\/tr\/wp-json\/wp\/v2\/product\/405366\/revisions\/405368"}],"wp:featuredmedia":[{"embeddable":true,"href":"https:\/\/www.purejewels.com\/tr\/wp-json\/wp\/v2\/media\/405367"}],"wp:attachment":[{"href":"https:\/\/www.purejewels.com\/tr\/wp-json\/wp\/v2\/media?parent=405366"}],"wp:term":[{"taxonomy":"product_brand","embeddable":true,"href":"https:\/\/www.purejewels.com\/tr\/wp-json\/wp\/v2\/product_brand?post=405366"},{"taxonomy":"product_cat","embeddable":true,"href":"https:\/\/www.purejewels.com\/tr\/wp-json\/wp\/v2\/product_cat?post=405366"},{"taxonomy":"product_tag","embeddable":true,"href":"https:\/\/www.purejewels.com\/tr\/wp-json\/wp\/v2\/product_tag?post=405366"}],"curies":[{"name":"wp","href":"https:\/\/api.w.org\/{rel}","templated":true}]}}