{"id":405384,"date":"2025-06-17T07:02:33","date_gmt":"2025-06-17T06:02:33","guid":{"rendered":"https:\/\/www.purejewels.com\/?post_type=product&#038;p=405384"},"modified":"2026-02-26T13:38:32","modified_gmt":"2026-02-26T13:38:32","slug":"cz-ile-22-ayar-sari-altindan-z-harfli-kolye-ucu","status":"publish","type":"product","link":"https:\/\/www.purejewels.com\/tr\/product\/z-initial-pendant-in-22ct-yellow-gold-with-cz\/","title":{"rendered":"CZ ile 22 Ayar Alt\u0131ndan Z Harfli Kolye"},"content":{"rendered":"<p>Y\u00fcksek safl\u0131kta 22 ayar alt\u0131ndan \u00f6zenle i\u015flenmi\u015f bu zarif Z Initial Kolye ile hikayenizin sembol\u00fcn\u00fc ta\u015f\u0131y\u0131n. Hassas bir \u015fekilde yerle\u015ftirilmi\u015f k\u00fcbik zirkon ta\u015flarla s\u00fcslenmi\u015f kolye, her hareketinizde par\u0131ldayarak g\u00fcnl\u00fck kullan\u0131m\u0131n\u0131za veya \u00f6zel bir hediyeye zarif bir \u0131\u015f\u0131lt\u0131 katar.<\/p>\n<p>Anlaml\u0131 detaylara de\u011fer verenler i\u00e7in tasarlanan bu kolye ucu, kimli\u011fin zarafetini kutluyor. \u0130ster sizin ba\u015f harfiniz ister sevdi\u011finiz birinin ba\u015f harfi olsun, bu zamans\u0131z tasar\u0131m klasik alt\u0131n sanat\u0131n\u0131 modern incelikle birle\u015ftiriyor.<\/p>\n<p>\u015e\u0131k bir zincirden sarkan bu par\u00e7a, k\u00f6pr\u00fcc\u00fck kemi\u011fine nazik\u00e7e yerle\u015ferek, katmanl\u0131 veya tek ba\u015f\u0131na takmak i\u00e7in idealdir. PureJewels'\u0131n detaylara ve i\u015f\u00e7ili\u011fe verdi\u011fi \u00f6zenle yarat\u0131lm\u0131\u015f, kendini ifade etmenin sembol\u00fc.<\/p>\n<p><strong>Tasar\u0131m Stili<\/strong><\/p>\n<p>Minimalist, modern ve son derece ki\u015fisel. Tipografi cesur ama ak\u0131c\u0131, CZ ta\u015flar\u0131n\u0131n \u0131\u015f\u0131lt\u0131s\u0131yla yumu\u015fat\u0131lm\u0131\u015f; g\u00fcven ve abart\u0131s\u0131z l\u00fcks\u00fc \u00e7a\u011fr\u0131\u015ft\u0131r\u0131yor.<\/p>\n<p><strong>Zanaatkarl\u0131k<\/strong><\/p>\n<p>22 ayar alt\u0131nla ustal\u0131kla i\u015flenmi\u015f kolye ucu, ayna parlakl\u0131\u011f\u0131nda cilalanm\u0131\u015f ve ince bir \u0131\u015f\u0131lt\u0131 i\u00e7in CZ ta\u015flarla kaplanm\u0131\u015ft\u0131r. Her par\u00e7a, PureJewels'in mirasa ve hassasiyete olan ba\u011fl\u0131l\u0131\u011f\u0131 do\u011frultusunda \u00f6zenle tasarlanm\u0131\u015f ve birle\u015ftirilmi\u015ftir. G\u00fcnl\u00fck kullan\u0131m i\u00e7in uygundur ve safl\u0131k garantisi i\u00e7in damgal\u0131d\u0131r.<\/p>","protected":false},"excerpt":{"rendered":"<p>Parlak 22 ayar alt\u0131nla i\u015flenmi\u015f ve \u0131\u015f\u0131lt\u0131l\u0131 k\u00fcbik zirkonlarla s\u00fcslenmi\u015f zarif Z harfi kolye ucu, g\u00fcnl\u00fck \u015f\u0131kl\u0131\u011f\u0131n\u0131z i\u00e7in ki\u015fiselle\u015ftirilmi\u015f zarafet.<\/p>\n<p><strong>Malzeme:<\/strong>\u00a022 Ayar Alt\u0131n<strong><br \/>\nHallmark:\u00a0<\/strong>\u0130ngiliz Damgas\u0131<strong><br \/>\n<\/strong><strong>Br\u00fct A\u011f\u0131rl\u0131k: <\/strong>1.72 Gms<br \/>\n<strong>Net A\u011f\u0131rl\u0131k: <\/strong>1.67 Gms<strong><br \/>\nSKU: <\/strong>51063<\/p>\n<p><strong>Fiyat ve Teslimat<\/strong>: KDV ve teslimat \u00fccretleri dahil<br \/>\n<strong>Not<\/strong>: Zincir dahil de\u011fildir<\/p>\n<p><a href=\"https:\/\/www.purejewels.com\/tr\/i%cc%87ade-poli%cc%87ti%cc%87kasi\/\">\u0130ade Politikas\u0131<\/a><\/p>","protected":false},"featured_media":405385,"comment_status":"closed","ping_status":"closed","template":"","meta":{"_eb_attr":"","_crsspst_to_jayantr4sg-hostcom":true},"product_brand":[],"product_cat":[1791,1793,1792,1229,1255,6122,5598,5343,1767,1768,6051,6120,1569,1573,1574,5349],"product_tag":[],"class_list":{"0":"post-405384","1":"product","2":"type-product","3":"status-publish","4":"has-post-thumbnail","6":"product_cat-anniversary-gifts","7":"product_cat-diwali-gifts","8":"product_cat-festival-gifts","9":"product_cat-22ct-gold-jewellery","10":"product_cat-gold-pendants","11":"product_cat-initial","12":"product_cat-initial-pendant","13":"product_cat-jewellery-under-550","14":"product_cat-ladies-pendants","15":"product_cat-mens-pendants","16":"product_cat-personalised-pendant","17":"product_cat-shop-by-style","18":"product_cat-valentine-day-gifts","19":"product_cat-wedding-gifts","20":"product_cat-womens-jewellery","21":"product_cat-yellow-gold-jewellery","23":"first","24":"outofstock","25":"taxable","26":"shipping-taxable","27":"product-type-simple","28":"add-to-wishlist-before_image"},"yoast_head":"<!-- This site is optimized with the Yoast SEO plugin v27.4 - https:\/\/yoast.com\/product\/yoast-seo-wordpress\/ -->\n<title>22ct Gold Z Initial Pendant \u2013 CZ Alphabet Charm | PureJewels<\/title>\n<meta name=\"description\" content=\"Make it personal with our 22ct Yellow Gold Z Initial Pendant, adorned with cubic zirconia. A radiant expression of identity and elegance\u2014crafted in London.\" \/>\n<meta name=\"robots\" content=\"index, follow, max-snippet:-1, max-image-preview:large, max-video-preview:-1\" \/>\n<link rel=\"canonical\" href=\"https:\/\/www.purejewels.com\/tr\/urun\/cz-ile-22-ayar-sari-altindan-z-harfli-kolye-ucu\/\" \/>\n<meta property=\"og:locale\" content=\"tr_TR\" \/>\n<meta property=\"og:type\" content=\"article\" \/>\n<meta property=\"og:title\" content=\"22ct Gold Z Initial Pendant \u2013 CZ Alphabet Charm | PureJewels\" \/>\n<meta property=\"og:description\" content=\"Make it personal with our 22ct Yellow Gold Z Initial Pendant, adorned with cubic zirconia. A radiant expression of identity and elegance\u2014crafted in London.\" \/>\n<meta property=\"og:url\" content=\"https:\/\/www.purejewels.com\/tr\/urun\/cz-ile-22-ayar-sari-altindan-z-harfli-kolye-ucu\/\" \/>\n<meta property=\"og:site_name\" content=\"PureJewels UK\" \/>\n<meta property=\"article:modified_time\" content=\"2026-02-26T13:38:32+00:00\" \/>\n<meta property=\"og:image\" content=\"https:\/\/static.purejewels.com\/wp-content\/uploads\/2025\/07\/SKU-51063.jpg\" \/>\n\t<meta property=\"og:image:width\" content=\"1000\" \/>\n\t<meta property=\"og:image:height\" content=\"1000\" \/>\n\t<meta property=\"og:image:type\" content=\"image\/jpeg\" \/>\n<meta name=\"twitter:card\" content=\"summary_large_image\" \/>\n<meta name=\"twitter:label1\" content=\"Tahmini okuma s\u00fcresi\" \/>\n\t<meta name=\"twitter:data1\" content=\"1 dakika\" \/>\n<script type=\"application\/ld+json\" class=\"yoast-schema-graph\">{\"@context\":\"https:\\\/\\\/schema.org\",\"@graph\":[{\"@type\":[\"WebPage\",\"ItemPage\"],\"@id\":\"https:\\\/\\\/www.purejewels.com\\\/product\\\/z-initial-pendant-in-22ct-yellow-gold-with-cz\\\/\",\"url\":\"https:\\\/\\\/www.purejewels.com\\\/product\\\/z-initial-pendant-in-22ct-yellow-gold-with-cz\\\/\",\"name\":\"22ct Gold Z Initial Pendant \u2013 CZ Alphabet Charm | PureJewels\",\"isPartOf\":{\"@id\":\"https:\\\/\\\/www.purejewels.com\\\/#website\"},\"primaryImageOfPage\":{\"@id\":\"https:\\\/\\\/www.purejewels.com\\\/product\\\/z-initial-pendant-in-22ct-yellow-gold-with-cz\\\/#primaryimage\"},\"image\":{\"@id\":\"https:\\\/\\\/www.purejewels.com\\\/product\\\/z-initial-pendant-in-22ct-yellow-gold-with-cz\\\/#primaryimage\"},\"thumbnailUrl\":\"https:\\\/\\\/static.purejewels.com\\\/wp-content\\\/uploads\\\/2025\\\/07\\\/SKU-51063.jpg\",\"datePublished\":\"2025-06-17T06:02:33+00:00\",\"dateModified\":\"2026-02-26T13:38:32+00:00\",\"description\":\"Make it personal with our 22ct Yellow Gold Z Initial Pendant, adorned with cubic zirconia. A radiant expression of identity and elegance\u2014crafted in London.\",\"breadcrumb\":{\"@id\":\"https:\\\/\\\/www.purejewels.com\\\/product\\\/z-initial-pendant-in-22ct-yellow-gold-with-cz\\\/#breadcrumb\"},\"inLanguage\":\"tr\",\"potentialAction\":[{\"@type\":\"ReadAction\",\"target\":[\"https:\\\/\\\/www.purejewels.com\\\/product\\\/z-initial-pendant-in-22ct-yellow-gold-with-cz\\\/\"]}]},{\"@type\":\"ImageObject\",\"inLanguage\":\"tr\",\"@id\":\"https:\\\/\\\/www.purejewels.com\\\/product\\\/z-initial-pendant-in-22ct-yellow-gold-with-cz\\\/#primaryimage\",\"url\":\"https:\\\/\\\/static.purejewels.com\\\/wp-content\\\/uploads\\\/2025\\\/07\\\/SKU-51063.jpg\",\"contentUrl\":\"https:\\\/\\\/static.purejewels.com\\\/wp-content\\\/uploads\\\/2025\\\/07\\\/SKU-51063.jpg\",\"width\":1000,\"height\":1000,\"caption\":\"51063\"},{\"@type\":\"BreadcrumbList\",\"@id\":\"https:\\\/\\\/www.purejewels.com\\\/product\\\/z-initial-pendant-in-22ct-yellow-gold-with-cz\\\/#breadcrumb\",\"itemListElement\":[{\"@type\":\"ListItem\",\"position\":1,\"name\":\"Home\",\"item\":\"https:\\\/\\\/www.purejewels.com\\\/\"},{\"@type\":\"ListItem\",\"position\":2,\"name\":\"Shop\",\"item\":\"https:\\\/\\\/www.purejewels.com\\\/shop\\\/\"},{\"@type\":\"ListItem\",\"position\":3,\"name\":\"Z Initial Pendant in 22ct Gold with CZ\"}]},{\"@type\":\"WebSite\",\"@id\":\"https:\\\/\\\/www.purejewels.com\\\/#website\",\"url\":\"https:\\\/\\\/www.purejewels.com\\\/\",\"name\":\"PureJewels UK\",\"description\":\"Share the Love\",\"publisher\":{\"@id\":\"https:\\\/\\\/www.purejewels.com\\\/#organization\"},\"potentialAction\":[{\"@type\":\"SearchAction\",\"target\":{\"@type\":\"EntryPoint\",\"urlTemplate\":\"https:\\\/\\\/www.purejewels.com\\\/?s={search_term_string}\"},\"query-input\":{\"@type\":\"PropertyValueSpecification\",\"valueRequired\":true,\"valueName\":\"search_term_string\"}}],\"inLanguage\":\"tr\"},{\"@type\":\"Organization\",\"@id\":\"https:\\\/\\\/www.purejewels.com\\\/#organization\",\"name\":\"PureJewels UK\",\"url\":\"https:\\\/\\\/www.purejewels.com\\\/\",\"logo\":{\"@type\":\"ImageObject\",\"inLanguage\":\"tr\",\"@id\":\"https:\\\/\\\/www.purejewels.com\\\/#\\\/schema\\\/logo\\\/image\\\/\",\"url\":\"https:\\\/\\\/static.purejewels.com\\\/wp-content\\\/uploads\\\/2020\\\/11\\\/Logo-PJ-New-1.png\",\"contentUrl\":\"https:\\\/\\\/static.purejewels.com\\\/wp-content\\\/uploads\\\/2020\\\/11\\\/Logo-PJ-New-1.png\",\"width\":150,\"height\":80,\"caption\":\"PureJewels UK\"},\"image\":{\"@id\":\"https:\\\/\\\/www.purejewels.com\\\/#\\\/schema\\\/logo\\\/image\\\/\"}}]}<\/script>\n<!-- \/ Yoast SEO plugin. -->","yoast_head_json":{"title":"22 Ayar Alt\u0131n Z Harfli Kolye - CZ Alfabe T\u0131ls\u0131m\u0131 | PureJewels","description":"K\u00fcbik zirkonya ile s\u00fcslenmi\u015f 22 Ayar Sar\u0131 Alt\u0131n Z Ba\u015f Harfi Kolyemiz ile ki\u015fiselle\u015ftirin. Londra'da \u00fcretilmi\u015f, kimlik ve zarafetin \u0131\u015f\u0131lt\u0131l\u0131 bir ifadesi.","robots":{"index":"index","follow":"follow","max-snippet":"max-snippet:-1","max-image-preview":"max-image-preview:large","max-video-preview":"max-video-preview:-1"},"canonical":"https:\/\/www.purejewels.com\/tr\/urun\/cz-ile-22-ayar-sari-altindan-z-harfli-kolye-ucu\/","og_locale":"tr_TR","og_type":"article","og_title":"22ct Gold Z Initial Pendant \u2013 CZ Alphabet Charm | PureJewels","og_description":"Make it personal with our 22ct Yellow Gold Z Initial Pendant, adorned with cubic zirconia. A radiant expression of identity and elegance\u2014crafted in London.","og_url":"https:\/\/www.purejewels.com\/tr\/urun\/cz-ile-22-ayar-sari-altindan-z-harfli-kolye-ucu\/","og_site_name":"PureJewels UK","article_modified_time":"2026-02-26T13:38:32+00:00","og_image":[{"width":1000,"height":1000,"url":"https:\/\/static.purejewels.com\/wp-content\/uploads\/2025\/07\/SKU-51063.jpg","type":"image\/jpeg"}],"twitter_card":"summary_large_image","twitter_misc":{"Tahmini okuma s\u00fcresi":"1 dakika"},"schema":{"@context":"https:\/\/schema.org","@graph":[{"@type":["WebPage","ItemPage"],"@id":"https:\/\/www.purejewels.com\/product\/z-initial-pendant-in-22ct-yellow-gold-with-cz\/","url":"https:\/\/www.purejewels.com\/product\/z-initial-pendant-in-22ct-yellow-gold-with-cz\/","name":"22 Ayar Alt\u0131n Z Harfli Kolye - CZ Alfabe T\u0131ls\u0131m\u0131 | PureJewels","isPartOf":{"@id":"https:\/\/www.purejewels.com\/#website"},"primaryImageOfPage":{"@id":"https:\/\/www.purejewels.com\/product\/z-initial-pendant-in-22ct-yellow-gold-with-cz\/#primaryimage"},"image":{"@id":"https:\/\/www.purejewels.com\/product\/z-initial-pendant-in-22ct-yellow-gold-with-cz\/#primaryimage"},"thumbnailUrl":"https:\/\/static.purejewels.com\/wp-content\/uploads\/2025\/07\/SKU-51063.jpg","datePublished":"2025-06-17T06:02:33+00:00","dateModified":"2026-02-26T13:38:32+00:00","description":"K\u00fcbik zirkonya ile s\u00fcslenmi\u015f 22 Ayar Sar\u0131 Alt\u0131n Z Ba\u015f Harfi Kolyemiz ile ki\u015fiselle\u015ftirin. Londra'da \u00fcretilmi\u015f, kimlik ve zarafetin \u0131\u015f\u0131lt\u0131l\u0131 bir ifadesi.","breadcrumb":{"@id":"https:\/\/www.purejewels.com\/product\/z-initial-pendant-in-22ct-yellow-gold-with-cz\/#breadcrumb"},"inLanguage":"tr","potentialAction":[{"@type":"ReadAction","target":["https:\/\/www.purejewels.com\/product\/z-initial-pendant-in-22ct-yellow-gold-with-cz\/"]}]},{"@type":"ImageObject","inLanguage":"tr","@id":"https:\/\/www.purejewels.com\/product\/z-initial-pendant-in-22ct-yellow-gold-with-cz\/#primaryimage","url":"https:\/\/static.purejewels.com\/wp-content\/uploads\/2025\/07\/SKU-51063.jpg","contentUrl":"https:\/\/static.purejewels.com\/wp-content\/uploads\/2025\/07\/SKU-51063.jpg","width":1000,"height":1000,"caption":"51063"},{"@type":"BreadcrumbList","@id":"https:\/\/www.purejewels.com\/product\/z-initial-pendant-in-22ct-yellow-gold-with-cz\/#breadcrumb","itemListElement":[{"@type":"ListItem","position":1,"name":"Home","item":"https:\/\/www.purejewels.com\/"},{"@type":"ListItem","position":2,"name":"Shop","item":"https:\/\/www.purejewels.com\/shop\/"},{"@type":"ListItem","position":3,"name":"Z Initial Pendant in 22ct Gold with CZ"}]},{"@type":"WebSite","@id":"https:\/\/www.purejewels.com\/#website","url":"https:\/\/www.purejewels.com\/","name":"PureJewels \u0130ngiltere","description":"Sevgiyi Payla\u015f\u0131n","publisher":{"@id":"https:\/\/www.purejewels.com\/#organization"},"potentialAction":[{"@type":"SearchAction","target":{"@type":"EntryPoint","urlTemplate":"https:\/\/www.purejewels.com\/?s={search_term_string}"},"query-input":{"@type":"PropertyValueSpecification","valueRequired":true,"valueName":"search_term_string"}}],"inLanguage":"tr"},{"@type":"Organization","@id":"https:\/\/www.purejewels.com\/#organization","name":"PureJewels \u0130ngiltere","url":"https:\/\/www.purejewels.com\/","logo":{"@type":"ImageObject","inLanguage":"tr","@id":"https:\/\/www.purejewels.com\/#\/schema\/logo\/image\/","url":"https:\/\/static.purejewels.com\/wp-content\/uploads\/2020\/11\/Logo-PJ-New-1.png","contentUrl":"https:\/\/static.purejewels.com\/wp-content\/uploads\/2020\/11\/Logo-PJ-New-1.png","width":150,"height":80,"caption":"PureJewels UK"},"image":{"@id":"https:\/\/www.purejewels.com\/#\/schema\/logo\/image\/"}}]}},"_links":{"self":[{"href":"https:\/\/www.purejewels.com\/tr\/wp-json\/wp\/v2\/product\/405384","targetHints":{"allow":["GET"]}}],"collection":[{"href":"https:\/\/www.purejewels.com\/tr\/wp-json\/wp\/v2\/product"}],"about":[{"href":"https:\/\/www.purejewels.com\/tr\/wp-json\/wp\/v2\/types\/product"}],"replies":[{"embeddable":true,"href":"https:\/\/www.purejewels.com\/tr\/wp-json\/wp\/v2\/comments?post=405384"}],"version-history":[{"count":4,"href":"https:\/\/www.purejewels.com\/tr\/wp-json\/wp\/v2\/product\/405384\/revisions"}],"predecessor-version":[{"id":422589,"href":"https:\/\/www.purejewels.com\/tr\/wp-json\/wp\/v2\/product\/405384\/revisions\/422589"}],"wp:featuredmedia":[{"embeddable":true,"href":"https:\/\/www.purejewels.com\/tr\/wp-json\/wp\/v2\/media\/405385"}],"wp:attachment":[{"href":"https:\/\/www.purejewels.com\/tr\/wp-json\/wp\/v2\/media?parent=405384"}],"wp:term":[{"taxonomy":"product_brand","embeddable":true,"href":"https:\/\/www.purejewels.com\/tr\/wp-json\/wp\/v2\/product_brand?post=405384"},{"taxonomy":"product_cat","embeddable":true,"href":"https:\/\/www.purejewels.com\/tr\/wp-json\/wp\/v2\/product_cat?post=405384"},{"taxonomy":"product_tag","embeddable":true,"href":"https:\/\/www.purejewels.com\/tr\/wp-json\/wp\/v2\/product_tag?post=405384"}],"curies":[{"name":"wp","href":"https:\/\/api.w.org\/{rel}","templated":true}]}}