{"id":405424,"date":"2025-07-17T08:44:12","date_gmt":"2025-07-17T07:44:12","guid":{"rendered":"https:\/\/www.purejewels.com\/?post_type=product&#038;p=405424"},"modified":"2026-03-11T05:49:56","modified_gmt":"2026-03-11T05:49:56","slug":"tavus-kusu-zarafeti-22-ayar-altin-yuzuk-o-%c2%bd-46818","status":"publish","type":"product","link":"https:\/\/www.purejewels.com\/tr\/product\/peacock-grace-22ct-gold-ring-size-o-%c2%bd-46818\/","title":{"rendered":"Tavusku\u015fu Zarafeti 22 Ayar Alt\u0131n Y\u00fcz\u00fck | O \u00bd Beden"},"content":{"rendered":"<p>Bu zarif 22 Ayar Alt\u0131n Tavus Ku\u015fu Y\u00fcz\u00fc\u011f\u00fc ile m\u00fccevher kutunuza renklerle birlikte geleneksel bir dokunu\u015f kat\u0131n. Saf 22 ayar alt\u0131ndan titizlikle \u00fcretilen bu y\u00fcz\u00fck, mavi, ye\u015fil ve k\u0131rm\u0131z\u0131 tonlar\u0131nda elle boyanm\u0131\u015f mineyle vurgulanm\u0131\u015f \u00e7arp\u0131c\u0131 bir tavus ku\u015fu tasar\u0131m\u0131n\u0131 sergiliyor. A\u00e7\u0131k sap stili ve yapraklardan ilham alan formu zarif ve modern bir hava katarken, tavus ku\u015fu motifi k\u00fclt\u00fcrel sembolizm ve g\u00fczellik unsurlar\u0131n\u0131 bir araya getiriyor.<\/p>","protected":false},"excerpt":{"rendered":"<p>Zamans\u0131z cazibeyi 22 Ayar Alt\u0131n Tavus Ku\u015fu Y\u00fcz\u00fc\u011f\u00fcm\u00fczle kutlay\u0131n. Bu canl\u0131 par\u00e7a, koleksiyonunuza renk ve k\u00fclt\u00fcr katan g\u00fczel mineli bir tavus ku\u015fu motifine sahiptir.<\/p>\n<p><strong>Malzeme:<\/strong>\u00a022 Ayar Alt\u0131n<br \/>\n<strong>Hallmark:<\/strong>\u00a0\u0130ngiliz Damgas\u0131<strong><br \/>\n<\/strong><strong>Br\u00fct A\u011f\u0131rl\u0131k: <\/strong>2.80 Gms<br \/>\n<strong>Boyut:<\/strong> O 1\/2<br \/>\n<strong>SKU<\/strong>: 46818<\/p>\n<p><strong>Fiyat ve Teslimat<\/strong>: KDV ve teslimat \u00fccretleri dahil<br \/>\n<a href=\"https:\/\/www.purejewels.com\/tr\/i%cc%87ade-poli%cc%87ti%cc%87kasi\/\">\u0130ade Politikas\u0131<\/a><\/p>","protected":false},"featured_media":405428,"comment_status":"closed","ping_status":"closed","template":"","meta":{"_eb_attr":"","_crsspst_to_jayantr4sg-hostcom":true},"product_brand":[],"product_cat":[1791,1559,1785,6190,1235,5343,1783,5347,1570,1786,5338,1569,1573,1574,5349],"product_tag":[64],"class_list":{"0":"post-405424","1":"product","2":"type-product","3":"status-publish","4":"has-post-thumbnail","6":"product_cat-anniversary-gifts","7":"product_cat-birthday-gifts","8":"product_cat-daily-wear-rings","9":"product_cat-easter-jewellery","10":"product_cat-gold-rings","11":"product_cat-jewellery-under-550","12":"product_cat-ladies-rings","13":"product_cat-shop-by-metal","14":"product_cat-mothers-day-gifts","15":"product_cat-occasional-wear-rings","16":"product_cat-shop-by-price","17":"product_cat-valentine-day-gifts","18":"product_cat-wedding-gifts","19":"product_cat-womens-jewellery","20":"product_cat-yellow-gold-jewellery","21":"product_tag-rings","23":"first","24":"instock","25":"taxable","26":"shipping-taxable","27":"purchasable","28":"product-type-simple","29":"add-to-wishlist-before_image"},"yoast_head":"<!-- This site is optimized with the Yoast SEO plugin v27.3 - https:\/\/yoast.com\/product\/yoast-seo-wordpress\/ -->\n<title>22ct Gold Peacock Ring | Unique Gold Ring Design online at UK<\/title>\n<meta name=\"description\" content=\"Shop the 22ct Gold Peacock Ring, a vibrant gold ring featuring colorful enamel and intricate peacock design. Perfect for gifting or daily elegance.\" \/>\n<meta name=\"robots\" content=\"index, follow, max-snippet:-1, max-image-preview:large, max-video-preview:-1\" \/>\n<link rel=\"canonical\" href=\"https:\/\/www.purejewels.com\/tr\/urun\/tavus-kusu-zarafeti-22-ayar-altin-yuzuk-o-\u00bd-46818\/\" \/>\n<meta property=\"og:locale\" content=\"tr_TR\" \/>\n<meta property=\"og:type\" content=\"article\" \/>\n<meta property=\"og:title\" content=\"22ct Gold Peacock Ring | Unique Gold Ring Design online at UK\" \/>\n<meta property=\"og:description\" content=\"Shop the 22ct Gold Peacock Ring, a vibrant gold ring featuring colorful enamel and intricate peacock design. Perfect for gifting or daily elegance.\" \/>\n<meta property=\"og:url\" content=\"https:\/\/www.purejewels.com\/tr\/urun\/tavus-kusu-zarafeti-22-ayar-altin-yuzuk-o-\u00bd-46818\/\" \/>\n<meta property=\"og:site_name\" content=\"PureJewels UK\" \/>\n<meta property=\"article:modified_time\" content=\"2026-03-11T05:49:56+00:00\" \/>\n<meta property=\"og:image\" content=\"https:\/\/static.purejewels.com\/wp-content\/uploads\/2025\/07\/SKU-46818.jpg\" \/>\n\t<meta property=\"og:image:width\" content=\"1000\" \/>\n\t<meta property=\"og:image:height\" content=\"1000\" \/>\n\t<meta property=\"og:image:type\" content=\"image\/jpeg\" \/>\n<meta name=\"twitter:card\" content=\"summary_large_image\" \/>\n<meta name=\"twitter:label1\" content=\"Tahmini okuma s\u00fcresi\" \/>\n\t<meta name=\"twitter:data1\" content=\"1 dakika\" \/>\n<script type=\"application\/ld+json\" class=\"yoast-schema-graph\">{\"@context\":\"https:\\\/\\\/schema.org\",\"@graph\":[{\"@type\":[\"WebPage\",\"ItemPage\"],\"@id\":\"https:\\\/\\\/www.purejewels.com\\\/product\\\/peacock-grace-22ct-gold-ring-size-o-%c2%bd-46818\\\/\",\"url\":\"https:\\\/\\\/www.purejewels.com\\\/product\\\/peacock-grace-22ct-gold-ring-size-o-%c2%bd-46818\\\/\",\"name\":\"22ct Gold Peacock Ring | Unique Gold Ring Design online at UK\",\"isPartOf\":{\"@id\":\"https:\\\/\\\/www.purejewels.com\\\/#website\"},\"primaryImageOfPage\":{\"@id\":\"https:\\\/\\\/www.purejewels.com\\\/product\\\/peacock-grace-22ct-gold-ring-size-o-%c2%bd-46818\\\/#primaryimage\"},\"image\":{\"@id\":\"https:\\\/\\\/www.purejewels.com\\\/product\\\/peacock-grace-22ct-gold-ring-size-o-%c2%bd-46818\\\/#primaryimage\"},\"thumbnailUrl\":\"https:\\\/\\\/static.purejewels.com\\\/wp-content\\\/uploads\\\/2025\\\/07\\\/SKU-46818.jpg\",\"datePublished\":\"2025-07-17T07:44:12+00:00\",\"dateModified\":\"2026-03-11T05:49:56+00:00\",\"description\":\"Shop the 22ct Gold Peacock Ring, a vibrant gold ring featuring colorful enamel and intricate peacock design. Perfect for gifting or daily elegance.\",\"breadcrumb\":{\"@id\":\"https:\\\/\\\/www.purejewels.com\\\/product\\\/peacock-grace-22ct-gold-ring-size-o-%c2%bd-46818\\\/#breadcrumb\"},\"inLanguage\":\"tr\",\"potentialAction\":[{\"@type\":\"ReadAction\",\"target\":[\"https:\\\/\\\/www.purejewels.com\\\/product\\\/peacock-grace-22ct-gold-ring-size-o-%c2%bd-46818\\\/\"]}]},{\"@type\":\"ImageObject\",\"inLanguage\":\"tr\",\"@id\":\"https:\\\/\\\/www.purejewels.com\\\/product\\\/peacock-grace-22ct-gold-ring-size-o-%c2%bd-46818\\\/#primaryimage\",\"url\":\"https:\\\/\\\/static.purejewels.com\\\/wp-content\\\/uploads\\\/2025\\\/07\\\/SKU-46818.jpg\",\"contentUrl\":\"https:\\\/\\\/static.purejewels.com\\\/wp-content\\\/uploads\\\/2025\\\/07\\\/SKU-46818.jpg\",\"width\":1000,\"height\":1000,\"caption\":\"Stacked from 5 images. Method=B (R=8,S=4)\"},{\"@type\":\"BreadcrumbList\",\"@id\":\"https:\\\/\\\/www.purejewels.com\\\/product\\\/peacock-grace-22ct-gold-ring-size-o-%c2%bd-46818\\\/#breadcrumb\",\"itemListElement\":[{\"@type\":\"ListItem\",\"position\":1,\"name\":\"Home\",\"item\":\"https:\\\/\\\/www.purejewels.com\\\/\"},{\"@type\":\"ListItem\",\"position\":2,\"name\":\"Shop\",\"item\":\"https:\\\/\\\/www.purejewels.com\\\/shop\\\/\"},{\"@type\":\"ListItem\",\"position\":3,\"name\":\"Peacock Grace 22ct Gold Ring | Size O \u00bd\"}]},{\"@type\":\"WebSite\",\"@id\":\"https:\\\/\\\/www.purejewels.com\\\/#website\",\"url\":\"https:\\\/\\\/www.purejewels.com\\\/\",\"name\":\"PureJewels UK\",\"description\":\"Share the Love\",\"publisher\":{\"@id\":\"https:\\\/\\\/www.purejewels.com\\\/#organization\"},\"potentialAction\":[{\"@type\":\"SearchAction\",\"target\":{\"@type\":\"EntryPoint\",\"urlTemplate\":\"https:\\\/\\\/www.purejewels.com\\\/?s={search_term_string}\"},\"query-input\":{\"@type\":\"PropertyValueSpecification\",\"valueRequired\":true,\"valueName\":\"search_term_string\"}}],\"inLanguage\":\"tr\"},{\"@type\":\"Organization\",\"@id\":\"https:\\\/\\\/www.purejewels.com\\\/#organization\",\"name\":\"PureJewels UK\",\"url\":\"https:\\\/\\\/www.purejewels.com\\\/\",\"logo\":{\"@type\":\"ImageObject\",\"inLanguage\":\"tr\",\"@id\":\"https:\\\/\\\/www.purejewels.com\\\/#\\\/schema\\\/logo\\\/image\\\/\",\"url\":\"https:\\\/\\\/static.purejewels.com\\\/wp-content\\\/uploads\\\/2020\\\/11\\\/Logo-PJ-New-1.png\",\"contentUrl\":\"https:\\\/\\\/static.purejewels.com\\\/wp-content\\\/uploads\\\/2020\\\/11\\\/Logo-PJ-New-1.png\",\"width\":150,\"height\":80,\"caption\":\"PureJewels UK\"},\"image\":{\"@id\":\"https:\\\/\\\/www.purejewels.com\\\/#\\\/schema\\\/logo\\\/image\\\/\"}}]}<\/script>\n<!-- \/ Yoast SEO plugin. -->","yoast_head_json":{"title":"22 Ayar Alt\u0131n Tavusku\u015fu Y\u00fcz\u00fck | E\u015fsiz Alt\u0131n Y\u00fcz\u00fck Tasar\u0131m\u0131 \u0130ngiltere'de online","description":"Renkli mine ve karma\u015f\u0131k tavus ku\u015fu tasar\u0131m\u0131na sahip canl\u0131 bir alt\u0131n y\u00fcz\u00fck olan 22 Ayar Alt\u0131n Tavus Ku\u015fu Y\u00fcz\u00fc\u011f\u00fc'n\u00fc sat\u0131n al\u0131n. Hediye etmek veya g\u00fcnl\u00fck \u015f\u0131kl\u0131k i\u00e7in m\u00fckemmel.","robots":{"index":"index","follow":"follow","max-snippet":"max-snippet:-1","max-image-preview":"max-image-preview:large","max-video-preview":"max-video-preview:-1"},"canonical":"https:\/\/www.purejewels.com\/tr\/urun\/tavus-kusu-zarafeti-22-ayar-altin-yuzuk-o-\u00bd-46818\/","og_locale":"tr_TR","og_type":"article","og_title":"22ct Gold Peacock Ring | Unique Gold Ring Design online at UK","og_description":"Shop the 22ct Gold Peacock Ring, a vibrant gold ring featuring colorful enamel and intricate peacock design. Perfect for gifting or daily elegance.","og_url":"https:\/\/www.purejewels.com\/tr\/urun\/tavus-kusu-zarafeti-22-ayar-altin-yuzuk-o-\u00bd-46818\/","og_site_name":"PureJewels UK","article_modified_time":"2026-03-11T05:49:56+00:00","og_image":[{"width":1000,"height":1000,"url":"https:\/\/static.purejewels.com\/wp-content\/uploads\/2025\/07\/SKU-46818.jpg","type":"image\/jpeg"}],"twitter_card":"summary_large_image","twitter_misc":{"Tahmini okuma s\u00fcresi":"1 dakika"},"schema":{"@context":"https:\/\/schema.org","@graph":[{"@type":["WebPage","ItemPage"],"@id":"https:\/\/www.purejewels.com\/product\/peacock-grace-22ct-gold-ring-size-o-%c2%bd-46818\/","url":"https:\/\/www.purejewels.com\/product\/peacock-grace-22ct-gold-ring-size-o-%c2%bd-46818\/","name":"22 Ayar Alt\u0131n Tavusku\u015fu Y\u00fcz\u00fck | E\u015fsiz Alt\u0131n Y\u00fcz\u00fck Tasar\u0131m\u0131 \u0130ngiltere'de online","isPartOf":{"@id":"https:\/\/www.purejewels.com\/#website"},"primaryImageOfPage":{"@id":"https:\/\/www.purejewels.com\/product\/peacock-grace-22ct-gold-ring-size-o-%c2%bd-46818\/#primaryimage"},"image":{"@id":"https:\/\/www.purejewels.com\/product\/peacock-grace-22ct-gold-ring-size-o-%c2%bd-46818\/#primaryimage"},"thumbnailUrl":"https:\/\/static.purejewels.com\/wp-content\/uploads\/2025\/07\/SKU-46818.jpg","datePublished":"2025-07-17T07:44:12+00:00","dateModified":"2026-03-11T05:49:56+00:00","description":"Renkli mine ve karma\u015f\u0131k tavus ku\u015fu tasar\u0131m\u0131na sahip canl\u0131 bir alt\u0131n y\u00fcz\u00fck olan 22 Ayar Alt\u0131n Tavus Ku\u015fu Y\u00fcz\u00fc\u011f\u00fc'n\u00fc sat\u0131n al\u0131n. Hediye etmek veya g\u00fcnl\u00fck \u015f\u0131kl\u0131k i\u00e7in m\u00fckemmel.","breadcrumb":{"@id":"https:\/\/www.purejewels.com\/product\/peacock-grace-22ct-gold-ring-size-o-%c2%bd-46818\/#breadcrumb"},"inLanguage":"tr","potentialAction":[{"@type":"ReadAction","target":["https:\/\/www.purejewels.com\/product\/peacock-grace-22ct-gold-ring-size-o-%c2%bd-46818\/"]}]},{"@type":"ImageObject","inLanguage":"tr","@id":"https:\/\/www.purejewels.com\/product\/peacock-grace-22ct-gold-ring-size-o-%c2%bd-46818\/#primaryimage","url":"https:\/\/static.purejewels.com\/wp-content\/uploads\/2025\/07\/SKU-46818.jpg","contentUrl":"https:\/\/static.purejewels.com\/wp-content\/uploads\/2025\/07\/SKU-46818.jpg","width":1000,"height":1000,"caption":"Stacked from 5 images. Method=B (R=8,S=4)"},{"@type":"BreadcrumbList","@id":"https:\/\/www.purejewels.com\/product\/peacock-grace-22ct-gold-ring-size-o-%c2%bd-46818\/#breadcrumb","itemListElement":[{"@type":"ListItem","position":1,"name":"Home","item":"https:\/\/www.purejewels.com\/"},{"@type":"ListItem","position":2,"name":"Shop","item":"https:\/\/www.purejewels.com\/shop\/"},{"@type":"ListItem","position":3,"name":"Peacock Grace 22ct Gold Ring | Size O \u00bd"}]},{"@type":"WebSite","@id":"https:\/\/www.purejewels.com\/#website","url":"https:\/\/www.purejewels.com\/","name":"PureJewels \u0130ngiltere","description":"Sevgiyi Payla\u015f\u0131n","publisher":{"@id":"https:\/\/www.purejewels.com\/#organization"},"potentialAction":[{"@type":"SearchAction","target":{"@type":"EntryPoint","urlTemplate":"https:\/\/www.purejewels.com\/?s={search_term_string}"},"query-input":{"@type":"PropertyValueSpecification","valueRequired":true,"valueName":"search_term_string"}}],"inLanguage":"tr"},{"@type":"Organization","@id":"https:\/\/www.purejewels.com\/#organization","name":"PureJewels \u0130ngiltere","url":"https:\/\/www.purejewels.com\/","logo":{"@type":"ImageObject","inLanguage":"tr","@id":"https:\/\/www.purejewels.com\/#\/schema\/logo\/image\/","url":"https:\/\/static.purejewels.com\/wp-content\/uploads\/2020\/11\/Logo-PJ-New-1.png","contentUrl":"https:\/\/static.purejewels.com\/wp-content\/uploads\/2020\/11\/Logo-PJ-New-1.png","width":150,"height":80,"caption":"PureJewels UK"},"image":{"@id":"https:\/\/www.purejewels.com\/#\/schema\/logo\/image\/"}}]}},"_links":{"self":[{"href":"https:\/\/www.purejewels.com\/tr\/wp-json\/wp\/v2\/product\/405424","targetHints":{"allow":["GET"]}}],"collection":[{"href":"https:\/\/www.purejewels.com\/tr\/wp-json\/wp\/v2\/product"}],"about":[{"href":"https:\/\/www.purejewels.com\/tr\/wp-json\/wp\/v2\/types\/product"}],"replies":[{"embeddable":true,"href":"https:\/\/www.purejewels.com\/tr\/wp-json\/wp\/v2\/comments?post=405424"}],"version-history":[{"count":1,"href":"https:\/\/www.purejewels.com\/tr\/wp-json\/wp\/v2\/product\/405424\/revisions"}],"predecessor-version":[{"id":405429,"href":"https:\/\/www.purejewels.com\/tr\/wp-json\/wp\/v2\/product\/405424\/revisions\/405429"}],"wp:featuredmedia":[{"embeddable":true,"href":"https:\/\/www.purejewels.com\/tr\/wp-json\/wp\/v2\/media\/405428"}],"wp:attachment":[{"href":"https:\/\/www.purejewels.com\/tr\/wp-json\/wp\/v2\/media?parent=405424"}],"wp:term":[{"taxonomy":"product_brand","embeddable":true,"href":"https:\/\/www.purejewels.com\/tr\/wp-json\/wp\/v2\/product_brand?post=405424"},{"taxonomy":"product_cat","embeddable":true,"href":"https:\/\/www.purejewels.com\/tr\/wp-json\/wp\/v2\/product_cat?post=405424"},{"taxonomy":"product_tag","embeddable":true,"href":"https:\/\/www.purejewels.com\/tr\/wp-json\/wp\/v2\/product_tag?post=405424"}],"curies":[{"name":"wp","href":"https:\/\/api.w.org\/{rel}","templated":true}]}}