{"id":405436,"date":"2025-07-17T09:25:26","date_gmt":"2025-07-17T08:25:26","guid":{"rendered":"https:\/\/www.purejewels.com\/?post_type=product&#038;p=405436"},"modified":"2026-02-04T11:46:33","modified_gmt":"2026-02-04T11:46:33","slug":"22-ayar-altin-mineli-kus-cicegi-yuzuk-n-46815-beden","status":"publish","type":"product","link":"https:\/\/www.purejewels.com\/tr\/product\/22ct-gold-enamel-bird-blossom-ring-size-n-46815\/","title":{"rendered":"22 Ayar Alt\u0131n Mineli Ku\u015f ve \u00c7i\u00e7ek Y\u00fcz\u00fck | N Beden"},"content":{"rendered":"<p>Zanaatkarl\u0131k ve hikaye anlat\u0131m\u0131n\u0131n \u015fiirsel bir kar\u0131\u015f\u0131m\u0131 olan bu 22 Ayar Alt\u0131n Mineli Ku\u015f ve \u00c7i\u00e7ek Y\u00fcz\u00fck, do\u011faya ve mirasa bir \u00f6vg\u00fc niteli\u011findedir. Z\u00fcmr\u00fct ve safirin zengin tonlar\u0131yla boyanm\u0131\u015f, elle uygulanm\u0131\u015f mine ku\u015f, alt\u0131n bir \u00e7i\u00e7e\u011fe zarif\u00e7e yaslanarak bir huzur an\u0131n\u0131 ince ayr\u0131nt\u0131lar\u0131yla yakal\u0131yor.<\/p>\n<p>Y\u00fcksek safl\u0131kta 22 ayar alt\u0131ndan \u00fcretilen ve Londra Assay Ofisi taraf\u0131ndan damgalanan bu y\u00fcz\u00fck hem hafif hem de \u00e7arp\u0131c\u0131d\u0131r. \u0130ster d\u00fc\u015f\u00fcnceli bir hediye olarak isterse de tuhaf bir ki\u015fisel hat\u0131ra olarak se\u00e7ilsin, k\u00fclt\u00fcrel sembolizm ve zanaatk\u00e2r ne\u015fesi ta\u015f\u0131r.<\/p>","protected":false},"excerpt":{"rendered":"<p>Bu 22 ayar alt\u0131n y\u00fcz\u00fck, do\u011fay\u0131, g\u00fczelli\u011fi ve zamans\u0131z tasar\u0131m\u0131 simgeleyen alt\u0131n bir \u00e7i\u00e7e\u011fin yan\u0131nda yer alan canl\u0131 bir mineli ku\u015fa sahiptir. Miras\u0131n ve tuhafl\u0131\u011f\u0131n b\u00fcy\u00fcleyici bir ifadesi.<\/p>\n<p><strong>Malzeme:<\/strong>\u00a022 Ayar Alt\u0131n<br \/>\n<strong>Hallmark:<\/strong>\u00a0\u0130ngiliz Damgas\u0131<strong><br \/>\n<\/strong><strong>Br\u00fct A\u011f\u0131rl\u0131k: <\/strong>3.40 Gms<br \/>\n<strong>Boyut:<\/strong> N<br \/>\n<strong>SKU<\/strong>: 46815<\/p>\n<p><strong>Fiyat ve Teslimat<\/strong>: KDV ve teslimat \u00fccretleri dahil<br \/>\n<a href=\"https:\/\/www.purejewels.com\/tr\/i%cc%87ade-poli%cc%87ti%cc%87kasi\/\">\u0130ade Politikas\u0131<\/a><\/p>","protected":false},"featured_media":405438,"comment_status":"closed","ping_status":"closed","template":"","meta":{"_eb_attr":"","_crsspst_to_jayantr4sg-hostcom":true},"product_brand":[],"product_cat":[1791,1559,1785,1235,5344,1783,5347,1786,5338,1569,1573,1574,5349],"product_tag":[64],"class_list":{"0":"post-405436","1":"product","2":"type-product","3":"status-publish","4":"has-post-thumbnail","6":"product_cat-anniversary-gifts","7":"product_cat-birthday-gifts","8":"product_cat-daily-wear-rings","9":"product_cat-gold-rings","10":"product_cat-jewellery-under-750","11":"product_cat-ladies-rings","12":"product_cat-shop-by-metal","13":"product_cat-occasional-wear-rings","14":"product_cat-shop-by-price","15":"product_cat-valentine-day-gifts","16":"product_cat-wedding-gifts","17":"product_cat-womens-jewellery","18":"product_cat-yellow-gold-jewellery","19":"product_tag-rings","21":"first","22":"instock","23":"taxable","24":"shipping-taxable","25":"purchasable","26":"product-type-simple","27":"add-to-wishlist-before_image"},"yoast_head":"<!-- This site is optimized with the Yoast SEO plugin v27.5 - https:\/\/yoast.com\/product\/yoast-seo-wordpress\/ -->\n<title>22ct Gold Bird Ring | Blossom Design Ring by PureJewels<\/title>\n<meta name=\"description\" content=\"Celebrate nature\u2019s elegance with this 22ct Gold Bird &amp; Blossom Ring by PureJewels. Featuring hand-applied enamel and floral detailing, hallmarked in London.\" \/>\n<meta name=\"robots\" content=\"index, follow, max-snippet:-1, max-image-preview:large, max-video-preview:-1\" \/>\n<link rel=\"canonical\" href=\"https:\/\/www.purejewels.com\/tr\/urun\/22-ayar-altin-mineli-kus-cicegi-yuzuk-n-46815-beden\/\" \/>\n<meta property=\"og:locale\" content=\"tr_TR\" \/>\n<meta property=\"og:type\" content=\"article\" \/>\n<meta property=\"og:title\" content=\"22ct Gold Bird Ring | Blossom Design Ring by PureJewels\" \/>\n<meta property=\"og:description\" content=\"Celebrate nature\u2019s elegance with this 22ct Gold Bird &amp; Blossom Ring by PureJewels. Featuring hand-applied enamel and floral detailing, hallmarked in London.\" \/>\n<meta property=\"og:url\" content=\"https:\/\/www.purejewels.com\/tr\/urun\/22-ayar-altin-mineli-kus-cicegi-yuzuk-n-46815-beden\/\" \/>\n<meta property=\"og:site_name\" content=\"PureJewels UK\" \/>\n<meta property=\"article:modified_time\" content=\"2026-02-04T11:46:33+00:00\" \/>\n<meta property=\"og:image\" content=\"https:\/\/static.purejewels.com\/wp-content\/uploads\/2025\/07\/SKU-46815.jpg\" \/>\n\t<meta property=\"og:image:width\" content=\"1000\" \/>\n\t<meta property=\"og:image:height\" content=\"1000\" \/>\n\t<meta property=\"og:image:type\" content=\"image\/jpeg\" \/>\n<meta name=\"twitter:card\" content=\"summary_large_image\" \/>\n<meta name=\"twitter:label1\" content=\"Tahmini okuma s\u00fcresi\" \/>\n\t<meta name=\"twitter:data1\" content=\"1 dakika\" \/>\n<script type=\"application\/ld+json\" class=\"yoast-schema-graph\">{\"@context\":\"https:\\\/\\\/schema.org\",\"@graph\":[{\"@type\":[\"WebPage\",\"ItemPage\"],\"@id\":\"https:\\\/\\\/www.purejewels.com\\\/product\\\/22ct-gold-enamel-bird-blossom-ring-size-n-46815\\\/\",\"url\":\"https:\\\/\\\/www.purejewels.com\\\/product\\\/22ct-gold-enamel-bird-blossom-ring-size-n-46815\\\/\",\"name\":\"22ct Gold Bird Ring | Blossom Design Ring by PureJewels\",\"isPartOf\":{\"@id\":\"https:\\\/\\\/www.purejewels.com\\\/#website\"},\"primaryImageOfPage\":{\"@id\":\"https:\\\/\\\/www.purejewels.com\\\/product\\\/22ct-gold-enamel-bird-blossom-ring-size-n-46815\\\/#primaryimage\"},\"image\":{\"@id\":\"https:\\\/\\\/www.purejewels.com\\\/product\\\/22ct-gold-enamel-bird-blossom-ring-size-n-46815\\\/#primaryimage\"},\"thumbnailUrl\":\"https:\\\/\\\/static.purejewels.com\\\/wp-content\\\/uploads\\\/2025\\\/07\\\/SKU-46815.jpg\",\"datePublished\":\"2025-07-17T08:25:26+00:00\",\"dateModified\":\"2026-02-04T11:46:33+00:00\",\"description\":\"Celebrate nature\u2019s elegance with this 22ct Gold Bird & Blossom Ring by PureJewels. Featuring hand-applied enamel and floral detailing, hallmarked in London.\",\"breadcrumb\":{\"@id\":\"https:\\\/\\\/www.purejewels.com\\\/product\\\/22ct-gold-enamel-bird-blossom-ring-size-n-46815\\\/#breadcrumb\"},\"inLanguage\":\"tr\",\"potentialAction\":[{\"@type\":\"ReadAction\",\"target\":[\"https:\\\/\\\/www.purejewels.com\\\/product\\\/22ct-gold-enamel-bird-blossom-ring-size-n-46815\\\/\"]}]},{\"@type\":\"ImageObject\",\"inLanguage\":\"tr\",\"@id\":\"https:\\\/\\\/www.purejewels.com\\\/product\\\/22ct-gold-enamel-bird-blossom-ring-size-n-46815\\\/#primaryimage\",\"url\":\"https:\\\/\\\/static.purejewels.com\\\/wp-content\\\/uploads\\\/2025\\\/07\\\/SKU-46815.jpg\",\"contentUrl\":\"https:\\\/\\\/static.purejewels.com\\\/wp-content\\\/uploads\\\/2025\\\/07\\\/SKU-46815.jpg\",\"width\":1000,\"height\":1000,\"caption\":\"Stacked from 6 images. Method=B (R=8,S=4)\"},{\"@type\":\"BreadcrumbList\",\"@id\":\"https:\\\/\\\/www.purejewels.com\\\/product\\\/22ct-gold-enamel-bird-blossom-ring-size-n-46815\\\/#breadcrumb\",\"itemListElement\":[{\"@type\":\"ListItem\",\"position\":1,\"name\":\"Home\",\"item\":\"https:\\\/\\\/www.purejewels.com\\\/\"},{\"@type\":\"ListItem\",\"position\":2,\"name\":\"Shop\",\"item\":\"https:\\\/\\\/www.purejewels.com\\\/shop\\\/\"},{\"@type\":\"ListItem\",\"position\":3,\"name\":\"22ct Gold Enamel Bird &#038; Blossom Ring | Size N\"}]},{\"@type\":\"WebSite\",\"@id\":\"https:\\\/\\\/www.purejewels.com\\\/#website\",\"url\":\"https:\\\/\\\/www.purejewels.com\\\/\",\"name\":\"PureJewels UK\",\"description\":\"Share the Love\",\"publisher\":{\"@id\":\"https:\\\/\\\/www.purejewels.com\\\/#organization\"},\"potentialAction\":[{\"@type\":\"SearchAction\",\"target\":{\"@type\":\"EntryPoint\",\"urlTemplate\":\"https:\\\/\\\/www.purejewels.com\\\/?s={search_term_string}\"},\"query-input\":{\"@type\":\"PropertyValueSpecification\",\"valueRequired\":true,\"valueName\":\"search_term_string\"}}],\"inLanguage\":\"tr\"},{\"@type\":\"Organization\",\"@id\":\"https:\\\/\\\/www.purejewels.com\\\/#organization\",\"name\":\"PureJewels UK\",\"url\":\"https:\\\/\\\/www.purejewels.com\\\/\",\"logo\":{\"@type\":\"ImageObject\",\"inLanguage\":\"tr\",\"@id\":\"https:\\\/\\\/www.purejewels.com\\\/#\\\/schema\\\/logo\\\/image\\\/\",\"url\":\"https:\\\/\\\/static.purejewels.com\\\/wp-content\\\/uploads\\\/2020\\\/11\\\/Logo-PJ-New-1.png\",\"contentUrl\":\"https:\\\/\\\/static.purejewels.com\\\/wp-content\\\/uploads\\\/2020\\\/11\\\/Logo-PJ-New-1.png\",\"width\":150,\"height\":80,\"caption\":\"PureJewels UK\"},\"image\":{\"@id\":\"https:\\\/\\\/www.purejewels.com\\\/#\\\/schema\\\/logo\\\/image\\\/\"}}]}<\/script>\n<!-- \/ Yoast SEO plugin. -->","yoast_head_json":{"title":"PureJewels'ten 22 Ayar Alt\u0131n Ku\u015f Y\u00fcz\u00fck | \u00c7i\u00e7ek Tasar\u0131ml\u0131 Y\u00fcz\u00fck","description":"PureJewels'in bu 22 ayar alt\u0131n Ku\u015f ve \u00c7i\u00e7ek Y\u00fcz\u00fc\u011f\u00fc ile do\u011fan\u0131n zarafetini kutlay\u0131n. Elle uygulanm\u0131\u015f mine ve \u00e7i\u00e7ek detaylar\u0131na sahip bu y\u00fcz\u00fck Londra'da damgalanm\u0131\u015ft\u0131r.","robots":{"index":"index","follow":"follow","max-snippet":"max-snippet:-1","max-image-preview":"max-image-preview:large","max-video-preview":"max-video-preview:-1"},"canonical":"https:\/\/www.purejewels.com\/tr\/urun\/22-ayar-altin-mineli-kus-cicegi-yuzuk-n-46815-beden\/","og_locale":"tr_TR","og_type":"article","og_title":"22ct Gold Bird Ring | Blossom Design Ring by PureJewels","og_description":"Celebrate nature\u2019s elegance with this 22ct Gold Bird & Blossom Ring by PureJewels. Featuring hand-applied enamel and floral detailing, hallmarked in London.","og_url":"https:\/\/www.purejewels.com\/tr\/urun\/22-ayar-altin-mineli-kus-cicegi-yuzuk-n-46815-beden\/","og_site_name":"PureJewels UK","article_modified_time":"2026-02-04T11:46:33+00:00","og_image":[{"width":1000,"height":1000,"url":"https:\/\/static.purejewels.com\/wp-content\/uploads\/2025\/07\/SKU-46815.jpg","type":"image\/jpeg"}],"twitter_card":"summary_large_image","twitter_misc":{"Tahmini okuma s\u00fcresi":"1 dakika"},"schema":{"@context":"https:\/\/schema.org","@graph":[{"@type":["WebPage","ItemPage"],"@id":"https:\/\/www.purejewels.com\/product\/22ct-gold-enamel-bird-blossom-ring-size-n-46815\/","url":"https:\/\/www.purejewels.com\/product\/22ct-gold-enamel-bird-blossom-ring-size-n-46815\/","name":"PureJewels'ten 22 Ayar Alt\u0131n Ku\u015f Y\u00fcz\u00fck | \u00c7i\u00e7ek Tasar\u0131ml\u0131 Y\u00fcz\u00fck","isPartOf":{"@id":"https:\/\/www.purejewels.com\/#website"},"primaryImageOfPage":{"@id":"https:\/\/www.purejewels.com\/product\/22ct-gold-enamel-bird-blossom-ring-size-n-46815\/#primaryimage"},"image":{"@id":"https:\/\/www.purejewels.com\/product\/22ct-gold-enamel-bird-blossom-ring-size-n-46815\/#primaryimage"},"thumbnailUrl":"https:\/\/static.purejewels.com\/wp-content\/uploads\/2025\/07\/SKU-46815.jpg","datePublished":"2025-07-17T08:25:26+00:00","dateModified":"2026-02-04T11:46:33+00:00","description":"PureJewels'in bu 22 ayar alt\u0131n Ku\u015f ve \u00c7i\u00e7ek Y\u00fcz\u00fc\u011f\u00fc ile do\u011fan\u0131n zarafetini kutlay\u0131n. Elle uygulanm\u0131\u015f mine ve \u00e7i\u00e7ek detaylar\u0131na sahip bu y\u00fcz\u00fck Londra'da damgalanm\u0131\u015ft\u0131r.","breadcrumb":{"@id":"https:\/\/www.purejewels.com\/product\/22ct-gold-enamel-bird-blossom-ring-size-n-46815\/#breadcrumb"},"inLanguage":"tr","potentialAction":[{"@type":"ReadAction","target":["https:\/\/www.purejewels.com\/product\/22ct-gold-enamel-bird-blossom-ring-size-n-46815\/"]}]},{"@type":"ImageObject","inLanguage":"tr","@id":"https:\/\/www.purejewels.com\/product\/22ct-gold-enamel-bird-blossom-ring-size-n-46815\/#primaryimage","url":"https:\/\/static.purejewels.com\/wp-content\/uploads\/2025\/07\/SKU-46815.jpg","contentUrl":"https:\/\/static.purejewels.com\/wp-content\/uploads\/2025\/07\/SKU-46815.jpg","width":1000,"height":1000,"caption":"Stacked from 6 images. Method=B (R=8,S=4)"},{"@type":"BreadcrumbList","@id":"https:\/\/www.purejewels.com\/product\/22ct-gold-enamel-bird-blossom-ring-size-n-46815\/#breadcrumb","itemListElement":[{"@type":"ListItem","position":1,"name":"Home","item":"https:\/\/www.purejewels.com\/"},{"@type":"ListItem","position":2,"name":"Shop","item":"https:\/\/www.purejewels.com\/shop\/"},{"@type":"ListItem","position":3,"name":"22ct Gold Enamel Bird &#038; Blossom Ring | Size N"}]},{"@type":"WebSite","@id":"https:\/\/www.purejewels.com\/#website","url":"https:\/\/www.purejewels.com\/","name":"PureJewels \u0130ngiltere","description":"Sevgiyi Payla\u015f\u0131n","publisher":{"@id":"https:\/\/www.purejewels.com\/#organization"},"potentialAction":[{"@type":"SearchAction","target":{"@type":"EntryPoint","urlTemplate":"https:\/\/www.purejewels.com\/?s={search_term_string}"},"query-input":{"@type":"PropertyValueSpecification","valueRequired":true,"valueName":"search_term_string"}}],"inLanguage":"tr"},{"@type":"Organization","@id":"https:\/\/www.purejewels.com\/#organization","name":"PureJewels \u0130ngiltere","url":"https:\/\/www.purejewels.com\/","logo":{"@type":"ImageObject","inLanguage":"tr","@id":"https:\/\/www.purejewels.com\/#\/schema\/logo\/image\/","url":"https:\/\/static.purejewels.com\/wp-content\/uploads\/2020\/11\/Logo-PJ-New-1.png","contentUrl":"https:\/\/static.purejewels.com\/wp-content\/uploads\/2020\/11\/Logo-PJ-New-1.png","width":150,"height":80,"caption":"PureJewels UK"},"image":{"@id":"https:\/\/www.purejewels.com\/#\/schema\/logo\/image\/"}}]}},"_links":{"self":[{"href":"https:\/\/www.purejewels.com\/tr\/wp-json\/wp\/v2\/product\/405436","targetHints":{"allow":["GET"]}}],"collection":[{"href":"https:\/\/www.purejewels.com\/tr\/wp-json\/wp\/v2\/product"}],"about":[{"href":"https:\/\/www.purejewels.com\/tr\/wp-json\/wp\/v2\/types\/product"}],"replies":[{"embeddable":true,"href":"https:\/\/www.purejewels.com\/tr\/wp-json\/wp\/v2\/comments?post=405436"}],"version-history":[{"count":1,"href":"https:\/\/www.purejewels.com\/tr\/wp-json\/wp\/v2\/product\/405436\/revisions"}],"predecessor-version":[{"id":405440,"href":"https:\/\/www.purejewels.com\/tr\/wp-json\/wp\/v2\/product\/405436\/revisions\/405440"}],"wp:featuredmedia":[{"embeddable":true,"href":"https:\/\/www.purejewels.com\/tr\/wp-json\/wp\/v2\/media\/405438"}],"wp:attachment":[{"href":"https:\/\/www.purejewels.com\/tr\/wp-json\/wp\/v2\/media?parent=405436"}],"wp:term":[{"taxonomy":"product_brand","embeddable":true,"href":"https:\/\/www.purejewels.com\/tr\/wp-json\/wp\/v2\/product_brand?post=405436"},{"taxonomy":"product_cat","embeddable":true,"href":"https:\/\/www.purejewels.com\/tr\/wp-json\/wp\/v2\/product_cat?post=405436"},{"taxonomy":"product_tag","embeddable":true,"href":"https:\/\/www.purejewels.com\/tr\/wp-json\/wp\/v2\/product_tag?post=405436"}],"curies":[{"name":"wp","href":"https:\/\/api.w.org\/{rel}","templated":true}]}}