{"id":405591,"date":"2025-09-16T05:43:38","date_gmt":"2025-09-16T04:43:38","guid":{"rendered":"https:\/\/www.purejewels.com\/?post_type=product&#038;p=405591"},"modified":"2026-03-30T10:11:47","modified_gmt":"2026-03-30T09:11:47","slug":"vakratunda-ganesh-kolye-49935","status":"publish","type":"product","link":"https:\/\/www.purejewels.com\/tr\/product\/vakratunda-ganesh-pendant-49935\/","title":{"rendered":"Vakratunda Ganesh Kolye Ucu"},"content":{"rendered":"<p>Ganesha'n\u0131n sekiz ilahi formundan biri olan Lord Vakratunda'n\u0131n sayg\u0131n formunu temsil eden bu <a href=\"https:\/\/www.purejewels.com\/tr\/urun-kategori%cc%87si%cc%87\/22-ayar-altin-takilar\/altin-kolyeler\/dini-kolyeler\/ganesh-kolyeleri\/\"><strong data-start=\"984\" data-end=\"1012\">22 Ayar Alt\u0131n Ganesh Kolye<\/strong><\/a> i\u00e7sel g\u00fc\u00e7 ve zarafetin kutsal bir ifadesidir. 4,3 gram y\u00fcksek safl\u0131kta alt\u0131ndan d\u00f6k\u00fclen ve ola\u011fan\u00fcst\u00fc bir hassasiyetle yontulan bu par\u00e7ada Ganesha, elinde sembolik niteliklerle dingin formunda oturmaktad\u0131r.<\/p>","protected":false},"excerpt":{"rendered":"<div class=\"woocommerce-product-details__short-description\">22 ayar alt\u0131ndan \u00fcretilen Vakratunda Ganesh Kolye, Lord Ganesha'n\u0131n bilgeli\u011fini ve zarafetini en ince ayr\u0131nt\u0131s\u0131na kadar yans\u0131t\u0131yor. Koruma ve refah\u0131n \u0131\u015f\u0131lt\u0131l\u0131 amblemi, 4,3 gram a\u011f\u0131rl\u0131\u011f\u0131nda.<\/div>\n<div>\n<p><strong>Malzeme:<\/strong>\u00a022 Ayar Alt\u0131n<strong><br \/>\nHallmark:\u00a0<\/strong>\u0130ngiliz Damgas\u0131<strong><br \/>\n<\/strong><strong>Br\u00fct A\u011f\u0131rl\u0131k: <\/strong>4.30 Gms<strong><br \/>\nSKU: <\/strong>49935<\/p>\n<p><strong>Fiyat ve Teslimat:<\/strong>KDV ve teslimat \u00fccretleri dahil<br \/>\n<strong>Not: <\/strong>Zincir fiyat\u0131 dahil de\u011fildir<strong><br \/>\n<a href=\"https:\/\/www.purejewels.com\/tr\/i%cc%87ade-poli%cc%87ti%cc%87kasi\/\">\u0130ade Politikas\u0131<\/a><\/strong><\/p>\n<\/div>\n<div><\/div>\n<div class=\"btn-atc atc-slide\"><\/div>\n<div class=\"product_meta\"><\/div>","protected":false},"featured_media":405592,"comment_status":"closed","ping_status":"closed","template":"","meta":{"_eb_attr":"","_crsspst_to_jayantr4sg-hostcom":true},"product_brand":[],"product_cat":[1793,1792,5601,1790,1229,1255,5344,1767,1572,1768,1701,1574,5349],"product_tag":[5473],"class_list":{"0":"post-405591","1":"product","2":"type-product","3":"status-publish","4":"has-post-thumbnail","6":"product_cat-diwali-gifts","7":"product_cat-festival-gifts","8":"product_cat-ganesh-pendants","9":"product_cat-for-whom-when","10":"product_cat-22ct-gold-jewellery","11":"product_cat-gold-pendants","12":"product_cat-jewellery-under-750","13":"product_cat-ladies-pendants","14":"product_cat-mens-jewellery","15":"product_cat-mens-pendants","16":"product_cat-religious-pendants","17":"product_cat-womens-jewellery","18":"product_cat-yellow-gold-jewellery","19":"product_tag-religion-pendant","21":"first","22":"outofstock","23":"taxable","24":"shipping-taxable","25":"product-type-simple","26":"add-to-wishlist-before_image"},"yoast_head":"<!-- This site is optimized with the Yoast SEO plugin v27.5 - https:\/\/yoast.com\/product\/yoast-seo-wordpress\/ -->\n<title>Vakratunda Ganesh Pendant | 22ct Gold Ganesha Jewellery<\/title>\n<meta name=\"description\" content=\"Discover divine strength with the Vakratunda Ganesh Pendant in 22ct gold, 4.3g of spiritual elegance\u2014an inspiring choice for a meaningful gift in Diwali.\" \/>\n<meta name=\"robots\" content=\"index, follow, max-snippet:-1, max-image-preview:large, max-video-preview:-1\" \/>\n<link rel=\"canonical\" href=\"https:\/\/www.purejewels.com\/tr\/urun\/vakratunda-ganesh-kolye-49935\/\" \/>\n<meta property=\"og:locale\" content=\"tr_TR\" \/>\n<meta property=\"og:type\" content=\"article\" \/>\n<meta property=\"og:title\" content=\"Vakratunda Ganesh Pendant | 22ct Gold Ganesha Jewellery\" \/>\n<meta property=\"og:description\" content=\"Discover divine strength with the Vakratunda Ganesh Pendant in 22ct gold, 4.3g of spiritual elegance\u2014an inspiring choice for a meaningful gift in Diwali.\" \/>\n<meta property=\"og:url\" content=\"https:\/\/www.purejewels.com\/tr\/urun\/vakratunda-ganesh-kolye-49935\/\" \/>\n<meta property=\"og:site_name\" content=\"PureJewels UK\" \/>\n<meta property=\"article:modified_time\" content=\"2026-03-30T09:11:47+00:00\" \/>\n<meta property=\"og:image\" content=\"https:\/\/static.purejewels.com\/wp-content\/uploads\/2025\/07\/SKU-49935.jpg\" \/>\n\t<meta property=\"og:image:width\" content=\"1000\" \/>\n\t<meta property=\"og:image:height\" content=\"1000\" \/>\n\t<meta property=\"og:image:type\" content=\"image\/jpeg\" \/>\n<meta name=\"twitter:card\" content=\"summary_large_image\" \/>\n<meta name=\"twitter:label1\" content=\"Tahmini okuma s\u00fcresi\" \/>\n\t<meta name=\"twitter:data1\" content=\"1 dakika\" \/>\n<script type=\"application\/ld+json\" class=\"yoast-schema-graph\">{\"@context\":\"https:\\\/\\\/schema.org\",\"@graph\":[{\"@type\":[\"WebPage\",\"ItemPage\"],\"@id\":\"https:\\\/\\\/www.purejewels.com\\\/product\\\/vakratunda-ganesh-pendant-49935\\\/\",\"url\":\"https:\\\/\\\/www.purejewels.com\\\/product\\\/vakratunda-ganesh-pendant-49935\\\/\",\"name\":\"Vakratunda Ganesh Pendant | 22ct Gold Ganesha Jewellery\",\"isPartOf\":{\"@id\":\"https:\\\/\\\/www.purejewels.com\\\/#website\"},\"primaryImageOfPage\":{\"@id\":\"https:\\\/\\\/www.purejewels.com\\\/product\\\/vakratunda-ganesh-pendant-49935\\\/#primaryimage\"},\"image\":{\"@id\":\"https:\\\/\\\/www.purejewels.com\\\/product\\\/vakratunda-ganesh-pendant-49935\\\/#primaryimage\"},\"thumbnailUrl\":\"https:\\\/\\\/static.purejewels.com\\\/wp-content\\\/uploads\\\/2025\\\/07\\\/SKU-49935.jpg\",\"datePublished\":\"2025-09-16T04:43:38+00:00\",\"dateModified\":\"2026-03-30T09:11:47+00:00\",\"description\":\"Discover divine strength with the Vakratunda Ganesh Pendant in 22ct gold, 4.3g of spiritual elegance\u2014an inspiring choice for a meaningful gift in Diwali.\",\"breadcrumb\":{\"@id\":\"https:\\\/\\\/www.purejewels.com\\\/product\\\/vakratunda-ganesh-pendant-49935\\\/#breadcrumb\"},\"inLanguage\":\"tr\",\"potentialAction\":[{\"@type\":\"ReadAction\",\"target\":[\"https:\\\/\\\/www.purejewels.com\\\/product\\\/vakratunda-ganesh-pendant-49935\\\/\"]}]},{\"@type\":\"ImageObject\",\"inLanguage\":\"tr\",\"@id\":\"https:\\\/\\\/www.purejewels.com\\\/product\\\/vakratunda-ganesh-pendant-49935\\\/#primaryimage\",\"url\":\"https:\\\/\\\/static.purejewels.com\\\/wp-content\\\/uploads\\\/2025\\\/07\\\/SKU-49935.jpg\",\"contentUrl\":\"https:\\\/\\\/static.purejewels.com\\\/wp-content\\\/uploads\\\/2025\\\/07\\\/SKU-49935.jpg\",\"width\":1000,\"height\":1000,\"caption\":\"49935\"},{\"@type\":\"BreadcrumbList\",\"@id\":\"https:\\\/\\\/www.purejewels.com\\\/product\\\/vakratunda-ganesh-pendant-49935\\\/#breadcrumb\",\"itemListElement\":[{\"@type\":\"ListItem\",\"position\":1,\"name\":\"Home\",\"item\":\"https:\\\/\\\/www.purejewels.com\\\/\"},{\"@type\":\"ListItem\",\"position\":2,\"name\":\"Shop\",\"item\":\"https:\\\/\\\/www.purejewels.com\\\/shop\\\/\"},{\"@type\":\"ListItem\",\"position\":3,\"name\":\"Vakratunda Ganesh Pendant\"}]},{\"@type\":\"WebSite\",\"@id\":\"https:\\\/\\\/www.purejewels.com\\\/#website\",\"url\":\"https:\\\/\\\/www.purejewels.com\\\/\",\"name\":\"PureJewels UK\",\"description\":\"Share the Love\",\"publisher\":{\"@id\":\"https:\\\/\\\/www.purejewels.com\\\/#organization\"},\"potentialAction\":[{\"@type\":\"SearchAction\",\"target\":{\"@type\":\"EntryPoint\",\"urlTemplate\":\"https:\\\/\\\/www.purejewels.com\\\/?s={search_term_string}\"},\"query-input\":{\"@type\":\"PropertyValueSpecification\",\"valueRequired\":true,\"valueName\":\"search_term_string\"}}],\"inLanguage\":\"tr\"},{\"@type\":\"Organization\",\"@id\":\"https:\\\/\\\/www.purejewels.com\\\/#organization\",\"name\":\"PureJewels UK\",\"url\":\"https:\\\/\\\/www.purejewels.com\\\/\",\"logo\":{\"@type\":\"ImageObject\",\"inLanguage\":\"tr\",\"@id\":\"https:\\\/\\\/www.purejewels.com\\\/#\\\/schema\\\/logo\\\/image\\\/\",\"url\":\"https:\\\/\\\/static.purejewels.com\\\/wp-content\\\/uploads\\\/2020\\\/11\\\/Logo-PJ-New-1.png\",\"contentUrl\":\"https:\\\/\\\/static.purejewels.com\\\/wp-content\\\/uploads\\\/2020\\\/11\\\/Logo-PJ-New-1.png\",\"width\":150,\"height\":80,\"caption\":\"PureJewels UK\"},\"image\":{\"@id\":\"https:\\\/\\\/www.purejewels.com\\\/#\\\/schema\\\/logo\\\/image\\\/\"}}]}<\/script>\n<!-- \/ Yoast SEO plugin. -->","yoast_head_json":{"title":"Vakratunda Ganesh Kolye | 22 Ayar Alt\u0131n Ganesha M\u00fccevher","description":"Diwali'de anlaml\u0131 bir hediye i\u00e7in ilham verici bir se\u00e7im olan 4,3 g manevi zarafete sahip 22 ayar alt\u0131n Vakratunda Ganesh Kolye ile ilahi g\u00fcc\u00fc ke\u015ffedin.","robots":{"index":"index","follow":"follow","max-snippet":"max-snippet:-1","max-image-preview":"max-image-preview:large","max-video-preview":"max-video-preview:-1"},"canonical":"https:\/\/www.purejewels.com\/tr\/urun\/vakratunda-ganesh-kolye-49935\/","og_locale":"tr_TR","og_type":"article","og_title":"Vakratunda Ganesh Pendant | 22ct Gold Ganesha Jewellery","og_description":"Discover divine strength with the Vakratunda Ganesh Pendant in 22ct gold, 4.3g of spiritual elegance\u2014an inspiring choice for a meaningful gift in Diwali.","og_url":"https:\/\/www.purejewels.com\/tr\/urun\/vakratunda-ganesh-kolye-49935\/","og_site_name":"PureJewels UK","article_modified_time":"2026-03-30T09:11:47+00:00","og_image":[{"width":1000,"height":1000,"url":"https:\/\/static.purejewels.com\/wp-content\/uploads\/2025\/07\/SKU-49935.jpg","type":"image\/jpeg"}],"twitter_card":"summary_large_image","twitter_misc":{"Tahmini okuma s\u00fcresi":"1 dakika"},"schema":{"@context":"https:\/\/schema.org","@graph":[{"@type":["WebPage","ItemPage"],"@id":"https:\/\/www.purejewels.com\/product\/vakratunda-ganesh-pendant-49935\/","url":"https:\/\/www.purejewels.com\/product\/vakratunda-ganesh-pendant-49935\/","name":"Vakratunda Ganesh Kolye | 22 Ayar Alt\u0131n Ganesha M\u00fccevher","isPartOf":{"@id":"https:\/\/www.purejewels.com\/#website"},"primaryImageOfPage":{"@id":"https:\/\/www.purejewels.com\/product\/vakratunda-ganesh-pendant-49935\/#primaryimage"},"image":{"@id":"https:\/\/www.purejewels.com\/product\/vakratunda-ganesh-pendant-49935\/#primaryimage"},"thumbnailUrl":"https:\/\/static.purejewels.com\/wp-content\/uploads\/2025\/07\/SKU-49935.jpg","datePublished":"2025-09-16T04:43:38+00:00","dateModified":"2026-03-30T09:11:47+00:00","description":"Diwali'de anlaml\u0131 bir hediye i\u00e7in ilham verici bir se\u00e7im olan 4,3 g manevi zarafete sahip 22 ayar alt\u0131n Vakratunda Ganesh Kolye ile ilahi g\u00fcc\u00fc ke\u015ffedin.","breadcrumb":{"@id":"https:\/\/www.purejewels.com\/product\/vakratunda-ganesh-pendant-49935\/#breadcrumb"},"inLanguage":"tr","potentialAction":[{"@type":"ReadAction","target":["https:\/\/www.purejewels.com\/product\/vakratunda-ganesh-pendant-49935\/"]}]},{"@type":"ImageObject","inLanguage":"tr","@id":"https:\/\/www.purejewels.com\/product\/vakratunda-ganesh-pendant-49935\/#primaryimage","url":"https:\/\/static.purejewels.com\/wp-content\/uploads\/2025\/07\/SKU-49935.jpg","contentUrl":"https:\/\/static.purejewels.com\/wp-content\/uploads\/2025\/07\/SKU-49935.jpg","width":1000,"height":1000,"caption":"49935"},{"@type":"BreadcrumbList","@id":"https:\/\/www.purejewels.com\/product\/vakratunda-ganesh-pendant-49935\/#breadcrumb","itemListElement":[{"@type":"ListItem","position":1,"name":"Home","item":"https:\/\/www.purejewels.com\/"},{"@type":"ListItem","position":2,"name":"Shop","item":"https:\/\/www.purejewels.com\/shop\/"},{"@type":"ListItem","position":3,"name":"Vakratunda Ganesh Pendant"}]},{"@type":"WebSite","@id":"https:\/\/www.purejewels.com\/#website","url":"https:\/\/www.purejewels.com\/","name":"PureJewels \u0130ngiltere","description":"Sevgiyi Payla\u015f\u0131n","publisher":{"@id":"https:\/\/www.purejewels.com\/#organization"},"potentialAction":[{"@type":"SearchAction","target":{"@type":"EntryPoint","urlTemplate":"https:\/\/www.purejewels.com\/?s={search_term_string}"},"query-input":{"@type":"PropertyValueSpecification","valueRequired":true,"valueName":"search_term_string"}}],"inLanguage":"tr"},{"@type":"Organization","@id":"https:\/\/www.purejewels.com\/#organization","name":"PureJewels \u0130ngiltere","url":"https:\/\/www.purejewels.com\/","logo":{"@type":"ImageObject","inLanguage":"tr","@id":"https:\/\/www.purejewels.com\/#\/schema\/logo\/image\/","url":"https:\/\/static.purejewels.com\/wp-content\/uploads\/2020\/11\/Logo-PJ-New-1.png","contentUrl":"https:\/\/static.purejewels.com\/wp-content\/uploads\/2020\/11\/Logo-PJ-New-1.png","width":150,"height":80,"caption":"PureJewels UK"},"image":{"@id":"https:\/\/www.purejewels.com\/#\/schema\/logo\/image\/"}}]}},"_links":{"self":[{"href":"https:\/\/www.purejewels.com\/tr\/wp-json\/wp\/v2\/product\/405591","targetHints":{"allow":["GET"]}}],"collection":[{"href":"https:\/\/www.purejewels.com\/tr\/wp-json\/wp\/v2\/product"}],"about":[{"href":"https:\/\/www.purejewels.com\/tr\/wp-json\/wp\/v2\/types\/product"}],"replies":[{"embeddable":true,"href":"https:\/\/www.purejewels.com\/tr\/wp-json\/wp\/v2\/comments?post=405591"}],"version-history":[{"count":2,"href":"https:\/\/www.purejewels.com\/tr\/wp-json\/wp\/v2\/product\/405591\/revisions"}],"predecessor-version":[{"id":427795,"href":"https:\/\/www.purejewels.com\/tr\/wp-json\/wp\/v2\/product\/405591\/revisions\/427795"}],"wp:featuredmedia":[{"embeddable":true,"href":"https:\/\/www.purejewels.com\/tr\/wp-json\/wp\/v2\/media\/405592"}],"wp:attachment":[{"href":"https:\/\/www.purejewels.com\/tr\/wp-json\/wp\/v2\/media?parent=405591"}],"wp:term":[{"taxonomy":"product_brand","embeddable":true,"href":"https:\/\/www.purejewels.com\/tr\/wp-json\/wp\/v2\/product_brand?post=405591"},{"taxonomy":"product_cat","embeddable":true,"href":"https:\/\/www.purejewels.com\/tr\/wp-json\/wp\/v2\/product_cat?post=405591"},{"taxonomy":"product_tag","embeddable":true,"href":"https:\/\/www.purejewels.com\/tr\/wp-json\/wp\/v2\/product_tag?post=405591"}],"curies":[{"name":"wp","href":"https:\/\/api.w.org\/{rel}","templated":true}]}}