{"id":405603,"date":"2025-08-18T06:29:29","date_gmt":"2025-08-18T05:29:29","guid":{"rendered":"https:\/\/www.purejewels.com\/?post_type=product&#038;p=405603"},"modified":"2026-02-26T13:42:03","modified_gmt":"2026-02-26T13:42:03","slug":"altin-tac-yapragi-kolye-ucu-49687","status":"publish","type":"product","link":"https:\/\/www.purejewels.com\/tr\/product\/golden-petal-charm-pendant-49687\/","title":{"rendered":"Alt\u0131n Petal T\u0131ls\u0131ml\u0131 Kolye"},"content":{"rendered":"<p>Zarif ve kad\u0131ns\u0131 <strong data-start=\"869\" data-end=\"899\">Alt\u0131n Petal T\u0131ls\u0131ml\u0131 Kolye<\/strong> miras tasar\u0131m\u0131n\u0131n hassas bir ifadesidir. El yap\u0131m\u0131 <strong data-start=\"956\" data-end=\"969\">22 ayar alt\u0131n<\/strong> ve tart\u0131m <strong data-start=\"983\" data-end=\"996\">3,7 gram<\/strong>Geleneksel kuyumculuk tekniklerini vurgulayan detayl\u0131 kenarlarla s\u00fcslenmi\u015f, elmas \u015feklindeki yumu\u015fak bir \u00e7er\u00e7eve i\u00e7ine g\u00fczelce kaz\u0131nm\u0131\u015f d\u00f6rt yaprakl\u0131 \u00e7i\u00e7ek motifine sahiptir.<\/p>","protected":false},"excerpt":{"rendered":"<p>Bu 22 Ayar Alt\u0131n Kafes Kolye, geleneksel desenlerden ilham alan s\u00fcsl\u00fc bir tasar\u0131ma sahiptir. K\u00fclt\u00fcrel etkinlikler veya aile yadigar\u0131 hediyeler i\u00e7in m\u00fckemmel olan bu kolye zarafet ve miras yayar.<\/p>\n<p><strong>Malzeme:<\/strong>\u00a022 Ayar Alt\u0131n<strong><br \/>\nHallmark:\u00a0<\/strong>\u0130ngiliz Damgas\u0131<strong><br \/>\n<\/strong><strong>Br\u00fct A\u011f\u0131rl\u0131k: <\/strong>3.70 Gms<strong><br \/>\nSKU: <\/strong>49687<\/p>\n<p><strong>Fiyat ve Teslimat: <\/strong>KDV ve teslimat \u00fccretleri dahildir, zincir fiyat\u0131 dahil de\u011fildir<strong><br \/>\n<a href=\"https:\/\/www.purejewels.com\/tr\/i%cc%87ade-poli%cc%87ti%cc%87kasi\/\">\u0130ade Politikas\u0131<\/a><\/strong><\/p>","protected":false},"featured_media":406088,"comment_status":"closed","ping_status":"closed","template":"","meta":{"_eb_attr":"","_crsspst_to_jayantr4sg-hostcom":true},"product_brand":[],"product_cat":[6118,1559,1793,1770,1229,1255,5344,1767,1574,5349],"product_tag":[],"class_list":{"0":"post-405603","1":"product","2":"type-product","3":"status-publish","4":"has-post-thumbnail","6":"product_cat-aiyna-collection","7":"product_cat-birthday-gifts","8":"product_cat-diwali-gifts","9":"product_cat-fancy-pendants","10":"product_cat-22ct-gold-jewellery","11":"product_cat-gold-pendants","12":"product_cat-jewellery-under-750","13":"product_cat-ladies-pendants","14":"product_cat-womens-jewellery","15":"product_cat-yellow-gold-jewellery","17":"first","18":"instock","19":"sale","20":"taxable","21":"shipping-taxable","22":"purchasable","23":"product-type-simple","24":"add-to-wishlist-before_image"},"yoast_head":"<!-- This site is optimized with the Yoast SEO plugin v27.5 - https:\/\/yoast.com\/product\/yoast-seo-wordpress\/ -->\n<title>Golden Petal Pendant | 22ct Gold Floral Pendant UK<\/title>\n<meta name=\"description\" content=\"Lightweight and elegant, the Golden Petal Charm Pendant is crafted in 22ct gold. Weighing 3.7 grams, it features a delicate floral motif in a timeless square design.\" \/>\n<meta name=\"robots\" content=\"index, follow, max-snippet:-1, max-image-preview:large, max-video-preview:-1\" \/>\n<link rel=\"canonical\" href=\"https:\/\/www.purejewels.com\/tr\/urun\/altin-tac-yapragi-kolye-ucu-49687\/\" \/>\n<meta property=\"og:locale\" content=\"tr_TR\" \/>\n<meta property=\"og:type\" content=\"article\" \/>\n<meta property=\"og:title\" content=\"Golden Petal Pendant | 22ct Gold Floral Pendant UK\" \/>\n<meta property=\"og:description\" content=\"Lightweight and elegant, the Golden Petal Charm Pendant is crafted in 22ct gold. Weighing 3.7 grams, it features a delicate floral motif in a timeless square design.\" \/>\n<meta property=\"og:url\" content=\"https:\/\/www.purejewels.com\/tr\/urun\/altin-tac-yapragi-kolye-ucu-49687\/\" \/>\n<meta property=\"og:site_name\" content=\"PureJewels UK\" \/>\n<meta property=\"article:modified_time\" content=\"2026-02-26T13:42:03+00:00\" \/>\n<meta property=\"og:image\" content=\"https:\/\/static.purejewels.com\/wp-content\/uploads\/2025\/06\/SKU-49687.jpg\" \/>\n\t<meta property=\"og:image:width\" content=\"1000\" \/>\n\t<meta property=\"og:image:height\" content=\"1000\" \/>\n\t<meta property=\"og:image:type\" content=\"image\/jpeg\" \/>\n<meta name=\"twitter:card\" content=\"summary_large_image\" \/>\n<meta name=\"twitter:label1\" content=\"Tahmini okuma s\u00fcresi\" \/>\n\t<meta name=\"twitter:data1\" content=\"1 dakika\" \/>\n<script type=\"application\/ld+json\" class=\"yoast-schema-graph\">{\"@context\":\"https:\\\/\\\/schema.org\",\"@graph\":[{\"@type\":[\"WebPage\",\"ItemPage\"],\"@id\":\"https:\\\/\\\/www.purejewels.com\\\/product\\\/golden-petal-charm-pendant-49687\\\/\",\"url\":\"https:\\\/\\\/www.purejewels.com\\\/product\\\/golden-petal-charm-pendant-49687\\\/\",\"name\":\"Golden Petal Pendant | 22ct Gold Floral Pendant UK\",\"isPartOf\":{\"@id\":\"https:\\\/\\\/www.purejewels.com\\\/#website\"},\"primaryImageOfPage\":{\"@id\":\"https:\\\/\\\/www.purejewels.com\\\/product\\\/golden-petal-charm-pendant-49687\\\/#primaryimage\"},\"image\":{\"@id\":\"https:\\\/\\\/www.purejewels.com\\\/product\\\/golden-petal-charm-pendant-49687\\\/#primaryimage\"},\"thumbnailUrl\":\"https:\\\/\\\/static.purejewels.com\\\/wp-content\\\/uploads\\\/2025\\\/06\\\/SKU-49687.jpg\",\"datePublished\":\"2025-08-18T05:29:29+00:00\",\"dateModified\":\"2026-02-26T13:42:03+00:00\",\"description\":\"Lightweight and elegant, the Golden Petal Charm Pendant is crafted in 22ct gold. Weighing 3.7 grams, it features a delicate floral motif in a timeless square design.\",\"breadcrumb\":{\"@id\":\"https:\\\/\\\/www.purejewels.com\\\/product\\\/golden-petal-charm-pendant-49687\\\/#breadcrumb\"},\"inLanguage\":\"tr\",\"potentialAction\":[{\"@type\":\"ReadAction\",\"target\":[\"https:\\\/\\\/www.purejewels.com\\\/product\\\/golden-petal-charm-pendant-49687\\\/\"]}]},{\"@type\":\"ImageObject\",\"inLanguage\":\"tr\",\"@id\":\"https:\\\/\\\/www.purejewels.com\\\/product\\\/golden-petal-charm-pendant-49687\\\/#primaryimage\",\"url\":\"https:\\\/\\\/static.purejewels.com\\\/wp-content\\\/uploads\\\/2025\\\/06\\\/SKU-49687.jpg\",\"contentUrl\":\"https:\\\/\\\/static.purejewels.com\\\/wp-content\\\/uploads\\\/2025\\\/06\\\/SKU-49687.jpg\",\"width\":1000,\"height\":1000,\"caption\":\"49687\"},{\"@type\":\"BreadcrumbList\",\"@id\":\"https:\\\/\\\/www.purejewels.com\\\/product\\\/golden-petal-charm-pendant-49687\\\/#breadcrumb\",\"itemListElement\":[{\"@type\":\"ListItem\",\"position\":1,\"name\":\"Home\",\"item\":\"https:\\\/\\\/www.purejewels.com\\\/\"},{\"@type\":\"ListItem\",\"position\":2,\"name\":\"Shop\",\"item\":\"https:\\\/\\\/www.purejewels.com\\\/shop\\\/\"},{\"@type\":\"ListItem\",\"position\":3,\"name\":\"Golden Petal Charm Pendant\"}]},{\"@type\":\"WebSite\",\"@id\":\"https:\\\/\\\/www.purejewels.com\\\/#website\",\"url\":\"https:\\\/\\\/www.purejewels.com\\\/\",\"name\":\"PureJewels UK\",\"description\":\"Share the Love\",\"publisher\":{\"@id\":\"https:\\\/\\\/www.purejewels.com\\\/#organization\"},\"potentialAction\":[{\"@type\":\"SearchAction\",\"target\":{\"@type\":\"EntryPoint\",\"urlTemplate\":\"https:\\\/\\\/www.purejewels.com\\\/?s={search_term_string}\"},\"query-input\":{\"@type\":\"PropertyValueSpecification\",\"valueRequired\":true,\"valueName\":\"search_term_string\"}}],\"inLanguage\":\"tr\"},{\"@type\":\"Organization\",\"@id\":\"https:\\\/\\\/www.purejewels.com\\\/#organization\",\"name\":\"PureJewels UK\",\"url\":\"https:\\\/\\\/www.purejewels.com\\\/\",\"logo\":{\"@type\":\"ImageObject\",\"inLanguage\":\"tr\",\"@id\":\"https:\\\/\\\/www.purejewels.com\\\/#\\\/schema\\\/logo\\\/image\\\/\",\"url\":\"https:\\\/\\\/static.purejewels.com\\\/wp-content\\\/uploads\\\/2020\\\/11\\\/Logo-PJ-New-1.png\",\"contentUrl\":\"https:\\\/\\\/static.purejewels.com\\\/wp-content\\\/uploads\\\/2020\\\/11\\\/Logo-PJ-New-1.png\",\"width\":150,\"height\":80,\"caption\":\"PureJewels UK\"},\"image\":{\"@id\":\"https:\\\/\\\/www.purejewels.com\\\/#\\\/schema\\\/logo\\\/image\\\/\"}}]}<\/script>\n<!-- \/ Yoast SEO plugin. -->","yoast_head_json":{"title":"Alt\u0131n Petal Kolye | 22 Ayar Alt\u0131n \u00c7i\u00e7ek Kolye \u0130ngiltere","description":"Hafif ve zarif Golden Petal Charm Kolye 22 ayar alt\u0131ndan \u00fcretilmi\u015ftir. 3,7 gram a\u011f\u0131rl\u0131\u011f\u0131ndaki kolye, zamans\u0131z kare tasar\u0131m\u0131nda narin bir \u00e7i\u00e7ek motifine sahiptir.","robots":{"index":"index","follow":"follow","max-snippet":"max-snippet:-1","max-image-preview":"max-image-preview:large","max-video-preview":"max-video-preview:-1"},"canonical":"https:\/\/www.purejewels.com\/tr\/urun\/altin-tac-yapragi-kolye-ucu-49687\/","og_locale":"tr_TR","og_type":"article","og_title":"Golden Petal Pendant | 22ct Gold Floral Pendant UK","og_description":"Lightweight and elegant, the Golden Petal Charm Pendant is crafted in 22ct gold. Weighing 3.7 grams, it features a delicate floral motif in a timeless square design.","og_url":"https:\/\/www.purejewels.com\/tr\/urun\/altin-tac-yapragi-kolye-ucu-49687\/","og_site_name":"PureJewels UK","article_modified_time":"2026-02-26T13:42:03+00:00","og_image":[{"width":1000,"height":1000,"url":"https:\/\/static.purejewels.com\/wp-content\/uploads\/2025\/06\/SKU-49687.jpg","type":"image\/jpeg"}],"twitter_card":"summary_large_image","twitter_misc":{"Tahmini okuma s\u00fcresi":"1 dakika"},"schema":{"@context":"https:\/\/schema.org","@graph":[{"@type":["WebPage","ItemPage"],"@id":"https:\/\/www.purejewels.com\/product\/golden-petal-charm-pendant-49687\/","url":"https:\/\/www.purejewels.com\/product\/golden-petal-charm-pendant-49687\/","name":"Alt\u0131n Petal Kolye | 22 Ayar Alt\u0131n \u00c7i\u00e7ek Kolye \u0130ngiltere","isPartOf":{"@id":"https:\/\/www.purejewels.com\/#website"},"primaryImageOfPage":{"@id":"https:\/\/www.purejewels.com\/product\/golden-petal-charm-pendant-49687\/#primaryimage"},"image":{"@id":"https:\/\/www.purejewels.com\/product\/golden-petal-charm-pendant-49687\/#primaryimage"},"thumbnailUrl":"https:\/\/static.purejewels.com\/wp-content\/uploads\/2025\/06\/SKU-49687.jpg","datePublished":"2025-08-18T05:29:29+00:00","dateModified":"2026-02-26T13:42:03+00:00","description":"Hafif ve zarif Golden Petal Charm Kolye 22 ayar alt\u0131ndan \u00fcretilmi\u015ftir. 3,7 gram a\u011f\u0131rl\u0131\u011f\u0131ndaki kolye, zamans\u0131z kare tasar\u0131m\u0131nda narin bir \u00e7i\u00e7ek motifine sahiptir.","breadcrumb":{"@id":"https:\/\/www.purejewels.com\/product\/golden-petal-charm-pendant-49687\/#breadcrumb"},"inLanguage":"tr","potentialAction":[{"@type":"ReadAction","target":["https:\/\/www.purejewels.com\/product\/golden-petal-charm-pendant-49687\/"]}]},{"@type":"ImageObject","inLanguage":"tr","@id":"https:\/\/www.purejewels.com\/product\/golden-petal-charm-pendant-49687\/#primaryimage","url":"https:\/\/static.purejewels.com\/wp-content\/uploads\/2025\/06\/SKU-49687.jpg","contentUrl":"https:\/\/static.purejewels.com\/wp-content\/uploads\/2025\/06\/SKU-49687.jpg","width":1000,"height":1000,"caption":"49687"},{"@type":"BreadcrumbList","@id":"https:\/\/www.purejewels.com\/product\/golden-petal-charm-pendant-49687\/#breadcrumb","itemListElement":[{"@type":"ListItem","position":1,"name":"Home","item":"https:\/\/www.purejewels.com\/"},{"@type":"ListItem","position":2,"name":"Shop","item":"https:\/\/www.purejewels.com\/shop\/"},{"@type":"ListItem","position":3,"name":"Golden Petal Charm Pendant"}]},{"@type":"WebSite","@id":"https:\/\/www.purejewels.com\/#website","url":"https:\/\/www.purejewels.com\/","name":"PureJewels \u0130ngiltere","description":"Sevgiyi Payla\u015f\u0131n","publisher":{"@id":"https:\/\/www.purejewels.com\/#organization"},"potentialAction":[{"@type":"SearchAction","target":{"@type":"EntryPoint","urlTemplate":"https:\/\/www.purejewels.com\/?s={search_term_string}"},"query-input":{"@type":"PropertyValueSpecification","valueRequired":true,"valueName":"search_term_string"}}],"inLanguage":"tr"},{"@type":"Organization","@id":"https:\/\/www.purejewels.com\/#organization","name":"PureJewels \u0130ngiltere","url":"https:\/\/www.purejewels.com\/","logo":{"@type":"ImageObject","inLanguage":"tr","@id":"https:\/\/www.purejewels.com\/#\/schema\/logo\/image\/","url":"https:\/\/static.purejewels.com\/wp-content\/uploads\/2020\/11\/Logo-PJ-New-1.png","contentUrl":"https:\/\/static.purejewels.com\/wp-content\/uploads\/2020\/11\/Logo-PJ-New-1.png","width":150,"height":80,"caption":"PureJewels UK"},"image":{"@id":"https:\/\/www.purejewels.com\/#\/schema\/logo\/image\/"}}]}},"_links":{"self":[{"href":"https:\/\/www.purejewels.com\/tr\/wp-json\/wp\/v2\/product\/405603","targetHints":{"allow":["GET"]}}],"collection":[{"href":"https:\/\/www.purejewels.com\/tr\/wp-json\/wp\/v2\/product"}],"about":[{"href":"https:\/\/www.purejewels.com\/tr\/wp-json\/wp\/v2\/types\/product"}],"replies":[{"embeddable":true,"href":"https:\/\/www.purejewels.com\/tr\/wp-json\/wp\/v2\/comments?post=405603"}],"version-history":[{"count":1,"href":"https:\/\/www.purejewels.com\/tr\/wp-json\/wp\/v2\/product\/405603\/revisions"}],"predecessor-version":[{"id":405605,"href":"https:\/\/www.purejewels.com\/tr\/wp-json\/wp\/v2\/product\/405603\/revisions\/405605"}],"wp:featuredmedia":[{"embeddable":true,"href":"https:\/\/www.purejewels.com\/tr\/wp-json\/wp\/v2\/media\/406088"}],"wp:attachment":[{"href":"https:\/\/www.purejewels.com\/tr\/wp-json\/wp\/v2\/media?parent=405603"}],"wp:term":[{"taxonomy":"product_brand","embeddable":true,"href":"https:\/\/www.purejewels.com\/tr\/wp-json\/wp\/v2\/product_brand?post=405603"},{"taxonomy":"product_cat","embeddable":true,"href":"https:\/\/www.purejewels.com\/tr\/wp-json\/wp\/v2\/product_cat?post=405603"},{"taxonomy":"product_tag","embeddable":true,"href":"https:\/\/www.purejewels.com\/tr\/wp-json\/wp\/v2\/product_tag?post=405603"}],"curies":[{"name":"wp","href":"https:\/\/api.w.org\/{rel}","templated":true}]}}