{"id":405680,"date":"2025-07-18T10:23:38","date_gmt":"2025-07-18T09:23:38","guid":{"rendered":"https:\/\/www.purejewels.com\/?post_type=product&#038;p=405680"},"modified":"2026-01-06T10:12:53","modified_gmt":"2026-01-06T10:12:53","slug":"flow-leaf-altin-bileklik-51176","status":"publish","type":"product","link":"https:\/\/www.purejewels.com\/tr\/product\/flow-leaf-gold-bracelet-51176\/","title":{"rendered":"Flow Leaf Alt\u0131n Bileklik"},"content":{"rendered":"<h3>Tasar\u0131m<\/h3>\n<p>Flow Leaf Gold Bracelet, bilekte nazik\u00e7e hareket eden, yapraktan ilham alan ba\u011flant\u0131lar\u0131n zarif bir d\u00fczenlemesini sunar. Her yaprak \u015fekli yumu\u015fak bir \u015fekilde k\u0131vr\u0131l\u0131r ve b\u00fcy\u00fcmeyi ve do\u011fal g\u00fczelli\u011fi \u00e7a\u011fr\u0131\u015ft\u0131ran ak\u0131c\u0131 bir siluet olu\u015fturur. Merkezdeki motif, zarif bir zincire sorunsuz bir \u015fekilde ge\u00e7i\u015f yaparak zarafeti ve g\u00fcnl\u00fck rahatl\u0131\u011f\u0131 dengeler. \u0130nce profili, hem sade stil hem de katmanl\u0131 g\u00f6r\u00fcn\u00fcmlerle uyumlu, \u00e7ok y\u00f6nl\u00fc bir par\u00e7a olmas\u0131n\u0131 sa\u011flar.<\/p>\n<h3>Zanaatkarl\u0131k<\/h3>\n<p>Zengin tonlarda alt\u0131nla i\u015flenmi\u015f bilezik, her bir yaprak \u00f6\u011fesinde uyumlu konturlarla p\u00fcr\u00fczs\u00fcz, cilal\u0131 detaylar sergiliyor. G\u00fcvenli tokalar\u0131 ve hassas ba\u011flant\u0131l\u0131 bile\u015fenleri, dayan\u0131kl\u0131l\u0131k ve kullan\u0131m kolayl\u0131\u011f\u0131 sa\u011flar. P\u00fcr\u00fczs\u00fcz y\u00fczeyi, g\u00fcnl\u00fck kullan\u0131m i\u00e7in gerekli yap\u0131sal b\u00fct\u00fcnl\u00fc\u011f\u00fc korurken cilde l\u00fcks bir his verir. Her ba\u011flant\u0131, hem formu hem de hareketi zarif bir \u015fekilde tutacak \u015fekilde tasarlanm\u0131\u015ft\u0131r.<\/p>\n<h3>Tasar\u0131m Stili<\/h3>\n<p>Bu stil, do\u011fan\u0131n k\u0131vr\u0131mlar\u0131n\u0131n giyilebilir sanata d\u00f6n\u00fc\u015ft\u00fc\u011f\u00fc organik estetikten ilham almaktad\u0131r. Ak\u0131c\u0131 yaprak \u015fekilleri, zamans\u0131z bir motife \u00e7a\u011fda\u015f bir dokunu\u015f katarak, ince zarafeti sevenler i\u00e7in ideal bir se\u00e7enek sunar. Minimalist ancak etkileyici olan bu tasar\u0131m, modern gard\u0131roplarla kolayca uyum sa\u011flar ve hem g\u00fcndelik hem de \u00f6zel g\u00fcn k\u0131yafetlerine zarif bir dokunu\u015f katar.<\/p>","protected":false},"excerpt":{"rendered":"<p>22 ayar sar\u0131 alt\u0131ndan \u00fcretilen Flow Leaf Bileklik, k\u0131vr\u0131ml\u0131 yaprak benzeri motiflere ve zarif bir y\u00fczeye sahiptir. Abart\u0131s\u0131z stil ve g\u00fcnl\u00fck kullan\u0131m i\u00e7in zarif bir se\u00e7im.<\/p>\n<p><strong>Malzeme:<\/strong>\u00a022 Ayar Alt\u0131n<strong><br \/>\nHallmark:\u00a0<\/strong>\u0130ngiliz Damgas\u0131<strong><br \/>\n<\/strong><strong>Br\u00fct A\u011f\u0131rl\u0131k: <\/strong>6.36 Gms<br \/>\n<strong>Uzunluk:<\/strong> 7 in\u00e7<br \/>\n<strong>SKU:<\/strong> 51176<\/p>\n<p><strong>Fiyat ve Teslimat<\/strong>: KDV ve teslimat \u00fccreti dahil<br \/>\n<a href=\"https:\/\/www.purejewels.com\/tr\/i%cc%87ade-poli%cc%87ti%cc%87kasi\/\">\u0130ade Politikas\u0131<\/a><\/p>","protected":false},"featured_media":405681,"comment_status":"closed","ping_status":"closed","template":"","meta":{"_eb_attr":"","_crsspst_to_jayantr4sg-hostcom":true},"product_brand":[],"product_cat":[1559,6057,1794,1793,1790,1324,1627,1229,1575,1569,1574,5349],"product_tag":[],"class_list":{"0":"post-405680","1":"product","2":"type-product","3":"status-publish","4":"has-post-thumbnail","6":"product_cat-birthday-gifts","7":"product_cat-chain-bracelet","8":"product_cat-christmas-gifts","9":"product_cat-diwali-gifts","10":"product_cat-for-whom-when","11":"product_cat-gold-bracelet","12":"product_cat-ladies-bracelet","13":"product_cat-22ct-gold-jewellery","14":"product_cat-teenage-jewellery","15":"product_cat-valentine-day-gifts","16":"product_cat-womens-jewellery","17":"product_cat-yellow-gold-jewellery","19":"first","20":"outofstock","21":"taxable","22":"shipping-taxable","23":"product-type-simple","24":"add-to-wishlist-before_image"},"yoast_head":"<!-- This site is optimized with the Yoast SEO plugin v27.6 - https:\/\/yoast.com\/product\/yoast-seo-wordpress\/ -->\n<title>Flow Leaf Ladies Bracelet | 22ct Gold Plain Design<\/title>\n<meta name=\"description\" content=\"A graceful 22ct yellow gold bracelet with leaf-inspired links and polished curves. Lightweight, feminine and perfect for everyday elegance or gifting.\" \/>\n<meta name=\"robots\" content=\"index, follow, max-snippet:-1, max-image-preview:large, max-video-preview:-1\" \/>\n<link rel=\"canonical\" href=\"https:\/\/www.purejewels.com\/tr\/urun\/flow-leaf-altin-bileklik-51176\/\" \/>\n<meta property=\"og:locale\" content=\"tr_TR\" \/>\n<meta property=\"og:type\" content=\"article\" \/>\n<meta property=\"og:title\" content=\"Flow Leaf Ladies Bracelet | 22ct Gold Plain Design\" \/>\n<meta property=\"og:description\" content=\"A graceful 22ct yellow gold bracelet with leaf-inspired links and polished curves. Lightweight, feminine and perfect for everyday elegance or gifting.\" \/>\n<meta property=\"og:url\" content=\"https:\/\/www.purejewels.com\/tr\/urun\/flow-leaf-altin-bileklik-51176\/\" \/>\n<meta property=\"og:site_name\" content=\"PureJewels UK\" \/>\n<meta property=\"article:modified_time\" content=\"2026-01-06T10:12:53+00:00\" \/>\n<meta property=\"og:image\" content=\"https:\/\/static.purejewels.com\/wp-content\/uploads\/2025\/07\/SKU-51176.jpg\" \/>\n\t<meta property=\"og:image:width\" content=\"1000\" \/>\n\t<meta property=\"og:image:height\" content=\"1000\" \/>\n\t<meta property=\"og:image:type\" content=\"image\/jpeg\" \/>\n<meta name=\"twitter:card\" content=\"summary_large_image\" \/>\n<meta name=\"twitter:label1\" content=\"Tahmini okuma s\u00fcresi\" \/>\n\t<meta name=\"twitter:data1\" content=\"1 dakika\" \/>\n<script type=\"application\/ld+json\" class=\"yoast-schema-graph\">{\"@context\":\"https:\\\/\\\/schema.org\",\"@graph\":[{\"@type\":[\"WebPage\",\"ItemPage\"],\"@id\":\"https:\\\/\\\/www.purejewels.com\\\/product\\\/flow-leaf-gold-bracelet-51176\\\/\",\"url\":\"https:\\\/\\\/www.purejewels.com\\\/product\\\/flow-leaf-gold-bracelet-51176\\\/\",\"name\":\"Flow Leaf Ladies Bracelet | 22ct Gold Plain Design\",\"isPartOf\":{\"@id\":\"https:\\\/\\\/www.purejewels.com\\\/#website\"},\"primaryImageOfPage\":{\"@id\":\"https:\\\/\\\/www.purejewels.com\\\/product\\\/flow-leaf-gold-bracelet-51176\\\/#primaryimage\"},\"image\":{\"@id\":\"https:\\\/\\\/www.purejewels.com\\\/product\\\/flow-leaf-gold-bracelet-51176\\\/#primaryimage\"},\"thumbnailUrl\":\"https:\\\/\\\/static.purejewels.com\\\/wp-content\\\/uploads\\\/2025\\\/07\\\/SKU-51176.jpg\",\"datePublished\":\"2025-07-18T09:23:38+00:00\",\"dateModified\":\"2026-01-06T10:12:53+00:00\",\"description\":\"A graceful 22ct yellow gold bracelet with leaf-inspired links and polished curves. Lightweight, feminine and perfect for everyday elegance or gifting.\",\"breadcrumb\":{\"@id\":\"https:\\\/\\\/www.purejewels.com\\\/product\\\/flow-leaf-gold-bracelet-51176\\\/#breadcrumb\"},\"inLanguage\":\"tr\",\"potentialAction\":[{\"@type\":\"ReadAction\",\"target\":[\"https:\\\/\\\/www.purejewels.com\\\/product\\\/flow-leaf-gold-bracelet-51176\\\/\"]}]},{\"@type\":\"ImageObject\",\"inLanguage\":\"tr\",\"@id\":\"https:\\\/\\\/www.purejewels.com\\\/product\\\/flow-leaf-gold-bracelet-51176\\\/#primaryimage\",\"url\":\"https:\\\/\\\/static.purejewels.com\\\/wp-content\\\/uploads\\\/2025\\\/07\\\/SKU-51176.jpg\",\"contentUrl\":\"https:\\\/\\\/static.purejewels.com\\\/wp-content\\\/uploads\\\/2025\\\/07\\\/SKU-51176.jpg\",\"width\":1000,\"height\":1000,\"caption\":\"51176\"},{\"@type\":\"BreadcrumbList\",\"@id\":\"https:\\\/\\\/www.purejewels.com\\\/product\\\/flow-leaf-gold-bracelet-51176\\\/#breadcrumb\",\"itemListElement\":[{\"@type\":\"ListItem\",\"position\":1,\"name\":\"Home\",\"item\":\"https:\\\/\\\/www.purejewels.com\\\/\"},{\"@type\":\"ListItem\",\"position\":2,\"name\":\"Shop\",\"item\":\"https:\\\/\\\/www.purejewels.com\\\/shop\\\/\"},{\"@type\":\"ListItem\",\"position\":3,\"name\":\"Flow Leaf Gold Bracelet\"}]},{\"@type\":\"WebSite\",\"@id\":\"https:\\\/\\\/www.purejewels.com\\\/#website\",\"url\":\"https:\\\/\\\/www.purejewels.com\\\/\",\"name\":\"PureJewels UK\",\"description\":\"Share the Love\",\"publisher\":{\"@id\":\"https:\\\/\\\/www.purejewels.com\\\/#organization\"},\"potentialAction\":[{\"@type\":\"SearchAction\",\"target\":{\"@type\":\"EntryPoint\",\"urlTemplate\":\"https:\\\/\\\/www.purejewels.com\\\/?s={search_term_string}\"},\"query-input\":{\"@type\":\"PropertyValueSpecification\",\"valueRequired\":true,\"valueName\":\"search_term_string\"}}],\"inLanguage\":\"tr\"},{\"@type\":\"Organization\",\"@id\":\"https:\\\/\\\/www.purejewels.com\\\/#organization\",\"name\":\"PureJewels UK\",\"url\":\"https:\\\/\\\/www.purejewels.com\\\/\",\"logo\":{\"@type\":\"ImageObject\",\"inLanguage\":\"tr\",\"@id\":\"https:\\\/\\\/www.purejewels.com\\\/#\\\/schema\\\/logo\\\/image\\\/\",\"url\":\"https:\\\/\\\/static.purejewels.com\\\/wp-content\\\/uploads\\\/2020\\\/11\\\/Logo-PJ-New-1.png\",\"contentUrl\":\"https:\\\/\\\/static.purejewels.com\\\/wp-content\\\/uploads\\\/2020\\\/11\\\/Logo-PJ-New-1.png\",\"width\":150,\"height\":80,\"caption\":\"PureJewels UK\"},\"image\":{\"@id\":\"https:\\\/\\\/www.purejewels.com\\\/#\\\/schema\\\/logo\\\/image\\\/\"}}]}<\/script>\n<!-- \/ Yoast SEO plugin. -->","yoast_head_json":{"title":"Flow Leaf Bayan Bileklik | 22 Ayar Alt\u0131n D\u00fcz Tasar\u0131m","description":"Yaprak motifli ba\u011flant\u0131lar\u0131 ve cilal\u0131 k\u0131vr\u0131mlar\u0131 ile zarif bir 22 ayar sar\u0131 alt\u0131n bileklik. Hafif, feminen ve g\u00fcnl\u00fck \u015f\u0131kl\u0131k veya hediye i\u00e7in m\u00fckemmel.","robots":{"index":"index","follow":"follow","max-snippet":"max-snippet:-1","max-image-preview":"max-image-preview:large","max-video-preview":"max-video-preview:-1"},"canonical":"https:\/\/www.purejewels.com\/tr\/urun\/flow-leaf-altin-bileklik-51176\/","og_locale":"tr_TR","og_type":"article","og_title":"Flow Leaf Ladies Bracelet | 22ct Gold Plain Design","og_description":"A graceful 22ct yellow gold bracelet with leaf-inspired links and polished curves. Lightweight, feminine and perfect for everyday elegance or gifting.","og_url":"https:\/\/www.purejewels.com\/tr\/urun\/flow-leaf-altin-bileklik-51176\/","og_site_name":"PureJewels UK","article_modified_time":"2026-01-06T10:12:53+00:00","og_image":[{"width":1000,"height":1000,"url":"https:\/\/static.purejewels.com\/wp-content\/uploads\/2025\/07\/SKU-51176.jpg","type":"image\/jpeg"}],"twitter_card":"summary_large_image","twitter_misc":{"Tahmini okuma s\u00fcresi":"1 dakika"},"schema":{"@context":"https:\/\/schema.org","@graph":[{"@type":["WebPage","ItemPage"],"@id":"https:\/\/www.purejewels.com\/product\/flow-leaf-gold-bracelet-51176\/","url":"https:\/\/www.purejewels.com\/product\/flow-leaf-gold-bracelet-51176\/","name":"Flow Leaf Bayan Bileklik | 22 Ayar Alt\u0131n D\u00fcz Tasar\u0131m","isPartOf":{"@id":"https:\/\/www.purejewels.com\/#website"},"primaryImageOfPage":{"@id":"https:\/\/www.purejewels.com\/product\/flow-leaf-gold-bracelet-51176\/#primaryimage"},"image":{"@id":"https:\/\/www.purejewels.com\/product\/flow-leaf-gold-bracelet-51176\/#primaryimage"},"thumbnailUrl":"https:\/\/static.purejewels.com\/wp-content\/uploads\/2025\/07\/SKU-51176.jpg","datePublished":"2025-07-18T09:23:38+00:00","dateModified":"2026-01-06T10:12:53+00:00","description":"Yaprak motifli ba\u011flant\u0131lar\u0131 ve cilal\u0131 k\u0131vr\u0131mlar\u0131 ile zarif bir 22 ayar sar\u0131 alt\u0131n bileklik. Hafif, feminen ve g\u00fcnl\u00fck \u015f\u0131kl\u0131k veya hediye i\u00e7in m\u00fckemmel.","breadcrumb":{"@id":"https:\/\/www.purejewels.com\/product\/flow-leaf-gold-bracelet-51176\/#breadcrumb"},"inLanguage":"tr","potentialAction":[{"@type":"ReadAction","target":["https:\/\/www.purejewels.com\/product\/flow-leaf-gold-bracelet-51176\/"]}]},{"@type":"ImageObject","inLanguage":"tr","@id":"https:\/\/www.purejewels.com\/product\/flow-leaf-gold-bracelet-51176\/#primaryimage","url":"https:\/\/static.purejewels.com\/wp-content\/uploads\/2025\/07\/SKU-51176.jpg","contentUrl":"https:\/\/static.purejewels.com\/wp-content\/uploads\/2025\/07\/SKU-51176.jpg","width":1000,"height":1000,"caption":"51176"},{"@type":"BreadcrumbList","@id":"https:\/\/www.purejewels.com\/product\/flow-leaf-gold-bracelet-51176\/#breadcrumb","itemListElement":[{"@type":"ListItem","position":1,"name":"Home","item":"https:\/\/www.purejewels.com\/"},{"@type":"ListItem","position":2,"name":"Shop","item":"https:\/\/www.purejewels.com\/shop\/"},{"@type":"ListItem","position":3,"name":"Flow Leaf Gold Bracelet"}]},{"@type":"WebSite","@id":"https:\/\/www.purejewels.com\/#website","url":"https:\/\/www.purejewels.com\/","name":"PureJewels \u0130ngiltere","description":"Sevgiyi Payla\u015f\u0131n","publisher":{"@id":"https:\/\/www.purejewels.com\/#organization"},"potentialAction":[{"@type":"SearchAction","target":{"@type":"EntryPoint","urlTemplate":"https:\/\/www.purejewels.com\/?s={search_term_string}"},"query-input":{"@type":"PropertyValueSpecification","valueRequired":true,"valueName":"search_term_string"}}],"inLanguage":"tr"},{"@type":"Organization","@id":"https:\/\/www.purejewels.com\/#organization","name":"PureJewels \u0130ngiltere","url":"https:\/\/www.purejewels.com\/","logo":{"@type":"ImageObject","inLanguage":"tr","@id":"https:\/\/www.purejewels.com\/#\/schema\/logo\/image\/","url":"https:\/\/static.purejewels.com\/wp-content\/uploads\/2020\/11\/Logo-PJ-New-1.png","contentUrl":"https:\/\/static.purejewels.com\/wp-content\/uploads\/2020\/11\/Logo-PJ-New-1.png","width":150,"height":80,"caption":"PureJewels UK"},"image":{"@id":"https:\/\/www.purejewels.com\/#\/schema\/logo\/image\/"}}]}},"_links":{"self":[{"href":"https:\/\/www.purejewels.com\/tr\/wp-json\/wp\/v2\/product\/405680","targetHints":{"allow":["GET"]}}],"collection":[{"href":"https:\/\/www.purejewels.com\/tr\/wp-json\/wp\/v2\/product"}],"about":[{"href":"https:\/\/www.purejewels.com\/tr\/wp-json\/wp\/v2\/types\/product"}],"replies":[{"embeddable":true,"href":"https:\/\/www.purejewels.com\/tr\/wp-json\/wp\/v2\/comments?post=405680"}],"version-history":[{"count":4,"href":"https:\/\/www.purejewels.com\/tr\/wp-json\/wp\/v2\/product\/405680\/revisions"}],"predecessor-version":[{"id":422412,"href":"https:\/\/www.purejewels.com\/tr\/wp-json\/wp\/v2\/product\/405680\/revisions\/422412"}],"wp:featuredmedia":[{"embeddable":true,"href":"https:\/\/www.purejewels.com\/tr\/wp-json\/wp\/v2\/media\/405681"}],"wp:attachment":[{"href":"https:\/\/www.purejewels.com\/tr\/wp-json\/wp\/v2\/media?parent=405680"}],"wp:term":[{"taxonomy":"product_brand","embeddable":true,"href":"https:\/\/www.purejewels.com\/tr\/wp-json\/wp\/v2\/product_brand?post=405680"},{"taxonomy":"product_cat","embeddable":true,"href":"https:\/\/www.purejewels.com\/tr\/wp-json\/wp\/v2\/product_cat?post=405680"},{"taxonomy":"product_tag","embeddable":true,"href":"https:\/\/www.purejewels.com\/tr\/wp-json\/wp\/v2\/product_tag?post=405680"}],"curies":[{"name":"wp","href":"https:\/\/api.w.org\/{rel}","templated":true}]}}