{"id":4058,"date":"2017-07-19T13:24:00","date_gmt":"2017-07-19T12:24:00","guid":{"rendered":"http:\/\/new.purejewels.com\/product\/plain-polished-christian-bauer-wedding-ring-027983\/"},"modified":"2020-12-21T17:55:20","modified_gmt":"2020-12-21T17:55:20","slug":"duz-cilali-christian-bauer-alyans-027983","status":"publish","type":"product","link":"https:\/\/www.purejewels.com\/tr\/product\/plain-polished-christian-bauer-wedding-ring-027983\/","title":{"rendered":"D\u00fcz Cilal\u0131 Christian Bauer Alyans 027983"},"content":{"rendered":"<h2><strong>A\u00e7\u0131klama:<\/strong><\/h2>\n<p>Belki ni\u015fan y\u00fcz\u00fc\u011f\u00fcn\u00fcz p\u0131rlantalarla dolu bir havai fi\u015fektir.  Ya da zevkiniz sadece sade ve sofistikedir.  Her iki durumda da, zarif ve sade bir alyans ar\u0131yorsan\u0131z, \u015fu anda kalbiniz yerinden f\u0131rlayacak gibi at\u0131yor olmal\u0131.  Bu cilal\u0131 alyans \u00f6zenle tasarlanm\u0131\u015f ve m\u00fckemmel bir \u015fekilde uygulanm\u0131\u015ft\u0131r. <a href=\"https:\/\/www.purejewels.com\/tr\/product\/18ct-white-gold-khanda-sikh-religious-pendant-6226\/\">18ct<\/a> Beyaz alt\u0131n.  S\u0131radan g\u00f6r\u00fcn\u00fcyor ama <a href=\"https:\/\/www.purejewels.com\/tr\/product-category\/wedding-rings-bands\/wedding-bands\/christian-bauer-brands\/\">Christian Bauer<\/a> Almanya'daki tasar\u0131m st\u00fcdyosu - \u00e7al\u0131\u015fmalar\u0131 uyum ve rahatl\u0131k a\u00e7\u0131s\u0131ndan d\u00fcnyaca \u00fcnl\u00fcd\u00fcr.  Bu g\u00fczel alyans\u0131 parma\u011f\u0131n\u0131za takt\u0131\u011f\u0131n\u0131zda asla \u00e7\u0131karmak istemeyeceksiniz.  *Bu \u00f6zel alyans\u0131n farkl\u0131 boyutlar\u0131 mevcuttur ve sipari\u015f \u00fczerine \u00fcretilir.  Sipari\u015f s\u00fcreleri ve uygunluk hakk\u0131nda bilgi almak i\u00e7in Canl\u0131 Sohbet'i kullanarak bizimle ileti\u015fime ge\u00e7in.*<\/p>\n<p>Yetkili Christian Bauer Stok\u00e7usu<br \/>\nD\u00fcz Cilal\u0131 Christian Bauer Alyans<br \/>\nBiti\u015f: Cilal\u0131<br \/>\nMetal: 18 Ayar Beyaz Alt\u0131n<br \/>\nParmak Boyutu: T<br \/>\nGeni\u015flik: 5,5 mm<br \/>\n*Sipari\u015f \u00fczerine \u00fcretilir.  L\u00fctfen Canl\u0131 Sohbet'i kullanarak bilgi al\u0131n.*<\/p>\n<h2><strong>Christian Bauer y\u00fcz\u00fck m\u00fc se\u00e7iyorsunuz?<\/strong><\/h2>\n<p>\u015eansl\u0131s\u0131n\u0131z, \u015fansl\u0131s\u0131n\u0131z!  G\u00fczel bir hikayenin ba\u015flang\u0131c\u0131ndas\u0131n\u0131z ve burada sizinle birlikte olmaktan \u00e7ok mutluyuz.  G\u00f6steri salonuna gelin ve size en sevdi\u011fimiz d\u00fc\u011f\u00fcnleri g\u00f6sterelim <a href=\"https:\/\/www.purejewels.com\/tr\/product-category\/22ct-gold-jewellery\/gold-rings\/\">halkalar<\/a>.  Christian Bauer ola\u011fan\u00fcst\u00fc bir m\u00fccevher \u00fcreticisidir ve her y\u00fcz\u00fc\u011f\u00fc k\u00fc\u00e7\u00fck bir sanat eseridir, bu y\u00fczden hepsini yak\u0131ndan g\u00f6rmenizi isteriz.  Buraya gelemiyorsan\u0131z, ki\u015fisel yard\u0131m ve en son g\u00f6steri odas\u0131n\u0131n favorilerinin resimleri i\u00e7in Canl\u0131 Sohbet'ten bizimle konu\u015fun.  PureJewels dost canl\u0131s\u0131 bir aile \u015firketidir... ve d\u00fc\u011f\u00fcn sohbetlerine bay\u0131l\u0131r\u0131z.<strong>\u00a0 <\/strong><\/p>\n<h2><strong>Londra'da Christian Bauer y\u00fcz\u00fcklerinin yetkili sat\u0131c\u0131s\u0131<\/strong><\/h2>\n<p>Bir Christian Bauer alyans\u0131n\u0131 denedi\u011finizde, do\u011fru oldu\u011funu hissedersiniz.  \u015eirket, sihirli bir \u015fekilde rahat ve gurur verici bir y\u00fcz\u00fck \u00fcreten iyi bir uyum ve dokunu\u015f hafifli\u011fi konusunda bir ustal\u0131\u011fa sahiptir.  \u0130\u015fte bu y\u00fczden uzun y\u0131llard\u0131r Londra'da Christian Bauer y\u00fcz\u00fcklerini stokluyoruz.  PureJewels'e gelin ve onlar\u0131 deneyin.<\/p>\n<p>&nbsp;<\/p>","protected":false},"excerpt":{"rendered":"<p>Yetkili Christian Bauer Stok\u00e7usu<\/p>\n<p>D\u00fcz Cilal\u0131 Christian Bauer Alyans<\/p>\n<p>Biti\u015f: Cilal\u0131<br \/>\nMetal: 18 Ayar Beyaz Alt\u0131n<br \/>\nParmak Boyutu: T<br \/>\nGeni\u015flik: 5,5 mm<\/p>\n<p>Stokta var<\/p>","protected":false},"featured_media":4059,"comment_status":"closed","ping_status":"closed","template":"","meta":{"_eb_attr":"","_crsspst_to_jayantr4sg-hostcom":false},"product_brand":[],"product_cat":[238,1537],"product_tag":[],"class_list":{"0":"post-4058","1":"product","2":"type-product","3":"status-publish","4":"has-post-thumbnail","6":"product_cat-christian-bauer-brands","7":"product_cat-white-gold-jewellery-set","9":"first","10":"outofstock","11":"taxable","12":"shipping-taxable","13":"product-type-simple","14":"add-to-wishlist-before_image"},"yoast_head":"<!-- This site is optimized with the Yoast SEO plugin v27.3 - https:\/\/yoast.com\/product\/yoast-seo-wordpress\/ -->\n<title>Plain Polished Christian Bauer Wedding Ring - PureJewels<\/title>\n<meta name=\"robots\" content=\"index, follow, max-snippet:-1, max-image-preview:large, max-video-preview:-1\" \/>\n<link rel=\"canonical\" href=\"https:\/\/www.purejewels.com\/tr\/urun\/duz-cilali-christian-bauer-alyans-027983\/\" \/>\n<meta property=\"og:locale\" content=\"tr_TR\" \/>\n<meta property=\"og:type\" content=\"article\" \/>\n<meta property=\"og:title\" content=\"Plain Polished Christian Bauer Wedding Ring - PureJewels\" \/>\n<meta property=\"og:description\" content=\"Authorised Christian Bauer Stockist  Plain Polished Christian Bauer Wedding Ring  Finish: Polished Metal: 18ct White Gold Finger Size: T Width: 5.5mm  In Stock\" \/>\n<meta property=\"og:url\" content=\"https:\/\/www.purejewels.com\/tr\/urun\/duz-cilali-christian-bauer-alyans-027983\/\" \/>\n<meta property=\"og:site_name\" content=\"PureJewels UK\" \/>\n<meta property=\"article:modified_time\" content=\"2020-12-21T17:55:20+00:00\" \/>\n<meta property=\"og:image\" content=\"https:\/\/www.purejewels.com\/wp-content\/uploads\/2017\/07\/0270957_xl-2.jpg\" \/>\n\t<meta property=\"og:image:width\" content=\"960\" \/>\n\t<meta property=\"og:image:height\" content=\"960\" \/>\n\t<meta property=\"og:image:type\" content=\"image\/jpeg\" \/>\n<meta name=\"twitter:card\" content=\"summary_large_image\" \/>\n<meta name=\"twitter:label1\" content=\"Tahmini okuma s\u00fcresi\" \/>\n\t<meta name=\"twitter:data1\" content=\"2 dakika\" \/>\n<script type=\"application\/ld+json\" class=\"yoast-schema-graph\">{\"@context\":\"https:\\\/\\\/schema.org\",\"@graph\":[{\"@type\":[\"WebPage\",\"ItemPage\"],\"@id\":\"https:\\\/\\\/www.purejewels.com\\\/product\\\/plain-polished-christian-bauer-wedding-ring-027983\\\/\",\"url\":\"https:\\\/\\\/www.purejewels.com\\\/product\\\/plain-polished-christian-bauer-wedding-ring-027983\\\/\",\"name\":\"Plain Polished Christian Bauer Wedding Ring - PureJewels\",\"isPartOf\":{\"@id\":\"https:\\\/\\\/www.purejewels.com\\\/#website\"},\"primaryImageOfPage\":{\"@id\":\"https:\\\/\\\/www.purejewels.com\\\/product\\\/plain-polished-christian-bauer-wedding-ring-027983\\\/#primaryimage\"},\"image\":{\"@id\":\"https:\\\/\\\/www.purejewels.com\\\/product\\\/plain-polished-christian-bauer-wedding-ring-027983\\\/#primaryimage\"},\"thumbnailUrl\":\"https:\\\/\\\/static.purejewels.com\\\/wp-content\\\/uploads\\\/2017\\\/07\\\/0270957_xl-2.jpg\",\"datePublished\":\"2017-07-19T12:24:00+00:00\",\"dateModified\":\"2020-12-21T17:55:20+00:00\",\"breadcrumb\":{\"@id\":\"https:\\\/\\\/www.purejewels.com\\\/product\\\/plain-polished-christian-bauer-wedding-ring-027983\\\/#breadcrumb\"},\"inLanguage\":\"tr\",\"potentialAction\":[{\"@type\":\"ReadAction\",\"target\":[\"https:\\\/\\\/www.purejewels.com\\\/product\\\/plain-polished-christian-bauer-wedding-ring-027983\\\/\"]}]},{\"@type\":\"ImageObject\",\"inLanguage\":\"tr\",\"@id\":\"https:\\\/\\\/www.purejewels.com\\\/product\\\/plain-polished-christian-bauer-wedding-ring-027983\\\/#primaryimage\",\"url\":\"https:\\\/\\\/static.purejewels.com\\\/wp-content\\\/uploads\\\/2017\\\/07\\\/0270957_xl-2.jpg\",\"contentUrl\":\"https:\\\/\\\/static.purejewels.com\\\/wp-content\\\/uploads\\\/2017\\\/07\\\/0270957_xl-2.jpg\",\"width\":960,\"height\":960,\"caption\":\"0270957_xl.jpg\"},{\"@type\":\"BreadcrumbList\",\"@id\":\"https:\\\/\\\/www.purejewels.com\\\/product\\\/plain-polished-christian-bauer-wedding-ring-027983\\\/#breadcrumb\",\"itemListElement\":[{\"@type\":\"ListItem\",\"position\":1,\"name\":\"Home\",\"item\":\"https:\\\/\\\/www.purejewels.com\\\/\"},{\"@type\":\"ListItem\",\"position\":2,\"name\":\"Shop\",\"item\":\"https:\\\/\\\/www.purejewels.com\\\/shop\\\/\"},{\"@type\":\"ListItem\",\"position\":3,\"name\":\"Plain Polished Christian Bauer Wedding Ring 027983\"}]},{\"@type\":\"WebSite\",\"@id\":\"https:\\\/\\\/www.purejewels.com\\\/#website\",\"url\":\"https:\\\/\\\/www.purejewels.com\\\/\",\"name\":\"PureJewels UK\",\"description\":\"Share the Love\",\"publisher\":{\"@id\":\"https:\\\/\\\/www.purejewels.com\\\/#organization\"},\"potentialAction\":[{\"@type\":\"SearchAction\",\"target\":{\"@type\":\"EntryPoint\",\"urlTemplate\":\"https:\\\/\\\/www.purejewels.com\\\/?s={search_term_string}\"},\"query-input\":{\"@type\":\"PropertyValueSpecification\",\"valueRequired\":true,\"valueName\":\"search_term_string\"}}],\"inLanguage\":\"tr\"},{\"@type\":\"Organization\",\"@id\":\"https:\\\/\\\/www.purejewels.com\\\/#organization\",\"name\":\"PureJewels UK\",\"url\":\"https:\\\/\\\/www.purejewels.com\\\/\",\"logo\":{\"@type\":\"ImageObject\",\"inLanguage\":\"tr\",\"@id\":\"https:\\\/\\\/www.purejewels.com\\\/#\\\/schema\\\/logo\\\/image\\\/\",\"url\":\"https:\\\/\\\/static.purejewels.com\\\/wp-content\\\/uploads\\\/2020\\\/11\\\/Logo-PJ-New-1.png\",\"contentUrl\":\"https:\\\/\\\/static.purejewels.com\\\/wp-content\\\/uploads\\\/2020\\\/11\\\/Logo-PJ-New-1.png\",\"width\":150,\"height\":80,\"caption\":\"PureJewels UK\"},\"image\":{\"@id\":\"https:\\\/\\\/www.purejewels.com\\\/#\\\/schema\\\/logo\\\/image\\\/\"}}]}<\/script>\n<!-- \/ Yoast SEO plugin. -->","yoast_head_json":{"title":"D\u00fcz Cilal\u0131 Christian Bauer Alyans - PureJewels","robots":{"index":"index","follow":"follow","max-snippet":"max-snippet:-1","max-image-preview":"max-image-preview:large","max-video-preview":"max-video-preview:-1"},"canonical":"https:\/\/www.purejewels.com\/tr\/urun\/duz-cilali-christian-bauer-alyans-027983\/","og_locale":"tr_TR","og_type":"article","og_title":"Plain Polished Christian Bauer Wedding Ring - PureJewels","og_description":"Authorised Christian Bauer Stockist  Plain Polished Christian Bauer Wedding Ring  Finish: Polished Metal: 18ct White Gold Finger Size: T Width: 5.5mm  In Stock","og_url":"https:\/\/www.purejewels.com\/tr\/urun\/duz-cilali-christian-bauer-alyans-027983\/","og_site_name":"PureJewels UK","article_modified_time":"2020-12-21T17:55:20+00:00","og_image":[{"width":960,"height":960,"url":"https:\/\/www.purejewels.com\/wp-content\/uploads\/2017\/07\/0270957_xl-2.jpg","type":"image\/jpeg"}],"twitter_card":"summary_large_image","twitter_misc":{"Tahmini okuma s\u00fcresi":"2 dakika"},"schema":{"@context":"https:\/\/schema.org","@graph":[{"@type":["WebPage","ItemPage"],"@id":"https:\/\/www.purejewels.com\/product\/plain-polished-christian-bauer-wedding-ring-027983\/","url":"https:\/\/www.purejewels.com\/product\/plain-polished-christian-bauer-wedding-ring-027983\/","name":"D\u00fcz Cilal\u0131 Christian Bauer Alyans - PureJewels","isPartOf":{"@id":"https:\/\/www.purejewels.com\/#website"},"primaryImageOfPage":{"@id":"https:\/\/www.purejewels.com\/product\/plain-polished-christian-bauer-wedding-ring-027983\/#primaryimage"},"image":{"@id":"https:\/\/www.purejewels.com\/product\/plain-polished-christian-bauer-wedding-ring-027983\/#primaryimage"},"thumbnailUrl":"https:\/\/static.purejewels.com\/wp-content\/uploads\/2017\/07\/0270957_xl-2.jpg","datePublished":"2017-07-19T12:24:00+00:00","dateModified":"2020-12-21T17:55:20+00:00","breadcrumb":{"@id":"https:\/\/www.purejewels.com\/product\/plain-polished-christian-bauer-wedding-ring-027983\/#breadcrumb"},"inLanguage":"tr","potentialAction":[{"@type":"ReadAction","target":["https:\/\/www.purejewels.com\/product\/plain-polished-christian-bauer-wedding-ring-027983\/"]}]},{"@type":"ImageObject","inLanguage":"tr","@id":"https:\/\/www.purejewels.com\/product\/plain-polished-christian-bauer-wedding-ring-027983\/#primaryimage","url":"https:\/\/static.purejewels.com\/wp-content\/uploads\/2017\/07\/0270957_xl-2.jpg","contentUrl":"https:\/\/static.purejewels.com\/wp-content\/uploads\/2017\/07\/0270957_xl-2.jpg","width":960,"height":960,"caption":"0270957_xl.jpg"},{"@type":"BreadcrumbList","@id":"https:\/\/www.purejewels.com\/product\/plain-polished-christian-bauer-wedding-ring-027983\/#breadcrumb","itemListElement":[{"@type":"ListItem","position":1,"name":"Home","item":"https:\/\/www.purejewels.com\/"},{"@type":"ListItem","position":2,"name":"Shop","item":"https:\/\/www.purejewels.com\/shop\/"},{"@type":"ListItem","position":3,"name":"Plain Polished Christian Bauer Wedding Ring 027983"}]},{"@type":"WebSite","@id":"https:\/\/www.purejewels.com\/#website","url":"https:\/\/www.purejewels.com\/","name":"PureJewels \u0130ngiltere","description":"Sevgiyi Payla\u015f\u0131n","publisher":{"@id":"https:\/\/www.purejewels.com\/#organization"},"potentialAction":[{"@type":"SearchAction","target":{"@type":"EntryPoint","urlTemplate":"https:\/\/www.purejewels.com\/?s={search_term_string}"},"query-input":{"@type":"PropertyValueSpecification","valueRequired":true,"valueName":"search_term_string"}}],"inLanguage":"tr"},{"@type":"Organization","@id":"https:\/\/www.purejewels.com\/#organization","name":"PureJewels \u0130ngiltere","url":"https:\/\/www.purejewels.com\/","logo":{"@type":"ImageObject","inLanguage":"tr","@id":"https:\/\/www.purejewels.com\/#\/schema\/logo\/image\/","url":"https:\/\/static.purejewels.com\/wp-content\/uploads\/2020\/11\/Logo-PJ-New-1.png","contentUrl":"https:\/\/static.purejewels.com\/wp-content\/uploads\/2020\/11\/Logo-PJ-New-1.png","width":150,"height":80,"caption":"PureJewels UK"},"image":{"@id":"https:\/\/www.purejewels.com\/#\/schema\/logo\/image\/"}}]}},"_links":{"self":[{"href":"https:\/\/www.purejewels.com\/tr\/wp-json\/wp\/v2\/product\/4058","targetHints":{"allow":["GET"]}}],"collection":[{"href":"https:\/\/www.purejewels.com\/tr\/wp-json\/wp\/v2\/product"}],"about":[{"href":"https:\/\/www.purejewels.com\/tr\/wp-json\/wp\/v2\/types\/product"}],"replies":[{"embeddable":true,"href":"https:\/\/www.purejewels.com\/tr\/wp-json\/wp\/v2\/comments?post=4058"}],"version-history":[{"count":0,"href":"https:\/\/www.purejewels.com\/tr\/wp-json\/wp\/v2\/product\/4058\/revisions"}],"wp:featuredmedia":[{"embeddable":true,"href":"https:\/\/www.purejewels.com\/tr\/wp-json\/wp\/v2\/media\/4059"}],"wp:attachment":[{"href":"https:\/\/www.purejewels.com\/tr\/wp-json\/wp\/v2\/media?parent=4058"}],"wp:term":[{"taxonomy":"product_brand","embeddable":true,"href":"https:\/\/www.purejewels.com\/tr\/wp-json\/wp\/v2\/product_brand?post=4058"},{"taxonomy":"product_cat","embeddable":true,"href":"https:\/\/www.purejewels.com\/tr\/wp-json\/wp\/v2\/product_cat?post=4058"},{"taxonomy":"product_tag","embeddable":true,"href":"https:\/\/www.purejewels.com\/tr\/wp-json\/wp\/v2\/product_tag?post=4058"}],"curies":[{"name":"wp","href":"https:\/\/api.w.org\/{rel}","templated":true}]}}