{"id":406300,"date":"2025-06-22T07:08:58","date_gmt":"2025-06-22T06:08:58","guid":{"rendered":"https:\/\/www.purejewels.com\/?post_type=product&#038;p=406300"},"modified":"2026-02-13T12:44:31","modified_gmt":"2026-02-13T12:44:31","slug":"radiance-duo-boncuk-bi%cc%87lekli%cc%87k-22-ayar-altin-51822","status":"publish","type":"product","link":"https:\/\/www.purejewels.com\/tr\/product\/radiance-duo-bead-bracelet-in-22k-gold-51822\/","title":{"rendered":"22 Ayar Alt\u0131n Radiance \u0130kili Boncuk Bileklik"},"content":{"rendered":"<p data-start=\"705\" data-end=\"1254\">Bu 22 Ayar Sar\u0131 Alt\u0131n Boncuk Bilezik, ince zarafete \u00f6nem veren modern kad\u0131nlar i\u00e7in tasarlanm\u0131\u015f zamans\u0131z bir aksesuard\u0131r. Uzunlu\u011fu 6 in\u00e7 olan bilezik, kontrast ve \u00e7ekicilik katan sar\u0131 alt\u0131n boncuklar ve par\u0131ldayan beyaz rodyum vurgulu unsurlardan olu\u015fan zarif bir bile\u015fime sahiptir. El yap\u0131m\u0131 dokular ve p\u00fcr\u00fczs\u00fcz y\u00fczey, yetenekli sanat\u00e7\u0131l\u0131\u011f\u0131 yans\u0131t\u0131r ve g\u00fcnl\u00fck kullan\u0131m, katmanl\u0131 g\u00f6r\u00fcn\u00fcm veya anlaml\u0131 hediyeler i\u00e7in uygun hale getirir. Sa\u011flam bir toka ile sabitlenen bu \u00fcr\u00fcn, narin bir formda hem rahatl\u0131k hem de dayan\u0131kl\u0131l\u0131k sunar.<\/p>\n<p data-start=\"1256\" data-end=\"1358\">G\u00fczellik, anlam ve uzun \u00f6m\u00fcr i\u00e7in haz\u0131rlanm\u0131\u015f kad\u0131n alt\u0131n bilezik koleksiyonumuzdan daha fazlas\u0131n\u0131 ke\u015ffedin.<\/p>","protected":false},"excerpt":{"rendered":"<p>Gelenek ve inceli\u011fin g\u00f6z al\u0131c\u0131 bir kar\u0131\u015f\u0131m\u0131 olan bu 22 ayar sar\u0131 alt\u0131n bileklik, narin beyaz rodyum vurgulara sahip alternatif cilal\u0131 ve dokulu boncuklara sahiptir. M\u00fckemmel boyutuyla 6 in\u00e7, g\u00fcnl\u00fck \u015f\u0131kl\u0131k i\u00e7in idealdir.<\/p>\n<p><strong>Malzeme:<\/strong>\u00a022 Ayar Alt\u0131n<strong><br \/>\nHallmark:\u00a0<\/strong>\u0130ngiliz Damgas\u0131<strong><br \/>\n<\/strong><strong>Br\u00fct A\u011f\u0131rl\u0131k: <\/strong>7.1 gram<br \/>\n<strong>Uzunluk:<\/strong> 6 in\u00e7<br \/>\n<strong>SKU:<\/strong> 51822<\/p>\n<p><strong>Fiyat ve Teslimat<\/strong>: KDV ve teslimat \u00fccreti dahil<br \/>\n<a href=\"https:\/\/www.purejewels.com\/tr\/i%cc%87ade-poli%cc%87ti%cc%87kasi\/\">\u0130ade Politikas\u0131<\/a><\/p>","protected":false},"featured_media":406301,"comment_status":"closed","ping_status":"closed","template":"","meta":{"_eb_attr":"","_crsspst_to_jayantr4sg-hostcom":true},"product_brand":[],"product_cat":[5441,1559,1794,1793,6059,1790,1324,1627,1229,1575,1569,1574,5349],"product_tag":[],"class_list":{"0":"post-406300","1":"product","2":"type-product","3":"status-publish","4":"has-post-thumbnail","6":"product_cat-gold-bead-bracelets","7":"product_cat-birthday-gifts","8":"product_cat-christmas-gifts","9":"product_cat-diwali-gifts","10":"product_cat-fancy-bracelet","11":"product_cat-for-whom-when","12":"product_cat-gold-bracelet","13":"product_cat-ladies-bracelet","14":"product_cat-22ct-gold-jewellery","15":"product_cat-teenage-jewellery","16":"product_cat-valentine-day-gifts","17":"product_cat-womens-jewellery","18":"product_cat-yellow-gold-jewellery","20":"first","21":"instock","22":"taxable","23":"shipping-taxable","24":"purchasable","25":"product-type-simple","26":"add-to-wishlist-before_image"},"yoast_head":"<!-- This site is optimized with the Yoast SEO plugin v27.5 - https:\/\/yoast.com\/product\/yoast-seo-wordpress\/ -->\n<title>22k Yellow Gold Bead Bracelet | 6-Inch Women\u2019s Gold Bracelet<\/title>\n<meta name=\"description\" content=\"Explore our handcrafted 22k gold bead bracelet, featuring textured yellow and white gold elements. Ideal for daily wear or gifting, now available in a 6-inch length.\" \/>\n<meta name=\"robots\" content=\"index, follow, max-snippet:-1, max-image-preview:large, max-video-preview:-1\" \/>\n<link rel=\"canonical\" href=\"https:\/\/www.purejewels.com\/tr\/urun\/radiance-duo-boncuk-bi\u0307lekli\u0307k-22-ayar-altin-51822\/\" \/>\n<meta property=\"og:locale\" content=\"tr_TR\" \/>\n<meta property=\"og:type\" content=\"article\" \/>\n<meta property=\"og:title\" content=\"22k Yellow Gold Bead Bracelet | 6-Inch Women\u2019s Gold Bracelet\" \/>\n<meta property=\"og:description\" content=\"Explore our handcrafted 22k gold bead bracelet, featuring textured yellow and white gold elements. Ideal for daily wear or gifting, now available in a 6-inch length.\" \/>\n<meta property=\"og:url\" content=\"https:\/\/www.purejewels.com\/tr\/urun\/radiance-duo-boncuk-bi\u0307lekli\u0307k-22-ayar-altin-51822\/\" \/>\n<meta property=\"og:site_name\" content=\"PureJewels UK\" \/>\n<meta property=\"article:modified_time\" content=\"2026-02-13T12:44:31+00:00\" \/>\n<meta property=\"og:image\" content=\"https:\/\/static.purejewels.com\/wp-content\/uploads\/2025\/07\/SKU-51822.jpg\" \/>\n\t<meta property=\"og:image:width\" content=\"1000\" \/>\n\t<meta property=\"og:image:height\" content=\"1000\" \/>\n\t<meta property=\"og:image:type\" content=\"image\/jpeg\" \/>\n<meta name=\"twitter:card\" content=\"summary_large_image\" \/>\n<meta name=\"twitter:label1\" content=\"Tahmini okuma s\u00fcresi\" \/>\n\t<meta name=\"twitter:data1\" content=\"1 dakika\" \/>\n<script type=\"application\/ld+json\" class=\"yoast-schema-graph\">{\"@context\":\"https:\\\/\\\/schema.org\",\"@graph\":[{\"@type\":[\"WebPage\",\"ItemPage\"],\"@id\":\"https:\\\/\\\/www.purejewels.com\\\/product\\\/radiance-duo-bead-bracelet-in-22k-gold-51822\\\/\",\"url\":\"https:\\\/\\\/www.purejewels.com\\\/product\\\/radiance-duo-bead-bracelet-in-22k-gold-51822\\\/\",\"name\":\"22k Yellow Gold Bead Bracelet | 6-Inch Women\u2019s Gold Bracelet\",\"isPartOf\":{\"@id\":\"https:\\\/\\\/www.purejewels.com\\\/#website\"},\"primaryImageOfPage\":{\"@id\":\"https:\\\/\\\/www.purejewels.com\\\/product\\\/radiance-duo-bead-bracelet-in-22k-gold-51822\\\/#primaryimage\"},\"image\":{\"@id\":\"https:\\\/\\\/www.purejewels.com\\\/product\\\/radiance-duo-bead-bracelet-in-22k-gold-51822\\\/#primaryimage\"},\"thumbnailUrl\":\"https:\\\/\\\/static.purejewels.com\\\/wp-content\\\/uploads\\\/2025\\\/07\\\/SKU-51822.jpg\",\"datePublished\":\"2025-06-22T06:08:58+00:00\",\"dateModified\":\"2026-02-13T12:44:31+00:00\",\"description\":\"Explore our handcrafted 22k gold bead bracelet, featuring textured yellow and white gold elements. Ideal for daily wear or gifting, now available in a 6-inch length.\",\"breadcrumb\":{\"@id\":\"https:\\\/\\\/www.purejewels.com\\\/product\\\/radiance-duo-bead-bracelet-in-22k-gold-51822\\\/#breadcrumb\"},\"inLanguage\":\"tr\",\"potentialAction\":[{\"@type\":\"ReadAction\",\"target\":[\"https:\\\/\\\/www.purejewels.com\\\/product\\\/radiance-duo-bead-bracelet-in-22k-gold-51822\\\/\"]}]},{\"@type\":\"ImageObject\",\"inLanguage\":\"tr\",\"@id\":\"https:\\\/\\\/www.purejewels.com\\\/product\\\/radiance-duo-bead-bracelet-in-22k-gold-51822\\\/#primaryimage\",\"url\":\"https:\\\/\\\/static.purejewels.com\\\/wp-content\\\/uploads\\\/2025\\\/07\\\/SKU-51822.jpg\",\"contentUrl\":\"https:\\\/\\\/static.purejewels.com\\\/wp-content\\\/uploads\\\/2025\\\/07\\\/SKU-51822.jpg\",\"width\":1000,\"height\":1000,\"caption\":\"51822\"},{\"@type\":\"BreadcrumbList\",\"@id\":\"https:\\\/\\\/www.purejewels.com\\\/product\\\/radiance-duo-bead-bracelet-in-22k-gold-51822\\\/#breadcrumb\",\"itemListElement\":[{\"@type\":\"ListItem\",\"position\":1,\"name\":\"Home\",\"item\":\"https:\\\/\\\/www.purejewels.com\\\/\"},{\"@type\":\"ListItem\",\"position\":2,\"name\":\"Shop\",\"item\":\"https:\\\/\\\/www.purejewels.com\\\/shop\\\/\"},{\"@type\":\"ListItem\",\"position\":3,\"name\":\"Radiance Duo Bead Bracelet in 22k Gold\"}]},{\"@type\":\"WebSite\",\"@id\":\"https:\\\/\\\/www.purejewels.com\\\/#website\",\"url\":\"https:\\\/\\\/www.purejewels.com\\\/\",\"name\":\"PureJewels UK\",\"description\":\"Share the Love\",\"publisher\":{\"@id\":\"https:\\\/\\\/www.purejewels.com\\\/#organization\"},\"potentialAction\":[{\"@type\":\"SearchAction\",\"target\":{\"@type\":\"EntryPoint\",\"urlTemplate\":\"https:\\\/\\\/www.purejewels.com\\\/?s={search_term_string}\"},\"query-input\":{\"@type\":\"PropertyValueSpecification\",\"valueRequired\":true,\"valueName\":\"search_term_string\"}}],\"inLanguage\":\"tr\"},{\"@type\":\"Organization\",\"@id\":\"https:\\\/\\\/www.purejewels.com\\\/#organization\",\"name\":\"PureJewels UK\",\"url\":\"https:\\\/\\\/www.purejewels.com\\\/\",\"logo\":{\"@type\":\"ImageObject\",\"inLanguage\":\"tr\",\"@id\":\"https:\\\/\\\/www.purejewels.com\\\/#\\\/schema\\\/logo\\\/image\\\/\",\"url\":\"https:\\\/\\\/static.purejewels.com\\\/wp-content\\\/uploads\\\/2020\\\/11\\\/Logo-PJ-New-1.png\",\"contentUrl\":\"https:\\\/\\\/static.purejewels.com\\\/wp-content\\\/uploads\\\/2020\\\/11\\\/Logo-PJ-New-1.png\",\"width\":150,\"height\":80,\"caption\":\"PureJewels UK\"},\"image\":{\"@id\":\"https:\\\/\\\/www.purejewels.com\\\/#\\\/schema\\\/logo\\\/image\\\/\"}}]}<\/script>\n<!-- \/ Yoast SEO plugin. -->","yoast_head_json":{"title":"22 Ayar Sar\u0131 Alt\u0131n Boncuk Bileklik | 6 \u0130n\u00e7 Kad\u0131n Alt\u0131n Bileklik","description":"Dokulu sar\u0131 ve beyaz alt\u0131n unsurlar i\u00e7eren el yap\u0131m\u0131 22 ayar alt\u0131n boncuk bilekli\u011fimizi ke\u015ffedin. G\u00fcnl\u00fck kullan\u0131m veya hediye i\u00e7in ideal olan bu bileklik \u015fimdi 6 in\u00e7 uzunlu\u011funda.","robots":{"index":"index","follow":"follow","max-snippet":"max-snippet:-1","max-image-preview":"max-image-preview:large","max-video-preview":"max-video-preview:-1"},"canonical":"https:\/\/www.purejewels.com\/tr\/urun\/radiance-duo-boncuk-bi\u0307lekli\u0307k-22-ayar-altin-51822\/","og_locale":"tr_TR","og_type":"article","og_title":"22k Yellow Gold Bead Bracelet | 6-Inch Women\u2019s Gold Bracelet","og_description":"Explore our handcrafted 22k gold bead bracelet, featuring textured yellow and white gold elements. Ideal for daily wear or gifting, now available in a 6-inch length.","og_url":"https:\/\/www.purejewels.com\/tr\/urun\/radiance-duo-boncuk-bi\u0307lekli\u0307k-22-ayar-altin-51822\/","og_site_name":"PureJewels UK","article_modified_time":"2026-02-13T12:44:31+00:00","og_image":[{"width":1000,"height":1000,"url":"https:\/\/static.purejewels.com\/wp-content\/uploads\/2025\/07\/SKU-51822.jpg","type":"image\/jpeg"}],"twitter_card":"summary_large_image","twitter_misc":{"Tahmini okuma s\u00fcresi":"1 dakika"},"schema":{"@context":"https:\/\/schema.org","@graph":[{"@type":["WebPage","ItemPage"],"@id":"https:\/\/www.purejewels.com\/product\/radiance-duo-bead-bracelet-in-22k-gold-51822\/","url":"https:\/\/www.purejewels.com\/product\/radiance-duo-bead-bracelet-in-22k-gold-51822\/","name":"22 Ayar Sar\u0131 Alt\u0131n Boncuk Bileklik | 6 \u0130n\u00e7 Kad\u0131n Alt\u0131n Bileklik","isPartOf":{"@id":"https:\/\/www.purejewels.com\/#website"},"primaryImageOfPage":{"@id":"https:\/\/www.purejewels.com\/product\/radiance-duo-bead-bracelet-in-22k-gold-51822\/#primaryimage"},"image":{"@id":"https:\/\/www.purejewels.com\/product\/radiance-duo-bead-bracelet-in-22k-gold-51822\/#primaryimage"},"thumbnailUrl":"https:\/\/static.purejewels.com\/wp-content\/uploads\/2025\/07\/SKU-51822.jpg","datePublished":"2025-06-22T06:08:58+00:00","dateModified":"2026-02-13T12:44:31+00:00","description":"Dokulu sar\u0131 ve beyaz alt\u0131n unsurlar i\u00e7eren el yap\u0131m\u0131 22 ayar alt\u0131n boncuk bilekli\u011fimizi ke\u015ffedin. G\u00fcnl\u00fck kullan\u0131m veya hediye i\u00e7in ideal olan bu bileklik \u015fimdi 6 in\u00e7 uzunlu\u011funda.","breadcrumb":{"@id":"https:\/\/www.purejewels.com\/product\/radiance-duo-bead-bracelet-in-22k-gold-51822\/#breadcrumb"},"inLanguage":"tr","potentialAction":[{"@type":"ReadAction","target":["https:\/\/www.purejewels.com\/product\/radiance-duo-bead-bracelet-in-22k-gold-51822\/"]}]},{"@type":"ImageObject","inLanguage":"tr","@id":"https:\/\/www.purejewels.com\/product\/radiance-duo-bead-bracelet-in-22k-gold-51822\/#primaryimage","url":"https:\/\/static.purejewels.com\/wp-content\/uploads\/2025\/07\/SKU-51822.jpg","contentUrl":"https:\/\/static.purejewels.com\/wp-content\/uploads\/2025\/07\/SKU-51822.jpg","width":1000,"height":1000,"caption":"51822"},{"@type":"BreadcrumbList","@id":"https:\/\/www.purejewels.com\/product\/radiance-duo-bead-bracelet-in-22k-gold-51822\/#breadcrumb","itemListElement":[{"@type":"ListItem","position":1,"name":"Home","item":"https:\/\/www.purejewels.com\/"},{"@type":"ListItem","position":2,"name":"Shop","item":"https:\/\/www.purejewels.com\/shop\/"},{"@type":"ListItem","position":3,"name":"Radiance Duo Bead Bracelet in 22k Gold"}]},{"@type":"WebSite","@id":"https:\/\/www.purejewels.com\/#website","url":"https:\/\/www.purejewels.com\/","name":"PureJewels \u0130ngiltere","description":"Sevgiyi Payla\u015f\u0131n","publisher":{"@id":"https:\/\/www.purejewels.com\/#organization"},"potentialAction":[{"@type":"SearchAction","target":{"@type":"EntryPoint","urlTemplate":"https:\/\/www.purejewels.com\/?s={search_term_string}"},"query-input":{"@type":"PropertyValueSpecification","valueRequired":true,"valueName":"search_term_string"}}],"inLanguage":"tr"},{"@type":"Organization","@id":"https:\/\/www.purejewels.com\/#organization","name":"PureJewels \u0130ngiltere","url":"https:\/\/www.purejewels.com\/","logo":{"@type":"ImageObject","inLanguage":"tr","@id":"https:\/\/www.purejewels.com\/#\/schema\/logo\/image\/","url":"https:\/\/static.purejewels.com\/wp-content\/uploads\/2020\/11\/Logo-PJ-New-1.png","contentUrl":"https:\/\/static.purejewels.com\/wp-content\/uploads\/2020\/11\/Logo-PJ-New-1.png","width":150,"height":80,"caption":"PureJewels UK"},"image":{"@id":"https:\/\/www.purejewels.com\/#\/schema\/logo\/image\/"}}]}},"_links":{"self":[{"href":"https:\/\/www.purejewels.com\/tr\/wp-json\/wp\/v2\/product\/406300","targetHints":{"allow":["GET"]}}],"collection":[{"href":"https:\/\/www.purejewels.com\/tr\/wp-json\/wp\/v2\/product"}],"about":[{"href":"https:\/\/www.purejewels.com\/tr\/wp-json\/wp\/v2\/types\/product"}],"replies":[{"embeddable":true,"href":"https:\/\/www.purejewels.com\/tr\/wp-json\/wp\/v2\/comments?post=406300"}],"version-history":[{"count":1,"href":"https:\/\/www.purejewels.com\/tr\/wp-json\/wp\/v2\/product\/406300\/revisions"}],"predecessor-version":[{"id":406302,"href":"https:\/\/www.purejewels.com\/tr\/wp-json\/wp\/v2\/product\/406300\/revisions\/406302"}],"wp:featuredmedia":[{"embeddable":true,"href":"https:\/\/www.purejewels.com\/tr\/wp-json\/wp\/v2\/media\/406301"}],"wp:attachment":[{"href":"https:\/\/www.purejewels.com\/tr\/wp-json\/wp\/v2\/media?parent=406300"}],"wp:term":[{"taxonomy":"product_brand","embeddable":true,"href":"https:\/\/www.purejewels.com\/tr\/wp-json\/wp\/v2\/product_brand?post=406300"},{"taxonomy":"product_cat","embeddable":true,"href":"https:\/\/www.purejewels.com\/tr\/wp-json\/wp\/v2\/product_cat?post=406300"},{"taxonomy":"product_tag","embeddable":true,"href":"https:\/\/www.purejewels.com\/tr\/wp-json\/wp\/v2\/product_tag?post=406300"}],"curies":[{"name":"wp","href":"https:\/\/api.w.org\/{rel}","templated":true}]}}