{"id":406304,"date":"2025-06-27T08:24:20","date_gmt":"2025-06-27T07:24:20","guid":{"rendered":"https:\/\/www.purejewels.com\/?post_type=product&#038;p=406304"},"modified":"2026-02-26T13:45:41","modified_gmt":"2026-02-26T13:45:41","slug":"seren-ci%cc%87ft-boncuk-zi%cc%87nci%cc%87r-bi%cc%87lekli%cc%87k-52123","status":"publish","type":"product","link":"https:\/\/www.purejewels.com\/tr\/product\/seren-dual-bead-chain-bracelet-52123\/","title":{"rendered":"Seren \u00c7ift Boncuklu Zincir Bileklik"},"content":{"rendered":"<p data-start=\"0\" data-end=\"453\"><strong data-start=\"0\" data-end=\"18\">Tasar\u0131m Konsepti<\/strong><br data-start=\"18\" data-end=\"21\" \/>Seren \u00c7ift Boncuklu Zincir Bileklik, de\u011ferli bir Sevgililer G\u00fcn\u00fc hediyesi olarak yarat\u0131lm\u0131\u015f, ba\u011flant\u0131 ve ilginin sessiz bir ifadesi olarak tasarlanm\u0131\u015ft\u0131r. De\u011fi\u015fen alt\u0131n ve beyaz tonlu boncuklar, denge ve birlikteli\u011fi simgeleyen nazik bir kontrast ve ritim sunar. \u0130nce zincir, tasar\u0131m\u0131n hafif ve samimi kalmas\u0131n\u0131 sa\u011flayarak, bilekte do\u011fal bir \u015fekilde durmas\u0131n\u0131 ve s\u00fcs olmaktan ziyade ki\u015fisel hissettiren bir a\u015fk simgesi m\u00fccevher par\u00e7as\u0131 olmas\u0131n\u0131 sa\u011flar.<\/p>\n<p data-start=\"455\" data-end=\"939\"><strong data-start=\"455\" data-end=\"472\">Zanaatkarl\u0131k<\/strong><br data-start=\"472\" data-end=\"475\" \/>Parlak 22 ayar alt\u0131ndan \u00fcretilen bu bileklik, g\u00f6r\u00fcn\u00fcm\u00fcne derinlik ve yumu\u015fakl\u0131k katan \u00f6zenle dokuland\u0131r\u0131lm\u0131\u015f boncuklarla tamamlanm\u0131\u015ft\u0131r. \u00c7ift boncuk detay\u0131, g\u00fcn boyunca ak\u0131c\u0131 hareket ve rahatl\u0131k sa\u011flamak i\u00e7in hassas bir \u015fekilde konumland\u0131r\u0131lm\u0131\u015ft\u0131r. G\u00fcvenli bir toka ve p\u00fcr\u00fczs\u00fcz ba\u011flant\u0131lar, hassas bir profili korurken dayan\u0131kl\u0131l\u0131k sa\u011flar. Her bileklik, PureJewels'in kaliteye ve \u00f6zenli i\u015f\u00e7ili\u011fe olan ba\u011fl\u0131l\u0131\u011f\u0131n\u0131 yans\u0131tan safl\u0131k sertifikas\u0131 i\u00e7in \u0130ngiltere'de damgalanm\u0131\u015ft\u0131r.<\/p>\n<p data-start=\"941\" data-end=\"1378\" data-is-last-node=\"\" data-is-only-node=\"\"><strong data-start=\"941\" data-end=\"958\">Stil Fikirleri<\/strong><br data-start=\"958\" data-end=\"961\" \/>Hat\u0131ra niteli\u011finde bir Sevgililer G\u00fcn\u00fc hediyesi olarak tasarlanan bu bilezik, g\u00fcnl\u00fck kullan\u0131m i\u00e7in m\u00fckemmeldir ve hem g\u00fcndelik hem de zarif g\u00f6r\u00fcn\u00fcmlere zahmetsizce uyum sa\u011flar. Sade bir \u015f\u0131kl\u0131k i\u00e7in tek ba\u015f\u0131na tak\u0131n veya daha etkileyici bir stil i\u00e7in ince alt\u0131n bileziklerle katmanlay\u0131n. Sevgililer G\u00fcn\u00fc, y\u0131ld\u00f6n\u00fcmleri veya anlaml\u0131 anlar i\u00e7in ideal bir hediye olan bu bileklik, s\u0131k s\u0131k tak\u0131lan ve y\u0131llarca saklanan bir par\u00e7a haline gelecektir.<\/p>","protected":false},"excerpt":{"rendered":"<p data-start=\"728\" data-end=\"910\">Bu 22 ayar alt\u0131n bileklik, zarif ve modern bir g\u00f6r\u00fcn\u00fcm i\u00e7in p\u00fcr\u00fczs\u00fcz \u00e7ift zincirleri dokulu alt\u0131n ve rodyum kaplama boncuklarla birle\u015ftiriyor. Hafif, \u00e7ok y\u00f6nl\u00fc ve g\u00fcnl\u00fck stil i\u00e7in m\u00fckemmel.<\/p>\n<p><strong>Malzeme:<\/strong> 22 Ayar Alt\u0131n (91,6% Saf Alt\u0131n)<strong><br \/>\nHallmark:\u00a0<\/strong>\u0130ngiliz Damgas\u0131<strong><br \/>\n<\/strong><strong>Br\u00fct A\u011f\u0131rl\u0131k: <\/strong>3.33 Gms<br \/>\n<strong>Uzunluk:<\/strong> 5,5 in\u00e7<br \/>\n<strong>SKU:<\/strong> 50989, 52122<\/p>\n<p><strong>Fiyat ve Teslimat<\/strong>: KDV ve teslimat \u00fccreti dahil<br \/>\n<a href=\"https:\/\/www.purejewels.com\/tr\/i%cc%87ade-poli%cc%87ti%cc%87kasi\/\">\u0130ade Politikas\u0131<\/a><\/p>","protected":false},"featured_media":406312,"comment_status":"closed","ping_status":"closed","template":"","meta":{"_eb_attr":"","_crsspst_to_jayantr4sg-hostcom":true},"product_brand":[],"product_cat":[5441,1559,1794,1793,1790,1324,1627,1229,5344,1575,1569,1574,5349],"product_tag":[],"class_list":{"0":"post-406304","1":"product","2":"type-product","3":"status-publish","4":"has-post-thumbnail","6":"product_cat-gold-bead-bracelets","7":"product_cat-birthday-gifts","8":"product_cat-christmas-gifts","9":"product_cat-diwali-gifts","10":"product_cat-for-whom-when","11":"product_cat-gold-bracelet","12":"product_cat-ladies-bracelet","13":"product_cat-22ct-gold-jewellery","14":"product_cat-jewellery-under-750","15":"product_cat-teenage-jewellery","16":"product_cat-valentine-day-gifts","17":"product_cat-womens-jewellery","18":"product_cat-yellow-gold-jewellery","20":"first","21":"outofstock","22":"taxable","23":"shipping-taxable","24":"product-type-simple","25":"add-to-wishlist-before_image"},"yoast_head":"<!-- This site is optimized with the Yoast SEO plugin v27.3 - https:\/\/yoast.com\/product\/yoast-seo-wordpress\/ -->\n<title>22ct Gold Bead &amp; Chain Bracelet | Dual-Tone Gold Rhodium Finish<\/title>\n<meta name=\"description\" content=\"Elegant 22ct gold bracelet featuring fine chain links and alternating textured gold and rhodium-finish beads. A refined daily wear essential with timeless charm.\" \/>\n<meta name=\"robots\" content=\"index, follow, max-snippet:-1, max-image-preview:large, max-video-preview:-1\" \/>\n<link rel=\"canonical\" href=\"https:\/\/www.purejewels.com\/tr\/urun\/seren-ci\u0307ft-boncuk-zi\u0307nci\u0307r-bi\u0307lekli\u0307k-52123\/\" \/>\n<meta property=\"og:locale\" content=\"tr_TR\" \/>\n<meta property=\"og:type\" content=\"article\" \/>\n<meta property=\"og:title\" content=\"22ct Gold Bead &amp; Chain Bracelet | Dual-Tone Gold Rhodium Finish\" \/>\n<meta property=\"og:description\" content=\"Elegant 22ct gold bracelet featuring fine chain links and alternating textured gold and rhodium-finish beads. A refined daily wear essential with timeless charm.\" \/>\n<meta property=\"og:url\" content=\"https:\/\/www.purejewels.com\/tr\/urun\/seren-ci\u0307ft-boncuk-zi\u0307nci\u0307r-bi\u0307lekli\u0307k-52123\/\" \/>\n<meta property=\"og:site_name\" content=\"PureJewels UK\" \/>\n<meta property=\"article:modified_time\" content=\"2026-02-26T13:45:41+00:00\" \/>\n<meta property=\"og:image\" content=\"https:\/\/static.purejewels.com\/wp-content\/uploads\/2025\/07\/SKU-52123.jpg\" \/>\n\t<meta property=\"og:image:width\" content=\"1000\" \/>\n\t<meta property=\"og:image:height\" content=\"1000\" \/>\n\t<meta property=\"og:image:type\" content=\"image\/jpeg\" \/>\n<meta name=\"twitter:card\" content=\"summary_large_image\" \/>\n<meta name=\"twitter:label1\" content=\"Tahmini okuma s\u00fcresi\" \/>\n\t<meta name=\"twitter:data1\" content=\"2 dakika\" \/>\n<script type=\"application\/ld+json\" class=\"yoast-schema-graph\">{\"@context\":\"https:\\\/\\\/schema.org\",\"@graph\":[{\"@type\":[\"WebPage\",\"ItemPage\"],\"@id\":\"https:\\\/\\\/www.purejewels.com\\\/product\\\/seren-dual-bead-chain-bracelet-52123\\\/\",\"url\":\"https:\\\/\\\/www.purejewels.com\\\/product\\\/seren-dual-bead-chain-bracelet-52123\\\/\",\"name\":\"22ct Gold Bead & Chain Bracelet | Dual-Tone Gold Rhodium Finish\",\"isPartOf\":{\"@id\":\"https:\\\/\\\/www.purejewels.com\\\/#website\"},\"primaryImageOfPage\":{\"@id\":\"https:\\\/\\\/www.purejewels.com\\\/product\\\/seren-dual-bead-chain-bracelet-52123\\\/#primaryimage\"},\"image\":{\"@id\":\"https:\\\/\\\/www.purejewels.com\\\/product\\\/seren-dual-bead-chain-bracelet-52123\\\/#primaryimage\"},\"thumbnailUrl\":\"https:\\\/\\\/static.purejewels.com\\\/wp-content\\\/uploads\\\/2025\\\/07\\\/SKU-52123.jpg\",\"datePublished\":\"2025-06-27T07:24:20+00:00\",\"dateModified\":\"2026-02-26T13:45:41+00:00\",\"description\":\"Elegant 22ct gold bracelet featuring fine chain links and alternating textured gold and rhodium-finish beads. A refined daily wear essential with timeless charm.\",\"breadcrumb\":{\"@id\":\"https:\\\/\\\/www.purejewels.com\\\/product\\\/seren-dual-bead-chain-bracelet-52123\\\/#breadcrumb\"},\"inLanguage\":\"tr\",\"potentialAction\":[{\"@type\":\"ReadAction\",\"target\":[\"https:\\\/\\\/www.purejewels.com\\\/product\\\/seren-dual-bead-chain-bracelet-52123\\\/\"]}]},{\"@type\":\"ImageObject\",\"inLanguage\":\"tr\",\"@id\":\"https:\\\/\\\/www.purejewels.com\\\/product\\\/seren-dual-bead-chain-bracelet-52123\\\/#primaryimage\",\"url\":\"https:\\\/\\\/static.purejewels.com\\\/wp-content\\\/uploads\\\/2025\\\/07\\\/SKU-52123.jpg\",\"contentUrl\":\"https:\\\/\\\/static.purejewels.com\\\/wp-content\\\/uploads\\\/2025\\\/07\\\/SKU-52123.jpg\",\"width\":1000,\"height\":1000,\"caption\":\"52123\"},{\"@type\":\"BreadcrumbList\",\"@id\":\"https:\\\/\\\/www.purejewels.com\\\/product\\\/seren-dual-bead-chain-bracelet-52123\\\/#breadcrumb\",\"itemListElement\":[{\"@type\":\"ListItem\",\"position\":1,\"name\":\"Home\",\"item\":\"https:\\\/\\\/www.purejewels.com\\\/\"},{\"@type\":\"ListItem\",\"position\":2,\"name\":\"Shop\",\"item\":\"https:\\\/\\\/www.purejewels.com\\\/shop\\\/\"},{\"@type\":\"ListItem\",\"position\":3,\"name\":\"Seren Dual Bead Chain Bracelet\"}]},{\"@type\":\"WebSite\",\"@id\":\"https:\\\/\\\/www.purejewels.com\\\/#website\",\"url\":\"https:\\\/\\\/www.purejewels.com\\\/\",\"name\":\"PureJewels UK\",\"description\":\"Share the Love\",\"publisher\":{\"@id\":\"https:\\\/\\\/www.purejewels.com\\\/#organization\"},\"potentialAction\":[{\"@type\":\"SearchAction\",\"target\":{\"@type\":\"EntryPoint\",\"urlTemplate\":\"https:\\\/\\\/www.purejewels.com\\\/?s={search_term_string}\"},\"query-input\":{\"@type\":\"PropertyValueSpecification\",\"valueRequired\":true,\"valueName\":\"search_term_string\"}}],\"inLanguage\":\"tr\"},{\"@type\":\"Organization\",\"@id\":\"https:\\\/\\\/www.purejewels.com\\\/#organization\",\"name\":\"PureJewels UK\",\"url\":\"https:\\\/\\\/www.purejewels.com\\\/\",\"logo\":{\"@type\":\"ImageObject\",\"inLanguage\":\"tr\",\"@id\":\"https:\\\/\\\/www.purejewels.com\\\/#\\\/schema\\\/logo\\\/image\\\/\",\"url\":\"https:\\\/\\\/static.purejewels.com\\\/wp-content\\\/uploads\\\/2020\\\/11\\\/Logo-PJ-New-1.png\",\"contentUrl\":\"https:\\\/\\\/static.purejewels.com\\\/wp-content\\\/uploads\\\/2020\\\/11\\\/Logo-PJ-New-1.png\",\"width\":150,\"height\":80,\"caption\":\"PureJewels UK\"},\"image\":{\"@id\":\"https:\\\/\\\/www.purejewels.com\\\/#\\\/schema\\\/logo\\\/image\\\/\"}}]}<\/script>\n<!-- \/ Yoast SEO plugin. -->","yoast_head_json":{"title":"22 Ayar Alt\u0131n Boncuk &amp; Zincir Bileklik | \u00c7ift Ton Alt\u0131n Rodyum Kaplama","description":"\u0130nce zincir ba\u011flant\u0131lar\u0131 ve alternatif dokulu alt\u0131n ve rodyum kaplama boncuklar i\u00e7eren zarif 22 ayar alt\u0131n bileklik. Zamans\u0131z bir cazibeye sahip rafine bir g\u00fcnl\u00fck kullan\u0131m vazge\u00e7ilmezi.","robots":{"index":"index","follow":"follow","max-snippet":"max-snippet:-1","max-image-preview":"max-image-preview:large","max-video-preview":"max-video-preview:-1"},"canonical":"https:\/\/www.purejewels.com\/tr\/urun\/seren-ci\u0307ft-boncuk-zi\u0307nci\u0307r-bi\u0307lekli\u0307k-52123\/","og_locale":"tr_TR","og_type":"article","og_title":"22ct Gold Bead & Chain Bracelet | Dual-Tone Gold Rhodium Finish","og_description":"Elegant 22ct gold bracelet featuring fine chain links and alternating textured gold and rhodium-finish beads. A refined daily wear essential with timeless charm.","og_url":"https:\/\/www.purejewels.com\/tr\/urun\/seren-ci\u0307ft-boncuk-zi\u0307nci\u0307r-bi\u0307lekli\u0307k-52123\/","og_site_name":"PureJewels UK","article_modified_time":"2026-02-26T13:45:41+00:00","og_image":[{"width":1000,"height":1000,"url":"https:\/\/static.purejewels.com\/wp-content\/uploads\/2025\/07\/SKU-52123.jpg","type":"image\/jpeg"}],"twitter_card":"summary_large_image","twitter_misc":{"Tahmini okuma s\u00fcresi":"2 dakika"},"schema":{"@context":"https:\/\/schema.org","@graph":[{"@type":["WebPage","ItemPage"],"@id":"https:\/\/www.purejewels.com\/product\/seren-dual-bead-chain-bracelet-52123\/","url":"https:\/\/www.purejewels.com\/product\/seren-dual-bead-chain-bracelet-52123\/","name":"22 Ayar Alt\u0131n Boncuk &amp; Zincir Bileklik | \u00c7ift Ton Alt\u0131n Rodyum Kaplama","isPartOf":{"@id":"https:\/\/www.purejewels.com\/#website"},"primaryImageOfPage":{"@id":"https:\/\/www.purejewels.com\/product\/seren-dual-bead-chain-bracelet-52123\/#primaryimage"},"image":{"@id":"https:\/\/www.purejewels.com\/product\/seren-dual-bead-chain-bracelet-52123\/#primaryimage"},"thumbnailUrl":"https:\/\/static.purejewels.com\/wp-content\/uploads\/2025\/07\/SKU-52123.jpg","datePublished":"2025-06-27T07:24:20+00:00","dateModified":"2026-02-26T13:45:41+00:00","description":"\u0130nce zincir ba\u011flant\u0131lar\u0131 ve alternatif dokulu alt\u0131n ve rodyum kaplama boncuklar i\u00e7eren zarif 22 ayar alt\u0131n bileklik. Zamans\u0131z bir cazibeye sahip rafine bir g\u00fcnl\u00fck kullan\u0131m vazge\u00e7ilmezi.","breadcrumb":{"@id":"https:\/\/www.purejewels.com\/product\/seren-dual-bead-chain-bracelet-52123\/#breadcrumb"},"inLanguage":"tr","potentialAction":[{"@type":"ReadAction","target":["https:\/\/www.purejewels.com\/product\/seren-dual-bead-chain-bracelet-52123\/"]}]},{"@type":"ImageObject","inLanguage":"tr","@id":"https:\/\/www.purejewels.com\/product\/seren-dual-bead-chain-bracelet-52123\/#primaryimage","url":"https:\/\/static.purejewels.com\/wp-content\/uploads\/2025\/07\/SKU-52123.jpg","contentUrl":"https:\/\/static.purejewels.com\/wp-content\/uploads\/2025\/07\/SKU-52123.jpg","width":1000,"height":1000,"caption":"52123"},{"@type":"BreadcrumbList","@id":"https:\/\/www.purejewels.com\/product\/seren-dual-bead-chain-bracelet-52123\/#breadcrumb","itemListElement":[{"@type":"ListItem","position":1,"name":"Home","item":"https:\/\/www.purejewels.com\/"},{"@type":"ListItem","position":2,"name":"Shop","item":"https:\/\/www.purejewels.com\/shop\/"},{"@type":"ListItem","position":3,"name":"Seren Dual Bead Chain Bracelet"}]},{"@type":"WebSite","@id":"https:\/\/www.purejewels.com\/#website","url":"https:\/\/www.purejewels.com\/","name":"PureJewels \u0130ngiltere","description":"Sevgiyi Payla\u015f\u0131n","publisher":{"@id":"https:\/\/www.purejewels.com\/#organization"},"potentialAction":[{"@type":"SearchAction","target":{"@type":"EntryPoint","urlTemplate":"https:\/\/www.purejewels.com\/?s={search_term_string}"},"query-input":{"@type":"PropertyValueSpecification","valueRequired":true,"valueName":"search_term_string"}}],"inLanguage":"tr"},{"@type":"Organization","@id":"https:\/\/www.purejewels.com\/#organization","name":"PureJewels \u0130ngiltere","url":"https:\/\/www.purejewels.com\/","logo":{"@type":"ImageObject","inLanguage":"tr","@id":"https:\/\/www.purejewels.com\/#\/schema\/logo\/image\/","url":"https:\/\/static.purejewels.com\/wp-content\/uploads\/2020\/11\/Logo-PJ-New-1.png","contentUrl":"https:\/\/static.purejewels.com\/wp-content\/uploads\/2020\/11\/Logo-PJ-New-1.png","width":150,"height":80,"caption":"PureJewels UK"},"image":{"@id":"https:\/\/www.purejewels.com\/#\/schema\/logo\/image\/"}}]}},"_links":{"self":[{"href":"https:\/\/www.purejewels.com\/tr\/wp-json\/wp\/v2\/product\/406304","targetHints":{"allow":["GET"]}}],"collection":[{"href":"https:\/\/www.purejewels.com\/tr\/wp-json\/wp\/v2\/product"}],"about":[{"href":"https:\/\/www.purejewels.com\/tr\/wp-json\/wp\/v2\/types\/product"}],"replies":[{"embeddable":true,"href":"https:\/\/www.purejewels.com\/tr\/wp-json\/wp\/v2\/comments?post=406304"}],"version-history":[{"count":3,"href":"https:\/\/www.purejewels.com\/tr\/wp-json\/wp\/v2\/product\/406304\/revisions"}],"predecessor-version":[{"id":424402,"href":"https:\/\/www.purejewels.com\/tr\/wp-json\/wp\/v2\/product\/406304\/revisions\/424402"}],"wp:featuredmedia":[{"embeddable":true,"href":"https:\/\/www.purejewels.com\/tr\/wp-json\/wp\/v2\/media\/406312"}],"wp:attachment":[{"href":"https:\/\/www.purejewels.com\/tr\/wp-json\/wp\/v2\/media?parent=406304"}],"wp:term":[{"taxonomy":"product_brand","embeddable":true,"href":"https:\/\/www.purejewels.com\/tr\/wp-json\/wp\/v2\/product_brand?post=406304"},{"taxonomy":"product_cat","embeddable":true,"href":"https:\/\/www.purejewels.com\/tr\/wp-json\/wp\/v2\/product_cat?post=406304"},{"taxonomy":"product_tag","embeddable":true,"href":"https:\/\/www.purejewels.com\/tr\/wp-json\/wp\/v2\/product_tag?post=406304"}],"curies":[{"name":"wp","href":"https:\/\/api.w.org\/{rel}","templated":true}]}}