{"id":406697,"date":"2025-06-23T11:33:52","date_gmt":"2025-06-23T10:33:52","guid":{"rendered":"https:\/\/www.purejewels.com\/?post_type=product&#038;p=406697"},"modified":"2025-08-26T10:44:23","modified_gmt":"2025-08-26T09:44:23","slug":"refined-link-950-pt-platin-erkek-bileklik-50722","status":"publish","type":"product","link":"https:\/\/www.purejewels.com\/tr\/product\/refined-link-950-pt-platinum-mens-bracelet-50722\/","title":{"rendered":"Rafine Link 950 Platin Erkek Bileklik"},"content":{"rendered":"<p>Bu <strong data-start=\"4\" data-end=\"56\">Rafine Link 950 Pt Platin Erkek Bileklik - 8\u2033<\/strong> sofistikeli\u011fi dayan\u0131kl\u0131l\u0131kla birle\u015ftirir. 95% saf platinden d\u00f6k\u00fclm\u00fc\u015ft\u00fcr, \u00e7izilmelere ve kararmaya kar\u015f\u0131 dayan\u0131kl\u0131, \u00f6zellikle g\u00fcnl\u00fck kullan\u0131m i\u00e7in uygun, yo\u011fun ve a\u011f\u0131r bir his sunar.<\/p>","protected":false},"excerpt":{"rendered":"<p>Bu 8 in\u00e7 Pt-950 platin erkek bilekli\u011fi ile tarz\u0131n\u0131z\u0131 y\u00fckseltin. Hipoalerjenik, kararmaya kar\u015f\u0131 dayan\u0131kl\u0131 ve uzun s\u00fcre dayanacak \u015fekilde \u00fcretilmi\u015ftir - zarafet ve g\u00fcnl\u00fck esnekli\u011fin m\u00fckemmel bir kar\u0131\u015f\u0131m\u0131.<\/p>\n<p><strong>Malzeme:<\/strong> Platin<strong><br \/>\nHallmark:\u00a0<\/strong>\u0130ngiliz Damgas\u0131<strong><br \/>\n<\/strong><strong>Br\u00fct A\u011f\u0131rl\u0131k:\u00a0 <\/strong>27.40 Gms<br \/>\n<strong>Uzunluk:<\/strong> 8 in\u00e7<br \/>\n<strong>Geni\u015flik:<\/strong> 6 mm<br \/>\n<strong>SKU:<\/strong> 50722<\/p>\n<p><strong>Fiyat ve Teslimat<\/strong>: KDV ve teslimat \u00fccreti dahil<br \/>\n<a href=\"https:\/\/www.purejewels.com\/tr\/i%cc%87ade-poli%cc%87ti%cc%87kasi\/\">\u0130ade Politikas\u0131<\/a><\/p>\n<p>&nbsp;<\/p>","protected":false},"featured_media":410929,"comment_status":"closed","ping_status":"closed","template":"","meta":{"_eb_attr":"","_crsspst_to_jayantr4sg-hostcom":true},"product_brand":[],"product_cat":[1571,1572,6140,6083,5350],"product_tag":[],"class_list":{"0":"post-406697","1":"product","2":"type-product","3":"status-publish","4":"has-post-thumbnail","6":"product_cat-fathers-day-gifts","7":"product_cat-mens-jewellery","8":"product_cat-platinum-bracelet","9":"product_cat-platinum-jewellery-2","10":"product_cat-platinum-jewellery","12":"first","13":"instock","14":"taxable","15":"shipping-taxable","16":"purchasable","17":"product-type-simple","18":"add-to-wishlist-before_image"},"yoast_head":"<!-- This site is optimized with the Yoast SEO plugin v27.6 - https:\/\/yoast.com\/product\/yoast-seo-wordpress\/ -->\n<title>8\u2033 Pt\u2011950 Platinum Men\u2019s Bracelet \u2013 Modern &amp; Durable<\/title>\n<meta name=\"description\" content=\"Upgrade your style with this 8\u2033 Pt\u2011950 platinum men\u2019s bracelet. Hypoallergenic, tarnish-resistant, and built to last\u2014a perfect blend of elegance and everyday resilience.\" \/>\n<meta name=\"robots\" content=\"index, follow, max-snippet:-1, max-image-preview:large, max-video-preview:-1\" \/>\n<link rel=\"canonical\" href=\"https:\/\/www.purejewels.com\/tr\/urun\/refined-link-950-pt-platin-erkek-bileklik-50722\/\" \/>\n<meta property=\"og:locale\" content=\"tr_TR\" \/>\n<meta property=\"og:type\" content=\"article\" \/>\n<meta property=\"og:title\" content=\"8\u2033 Pt\u2011950 Platinum Men\u2019s Bracelet \u2013 Modern &amp; Durable\" \/>\n<meta property=\"og:description\" content=\"Upgrade your style with this 8\u2033 Pt\u2011950 platinum men\u2019s bracelet. Hypoallergenic, tarnish-resistant, and built to last\u2014a perfect blend of elegance and everyday resilience.\" \/>\n<meta property=\"og:url\" content=\"https:\/\/www.purejewels.com\/tr\/urun\/refined-link-950-pt-platin-erkek-bileklik-50722\/\" \/>\n<meta property=\"og:site_name\" content=\"PureJewels UK\" \/>\n<meta property=\"article:modified_time\" content=\"2025-08-26T09:44:23+00:00\" \/>\n<meta property=\"og:image\" content=\"https:\/\/www.purejewels.com\/wp-content\/uploads\/2025\/06\/SKU-50722-scaled.jpg\" \/>\n\t<meta property=\"og:image:width\" content=\"2560\" \/>\n\t<meta property=\"og:image:height\" content=\"1706\" \/>\n\t<meta property=\"og:image:type\" content=\"image\/jpeg\" \/>\n<meta name=\"twitter:card\" content=\"summary_large_image\" \/>\n<script type=\"application\/ld+json\" class=\"yoast-schema-graph\">{\"@context\":\"https:\\\/\\\/schema.org\",\"@graph\":[{\"@type\":[\"WebPage\",\"ItemPage\"],\"@id\":\"https:\\\/\\\/www.purejewels.com\\\/product\\\/refined-link-950-pt-platinum-mens-bracelet-50722\\\/\",\"url\":\"https:\\\/\\\/www.purejewels.com\\\/product\\\/refined-link-950-pt-platinum-mens-bracelet-50722\\\/\",\"name\":\"8\u2033 Pt\u2011950 Platinum Men\u2019s Bracelet \u2013 Modern & Durable\",\"isPartOf\":{\"@id\":\"https:\\\/\\\/www.purejewels.com\\\/#website\"},\"primaryImageOfPage\":{\"@id\":\"https:\\\/\\\/www.purejewels.com\\\/product\\\/refined-link-950-pt-platinum-mens-bracelet-50722\\\/#primaryimage\"},\"image\":{\"@id\":\"https:\\\/\\\/www.purejewels.com\\\/product\\\/refined-link-950-pt-platinum-mens-bracelet-50722\\\/#primaryimage\"},\"thumbnailUrl\":\"https:\\\/\\\/static.purejewels.com\\\/wp-content\\\/uploads\\\/2025\\\/06\\\/SKU-50722-scaled.jpg\",\"datePublished\":\"2025-06-23T10:33:52+00:00\",\"dateModified\":\"2025-08-26T09:44:23+00:00\",\"description\":\"Upgrade your style with this 8\u2033 Pt\u2011950 platinum men\u2019s bracelet. Hypoallergenic, tarnish-resistant, and built to last\u2014a perfect blend of elegance and everyday resilience.\",\"breadcrumb\":{\"@id\":\"https:\\\/\\\/www.purejewels.com\\\/product\\\/refined-link-950-pt-platinum-mens-bracelet-50722\\\/#breadcrumb\"},\"inLanguage\":\"tr\",\"potentialAction\":[{\"@type\":\"ReadAction\",\"target\":[\"https:\\\/\\\/www.purejewels.com\\\/product\\\/refined-link-950-pt-platinum-mens-bracelet-50722\\\/\"]}]},{\"@type\":\"ImageObject\",\"inLanguage\":\"tr\",\"@id\":\"https:\\\/\\\/www.purejewels.com\\\/product\\\/refined-link-950-pt-platinum-mens-bracelet-50722\\\/#primaryimage\",\"url\":\"https:\\\/\\\/static.purejewels.com\\\/wp-content\\\/uploads\\\/2025\\\/06\\\/SKU-50722-scaled.jpg\",\"contentUrl\":\"https:\\\/\\\/static.purejewels.com\\\/wp-content\\\/uploads\\\/2025\\\/06\\\/SKU-50722-scaled.jpg\",\"width\":2560,\"height\":1706,\"caption\":\"Refined Link 950 Platinum Men\u2019s Bracelet\"},{\"@type\":\"BreadcrumbList\",\"@id\":\"https:\\\/\\\/www.purejewels.com\\\/product\\\/refined-link-950-pt-platinum-mens-bracelet-50722\\\/#breadcrumb\",\"itemListElement\":[{\"@type\":\"ListItem\",\"position\":1,\"name\":\"Home\",\"item\":\"https:\\\/\\\/www.purejewels.com\\\/\"},{\"@type\":\"ListItem\",\"position\":2,\"name\":\"Shop\",\"item\":\"https:\\\/\\\/www.purejewels.com\\\/shop\\\/\"},{\"@type\":\"ListItem\",\"position\":3,\"name\":\"Refined Link 950 Platinum Men\u2019s Bracelet\"}]},{\"@type\":\"WebSite\",\"@id\":\"https:\\\/\\\/www.purejewels.com\\\/#website\",\"url\":\"https:\\\/\\\/www.purejewels.com\\\/\",\"name\":\"PureJewels UK\",\"description\":\"Share the Love\",\"publisher\":{\"@id\":\"https:\\\/\\\/www.purejewels.com\\\/#organization\"},\"potentialAction\":[{\"@type\":\"SearchAction\",\"target\":{\"@type\":\"EntryPoint\",\"urlTemplate\":\"https:\\\/\\\/www.purejewels.com\\\/?s={search_term_string}\"},\"query-input\":{\"@type\":\"PropertyValueSpecification\",\"valueRequired\":true,\"valueName\":\"search_term_string\"}}],\"inLanguage\":\"tr\"},{\"@type\":\"Organization\",\"@id\":\"https:\\\/\\\/www.purejewels.com\\\/#organization\",\"name\":\"PureJewels UK\",\"url\":\"https:\\\/\\\/www.purejewels.com\\\/\",\"logo\":{\"@type\":\"ImageObject\",\"inLanguage\":\"tr\",\"@id\":\"https:\\\/\\\/www.purejewels.com\\\/#\\\/schema\\\/logo\\\/image\\\/\",\"url\":\"https:\\\/\\\/static.purejewels.com\\\/wp-content\\\/uploads\\\/2020\\\/11\\\/Logo-PJ-New-1.png\",\"contentUrl\":\"https:\\\/\\\/static.purejewels.com\\\/wp-content\\\/uploads\\\/2020\\\/11\\\/Logo-PJ-New-1.png\",\"width\":150,\"height\":80,\"caption\":\"PureJewels UK\"},\"image\":{\"@id\":\"https:\\\/\\\/www.purejewels.com\\\/#\\\/schema\\\/logo\\\/image\\\/\"}}]}<\/script>\n<!-- \/ Yoast SEO plugin. -->","yoast_head_json":{"title":"8\u2033 Pt-950 Platin Erkek Bileklik - Modern ve Dayan\u0131kl\u0131","description":"Bu 8 in\u00e7 Pt-950 platin erkek bilekli\u011fi ile tarz\u0131n\u0131z\u0131 y\u00fckseltin. Hipoalerjenik, kararmaya kar\u015f\u0131 dayan\u0131kl\u0131 ve uzun s\u00fcre dayanacak \u015fekilde \u00fcretilmi\u015ftir - zarafet ve g\u00fcnl\u00fck esnekli\u011fin m\u00fckemmel bir kar\u0131\u015f\u0131m\u0131.","robots":{"index":"index","follow":"follow","max-snippet":"max-snippet:-1","max-image-preview":"max-image-preview:large","max-video-preview":"max-video-preview:-1"},"canonical":"https:\/\/www.purejewels.com\/tr\/urun\/refined-link-950-pt-platin-erkek-bileklik-50722\/","og_locale":"tr_TR","og_type":"article","og_title":"8\u2033 Pt\u2011950 Platinum Men\u2019s Bracelet \u2013 Modern & Durable","og_description":"Upgrade your style with this 8\u2033 Pt\u2011950 platinum men\u2019s bracelet. Hypoallergenic, tarnish-resistant, and built to last\u2014a perfect blend of elegance and everyday resilience.","og_url":"https:\/\/www.purejewels.com\/tr\/urun\/refined-link-950-pt-platin-erkek-bileklik-50722\/","og_site_name":"PureJewels UK","article_modified_time":"2025-08-26T09:44:23+00:00","og_image":[{"width":2560,"height":1706,"url":"https:\/\/www.purejewels.com\/wp-content\/uploads\/2025\/06\/SKU-50722-scaled.jpg","type":"image\/jpeg"}],"twitter_card":"summary_large_image","schema":{"@context":"https:\/\/schema.org","@graph":[{"@type":["WebPage","ItemPage"],"@id":"https:\/\/www.purejewels.com\/product\/refined-link-950-pt-platinum-mens-bracelet-50722\/","url":"https:\/\/www.purejewels.com\/product\/refined-link-950-pt-platinum-mens-bracelet-50722\/","name":"8\u2033 Pt-950 Platin Erkek Bileklik - Modern ve Dayan\u0131kl\u0131","isPartOf":{"@id":"https:\/\/www.purejewels.com\/#website"},"primaryImageOfPage":{"@id":"https:\/\/www.purejewels.com\/product\/refined-link-950-pt-platinum-mens-bracelet-50722\/#primaryimage"},"image":{"@id":"https:\/\/www.purejewels.com\/product\/refined-link-950-pt-platinum-mens-bracelet-50722\/#primaryimage"},"thumbnailUrl":"https:\/\/static.purejewels.com\/wp-content\/uploads\/2025\/06\/SKU-50722-scaled.jpg","datePublished":"2025-06-23T10:33:52+00:00","dateModified":"2025-08-26T09:44:23+00:00","description":"Bu 8 in\u00e7 Pt-950 platin erkek bilekli\u011fi ile tarz\u0131n\u0131z\u0131 y\u00fckseltin. Hipoalerjenik, kararmaya kar\u015f\u0131 dayan\u0131kl\u0131 ve uzun s\u00fcre dayanacak \u015fekilde \u00fcretilmi\u015ftir - zarafet ve g\u00fcnl\u00fck esnekli\u011fin m\u00fckemmel bir kar\u0131\u015f\u0131m\u0131.","breadcrumb":{"@id":"https:\/\/www.purejewels.com\/product\/refined-link-950-pt-platinum-mens-bracelet-50722\/#breadcrumb"},"inLanguage":"tr","potentialAction":[{"@type":"ReadAction","target":["https:\/\/www.purejewels.com\/product\/refined-link-950-pt-platinum-mens-bracelet-50722\/"]}]},{"@type":"ImageObject","inLanguage":"tr","@id":"https:\/\/www.purejewels.com\/product\/refined-link-950-pt-platinum-mens-bracelet-50722\/#primaryimage","url":"https:\/\/static.purejewels.com\/wp-content\/uploads\/2025\/06\/SKU-50722-scaled.jpg","contentUrl":"https:\/\/static.purejewels.com\/wp-content\/uploads\/2025\/06\/SKU-50722-scaled.jpg","width":2560,"height":1706,"caption":"Refined Link 950 Platinum Men\u2019s Bracelet"},{"@type":"BreadcrumbList","@id":"https:\/\/www.purejewels.com\/product\/refined-link-950-pt-platinum-mens-bracelet-50722\/#breadcrumb","itemListElement":[{"@type":"ListItem","position":1,"name":"Home","item":"https:\/\/www.purejewels.com\/"},{"@type":"ListItem","position":2,"name":"Shop","item":"https:\/\/www.purejewels.com\/shop\/"},{"@type":"ListItem","position":3,"name":"Refined Link 950 Platinum Men\u2019s Bracelet"}]},{"@type":"WebSite","@id":"https:\/\/www.purejewels.com\/#website","url":"https:\/\/www.purejewels.com\/","name":"PureJewels \u0130ngiltere","description":"Sevgiyi Payla\u015f\u0131n","publisher":{"@id":"https:\/\/www.purejewels.com\/#organization"},"potentialAction":[{"@type":"SearchAction","target":{"@type":"EntryPoint","urlTemplate":"https:\/\/www.purejewels.com\/?s={search_term_string}"},"query-input":{"@type":"PropertyValueSpecification","valueRequired":true,"valueName":"search_term_string"}}],"inLanguage":"tr"},{"@type":"Organization","@id":"https:\/\/www.purejewels.com\/#organization","name":"PureJewels \u0130ngiltere","url":"https:\/\/www.purejewels.com\/","logo":{"@type":"ImageObject","inLanguage":"tr","@id":"https:\/\/www.purejewels.com\/#\/schema\/logo\/image\/","url":"https:\/\/static.purejewels.com\/wp-content\/uploads\/2020\/11\/Logo-PJ-New-1.png","contentUrl":"https:\/\/static.purejewels.com\/wp-content\/uploads\/2020\/11\/Logo-PJ-New-1.png","width":150,"height":80,"caption":"PureJewels UK"},"image":{"@id":"https:\/\/www.purejewels.com\/#\/schema\/logo\/image\/"}}]}},"_links":{"self":[{"href":"https:\/\/www.purejewels.com\/tr\/wp-json\/wp\/v2\/product\/406697","targetHints":{"allow":["GET"]}}],"collection":[{"href":"https:\/\/www.purejewels.com\/tr\/wp-json\/wp\/v2\/product"}],"about":[{"href":"https:\/\/www.purejewels.com\/tr\/wp-json\/wp\/v2\/types\/product"}],"replies":[{"embeddable":true,"href":"https:\/\/www.purejewels.com\/tr\/wp-json\/wp\/v2\/comments?post=406697"}],"version-history":[{"count":1,"href":"https:\/\/www.purejewels.com\/tr\/wp-json\/wp\/v2\/product\/406697\/revisions"}],"predecessor-version":[{"id":406703,"href":"https:\/\/www.purejewels.com\/tr\/wp-json\/wp\/v2\/product\/406697\/revisions\/406703"}],"wp:featuredmedia":[{"embeddable":true,"href":"https:\/\/www.purejewels.com\/tr\/wp-json\/wp\/v2\/media\/410929"}],"wp:attachment":[{"href":"https:\/\/www.purejewels.com\/tr\/wp-json\/wp\/v2\/media?parent=406697"}],"wp:term":[{"taxonomy":"product_brand","embeddable":true,"href":"https:\/\/www.purejewels.com\/tr\/wp-json\/wp\/v2\/product_brand?post=406697"},{"taxonomy":"product_cat","embeddable":true,"href":"https:\/\/www.purejewels.com\/tr\/wp-json\/wp\/v2\/product_cat?post=406697"},{"taxonomy":"product_tag","embeddable":true,"href":"https:\/\/www.purejewels.com\/tr\/wp-json\/wp\/v2\/product_tag?post=406697"}],"curies":[{"name":"wp","href":"https:\/\/api.w.org\/{rel}","templated":true}]}}