{"id":406707,"date":"2025-07-23T12:15:48","date_gmt":"2025-07-23T11:15:48","guid":{"rendered":"https:\/\/www.purejewels.com\/?post_type=product&#038;p=406707"},"modified":"2025-08-12T10:06:20","modified_gmt":"2025-08-12T09:06:20","slug":"fortis-platinum-link-50723","status":"publish","type":"product","link":"https:\/\/www.purejewels.com\/tr\/product\/fortis-platinum-link-50723\/","title":{"rendered":"Fortis Platinum Link"},"content":{"rendered":"<p>Som 950 platinden \u00fcretilen bu bilezik, g\u00fc\u00e7 ve zarafetin ger\u00e7ek bir ifadesidir. Platin, kaliteli m\u00fccevherlerde kullan\u0131lan en saf de\u011ferli metallerden biridir ve 950 safl\u0131kta olmas\u0131, metalin 95%'sinin saf platin oldu\u011funu g\u00f6sterir ve asla solmayan do\u011fal beyaz bir parlakl\u0131k sunar. Alt\u0131ndan daha a\u011f\u0131r olan platin, yo\u011funlu\u011funu ve dayan\u0131kl\u0131l\u0131\u011f\u0131n\u0131 yans\u0131tarak bilekte g\u00fcven verici bir a\u011f\u0131rl\u0131\u011fa sahiptir.<\/p>\n<p>Nadir ve kal\u0131c\u0131 olan platin, kararmaya ve a\u015f\u0131nmaya kar\u015f\u0131 dayan\u0131kl\u0131d\u0131r, bu da onu g\u00fcnl\u00fck kullan\u0131m i\u00e7in ideal ve kal\u0131c\u0131l\u0131\u011f\u0131n sembol\u00fc haline getirir. Her bir ba\u011flant\u0131, sessiz bir g\u00fcven ve abart\u0131s\u0131z bir l\u00fcks yayarken rahat\u00e7a oturacak \u015fekilde tasarlanm\u0131\u015f ve \u00fcretilmi\u015ftir. Sadece bug\u00fcn i\u00e7in de\u011fil, her anlamda zamans\u0131z, tak\u0131lmak ve aktar\u0131lmak \u00fczere tasarlanm\u0131\u015f bir par\u00e7a.<\/p>","protected":false},"excerpt":{"rendered":"<p>950 platinden \u00fcretilen bu bileklik, kal\u0131c\u0131 g\u00fc\u00e7 ve stil i\u00e7in tasarlanm\u0131\u015f \u015f\u0131k, modern bir kaplamaya sahip cesur, sa\u011flam ba\u011flant\u0131lara sahiptir.<\/p>\n<p><strong>Malzeme:<\/strong> Platin<strong><br \/>\nHallmark:\u00a0<\/strong>\u0130ngiliz Damgas\u0131<strong><br \/>\n<\/strong><strong>Br\u00fct A\u011f\u0131rl\u0131k:\u00a0 <\/strong>47.40 Gms<br \/>\n<strong>Uzunluk:<\/strong> 8 in\u00e7<br \/>\n<strong>Geni\u015flik:<\/strong> 8 mm<br \/>\n<strong>SKU:<\/strong> 50723<\/p>\n<p><strong>Fiyat ve Teslimat<\/strong>: KDV ve teslimat \u00fccreti dahil<br \/>\n<a href=\"https:\/\/www.purejewels.com\/tr\/i%cc%87ade-poli%cc%87ti%cc%87kasi\/\">\u0130ade Politikas\u0131<\/a><\/p>\n<p>&nbsp;<\/p>","protected":false},"featured_media":406708,"comment_status":"closed","ping_status":"closed","template":"","meta":{"_eb_attr":"","_crsspst_to_jayantr4sg-hostcom":true},"product_brand":[],"product_cat":[6140,6083,5350],"product_tag":[],"class_list":{"0":"post-406707","1":"product","2":"type-product","3":"status-publish","4":"has-post-thumbnail","6":"product_cat-platinum-bracelet","7":"product_cat-platinum-jewellery-2","8":"product_cat-platinum-jewellery","10":"first","11":"instock","12":"taxable","13":"shipping-taxable","14":"purchasable","15":"product-type-simple","16":"add-to-wishlist-before_image"},"yoast_head":"<!-- This site is optimized with the Yoast SEO plugin v27.5 - https:\/\/yoast.com\/product\/yoast-seo-wordpress\/ -->\n<title>Octagon Link Platinum Bracelet \u2013 Sleek Geometric Men&#039;s Jewelry<\/title>\n<meta name=\"description\" content=\"Discover our Octagon Link Platinum Bracelet\u2014stylish men\u2019s jewelry with bold geometry, durable platinum links, and everyday elegance.\" \/>\n<meta name=\"robots\" content=\"index, follow, max-snippet:-1, max-image-preview:large, max-video-preview:-1\" \/>\n<link rel=\"canonical\" href=\"https:\/\/www.purejewels.com\/tr\/urun\/fortis-platinum-link-50723\/\" \/>\n<meta property=\"og:locale\" content=\"tr_TR\" \/>\n<meta property=\"og:type\" content=\"article\" \/>\n<meta property=\"og:title\" content=\"Octagon Link Platinum Bracelet \u2013 Sleek Geometric Men&#039;s Jewelry\" \/>\n<meta property=\"og:description\" content=\"Discover our Octagon Link Platinum Bracelet\u2014stylish men\u2019s jewelry with bold geometry, durable platinum links, and everyday elegance.\" \/>\n<meta property=\"og:url\" content=\"https:\/\/www.purejewels.com\/tr\/urun\/fortis-platinum-link-50723\/\" \/>\n<meta property=\"og:site_name\" content=\"PureJewels UK\" \/>\n<meta property=\"article:modified_time\" content=\"2025-08-12T09:06:20+00:00\" \/>\n<meta property=\"og:image\" content=\"https:\/\/www.purejewels.com\/wp-content\/uploads\/2025\/07\/SKU-50723.jpg\" \/>\n\t<meta property=\"og:image:width\" content=\"1000\" \/>\n\t<meta property=\"og:image:height\" content=\"1000\" \/>\n\t<meta property=\"og:image:type\" content=\"image\/jpeg\" \/>\n<meta name=\"twitter:card\" content=\"summary_large_image\" \/>\n<meta name=\"twitter:label1\" content=\"Tahmini okuma s\u00fcresi\" \/>\n\t<meta name=\"twitter:data1\" content=\"1 dakika\" \/>\n<script type=\"application\/ld+json\" class=\"yoast-schema-graph\">{\"@context\":\"https:\\\/\\\/schema.org\",\"@graph\":[{\"@type\":[\"WebPage\",\"ItemPage\"],\"@id\":\"https:\\\/\\\/www.purejewels.com\\\/product\\\/fortis-platinum-link-50723\\\/\",\"url\":\"https:\\\/\\\/www.purejewels.com\\\/product\\\/fortis-platinum-link-50723\\\/\",\"name\":\"Octagon Link Platinum Bracelet \u2013 Sleek Geometric Men's Jewelry\",\"isPartOf\":{\"@id\":\"https:\\\/\\\/www.purejewels.com\\\/#website\"},\"primaryImageOfPage\":{\"@id\":\"https:\\\/\\\/www.purejewels.com\\\/product\\\/fortis-platinum-link-50723\\\/#primaryimage\"},\"image\":{\"@id\":\"https:\\\/\\\/www.purejewels.com\\\/product\\\/fortis-platinum-link-50723\\\/#primaryimage\"},\"thumbnailUrl\":\"https:\\\/\\\/static.purejewels.com\\\/wp-content\\\/uploads\\\/2025\\\/07\\\/SKU-50723.jpg\",\"datePublished\":\"2025-07-23T11:15:48+00:00\",\"dateModified\":\"2025-08-12T09:06:20+00:00\",\"description\":\"Discover our Octagon Link Platinum Bracelet\u2014stylish men\u2019s jewelry with bold geometry, durable platinum links, and everyday elegance.\",\"breadcrumb\":{\"@id\":\"https:\\\/\\\/www.purejewels.com\\\/product\\\/fortis-platinum-link-50723\\\/#breadcrumb\"},\"inLanguage\":\"tr\",\"potentialAction\":[{\"@type\":\"ReadAction\",\"target\":[\"https:\\\/\\\/www.purejewels.com\\\/product\\\/fortis-platinum-link-50723\\\/\"]}]},{\"@type\":\"ImageObject\",\"inLanguage\":\"tr\",\"@id\":\"https:\\\/\\\/www.purejewels.com\\\/product\\\/fortis-platinum-link-50723\\\/#primaryimage\",\"url\":\"https:\\\/\\\/static.purejewels.com\\\/wp-content\\\/uploads\\\/2025\\\/07\\\/SKU-50723.jpg\",\"contentUrl\":\"https:\\\/\\\/static.purejewels.com\\\/wp-content\\\/uploads\\\/2025\\\/07\\\/SKU-50723.jpg\",\"width\":1000,\"height\":1000,\"caption\":\"50723\"},{\"@type\":\"BreadcrumbList\",\"@id\":\"https:\\\/\\\/www.purejewels.com\\\/product\\\/fortis-platinum-link-50723\\\/#breadcrumb\",\"itemListElement\":[{\"@type\":\"ListItem\",\"position\":1,\"name\":\"Home\",\"item\":\"https:\\\/\\\/www.purejewels.com\\\/\"},{\"@type\":\"ListItem\",\"position\":2,\"name\":\"Shop\",\"item\":\"https:\\\/\\\/www.purejewels.com\\\/shop\\\/\"},{\"@type\":\"ListItem\",\"position\":3,\"name\":\"Fortis Platinum Link\"}]},{\"@type\":\"WebSite\",\"@id\":\"https:\\\/\\\/www.purejewels.com\\\/#website\",\"url\":\"https:\\\/\\\/www.purejewels.com\\\/\",\"name\":\"PureJewels UK\",\"description\":\"Share the Love\",\"publisher\":{\"@id\":\"https:\\\/\\\/www.purejewels.com\\\/#organization\"},\"potentialAction\":[{\"@type\":\"SearchAction\",\"target\":{\"@type\":\"EntryPoint\",\"urlTemplate\":\"https:\\\/\\\/www.purejewels.com\\\/?s={search_term_string}\"},\"query-input\":{\"@type\":\"PropertyValueSpecification\",\"valueRequired\":true,\"valueName\":\"search_term_string\"}}],\"inLanguage\":\"tr\"},{\"@type\":\"Organization\",\"@id\":\"https:\\\/\\\/www.purejewels.com\\\/#organization\",\"name\":\"PureJewels UK\",\"url\":\"https:\\\/\\\/www.purejewels.com\\\/\",\"logo\":{\"@type\":\"ImageObject\",\"inLanguage\":\"tr\",\"@id\":\"https:\\\/\\\/www.purejewels.com\\\/#\\\/schema\\\/logo\\\/image\\\/\",\"url\":\"https:\\\/\\\/static.purejewels.com\\\/wp-content\\\/uploads\\\/2020\\\/11\\\/Logo-PJ-New-1.png\",\"contentUrl\":\"https:\\\/\\\/static.purejewels.com\\\/wp-content\\\/uploads\\\/2020\\\/11\\\/Logo-PJ-New-1.png\",\"width\":150,\"height\":80,\"caption\":\"PureJewels UK\"},\"image\":{\"@id\":\"https:\\\/\\\/www.purejewels.com\\\/#\\\/schema\\\/logo\\\/image\\\/\"}}]}<\/script>\n<!-- \/ Yoast SEO plugin. -->","yoast_head_json":{"title":"Sekizgen Ba\u011flant\u0131l\u0131 Platin Bileklik - \u015e\u0131k Geometrik Erkek Tak\u0131lar\u0131","description":"Cesur geometrisi, dayan\u0131kl\u0131 platin ba\u011flant\u0131lar\u0131 ve g\u00fcnl\u00fck zarafeti ile \u015f\u0131k erkek tak\u0131lar\u0131 olan Sekizgen Ba\u011flant\u0131 Platin Bilekli\u011fimizi ke\u015ffedin.","robots":{"index":"index","follow":"follow","max-snippet":"max-snippet:-1","max-image-preview":"max-image-preview:large","max-video-preview":"max-video-preview:-1"},"canonical":"https:\/\/www.purejewels.com\/tr\/urun\/fortis-platinum-link-50723\/","og_locale":"tr_TR","og_type":"article","og_title":"Octagon Link Platinum Bracelet \u2013 Sleek Geometric Men's Jewelry","og_description":"Discover our Octagon Link Platinum Bracelet\u2014stylish men\u2019s jewelry with bold geometry, durable platinum links, and everyday elegance.","og_url":"https:\/\/www.purejewels.com\/tr\/urun\/fortis-platinum-link-50723\/","og_site_name":"PureJewels UK","article_modified_time":"2025-08-12T09:06:20+00:00","og_image":[{"width":1000,"height":1000,"url":"https:\/\/www.purejewels.com\/wp-content\/uploads\/2025\/07\/SKU-50723.jpg","type":"image\/jpeg"}],"twitter_card":"summary_large_image","twitter_misc":{"Tahmini okuma s\u00fcresi":"1 dakika"},"schema":{"@context":"https:\/\/schema.org","@graph":[{"@type":["WebPage","ItemPage"],"@id":"https:\/\/www.purejewels.com\/product\/fortis-platinum-link-50723\/","url":"https:\/\/www.purejewels.com\/product\/fortis-platinum-link-50723\/","name":"Sekizgen Ba\u011flant\u0131l\u0131 Platin Bileklik - \u015e\u0131k Geometrik Erkek Tak\u0131lar\u0131","isPartOf":{"@id":"https:\/\/www.purejewels.com\/#website"},"primaryImageOfPage":{"@id":"https:\/\/www.purejewels.com\/product\/fortis-platinum-link-50723\/#primaryimage"},"image":{"@id":"https:\/\/www.purejewels.com\/product\/fortis-platinum-link-50723\/#primaryimage"},"thumbnailUrl":"https:\/\/static.purejewels.com\/wp-content\/uploads\/2025\/07\/SKU-50723.jpg","datePublished":"2025-07-23T11:15:48+00:00","dateModified":"2025-08-12T09:06:20+00:00","description":"Cesur geometrisi, dayan\u0131kl\u0131 platin ba\u011flant\u0131lar\u0131 ve g\u00fcnl\u00fck zarafeti ile \u015f\u0131k erkek tak\u0131lar\u0131 olan Sekizgen Ba\u011flant\u0131 Platin Bilekli\u011fimizi ke\u015ffedin.","breadcrumb":{"@id":"https:\/\/www.purejewels.com\/product\/fortis-platinum-link-50723\/#breadcrumb"},"inLanguage":"tr","potentialAction":[{"@type":"ReadAction","target":["https:\/\/www.purejewels.com\/product\/fortis-platinum-link-50723\/"]}]},{"@type":"ImageObject","inLanguage":"tr","@id":"https:\/\/www.purejewels.com\/product\/fortis-platinum-link-50723\/#primaryimage","url":"https:\/\/static.purejewels.com\/wp-content\/uploads\/2025\/07\/SKU-50723.jpg","contentUrl":"https:\/\/static.purejewels.com\/wp-content\/uploads\/2025\/07\/SKU-50723.jpg","width":1000,"height":1000,"caption":"50723"},{"@type":"BreadcrumbList","@id":"https:\/\/www.purejewels.com\/product\/fortis-platinum-link-50723\/#breadcrumb","itemListElement":[{"@type":"ListItem","position":1,"name":"Home","item":"https:\/\/www.purejewels.com\/"},{"@type":"ListItem","position":2,"name":"Shop","item":"https:\/\/www.purejewels.com\/shop\/"},{"@type":"ListItem","position":3,"name":"Fortis Platinum Link"}]},{"@type":"WebSite","@id":"https:\/\/www.purejewels.com\/#website","url":"https:\/\/www.purejewels.com\/","name":"PureJewels \u0130ngiltere","description":"Sevgiyi Payla\u015f\u0131n","publisher":{"@id":"https:\/\/www.purejewels.com\/#organization"},"potentialAction":[{"@type":"SearchAction","target":{"@type":"EntryPoint","urlTemplate":"https:\/\/www.purejewels.com\/?s={search_term_string}"},"query-input":{"@type":"PropertyValueSpecification","valueRequired":true,"valueName":"search_term_string"}}],"inLanguage":"tr"},{"@type":"Organization","@id":"https:\/\/www.purejewels.com\/#organization","name":"PureJewels \u0130ngiltere","url":"https:\/\/www.purejewels.com\/","logo":{"@type":"ImageObject","inLanguage":"tr","@id":"https:\/\/www.purejewels.com\/#\/schema\/logo\/image\/","url":"https:\/\/static.purejewels.com\/wp-content\/uploads\/2020\/11\/Logo-PJ-New-1.png","contentUrl":"https:\/\/static.purejewels.com\/wp-content\/uploads\/2020\/11\/Logo-PJ-New-1.png","width":150,"height":80,"caption":"PureJewels UK"},"image":{"@id":"https:\/\/www.purejewels.com\/#\/schema\/logo\/image\/"}}]}},"_links":{"self":[{"href":"https:\/\/www.purejewels.com\/tr\/wp-json\/wp\/v2\/product\/406707","targetHints":{"allow":["GET"]}}],"collection":[{"href":"https:\/\/www.purejewels.com\/tr\/wp-json\/wp\/v2\/product"}],"about":[{"href":"https:\/\/www.purejewels.com\/tr\/wp-json\/wp\/v2\/types\/product"}],"replies":[{"embeddable":true,"href":"https:\/\/www.purejewels.com\/tr\/wp-json\/wp\/v2\/comments?post=406707"}],"version-history":[{"count":3,"href":"https:\/\/www.purejewels.com\/tr\/wp-json\/wp\/v2\/product\/406707\/revisions"}],"predecessor-version":[{"id":406810,"href":"https:\/\/www.purejewels.com\/tr\/wp-json\/wp\/v2\/product\/406707\/revisions\/406810"}],"wp:featuredmedia":[{"embeddable":true,"href":"https:\/\/www.purejewels.com\/tr\/wp-json\/wp\/v2\/media\/406708"}],"wp:attachment":[{"href":"https:\/\/www.purejewels.com\/tr\/wp-json\/wp\/v2\/media?parent=406707"}],"wp:term":[{"taxonomy":"product_brand","embeddable":true,"href":"https:\/\/www.purejewels.com\/tr\/wp-json\/wp\/v2\/product_brand?post=406707"},{"taxonomy":"product_cat","embeddable":true,"href":"https:\/\/www.purejewels.com\/tr\/wp-json\/wp\/v2\/product_cat?post=406707"},{"taxonomy":"product_tag","embeddable":true,"href":"https:\/\/www.purejewels.com\/tr\/wp-json\/wp\/v2\/product_tag?post=406707"}],"curies":[{"name":"wp","href":"https:\/\/api.w.org\/{rel}","templated":true}]}}