{"id":406717,"date":"2025-06-23T13:35:15","date_gmt":"2025-06-23T12:35:15","guid":{"rendered":"https:\/\/www.purejewels.com\/?post_type=product&#038;p=406717"},"modified":"2025-08-12T11:32:37","modified_gmt":"2025-08-12T10:32:37","slug":"klasik-yuvarlak-baklali-platin-erkek-bileklik-50724","status":"publish","type":"product","link":"https:\/\/www.purejewels.com\/tr\/product\/classic-round-link-platinum-mens-bracelet-50724\/","title":{"rendered":"Klasik Yuvarlak Ba\u011flant\u0131l\u0131 Platin Erkek Bileklik"},"content":{"rendered":"<p data-start=\"573\" data-end=\"610\"><span class=\"relative -mx-px my-[-0.2rem] rounded px-px py-[0.2rem] transition-colors duration-100 ease-in-out\">Introducing the <strong data-start=\"16\" data-end=\"74\">Classic Round Link Pt\u2011950 Platinum Men\u2019s Bracelet \u2013 8\u2033<\/strong>, an elegant and versatile piece crafted with premium platinum to elevate any wardrobe. Each round link is polished to a smooth, reflective finish and securely interlocked to offer lasting strength and flexibility.<\/span><\/p>\n<p data-start=\"612\" data-end=\"639\"><strong data-start=\"612\" data-end=\"637\">Why platinum is ideal<\/strong><\/p>\n<ul data-start=\"640\" data-end=\"841\">\n<li data-start=\"640\" data-end=\"720\">\n<p data-start=\"642\" data-end=\"720\"><span class=\"relative -mx-px my-[-0.2rem] rounded px-px py-[0.2rem] transition-colors duration-100 ease-in-out\"><strong data-start=\"0\" data-end=\"26\" data-is-only-node=\"\">Exceptional durability<\/strong>: Pt\u2011950 platinum is highly scratch-resistant and maintains its shine without plating<\/span>.<\/p>\n<\/li>\n<li data-start=\"721\" data-end=\"801\">\n<p data-start=\"723\" data-end=\"801\"><span class=\"relative -mx-px my-[-0.2rem] rounded px-px py-[0.2rem] transition-colors duration-100 ease-in-out\"><strong data-start=\"0\" data-end=\"18\" data-is-only-node=\"\">Hypoallergenic<\/strong>: Ideal for sensitive skin and allergy-prone wearers<\/span>.<\/p>\n<\/li>\n<li data-start=\"802\" data-end=\"841\">\n<p data-start=\"804\" data-end=\"841\"><span class=\"relative -mx-px my-[-0.2rem] rounded px-px py-[0.2rem] transition-colors duration-100 ease-in-out\"><strong data-start=\"0\" data-end=\"19\" data-is-only-node=\"\">Low maintenance<\/strong>: It resists tarnish and holds its natural white brilliance.<\/span><\/p>\n<\/li>\n<\/ul>\n<p data-start=\"843\" data-end=\"866\"><strong data-start=\"843\" data-end=\"864\">Design highlights<\/strong><\/p>\n<ul data-start=\"867\" data-end=\"1035\">\n<li data-start=\"867\" data-end=\"949\">\n<p data-start=\"869\" data-end=\"949\"><span class=\"relative -mx-px my-[-0.2rem] rounded px-px py-[0.2rem] transition-colors duration-100 ease-in-out\"><strong data-start=\"0\" data-end=\"24\" data-is-only-node=\"\">Timeless round links<\/strong>: Classic style that looks refined on its own and pairs well with other accessories.<\/span><\/p>\n<\/li>\n<li data-start=\"950\" data-end=\"993\">\n<p data-start=\"952\" data-end=\"993\"><span class=\"relative -mx-px my-[-0.2rem] rounded px-px py-[0.2rem] transition-colors duration-100 ease-in-out\"><strong data-start=\"0\" data-end=\"13\" data-is-only-node=\"\">8\u2033 length<\/strong>: Comfortable for most wrists.<\/span><\/p>\n<\/li>\n<li data-start=\"994\" data-end=\"1035\">\n<p data-start=\"996\" data-end=\"1035\"><span class=\"relative -mx-px my-[-0.2rem] rounded px-px py-[0.2rem] transition-colors duration-100 ease-in-out\"><strong data-start=\"0\" data-end=\"16\" data-is-only-node=\"\">Secure clasp<\/strong>: Built for daily use.<\/span><\/p>\n<\/li>\n<\/ul>\n<p data-start=\"1037\" data-end=\"1062\"><strong data-start=\"1037\" data-end=\"1060\">Versatility in wear<\/strong><\/p>\n<ul data-start=\"1063\" data-end=\"1148\">\n<li data-start=\"1063\" data-end=\"1106\">\n<p data-start=\"1065\" data-end=\"1106\"><span class=\"relative -mx-px my-[-0.2rem] rounded px-px py-[0.2rem] transition-colors duration-100 ease-in-out\"><strong data-start=\"0\" data-end=\"16\" data-is-only-node=\"\">Day to night<\/strong>: Elevates casual and formal outfits with understated sophistication.<\/span><\/p>\n<\/li>\n<li data-start=\"1107\" data-end=\"1148\">\n<p data-start=\"1109\" data-end=\"1148\"><span class=\"relative -mx-px my-[-0.2rem] rounded px-px py-[0.2rem] transition-colors duration-100 ease-in-out\"><strong data-start=\"0\" data-end=\"17\" data-is-only-node=\"\">Layered looks<\/strong>: Pairs well with other bracelets or a classic watch for a polished wrist stack.<\/span><\/p>\n<\/li>\n<\/ul>\n<p data-start=\"1150\" data-end=\"1172\"><strong data-start=\"1150\" data-end=\"1170\">Care &amp; longevity<\/strong><\/p>\n<ul data-start=\"1173\" data-end=\"1343\">\n<li data-start=\"1173\" data-end=\"1216\">\n<p data-start=\"1175\" data-end=\"1216\"><span class=\"relative -mx-px my-[-0.2rem] rounded px-px py-[0.2rem] transition-colors duration-100 ease-in-out\"><strong data-start=\"0\" data-end=\"17\" data-is-only-node=\"\">Easy cleaning<\/strong>: Mild soap and water restore shine.<\/span><\/p>\n<\/li>\n<li data-start=\"1217\" data-end=\"1301\">\n<p data-start=\"1219\" data-end=\"1301\"><span class=\"relative -mx-px my-[-0.2rem] rounded px-px py-[0.2rem] transition-colors duration-100 ease-in-out\"><strong data-start=\"0\" data-end=\"21\" data-is-only-node=\"\">Durable by design<\/strong>: Pt\u2011950 retains its beauty without requiring rhodium plating common in other white metals.<\/span><\/p>\n<\/li>\n<li data-start=\"1302\" data-end=\"1343\">\n<p data-start=\"1304\" data-end=\"1343\"><span class=\"relative -mx-px my-[-0.2rem] rounded px-px py-[0.2rem] transition-colors duration-100 ease-in-out\"><strong data-start=\"0\" data-end=\"17\" data-is-only-node=\"\">Built to last<\/strong>: A timeless, functional accessory designed for years of wear.<\/span><\/p>\n<\/li>\n<\/ul>\n<p data-start=\"1345\" data-end=\"1384\"><span class=\"relative -mx-px my-[-0.2rem] rounded px-px py-[0.2rem] transition-colors duration-100 ease-in-out\">The <strong data-start=\"4\" data-end=\"51\">Classic Round Link Pt\u2011950 Platinum Bracelet<\/strong> is more than a men&#8217;s accessory\u2014it\u2019s a daily companion in craftsmanship and style, built for those who value both form and function.<\/span><\/p>\n","protected":false},"excerpt":{"rendered":"<p>Dayan\u0131kl\u0131 Pt-950'den birbirine kenetlenen yuvarlak platin ba\u011flant\u0131lara sahip cilal\u0131 8\" erkek bilezi\u011fi. Hipoalerjenik ve \u015f\u0131k, hem ofis k\u0131yafetleri hem de hafta sonu g\u00f6r\u00fcn\u00fcmleriyle zahmetsizce e\u015fle\u015fir.<\/p>\n<p><strong>Malzeme:<\/strong> Platin<strong><br \/>\nHallmark:\u00a0<\/strong>\u0130ngiliz Damgas\u0131<strong><br \/>\n<\/strong><strong>Br\u00fct A\u011f\u0131rl\u0131k:\u00a0 <\/strong>35.30 Gms<br \/>\n<strong>Uzunluk:<\/strong> 8 in\u00e7<br \/>\n<strong>Geni\u015flik:<\/strong> 5,6 mm<br \/>\n<strong>SKU:<\/strong> 50724<\/p>\n<p><strong>Fiyat ve Teslimat<\/strong>: KDV ve teslimat \u00fccreti dahil<br \/>\n<a href=\"https:\/\/www.purejewels.com\/tr\/i%cc%87ade-poli%cc%87ti%cc%87kasi\/\">\u0130ade Politikas\u0131<\/a><\/p>\n<p>&nbsp;<\/p>","protected":false},"featured_media":406718,"comment_status":"closed","ping_status":"closed","template":"","meta":{"_eb_attr":"","_crsspst_to_jayantr4sg-hostcom":true},"product_brand":[],"product_cat":[1571,1572,6140,6083,5350],"product_tag":[],"class_list":{"0":"post-406717","1":"product","2":"type-product","3":"status-publish","4":"has-post-thumbnail","6":"product_cat-fathers-day-gifts","7":"product_cat-mens-jewellery","8":"product_cat-platinum-bracelet","9":"product_cat-platinum-jewellery-2","10":"product_cat-platinum-jewellery","12":"first","13":"instock","14":"taxable","15":"shipping-taxable","16":"purchasable","17":"product-type-simple","18":"add-to-wishlist-before_image"},"yoast_head":"<!-- This site is optimized with the Yoast SEO plugin v27.3 - https:\/\/yoast.com\/product\/yoast-seo-wordpress\/ -->\n<title>8\u2033 Pt\u2011950 Platinum Round Link Bracelet \u2013 Men&#039;s Chain Jewelry<\/title>\n<meta name=\"description\" content=\"Elevate your style with this 8\u2033 Pt\u2011950 platinum round link bracelet. Durable, hypoallergenic, and effortlessly versatile\u2014perfect for daily wear and formal looks.\" \/>\n<meta name=\"robots\" content=\"index, follow, max-snippet:-1, max-image-preview:large, max-video-preview:-1\" \/>\n<link rel=\"canonical\" href=\"https:\/\/www.purejewels.com\/tr\/urun\/klasik-yuvarlak-baklali-platin-erkek-bileklik-50724\/\" \/>\n<meta property=\"og:locale\" content=\"tr_TR\" \/>\n<meta property=\"og:type\" content=\"article\" \/>\n<meta property=\"og:title\" content=\"8\u2033 Pt\u2011950 Platinum Round Link Bracelet \u2013 Men&#039;s Chain Jewelry\" \/>\n<meta property=\"og:description\" content=\"Elevate your style with this 8\u2033 Pt\u2011950 platinum round link bracelet. Durable, hypoallergenic, and effortlessly versatile\u2014perfect for daily wear and formal looks.\" \/>\n<meta property=\"og:url\" content=\"https:\/\/www.purejewels.com\/tr\/urun\/klasik-yuvarlak-baklali-platin-erkek-bileklik-50724\/\" \/>\n<meta property=\"og:site_name\" content=\"PureJewels UK\" \/>\n<meta property=\"article:modified_time\" content=\"2025-08-12T10:32:37+00:00\" \/>\n<meta property=\"og:image\" content=\"https:\/\/www.purejewels.com\/wp-content\/uploads\/2025\/07\/SKU-50724.jpg\" \/>\n\t<meta property=\"og:image:width\" content=\"1000\" \/>\n\t<meta property=\"og:image:height\" content=\"1000\" \/>\n\t<meta property=\"og:image:type\" content=\"image\/jpeg\" \/>\n<meta name=\"twitter:card\" content=\"summary_large_image\" \/>\n<meta name=\"twitter:label1\" content=\"Tahmini okuma s\u00fcresi\" \/>\n\t<meta name=\"twitter:data1\" content=\"1 dakika\" \/>\n<script type=\"application\/ld+json\" class=\"yoast-schema-graph\">{\"@context\":\"https:\\\/\\\/schema.org\",\"@graph\":[{\"@type\":[\"WebPage\",\"ItemPage\"],\"@id\":\"https:\\\/\\\/www.purejewels.com\\\/product\\\/classic-round-link-platinum-mens-bracelet-50724\\\/\",\"url\":\"https:\\\/\\\/www.purejewels.com\\\/product\\\/classic-round-link-platinum-mens-bracelet-50724\\\/\",\"name\":\"8\u2033 Pt\u2011950 Platinum Round Link Bracelet \u2013 Men's Chain Jewelry\",\"isPartOf\":{\"@id\":\"https:\\\/\\\/www.purejewels.com\\\/#website\"},\"primaryImageOfPage\":{\"@id\":\"https:\\\/\\\/www.purejewels.com\\\/product\\\/classic-round-link-platinum-mens-bracelet-50724\\\/#primaryimage\"},\"image\":{\"@id\":\"https:\\\/\\\/www.purejewels.com\\\/product\\\/classic-round-link-platinum-mens-bracelet-50724\\\/#primaryimage\"},\"thumbnailUrl\":\"https:\\\/\\\/static.purejewels.com\\\/wp-content\\\/uploads\\\/2025\\\/07\\\/SKU-50724.jpg\",\"datePublished\":\"2025-06-23T12:35:15+00:00\",\"dateModified\":\"2025-08-12T10:32:37+00:00\",\"description\":\"Elevate your style with this 8\u2033 Pt\u2011950 platinum round link bracelet. Durable, hypoallergenic, and effortlessly versatile\u2014perfect for daily wear and formal looks.\",\"breadcrumb\":{\"@id\":\"https:\\\/\\\/www.purejewels.com\\\/product\\\/classic-round-link-platinum-mens-bracelet-50724\\\/#breadcrumb\"},\"inLanguage\":\"tr\",\"potentialAction\":[{\"@type\":\"ReadAction\",\"target\":[\"https:\\\/\\\/www.purejewels.com\\\/product\\\/classic-round-link-platinum-mens-bracelet-50724\\\/\"]}]},{\"@type\":\"ImageObject\",\"inLanguage\":\"tr\",\"@id\":\"https:\\\/\\\/www.purejewels.com\\\/product\\\/classic-round-link-platinum-mens-bracelet-50724\\\/#primaryimage\",\"url\":\"https:\\\/\\\/static.purejewels.com\\\/wp-content\\\/uploads\\\/2025\\\/07\\\/SKU-50724.jpg\",\"contentUrl\":\"https:\\\/\\\/static.purejewels.com\\\/wp-content\\\/uploads\\\/2025\\\/07\\\/SKU-50724.jpg\",\"width\":1000,\"height\":1000,\"caption\":\"50724\"},{\"@type\":\"BreadcrumbList\",\"@id\":\"https:\\\/\\\/www.purejewels.com\\\/product\\\/classic-round-link-platinum-mens-bracelet-50724\\\/#breadcrumb\",\"itemListElement\":[{\"@type\":\"ListItem\",\"position\":1,\"name\":\"Home\",\"item\":\"https:\\\/\\\/www.purejewels.com\\\/\"},{\"@type\":\"ListItem\",\"position\":2,\"name\":\"Shop\",\"item\":\"https:\\\/\\\/www.purejewels.com\\\/shop\\\/\"},{\"@type\":\"ListItem\",\"position\":3,\"name\":\"Classic Round Link Platinum Men\u2019s Bracelet\"}]},{\"@type\":\"WebSite\",\"@id\":\"https:\\\/\\\/www.purejewels.com\\\/#website\",\"url\":\"https:\\\/\\\/www.purejewels.com\\\/\",\"name\":\"PureJewels UK\",\"description\":\"Share the Love\",\"publisher\":{\"@id\":\"https:\\\/\\\/www.purejewels.com\\\/#organization\"},\"potentialAction\":[{\"@type\":\"SearchAction\",\"target\":{\"@type\":\"EntryPoint\",\"urlTemplate\":\"https:\\\/\\\/www.purejewels.com\\\/?s={search_term_string}\"},\"query-input\":{\"@type\":\"PropertyValueSpecification\",\"valueRequired\":true,\"valueName\":\"search_term_string\"}}],\"inLanguage\":\"tr\"},{\"@type\":\"Organization\",\"@id\":\"https:\\\/\\\/www.purejewels.com\\\/#organization\",\"name\":\"PureJewels UK\",\"url\":\"https:\\\/\\\/www.purejewels.com\\\/\",\"logo\":{\"@type\":\"ImageObject\",\"inLanguage\":\"tr\",\"@id\":\"https:\\\/\\\/www.purejewels.com\\\/#\\\/schema\\\/logo\\\/image\\\/\",\"url\":\"https:\\\/\\\/static.purejewels.com\\\/wp-content\\\/uploads\\\/2020\\\/11\\\/Logo-PJ-New-1.png\",\"contentUrl\":\"https:\\\/\\\/static.purejewels.com\\\/wp-content\\\/uploads\\\/2020\\\/11\\\/Logo-PJ-New-1.png\",\"width\":150,\"height\":80,\"caption\":\"PureJewels UK\"},\"image\":{\"@id\":\"https:\\\/\\\/www.purejewels.com\\\/#\\\/schema\\\/logo\\\/image\\\/\"}}]}<\/script>\n<!-- \/ Yoast SEO plugin. -->","yoast_head_json":{"title":"8\u2033 Pt-950 Platin Yuvarlak Baklal\u0131 Bileklik - Erkek Zincir Tak\u0131","description":"Bu 8\u2033 Pt-950 platin yuvarlak baklal\u0131 bileklikle tarz\u0131n\u0131z\u0131 y\u00fckseltin. Dayan\u0131kl\u0131, hipoalerjenik ve zahmetsizce \u00e7ok y\u00f6nl\u00fcd\u00fcr; g\u00fcnl\u00fck kullan\u0131m ve resmi g\u00f6r\u00fcn\u00fcm i\u00e7in m\u00fckemmeldir.","robots":{"index":"index","follow":"follow","max-snippet":"max-snippet:-1","max-image-preview":"max-image-preview:large","max-video-preview":"max-video-preview:-1"},"canonical":"https:\/\/www.purejewels.com\/tr\/urun\/klasik-yuvarlak-baklali-platin-erkek-bileklik-50724\/","og_locale":"tr_TR","og_type":"article","og_title":"8\u2033 Pt\u2011950 Platinum Round Link Bracelet \u2013 Men's Chain Jewelry","og_description":"Elevate your style with this 8\u2033 Pt\u2011950 platinum round link bracelet. Durable, hypoallergenic, and effortlessly versatile\u2014perfect for daily wear and formal looks.","og_url":"https:\/\/www.purejewels.com\/tr\/urun\/klasik-yuvarlak-baklali-platin-erkek-bileklik-50724\/","og_site_name":"PureJewels UK","article_modified_time":"2025-08-12T10:32:37+00:00","og_image":[{"width":1000,"height":1000,"url":"https:\/\/www.purejewels.com\/wp-content\/uploads\/2025\/07\/SKU-50724.jpg","type":"image\/jpeg"}],"twitter_card":"summary_large_image","twitter_misc":{"Tahmini okuma s\u00fcresi":"1 dakika"},"schema":{"@context":"https:\/\/schema.org","@graph":[{"@type":["WebPage","ItemPage"],"@id":"https:\/\/www.purejewels.com\/product\/classic-round-link-platinum-mens-bracelet-50724\/","url":"https:\/\/www.purejewels.com\/product\/classic-round-link-platinum-mens-bracelet-50724\/","name":"8\u2033 Pt-950 Platin Yuvarlak Baklal\u0131 Bileklik - Erkek Zincir Tak\u0131","isPartOf":{"@id":"https:\/\/www.purejewels.com\/#website"},"primaryImageOfPage":{"@id":"https:\/\/www.purejewels.com\/product\/classic-round-link-platinum-mens-bracelet-50724\/#primaryimage"},"image":{"@id":"https:\/\/www.purejewels.com\/product\/classic-round-link-platinum-mens-bracelet-50724\/#primaryimage"},"thumbnailUrl":"https:\/\/static.purejewels.com\/wp-content\/uploads\/2025\/07\/SKU-50724.jpg","datePublished":"2025-06-23T12:35:15+00:00","dateModified":"2025-08-12T10:32:37+00:00","description":"Bu 8\u2033 Pt-950 platin yuvarlak baklal\u0131 bileklikle tarz\u0131n\u0131z\u0131 y\u00fckseltin. Dayan\u0131kl\u0131, hipoalerjenik ve zahmetsizce \u00e7ok y\u00f6nl\u00fcd\u00fcr; g\u00fcnl\u00fck kullan\u0131m ve resmi g\u00f6r\u00fcn\u00fcm i\u00e7in m\u00fckemmeldir.","breadcrumb":{"@id":"https:\/\/www.purejewels.com\/product\/classic-round-link-platinum-mens-bracelet-50724\/#breadcrumb"},"inLanguage":"tr","potentialAction":[{"@type":"ReadAction","target":["https:\/\/www.purejewels.com\/product\/classic-round-link-platinum-mens-bracelet-50724\/"]}]},{"@type":"ImageObject","inLanguage":"tr","@id":"https:\/\/www.purejewels.com\/product\/classic-round-link-platinum-mens-bracelet-50724\/#primaryimage","url":"https:\/\/static.purejewels.com\/wp-content\/uploads\/2025\/07\/SKU-50724.jpg","contentUrl":"https:\/\/static.purejewels.com\/wp-content\/uploads\/2025\/07\/SKU-50724.jpg","width":1000,"height":1000,"caption":"50724"},{"@type":"BreadcrumbList","@id":"https:\/\/www.purejewels.com\/product\/classic-round-link-platinum-mens-bracelet-50724\/#breadcrumb","itemListElement":[{"@type":"ListItem","position":1,"name":"Home","item":"https:\/\/www.purejewels.com\/"},{"@type":"ListItem","position":2,"name":"Shop","item":"https:\/\/www.purejewels.com\/shop\/"},{"@type":"ListItem","position":3,"name":"Classic Round Link Platinum Men\u2019s Bracelet"}]},{"@type":"WebSite","@id":"https:\/\/www.purejewels.com\/#website","url":"https:\/\/www.purejewels.com\/","name":"PureJewels \u0130ngiltere","description":"Sevgiyi Payla\u015f\u0131n","publisher":{"@id":"https:\/\/www.purejewels.com\/#organization"},"potentialAction":[{"@type":"SearchAction","target":{"@type":"EntryPoint","urlTemplate":"https:\/\/www.purejewels.com\/?s={search_term_string}"},"query-input":{"@type":"PropertyValueSpecification","valueRequired":true,"valueName":"search_term_string"}}],"inLanguage":"tr"},{"@type":"Organization","@id":"https:\/\/www.purejewels.com\/#organization","name":"PureJewels \u0130ngiltere","url":"https:\/\/www.purejewels.com\/","logo":{"@type":"ImageObject","inLanguage":"tr","@id":"https:\/\/www.purejewels.com\/#\/schema\/logo\/image\/","url":"https:\/\/static.purejewels.com\/wp-content\/uploads\/2020\/11\/Logo-PJ-New-1.png","contentUrl":"https:\/\/static.purejewels.com\/wp-content\/uploads\/2020\/11\/Logo-PJ-New-1.png","width":150,"height":80,"caption":"PureJewels UK"},"image":{"@id":"https:\/\/www.purejewels.com\/#\/schema\/logo\/image\/"}}]}},"_links":{"self":[{"href":"https:\/\/www.purejewels.com\/tr\/wp-json\/wp\/v2\/product\/406717","targetHints":{"allow":["GET"]}}],"collection":[{"href":"https:\/\/www.purejewels.com\/tr\/wp-json\/wp\/v2\/product"}],"about":[{"href":"https:\/\/www.purejewels.com\/tr\/wp-json\/wp\/v2\/types\/product"}],"replies":[{"embeddable":true,"href":"https:\/\/www.purejewels.com\/tr\/wp-json\/wp\/v2\/comments?post=406717"}],"version-history":[{"count":1,"href":"https:\/\/www.purejewels.com\/tr\/wp-json\/wp\/v2\/product\/406717\/revisions"}],"predecessor-version":[{"id":406721,"href":"https:\/\/www.purejewels.com\/tr\/wp-json\/wp\/v2\/product\/406717\/revisions\/406721"}],"wp:featuredmedia":[{"embeddable":true,"href":"https:\/\/www.purejewels.com\/tr\/wp-json\/wp\/v2\/media\/406718"}],"wp:attachment":[{"href":"https:\/\/www.purejewels.com\/tr\/wp-json\/wp\/v2\/media?parent=406717"}],"wp:term":[{"taxonomy":"product_brand","embeddable":true,"href":"https:\/\/www.purejewels.com\/tr\/wp-json\/wp\/v2\/product_brand?post=406717"},{"taxonomy":"product_cat","embeddable":true,"href":"https:\/\/www.purejewels.com\/tr\/wp-json\/wp\/v2\/product_cat?post=406717"},{"taxonomy":"product_tag","embeddable":true,"href":"https:\/\/www.purejewels.com\/tr\/wp-json\/wp\/v2\/product_tag?post=406717"}],"curies":[{"name":"wp","href":"https:\/\/api.w.org\/{rel}","templated":true}]}}