{"id":407632,"date":"2025-07-01T08:56:00","date_gmt":"2025-07-01T07:56:00","guid":{"rendered":"https:\/\/www.purejewels.com\/?post_type=product&#038;p=407632"},"modified":"2026-04-24T05:21:19","modified_gmt":"2026-04-24T04:21:19","slug":"heritage-22-ayar-altin-yuzuk-p-beden-46763","status":"publish","type":"product","link":"https:\/\/www.purejewels.com\/tr\/product\/heritage-22ct-gold-ring-size-p-46763\/","title":{"rendered":"Heritage 22 Ayar Alt\u0131n Y\u00fcz\u00fck | P Beden"},"content":{"rendered":"<p>Bu P Beden Heritage 22 Ayar Alt\u0131n Y\u00fcz\u00fck, zamans\u0131z i\u015f\u00e7ili\u011fe ve abart\u0131s\u0131z l\u00fckse bir \u00f6vg\u00fc niteli\u011findedir. Y\u00fcksek safl\u0131kta 22 ayar alt\u0131ndan \u00fcretilen ve Londra Assay Ofisi taraf\u0131ndan damgalanan bu y\u00fcz\u00fck, Do\u011fu zarafetini \u00e7a\u011fda\u015f bir \u0130ngiliz g\u00f6r\u00fcn\u00fcm\u00fcyle harmanl\u0131yor.<\/p>\n<p>PureJewels'in her bir eseri d\u00f6rt nesillik kuyumculuk miras\u0131n\u0131 yans\u0131t\u0131r. Bu y\u00fcz\u00fck de bir istisna de\u011fildir; el \u00fcst\u00fcnde tutulacak anlaml\u0131 bir par\u00e7ad\u0131r.<\/p>","protected":false},"excerpt":{"rendered":"<p>Zarafetle el yap\u0131m\u0131 ve Londra'da damgalanm\u0131\u015f, zamans\u0131z bir 22 ayar alt\u0131n y\u00fcz\u00fck. G\u00fcnl\u00fck kullan\u0131m, d\u00fc\u011f\u00fcnler veya anlaml\u0131 bir hediye i\u00e7in idealdir.<\/p>\n<p><strong>Malzeme:<\/strong>\u00a022 Ayar Alt\u0131n<br \/>\n<strong>Hallmark:<\/strong>\u00a0\u0130ngiliz Damgas\u0131<strong><br \/>\n<\/strong><strong>Br\u00fct A\u011f\u0131rl\u0131k: <\/strong>3.3 Gms<br \/>\n<strong>Boyut:<\/strong> P 1\/2<br \/>\n<strong>SKU<\/strong>: 46763<\/p>\n<p><strong>Fiyat ve Teslimat<\/strong>: KDV ve teslimat \u00fccretleri dahil<br \/>\n<a href=\"https:\/\/www.purejewels.com\/tr\/i%cc%87ade-poli%cc%87ti%cc%87kasi\/\">\u0130ade Politikas\u0131<\/a><\/p>","protected":false},"featured_media":407633,"comment_status":"closed","ping_status":"closed","template":"","meta":{"_eb_attr":"","_crsspst_to_jayantr4sg-hostcom":false},"product_brand":[],"product_cat":[1791,1559,1785,1235,5344,1783,5347,1786,5338,1569,1573,1574,5349],"product_tag":[64],"class_list":{"0":"post-407632","1":"product","2":"type-product","3":"status-publish","4":"has-post-thumbnail","6":"product_cat-anniversary-gifts","7":"product_cat-birthday-gifts","8":"product_cat-daily-wear-rings","9":"product_cat-gold-rings","10":"product_cat-jewellery-under-750","11":"product_cat-ladies-rings","12":"product_cat-shop-by-metal","13":"product_cat-occasional-wear-rings","14":"product_cat-shop-by-price","15":"product_cat-valentine-day-gifts","16":"product_cat-wedding-gifts","17":"product_cat-womens-jewellery","18":"product_cat-yellow-gold-jewellery","19":"product_tag-rings","21":"first","22":"outofstock","23":"taxable","24":"shipping-taxable","25":"product-type-simple","26":"add-to-wishlist-before_image"},"yoast_head":"<!-- This site is optimized with the Yoast SEO plugin v27.5 - https:\/\/yoast.com\/product\/yoast-seo-wordpress\/ -->\n<title>22ct Gold Ring \u2013 Heritage Band Size P | PureJewels UK<\/title>\n<meta name=\"description\" content=\"Shop 22ct gold ring, Size P. Hallmarked &amp; handcrafted for timeless elegance. Explore PureJewels fine gold rings. Free delivery across the UK.\" \/>\n<meta name=\"robots\" content=\"index, follow, max-snippet:-1, max-image-preview:large, max-video-preview:-1\" \/>\n<link rel=\"canonical\" href=\"https:\/\/www.purejewels.com\/tr\/urun\/heritage-22-ayar-altin-yuzuk-p-beden-46763\/\" \/>\n<meta property=\"og:locale\" content=\"tr_TR\" \/>\n<meta property=\"og:type\" content=\"article\" \/>\n<meta property=\"og:title\" content=\"22ct Gold Ring \u2013 Heritage Band Size P | PureJewels UK\" \/>\n<meta property=\"og:description\" content=\"Shop 22ct gold ring, Size P. Hallmarked &amp; handcrafted for timeless elegance. Explore PureJewels fine gold rings. Free delivery across the UK.\" \/>\n<meta property=\"og:url\" content=\"https:\/\/www.purejewels.com\/tr\/urun\/heritage-22-ayar-altin-yuzuk-p-beden-46763\/\" \/>\n<meta property=\"og:site_name\" content=\"PureJewels UK\" \/>\n<meta property=\"article:modified_time\" content=\"2026-04-24T04:21:19+00:00\" \/>\n<meta property=\"og:image\" content=\"https:\/\/static.purejewels.com\/wp-content\/uploads\/2025\/07\/SKU-46763.1.jpg\" \/>\n\t<meta property=\"og:image:width\" content=\"1000\" \/>\n\t<meta property=\"og:image:height\" content=\"1000\" \/>\n\t<meta property=\"og:image:type\" content=\"image\/jpeg\" \/>\n<meta name=\"twitter:card\" content=\"summary_large_image\" \/>\n<meta name=\"twitter:label1\" content=\"Tahmini okuma s\u00fcresi\" \/>\n\t<meta name=\"twitter:data1\" content=\"1 dakika\" \/>\n<script type=\"application\/ld+json\" class=\"yoast-schema-graph\">{\"@context\":\"https:\\\/\\\/schema.org\",\"@graph\":[{\"@type\":[\"WebPage\",\"ItemPage\"],\"@id\":\"https:\\\/\\\/www.purejewels.com\\\/product\\\/heritage-22ct-gold-ring-size-p-46763\\\/\",\"url\":\"https:\\\/\\\/www.purejewels.com\\\/product\\\/heritage-22ct-gold-ring-size-p-46763\\\/\",\"name\":\"22ct Gold Ring \u2013 Heritage Band Size P | PureJewels UK\",\"isPartOf\":{\"@id\":\"https:\\\/\\\/www.purejewels.com\\\/#website\"},\"primaryImageOfPage\":{\"@id\":\"https:\\\/\\\/www.purejewels.com\\\/product\\\/heritage-22ct-gold-ring-size-p-46763\\\/#primaryimage\"},\"image\":{\"@id\":\"https:\\\/\\\/www.purejewels.com\\\/product\\\/heritage-22ct-gold-ring-size-p-46763\\\/#primaryimage\"},\"thumbnailUrl\":\"https:\\\/\\\/static.purejewels.com\\\/wp-content\\\/uploads\\\/2025\\\/07\\\/SKU-46763.1.jpg\",\"datePublished\":\"2025-07-01T07:56:00+00:00\",\"dateModified\":\"2026-04-24T04:21:19+00:00\",\"description\":\"Shop 22ct gold ring, Size P. Hallmarked & handcrafted for timeless elegance. Explore PureJewels fine gold rings. Free delivery across the UK.\",\"breadcrumb\":{\"@id\":\"https:\\\/\\\/www.purejewels.com\\\/product\\\/heritage-22ct-gold-ring-size-p-46763\\\/#breadcrumb\"},\"inLanguage\":\"tr\",\"potentialAction\":[{\"@type\":\"ReadAction\",\"target\":[\"https:\\\/\\\/www.purejewels.com\\\/product\\\/heritage-22ct-gold-ring-size-p-46763\\\/\"]}]},{\"@type\":\"ImageObject\",\"inLanguage\":\"tr\",\"@id\":\"https:\\\/\\\/www.purejewels.com\\\/product\\\/heritage-22ct-gold-ring-size-p-46763\\\/#primaryimage\",\"url\":\"https:\\\/\\\/static.purejewels.com\\\/wp-content\\\/uploads\\\/2025\\\/07\\\/SKU-46763.1.jpg\",\"contentUrl\":\"https:\\\/\\\/static.purejewels.com\\\/wp-content\\\/uploads\\\/2025\\\/07\\\/SKU-46763.1.jpg\",\"width\":1000,\"height\":1000,\"caption\":\"Stacked from 4 images. Method=B (R=8,S=4)\"},{\"@type\":\"BreadcrumbList\",\"@id\":\"https:\\\/\\\/www.purejewels.com\\\/product\\\/heritage-22ct-gold-ring-size-p-46763\\\/#breadcrumb\",\"itemListElement\":[{\"@type\":\"ListItem\",\"position\":1,\"name\":\"Home\",\"item\":\"https:\\\/\\\/www.purejewels.com\\\/\"},{\"@type\":\"ListItem\",\"position\":2,\"name\":\"Shop\",\"item\":\"https:\\\/\\\/www.purejewels.com\\\/shop\\\/\"},{\"@type\":\"ListItem\",\"position\":3,\"name\":\"Heritage 22ct Gold Ring | Size P\"}]},{\"@type\":\"WebSite\",\"@id\":\"https:\\\/\\\/www.purejewels.com\\\/#website\",\"url\":\"https:\\\/\\\/www.purejewels.com\\\/\",\"name\":\"PureJewels UK\",\"description\":\"Share the Love\",\"publisher\":{\"@id\":\"https:\\\/\\\/www.purejewels.com\\\/#organization\"},\"potentialAction\":[{\"@type\":\"SearchAction\",\"target\":{\"@type\":\"EntryPoint\",\"urlTemplate\":\"https:\\\/\\\/www.purejewels.com\\\/?s={search_term_string}\"},\"query-input\":{\"@type\":\"PropertyValueSpecification\",\"valueRequired\":true,\"valueName\":\"search_term_string\"}}],\"inLanguage\":\"tr\"},{\"@type\":\"Organization\",\"@id\":\"https:\\\/\\\/www.purejewels.com\\\/#organization\",\"name\":\"PureJewels UK\",\"url\":\"https:\\\/\\\/www.purejewels.com\\\/\",\"logo\":{\"@type\":\"ImageObject\",\"inLanguage\":\"tr\",\"@id\":\"https:\\\/\\\/www.purejewels.com\\\/#\\\/schema\\\/logo\\\/image\\\/\",\"url\":\"https:\\\/\\\/static.purejewels.com\\\/wp-content\\\/uploads\\\/2020\\\/11\\\/Logo-PJ-New-1.png\",\"contentUrl\":\"https:\\\/\\\/static.purejewels.com\\\/wp-content\\\/uploads\\\/2020\\\/11\\\/Logo-PJ-New-1.png\",\"width\":150,\"height\":80,\"caption\":\"PureJewels UK\"},\"image\":{\"@id\":\"https:\\\/\\\/www.purejewels.com\\\/#\\\/schema\\\/logo\\\/image\\\/\"}}]}<\/script>\n<!-- \/ Yoast SEO plugin. -->","yoast_head_json":{"title":"22 Ayar Alt\u0131n Y\u00fcz\u00fck - Heritage Band P Beden | PureJewels UK","description":"22 ayar alt\u0131n y\u00fcz\u00fck, P beden. Zamans\u0131z \u015f\u0131kl\u0131k i\u00e7in damgal\u0131 ve el yap\u0131m\u0131. PureJewels alt\u0131n y\u00fcz\u00fcklerini ke\u015ffedin. Birle\u015fik Krall\u0131k genelinde \u00fccretsiz teslimat.","robots":{"index":"index","follow":"follow","max-snippet":"max-snippet:-1","max-image-preview":"max-image-preview:large","max-video-preview":"max-video-preview:-1"},"canonical":"https:\/\/www.purejewels.com\/tr\/urun\/heritage-22-ayar-altin-yuzuk-p-beden-46763\/","og_locale":"tr_TR","og_type":"article","og_title":"22ct Gold Ring \u2013 Heritage Band Size P | PureJewels UK","og_description":"Shop 22ct gold ring, Size P. Hallmarked & handcrafted for timeless elegance. Explore PureJewels fine gold rings. Free delivery across the UK.","og_url":"https:\/\/www.purejewels.com\/tr\/urun\/heritage-22-ayar-altin-yuzuk-p-beden-46763\/","og_site_name":"PureJewels UK","article_modified_time":"2026-04-24T04:21:19+00:00","og_image":[{"width":1000,"height":1000,"url":"https:\/\/static.purejewels.com\/wp-content\/uploads\/2025\/07\/SKU-46763.1.jpg","type":"image\/jpeg"}],"twitter_card":"summary_large_image","twitter_misc":{"Tahmini okuma s\u00fcresi":"1 dakika"},"schema":{"@context":"https:\/\/schema.org","@graph":[{"@type":["WebPage","ItemPage"],"@id":"https:\/\/www.purejewels.com\/product\/heritage-22ct-gold-ring-size-p-46763\/","url":"https:\/\/www.purejewels.com\/product\/heritage-22ct-gold-ring-size-p-46763\/","name":"22 Ayar Alt\u0131n Y\u00fcz\u00fck - Heritage Band P Beden | PureJewels UK","isPartOf":{"@id":"https:\/\/www.purejewels.com\/#website"},"primaryImageOfPage":{"@id":"https:\/\/www.purejewels.com\/product\/heritage-22ct-gold-ring-size-p-46763\/#primaryimage"},"image":{"@id":"https:\/\/www.purejewels.com\/product\/heritage-22ct-gold-ring-size-p-46763\/#primaryimage"},"thumbnailUrl":"https:\/\/static.purejewels.com\/wp-content\/uploads\/2025\/07\/SKU-46763.1.jpg","datePublished":"2025-07-01T07:56:00+00:00","dateModified":"2026-04-24T04:21:19+00:00","description":"22 ayar alt\u0131n y\u00fcz\u00fck, P beden. Zamans\u0131z \u015f\u0131kl\u0131k i\u00e7in damgal\u0131 ve el yap\u0131m\u0131. PureJewels alt\u0131n y\u00fcz\u00fcklerini ke\u015ffedin. Birle\u015fik Krall\u0131k genelinde \u00fccretsiz teslimat.","breadcrumb":{"@id":"https:\/\/www.purejewels.com\/product\/heritage-22ct-gold-ring-size-p-46763\/#breadcrumb"},"inLanguage":"tr","potentialAction":[{"@type":"ReadAction","target":["https:\/\/www.purejewels.com\/product\/heritage-22ct-gold-ring-size-p-46763\/"]}]},{"@type":"ImageObject","inLanguage":"tr","@id":"https:\/\/www.purejewels.com\/product\/heritage-22ct-gold-ring-size-p-46763\/#primaryimage","url":"https:\/\/static.purejewels.com\/wp-content\/uploads\/2025\/07\/SKU-46763.1.jpg","contentUrl":"https:\/\/static.purejewels.com\/wp-content\/uploads\/2025\/07\/SKU-46763.1.jpg","width":1000,"height":1000,"caption":"Stacked from 4 images. Method=B (R=8,S=4)"},{"@type":"BreadcrumbList","@id":"https:\/\/www.purejewels.com\/product\/heritage-22ct-gold-ring-size-p-46763\/#breadcrumb","itemListElement":[{"@type":"ListItem","position":1,"name":"Home","item":"https:\/\/www.purejewels.com\/"},{"@type":"ListItem","position":2,"name":"Shop","item":"https:\/\/www.purejewels.com\/shop\/"},{"@type":"ListItem","position":3,"name":"Heritage 22ct Gold Ring | Size P"}]},{"@type":"WebSite","@id":"https:\/\/www.purejewels.com\/#website","url":"https:\/\/www.purejewels.com\/","name":"PureJewels \u0130ngiltere","description":"Sevgiyi Payla\u015f\u0131n","publisher":{"@id":"https:\/\/www.purejewels.com\/#organization"},"potentialAction":[{"@type":"SearchAction","target":{"@type":"EntryPoint","urlTemplate":"https:\/\/www.purejewels.com\/?s={search_term_string}"},"query-input":{"@type":"PropertyValueSpecification","valueRequired":true,"valueName":"search_term_string"}}],"inLanguage":"tr"},{"@type":"Organization","@id":"https:\/\/www.purejewels.com\/#organization","name":"PureJewels \u0130ngiltere","url":"https:\/\/www.purejewels.com\/","logo":{"@type":"ImageObject","inLanguage":"tr","@id":"https:\/\/www.purejewels.com\/#\/schema\/logo\/image\/","url":"https:\/\/static.purejewels.com\/wp-content\/uploads\/2020\/11\/Logo-PJ-New-1.png","contentUrl":"https:\/\/static.purejewels.com\/wp-content\/uploads\/2020\/11\/Logo-PJ-New-1.png","width":150,"height":80,"caption":"PureJewels UK"},"image":{"@id":"https:\/\/www.purejewels.com\/#\/schema\/logo\/image\/"}}]}},"_links":{"self":[{"href":"https:\/\/www.purejewels.com\/tr\/wp-json\/wp\/v2\/product\/407632","targetHints":{"allow":["GET"]}}],"collection":[{"href":"https:\/\/www.purejewels.com\/tr\/wp-json\/wp\/v2\/product"}],"about":[{"href":"https:\/\/www.purejewels.com\/tr\/wp-json\/wp\/v2\/types\/product"}],"replies":[{"embeddable":true,"href":"https:\/\/www.purejewels.com\/tr\/wp-json\/wp\/v2\/comments?post=407632"}],"version-history":[{"count":1,"href":"https:\/\/www.purejewels.com\/tr\/wp-json\/wp\/v2\/product\/407632\/revisions"}],"predecessor-version":[{"id":407638,"href":"https:\/\/www.purejewels.com\/tr\/wp-json\/wp\/v2\/product\/407632\/revisions\/407638"}],"wp:featuredmedia":[{"embeddable":true,"href":"https:\/\/www.purejewels.com\/tr\/wp-json\/wp\/v2\/media\/407633"}],"wp:attachment":[{"href":"https:\/\/www.purejewels.com\/tr\/wp-json\/wp\/v2\/media?parent=407632"}],"wp:term":[{"taxonomy":"product_brand","embeddable":true,"href":"https:\/\/www.purejewels.com\/tr\/wp-json\/wp\/v2\/product_brand?post=407632"},{"taxonomy":"product_cat","embeddable":true,"href":"https:\/\/www.purejewels.com\/tr\/wp-json\/wp\/v2\/product_cat?post=407632"},{"taxonomy":"product_tag","embeddable":true,"href":"https:\/\/www.purejewels.com\/tr\/wp-json\/wp\/v2\/product_tag?post=407632"}],"curies":[{"name":"wp","href":"https:\/\/api.w.org\/{rel}","templated":true}]}}