{"id":407686,"date":"2025-10-01T11:23:24","date_gmt":"2025-10-01T10:23:24","guid":{"rendered":"https:\/\/www.purejewels.com\/?post_type=product&#038;p=407686"},"modified":"2026-03-11T11:31:07","modified_gmt":"2026-03-11T11:31:07","slug":"cicek-merkezli-22-ayar-altin-yuzuk-m-1-2-46910","status":"publish","type":"product","link":"https:\/\/www.purejewels.com\/tr\/product\/22ct-gold-ring-with-floral-centre-size-m-1-2-46910\/","title":{"rendered":"\u00c7i\u00e7ek Merkezli 22 Ayar Alt\u0131n Y\u00fcz\u00fck"},"content":{"rendered":"<p>Bu 22 ayar alt\u0131n y\u00fcz\u00fck, kalbinde a\u00e7an bir \u00e7i\u00e7ekle do\u011fan\u0131n ne\u015fesini kutluyor. P\u00fcr\u00fczs\u00fcz yuvarlak bir \u00e7er\u00e7eveyle \u00e7evrelenen ve hafif\u00e7e ayr\u0131lm\u0131\u015f bir bant \u00fczerine yerle\u015ftirilen bu y\u00fcz\u00fck, tasar\u0131ma denge ve zarafet getiriyor.<\/p>\n<p>Y\u00fcksek safl\u0131kta alt\u0131ndan \u00fcretilen ve Londra Tahlil Ofisi taraf\u0131ndan damgalanan bu y\u00fcz\u00fck parma\u011f\u0131n\u0131zda hafif ve karakter doludur. \u0130ster bir yenilenme sembol\u00fc olarak ister ki\u015fisel bir cazibe dokunu\u015fu olarak tak\u0131ls\u0131n, g\u00fcnl\u00fck stil veya hediye i\u00e7in ho\u015f bir se\u00e7imdir.<\/p>\n<p>Basit ama etkileyici bu par\u00e7a, \u00e7i\u00e7ek a\u00e7m\u0131\u015f hayat\u0131n sessiz bir kutlamas\u0131d\u0131r.<\/p>","protected":false},"excerpt":{"rendered":"<p>Yumu\u015fak dairesel bir \u00e7er\u00e7eve i\u00e7ine al\u0131nm\u0131\u015f \u00e7i\u00e7ek desenli 22 ayar alt\u0131ndan narin bir y\u00fcz\u00fck. Damgal\u0131d\u0131r ve g\u00fcnl\u00fck kullan\u0131m i\u00e7in m\u00fckemmeldir.<\/p>\n<p><strong>Malzeme:<\/strong>\u00a022 Ayar Alt\u0131n<br \/>\n<strong>Hallmark:<\/strong>\u00a0\u0130ngiliz Damgas\u0131<strong><br \/>\n<\/strong><strong>Br\u00fct A\u011f\u0131rl\u0131k: <\/strong>2.40 Gms<br \/>\n<strong>Boyut:<\/strong> M 1\/2<br \/>\n<strong>SKU<\/strong>: 46910<\/p>\n<p><strong>Fiyat ve Teslimat<\/strong>: KDV ve teslimat \u00fccretleri dahil<br \/>\n<a href=\"https:\/\/www.purejewels.com\/tr\/i%cc%87ade-poli%cc%87ti%cc%87kasi\/\">\u0130ade Politikas\u0131<\/a><\/p>","protected":false},"featured_media":407687,"comment_status":"closed","ping_status":"closed","template":"","meta":{"_eb_attr":"","_crsspst_to_jayantr4sg-hostcom":true},"product_brand":[],"product_cat":[1791,1559,1785,6190,1235,5343,1783,5347,1570,1786,5338,1569,1573,1574,5349],"product_tag":[64],"class_list":{"0":"post-407686","1":"product","2":"type-product","3":"status-publish","4":"has-post-thumbnail","6":"product_cat-anniversary-gifts","7":"product_cat-birthday-gifts","8":"product_cat-daily-wear-rings","9":"product_cat-easter-jewellery","10":"product_cat-gold-rings","11":"product_cat-jewellery-under-550","12":"product_cat-ladies-rings","13":"product_cat-shop-by-metal","14":"product_cat-mothers-day-gifts","15":"product_cat-occasional-wear-rings","16":"product_cat-shop-by-price","17":"product_cat-valentine-day-gifts","18":"product_cat-wedding-gifts","19":"product_cat-womens-jewellery","20":"product_cat-yellow-gold-jewellery","21":"product_tag-rings","23":"first","24":"instock","25":"taxable","26":"shipping-taxable","27":"purchasable","28":"product-type-simple","29":"add-to-wishlist-before_image"},"yoast_head":"<!-- This site is optimized with the Yoast SEO plugin v27.6 - https:\/\/yoast.com\/product\/yoast-seo-wordpress\/ -->\n<title>22ct Gold Floral Bloom Ring | PureJewels UK<\/title>\n<meta name=\"description\" content=\"Discover this 22ct gold ring featuring a blooming flower inside a soft round frame. Lightweight hallmarked and perfect for daily wear or gifting.\" \/>\n<meta name=\"robots\" content=\"index, follow, max-snippet:-1, max-image-preview:large, max-video-preview:-1\" \/>\n<link rel=\"canonical\" href=\"https:\/\/www.purejewels.com\/tr\/urun\/cicek-merkezli-22-ayar-altin-yuzuk-m-1-2-46910\/\" \/>\n<meta property=\"og:locale\" content=\"tr_TR\" \/>\n<meta property=\"og:type\" content=\"article\" \/>\n<meta property=\"og:title\" content=\"22ct Gold Floral Bloom Ring | PureJewels UK\" \/>\n<meta property=\"og:description\" content=\"Discover this 22ct gold ring featuring a blooming flower inside a soft round frame. Lightweight hallmarked and perfect for daily wear or gifting.\" \/>\n<meta property=\"og:url\" content=\"https:\/\/www.purejewels.com\/tr\/urun\/cicek-merkezli-22-ayar-altin-yuzuk-m-1-2-46910\/\" \/>\n<meta property=\"og:site_name\" content=\"PureJewels UK\" \/>\n<meta property=\"article:modified_time\" content=\"2026-03-11T11:31:07+00:00\" \/>\n<meta property=\"og:image\" content=\"https:\/\/static.purejewels.com\/wp-content\/uploads\/2025\/07\/SKU-46910.1.jpg\" \/>\n\t<meta property=\"og:image:width\" content=\"1000\" \/>\n\t<meta property=\"og:image:height\" content=\"1000\" \/>\n\t<meta property=\"og:image:type\" content=\"image\/jpeg\" \/>\n<meta name=\"twitter:card\" content=\"summary_large_image\" \/>\n<meta name=\"twitter:label1\" content=\"Tahmini okuma s\u00fcresi\" \/>\n\t<meta name=\"twitter:data1\" content=\"1 dakika\" \/>\n<script type=\"application\/ld+json\" class=\"yoast-schema-graph\">{\"@context\":\"https:\\\/\\\/schema.org\",\"@graph\":[{\"@type\":[\"WebPage\",\"ItemPage\"],\"@id\":\"https:\\\/\\\/www.purejewels.com\\\/product\\\/22ct-gold-ring-with-floral-centre-size-m-1-2-46910\\\/\",\"url\":\"https:\\\/\\\/www.purejewels.com\\\/product\\\/22ct-gold-ring-with-floral-centre-size-m-1-2-46910\\\/\",\"name\":\"22ct Gold Floral Bloom Ring | PureJewels UK\",\"isPartOf\":{\"@id\":\"https:\\\/\\\/www.purejewels.com\\\/#website\"},\"primaryImageOfPage\":{\"@id\":\"https:\\\/\\\/www.purejewels.com\\\/product\\\/22ct-gold-ring-with-floral-centre-size-m-1-2-46910\\\/#primaryimage\"},\"image\":{\"@id\":\"https:\\\/\\\/www.purejewels.com\\\/product\\\/22ct-gold-ring-with-floral-centre-size-m-1-2-46910\\\/#primaryimage\"},\"thumbnailUrl\":\"https:\\\/\\\/static.purejewels.com\\\/wp-content\\\/uploads\\\/2025\\\/07\\\/SKU-46910.1.jpg\",\"datePublished\":\"2025-10-01T10:23:24+00:00\",\"dateModified\":\"2026-03-11T11:31:07+00:00\",\"description\":\"Discover this 22ct gold ring featuring a blooming flower inside a soft round frame. Lightweight hallmarked and perfect for daily wear or gifting.\",\"breadcrumb\":{\"@id\":\"https:\\\/\\\/www.purejewels.com\\\/product\\\/22ct-gold-ring-with-floral-centre-size-m-1-2-46910\\\/#breadcrumb\"},\"inLanguage\":\"tr\",\"potentialAction\":[{\"@type\":\"ReadAction\",\"target\":[\"https:\\\/\\\/www.purejewels.com\\\/product\\\/22ct-gold-ring-with-floral-centre-size-m-1-2-46910\\\/\"]}]},{\"@type\":\"ImageObject\",\"inLanguage\":\"tr\",\"@id\":\"https:\\\/\\\/www.purejewels.com\\\/product\\\/22ct-gold-ring-with-floral-centre-size-m-1-2-46910\\\/#primaryimage\",\"url\":\"https:\\\/\\\/static.purejewels.com\\\/wp-content\\\/uploads\\\/2025\\\/07\\\/SKU-46910.1.jpg\",\"contentUrl\":\"https:\\\/\\\/static.purejewels.com\\\/wp-content\\\/uploads\\\/2025\\\/07\\\/SKU-46910.1.jpg\",\"width\":1000,\"height\":1000,\"caption\":\"Stacked from 5 images. Method=B (R=8,S=4)\"},{\"@type\":\"BreadcrumbList\",\"@id\":\"https:\\\/\\\/www.purejewels.com\\\/product\\\/22ct-gold-ring-with-floral-centre-size-m-1-2-46910\\\/#breadcrumb\",\"itemListElement\":[{\"@type\":\"ListItem\",\"position\":1,\"name\":\"Home\",\"item\":\"https:\\\/\\\/www.purejewels.com\\\/\"},{\"@type\":\"ListItem\",\"position\":2,\"name\":\"Shop\",\"item\":\"https:\\\/\\\/www.purejewels.com\\\/shop\\\/\"},{\"@type\":\"ListItem\",\"position\":3,\"name\":\"22ct Gold Ring with Floral Centre\"}]},{\"@type\":\"WebSite\",\"@id\":\"https:\\\/\\\/www.purejewels.com\\\/#website\",\"url\":\"https:\\\/\\\/www.purejewels.com\\\/\",\"name\":\"PureJewels UK\",\"description\":\"Share the Love\",\"publisher\":{\"@id\":\"https:\\\/\\\/www.purejewels.com\\\/#organization\"},\"potentialAction\":[{\"@type\":\"SearchAction\",\"target\":{\"@type\":\"EntryPoint\",\"urlTemplate\":\"https:\\\/\\\/www.purejewels.com\\\/?s={search_term_string}\"},\"query-input\":{\"@type\":\"PropertyValueSpecification\",\"valueRequired\":true,\"valueName\":\"search_term_string\"}}],\"inLanguage\":\"tr\"},{\"@type\":\"Organization\",\"@id\":\"https:\\\/\\\/www.purejewels.com\\\/#organization\",\"name\":\"PureJewels UK\",\"url\":\"https:\\\/\\\/www.purejewels.com\\\/\",\"logo\":{\"@type\":\"ImageObject\",\"inLanguage\":\"tr\",\"@id\":\"https:\\\/\\\/www.purejewels.com\\\/#\\\/schema\\\/logo\\\/image\\\/\",\"url\":\"https:\\\/\\\/static.purejewels.com\\\/wp-content\\\/uploads\\\/2020\\\/11\\\/Logo-PJ-New-1.png\",\"contentUrl\":\"https:\\\/\\\/static.purejewels.com\\\/wp-content\\\/uploads\\\/2020\\\/11\\\/Logo-PJ-New-1.png\",\"width\":150,\"height\":80,\"caption\":\"PureJewels UK\"},\"image\":{\"@id\":\"https:\\\/\\\/www.purejewels.com\\\/#\\\/schema\\\/logo\\\/image\\\/\"}}]}<\/script>\n<!-- \/ Yoast SEO plugin. -->","yoast_head_json":{"title":"22 Ayar Alt\u0131n \u00c7i\u00e7ekli Y\u00fcz\u00fck | PureJewels UK","description":"Yumu\u015fak yuvarlak bir \u00e7er\u00e7eve i\u00e7inde \u00e7i\u00e7ek a\u00e7an bir \u00e7i\u00e7ek i\u00e7eren bu 22 ayar alt\u0131n y\u00fcz\u00fc\u011f\u00fc ke\u015ffedin. Hafif damgal\u0131d\u0131r ve g\u00fcnl\u00fck kullan\u0131m veya hediye i\u00e7in m\u00fckemmeldir.","robots":{"index":"index","follow":"follow","max-snippet":"max-snippet:-1","max-image-preview":"max-image-preview:large","max-video-preview":"max-video-preview:-1"},"canonical":"https:\/\/www.purejewels.com\/tr\/urun\/cicek-merkezli-22-ayar-altin-yuzuk-m-1-2-46910\/","og_locale":"tr_TR","og_type":"article","og_title":"22ct Gold Floral Bloom Ring | PureJewels UK","og_description":"Discover this 22ct gold ring featuring a blooming flower inside a soft round frame. Lightweight hallmarked and perfect for daily wear or gifting.","og_url":"https:\/\/www.purejewels.com\/tr\/urun\/cicek-merkezli-22-ayar-altin-yuzuk-m-1-2-46910\/","og_site_name":"PureJewels UK","article_modified_time":"2026-03-11T11:31:07+00:00","og_image":[{"width":1000,"height":1000,"url":"https:\/\/static.purejewels.com\/wp-content\/uploads\/2025\/07\/SKU-46910.1.jpg","type":"image\/jpeg"}],"twitter_card":"summary_large_image","twitter_misc":{"Tahmini okuma s\u00fcresi":"1 dakika"},"schema":{"@context":"https:\/\/schema.org","@graph":[{"@type":["WebPage","ItemPage"],"@id":"https:\/\/www.purejewels.com\/product\/22ct-gold-ring-with-floral-centre-size-m-1-2-46910\/","url":"https:\/\/www.purejewels.com\/product\/22ct-gold-ring-with-floral-centre-size-m-1-2-46910\/","name":"22 Ayar Alt\u0131n \u00c7i\u00e7ekli Y\u00fcz\u00fck | PureJewels UK","isPartOf":{"@id":"https:\/\/www.purejewels.com\/#website"},"primaryImageOfPage":{"@id":"https:\/\/www.purejewels.com\/product\/22ct-gold-ring-with-floral-centre-size-m-1-2-46910\/#primaryimage"},"image":{"@id":"https:\/\/www.purejewels.com\/product\/22ct-gold-ring-with-floral-centre-size-m-1-2-46910\/#primaryimage"},"thumbnailUrl":"https:\/\/static.purejewels.com\/wp-content\/uploads\/2025\/07\/SKU-46910.1.jpg","datePublished":"2025-10-01T10:23:24+00:00","dateModified":"2026-03-11T11:31:07+00:00","description":"Yumu\u015fak yuvarlak bir \u00e7er\u00e7eve i\u00e7inde \u00e7i\u00e7ek a\u00e7an bir \u00e7i\u00e7ek i\u00e7eren bu 22 ayar alt\u0131n y\u00fcz\u00fc\u011f\u00fc ke\u015ffedin. Hafif damgal\u0131d\u0131r ve g\u00fcnl\u00fck kullan\u0131m veya hediye i\u00e7in m\u00fckemmeldir.","breadcrumb":{"@id":"https:\/\/www.purejewels.com\/product\/22ct-gold-ring-with-floral-centre-size-m-1-2-46910\/#breadcrumb"},"inLanguage":"tr","potentialAction":[{"@type":"ReadAction","target":["https:\/\/www.purejewels.com\/product\/22ct-gold-ring-with-floral-centre-size-m-1-2-46910\/"]}]},{"@type":"ImageObject","inLanguage":"tr","@id":"https:\/\/www.purejewels.com\/product\/22ct-gold-ring-with-floral-centre-size-m-1-2-46910\/#primaryimage","url":"https:\/\/static.purejewels.com\/wp-content\/uploads\/2025\/07\/SKU-46910.1.jpg","contentUrl":"https:\/\/static.purejewels.com\/wp-content\/uploads\/2025\/07\/SKU-46910.1.jpg","width":1000,"height":1000,"caption":"Stacked from 5 images. Method=B (R=8,S=4)"},{"@type":"BreadcrumbList","@id":"https:\/\/www.purejewels.com\/product\/22ct-gold-ring-with-floral-centre-size-m-1-2-46910\/#breadcrumb","itemListElement":[{"@type":"ListItem","position":1,"name":"Home","item":"https:\/\/www.purejewels.com\/"},{"@type":"ListItem","position":2,"name":"Shop","item":"https:\/\/www.purejewels.com\/shop\/"},{"@type":"ListItem","position":3,"name":"22ct Gold Ring with Floral Centre"}]},{"@type":"WebSite","@id":"https:\/\/www.purejewels.com\/#website","url":"https:\/\/www.purejewels.com\/","name":"PureJewels \u0130ngiltere","description":"Sevgiyi Payla\u015f\u0131n","publisher":{"@id":"https:\/\/www.purejewels.com\/#organization"},"potentialAction":[{"@type":"SearchAction","target":{"@type":"EntryPoint","urlTemplate":"https:\/\/www.purejewels.com\/?s={search_term_string}"},"query-input":{"@type":"PropertyValueSpecification","valueRequired":true,"valueName":"search_term_string"}}],"inLanguage":"tr"},{"@type":"Organization","@id":"https:\/\/www.purejewels.com\/#organization","name":"PureJewels \u0130ngiltere","url":"https:\/\/www.purejewels.com\/","logo":{"@type":"ImageObject","inLanguage":"tr","@id":"https:\/\/www.purejewels.com\/#\/schema\/logo\/image\/","url":"https:\/\/static.purejewels.com\/wp-content\/uploads\/2020\/11\/Logo-PJ-New-1.png","contentUrl":"https:\/\/static.purejewels.com\/wp-content\/uploads\/2020\/11\/Logo-PJ-New-1.png","width":150,"height":80,"caption":"PureJewels UK"},"image":{"@id":"https:\/\/www.purejewels.com\/#\/schema\/logo\/image\/"}}]}},"_links":{"self":[{"href":"https:\/\/www.purejewels.com\/tr\/wp-json\/wp\/v2\/product\/407686","targetHints":{"allow":["GET"]}}],"collection":[{"href":"https:\/\/www.purejewels.com\/tr\/wp-json\/wp\/v2\/product"}],"about":[{"href":"https:\/\/www.purejewels.com\/tr\/wp-json\/wp\/v2\/types\/product"}],"replies":[{"embeddable":true,"href":"https:\/\/www.purejewels.com\/tr\/wp-json\/wp\/v2\/comments?post=407686"}],"version-history":[{"count":2,"href":"https:\/\/www.purejewels.com\/tr\/wp-json\/wp\/v2\/product\/407686\/revisions"}],"predecessor-version":[{"id":425693,"href":"https:\/\/www.purejewels.com\/tr\/wp-json\/wp\/v2\/product\/407686\/revisions\/425693"}],"wp:featuredmedia":[{"embeddable":true,"href":"https:\/\/www.purejewels.com\/tr\/wp-json\/wp\/v2\/media\/407687"}],"wp:attachment":[{"href":"https:\/\/www.purejewels.com\/tr\/wp-json\/wp\/v2\/media?parent=407686"}],"wp:term":[{"taxonomy":"product_brand","embeddable":true,"href":"https:\/\/www.purejewels.com\/tr\/wp-json\/wp\/v2\/product_brand?post=407686"},{"taxonomy":"product_cat","embeddable":true,"href":"https:\/\/www.purejewels.com\/tr\/wp-json\/wp\/v2\/product_cat?post=407686"},{"taxonomy":"product_tag","embeddable":true,"href":"https:\/\/www.purejewels.com\/tr\/wp-json\/wp\/v2\/product_tag?post=407686"}],"curies":[{"name":"wp","href":"https:\/\/api.w.org\/{rel}","templated":true}]}}