{"id":408003,"date":"2025-06-30T11:17:47","date_gmt":"2025-06-30T10:17:47","guid":{"rendered":"https:\/\/www.purejewels.com\/?post_type=product&#038;p=408003"},"modified":"2026-02-18T06:44:39","modified_gmt":"2026-02-18T06:44:39","slug":"dhwani-serenity-kolye-ucu-51138","status":"publish","type":"product","link":"https:\/\/www.purejewels.com\/tr\/product\/dhwani-serenity-pendant-51138\/","title":{"rendered":"Dhwani Serenity Kolye"},"content":{"rendered":"<p>PureJewels'in tefekk\u00fcre dayal\u0131 <strong data-start=\"705\" data-end=\"726\">Dhwani Koleksiyonu<\/strong>, the <strong data-start=\"732\" data-end=\"752\">Serenity Kolye<\/strong> i\u00e7 huzurun sessiz ritmini yans\u0131t\u0131r. \u00d6zenle el i\u015f\u00e7ili\u011fiyle <strong data-start=\"821\" data-end=\"834\">22 ayar alt\u0131n<\/strong>Simetrik formu kutsal tap\u0131nak motiflerinden esinlenerek sesin ve ruhani dinginli\u011fin yumu\u015fak titre\u015fimleriyle yank\u0131lan\u0131r.<\/p>","protected":false},"excerpt":{"rendered":"<p>Dinginli\u011fin \u00f6z\u00fcnde k\u00f6k salm\u0131\u015f olan <strong data-start=\"481\" data-end=\"508\">Dhwani Serenity Kolye<\/strong> kutsal mimariden ilham al\u0131yor. Saf 22 ayar alt\u0131ndan \u00fcretilmi\u015ftir ve huzur, denge ve dikkatli zarafeti yans\u0131t\u0131r.<\/p>\n<div><strong>Malzeme:<\/strong>\u00a022 Ayar G\u00fcndo\u011fumu Alt\u0131n<\/div>\n<div><strong>Hallmark:\u00a0<\/strong>\u0130ngiliz Damgas\u0131<\/div>\n<div><strong>Br\u00fct A\u011f\u0131rl\u0131k: <\/strong>1.3 Gms<\/div>\n<div><strong>Geni\u015flik: <\/strong>11.6mm<\/div>\n<div><strong>SKU: <\/strong>51138<\/div>\n<div><\/div>\n<div><strong>Fiyat ve Teslimat:\u00a0<\/strong>Zincir fiyat\u0131 dahil de\u011fildir, KDV ve teslimat \u00fccretleri dahildir<strong><br \/>\n<a href=\"https:\/\/www.purejewels.com\/tr\/i%cc%87ade-poli%cc%87ti%cc%87kasi\/\">\u0130ade Politikas\u0131<\/a><\/strong><\/div>\n<div><\/div>","protected":false},"featured_media":408004,"comment_status":"closed","ping_status":"closed","template":"","meta":{"_eb_attr":"","_crsspst_to_jayantr4sg-hostcom":false},"product_brand":[],"product_cat":[1559,236,5633,1793,1770,5343,1767,6081,1574],"product_tag":[],"class_list":{"0":"post-408003","1":"product","2":"type-product","3":"status-publish","4":"has-post-thumbnail","6":"product_cat-birthday-gifts","7":"product_cat-collections","8":"product_cat-dhwani-collection","9":"product_cat-diwali-gifts","10":"product_cat-fancy-pendants","11":"product_cat-jewellery-under-550","12":"product_cat-ladies-pendants","13":"product_cat-sunrise-gold","14":"product_cat-womens-jewellery","16":"first","17":"instock","18":"taxable","19":"shipping-taxable","20":"purchasable","21":"product-type-simple","22":"add-to-wishlist-before_image"},"yoast_head":"<!-- This site is optimized with the Yoast SEO plugin v27.5 - https:\/\/yoast.com\/product\/yoast-seo-wordpress\/ -->\n<title>Dhwani Serenity Pendant | 22ct Gold Temple-Inspired Jewellery<\/title>\n<meta name=\"description\" content=\"Discover the Dhwani Serenity Pendant in 22ct gold. A refined temple-inspired design from PureJewels symbolising harmony, inner peace, and spiritual elegance.\" \/>\n<meta name=\"robots\" content=\"index, follow, max-snippet:-1, max-image-preview:large, max-video-preview:-1\" \/>\n<link rel=\"canonical\" href=\"https:\/\/www.purejewels.com\/tr\/urun\/dhwani-serenity-kolye-ucu-51138\/\" \/>\n<meta property=\"og:locale\" content=\"tr_TR\" \/>\n<meta property=\"og:type\" content=\"article\" \/>\n<meta property=\"og:title\" content=\"Dhwani Serenity Pendant | 22ct Gold Temple-Inspired Jewellery\" \/>\n<meta property=\"og:description\" content=\"Discover the Dhwani Serenity Pendant in 22ct gold. A refined temple-inspired design from PureJewels symbolising harmony, inner peace, and spiritual elegance.\" \/>\n<meta property=\"og:url\" content=\"https:\/\/www.purejewels.com\/tr\/urun\/dhwani-serenity-kolye-ucu-51138\/\" \/>\n<meta property=\"og:site_name\" content=\"PureJewels UK\" \/>\n<meta property=\"article:modified_time\" content=\"2026-02-18T06:44:39+00:00\" \/>\n<meta property=\"og:image\" content=\"https:\/\/static.purejewels.com\/wp-content\/uploads\/2025\/07\/SKU-51138.jpg\" \/>\n\t<meta property=\"og:image:width\" content=\"1000\" \/>\n\t<meta property=\"og:image:height\" content=\"1000\" \/>\n\t<meta property=\"og:image:type\" content=\"image\/jpeg\" \/>\n<meta name=\"twitter:card\" content=\"summary_large_image\" \/>\n<meta name=\"twitter:label1\" content=\"Tahmini okuma s\u00fcresi\" \/>\n\t<meta name=\"twitter:data1\" content=\"1 dakika\" \/>\n<script type=\"application\/ld+json\" class=\"yoast-schema-graph\">{\"@context\":\"https:\\\/\\\/schema.org\",\"@graph\":[{\"@type\":[\"WebPage\",\"ItemPage\"],\"@id\":\"https:\\\/\\\/www.purejewels.com\\\/product\\\/dhwani-serenity-pendant-51138\\\/\",\"url\":\"https:\\\/\\\/www.purejewels.com\\\/product\\\/dhwani-serenity-pendant-51138\\\/\",\"name\":\"Dhwani Serenity Pendant | 22ct Gold Temple-Inspired Jewellery\",\"isPartOf\":{\"@id\":\"https:\\\/\\\/www.purejewels.com\\\/#website\"},\"primaryImageOfPage\":{\"@id\":\"https:\\\/\\\/www.purejewels.com\\\/product\\\/dhwani-serenity-pendant-51138\\\/#primaryimage\"},\"image\":{\"@id\":\"https:\\\/\\\/www.purejewels.com\\\/product\\\/dhwani-serenity-pendant-51138\\\/#primaryimage\"},\"thumbnailUrl\":\"https:\\\/\\\/static.purejewels.com\\\/wp-content\\\/uploads\\\/2025\\\/07\\\/SKU-51138.jpg\",\"datePublished\":\"2025-06-30T10:17:47+00:00\",\"dateModified\":\"2026-02-18T06:44:39+00:00\",\"description\":\"Discover the Dhwani Serenity Pendant in 22ct gold. A refined temple-inspired design from PureJewels symbolising harmony, inner peace, and spiritual elegance.\",\"breadcrumb\":{\"@id\":\"https:\\\/\\\/www.purejewels.com\\\/product\\\/dhwani-serenity-pendant-51138\\\/#breadcrumb\"},\"inLanguage\":\"tr\",\"potentialAction\":[{\"@type\":\"ReadAction\",\"target\":[\"https:\\\/\\\/www.purejewels.com\\\/product\\\/dhwani-serenity-pendant-51138\\\/\"]}]},{\"@type\":\"ImageObject\",\"inLanguage\":\"tr\",\"@id\":\"https:\\\/\\\/www.purejewels.com\\\/product\\\/dhwani-serenity-pendant-51138\\\/#primaryimage\",\"url\":\"https:\\\/\\\/static.purejewels.com\\\/wp-content\\\/uploads\\\/2025\\\/07\\\/SKU-51138.jpg\",\"contentUrl\":\"https:\\\/\\\/static.purejewels.com\\\/wp-content\\\/uploads\\\/2025\\\/07\\\/SKU-51138.jpg\",\"width\":1000,\"height\":1000,\"caption\":\"51138\"},{\"@type\":\"BreadcrumbList\",\"@id\":\"https:\\\/\\\/www.purejewels.com\\\/product\\\/dhwani-serenity-pendant-51138\\\/#breadcrumb\",\"itemListElement\":[{\"@type\":\"ListItem\",\"position\":1,\"name\":\"Home\",\"item\":\"https:\\\/\\\/www.purejewels.com\\\/\"},{\"@type\":\"ListItem\",\"position\":2,\"name\":\"Shop\",\"item\":\"https:\\\/\\\/www.purejewels.com\\\/shop\\\/\"},{\"@type\":\"ListItem\",\"position\":3,\"name\":\"Dhwani Serenity Pendant\"}]},{\"@type\":\"WebSite\",\"@id\":\"https:\\\/\\\/www.purejewels.com\\\/#website\",\"url\":\"https:\\\/\\\/www.purejewels.com\\\/\",\"name\":\"PureJewels UK\",\"description\":\"Share the Love\",\"publisher\":{\"@id\":\"https:\\\/\\\/www.purejewels.com\\\/#organization\"},\"potentialAction\":[{\"@type\":\"SearchAction\",\"target\":{\"@type\":\"EntryPoint\",\"urlTemplate\":\"https:\\\/\\\/www.purejewels.com\\\/?s={search_term_string}\"},\"query-input\":{\"@type\":\"PropertyValueSpecification\",\"valueRequired\":true,\"valueName\":\"search_term_string\"}}],\"inLanguage\":\"tr\"},{\"@type\":\"Organization\",\"@id\":\"https:\\\/\\\/www.purejewels.com\\\/#organization\",\"name\":\"PureJewels UK\",\"url\":\"https:\\\/\\\/www.purejewels.com\\\/\",\"logo\":{\"@type\":\"ImageObject\",\"inLanguage\":\"tr\",\"@id\":\"https:\\\/\\\/www.purejewels.com\\\/#\\\/schema\\\/logo\\\/image\\\/\",\"url\":\"https:\\\/\\\/static.purejewels.com\\\/wp-content\\\/uploads\\\/2020\\\/11\\\/Logo-PJ-New-1.png\",\"contentUrl\":\"https:\\\/\\\/static.purejewels.com\\\/wp-content\\\/uploads\\\/2020\\\/11\\\/Logo-PJ-New-1.png\",\"width\":150,\"height\":80,\"caption\":\"PureJewels UK\"},\"image\":{\"@id\":\"https:\\\/\\\/www.purejewels.com\\\/#\\\/schema\\\/logo\\\/image\\\/\"}}]}<\/script>\n<!-- \/ Yoast SEO plugin. -->","yoast_head_json":{"title":"Dhwani Huzur Kolyesi | 22 Ayar Alt\u0131n Tap\u0131naktan Esinlenen M\u00fccevherler","description":"22 ayar alt\u0131ndan Dhwani Huzur Kolyesini ke\u015ffedin. PureJewels'in tap\u0131naklardan ilham alan zarif tasar\u0131m\u0131 uyumu, i\u00e7 huzuru ve ruhani zarafeti simgeliyor.","robots":{"index":"index","follow":"follow","max-snippet":"max-snippet:-1","max-image-preview":"max-image-preview:large","max-video-preview":"max-video-preview:-1"},"canonical":"https:\/\/www.purejewels.com\/tr\/urun\/dhwani-serenity-kolye-ucu-51138\/","og_locale":"tr_TR","og_type":"article","og_title":"Dhwani Serenity Pendant | 22ct Gold Temple-Inspired Jewellery","og_description":"Discover the Dhwani Serenity Pendant in 22ct gold. A refined temple-inspired design from PureJewels symbolising harmony, inner peace, and spiritual elegance.","og_url":"https:\/\/www.purejewels.com\/tr\/urun\/dhwani-serenity-kolye-ucu-51138\/","og_site_name":"PureJewels UK","article_modified_time":"2026-02-18T06:44:39+00:00","og_image":[{"width":1000,"height":1000,"url":"https:\/\/static.purejewels.com\/wp-content\/uploads\/2025\/07\/SKU-51138.jpg","type":"image\/jpeg"}],"twitter_card":"summary_large_image","twitter_misc":{"Tahmini okuma s\u00fcresi":"1 dakika"},"schema":{"@context":"https:\/\/schema.org","@graph":[{"@type":["WebPage","ItemPage"],"@id":"https:\/\/www.purejewels.com\/product\/dhwani-serenity-pendant-51138\/","url":"https:\/\/www.purejewels.com\/product\/dhwani-serenity-pendant-51138\/","name":"Dhwani Huzur Kolyesi | 22 Ayar Alt\u0131n Tap\u0131naktan Esinlenen M\u00fccevherler","isPartOf":{"@id":"https:\/\/www.purejewels.com\/#website"},"primaryImageOfPage":{"@id":"https:\/\/www.purejewels.com\/product\/dhwani-serenity-pendant-51138\/#primaryimage"},"image":{"@id":"https:\/\/www.purejewels.com\/product\/dhwani-serenity-pendant-51138\/#primaryimage"},"thumbnailUrl":"https:\/\/static.purejewels.com\/wp-content\/uploads\/2025\/07\/SKU-51138.jpg","datePublished":"2025-06-30T10:17:47+00:00","dateModified":"2026-02-18T06:44:39+00:00","description":"22 ayar alt\u0131ndan Dhwani Huzur Kolyesini ke\u015ffedin. PureJewels'in tap\u0131naklardan ilham alan zarif tasar\u0131m\u0131 uyumu, i\u00e7 huzuru ve ruhani zarafeti simgeliyor.","breadcrumb":{"@id":"https:\/\/www.purejewels.com\/product\/dhwani-serenity-pendant-51138\/#breadcrumb"},"inLanguage":"tr","potentialAction":[{"@type":"ReadAction","target":["https:\/\/www.purejewels.com\/product\/dhwani-serenity-pendant-51138\/"]}]},{"@type":"ImageObject","inLanguage":"tr","@id":"https:\/\/www.purejewels.com\/product\/dhwani-serenity-pendant-51138\/#primaryimage","url":"https:\/\/static.purejewels.com\/wp-content\/uploads\/2025\/07\/SKU-51138.jpg","contentUrl":"https:\/\/static.purejewels.com\/wp-content\/uploads\/2025\/07\/SKU-51138.jpg","width":1000,"height":1000,"caption":"51138"},{"@type":"BreadcrumbList","@id":"https:\/\/www.purejewels.com\/product\/dhwani-serenity-pendant-51138\/#breadcrumb","itemListElement":[{"@type":"ListItem","position":1,"name":"Home","item":"https:\/\/www.purejewels.com\/"},{"@type":"ListItem","position":2,"name":"Shop","item":"https:\/\/www.purejewels.com\/shop\/"},{"@type":"ListItem","position":3,"name":"Dhwani Serenity Pendant"}]},{"@type":"WebSite","@id":"https:\/\/www.purejewels.com\/#website","url":"https:\/\/www.purejewels.com\/","name":"PureJewels \u0130ngiltere","description":"Sevgiyi Payla\u015f\u0131n","publisher":{"@id":"https:\/\/www.purejewels.com\/#organization"},"potentialAction":[{"@type":"SearchAction","target":{"@type":"EntryPoint","urlTemplate":"https:\/\/www.purejewels.com\/?s={search_term_string}"},"query-input":{"@type":"PropertyValueSpecification","valueRequired":true,"valueName":"search_term_string"}}],"inLanguage":"tr"},{"@type":"Organization","@id":"https:\/\/www.purejewels.com\/#organization","name":"PureJewels \u0130ngiltere","url":"https:\/\/www.purejewels.com\/","logo":{"@type":"ImageObject","inLanguage":"tr","@id":"https:\/\/www.purejewels.com\/#\/schema\/logo\/image\/","url":"https:\/\/static.purejewels.com\/wp-content\/uploads\/2020\/11\/Logo-PJ-New-1.png","contentUrl":"https:\/\/static.purejewels.com\/wp-content\/uploads\/2020\/11\/Logo-PJ-New-1.png","width":150,"height":80,"caption":"PureJewels UK"},"image":{"@id":"https:\/\/www.purejewels.com\/#\/schema\/logo\/image\/"}}]}},"_links":{"self":[{"href":"https:\/\/www.purejewels.com\/tr\/wp-json\/wp\/v2\/product\/408003","targetHints":{"allow":["GET"]}}],"collection":[{"href":"https:\/\/www.purejewels.com\/tr\/wp-json\/wp\/v2\/product"}],"about":[{"href":"https:\/\/www.purejewels.com\/tr\/wp-json\/wp\/v2\/types\/product"}],"replies":[{"embeddable":true,"href":"https:\/\/www.purejewels.com\/tr\/wp-json\/wp\/v2\/comments?post=408003"}],"version-history":[{"count":1,"href":"https:\/\/www.purejewels.com\/tr\/wp-json\/wp\/v2\/product\/408003\/revisions"}],"predecessor-version":[{"id":408005,"href":"https:\/\/www.purejewels.com\/tr\/wp-json\/wp\/v2\/product\/408003\/revisions\/408005"}],"wp:featuredmedia":[{"embeddable":true,"href":"https:\/\/www.purejewels.com\/tr\/wp-json\/wp\/v2\/media\/408004"}],"wp:attachment":[{"href":"https:\/\/www.purejewels.com\/tr\/wp-json\/wp\/v2\/media?parent=408003"}],"wp:term":[{"taxonomy":"product_brand","embeddable":true,"href":"https:\/\/www.purejewels.com\/tr\/wp-json\/wp\/v2\/product_brand?post=408003"},{"taxonomy":"product_cat","embeddable":true,"href":"https:\/\/www.purejewels.com\/tr\/wp-json\/wp\/v2\/product_cat?post=408003"},{"taxonomy":"product_tag","embeddable":true,"href":"https:\/\/www.purejewels.com\/tr\/wp-json\/wp\/v2\/product_tag?post=408003"}],"curies":[{"name":"wp","href":"https:\/\/api.w.org\/{rel}","templated":true}]}}