{"id":408018,"date":"2025-08-01T13:21:22","date_gmt":"2025-08-01T12:21:22","guid":{"rendered":"https:\/\/www.purejewels.com\/?post_type=product&#038;p=408018"},"modified":"2026-02-18T06:10:59","modified_gmt":"2026-02-18T06:10:59","slug":"trinetra-shiva-plati%cc%87n-kolye-ucu-51949","status":"publish","type":"product","link":"https:\/\/www.purejewels.com\/tr\/product\/trinetra-shiva-platinum-pendant-51949\/","title":{"rendered":"Trinetra Shiva Platin Kolye"},"content":{"rendered":"<p>\u0130lahi olan\u0131n ebedi enerjisini kucaklay\u0131n. <strong data-start=\"433\" data-end=\"468\">Trinetra Shiva Platin Kolye<\/strong>Lord Shiva'ya zarif bir \u00f6vg\u00fc. Titizlikle haz\u0131rlanm\u0131\u015f <strong data-start=\"530\" data-end=\"546\">Platin 950<\/strong>tasar\u0131m\u0131nda Mahadev'in ikonik formu ile y\u00fcksek vizyonu ve i\u00e7sel uyan\u0131\u015f\u0131 simgeleyen huzurlu \u00fc\u00e7\u00fcnc\u00fc g\u00f6z yer almaktad\u0131r. P\u00fcr\u00fczs\u00fcz y\u00fczey ve zarif detaylar safl\u0131k ve g\u00fc\u00e7 yayar, bu da onu ruhani topraklama ve zamans\u0131z zarafet arayanlar i\u00e7in ideal bir par\u00e7a haline getirir. \u0130ster ki\u015fisel bir ba\u011fl\u0131l\u0131k ifadesi ister anlaml\u0131 bir hediye olarak tak\u0131ls\u0131n, bu kolye koruma, bilgelik ve i\u00e7 huzur auras\u0131 ta\u015f\u0131r.<\/p>","protected":false},"excerpt":{"rendered":"<p>Trinetra Shiva Platin Kolye ile Lord Shiva'n\u0131n ilahi varl\u0131\u011f\u0131n\u0131 \u00e7a\u011f\u0131r\u0131n. 950 platinden \u00fcretilen bu kolye ucu, Mahadev'in dingin formuyla safl\u0131\u011f\u0131, korumay\u0131 ve ruhani uyan\u0131\u015f\u0131 yans\u0131t\u0131yor.<\/p>\n<p><strong>Malzeme:<\/strong> Platin<strong><br \/>\nHallmark:\u00a0<\/strong>\u0130ngiliz Damgas\u0131<strong><br \/>\n<\/strong><strong>Br\u00fct A\u011f\u0131rl\u0131k: <\/strong>5.65 Gms<strong><br \/>\nSKU: <\/strong>51949<\/p>\n<p><strong>Fiyat ve Teslimat: <\/strong>Zincir fiyat\u0131 dahil de\u011fildir, KDV ve teslimat \u00fccretleri dahildir<strong><br \/>\n<a href=\"https:\/\/www.purejewels.com\/tr\/i%cc%87ade-poli%cc%87ti%cc%87kasi\/\">\u0130ade Politikas\u0131<\/a><\/strong><\/p>","protected":false},"featured_media":408022,"comment_status":"closed","ping_status":"closed","template":"","meta":{"_eb_attr":"","_crsspst_to_jayantr4sg-hostcom":false},"product_brand":[],"product_cat":[1793,1571,1792,5344,1572,5347,6083,5350,6099,5338],"product_tag":[],"class_list":{"0":"post-408018","1":"product","2":"type-product","3":"status-publish","4":"has-post-thumbnail","6":"product_cat-diwali-gifts","7":"product_cat-fathers-day-gifts","8":"product_cat-festival-gifts","9":"product_cat-jewellery-under-750","10":"product_cat-mens-jewellery","11":"product_cat-shop-by-metal","12":"product_cat-platinum-jewellery-2","13":"product_cat-platinum-jewellery","14":"product_cat-platinum-pendant","15":"product_cat-shop-by-price","17":"first","18":"instock","19":"taxable","20":"shipping-taxable","21":"purchasable","22":"product-type-simple","23":"add-to-wishlist-before_image"},"yoast_head":"<!-- This site is optimized with the Yoast SEO plugin v27.6 - https:\/\/yoast.com\/product\/yoast-seo-wordpress\/ -->\n<title>Trinetra Shiva Platinum Pendant | 950 Platinum Shiva Pendant<\/title>\n<meta name=\"description\" content=\"Shop the Trinetra Shiva Platinum Pendant by PureJewels \u2013 handcrafted in 950 platinum, this divine pendant captures Lord Shiva\u2019s serene form and spiritual grace.\" \/>\n<meta name=\"robots\" content=\"index, follow, max-snippet:-1, max-image-preview:large, max-video-preview:-1\" \/>\n<link rel=\"canonical\" href=\"https:\/\/www.purejewels.com\/tr\/urun\/trinetra-shiva-plati\u0307n-kolye-ucu-51949\/\" \/>\n<meta property=\"og:locale\" content=\"tr_TR\" \/>\n<meta property=\"og:type\" content=\"article\" \/>\n<meta property=\"og:title\" content=\"Trinetra Shiva Platinum Pendant | 950 Platinum Shiva Pendant\" \/>\n<meta property=\"og:description\" content=\"Shop the Trinetra Shiva Platinum Pendant by PureJewels \u2013 handcrafted in 950 platinum, this divine pendant captures Lord Shiva\u2019s serene form and spiritual grace.\" \/>\n<meta property=\"og:url\" content=\"https:\/\/www.purejewels.com\/tr\/urun\/trinetra-shiva-plati\u0307n-kolye-ucu-51949\/\" \/>\n<meta property=\"og:site_name\" content=\"PureJewels UK\" \/>\n<meta property=\"article:modified_time\" content=\"2026-02-18T06:10:59+00:00\" \/>\n<meta property=\"og:image\" content=\"https:\/\/static.purejewels.com\/wp-content\/uploads\/2025\/07\/SKU-51949.jpg\" \/>\n\t<meta property=\"og:image:width\" content=\"1000\" \/>\n\t<meta property=\"og:image:height\" content=\"1000\" \/>\n\t<meta property=\"og:image:type\" content=\"image\/jpeg\" \/>\n<meta name=\"twitter:card\" content=\"summary_large_image\" \/>\n<script type=\"application\/ld+json\" class=\"yoast-schema-graph\">{\"@context\":\"https:\\\/\\\/schema.org\",\"@graph\":[{\"@type\":[\"WebPage\",\"ItemPage\"],\"@id\":\"https:\\\/\\\/www.purejewels.com\\\/product\\\/trinetra-shiva-platinum-pendant-51949\\\/\",\"url\":\"https:\\\/\\\/www.purejewels.com\\\/product\\\/trinetra-shiva-platinum-pendant-51949\\\/\",\"name\":\"Trinetra Shiva Platinum Pendant | 950 Platinum Shiva Pendant\",\"isPartOf\":{\"@id\":\"https:\\\/\\\/www.purejewels.com\\\/#website\"},\"primaryImageOfPage\":{\"@id\":\"https:\\\/\\\/www.purejewels.com\\\/product\\\/trinetra-shiva-platinum-pendant-51949\\\/#primaryimage\"},\"image\":{\"@id\":\"https:\\\/\\\/www.purejewels.com\\\/product\\\/trinetra-shiva-platinum-pendant-51949\\\/#primaryimage\"},\"thumbnailUrl\":\"https:\\\/\\\/static.purejewels.com\\\/wp-content\\\/uploads\\\/2025\\\/07\\\/SKU-51949.jpg\",\"datePublished\":\"2025-08-01T12:21:22+00:00\",\"dateModified\":\"2026-02-18T06:10:59+00:00\",\"description\":\"Shop the Trinetra Shiva Platinum Pendant by PureJewels \u2013 handcrafted in 950 platinum, this divine pendant captures Lord Shiva\u2019s serene form and spiritual grace.\",\"breadcrumb\":{\"@id\":\"https:\\\/\\\/www.purejewels.com\\\/product\\\/trinetra-shiva-platinum-pendant-51949\\\/#breadcrumb\"},\"inLanguage\":\"tr\",\"potentialAction\":[{\"@type\":\"ReadAction\",\"target\":[\"https:\\\/\\\/www.purejewels.com\\\/product\\\/trinetra-shiva-platinum-pendant-51949\\\/\"]}]},{\"@type\":\"ImageObject\",\"inLanguage\":\"tr\",\"@id\":\"https:\\\/\\\/www.purejewels.com\\\/product\\\/trinetra-shiva-platinum-pendant-51949\\\/#primaryimage\",\"url\":\"https:\\\/\\\/static.purejewels.com\\\/wp-content\\\/uploads\\\/2025\\\/07\\\/SKU-51949.jpg\",\"contentUrl\":\"https:\\\/\\\/static.purejewels.com\\\/wp-content\\\/uploads\\\/2025\\\/07\\\/SKU-51949.jpg\",\"width\":1000,\"height\":1000,\"caption\":\"51949\"},{\"@type\":\"BreadcrumbList\",\"@id\":\"https:\\\/\\\/www.purejewels.com\\\/product\\\/trinetra-shiva-platinum-pendant-51949\\\/#breadcrumb\",\"itemListElement\":[{\"@type\":\"ListItem\",\"position\":1,\"name\":\"Home\",\"item\":\"https:\\\/\\\/www.purejewels.com\\\/\"},{\"@type\":\"ListItem\",\"position\":2,\"name\":\"Shop\",\"item\":\"https:\\\/\\\/www.purejewels.com\\\/shop\\\/\"},{\"@type\":\"ListItem\",\"position\":3,\"name\":\"Trinetra Shiva Platinum Pendant\"}]},{\"@type\":\"WebSite\",\"@id\":\"https:\\\/\\\/www.purejewels.com\\\/#website\",\"url\":\"https:\\\/\\\/www.purejewels.com\\\/\",\"name\":\"PureJewels UK\",\"description\":\"Share the Love\",\"publisher\":{\"@id\":\"https:\\\/\\\/www.purejewels.com\\\/#organization\"},\"potentialAction\":[{\"@type\":\"SearchAction\",\"target\":{\"@type\":\"EntryPoint\",\"urlTemplate\":\"https:\\\/\\\/www.purejewels.com\\\/?s={search_term_string}\"},\"query-input\":{\"@type\":\"PropertyValueSpecification\",\"valueRequired\":true,\"valueName\":\"search_term_string\"}}],\"inLanguage\":\"tr\"},{\"@type\":\"Organization\",\"@id\":\"https:\\\/\\\/www.purejewels.com\\\/#organization\",\"name\":\"PureJewels UK\",\"url\":\"https:\\\/\\\/www.purejewels.com\\\/\",\"logo\":{\"@type\":\"ImageObject\",\"inLanguage\":\"tr\",\"@id\":\"https:\\\/\\\/www.purejewels.com\\\/#\\\/schema\\\/logo\\\/image\\\/\",\"url\":\"https:\\\/\\\/static.purejewels.com\\\/wp-content\\\/uploads\\\/2020\\\/11\\\/Logo-PJ-New-1.png\",\"contentUrl\":\"https:\\\/\\\/static.purejewels.com\\\/wp-content\\\/uploads\\\/2020\\\/11\\\/Logo-PJ-New-1.png\",\"width\":150,\"height\":80,\"caption\":\"PureJewels UK\"},\"image\":{\"@id\":\"https:\\\/\\\/www.purejewels.com\\\/#\\\/schema\\\/logo\\\/image\\\/\"}}]}<\/script>\n<!-- \/ Yoast SEO plugin. -->","yoast_head_json":{"title":"Trinetra Shiva Platin Kolye Ucu | 950 Platin Shiva Kolye Ucu","description":"PureJewels'in Trinetra Shiva Platin Kolyesini sat\u0131n al\u0131n. 950 platinden el i\u015f\u00e7ili\u011fiyle \u00fcretilen bu ilahi kolye, Lord Shiva'n\u0131n dingin formunu ve ruhani zarafetini yans\u0131t\u0131yor.","robots":{"index":"index","follow":"follow","max-snippet":"max-snippet:-1","max-image-preview":"max-image-preview:large","max-video-preview":"max-video-preview:-1"},"canonical":"https:\/\/www.purejewels.com\/tr\/urun\/trinetra-shiva-plati\u0307n-kolye-ucu-51949\/","og_locale":"tr_TR","og_type":"article","og_title":"Trinetra Shiva Platinum Pendant | 950 Platinum Shiva Pendant","og_description":"Shop the Trinetra Shiva Platinum Pendant by PureJewels \u2013 handcrafted in 950 platinum, this divine pendant captures Lord Shiva\u2019s serene form and spiritual grace.","og_url":"https:\/\/www.purejewels.com\/tr\/urun\/trinetra-shiva-plati\u0307n-kolye-ucu-51949\/","og_site_name":"PureJewels UK","article_modified_time":"2026-02-18T06:10:59+00:00","og_image":[{"width":1000,"height":1000,"url":"https:\/\/static.purejewels.com\/wp-content\/uploads\/2025\/07\/SKU-51949.jpg","type":"image\/jpeg"}],"twitter_card":"summary_large_image","schema":{"@context":"https:\/\/schema.org","@graph":[{"@type":["WebPage","ItemPage"],"@id":"https:\/\/www.purejewels.com\/product\/trinetra-shiva-platinum-pendant-51949\/","url":"https:\/\/www.purejewels.com\/product\/trinetra-shiva-platinum-pendant-51949\/","name":"Trinetra Shiva Platin Kolye Ucu | 950 Platin Shiva Kolye Ucu","isPartOf":{"@id":"https:\/\/www.purejewels.com\/#website"},"primaryImageOfPage":{"@id":"https:\/\/www.purejewels.com\/product\/trinetra-shiva-platinum-pendant-51949\/#primaryimage"},"image":{"@id":"https:\/\/www.purejewels.com\/product\/trinetra-shiva-platinum-pendant-51949\/#primaryimage"},"thumbnailUrl":"https:\/\/static.purejewels.com\/wp-content\/uploads\/2025\/07\/SKU-51949.jpg","datePublished":"2025-08-01T12:21:22+00:00","dateModified":"2026-02-18T06:10:59+00:00","description":"PureJewels'in Trinetra Shiva Platin Kolyesini sat\u0131n al\u0131n. 950 platinden el i\u015f\u00e7ili\u011fiyle \u00fcretilen bu ilahi kolye, Lord Shiva'n\u0131n dingin formunu ve ruhani zarafetini yans\u0131t\u0131yor.","breadcrumb":{"@id":"https:\/\/www.purejewels.com\/product\/trinetra-shiva-platinum-pendant-51949\/#breadcrumb"},"inLanguage":"tr","potentialAction":[{"@type":"ReadAction","target":["https:\/\/www.purejewels.com\/product\/trinetra-shiva-platinum-pendant-51949\/"]}]},{"@type":"ImageObject","inLanguage":"tr","@id":"https:\/\/www.purejewels.com\/product\/trinetra-shiva-platinum-pendant-51949\/#primaryimage","url":"https:\/\/static.purejewels.com\/wp-content\/uploads\/2025\/07\/SKU-51949.jpg","contentUrl":"https:\/\/static.purejewels.com\/wp-content\/uploads\/2025\/07\/SKU-51949.jpg","width":1000,"height":1000,"caption":"51949"},{"@type":"BreadcrumbList","@id":"https:\/\/www.purejewels.com\/product\/trinetra-shiva-platinum-pendant-51949\/#breadcrumb","itemListElement":[{"@type":"ListItem","position":1,"name":"Home","item":"https:\/\/www.purejewels.com\/"},{"@type":"ListItem","position":2,"name":"Shop","item":"https:\/\/www.purejewels.com\/shop\/"},{"@type":"ListItem","position":3,"name":"Trinetra Shiva Platinum Pendant"}]},{"@type":"WebSite","@id":"https:\/\/www.purejewels.com\/#website","url":"https:\/\/www.purejewels.com\/","name":"PureJewels \u0130ngiltere","description":"Sevgiyi Payla\u015f\u0131n","publisher":{"@id":"https:\/\/www.purejewels.com\/#organization"},"potentialAction":[{"@type":"SearchAction","target":{"@type":"EntryPoint","urlTemplate":"https:\/\/www.purejewels.com\/?s={search_term_string}"},"query-input":{"@type":"PropertyValueSpecification","valueRequired":true,"valueName":"search_term_string"}}],"inLanguage":"tr"},{"@type":"Organization","@id":"https:\/\/www.purejewels.com\/#organization","name":"PureJewels \u0130ngiltere","url":"https:\/\/www.purejewels.com\/","logo":{"@type":"ImageObject","inLanguage":"tr","@id":"https:\/\/www.purejewels.com\/#\/schema\/logo\/image\/","url":"https:\/\/static.purejewels.com\/wp-content\/uploads\/2020\/11\/Logo-PJ-New-1.png","contentUrl":"https:\/\/static.purejewels.com\/wp-content\/uploads\/2020\/11\/Logo-PJ-New-1.png","width":150,"height":80,"caption":"PureJewels UK"},"image":{"@id":"https:\/\/www.purejewels.com\/#\/schema\/logo\/image\/"}}]}},"_links":{"self":[{"href":"https:\/\/www.purejewels.com\/tr\/wp-json\/wp\/v2\/product\/408018","targetHints":{"allow":["GET"]}}],"collection":[{"href":"https:\/\/www.purejewels.com\/tr\/wp-json\/wp\/v2\/product"}],"about":[{"href":"https:\/\/www.purejewels.com\/tr\/wp-json\/wp\/v2\/types\/product"}],"replies":[{"embeddable":true,"href":"https:\/\/www.purejewels.com\/tr\/wp-json\/wp\/v2\/comments?post=408018"}],"version-history":[{"count":2,"href":"https:\/\/www.purejewels.com\/tr\/wp-json\/wp\/v2\/product\/408018\/revisions"}],"predecessor-version":[{"id":408023,"href":"https:\/\/www.purejewels.com\/tr\/wp-json\/wp\/v2\/product\/408018\/revisions\/408023"}],"wp:featuredmedia":[{"embeddable":true,"href":"https:\/\/www.purejewels.com\/tr\/wp-json\/wp\/v2\/media\/408022"}],"wp:attachment":[{"href":"https:\/\/www.purejewels.com\/tr\/wp-json\/wp\/v2\/media?parent=408018"}],"wp:term":[{"taxonomy":"product_brand","embeddable":true,"href":"https:\/\/www.purejewels.com\/tr\/wp-json\/wp\/v2\/product_brand?post=408018"},{"taxonomy":"product_cat","embeddable":true,"href":"https:\/\/www.purejewels.com\/tr\/wp-json\/wp\/v2\/product_cat?post=408018"},{"taxonomy":"product_tag","embeddable":true,"href":"https:\/\/www.purejewels.com\/tr\/wp-json\/wp\/v2\/product_tag?post=408018"}],"curies":[{"name":"wp","href":"https:\/\/api.w.org\/{rel}","templated":true}]}}