{"id":408162,"date":"2025-05-31T08:15:22","date_gmt":"2025-05-31T07:15:22","guid":{"rendered":"https:\/\/www.purejewels.com\/?post_type=product&#038;p=408162"},"modified":"2026-02-18T06:50:46","modified_gmt":"2026-02-18T06:50:46","slug":"duolight-tektas-yuzuk-34480","status":"publish","type":"product","link":"https:\/\/www.purejewels.com\/tr\/product\/duolight-solitaire-ring-34480\/","title":{"rendered":"18 Ayar Sar\u0131 Alt\u0131n Tekta\u015f Y\u00fcz\u00fck"},"content":{"rendered":"<p>DuoLight Tekta\u015f Y\u00fcz\u00fck, 18 ayar sar\u0131 alt\u0131n\u0131n s\u0131cakl\u0131\u011f\u0131n\u0131n beyaz alt\u0131n \u00e7i\u00e7ekli \u00e7atal ayar\u0131n so\u011fuk parlakl\u0131\u011f\u0131yla bulu\u015ftu\u011fu zarif bir ikilik kutlamas\u0131d\u0131r. Kalbinde, nadir m\u00fckemmelli\u011fi simgeleyen G renk ve IF berrakl\u0131k dereceli 0,85 ct yuvarlak p\u0131rlanta kesim bir elmas parl\u0131yor. Hafif\u00e7e sivriltilmi\u015f \u015faft, her harekette zarif bir \u0131\u015f\u0131lt\u0131 katan pav\u00e9-set p\u0131rlantalarla s\u00fcslenmi\u015ftir. Zarif, modern ve zamans\u0131z olan bu y\u00fcz\u00fck, kontrastta uyum ve detayda parlakl\u0131k arayanlar i\u00e7in m\u00fckemmeldir.<\/p>","protected":false},"excerpt":{"rendered":"<p data-start=\"254\" data-end=\"490\">I\u015f\u0131lt\u0131l\u0131 18 ayar alt\u0131ndan \u00fcretilen DuoLight Tekta\u015f Y\u00fcz\u00fck, s\u0131cakl\u0131k ve parlakl\u0131\u011f\u0131 bir araya getiriyor. 0,85 ct yuvarlak p\u0131rlanta, \u00e7i\u00e7eklerden ilham alan beyaz alt\u0131n bir ayarda dururken, pav\u00e9 p\u0131rlantalar daha fazla parlakl\u0131k i\u00e7in omuzlar boyunca uzan\u0131yor.<\/p>\n<p data-start=\"254\" data-end=\"490\"><strong>Malzeme:<\/strong> 18 Ayar Alt\u0131n<strong><br \/>\nHallmark:\u00a0<\/strong>\u0130ngiliz Damgas\u0131<strong><br \/>\nDo\u011fal Elmas A\u011f\u0131rl\u0131\u011f\u0131: <\/strong>Toplam 0,85 ct<br \/>\n<strong>Elmas rengi:<\/strong>\u00a0G<br \/>\n<strong>Elmas Berrakl\u0131\u011f\u0131:<\/strong> E\u011eER<br \/>\n<strong>SKU:<\/strong> 34480<\/p>\n<p data-start=\"254\" data-end=\"490\"><strong>Fiyat ve Teslimat: <\/strong>KDV ve teslimat \u00fccretleri dahil<strong><br \/>\n<a href=\"https:\/\/www.purejewels.com\/tr\/i%cc%87ade-poli%cc%87ti%cc%87kasi\/\">\u0130ade Politikas\u0131<\/a><\/strong><\/p>","protected":false},"featured_media":408163,"comment_status":"closed","ping_status":"closed","template":"","meta":{"_eb_attr":"","_crsspst_to_jayantr4sg-hostcom":false},"product_brand":[],"product_cat":[5679,6085,1679,1791,1559,5457,5460,1796,1783,1786,6042,1569,1574],"product_tag":[],"class_list":{"0":"post-408162","1":"product","2":"type-product","3":"status-publish","4":"has-post-thumbnail","6":"product_cat-18ct-gold-jewellery","7":"product_cat-18ct-gold-ring","8":"product_cat-18ct-gold-rings","9":"product_cat-anniversary-gifts","10":"product_cat-birthday-gifts","11":"product_cat-diamond-jewellery","12":"product_cat-diamond-ring","13":"product_cat-diamond-rings","14":"product_cat-ladies-rings","15":"product_cat-occasional-wear-rings","16":"product_cat-solitaire-ring","17":"product_cat-valentine-day-gifts","18":"product_cat-womens-jewellery","20":"first","21":"outofstock","22":"featured","23":"taxable","24":"shipping-taxable","25":"product-type-simple","26":"add-to-wishlist-before_image"},"yoast_head":"<!-- This site is optimized with the Yoast SEO plugin v27.3 - https:\/\/yoast.com\/product\/yoast-seo-wordpress\/ -->\n<title>DuoLight Solitaire Ring \u2013 0.85ct Diamond in 18ct Gold<\/title>\n<meta name=\"description\" content=\"Discover the DuoLight Solitaire Ring, featuring a 0.85ct round diamond in 18ct gold. A graceful fusion of yellow and white gold with pav\u00e9 shoulders.\" \/>\n<meta name=\"robots\" content=\"index, follow, max-snippet:-1, max-image-preview:large, max-video-preview:-1\" \/>\n<link rel=\"canonical\" href=\"https:\/\/www.purejewels.com\/tr\/urun\/duolight-tektas-yuzuk-34480\/\" \/>\n<meta property=\"og:locale\" content=\"tr_TR\" \/>\n<meta property=\"og:type\" content=\"article\" \/>\n<meta property=\"og:title\" content=\"DuoLight Solitaire Ring \u2013 0.85ct Diamond in 18ct Gold\" \/>\n<meta property=\"og:description\" content=\"Discover the DuoLight Solitaire Ring, featuring a 0.85ct round diamond in 18ct gold. A graceful fusion of yellow and white gold with pav\u00e9 shoulders.\" \/>\n<meta property=\"og:url\" content=\"https:\/\/www.purejewels.com\/tr\/urun\/duolight-tektas-yuzuk-34480\/\" \/>\n<meta property=\"og:site_name\" content=\"PureJewels UK\" \/>\n<meta property=\"article:modified_time\" content=\"2026-02-18T06:50:46+00:00\" \/>\n<meta property=\"og:image\" content=\"https:\/\/static.purejewels.com\/wp-content\/uploads\/2025\/07\/SKU-34480-34384.jpg\" \/>\n\t<meta property=\"og:image:width\" content=\"1000\" \/>\n\t<meta property=\"og:image:height\" content=\"1000\" \/>\n\t<meta property=\"og:image:type\" content=\"image\/jpeg\" \/>\n<meta name=\"twitter:card\" content=\"summary_large_image\" \/>\n<script type=\"application\/ld+json\" class=\"yoast-schema-graph\">{\"@context\":\"https:\\\/\\\/schema.org\",\"@graph\":[{\"@type\":[\"WebPage\",\"ItemPage\"],\"@id\":\"https:\\\/\\\/www.purejewels.com\\\/product\\\/duolight-solitaire-ring-34480\\\/\",\"url\":\"https:\\\/\\\/www.purejewels.com\\\/product\\\/duolight-solitaire-ring-34480\\\/\",\"name\":\"DuoLight Solitaire Ring \u2013 0.85ct Diamond in 18ct Gold\",\"isPartOf\":{\"@id\":\"https:\\\/\\\/www.purejewels.com\\\/#website\"},\"primaryImageOfPage\":{\"@id\":\"https:\\\/\\\/www.purejewels.com\\\/product\\\/duolight-solitaire-ring-34480\\\/#primaryimage\"},\"image\":{\"@id\":\"https:\\\/\\\/www.purejewels.com\\\/product\\\/duolight-solitaire-ring-34480\\\/#primaryimage\"},\"thumbnailUrl\":\"https:\\\/\\\/static.purejewels.com\\\/wp-content\\\/uploads\\\/2025\\\/07\\\/SKU-34480-34384.jpg\",\"datePublished\":\"2025-05-31T07:15:22+00:00\",\"dateModified\":\"2026-02-18T06:50:46+00:00\",\"description\":\"Discover the DuoLight Solitaire Ring, featuring a 0.85ct round diamond in 18ct gold. A graceful fusion of yellow and white gold with pav\u00e9 shoulders.\",\"breadcrumb\":{\"@id\":\"https:\\\/\\\/www.purejewels.com\\\/product\\\/duolight-solitaire-ring-34480\\\/#breadcrumb\"},\"inLanguage\":\"tr\",\"potentialAction\":[{\"@type\":\"ReadAction\",\"target\":[\"https:\\\/\\\/www.purejewels.com\\\/product\\\/duolight-solitaire-ring-34480\\\/\"]}]},{\"@type\":\"ImageObject\",\"inLanguage\":\"tr\",\"@id\":\"https:\\\/\\\/www.purejewels.com\\\/product\\\/duolight-solitaire-ring-34480\\\/#primaryimage\",\"url\":\"https:\\\/\\\/static.purejewels.com\\\/wp-content\\\/uploads\\\/2025\\\/07\\\/SKU-34480-34384.jpg\",\"contentUrl\":\"https:\\\/\\\/static.purejewels.com\\\/wp-content\\\/uploads\\\/2025\\\/07\\\/SKU-34480-34384.jpg\",\"width\":1000,\"height\":1000,\"caption\":\"Stacked from 8 images. Method=B (R=8,S=4)\"},{\"@type\":\"BreadcrumbList\",\"@id\":\"https:\\\/\\\/www.purejewels.com\\\/product\\\/duolight-solitaire-ring-34480\\\/#breadcrumb\",\"itemListElement\":[{\"@type\":\"ListItem\",\"position\":1,\"name\":\"Home\",\"item\":\"https:\\\/\\\/www.purejewels.com\\\/\"},{\"@type\":\"ListItem\",\"position\":2,\"name\":\"Shop\",\"item\":\"https:\\\/\\\/www.purejewels.com\\\/shop\\\/\"},{\"@type\":\"ListItem\",\"position\":3,\"name\":\"18ct Yellow Gold Solitaire Ring\"}]},{\"@type\":\"WebSite\",\"@id\":\"https:\\\/\\\/www.purejewels.com\\\/#website\",\"url\":\"https:\\\/\\\/www.purejewels.com\\\/\",\"name\":\"PureJewels UK\",\"description\":\"Share the Love\",\"publisher\":{\"@id\":\"https:\\\/\\\/www.purejewels.com\\\/#organization\"},\"potentialAction\":[{\"@type\":\"SearchAction\",\"target\":{\"@type\":\"EntryPoint\",\"urlTemplate\":\"https:\\\/\\\/www.purejewels.com\\\/?s={search_term_string}\"},\"query-input\":{\"@type\":\"PropertyValueSpecification\",\"valueRequired\":true,\"valueName\":\"search_term_string\"}}],\"inLanguage\":\"tr\"},{\"@type\":\"Organization\",\"@id\":\"https:\\\/\\\/www.purejewels.com\\\/#organization\",\"name\":\"PureJewels UK\",\"url\":\"https:\\\/\\\/www.purejewels.com\\\/\",\"logo\":{\"@type\":\"ImageObject\",\"inLanguage\":\"tr\",\"@id\":\"https:\\\/\\\/www.purejewels.com\\\/#\\\/schema\\\/logo\\\/image\\\/\",\"url\":\"https:\\\/\\\/static.purejewels.com\\\/wp-content\\\/uploads\\\/2020\\\/11\\\/Logo-PJ-New-1.png\",\"contentUrl\":\"https:\\\/\\\/static.purejewels.com\\\/wp-content\\\/uploads\\\/2020\\\/11\\\/Logo-PJ-New-1.png\",\"width\":150,\"height\":80,\"caption\":\"PureJewels UK\"},\"image\":{\"@id\":\"https:\\\/\\\/www.purejewels.com\\\/#\\\/schema\\\/logo\\\/image\\\/\"}}]}<\/script>\n<!-- \/ Yoast SEO plugin. -->","yoast_head_json":{"title":"DuoLight Tekta\u015f Y\u00fcz\u00fck - 18 Ayar Alt\u0131nda 0,85 Ct P\u0131rlanta","description":"18 ayar alt\u0131ndan 0,85 ct yuvarlak p\u0131rlanta i\u00e7eren DuoLight Tekta\u015f Y\u00fcz\u00fc\u011f\u00fc ke\u015ffedin. Sar\u0131 ve beyaz alt\u0131n\u0131n pav\u00e9 omuzlarla zarif bir birle\u015fimi.","robots":{"index":"index","follow":"follow","max-snippet":"max-snippet:-1","max-image-preview":"max-image-preview:large","max-video-preview":"max-video-preview:-1"},"canonical":"https:\/\/www.purejewels.com\/tr\/urun\/duolight-tektas-yuzuk-34480\/","og_locale":"tr_TR","og_type":"article","og_title":"DuoLight Solitaire Ring \u2013 0.85ct Diamond in 18ct Gold","og_description":"Discover the DuoLight Solitaire Ring, featuring a 0.85ct round diamond in 18ct gold. A graceful fusion of yellow and white gold with pav\u00e9 shoulders.","og_url":"https:\/\/www.purejewels.com\/tr\/urun\/duolight-tektas-yuzuk-34480\/","og_site_name":"PureJewels UK","article_modified_time":"2026-02-18T06:50:46+00:00","og_image":[{"width":1000,"height":1000,"url":"https:\/\/static.purejewels.com\/wp-content\/uploads\/2025\/07\/SKU-34480-34384.jpg","type":"image\/jpeg"}],"twitter_card":"summary_large_image","schema":{"@context":"https:\/\/schema.org","@graph":[{"@type":["WebPage","ItemPage"],"@id":"https:\/\/www.purejewels.com\/product\/duolight-solitaire-ring-34480\/","url":"https:\/\/www.purejewels.com\/product\/duolight-solitaire-ring-34480\/","name":"DuoLight Tekta\u015f Y\u00fcz\u00fck - 18 Ayar Alt\u0131nda 0,85 Ct P\u0131rlanta","isPartOf":{"@id":"https:\/\/www.purejewels.com\/#website"},"primaryImageOfPage":{"@id":"https:\/\/www.purejewels.com\/product\/duolight-solitaire-ring-34480\/#primaryimage"},"image":{"@id":"https:\/\/www.purejewels.com\/product\/duolight-solitaire-ring-34480\/#primaryimage"},"thumbnailUrl":"https:\/\/static.purejewels.com\/wp-content\/uploads\/2025\/07\/SKU-34480-34384.jpg","datePublished":"2025-05-31T07:15:22+00:00","dateModified":"2026-02-18T06:50:46+00:00","description":"18 ayar alt\u0131ndan 0,85 ct yuvarlak p\u0131rlanta i\u00e7eren DuoLight Tekta\u015f Y\u00fcz\u00fc\u011f\u00fc ke\u015ffedin. Sar\u0131 ve beyaz alt\u0131n\u0131n pav\u00e9 omuzlarla zarif bir birle\u015fimi.","breadcrumb":{"@id":"https:\/\/www.purejewels.com\/product\/duolight-solitaire-ring-34480\/#breadcrumb"},"inLanguage":"tr","potentialAction":[{"@type":"ReadAction","target":["https:\/\/www.purejewels.com\/product\/duolight-solitaire-ring-34480\/"]}]},{"@type":"ImageObject","inLanguage":"tr","@id":"https:\/\/www.purejewels.com\/product\/duolight-solitaire-ring-34480\/#primaryimage","url":"https:\/\/static.purejewels.com\/wp-content\/uploads\/2025\/07\/SKU-34480-34384.jpg","contentUrl":"https:\/\/static.purejewels.com\/wp-content\/uploads\/2025\/07\/SKU-34480-34384.jpg","width":1000,"height":1000,"caption":"Stacked from 8 images. Method=B (R=8,S=4)"},{"@type":"BreadcrumbList","@id":"https:\/\/www.purejewels.com\/product\/duolight-solitaire-ring-34480\/#breadcrumb","itemListElement":[{"@type":"ListItem","position":1,"name":"Home","item":"https:\/\/www.purejewels.com\/"},{"@type":"ListItem","position":2,"name":"Shop","item":"https:\/\/www.purejewels.com\/shop\/"},{"@type":"ListItem","position":3,"name":"18ct Yellow Gold Solitaire Ring"}]},{"@type":"WebSite","@id":"https:\/\/www.purejewels.com\/#website","url":"https:\/\/www.purejewels.com\/","name":"PureJewels \u0130ngiltere","description":"Sevgiyi Payla\u015f\u0131n","publisher":{"@id":"https:\/\/www.purejewels.com\/#organization"},"potentialAction":[{"@type":"SearchAction","target":{"@type":"EntryPoint","urlTemplate":"https:\/\/www.purejewels.com\/?s={search_term_string}"},"query-input":{"@type":"PropertyValueSpecification","valueRequired":true,"valueName":"search_term_string"}}],"inLanguage":"tr"},{"@type":"Organization","@id":"https:\/\/www.purejewels.com\/#organization","name":"PureJewels \u0130ngiltere","url":"https:\/\/www.purejewels.com\/","logo":{"@type":"ImageObject","inLanguage":"tr","@id":"https:\/\/www.purejewels.com\/#\/schema\/logo\/image\/","url":"https:\/\/static.purejewels.com\/wp-content\/uploads\/2020\/11\/Logo-PJ-New-1.png","contentUrl":"https:\/\/static.purejewels.com\/wp-content\/uploads\/2020\/11\/Logo-PJ-New-1.png","width":150,"height":80,"caption":"PureJewels UK"},"image":{"@id":"https:\/\/www.purejewels.com\/#\/schema\/logo\/image\/"}}]}},"_links":{"self":[{"href":"https:\/\/www.purejewels.com\/tr\/wp-json\/wp\/v2\/product\/408162","targetHints":{"allow":["GET"]}}],"collection":[{"href":"https:\/\/www.purejewels.com\/tr\/wp-json\/wp\/v2\/product"}],"about":[{"href":"https:\/\/www.purejewels.com\/tr\/wp-json\/wp\/v2\/types\/product"}],"replies":[{"embeddable":true,"href":"https:\/\/www.purejewels.com\/tr\/wp-json\/wp\/v2\/comments?post=408162"}],"version-history":[{"count":3,"href":"https:\/\/www.purejewels.com\/tr\/wp-json\/wp\/v2\/product\/408162\/revisions"}],"predecessor-version":[{"id":413138,"href":"https:\/\/www.purejewels.com\/tr\/wp-json\/wp\/v2\/product\/408162\/revisions\/413138"}],"wp:featuredmedia":[{"embeddable":true,"href":"https:\/\/www.purejewels.com\/tr\/wp-json\/wp\/v2\/media\/408163"}],"wp:attachment":[{"href":"https:\/\/www.purejewels.com\/tr\/wp-json\/wp\/v2\/media?parent=408162"}],"wp:term":[{"taxonomy":"product_brand","embeddable":true,"href":"https:\/\/www.purejewels.com\/tr\/wp-json\/wp\/v2\/product_brand?post=408162"},{"taxonomy":"product_cat","embeddable":true,"href":"https:\/\/www.purejewels.com\/tr\/wp-json\/wp\/v2\/product_cat?post=408162"},{"taxonomy":"product_tag","embeddable":true,"href":"https:\/\/www.purejewels.com\/tr\/wp-json\/wp\/v2\/product_tag?post=408162"}],"curies":[{"name":"wp","href":"https:\/\/api.w.org\/{rel}","templated":true}]}}