{"id":408168,"date":"2025-06-30T08:48:29","date_gmt":"2025-06-30T07:48:29","guid":{"rendered":"https:\/\/www.purejewels.com\/?post_type=product&#038;p=408168"},"modified":"2026-02-18T06:45:25","modified_gmt":"2026-02-18T06:45:25","slug":"aurora-soz-yuzugu-34384","status":"publish","type":"product","link":"https:\/\/www.purejewels.com\/tr\/product\/aurora-promise-ring-34384\/","title":{"rendered":"18 Ayar Sar\u0131 Alt\u0131n S\u00f6z Y\u00fcz\u00fc\u011f\u00fc"},"content":{"rendered":"<p>Bu <strong data-start=\"477\" data-end=\"500\">Aurora S\u00f6z Y\u00fcz\u00fc\u011f\u00fc<\/strong> ba\u011fl\u0131l\u0131\u011f\u0131n ve yeni ba\u015flang\u0131\u00e7lar\u0131n \u0131\u015f\u0131lt\u0131l\u0131 bir ifadesidir. Kalbinde, \u00e7i\u00e7ek a\u00e7an bir \u00e7i\u00e7e\u011fin narinli\u011fini \u00e7a\u011fr\u0131\u015ft\u0131ran \u00e7i\u00e7eklerden ilham alan beyaz alt\u0131n bir pen\u00e7e ayar\u0131 ile sar\u0131lm\u0131\u015f 0.16ct yuvarlak p\u0131rlanta kesim p\u0131rlanta (G renk, IF berrakl\u0131k) yat\u0131yor. 18 ayar sar\u0131 alt\u0131ndan \u00fcretilen konik bant, \u015fafak vaktindeki y\u0131ld\u0131z \u0131\u015f\u0131\u011f\u0131n\u0131 yans\u0131tacak \u015fekilde tasarlanm\u0131\u015f pav\u00e9 p\u0131rlanta izleriyle vurgulanm\u0131\u015ft\u0131r. S\u0131cakl\u0131\u011f\u0131 parlakl\u0131kla dengeleyen bu \u00e7ift tonlu ni\u015fan y\u00fcz\u00fc\u011f\u00fc, a\u015fk\u0131n yolculu\u011funun zamans\u0131z bir sembol\u00fcd\u00fcr ve g\u00fczelli\u011fe, vaatlere ve sonsuzlu\u011fa inananlar i\u00e7in el yap\u0131m\u0131d\u0131r.<\/p>","protected":false},"excerpt":{"rendered":"<p data-start=\"254\" data-end=\"490\">Sonsuzlu\u011fun ilk \u0131\u015f\u0131\u011f\u0131n\u0131 simgeleyen Aurora S\u00f6z Y\u00fcz\u00fc\u011f\u00fc, a\u015fk\u0131 \u00e7i\u00e7ek a\u00e7arken yakal\u0131yor. Merkezinde \u0131\u015f\u0131ldayan 0.16ct yuvarlak p\u0131rlanta, 18ct alt\u0131ndan pav\u00e9-set omuzlarla \u00e7er\u00e7evelenmi\u015ftir.<\/p>\n<p data-start=\"254\" data-end=\"490\"><strong>Malzeme:<\/strong> 18 Ayar Alt\u0131n<strong><br \/>\nHallmark:\u00a0<\/strong>\u0130ngiliz Damgas\u0131<strong><br \/>\nDo\u011fal Elmas A\u011f\u0131rl\u0131\u011f\u0131: <\/strong>Toplam 0,16 ct<br \/>\n<strong>Elmas rengi:<\/strong> E<br \/>\n<strong>Elmas Berrakl\u0131\u011f\u0131:<\/strong> VVS<br \/>\n<strong>Y\u00fcz\u00fck \u00d6l\u00e7\u00fcs\u00fc:<\/strong> L 1\/2<br \/>\n<strong>SKU:<\/strong> 34384<\/p>\n<p data-start=\"254\" data-end=\"490\"><strong>Fiyat ve Teslimat: <\/strong>KDV ve teslimat \u00fccretleri dahil<strong><br \/>\n<a href=\"https:\/\/www.purejewels.com\/tr\/i%cc%87ade-poli%cc%87ti%cc%87kasi\/\">\u0130ade Politikas\u0131<\/a><\/strong><\/p>","protected":false},"featured_media":408163,"comment_status":"closed","ping_status":"closed","template":"","meta":{"_eb_attr":"","_crsspst_to_jayantr4sg-hostcom":false},"product_brand":[],"product_cat":[5679,6085,1679,1791,1559,5457,5460,1796,1783,6042,1569,1574],"product_tag":[],"class_list":{"0":"post-408168","1":"product","2":"type-product","3":"status-publish","4":"has-post-thumbnail","6":"product_cat-18ct-gold-jewellery","7":"product_cat-18ct-gold-ring","8":"product_cat-18ct-gold-rings","9":"product_cat-anniversary-gifts","10":"product_cat-birthday-gifts","11":"product_cat-diamond-jewellery","12":"product_cat-diamond-ring","13":"product_cat-diamond-rings","14":"product_cat-ladies-rings","15":"product_cat-solitaire-ring","16":"product_cat-valentine-day-gifts","17":"product_cat-womens-jewellery","19":"first","20":"outofstock","21":"featured","22":"taxable","23":"shipping-taxable","24":"product-type-simple","25":"add-to-wishlist-before_image"},"yoast_head":"<!-- This site is optimized with the Yoast SEO plugin v27.5 - https:\/\/yoast.com\/product\/yoast-seo-wordpress\/ -->\n<title>Aurora Promise Ring \u2013 0.16ct Diamond Engagement Ring<\/title>\n<meta name=\"description\" content=\"Celebrate love with the Aurora Promise Ring. Featuring a 0.16ct round brilliant diamond in 18ct dual-tone gold with pav\u00e9 shoulders\u2014an elegant engagement classic.\" \/>\n<meta name=\"robots\" content=\"index, follow, max-snippet:-1, max-image-preview:large, max-video-preview:-1\" \/>\n<link rel=\"canonical\" href=\"https:\/\/www.purejewels.com\/tr\/urun\/aurora-soz-yuzugu-34384\/\" \/>\n<meta property=\"og:locale\" content=\"tr_TR\" \/>\n<meta property=\"og:type\" content=\"article\" \/>\n<meta property=\"og:title\" content=\"Aurora Promise Ring \u2013 0.16ct Diamond Engagement Ring\" \/>\n<meta property=\"og:description\" content=\"Celebrate love with the Aurora Promise Ring. Featuring a 0.16ct round brilliant diamond in 18ct dual-tone gold with pav\u00e9 shoulders\u2014an elegant engagement classic.\" \/>\n<meta property=\"og:url\" content=\"https:\/\/www.purejewels.com\/tr\/urun\/aurora-soz-yuzugu-34384\/\" \/>\n<meta property=\"og:site_name\" content=\"PureJewels UK\" \/>\n<meta property=\"article:modified_time\" content=\"2026-02-18T06:45:25+00:00\" \/>\n<meta property=\"og:image\" content=\"https:\/\/static.purejewels.com\/wp-content\/uploads\/2025\/07\/SKU-34480-34384.jpg\" \/>\n\t<meta property=\"og:image:width\" content=\"1000\" \/>\n\t<meta property=\"og:image:height\" content=\"1000\" \/>\n\t<meta property=\"og:image:type\" content=\"image\/jpeg\" \/>\n<meta name=\"twitter:card\" content=\"summary_large_image\" \/>\n<script type=\"application\/ld+json\" class=\"yoast-schema-graph\">{\"@context\":\"https:\\\/\\\/schema.org\",\"@graph\":[{\"@type\":[\"WebPage\",\"ItemPage\"],\"@id\":\"https:\\\/\\\/www.purejewels.com\\\/product\\\/aurora-promise-ring-34384\\\/\",\"url\":\"https:\\\/\\\/www.purejewels.com\\\/product\\\/aurora-promise-ring-34384\\\/\",\"name\":\"Aurora Promise Ring \u2013 0.16ct Diamond Engagement Ring\",\"isPartOf\":{\"@id\":\"https:\\\/\\\/www.purejewels.com\\\/#website\"},\"primaryImageOfPage\":{\"@id\":\"https:\\\/\\\/www.purejewels.com\\\/product\\\/aurora-promise-ring-34384\\\/#primaryimage\"},\"image\":{\"@id\":\"https:\\\/\\\/www.purejewels.com\\\/product\\\/aurora-promise-ring-34384\\\/#primaryimage\"},\"thumbnailUrl\":\"https:\\\/\\\/static.purejewels.com\\\/wp-content\\\/uploads\\\/2025\\\/07\\\/SKU-34480-34384.jpg\",\"datePublished\":\"2025-06-30T07:48:29+00:00\",\"dateModified\":\"2026-02-18T06:45:25+00:00\",\"description\":\"Celebrate love with the Aurora Promise Ring. Featuring a 0.16ct round brilliant diamond in 18ct dual-tone gold with pav\u00e9 shoulders\u2014an elegant engagement classic.\",\"breadcrumb\":{\"@id\":\"https:\\\/\\\/www.purejewels.com\\\/product\\\/aurora-promise-ring-34384\\\/#breadcrumb\"},\"inLanguage\":\"tr\",\"potentialAction\":[{\"@type\":\"ReadAction\",\"target\":[\"https:\\\/\\\/www.purejewels.com\\\/product\\\/aurora-promise-ring-34384\\\/\"]}]},{\"@type\":\"ImageObject\",\"inLanguage\":\"tr\",\"@id\":\"https:\\\/\\\/www.purejewels.com\\\/product\\\/aurora-promise-ring-34384\\\/#primaryimage\",\"url\":\"https:\\\/\\\/static.purejewels.com\\\/wp-content\\\/uploads\\\/2025\\\/07\\\/SKU-34480-34384.jpg\",\"contentUrl\":\"https:\\\/\\\/static.purejewels.com\\\/wp-content\\\/uploads\\\/2025\\\/07\\\/SKU-34480-34384.jpg\",\"width\":1000,\"height\":1000,\"caption\":\"Stacked from 8 images. Method=B (R=8,S=4)\"},{\"@type\":\"BreadcrumbList\",\"@id\":\"https:\\\/\\\/www.purejewels.com\\\/product\\\/aurora-promise-ring-34384\\\/#breadcrumb\",\"itemListElement\":[{\"@type\":\"ListItem\",\"position\":1,\"name\":\"Home\",\"item\":\"https:\\\/\\\/www.purejewels.com\\\/\"},{\"@type\":\"ListItem\",\"position\":2,\"name\":\"Shop\",\"item\":\"https:\\\/\\\/www.purejewels.com\\\/shop\\\/\"},{\"@type\":\"ListItem\",\"position\":3,\"name\":\"18ct Yellow Gold Promise Ring\"}]},{\"@type\":\"WebSite\",\"@id\":\"https:\\\/\\\/www.purejewels.com\\\/#website\",\"url\":\"https:\\\/\\\/www.purejewels.com\\\/\",\"name\":\"PureJewels UK\",\"description\":\"Share the Love\",\"publisher\":{\"@id\":\"https:\\\/\\\/www.purejewels.com\\\/#organization\"},\"potentialAction\":[{\"@type\":\"SearchAction\",\"target\":{\"@type\":\"EntryPoint\",\"urlTemplate\":\"https:\\\/\\\/www.purejewels.com\\\/?s={search_term_string}\"},\"query-input\":{\"@type\":\"PropertyValueSpecification\",\"valueRequired\":true,\"valueName\":\"search_term_string\"}}],\"inLanguage\":\"tr\"},{\"@type\":\"Organization\",\"@id\":\"https:\\\/\\\/www.purejewels.com\\\/#organization\",\"name\":\"PureJewels UK\",\"url\":\"https:\\\/\\\/www.purejewels.com\\\/\",\"logo\":{\"@type\":\"ImageObject\",\"inLanguage\":\"tr\",\"@id\":\"https:\\\/\\\/www.purejewels.com\\\/#\\\/schema\\\/logo\\\/image\\\/\",\"url\":\"https:\\\/\\\/static.purejewels.com\\\/wp-content\\\/uploads\\\/2020\\\/11\\\/Logo-PJ-New-1.png\",\"contentUrl\":\"https:\\\/\\\/static.purejewels.com\\\/wp-content\\\/uploads\\\/2020\\\/11\\\/Logo-PJ-New-1.png\",\"width\":150,\"height\":80,\"caption\":\"PureJewels UK\"},\"image\":{\"@id\":\"https:\\\/\\\/www.purejewels.com\\\/#\\\/schema\\\/logo\\\/image\\\/\"}}]}<\/script>\n<!-- \/ Yoast SEO plugin. -->","yoast_head_json":{"title":"Aurora S\u00f6z Y\u00fcz\u00fc\u011f\u00fc - 0,16ct P\u0131rlanta Ni\u015fan Y\u00fcz\u00fc\u011f\u00fc","description":"Aurora S\u00f6z Y\u00fcz\u00fc\u011f\u00fc ile a\u015fk\u0131 kutlay\u0131n. Pav\u00e9 omuzlu 18 ayar \u00e7ift tonlu alt\u0131ndan 0,16 ct yuvarlak p\u0131rlanta ile zarif bir ni\u015fan klasi\u011fi.","robots":{"index":"index","follow":"follow","max-snippet":"max-snippet:-1","max-image-preview":"max-image-preview:large","max-video-preview":"max-video-preview:-1"},"canonical":"https:\/\/www.purejewels.com\/tr\/urun\/aurora-soz-yuzugu-34384\/","og_locale":"tr_TR","og_type":"article","og_title":"Aurora Promise Ring \u2013 0.16ct Diamond Engagement Ring","og_description":"Celebrate love with the Aurora Promise Ring. Featuring a 0.16ct round brilliant diamond in 18ct dual-tone gold with pav\u00e9 shoulders\u2014an elegant engagement classic.","og_url":"https:\/\/www.purejewels.com\/tr\/urun\/aurora-soz-yuzugu-34384\/","og_site_name":"PureJewels UK","article_modified_time":"2026-02-18T06:45:25+00:00","og_image":[{"width":1000,"height":1000,"url":"https:\/\/static.purejewels.com\/wp-content\/uploads\/2025\/07\/SKU-34480-34384.jpg","type":"image\/jpeg"}],"twitter_card":"summary_large_image","schema":{"@context":"https:\/\/schema.org","@graph":[{"@type":["WebPage","ItemPage"],"@id":"https:\/\/www.purejewels.com\/product\/aurora-promise-ring-34384\/","url":"https:\/\/www.purejewels.com\/product\/aurora-promise-ring-34384\/","name":"Aurora S\u00f6z Y\u00fcz\u00fc\u011f\u00fc - 0,16ct P\u0131rlanta Ni\u015fan Y\u00fcz\u00fc\u011f\u00fc","isPartOf":{"@id":"https:\/\/www.purejewels.com\/#website"},"primaryImageOfPage":{"@id":"https:\/\/www.purejewels.com\/product\/aurora-promise-ring-34384\/#primaryimage"},"image":{"@id":"https:\/\/www.purejewels.com\/product\/aurora-promise-ring-34384\/#primaryimage"},"thumbnailUrl":"https:\/\/static.purejewels.com\/wp-content\/uploads\/2025\/07\/SKU-34480-34384.jpg","datePublished":"2025-06-30T07:48:29+00:00","dateModified":"2026-02-18T06:45:25+00:00","description":"Aurora S\u00f6z Y\u00fcz\u00fc\u011f\u00fc ile a\u015fk\u0131 kutlay\u0131n. Pav\u00e9 omuzlu 18 ayar \u00e7ift tonlu alt\u0131ndan 0,16 ct yuvarlak p\u0131rlanta ile zarif bir ni\u015fan klasi\u011fi.","breadcrumb":{"@id":"https:\/\/www.purejewels.com\/product\/aurora-promise-ring-34384\/#breadcrumb"},"inLanguage":"tr","potentialAction":[{"@type":"ReadAction","target":["https:\/\/www.purejewels.com\/product\/aurora-promise-ring-34384\/"]}]},{"@type":"ImageObject","inLanguage":"tr","@id":"https:\/\/www.purejewels.com\/product\/aurora-promise-ring-34384\/#primaryimage","url":"https:\/\/static.purejewels.com\/wp-content\/uploads\/2025\/07\/SKU-34480-34384.jpg","contentUrl":"https:\/\/static.purejewels.com\/wp-content\/uploads\/2025\/07\/SKU-34480-34384.jpg","width":1000,"height":1000,"caption":"Stacked from 8 images. Method=B (R=8,S=4)"},{"@type":"BreadcrumbList","@id":"https:\/\/www.purejewels.com\/product\/aurora-promise-ring-34384\/#breadcrumb","itemListElement":[{"@type":"ListItem","position":1,"name":"Home","item":"https:\/\/www.purejewels.com\/"},{"@type":"ListItem","position":2,"name":"Shop","item":"https:\/\/www.purejewels.com\/shop\/"},{"@type":"ListItem","position":3,"name":"18ct Yellow Gold Promise Ring"}]},{"@type":"WebSite","@id":"https:\/\/www.purejewels.com\/#website","url":"https:\/\/www.purejewels.com\/","name":"PureJewels \u0130ngiltere","description":"Sevgiyi Payla\u015f\u0131n","publisher":{"@id":"https:\/\/www.purejewels.com\/#organization"},"potentialAction":[{"@type":"SearchAction","target":{"@type":"EntryPoint","urlTemplate":"https:\/\/www.purejewels.com\/?s={search_term_string}"},"query-input":{"@type":"PropertyValueSpecification","valueRequired":true,"valueName":"search_term_string"}}],"inLanguage":"tr"},{"@type":"Organization","@id":"https:\/\/www.purejewels.com\/#organization","name":"PureJewels \u0130ngiltere","url":"https:\/\/www.purejewels.com\/","logo":{"@type":"ImageObject","inLanguage":"tr","@id":"https:\/\/www.purejewels.com\/#\/schema\/logo\/image\/","url":"https:\/\/static.purejewels.com\/wp-content\/uploads\/2020\/11\/Logo-PJ-New-1.png","contentUrl":"https:\/\/static.purejewels.com\/wp-content\/uploads\/2020\/11\/Logo-PJ-New-1.png","width":150,"height":80,"caption":"PureJewels UK"},"image":{"@id":"https:\/\/www.purejewels.com\/#\/schema\/logo\/image\/"}}]}},"_links":{"self":[{"href":"https:\/\/www.purejewels.com\/tr\/wp-json\/wp\/v2\/product\/408168","targetHints":{"allow":["GET"]}}],"collection":[{"href":"https:\/\/www.purejewels.com\/tr\/wp-json\/wp\/v2\/product"}],"about":[{"href":"https:\/\/www.purejewels.com\/tr\/wp-json\/wp\/v2\/types\/product"}],"replies":[{"embeddable":true,"href":"https:\/\/www.purejewels.com\/tr\/wp-json\/wp\/v2\/comments?post=408168"}],"version-history":[{"count":3,"href":"https:\/\/www.purejewels.com\/tr\/wp-json\/wp\/v2\/product\/408168\/revisions"}],"predecessor-version":[{"id":413137,"href":"https:\/\/www.purejewels.com\/tr\/wp-json\/wp\/v2\/product\/408168\/revisions\/413137"}],"wp:featuredmedia":[{"embeddable":true,"href":"https:\/\/www.purejewels.com\/tr\/wp-json\/wp\/v2\/media\/408163"}],"wp:attachment":[{"href":"https:\/\/www.purejewels.com\/tr\/wp-json\/wp\/v2\/media?parent=408168"}],"wp:term":[{"taxonomy":"product_brand","embeddable":true,"href":"https:\/\/www.purejewels.com\/tr\/wp-json\/wp\/v2\/product_brand?post=408168"},{"taxonomy":"product_cat","embeddable":true,"href":"https:\/\/www.purejewels.com\/tr\/wp-json\/wp\/v2\/product_cat?post=408168"},{"taxonomy":"product_tag","embeddable":true,"href":"https:\/\/www.purejewels.com\/tr\/wp-json\/wp\/v2\/product_tag?post=408168"}],"curies":[{"name":"wp","href":"https:\/\/api.w.org\/{rel}","templated":true}]}}