{"id":408201,"date":"2026-01-05T11:24:05","date_gmt":"2026-01-05T11:24:05","guid":{"rendered":"https:\/\/www.purejewels.com\/?post_type=product&#038;p=408201"},"modified":"2026-02-27T05:03:34","modified_gmt":"2026-02-27T05:03:34","slug":"altin-halo-pirlanta-alyans-49762","status":"publish","type":"product","link":"https:\/\/www.purejewels.com\/tr\/product\/golden-halo-diamond-wedding-ring-49762\/","title":{"rendered":"18ct Halo P\u0131rlanta Alyans"},"content":{"rendered":"<p>Bu <strong data-start=\"491\" data-end=\"527\">Alt\u0131n Halo P\u0131rlanta Alyans<\/strong> klasik zarafeti ve rafine parlakl\u0131\u011f\u0131 bir araya getiriyor. Parlat\u0131lm\u0131\u015f 18 ayar sar\u0131 alt\u0131ndan \u00fcretilen bu tasar\u0131m, yuvarlak p\u0131rlanta ta\u015flardan olu\u015fan bir haleyle \u00e7evrili merkezi bir ill\u00fczyon set p\u0131rlantaya sahiptir ve ola\u011fan\u00fcst\u00fc \u0131\u015f\u0131lt\u0131ya sahip daha b\u00fcy\u00fck bir merkez par\u00e7as\u0131 g\u00f6r\u00fcn\u00fcm\u00fc yarat\u0131r. \u0130nce, konik bant rahat bir uyum ve zarif bir siluet sunarak g\u00fcnl\u00fck kullan\u0131m i\u00e7in veya bir gelin destesinin par\u00e7as\u0131 olarak m\u00fckemmeldir. D\u00fc\u011f\u00fcnler, y\u0131l d\u00f6n\u00fcmleri veya d\u00f6n\u00fcm noktas\u0131 kutlamalar\u0131 i\u00e7in ideal olan bu y\u00fcz\u00fck, her bak\u0131\u015fta \u0131\u015f\u0131\u011f\u0131 ve kalbi yakalar.<\/p>","protected":false},"excerpt":{"rendered":"<p data-start=\"254\" data-end=\"490\">18 ayar sar\u0131 alt\u0131ndan \u00fcretilen Alt\u0131n Halo P\u0131rlanta Alyans, \u0131\u015f\u0131lt\u0131l\u0131 bir p\u0131rlanta halesiyle \u00e7evrili parlak yuvarlak ill\u00fczyon setli bir merkeze sahiptir. Kal\u0131c\u0131 a\u015fk\u0131n zamans\u0131z ve zarif bir sembol\u00fc.<\/p>\n<p><strong>Malzeme:<\/strong>\u00a018 Ayar Sar\u0131 Alt\u0131n<br \/>\n<strong>Hallmark:\u00a0<\/strong>\u0130ngiliz Damgas\u0131<strong><br \/>\n<\/strong><strong>Ta\u015f:\u00a0<\/strong>Do\u011fal Elmas<strong><br \/>\n<\/strong><strong>Sertifika ile birlikte gelir:\u00a0<\/strong>Evet.<strong><br \/>\nElmas A\u011f\u0131rl\u0131\u011f\u0131:\u00a0<\/strong>0.33ct<br \/>\n<b>Elmas rengi:\u00a0<\/b>G-H<br \/>\n<b>Elmas Berrakl\u0131\u011f\u0131:\u00a0<\/b>VS<br \/>\n<strong>Br\u00fct A\u011f\u0131rl\u0131k:<\/strong>\u00a0 3.08 gram<br \/>\n<strong>Net A\u011f\u0131rl\u0131k:<\/strong> 3.02Gms<br \/>\n<strong>Y\u00fcz\u00fck \u00d6l\u00e7\u00fcs\u00fc:<\/strong>\u00a0I<br \/>\n<strong>SKU: <\/strong>49762<\/p>\n<p><strong>Fiyat ve Teslimat:<\/strong>\u00a0KDV ve teslimat \u00fccretleri dahil<br \/>\n<strong>Garanti:<\/strong>\u00a0\u00fccretsiz vale hizmeti ve g\u00fcvenlik a\u00e7\u0131\u011f\u0131 kontrolleri<br \/>\n<strong>Not:\u00a0<\/strong>Bu y\u00fcz\u00fck t\u00fcm parmak \u00f6l\u00e7\u00fclerinde mevcuttur. L\u00fctfen\u00a0<strong id=\"btn_TawkLink\">\u0130leti\u015fime ge\u00e7in\u00a0<\/strong>size en uygun olan\u0131 sipari\u015f etmek i\u00e7in.<br \/>\n<a href=\"https:\/\/www.purejewels.com\/tr\/i%cc%87ade-poli%cc%87ti%cc%87kasi\/\">\u0130ade Politikas\u0131<\/a><\/p>","protected":false},"featured_media":408204,"comment_status":"closed","ping_status":"closed","template":"","meta":{"_eb_attr":"","_crsspst_to_jayantr4sg-hostcom":true},"product_brand":[],"product_cat":[5679,6085,1679,1791,1559,5457,5460,1796,1783,6042,1569,1574],"product_tag":[],"class_list":{"0":"post-408201","1":"product","2":"type-product","3":"status-publish","4":"has-post-thumbnail","6":"product_cat-18ct-gold-jewellery","7":"product_cat-18ct-gold-ring","8":"product_cat-18ct-gold-rings","9":"product_cat-anniversary-gifts","10":"product_cat-birthday-gifts","11":"product_cat-diamond-jewellery","12":"product_cat-diamond-ring","13":"product_cat-diamond-rings","14":"product_cat-ladies-rings","15":"product_cat-solitaire-ring","16":"product_cat-valentine-day-gifts","17":"product_cat-womens-jewellery","19":"first","20":"instock","21":"featured","22":"taxable","23":"shipping-taxable","24":"purchasable","25":"product-type-simple","26":"add-to-wishlist-before_image"},"yoast_head":"<!-- This site is optimized with the Yoast SEO plugin v27.3 - https:\/\/yoast.com\/product\/yoast-seo-wordpress\/ -->\n<title>Golden Halo Diamond Wedding Ring \u2013 18ct Yellow Gold<\/title>\n<meta name=\"description\" content=\"Shop the Golden Halo Diamond Wedding Ring in 18ct yellow gold. Features a round illusion-set diamond centre with sparkling halo for classic bridal elegance.\" \/>\n<meta name=\"robots\" content=\"index, follow, max-snippet:-1, max-image-preview:large, max-video-preview:-1\" \/>\n<link rel=\"canonical\" href=\"https:\/\/www.purejewels.com\/tr\/urun\/altin-halo-pirlanta-alyans-49762\/\" \/>\n<meta property=\"og:locale\" content=\"tr_TR\" \/>\n<meta property=\"og:type\" content=\"article\" \/>\n<meta property=\"og:title\" content=\"Golden Halo Diamond Wedding Ring \u2013 18ct Yellow Gold\" \/>\n<meta property=\"og:description\" content=\"Shop the Golden Halo Diamond Wedding Ring in 18ct yellow gold. Features a round illusion-set diamond centre with sparkling halo for classic bridal elegance.\" \/>\n<meta property=\"og:url\" content=\"https:\/\/www.purejewels.com\/tr\/urun\/altin-halo-pirlanta-alyans-49762\/\" \/>\n<meta property=\"og:site_name\" content=\"PureJewels UK\" \/>\n<meta property=\"article:modified_time\" content=\"2026-02-27T05:03:34+00:00\" \/>\n<meta property=\"og:image\" content=\"https:\/\/static.purejewels.com\/wp-content\/uploads\/2025\/07\/SKU-49762-49770-49758.jpg\" \/>\n\t<meta property=\"og:image:width\" content=\"1000\" \/>\n\t<meta property=\"og:image:height\" content=\"1000\" \/>\n\t<meta property=\"og:image:type\" content=\"image\/jpeg\" \/>\n<meta name=\"twitter:card\" content=\"summary_large_image\" \/>\n<meta name=\"twitter:label1\" content=\"Tahmini okuma s\u00fcresi\" \/>\n\t<meta name=\"twitter:data1\" content=\"1 dakika\" \/>\n<script type=\"application\/ld+json\" class=\"yoast-schema-graph\">{\"@context\":\"https:\\\/\\\/schema.org\",\"@graph\":[{\"@type\":[\"WebPage\",\"ItemPage\"],\"@id\":\"https:\\\/\\\/www.purejewels.com\\\/product\\\/golden-halo-diamond-wedding-ring-49762\\\/\",\"url\":\"https:\\\/\\\/www.purejewels.com\\\/product\\\/golden-halo-diamond-wedding-ring-49762\\\/\",\"name\":\"Golden Halo Diamond Wedding Ring \u2013 18ct Yellow Gold\",\"isPartOf\":{\"@id\":\"https:\\\/\\\/www.purejewels.com\\\/#website\"},\"primaryImageOfPage\":{\"@id\":\"https:\\\/\\\/www.purejewels.com\\\/product\\\/golden-halo-diamond-wedding-ring-49762\\\/#primaryimage\"},\"image\":{\"@id\":\"https:\\\/\\\/www.purejewels.com\\\/product\\\/golden-halo-diamond-wedding-ring-49762\\\/#primaryimage\"},\"thumbnailUrl\":\"https:\\\/\\\/static.purejewels.com\\\/wp-content\\\/uploads\\\/2025\\\/07\\\/SKU-49762-49770-49758.jpg\",\"datePublished\":\"2026-01-05T11:24:05+00:00\",\"dateModified\":\"2026-02-27T05:03:34+00:00\",\"description\":\"Shop the Golden Halo Diamond Wedding Ring in 18ct yellow gold. Features a round illusion-set diamond centre with sparkling halo for classic bridal elegance.\",\"breadcrumb\":{\"@id\":\"https:\\\/\\\/www.purejewels.com\\\/product\\\/golden-halo-diamond-wedding-ring-49762\\\/#breadcrumb\"},\"inLanguage\":\"tr\",\"potentialAction\":[{\"@type\":\"ReadAction\",\"target\":[\"https:\\\/\\\/www.purejewels.com\\\/product\\\/golden-halo-diamond-wedding-ring-49762\\\/\"]}]},{\"@type\":\"ImageObject\",\"inLanguage\":\"tr\",\"@id\":\"https:\\\/\\\/www.purejewels.com\\\/product\\\/golden-halo-diamond-wedding-ring-49762\\\/#primaryimage\",\"url\":\"https:\\\/\\\/static.purejewels.com\\\/wp-content\\\/uploads\\\/2025\\\/07\\\/SKU-49762-49770-49758.jpg\",\"contentUrl\":\"https:\\\/\\\/static.purejewels.com\\\/wp-content\\\/uploads\\\/2025\\\/07\\\/SKU-49762-49770-49758.jpg\",\"width\":1000,\"height\":1000,\"caption\":\"Stacked from 8 images. Method=B (R=8,S=4)\"},{\"@type\":\"BreadcrumbList\",\"@id\":\"https:\\\/\\\/www.purejewels.com\\\/product\\\/golden-halo-diamond-wedding-ring-49762\\\/#breadcrumb\",\"itemListElement\":[{\"@type\":\"ListItem\",\"position\":1,\"name\":\"Home\",\"item\":\"https:\\\/\\\/www.purejewels.com\\\/\"},{\"@type\":\"ListItem\",\"position\":2,\"name\":\"Shop\",\"item\":\"https:\\\/\\\/www.purejewels.com\\\/shop\\\/\"},{\"@type\":\"ListItem\",\"position\":3,\"name\":\"18ct Halo Diamond Wedding Ring\"}]},{\"@type\":\"WebSite\",\"@id\":\"https:\\\/\\\/www.purejewels.com\\\/#website\",\"url\":\"https:\\\/\\\/www.purejewels.com\\\/\",\"name\":\"PureJewels UK\",\"description\":\"Share the Love\",\"publisher\":{\"@id\":\"https:\\\/\\\/www.purejewels.com\\\/#organization\"},\"potentialAction\":[{\"@type\":\"SearchAction\",\"target\":{\"@type\":\"EntryPoint\",\"urlTemplate\":\"https:\\\/\\\/www.purejewels.com\\\/?s={search_term_string}\"},\"query-input\":{\"@type\":\"PropertyValueSpecification\",\"valueRequired\":true,\"valueName\":\"search_term_string\"}}],\"inLanguage\":\"tr\"},{\"@type\":\"Organization\",\"@id\":\"https:\\\/\\\/www.purejewels.com\\\/#organization\",\"name\":\"PureJewels UK\",\"url\":\"https:\\\/\\\/www.purejewels.com\\\/\",\"logo\":{\"@type\":\"ImageObject\",\"inLanguage\":\"tr\",\"@id\":\"https:\\\/\\\/www.purejewels.com\\\/#\\\/schema\\\/logo\\\/image\\\/\",\"url\":\"https:\\\/\\\/static.purejewels.com\\\/wp-content\\\/uploads\\\/2020\\\/11\\\/Logo-PJ-New-1.png\",\"contentUrl\":\"https:\\\/\\\/static.purejewels.com\\\/wp-content\\\/uploads\\\/2020\\\/11\\\/Logo-PJ-New-1.png\",\"width\":150,\"height\":80,\"caption\":\"PureJewels UK\"},\"image\":{\"@id\":\"https:\\\/\\\/www.purejewels.com\\\/#\\\/schema\\\/logo\\\/image\\\/\"}}]}<\/script>\n<!-- \/ Yoast SEO plugin. -->","yoast_head_json":{"title":"Alt\u0131n Halo P\u0131rlanta Alyans - 18 Ayar Sar\u0131 Alt\u0131n","description":"Alt\u0131n Halo P\u0131rlanta Alyans'\u0131 18 ayar sar\u0131 alt\u0131ndan sat\u0131n al\u0131n. Klasik gelin zarafeti i\u00e7in \u0131\u015f\u0131lt\u0131l\u0131 haleli yuvarlak ill\u00fczyon setli p\u0131rlanta merkeze sahiptir.","robots":{"index":"index","follow":"follow","max-snippet":"max-snippet:-1","max-image-preview":"max-image-preview:large","max-video-preview":"max-video-preview:-1"},"canonical":"https:\/\/www.purejewels.com\/tr\/urun\/altin-halo-pirlanta-alyans-49762\/","og_locale":"tr_TR","og_type":"article","og_title":"Golden Halo Diamond Wedding Ring \u2013 18ct Yellow Gold","og_description":"Shop the Golden Halo Diamond Wedding Ring in 18ct yellow gold. Features a round illusion-set diamond centre with sparkling halo for classic bridal elegance.","og_url":"https:\/\/www.purejewels.com\/tr\/urun\/altin-halo-pirlanta-alyans-49762\/","og_site_name":"PureJewels UK","article_modified_time":"2026-02-27T05:03:34+00:00","og_image":[{"width":1000,"height":1000,"url":"https:\/\/static.purejewels.com\/wp-content\/uploads\/2025\/07\/SKU-49762-49770-49758.jpg","type":"image\/jpeg"}],"twitter_card":"summary_large_image","twitter_misc":{"Tahmini okuma s\u00fcresi":"1 dakika"},"schema":{"@context":"https:\/\/schema.org","@graph":[{"@type":["WebPage","ItemPage"],"@id":"https:\/\/www.purejewels.com\/product\/golden-halo-diamond-wedding-ring-49762\/","url":"https:\/\/www.purejewels.com\/product\/golden-halo-diamond-wedding-ring-49762\/","name":"Alt\u0131n Halo P\u0131rlanta Alyans - 18 Ayar Sar\u0131 Alt\u0131n","isPartOf":{"@id":"https:\/\/www.purejewels.com\/#website"},"primaryImageOfPage":{"@id":"https:\/\/www.purejewels.com\/product\/golden-halo-diamond-wedding-ring-49762\/#primaryimage"},"image":{"@id":"https:\/\/www.purejewels.com\/product\/golden-halo-diamond-wedding-ring-49762\/#primaryimage"},"thumbnailUrl":"https:\/\/static.purejewels.com\/wp-content\/uploads\/2025\/07\/SKU-49762-49770-49758.jpg","datePublished":"2026-01-05T11:24:05+00:00","dateModified":"2026-02-27T05:03:34+00:00","description":"Alt\u0131n Halo P\u0131rlanta Alyans'\u0131 18 ayar sar\u0131 alt\u0131ndan sat\u0131n al\u0131n. Klasik gelin zarafeti i\u00e7in \u0131\u015f\u0131lt\u0131l\u0131 haleli yuvarlak ill\u00fczyon setli p\u0131rlanta merkeze sahiptir.","breadcrumb":{"@id":"https:\/\/www.purejewels.com\/product\/golden-halo-diamond-wedding-ring-49762\/#breadcrumb"},"inLanguage":"tr","potentialAction":[{"@type":"ReadAction","target":["https:\/\/www.purejewels.com\/product\/golden-halo-diamond-wedding-ring-49762\/"]}]},{"@type":"ImageObject","inLanguage":"tr","@id":"https:\/\/www.purejewels.com\/product\/golden-halo-diamond-wedding-ring-49762\/#primaryimage","url":"https:\/\/static.purejewels.com\/wp-content\/uploads\/2025\/07\/SKU-49762-49770-49758.jpg","contentUrl":"https:\/\/static.purejewels.com\/wp-content\/uploads\/2025\/07\/SKU-49762-49770-49758.jpg","width":1000,"height":1000,"caption":"Stacked from 8 images. Method=B (R=8,S=4)"},{"@type":"BreadcrumbList","@id":"https:\/\/www.purejewels.com\/product\/golden-halo-diamond-wedding-ring-49762\/#breadcrumb","itemListElement":[{"@type":"ListItem","position":1,"name":"Home","item":"https:\/\/www.purejewels.com\/"},{"@type":"ListItem","position":2,"name":"Shop","item":"https:\/\/www.purejewels.com\/shop\/"},{"@type":"ListItem","position":3,"name":"18ct Halo Diamond Wedding Ring"}]},{"@type":"WebSite","@id":"https:\/\/www.purejewels.com\/#website","url":"https:\/\/www.purejewels.com\/","name":"PureJewels \u0130ngiltere","description":"Sevgiyi Payla\u015f\u0131n","publisher":{"@id":"https:\/\/www.purejewels.com\/#organization"},"potentialAction":[{"@type":"SearchAction","target":{"@type":"EntryPoint","urlTemplate":"https:\/\/www.purejewels.com\/?s={search_term_string}"},"query-input":{"@type":"PropertyValueSpecification","valueRequired":true,"valueName":"search_term_string"}}],"inLanguage":"tr"},{"@type":"Organization","@id":"https:\/\/www.purejewels.com\/#organization","name":"PureJewels \u0130ngiltere","url":"https:\/\/www.purejewels.com\/","logo":{"@type":"ImageObject","inLanguage":"tr","@id":"https:\/\/www.purejewels.com\/#\/schema\/logo\/image\/","url":"https:\/\/static.purejewels.com\/wp-content\/uploads\/2020\/11\/Logo-PJ-New-1.png","contentUrl":"https:\/\/static.purejewels.com\/wp-content\/uploads\/2020\/11\/Logo-PJ-New-1.png","width":150,"height":80,"caption":"PureJewels UK"},"image":{"@id":"https:\/\/www.purejewels.com\/#\/schema\/logo\/image\/"}}]}},"_links":{"self":[{"href":"https:\/\/www.purejewels.com\/tr\/wp-json\/wp\/v2\/product\/408201","targetHints":{"allow":["GET"]}}],"collection":[{"href":"https:\/\/www.purejewels.com\/tr\/wp-json\/wp\/v2\/product"}],"about":[{"href":"https:\/\/www.purejewels.com\/tr\/wp-json\/wp\/v2\/types\/product"}],"replies":[{"embeddable":true,"href":"https:\/\/www.purejewels.com\/tr\/wp-json\/wp\/v2\/comments?post=408201"}],"version-history":[{"count":3,"href":"https:\/\/www.purejewels.com\/tr\/wp-json\/wp\/v2\/product\/408201\/revisions"}],"predecessor-version":[{"id":413141,"href":"https:\/\/www.purejewels.com\/tr\/wp-json\/wp\/v2\/product\/408201\/revisions\/413141"}],"wp:featuredmedia":[{"embeddable":true,"href":"https:\/\/www.purejewels.com\/tr\/wp-json\/wp\/v2\/media\/408204"}],"wp:attachment":[{"href":"https:\/\/www.purejewels.com\/tr\/wp-json\/wp\/v2\/media?parent=408201"}],"wp:term":[{"taxonomy":"product_brand","embeddable":true,"href":"https:\/\/www.purejewels.com\/tr\/wp-json\/wp\/v2\/product_brand?post=408201"},{"taxonomy":"product_cat","embeddable":true,"href":"https:\/\/www.purejewels.com\/tr\/wp-json\/wp\/v2\/product_cat?post=408201"},{"taxonomy":"product_tag","embeddable":true,"href":"https:\/\/www.purejewels.com\/tr\/wp-json\/wp\/v2\/product_tag?post=408201"}],"curies":[{"name":"wp","href":"https:\/\/api.w.org\/{rel}","templated":true}]}}