{"id":408216,"date":"2025-06-30T13:26:19","date_gmt":"2025-06-30T12:26:19","guid":{"rendered":"https:\/\/www.purejewels.com\/?post_type=product&#038;p=408216"},"modified":"2026-05-07T12:13:39","modified_gmt":"2026-05-07T11:13:39","slug":"armari%cc%87-22-ayar-altin-halka-kupeleri%cc%87ni%cc%87-kesfedi%cc%87n-kazinmis-dokusu-ve-top-tilsimi-i%cc%87le-2-51g-hafi%cc%87fli%cc%87gi%cc%87nde-23-7mm-geni%cc%87sli%cc%87gi%cc%87nde-mi%cc%87rasi","status":"publish","type":"product","link":"https:\/\/www.purejewels.com\/tr\/product\/discover-the-armari-22ct-gold-hoop-earrings-with-engraved-texture-and-ball-charm-lightweight-at-2-51g-23-7mm-wide-crafted-to-honour-heritage-with-grace\/","title":{"rendered":"Armari 22 Ayar Alt\u0131n Sarkan Top Halka K\u00fcpe"},"content":{"rendered":"<p data-start=\"551\" data-end=\"923\">Bu <strong data-start=\"555\" data-end=\"603\">Armari 22 Ayar Alt\u0131n Sarkan Top Halka K\u00fcpe<\/strong> klasik bir silueti heykelsi bir incelikle yeniden yorumluyor. Saf 22 ayar alt\u0131ndan \u00fcretilen her bir halka, 23,7 mm geni\u015fli\u011finde ve 1,5 mm kal\u0131nl\u0131\u011f\u0131nda oymal\u0131 bir banda sahiptir ve ritim ve zarif bir hareket katan hafif\u00e7e as\u0131l\u0131 bir top t\u0131ls\u0131m\u0131yla zenginle\u015ftirilmi\u015ftir. Yaln\u0131zca 2,51 gram a\u011f\u0131rl\u0131\u011f\u0131ndaki bu bilezikler hafif olmalar\u0131n\u0131n yan\u0131 s\u0131ra duru\u015flar\u0131yla da g\u00f6z dolduruyor.<\/p>\n<p data-start=\"925\" data-end=\"1212\">Bir par\u00e7as\u0131 <strong data-start=\"937\" data-end=\"958\">Armari Koleksiyonu<\/strong>Bu k\u00fcpeler, m\u00fccevherlerin hem kimli\u011fi hem de sanat\u0131 ifade etti\u011fi G\u00fcney Asya'n\u0131n s\u00fcsleme geleneklerinden ilham al\u0131yor. G\u00fcnl\u00fck zarafeti veya bayram \u015f\u0131kl\u0131\u011f\u0131n\u0131 tamamlamak i\u00e7in tasarlanan bu k\u00fcpeler, zahmetsizce modern kal\u0131rken mirasa ince bir selam veriyor.<\/p>","protected":false},"excerpt":{"rendered":"<p data-start=\"295\" data-end=\"508\">Gelene\u011fe \u00e7a\u011fda\u015f bir \u00f6vg\u00fc. Armari koleksiyonundan bu 22 ayar alt\u0131n halka k\u00fcpeler, dokulu bantlara ve narin sarkan top tak\u0131lara sahiptir - zarafetle hareket etmek ve her d\u00f6n\u00fc\u015fte miras\u0131 yank\u0131lamak i\u00e7in tasarlanm\u0131\u015ft\u0131r.<\/p>\n<p><strong>Malzeme:<\/strong> 22 Ayar Alt\u0131n<br \/>\n<strong>Hallmark:<\/strong>\u00a0\u0130ngiliz Damgas\u0131<br \/>\n<strong>SKU:<\/strong> 52266<br \/>\n<strong>A\u011f\u0131rl\u0131k:<\/strong>\u00a0 2.51 Gms<br \/>\n<strong>Boyut: <\/strong>23,7 mm d\u0131\u015f mm, 1,5 mm kal\u0131nl\u0131k<\/p>\n<p><strong>Fiyat ve Teslimat:<\/strong>\u00a0KDV ve teslimat \u00fccretleri dahil<br \/>\n<a href=\"https:\/\/www.purejewels.com\/tr\/i%cc%87ade-poli%cc%87ti%cc%87kasi\/\"><strong>\u0130ade Politikas\u0131<\/strong><\/a><\/p>\n<p>&nbsp;<\/p>","protected":false},"featured_media":408221,"comment_status":"closed","ping_status":"closed","template":"","meta":{"_eb_attr":"","_crsspst_to_jayantr4sg-hostcom":false},"product_brand":[],"product_cat":[1791,245,5639,6145,236,1793,1254,1229,1579,5609,5344,5347,1570,5338,1574,5349],"product_tag":[66,5702],"class_list":{"0":"post-408216","1":"product","2":"type-product","3":"status-publish","4":"has-post-thumbnail","6":"product_cat-anniversary-gifts","7":"product_cat-armari-collections","8":"product_cat-armari-earring","9":"product_cat-armari-hoop-earring","10":"product_cat-collections","11":"product_cat-diwali-gifts","12":"product_cat-gold-earrings","13":"product_cat-22ct-gold-jewellery","14":"product_cat-hoop-earrings","15":"product_cat-hoop-with-droplets","16":"product_cat-jewellery-under-750","17":"product_cat-shop-by-metal","18":"product_cat-mothers-day-gifts","19":"product_cat-shop-by-price","20":"product_cat-womens-jewellery","21":"product_cat-yellow-gold-jewellery","22":"product_tag-earrings","23":"product_tag-hoop-earring","25":"first","26":"instock","27":"taxable","28":"shipping-taxable","29":"purchasable","30":"product-type-simple","31":"add-to-wishlist-before_image"},"yoast_head":"<!-- This site is optimized with the Yoast SEO plugin v27.5 - https:\/\/yoast.com\/product\/yoast-seo-wordpress\/ -->\n<title>Armari 22ct Gold Dangling Ball Hoop Earrings | PureJewels London<\/title>\n<meta name=\"description\" content=\"Discover the Armari 22ct Gold Hoop Earrings with engraved texture and ball charm. Lightweight at 2.51g, 23.7mm wide\u2014crafted to honour heritage with grace.\" \/>\n<meta name=\"robots\" content=\"index, follow, max-snippet:-1, max-image-preview:large, max-video-preview:-1\" \/>\n<link rel=\"canonical\" href=\"https:\/\/www.purejewels.com\/tr\/urun\/armari\u0307-22-ayar-altin-halka-kupeleri\u0307ni\u0307-kesfedi\u0307n-kazinmis-dokusu-ve-top-tilsimi-i\u0307le-2-51g-hafi\u0307fli\u0307gi\u0307nde-23-7mm-geni\u0307sli\u0307gi\u0307nde-mi\u0307rasi\/\" \/>\n<meta property=\"og:locale\" content=\"tr_TR\" \/>\n<meta property=\"og:type\" content=\"article\" \/>\n<meta property=\"og:title\" content=\"Armari 22ct Gold Dangling Ball Hoop Earrings | PureJewels London\" \/>\n<meta property=\"og:description\" content=\"Discover the Armari 22ct Gold Hoop Earrings with engraved texture and ball charm. Lightweight at 2.51g, 23.7mm wide\u2014crafted to honour heritage with grace.\" \/>\n<meta property=\"og:url\" content=\"https:\/\/www.purejewels.com\/tr\/urun\/armari\u0307-22-ayar-altin-halka-kupeleri\u0307ni\u0307-kesfedi\u0307n-kazinmis-dokusu-ve-top-tilsimi-i\u0307le-2-51g-hafi\u0307fli\u0307gi\u0307nde-23-7mm-geni\u0307sli\u0307gi\u0307nde-mi\u0307rasi\/\" \/>\n<meta property=\"og:site_name\" content=\"PureJewels UK\" \/>\n<meta property=\"article:modified_time\" content=\"2026-05-07T11:13:39+00:00\" \/>\n<meta property=\"og:image\" content=\"https:\/\/static.purejewels.com\/wp-content\/uploads\/2025\/07\/SKU-52266.jpg\" \/>\n\t<meta property=\"og:image:width\" content=\"1000\" \/>\n\t<meta property=\"og:image:height\" content=\"1000\" \/>\n\t<meta property=\"og:image:type\" content=\"image\/jpeg\" \/>\n<meta name=\"twitter:card\" content=\"summary_large_image\" \/>\n<meta name=\"twitter:label1\" content=\"Tahmini okuma s\u00fcresi\" \/>\n\t<meta name=\"twitter:data1\" content=\"1 dakika\" \/>\n<script type=\"application\/ld+json\" class=\"yoast-schema-graph\">{\"@context\":\"https:\\\/\\\/schema.org\",\"@graph\":[{\"@type\":[\"WebPage\",\"ItemPage\"],\"@id\":\"https:\\\/\\\/www.purejewels.com\\\/product\\\/discover-the-armari-22ct-gold-hoop-earrings-with-engraved-texture-and-ball-charm-lightweight-at-2-51g-23-7mm-wide-crafted-to-honour-heritage-with-grace\\\/\",\"url\":\"https:\\\/\\\/www.purejewels.com\\\/product\\\/discover-the-armari-22ct-gold-hoop-earrings-with-engraved-texture-and-ball-charm-lightweight-at-2-51g-23-7mm-wide-crafted-to-honour-heritage-with-grace\\\/\",\"name\":\"Armari 22ct Gold Dangling Ball Hoop Earrings | PureJewels London\",\"isPartOf\":{\"@id\":\"https:\\\/\\\/www.purejewels.com\\\/#website\"},\"primaryImageOfPage\":{\"@id\":\"https:\\\/\\\/www.purejewels.com\\\/product\\\/discover-the-armari-22ct-gold-hoop-earrings-with-engraved-texture-and-ball-charm-lightweight-at-2-51g-23-7mm-wide-crafted-to-honour-heritage-with-grace\\\/#primaryimage\"},\"image\":{\"@id\":\"https:\\\/\\\/www.purejewels.com\\\/product\\\/discover-the-armari-22ct-gold-hoop-earrings-with-engraved-texture-and-ball-charm-lightweight-at-2-51g-23-7mm-wide-crafted-to-honour-heritage-with-grace\\\/#primaryimage\"},\"thumbnailUrl\":\"https:\\\/\\\/static.purejewels.com\\\/wp-content\\\/uploads\\\/2025\\\/07\\\/SKU-52266.jpg\",\"datePublished\":\"2025-06-30T12:26:19+00:00\",\"dateModified\":\"2026-05-07T11:13:39+00:00\",\"description\":\"Discover the Armari 22ct Gold Hoop Earrings with engraved texture and ball charm. Lightweight at 2.51g, 23.7mm wide\u2014crafted to honour heritage with grace.\",\"breadcrumb\":{\"@id\":\"https:\\\/\\\/www.purejewels.com\\\/product\\\/discover-the-armari-22ct-gold-hoop-earrings-with-engraved-texture-and-ball-charm-lightweight-at-2-51g-23-7mm-wide-crafted-to-honour-heritage-with-grace\\\/#breadcrumb\"},\"inLanguage\":\"tr\",\"potentialAction\":[{\"@type\":\"ReadAction\",\"target\":[\"https:\\\/\\\/www.purejewels.com\\\/product\\\/discover-the-armari-22ct-gold-hoop-earrings-with-engraved-texture-and-ball-charm-lightweight-at-2-51g-23-7mm-wide-crafted-to-honour-heritage-with-grace\\\/\"]}]},{\"@type\":\"ImageObject\",\"inLanguage\":\"tr\",\"@id\":\"https:\\\/\\\/www.purejewels.com\\\/product\\\/discover-the-armari-22ct-gold-hoop-earrings-with-engraved-texture-and-ball-charm-lightweight-at-2-51g-23-7mm-wide-crafted-to-honour-heritage-with-grace\\\/#primaryimage\",\"url\":\"https:\\\/\\\/static.purejewels.com\\\/wp-content\\\/uploads\\\/2025\\\/07\\\/SKU-52266.jpg\",\"contentUrl\":\"https:\\\/\\\/static.purejewels.com\\\/wp-content\\\/uploads\\\/2025\\\/07\\\/SKU-52266.jpg\",\"width\":1000,\"height\":1000,\"caption\":\"Armari 22ct Gold Dangling Ball Hoop Earrings\"},{\"@type\":\"BreadcrumbList\",\"@id\":\"https:\\\/\\\/www.purejewels.com\\\/product\\\/discover-the-armari-22ct-gold-hoop-earrings-with-engraved-texture-and-ball-charm-lightweight-at-2-51g-23-7mm-wide-crafted-to-honour-heritage-with-grace\\\/#breadcrumb\",\"itemListElement\":[{\"@type\":\"ListItem\",\"position\":1,\"name\":\"Home\",\"item\":\"https:\\\/\\\/www.purejewels.com\\\/\"},{\"@type\":\"ListItem\",\"position\":2,\"name\":\"Shop\",\"item\":\"https:\\\/\\\/www.purejewels.com\\\/shop\\\/\"},{\"@type\":\"ListItem\",\"position\":3,\"name\":\"Armari 22ct Gold Dangling Ball Hoop Earrings\"}]},{\"@type\":\"WebSite\",\"@id\":\"https:\\\/\\\/www.purejewels.com\\\/#website\",\"url\":\"https:\\\/\\\/www.purejewels.com\\\/\",\"name\":\"PureJewels UK\",\"description\":\"Share the Love\",\"publisher\":{\"@id\":\"https:\\\/\\\/www.purejewels.com\\\/#organization\"},\"potentialAction\":[{\"@type\":\"SearchAction\",\"target\":{\"@type\":\"EntryPoint\",\"urlTemplate\":\"https:\\\/\\\/www.purejewels.com\\\/?s={search_term_string}\"},\"query-input\":{\"@type\":\"PropertyValueSpecification\",\"valueRequired\":true,\"valueName\":\"search_term_string\"}}],\"inLanguage\":\"tr\"},{\"@type\":\"Organization\",\"@id\":\"https:\\\/\\\/www.purejewels.com\\\/#organization\",\"name\":\"PureJewels UK\",\"url\":\"https:\\\/\\\/www.purejewels.com\\\/\",\"logo\":{\"@type\":\"ImageObject\",\"inLanguage\":\"tr\",\"@id\":\"https:\\\/\\\/www.purejewels.com\\\/#\\\/schema\\\/logo\\\/image\\\/\",\"url\":\"https:\\\/\\\/static.purejewels.com\\\/wp-content\\\/uploads\\\/2020\\\/11\\\/Logo-PJ-New-1.png\",\"contentUrl\":\"https:\\\/\\\/static.purejewels.com\\\/wp-content\\\/uploads\\\/2020\\\/11\\\/Logo-PJ-New-1.png\",\"width\":150,\"height\":80,\"caption\":\"PureJewels UK\"},\"image\":{\"@id\":\"https:\\\/\\\/www.purejewels.com\\\/#\\\/schema\\\/logo\\\/image\\\/\"}}]}<\/script>\n<!-- \/ Yoast SEO plugin. -->","yoast_head_json":{"title":"Armari 22 Ayar Alt\u0131n Sarkan Top Halka K\u00fcpe | PureJewels London","description":"Oyma dokulu ve top t\u0131ls\u0131ml\u0131 Armari 22 Ayar Alt\u0131n Halka K\u00fcpeleri ke\u015ffedin. 2,51 gram a\u011f\u0131rl\u0131\u011f\u0131nda, 23,7 mm geni\u015fli\u011finde, miras\u0131 zarafetle onurland\u0131rmak i\u00e7in \u00fcretilmi\u015ftir.","robots":{"index":"index","follow":"follow","max-snippet":"max-snippet:-1","max-image-preview":"max-image-preview:large","max-video-preview":"max-video-preview:-1"},"canonical":"https:\/\/www.purejewels.com\/tr\/urun\/armari\u0307-22-ayar-altin-halka-kupeleri\u0307ni\u0307-kesfedi\u0307n-kazinmis-dokusu-ve-top-tilsimi-i\u0307le-2-51g-hafi\u0307fli\u0307gi\u0307nde-23-7mm-geni\u0307sli\u0307gi\u0307nde-mi\u0307rasi\/","og_locale":"tr_TR","og_type":"article","og_title":"Armari 22ct Gold Dangling Ball Hoop Earrings | PureJewels London","og_description":"Discover the Armari 22ct Gold Hoop Earrings with engraved texture and ball charm. Lightweight at 2.51g, 23.7mm wide\u2014crafted to honour heritage with grace.","og_url":"https:\/\/www.purejewels.com\/tr\/urun\/armari\u0307-22-ayar-altin-halka-kupeleri\u0307ni\u0307-kesfedi\u0307n-kazinmis-dokusu-ve-top-tilsimi-i\u0307le-2-51g-hafi\u0307fli\u0307gi\u0307nde-23-7mm-geni\u0307sli\u0307gi\u0307nde-mi\u0307rasi\/","og_site_name":"PureJewels UK","article_modified_time":"2026-05-07T11:13:39+00:00","og_image":[{"width":1000,"height":1000,"url":"https:\/\/static.purejewels.com\/wp-content\/uploads\/2025\/07\/SKU-52266.jpg","type":"image\/jpeg"}],"twitter_card":"summary_large_image","twitter_misc":{"Tahmini okuma s\u00fcresi":"1 dakika"},"schema":{"@context":"https:\/\/schema.org","@graph":[{"@type":["WebPage","ItemPage"],"@id":"https:\/\/www.purejewels.com\/product\/discover-the-armari-22ct-gold-hoop-earrings-with-engraved-texture-and-ball-charm-lightweight-at-2-51g-23-7mm-wide-crafted-to-honour-heritage-with-grace\/","url":"https:\/\/www.purejewels.com\/product\/discover-the-armari-22ct-gold-hoop-earrings-with-engraved-texture-and-ball-charm-lightweight-at-2-51g-23-7mm-wide-crafted-to-honour-heritage-with-grace\/","name":"Armari 22 Ayar Alt\u0131n Sarkan Top Halka K\u00fcpe | PureJewels London","isPartOf":{"@id":"https:\/\/www.purejewels.com\/#website"},"primaryImageOfPage":{"@id":"https:\/\/www.purejewels.com\/product\/discover-the-armari-22ct-gold-hoop-earrings-with-engraved-texture-and-ball-charm-lightweight-at-2-51g-23-7mm-wide-crafted-to-honour-heritage-with-grace\/#primaryimage"},"image":{"@id":"https:\/\/www.purejewels.com\/product\/discover-the-armari-22ct-gold-hoop-earrings-with-engraved-texture-and-ball-charm-lightweight-at-2-51g-23-7mm-wide-crafted-to-honour-heritage-with-grace\/#primaryimage"},"thumbnailUrl":"https:\/\/static.purejewels.com\/wp-content\/uploads\/2025\/07\/SKU-52266.jpg","datePublished":"2025-06-30T12:26:19+00:00","dateModified":"2026-05-07T11:13:39+00:00","description":"Oyma dokulu ve top t\u0131ls\u0131ml\u0131 Armari 22 Ayar Alt\u0131n Halka K\u00fcpeleri ke\u015ffedin. 2,51 gram a\u011f\u0131rl\u0131\u011f\u0131nda, 23,7 mm geni\u015fli\u011finde, miras\u0131 zarafetle onurland\u0131rmak i\u00e7in \u00fcretilmi\u015ftir.","breadcrumb":{"@id":"https:\/\/www.purejewels.com\/product\/discover-the-armari-22ct-gold-hoop-earrings-with-engraved-texture-and-ball-charm-lightweight-at-2-51g-23-7mm-wide-crafted-to-honour-heritage-with-grace\/#breadcrumb"},"inLanguage":"tr","potentialAction":[{"@type":"ReadAction","target":["https:\/\/www.purejewels.com\/product\/discover-the-armari-22ct-gold-hoop-earrings-with-engraved-texture-and-ball-charm-lightweight-at-2-51g-23-7mm-wide-crafted-to-honour-heritage-with-grace\/"]}]},{"@type":"ImageObject","inLanguage":"tr","@id":"https:\/\/www.purejewels.com\/product\/discover-the-armari-22ct-gold-hoop-earrings-with-engraved-texture-and-ball-charm-lightweight-at-2-51g-23-7mm-wide-crafted-to-honour-heritage-with-grace\/#primaryimage","url":"https:\/\/static.purejewels.com\/wp-content\/uploads\/2025\/07\/SKU-52266.jpg","contentUrl":"https:\/\/static.purejewels.com\/wp-content\/uploads\/2025\/07\/SKU-52266.jpg","width":1000,"height":1000,"caption":"Armari 22ct Gold Dangling Ball Hoop Earrings"},{"@type":"BreadcrumbList","@id":"https:\/\/www.purejewels.com\/product\/discover-the-armari-22ct-gold-hoop-earrings-with-engraved-texture-and-ball-charm-lightweight-at-2-51g-23-7mm-wide-crafted-to-honour-heritage-with-grace\/#breadcrumb","itemListElement":[{"@type":"ListItem","position":1,"name":"Home","item":"https:\/\/www.purejewels.com\/"},{"@type":"ListItem","position":2,"name":"Shop","item":"https:\/\/www.purejewels.com\/shop\/"},{"@type":"ListItem","position":3,"name":"Armari 22ct Gold Dangling Ball Hoop Earrings"}]},{"@type":"WebSite","@id":"https:\/\/www.purejewels.com\/#website","url":"https:\/\/www.purejewels.com\/","name":"PureJewels \u0130ngiltere","description":"Sevgiyi Payla\u015f\u0131n","publisher":{"@id":"https:\/\/www.purejewels.com\/#organization"},"potentialAction":[{"@type":"SearchAction","target":{"@type":"EntryPoint","urlTemplate":"https:\/\/www.purejewels.com\/?s={search_term_string}"},"query-input":{"@type":"PropertyValueSpecification","valueRequired":true,"valueName":"search_term_string"}}],"inLanguage":"tr"},{"@type":"Organization","@id":"https:\/\/www.purejewels.com\/#organization","name":"PureJewels \u0130ngiltere","url":"https:\/\/www.purejewels.com\/","logo":{"@type":"ImageObject","inLanguage":"tr","@id":"https:\/\/www.purejewels.com\/#\/schema\/logo\/image\/","url":"https:\/\/static.purejewels.com\/wp-content\/uploads\/2020\/11\/Logo-PJ-New-1.png","contentUrl":"https:\/\/static.purejewels.com\/wp-content\/uploads\/2020\/11\/Logo-PJ-New-1.png","width":150,"height":80,"caption":"PureJewels UK"},"image":{"@id":"https:\/\/www.purejewels.com\/#\/schema\/logo\/image\/"}}]}},"_links":{"self":[{"href":"https:\/\/www.purejewels.com\/tr\/wp-json\/wp\/v2\/product\/408216","targetHints":{"allow":["GET"]}}],"collection":[{"href":"https:\/\/www.purejewels.com\/tr\/wp-json\/wp\/v2\/product"}],"about":[{"href":"https:\/\/www.purejewels.com\/tr\/wp-json\/wp\/v2\/types\/product"}],"replies":[{"embeddable":true,"href":"https:\/\/www.purejewels.com\/tr\/wp-json\/wp\/v2\/comments?post=408216"}],"version-history":[{"count":2,"href":"https:\/\/www.purejewels.com\/tr\/wp-json\/wp\/v2\/product\/408216\/revisions"}],"predecessor-version":[{"id":425008,"href":"https:\/\/www.purejewels.com\/tr\/wp-json\/wp\/v2\/product\/408216\/revisions\/425008"}],"wp:featuredmedia":[{"embeddable":true,"href":"https:\/\/www.purejewels.com\/tr\/wp-json\/wp\/v2\/media\/408221"}],"wp:attachment":[{"href":"https:\/\/www.purejewels.com\/tr\/wp-json\/wp\/v2\/media?parent=408216"}],"wp:term":[{"taxonomy":"product_brand","embeddable":true,"href":"https:\/\/www.purejewels.com\/tr\/wp-json\/wp\/v2\/product_brand?post=408216"},{"taxonomy":"product_cat","embeddable":true,"href":"https:\/\/www.purejewels.com\/tr\/wp-json\/wp\/v2\/product_cat?post=408216"},{"taxonomy":"product_tag","embeddable":true,"href":"https:\/\/www.purejewels.com\/tr\/wp-json\/wp\/v2\/product_tag?post=408216"}],"curies":[{"name":"wp","href":"https:\/\/api.w.org\/{rel}","templated":true}]}}