{"id":408374,"date":"2025-07-21T06:51:20","date_gmt":"2025-07-21T05:51:20","guid":{"rendered":"https:\/\/www.purejewels.com\/?post_type=product&#038;p=408374"},"modified":"2026-01-07T06:39:02","modified_gmt":"2026-01-07T06:39:02","slug":"rodyum-kaplamali-22-ayar-altin-yuzuk-n-51166-beden","status":"publish","type":"product","link":"https:\/\/www.purejewels.com\/tr\/product\/22ct-gold-ring-with-rhodium-finish-size-n-51166\/","title":{"rendered":"Rodyum Kaplama 22ct Y\u00fcz\u00fck | N Beden"},"content":{"rendered":"<p>Parlak kuma\u015ftan \u00fcretilmi\u015ftir <strong>22 ayar sar\u0131 alt\u0131n<\/strong>Bu tasar\u0131m y\u00fcz\u00fck, yetenekli i\u015f\u00e7ili\u011fin ve cesur esteti\u011fin bir kutlamas\u0131d\u0131r. A\u00e7\u0131k kafes tarz\u0131 bant, dokulu bir kubbe tepesi ile e\u015fle\u015ftirilmi\u015ftir ve g\u00f6ze \u00e7arpan bir rodyum vurgu ile tamamlanm\u0131\u015ft\u0131r. Hafif ancak g\u00f6rsel olarak etkili olan y\u00fcz\u00fc\u011f\u00fcn mimari detaylar\u0131 her k\u0131yafete derinlik ve karakter katar. N \u00f6l\u00e7\u00fcs\u00fcyle g\u00fcnl\u00fck kullan\u0131m veya g\u00f6ze \u00e7arpan tasar\u0131m\u0131n \u00f6nemli oldu\u011fu \u00f6zel g\u00fcnler i\u00e7in idealdir. Geleneksel kuyumculu\u011fun modern formla g\u00fczel bir birle\u015fimi olan bu y\u00fcz\u00fck, koleksiyonunuz i\u00e7in imza niteli\u011finde bir par\u00e7ad\u0131r.<\/p>","protected":false},"excerpt":{"rendered":"<p>Rodyum aksanl\u0131 kubbe ve karma\u015f\u0131k ajur desenine sahip bu 22 ayar sar\u0131 alt\u0131n y\u00fcz\u00fckle cesur bir ifade yarat\u0131n. Kendinden emin ve benzersiz bir g\u00f6r\u00fcn\u00fcm i\u00e7in m\u00fckemmel N \u00f6l\u00e7\u00fcs\u00fcndedir.<\/p>\n<p><strong>Malzeme:<\/strong>\u00a022 Ayar Alt\u0131n<br \/>\n<strong>Hallmark:<\/strong>\u00a0\u0130ngiliz Damgas\u0131<strong><br \/>\n<\/strong><strong>Br\u00fct A\u011f\u0131rl\u0131k: <\/strong>1.26 Gms<br \/>\n<strong>Boyut:<\/strong> N<br \/>\n<strong>SKU<\/strong>: 51166<\/p>\n<p><strong>Fiyat ve Teslimat<\/strong>: KDV ve teslimat \u00fccretleri dahil<br \/>\n<a href=\"https:\/\/www.purejewels.com\/tr\/i%cc%87ade-poli%cc%87ti%cc%87kasi\/\">\u0130ade Politikas\u0131<\/a><\/p>","protected":false},"featured_media":408376,"comment_status":"closed","ping_status":"closed","template":"","meta":{"_eb_attr":"","_crsspst_to_jayantr4sg-hostcom":true},"product_brand":[],"product_cat":[1791,1559,1790,1229,1235,5342,1783,1786,5338,1573,1574,5349],"product_tag":[1430,5941],"class_list":{"0":"post-408374","1":"product","2":"type-product","3":"status-publish","4":"has-post-thumbnail","6":"product_cat-anniversary-gifts","7":"product_cat-birthday-gifts","8":"product_cat-for-whom-when","9":"product_cat-22ct-gold-jewellery","10":"product_cat-gold-rings","11":"product_cat-jewellery-under-250","12":"product_cat-ladies-rings","13":"product_cat-occasional-wear-rings","14":"product_cat-shop-by-price","15":"product_cat-wedding-gifts","16":"product_cat-womens-jewellery","17":"product_cat-yellow-gold-jewellery","18":"product_tag-diwali-gift","19":"product_tag-ring","21":"first","22":"outofstock","23":"taxable","24":"shipping-taxable","25":"product-type-simple","26":"add-to-wishlist-before_image"},"yoast_head":"<!-- This site is optimized with the Yoast SEO plugin v27.6 - https:\/\/yoast.com\/product\/yoast-seo-wordpress\/ -->\n<title>22ct Yellow Gold Ring Size N | Rhodium Finish | PureJewels UK<\/title>\n<meta name=\"description\" content=\"Shop this 22ct gold ring in size N featuring a rhodium-accented dome and detailed openwork band. A bold and stylish piece for modern jewellery lovers.\" \/>\n<meta name=\"robots\" content=\"index, follow, max-snippet:-1, max-image-preview:large, max-video-preview:-1\" \/>\n<link rel=\"canonical\" href=\"https:\/\/www.purejewels.com\/tr\/urun\/rodyum-kaplamali-22-ayar-altin-yuzuk-n-51166-beden\/\" \/>\n<meta property=\"og:locale\" content=\"tr_TR\" \/>\n<meta property=\"og:type\" content=\"article\" \/>\n<meta property=\"og:title\" content=\"22ct Yellow Gold Ring Size N | Rhodium Finish | PureJewels UK\" \/>\n<meta property=\"og:description\" content=\"Shop this 22ct gold ring in size N featuring a rhodium-accented dome and detailed openwork band. A bold and stylish piece for modern jewellery lovers.\" \/>\n<meta property=\"og:url\" content=\"https:\/\/www.purejewels.com\/tr\/urun\/rodyum-kaplamali-22-ayar-altin-yuzuk-n-51166-beden\/\" \/>\n<meta property=\"og:site_name\" content=\"PureJewels UK\" \/>\n<meta property=\"article:modified_time\" content=\"2026-01-07T06:39:02+00:00\" \/>\n<meta property=\"og:image\" content=\"https:\/\/www.purejewels.com\/wp-content\/uploads\/2025\/08\/SKU-51166.1.jpg\" \/>\n\t<meta property=\"og:image:width\" content=\"1000\" \/>\n\t<meta property=\"og:image:height\" content=\"1000\" \/>\n\t<meta property=\"og:image:type\" content=\"image\/jpeg\" \/>\n<meta name=\"twitter:card\" content=\"summary_large_image\" \/>\n<script type=\"application\/ld+json\" class=\"yoast-schema-graph\">{\"@context\":\"https:\\\/\\\/schema.org\",\"@graph\":[{\"@type\":[\"WebPage\",\"ItemPage\"],\"@id\":\"https:\\\/\\\/www.purejewels.com\\\/product\\\/22ct-gold-ring-with-rhodium-finish-size-n-51166\\\/\",\"url\":\"https:\\\/\\\/www.purejewels.com\\\/product\\\/22ct-gold-ring-with-rhodium-finish-size-n-51166\\\/\",\"name\":\"22ct Yellow Gold Ring Size N | Rhodium Finish | PureJewels UK\",\"isPartOf\":{\"@id\":\"https:\\\/\\\/www.purejewels.com\\\/#website\"},\"primaryImageOfPage\":{\"@id\":\"https:\\\/\\\/www.purejewels.com\\\/product\\\/22ct-gold-ring-with-rhodium-finish-size-n-51166\\\/#primaryimage\"},\"image\":{\"@id\":\"https:\\\/\\\/www.purejewels.com\\\/product\\\/22ct-gold-ring-with-rhodium-finish-size-n-51166\\\/#primaryimage\"},\"thumbnailUrl\":\"https:\\\/\\\/static.purejewels.com\\\/wp-content\\\/uploads\\\/2025\\\/08\\\/SKU-51166.1.jpg\",\"datePublished\":\"2025-07-21T05:51:20+00:00\",\"dateModified\":\"2026-01-07T06:39:02+00:00\",\"description\":\"Shop this 22ct gold ring in size N featuring a rhodium-accented dome and detailed openwork band. A bold and stylish piece for modern jewellery lovers.\",\"breadcrumb\":{\"@id\":\"https:\\\/\\\/www.purejewels.com\\\/product\\\/22ct-gold-ring-with-rhodium-finish-size-n-51166\\\/#breadcrumb\"},\"inLanguage\":\"tr\",\"potentialAction\":[{\"@type\":\"ReadAction\",\"target\":[\"https:\\\/\\\/www.purejewels.com\\\/product\\\/22ct-gold-ring-with-rhodium-finish-size-n-51166\\\/\"]}]},{\"@type\":\"ImageObject\",\"inLanguage\":\"tr\",\"@id\":\"https:\\\/\\\/www.purejewels.com\\\/product\\\/22ct-gold-ring-with-rhodium-finish-size-n-51166\\\/#primaryimage\",\"url\":\"https:\\\/\\\/static.purejewels.com\\\/wp-content\\\/uploads\\\/2025\\\/08\\\/SKU-51166.1.jpg\",\"contentUrl\":\"https:\\\/\\\/static.purejewels.com\\\/wp-content\\\/uploads\\\/2025\\\/08\\\/SKU-51166.1.jpg\",\"width\":1000,\"height\":1000,\"caption\":\"Stacked from 11 images. Method=B (R=8,S=4)\"},{\"@type\":\"BreadcrumbList\",\"@id\":\"https:\\\/\\\/www.purejewels.com\\\/product\\\/22ct-gold-ring-with-rhodium-finish-size-n-51166\\\/#breadcrumb\",\"itemListElement\":[{\"@type\":\"ListItem\",\"position\":1,\"name\":\"Home\",\"item\":\"https:\\\/\\\/www.purejewels.com\\\/\"},{\"@type\":\"ListItem\",\"position\":2,\"name\":\"Shop\",\"item\":\"https:\\\/\\\/www.purejewels.com\\\/shop\\\/\"},{\"@type\":\"ListItem\",\"position\":3,\"name\":\"22ct Ring with Rhodium Finish | Size N\"}]},{\"@type\":\"WebSite\",\"@id\":\"https:\\\/\\\/www.purejewels.com\\\/#website\",\"url\":\"https:\\\/\\\/www.purejewels.com\\\/\",\"name\":\"PureJewels UK\",\"description\":\"Share the Love\",\"publisher\":{\"@id\":\"https:\\\/\\\/www.purejewels.com\\\/#organization\"},\"potentialAction\":[{\"@type\":\"SearchAction\",\"target\":{\"@type\":\"EntryPoint\",\"urlTemplate\":\"https:\\\/\\\/www.purejewels.com\\\/?s={search_term_string}\"},\"query-input\":{\"@type\":\"PropertyValueSpecification\",\"valueRequired\":true,\"valueName\":\"search_term_string\"}}],\"inLanguage\":\"tr\"},{\"@type\":\"Organization\",\"@id\":\"https:\\\/\\\/www.purejewels.com\\\/#organization\",\"name\":\"PureJewels UK\",\"url\":\"https:\\\/\\\/www.purejewels.com\\\/\",\"logo\":{\"@type\":\"ImageObject\",\"inLanguage\":\"tr\",\"@id\":\"https:\\\/\\\/www.purejewels.com\\\/#\\\/schema\\\/logo\\\/image\\\/\",\"url\":\"https:\\\/\\\/static.purejewels.com\\\/wp-content\\\/uploads\\\/2020\\\/11\\\/Logo-PJ-New-1.png\",\"contentUrl\":\"https:\\\/\\\/static.purejewels.com\\\/wp-content\\\/uploads\\\/2020\\\/11\\\/Logo-PJ-New-1.png\",\"width\":150,\"height\":80,\"caption\":\"PureJewels UK\"},\"image\":{\"@id\":\"https:\\\/\\\/www.purejewels.com\\\/#\\\/schema\\\/logo\\\/image\\\/\"}}]}<\/script>\n<!-- \/ Yoast SEO plugin. -->","yoast_head_json":{"title":"22 Ayar Sar\u0131 Alt\u0131n Y\u00fcz\u00fck N Beden | Rodyum Kaplama | PureJewels UK","description":"Rodyum aksanl\u0131 kubbesi ve detayl\u0131 ajur band\u0131 bulunan N beden bu 22 ayar alt\u0131n y\u00fcz\u00fc\u011f\u00fc sat\u0131n al\u0131n. Modern m\u00fccevher severler i\u00e7in cesur ve \u015f\u0131k bir par\u00e7a.","robots":{"index":"index","follow":"follow","max-snippet":"max-snippet:-1","max-image-preview":"max-image-preview:large","max-video-preview":"max-video-preview:-1"},"canonical":"https:\/\/www.purejewels.com\/tr\/urun\/rodyum-kaplamali-22-ayar-altin-yuzuk-n-51166-beden\/","og_locale":"tr_TR","og_type":"article","og_title":"22ct Yellow Gold Ring Size N | Rhodium Finish | PureJewels UK","og_description":"Shop this 22ct gold ring in size N featuring a rhodium-accented dome and detailed openwork band. A bold and stylish piece for modern jewellery lovers.","og_url":"https:\/\/www.purejewels.com\/tr\/urun\/rodyum-kaplamali-22-ayar-altin-yuzuk-n-51166-beden\/","og_site_name":"PureJewels UK","article_modified_time":"2026-01-07T06:39:02+00:00","og_image":[{"width":1000,"height":1000,"url":"https:\/\/www.purejewels.com\/wp-content\/uploads\/2025\/08\/SKU-51166.1.jpg","type":"image\/jpeg"}],"twitter_card":"summary_large_image","schema":{"@context":"https:\/\/schema.org","@graph":[{"@type":["WebPage","ItemPage"],"@id":"https:\/\/www.purejewels.com\/product\/22ct-gold-ring-with-rhodium-finish-size-n-51166\/","url":"https:\/\/www.purejewels.com\/product\/22ct-gold-ring-with-rhodium-finish-size-n-51166\/","name":"22 Ayar Sar\u0131 Alt\u0131n Y\u00fcz\u00fck N Beden | Rodyum Kaplama | PureJewels UK","isPartOf":{"@id":"https:\/\/www.purejewels.com\/#website"},"primaryImageOfPage":{"@id":"https:\/\/www.purejewels.com\/product\/22ct-gold-ring-with-rhodium-finish-size-n-51166\/#primaryimage"},"image":{"@id":"https:\/\/www.purejewels.com\/product\/22ct-gold-ring-with-rhodium-finish-size-n-51166\/#primaryimage"},"thumbnailUrl":"https:\/\/static.purejewels.com\/wp-content\/uploads\/2025\/08\/SKU-51166.1.jpg","datePublished":"2025-07-21T05:51:20+00:00","dateModified":"2026-01-07T06:39:02+00:00","description":"Rodyum aksanl\u0131 kubbesi ve detayl\u0131 ajur band\u0131 bulunan N beden bu 22 ayar alt\u0131n y\u00fcz\u00fc\u011f\u00fc sat\u0131n al\u0131n. Modern m\u00fccevher severler i\u00e7in cesur ve \u015f\u0131k bir par\u00e7a.","breadcrumb":{"@id":"https:\/\/www.purejewels.com\/product\/22ct-gold-ring-with-rhodium-finish-size-n-51166\/#breadcrumb"},"inLanguage":"tr","potentialAction":[{"@type":"ReadAction","target":["https:\/\/www.purejewels.com\/product\/22ct-gold-ring-with-rhodium-finish-size-n-51166\/"]}]},{"@type":"ImageObject","inLanguage":"tr","@id":"https:\/\/www.purejewels.com\/product\/22ct-gold-ring-with-rhodium-finish-size-n-51166\/#primaryimage","url":"https:\/\/static.purejewels.com\/wp-content\/uploads\/2025\/08\/SKU-51166.1.jpg","contentUrl":"https:\/\/static.purejewels.com\/wp-content\/uploads\/2025\/08\/SKU-51166.1.jpg","width":1000,"height":1000,"caption":"Stacked from 11 images. Method=B (R=8,S=4)"},{"@type":"BreadcrumbList","@id":"https:\/\/www.purejewels.com\/product\/22ct-gold-ring-with-rhodium-finish-size-n-51166\/#breadcrumb","itemListElement":[{"@type":"ListItem","position":1,"name":"Home","item":"https:\/\/www.purejewels.com\/"},{"@type":"ListItem","position":2,"name":"Shop","item":"https:\/\/www.purejewels.com\/shop\/"},{"@type":"ListItem","position":3,"name":"22ct Ring with Rhodium Finish | Size N"}]},{"@type":"WebSite","@id":"https:\/\/www.purejewels.com\/#website","url":"https:\/\/www.purejewels.com\/","name":"PureJewels \u0130ngiltere","description":"Sevgiyi Payla\u015f\u0131n","publisher":{"@id":"https:\/\/www.purejewels.com\/#organization"},"potentialAction":[{"@type":"SearchAction","target":{"@type":"EntryPoint","urlTemplate":"https:\/\/www.purejewels.com\/?s={search_term_string}"},"query-input":{"@type":"PropertyValueSpecification","valueRequired":true,"valueName":"search_term_string"}}],"inLanguage":"tr"},{"@type":"Organization","@id":"https:\/\/www.purejewels.com\/#organization","name":"PureJewels \u0130ngiltere","url":"https:\/\/www.purejewels.com\/","logo":{"@type":"ImageObject","inLanguage":"tr","@id":"https:\/\/www.purejewels.com\/#\/schema\/logo\/image\/","url":"https:\/\/static.purejewels.com\/wp-content\/uploads\/2020\/11\/Logo-PJ-New-1.png","contentUrl":"https:\/\/static.purejewels.com\/wp-content\/uploads\/2020\/11\/Logo-PJ-New-1.png","width":150,"height":80,"caption":"PureJewels UK"},"image":{"@id":"https:\/\/www.purejewels.com\/#\/schema\/logo\/image\/"}}]}},"_links":{"self":[{"href":"https:\/\/www.purejewels.com\/tr\/wp-json\/wp\/v2\/product\/408374","targetHints":{"allow":["GET"]}}],"collection":[{"href":"https:\/\/www.purejewels.com\/tr\/wp-json\/wp\/v2\/product"}],"about":[{"href":"https:\/\/www.purejewels.com\/tr\/wp-json\/wp\/v2\/types\/product"}],"replies":[{"embeddable":true,"href":"https:\/\/www.purejewels.com\/tr\/wp-json\/wp\/v2\/comments?post=408374"}],"version-history":[{"count":3,"href":"https:\/\/www.purejewels.com\/tr\/wp-json\/wp\/v2\/product\/408374\/revisions"}],"predecessor-version":[{"id":423001,"href":"https:\/\/www.purejewels.com\/tr\/wp-json\/wp\/v2\/product\/408374\/revisions\/423001"}],"wp:featuredmedia":[{"embeddable":true,"href":"https:\/\/www.purejewels.com\/tr\/wp-json\/wp\/v2\/media\/408376"}],"wp:attachment":[{"href":"https:\/\/www.purejewels.com\/tr\/wp-json\/wp\/v2\/media?parent=408374"}],"wp:term":[{"taxonomy":"product_brand","embeddable":true,"href":"https:\/\/www.purejewels.com\/tr\/wp-json\/wp\/v2\/product_brand?post=408374"},{"taxonomy":"product_cat","embeddable":true,"href":"https:\/\/www.purejewels.com\/tr\/wp-json\/wp\/v2\/product_cat?post=408374"},{"taxonomy":"product_tag","embeddable":true,"href":"https:\/\/www.purejewels.com\/tr\/wp-json\/wp\/v2\/product_tag?post=408374"}],"curies":[{"name":"wp","href":"https:\/\/api.w.org\/{rel}","templated":true}]}}