{"id":408417,"date":"2025-06-01T10:52:47","date_gmt":"2025-06-01T09:52:47","guid":{"rendered":"https:\/\/www.purejewels.com\/?post_type=product&#038;p=408417"},"modified":"2026-02-09T12:36:50","modified_gmt":"2026-02-09T12:36:50","slug":"kadinlar-icin-cz-tasli-22-ayar-gundogumu-altin-bileklik","status":"publish","type":"product","link":"https:\/\/www.purejewels.com\/tr\/product\/22ct-sunrise-gold-bangle-with-cz-stones-for-women\/","title":{"rendered":"Kad\u0131nlar i\u00e7in CZ Ta\u015fl\u0131 22 Ayar Sunrise Alt\u0131n Bileklik"},"content":{"rendered":"<p>Kad\u0131nlar i\u00e7in CZ Ta\u015fl\u0131 Bu 22 Ayar G\u00fcn Do\u011fumu Alt\u0131n Bileklik, gelene\u011fin ve rafine parlakl\u0131\u011f\u0131n zarif bir kar\u0131\u015f\u0131m\u0131d\u0131r. Yetenekli zanaatk\u00e2rlar taraf\u0131ndan el i\u015f\u00e7ili\u011fiyle \u00fcretilen bileklik, her biri alt\u0131n ta\u00e7 yapra\u011f\u0131 benzeri bir \u00e7er\u00e7eve i\u00e7ine yerle\u015ftirilmi\u015f ayna ayarl\u0131 CZ ta\u015flardan olu\u015fan kesintisiz bir d\u00fczenlemeye sahiptir. Her bir ta\u015f\u0131n etraf\u0131ndaki dokulu kenar, \u0131\u015f\u0131lt\u0131 ve formun yumu\u015fak bir etkile\u015fimini \u00e7a\u011fr\u0131\u015ft\u0131rarak parlakl\u0131\u011f\u0131n\u0131 art\u0131r\u0131r.<\/p>","protected":false},"excerpt":{"rendered":"<p>L\u00fcks 22 ayar Sunrise Alt\u0131ndan \u00fcretilen bu CZ ta\u015fl\u0131 bileklik, Hint sanat\u0131n\u0131n \u0131\u015f\u0131lt\u0131l\u0131 bir ifadesidir. Her bir \u0131\u015f\u0131lt\u0131l\u0131 ta\u015f, \u0131\u015f\u0131\u011f\u0131 yakalamak i\u00e7in ayna ayarl\u0131d\u0131r ve d\u00fc\u011f\u00fcnler, kutlamalar veya zarif g\u00fcnl\u00fck kullan\u0131m i\u00e7in zamans\u0131z bir par\u00e7a haline getirir.<\/p>\n<ul>\n<li><strong>Malzeme:<\/strong> 22 Ayar G\u00fcndo\u011fumu Alt\u0131n<\/li>\n<li><strong>Hallmark:\u00a0<\/strong>\u0130ngiliz Damgas\u0131<\/li>\n<li><strong>Br\u00fct A\u011f\u0131rl\u0131k: <\/strong>32.75 Gms<\/li>\n<li><strong>Net A\u011f\u0131rl\u0131k:<\/strong> 29.12 Gms<\/li>\n<li><strong>Bileklik Boyutu:<\/strong> 2.4 (Ek boyutlar i\u00e7in sorunuz)<\/li>\n<li><strong>SKU: <\/strong>51707<\/li>\n<\/ul>\n<p><strong><br \/>\nFiyat ve Teslimat:\u00a0<\/strong>KDV ve teslimat \u00fccretleri dahil<br \/>\n<strong><a href=\"https:\/\/www.purejewels.com\/tr\/i%cc%87ade-poli%cc%87ti%cc%87kasi\/\">\u0130ade Politikas\u0131<\/a><\/strong><\/p>","protected":false},"featured_media":408419,"comment_status":"closed","ping_status":"closed","template":"","meta":{"_eb_attr":"","_crsspst_to_jayantr4sg-hostcom":false},"product_brand":[],"product_cat":[1233,1229,5271,1657,6081,1573,1574],"product_tag":[],"class_list":{"0":"post-408417","1":"product","2":"type-product","3":"status-publish","4":"has-post-thumbnail","6":"product_cat-gold-bangles","7":"product_cat-22ct-gold-jewellery","8":"product_cat-occasion-wear-bangles","9":"product_cat-single-bangle","10":"product_cat-sunrise-gold","11":"product_cat-wedding-gifts","12":"product_cat-womens-jewellery","14":"first","15":"instock","16":"taxable","17":"shipping-taxable","18":"purchasable","19":"product-type-simple","20":"add-to-wishlist-before_image"},"yoast_head":"<!-- This site is optimized with the Yoast SEO plugin v27.5 - https:\/\/yoast.com\/product\/yoast-seo-wordpress\/ -->\n<title>22ct Sunrise Gold Bangle with CZ Stones | Indian Gold Jewellery<\/title>\n<meta name=\"description\" content=\"Shop handcrafted 22ct Sunrise Gold Bangle with CZ stones for women. A classic Indian gold jewellery design, perfect for weddings, festivals, and special occasions.\" \/>\n<meta name=\"robots\" content=\"index, follow, max-snippet:-1, max-image-preview:large, max-video-preview:-1\" \/>\n<link rel=\"canonical\" href=\"https:\/\/www.purejewels.com\/tr\/urun\/kadinlar-icin-cz-tasli-22-ayar-gundogumu-altin-bileklik\/\" \/>\n<meta property=\"og:locale\" content=\"tr_TR\" \/>\n<meta property=\"og:type\" content=\"article\" \/>\n<meta property=\"og:title\" content=\"22ct Sunrise Gold Bangle with CZ Stones | Indian Gold Jewellery\" \/>\n<meta property=\"og:description\" content=\"Shop handcrafted 22ct Sunrise Gold Bangle with CZ stones for women. A classic Indian gold jewellery design, perfect for weddings, festivals, and special occasions.\" \/>\n<meta property=\"og:url\" content=\"https:\/\/www.purejewels.com\/tr\/urun\/kadinlar-icin-cz-tasli-22-ayar-gundogumu-altin-bileklik\/\" \/>\n<meta property=\"og:site_name\" content=\"PureJewels UK\" \/>\n<meta property=\"article:modified_time\" content=\"2026-02-09T12:36:50+00:00\" \/>\n<meta property=\"og:image\" content=\"https:\/\/static.purejewels.com\/wp-content\/uploads\/2025\/08\/SKU-51707.jpg\" \/>\n\t<meta property=\"og:image:width\" content=\"1000\" \/>\n\t<meta property=\"og:image:height\" content=\"1000\" \/>\n\t<meta property=\"og:image:type\" content=\"image\/jpeg\" \/>\n<meta name=\"twitter:card\" content=\"summary_large_image\" \/>\n<meta name=\"twitter:label1\" content=\"Tahmini okuma s\u00fcresi\" \/>\n\t<meta name=\"twitter:data1\" content=\"1 dakika\" \/>\n<script type=\"application\/ld+json\" class=\"yoast-schema-graph\">{\"@context\":\"https:\\\/\\\/schema.org\",\"@graph\":[{\"@type\":[\"WebPage\",\"ItemPage\"],\"@id\":\"https:\\\/\\\/www.purejewels.com\\\/product\\\/22ct-sunrise-gold-bangle-with-cz-stones-for-women\\\/\",\"url\":\"https:\\\/\\\/www.purejewels.com\\\/product\\\/22ct-sunrise-gold-bangle-with-cz-stones-for-women\\\/\",\"name\":\"22ct Sunrise Gold Bangle with CZ Stones | Indian Gold Jewellery\",\"isPartOf\":{\"@id\":\"https:\\\/\\\/www.purejewels.com\\\/#website\"},\"primaryImageOfPage\":{\"@id\":\"https:\\\/\\\/www.purejewels.com\\\/product\\\/22ct-sunrise-gold-bangle-with-cz-stones-for-women\\\/#primaryimage\"},\"image\":{\"@id\":\"https:\\\/\\\/www.purejewels.com\\\/product\\\/22ct-sunrise-gold-bangle-with-cz-stones-for-women\\\/#primaryimage\"},\"thumbnailUrl\":\"https:\\\/\\\/static.purejewels.com\\\/wp-content\\\/uploads\\\/2025\\\/08\\\/SKU-51707.jpg\",\"datePublished\":\"2025-06-01T09:52:47+00:00\",\"dateModified\":\"2026-02-09T12:36:50+00:00\",\"description\":\"Shop handcrafted 22ct Sunrise Gold Bangle with CZ stones for women. A classic Indian gold jewellery design, perfect for weddings, festivals, and special occasions.\",\"breadcrumb\":{\"@id\":\"https:\\\/\\\/www.purejewels.com\\\/product\\\/22ct-sunrise-gold-bangle-with-cz-stones-for-women\\\/#breadcrumb\"},\"inLanguage\":\"tr\",\"potentialAction\":[{\"@type\":\"ReadAction\",\"target\":[\"https:\\\/\\\/www.purejewels.com\\\/product\\\/22ct-sunrise-gold-bangle-with-cz-stones-for-women\\\/\"]}]},{\"@type\":\"ImageObject\",\"inLanguage\":\"tr\",\"@id\":\"https:\\\/\\\/www.purejewels.com\\\/product\\\/22ct-sunrise-gold-bangle-with-cz-stones-for-women\\\/#primaryimage\",\"url\":\"https:\\\/\\\/static.purejewels.com\\\/wp-content\\\/uploads\\\/2025\\\/08\\\/SKU-51707.jpg\",\"contentUrl\":\"https:\\\/\\\/static.purejewels.com\\\/wp-content\\\/uploads\\\/2025\\\/08\\\/SKU-51707.jpg\",\"width\":1000,\"height\":1000,\"caption\":\"51707\"},{\"@type\":\"BreadcrumbList\",\"@id\":\"https:\\\/\\\/www.purejewels.com\\\/product\\\/22ct-sunrise-gold-bangle-with-cz-stones-for-women\\\/#breadcrumb\",\"itemListElement\":[{\"@type\":\"ListItem\",\"position\":1,\"name\":\"Home\",\"item\":\"https:\\\/\\\/www.purejewels.com\\\/\"},{\"@type\":\"ListItem\",\"position\":2,\"name\":\"Shop\",\"item\":\"https:\\\/\\\/www.purejewels.com\\\/shop\\\/\"},{\"@type\":\"ListItem\",\"position\":3,\"name\":\"22ct Sunrise Gold Bangle with CZ Stones for Women\"}]},{\"@type\":\"WebSite\",\"@id\":\"https:\\\/\\\/www.purejewels.com\\\/#website\",\"url\":\"https:\\\/\\\/www.purejewels.com\\\/\",\"name\":\"PureJewels UK\",\"description\":\"Share the Love\",\"publisher\":{\"@id\":\"https:\\\/\\\/www.purejewels.com\\\/#organization\"},\"potentialAction\":[{\"@type\":\"SearchAction\",\"target\":{\"@type\":\"EntryPoint\",\"urlTemplate\":\"https:\\\/\\\/www.purejewels.com\\\/?s={search_term_string}\"},\"query-input\":{\"@type\":\"PropertyValueSpecification\",\"valueRequired\":true,\"valueName\":\"search_term_string\"}}],\"inLanguage\":\"tr\"},{\"@type\":\"Organization\",\"@id\":\"https:\\\/\\\/www.purejewels.com\\\/#organization\",\"name\":\"PureJewels UK\",\"url\":\"https:\\\/\\\/www.purejewels.com\\\/\",\"logo\":{\"@type\":\"ImageObject\",\"inLanguage\":\"tr\",\"@id\":\"https:\\\/\\\/www.purejewels.com\\\/#\\\/schema\\\/logo\\\/image\\\/\",\"url\":\"https:\\\/\\\/static.purejewels.com\\\/wp-content\\\/uploads\\\/2020\\\/11\\\/Logo-PJ-New-1.png\",\"contentUrl\":\"https:\\\/\\\/static.purejewels.com\\\/wp-content\\\/uploads\\\/2020\\\/11\\\/Logo-PJ-New-1.png\",\"width\":150,\"height\":80,\"caption\":\"PureJewels UK\"},\"image\":{\"@id\":\"https:\\\/\\\/www.purejewels.com\\\/#\\\/schema\\\/logo\\\/image\\\/\"}}]}<\/script>\n<!-- \/ Yoast SEO plugin. -->","yoast_head_json":{"title":"CZ Ta\u015fl\u0131 22 Ayar G\u00fcn Do\u011fumu Alt\u0131n Bileklik | Hint Alt\u0131n Tak\u0131lar\u0131","description":"Kad\u0131nlar i\u00e7in CZ ta\u015fl\u0131 el yap\u0131m\u0131 22ct Sunrise Alt\u0131n Bileklik sat\u0131n al\u0131n. D\u00fc\u011f\u00fcnler, festivaller ve \u00f6zel g\u00fcnler i\u00e7in m\u00fckemmel olan klasik bir Hint alt\u0131n tak\u0131 tasar\u0131m\u0131.","robots":{"index":"index","follow":"follow","max-snippet":"max-snippet:-1","max-image-preview":"max-image-preview:large","max-video-preview":"max-video-preview:-1"},"canonical":"https:\/\/www.purejewels.com\/tr\/urun\/kadinlar-icin-cz-tasli-22-ayar-gundogumu-altin-bileklik\/","og_locale":"tr_TR","og_type":"article","og_title":"22ct Sunrise Gold Bangle with CZ Stones | Indian Gold Jewellery","og_description":"Shop handcrafted 22ct Sunrise Gold Bangle with CZ stones for women. A classic Indian gold jewellery design, perfect for weddings, festivals, and special occasions.","og_url":"https:\/\/www.purejewels.com\/tr\/urun\/kadinlar-icin-cz-tasli-22-ayar-gundogumu-altin-bileklik\/","og_site_name":"PureJewels UK","article_modified_time":"2026-02-09T12:36:50+00:00","og_image":[{"width":1000,"height":1000,"url":"https:\/\/static.purejewels.com\/wp-content\/uploads\/2025\/08\/SKU-51707.jpg","type":"image\/jpeg"}],"twitter_card":"summary_large_image","twitter_misc":{"Tahmini okuma s\u00fcresi":"1 dakika"},"schema":{"@context":"https:\/\/schema.org","@graph":[{"@type":["WebPage","ItemPage"],"@id":"https:\/\/www.purejewels.com\/product\/22ct-sunrise-gold-bangle-with-cz-stones-for-women\/","url":"https:\/\/www.purejewels.com\/product\/22ct-sunrise-gold-bangle-with-cz-stones-for-women\/","name":"CZ Ta\u015fl\u0131 22 Ayar G\u00fcn Do\u011fumu Alt\u0131n Bileklik | Hint Alt\u0131n Tak\u0131lar\u0131","isPartOf":{"@id":"https:\/\/www.purejewels.com\/#website"},"primaryImageOfPage":{"@id":"https:\/\/www.purejewels.com\/product\/22ct-sunrise-gold-bangle-with-cz-stones-for-women\/#primaryimage"},"image":{"@id":"https:\/\/www.purejewels.com\/product\/22ct-sunrise-gold-bangle-with-cz-stones-for-women\/#primaryimage"},"thumbnailUrl":"https:\/\/static.purejewels.com\/wp-content\/uploads\/2025\/08\/SKU-51707.jpg","datePublished":"2025-06-01T09:52:47+00:00","dateModified":"2026-02-09T12:36:50+00:00","description":"Kad\u0131nlar i\u00e7in CZ ta\u015fl\u0131 el yap\u0131m\u0131 22ct Sunrise Alt\u0131n Bileklik sat\u0131n al\u0131n. D\u00fc\u011f\u00fcnler, festivaller ve \u00f6zel g\u00fcnler i\u00e7in m\u00fckemmel olan klasik bir Hint alt\u0131n tak\u0131 tasar\u0131m\u0131.","breadcrumb":{"@id":"https:\/\/www.purejewels.com\/product\/22ct-sunrise-gold-bangle-with-cz-stones-for-women\/#breadcrumb"},"inLanguage":"tr","potentialAction":[{"@type":"ReadAction","target":["https:\/\/www.purejewels.com\/product\/22ct-sunrise-gold-bangle-with-cz-stones-for-women\/"]}]},{"@type":"ImageObject","inLanguage":"tr","@id":"https:\/\/www.purejewels.com\/product\/22ct-sunrise-gold-bangle-with-cz-stones-for-women\/#primaryimage","url":"https:\/\/static.purejewels.com\/wp-content\/uploads\/2025\/08\/SKU-51707.jpg","contentUrl":"https:\/\/static.purejewels.com\/wp-content\/uploads\/2025\/08\/SKU-51707.jpg","width":1000,"height":1000,"caption":"51707"},{"@type":"BreadcrumbList","@id":"https:\/\/www.purejewels.com\/product\/22ct-sunrise-gold-bangle-with-cz-stones-for-women\/#breadcrumb","itemListElement":[{"@type":"ListItem","position":1,"name":"Home","item":"https:\/\/www.purejewels.com\/"},{"@type":"ListItem","position":2,"name":"Shop","item":"https:\/\/www.purejewels.com\/shop\/"},{"@type":"ListItem","position":3,"name":"22ct Sunrise Gold Bangle with CZ Stones for Women"}]},{"@type":"WebSite","@id":"https:\/\/www.purejewels.com\/#website","url":"https:\/\/www.purejewels.com\/","name":"PureJewels \u0130ngiltere","description":"Sevgiyi Payla\u015f\u0131n","publisher":{"@id":"https:\/\/www.purejewels.com\/#organization"},"potentialAction":[{"@type":"SearchAction","target":{"@type":"EntryPoint","urlTemplate":"https:\/\/www.purejewels.com\/?s={search_term_string}"},"query-input":{"@type":"PropertyValueSpecification","valueRequired":true,"valueName":"search_term_string"}}],"inLanguage":"tr"},{"@type":"Organization","@id":"https:\/\/www.purejewels.com\/#organization","name":"PureJewels \u0130ngiltere","url":"https:\/\/www.purejewels.com\/","logo":{"@type":"ImageObject","inLanguage":"tr","@id":"https:\/\/www.purejewels.com\/#\/schema\/logo\/image\/","url":"https:\/\/static.purejewels.com\/wp-content\/uploads\/2020\/11\/Logo-PJ-New-1.png","contentUrl":"https:\/\/static.purejewels.com\/wp-content\/uploads\/2020\/11\/Logo-PJ-New-1.png","width":150,"height":80,"caption":"PureJewels UK"},"image":{"@id":"https:\/\/www.purejewels.com\/#\/schema\/logo\/image\/"}}]}},"_links":{"self":[{"href":"https:\/\/www.purejewels.com\/tr\/wp-json\/wp\/v2\/product\/408417","targetHints":{"allow":["GET"]}}],"collection":[{"href":"https:\/\/www.purejewels.com\/tr\/wp-json\/wp\/v2\/product"}],"about":[{"href":"https:\/\/www.purejewels.com\/tr\/wp-json\/wp\/v2\/types\/product"}],"replies":[{"embeddable":true,"href":"https:\/\/www.purejewels.com\/tr\/wp-json\/wp\/v2\/comments?post=408417"}],"version-history":[{"count":1,"href":"https:\/\/www.purejewels.com\/tr\/wp-json\/wp\/v2\/product\/408417\/revisions"}],"predecessor-version":[{"id":408421,"href":"https:\/\/www.purejewels.com\/tr\/wp-json\/wp\/v2\/product\/408417\/revisions\/408421"}],"wp:featuredmedia":[{"embeddable":true,"href":"https:\/\/www.purejewels.com\/tr\/wp-json\/wp\/v2\/media\/408419"}],"wp:attachment":[{"href":"https:\/\/www.purejewels.com\/tr\/wp-json\/wp\/v2\/media?parent=408417"}],"wp:term":[{"taxonomy":"product_brand","embeddable":true,"href":"https:\/\/www.purejewels.com\/tr\/wp-json\/wp\/v2\/product_brand?post=408417"},{"taxonomy":"product_cat","embeddable":true,"href":"https:\/\/www.purejewels.com\/tr\/wp-json\/wp\/v2\/product_cat?post=408417"},{"taxonomy":"product_tag","embeddable":true,"href":"https:\/\/www.purejewels.com\/tr\/wp-json\/wp\/v2\/product_tag?post=408417"}],"curies":[{"name":"wp","href":"https:\/\/api.w.org\/{rel}","templated":true}]}}