{"id":408461,"date":"2025-07-01T10:55:01","date_gmt":"2025-07-01T09:55:01","guid":{"rendered":"https:\/\/www.purejewels.com\/?post_type=product&#038;p=408461"},"modified":"2026-03-23T08:52:22","modified_gmt":"2026-03-23T08:52:22","slug":"rodyum-kaplamali-klasik-22-ayar-altin-bileklik-47210","status":"publish","type":"product","link":"https:\/\/www.purejewels.com\/tr\/product\/classic-22ct-gold-bangle-with-rhodium-finish-47210\/","title":{"rendered":"Rodyum Kaplamal\u0131 Klasik 22 Ayar Alt\u0131n Bileklik"},"content":{"rendered":"<p data-start=\"396\" data-end=\"696\">Sade l\u00fcks\u00fc yans\u0131tan zarif bir par\u00e7a olan Rodyum Kaplamal\u0131 Klasik 22 Ayar Alt\u0131n Bileklik ile koleksiyonunuzu y\u00fckseltin. Y\u00fcksek safl\u0131kta 22 ayar alt\u0131ndan \u00fcretilen bu ince profilli bileklik, s\u0131cak alt\u0131n tabana kar\u015f\u0131 yumu\u015fak, g\u00fcm\u00fc\u015fi bir kontrast olu\u015fturan karma\u015f\u0131k bir \u015fekilde kaz\u0131nm\u0131\u015f rodyum desenine sahiptir.<\/p>\n<p data-start=\"698\" data-end=\"985\">Sonu\u00e7, g\u00fcnl\u00fck kullan\u0131mdan bayram g\u00fcnlerine zahmetsizce ge\u00e7i\u015f yapabilen \u00e7ok y\u00f6nl\u00fc bir tasar\u0131md\u0131r. \u0130ster minimalist bir ifade i\u00e7in tek ba\u015f\u0131na tak\u0131ls\u0131n, ister di\u011fer bilekliklerle istiflensin, bu par\u00e7a geleneksel Hint alt\u0131n tak\u0131lar\u0131n\u0131n sessiz sofistikeli\u011fini \u00e7a\u011fda\u015f bir yakla\u015f\u0131mla kutluyor.<\/p>\n<p data-start=\"987\" data-end=\"1039\">Ek boyutlarda da mevcuttur - l\u00fctfen sorunuz.<\/p>","protected":false},"excerpt":{"rendered":"<p>Bu \u015f\u0131k 22 ayar alt\u0131n bileklik, daha fazla parlakl\u0131k i\u00e7in rafine rodyum aksanl\u0131 bir desene sahiptir. G\u00fcnl\u00fck \u015f\u0131kl\u0131k veya gelin katmanlar\u0131 i\u00e7in zamans\u0131z bir se\u00e7im olan bu bileklik, sadeli\u011fi ince detaylarla harmanl\u0131yor.<\/p>\n<ul>\n<li><strong>Malzeme:<\/strong> 22 Ayar Alt\u0131n<\/li>\n<li><strong>Hallmark:\u00a0<\/strong>\u0130ngiliz Damgas\u0131<\/li>\n<li><strong>Br\u00fct A\u011f\u0131rl\u0131k: <\/strong>14.80 Gms<\/li>\n<li><strong>Bileklik Boyutu:<\/strong> 2.6 (Ek boyutlar i\u00e7in sorunuz)<\/li>\n<li><strong>Geni\u015flik:<\/strong> 5 mm<\/li>\n<li><strong>SKU: <\/strong>47209, 47210, 47208<\/li>\n<\/ul>\n<p><strong><br \/>\nFiyat ve Teslimat:\u00a0<\/strong>KDV ve teslimat \u00fccretleri dahil<br \/>\n<strong><a href=\"https:\/\/www.purejewels.com\/tr\/i%cc%87ade-poli%cc%87ti%cc%87kasi\/\">\u0130ade Politikas\u0131<\/a><\/strong><\/p>","protected":false},"featured_media":408480,"comment_status":"closed","ping_status":"closed","template":"","meta":{"_eb_attr":"","_crsspst_to_jayantr4sg-hostcom":true},"product_brand":[],"product_cat":[5270,1233,1229,6151,1657,1573,1574,5349],"product_tag":[],"class_list":{"0":"post-408461","1":"product","2":"type-product","3":"status-publish","4":"has-post-thumbnail","6":"product_cat-daily-wear-bangles","7":"product_cat-gold-bangles","8":"product_cat-22ct-gold-jewellery","9":"product_cat-plated-gold-bangles","10":"product_cat-single-bangle","11":"product_cat-wedding-gifts","12":"product_cat-womens-jewellery","13":"product_cat-yellow-gold-jewellery","15":"first","16":"instock","17":"taxable","18":"shipping-taxable","19":"purchasable","20":"product-type-simple","21":"add-to-wishlist-before_image"},"yoast_head":"<!-- This site is optimized with the Yoast SEO plugin v27.5 - https:\/\/yoast.com\/product\/yoast-seo-wordpress\/ -->\n<title>Classic 22ct Gold Bangle with Rhodium Finish | Gold Jewellery UK<\/title>\n<meta name=\"description\" content=\"Shop the Classic 22ct Gold Bangle with Rhodium Finish. A slim, elegant Indian gold bangle for women. Available in multiple sizes.\" \/>\n<meta name=\"robots\" content=\"index, follow, max-snippet:-1, max-image-preview:large, max-video-preview:-1\" \/>\n<link rel=\"canonical\" href=\"https:\/\/www.purejewels.com\/tr\/urun\/rodyum-kaplamali-klasik-22-ayar-altin-bileklik-47210\/\" \/>\n<meta property=\"og:locale\" content=\"tr_TR\" \/>\n<meta property=\"og:type\" content=\"article\" \/>\n<meta property=\"og:title\" content=\"Classic 22ct Gold Bangle with Rhodium Finish | Gold Jewellery UK\" \/>\n<meta property=\"og:description\" content=\"Shop the Classic 22ct Gold Bangle with Rhodium Finish. A slim, elegant Indian gold bangle for women. Available in multiple sizes.\" \/>\n<meta property=\"og:url\" content=\"https:\/\/www.purejewels.com\/tr\/urun\/rodyum-kaplamali-klasik-22-ayar-altin-bileklik-47210\/\" \/>\n<meta property=\"og:site_name\" content=\"PureJewels UK\" \/>\n<meta property=\"article:modified_time\" content=\"2026-03-23T08:52:22+00:00\" \/>\n<meta property=\"og:image\" content=\"https:\/\/static.purejewels.com\/wp-content\/uploads\/2025\/08\/SKU-47208.jpg\" \/>\n\t<meta property=\"og:image:width\" content=\"1000\" \/>\n\t<meta property=\"og:image:height\" content=\"1000\" \/>\n\t<meta property=\"og:image:type\" content=\"image\/jpeg\" \/>\n<meta name=\"twitter:card\" content=\"summary_large_image\" \/>\n<meta name=\"twitter:label1\" content=\"Tahmini okuma s\u00fcresi\" \/>\n\t<meta name=\"twitter:data1\" content=\"1 dakika\" \/>\n<script type=\"application\/ld+json\" class=\"yoast-schema-graph\">{\"@context\":\"https:\\\/\\\/schema.org\",\"@graph\":[{\"@type\":[\"WebPage\",\"ItemPage\"],\"@id\":\"https:\\\/\\\/www.purejewels.com\\\/product\\\/classic-22ct-gold-bangle-with-rhodium-finish-47210\\\/\",\"url\":\"https:\\\/\\\/www.purejewels.com\\\/product\\\/classic-22ct-gold-bangle-with-rhodium-finish-47210\\\/\",\"name\":\"Classic 22ct Gold Bangle with Rhodium Finish | Gold Jewellery UK\",\"isPartOf\":{\"@id\":\"https:\\\/\\\/www.purejewels.com\\\/#website\"},\"primaryImageOfPage\":{\"@id\":\"https:\\\/\\\/www.purejewels.com\\\/product\\\/classic-22ct-gold-bangle-with-rhodium-finish-47210\\\/#primaryimage\"},\"image\":{\"@id\":\"https:\\\/\\\/www.purejewels.com\\\/product\\\/classic-22ct-gold-bangle-with-rhodium-finish-47210\\\/#primaryimage\"},\"thumbnailUrl\":\"https:\\\/\\\/static.purejewels.com\\\/wp-content\\\/uploads\\\/2025\\\/08\\\/SKU-47208.jpg\",\"datePublished\":\"2025-07-01T09:55:01+00:00\",\"dateModified\":\"2026-03-23T08:52:22+00:00\",\"description\":\"Shop the Classic 22ct Gold Bangle with Rhodium Finish. A slim, elegant Indian gold bangle for women. Available in multiple sizes.\",\"breadcrumb\":{\"@id\":\"https:\\\/\\\/www.purejewels.com\\\/product\\\/classic-22ct-gold-bangle-with-rhodium-finish-47210\\\/#breadcrumb\"},\"inLanguage\":\"tr\",\"potentialAction\":[{\"@type\":\"ReadAction\",\"target\":[\"https:\\\/\\\/www.purejewels.com\\\/product\\\/classic-22ct-gold-bangle-with-rhodium-finish-47210\\\/\"]}]},{\"@type\":\"ImageObject\",\"inLanguage\":\"tr\",\"@id\":\"https:\\\/\\\/www.purejewels.com\\\/product\\\/classic-22ct-gold-bangle-with-rhodium-finish-47210\\\/#primaryimage\",\"url\":\"https:\\\/\\\/static.purejewels.com\\\/wp-content\\\/uploads\\\/2025\\\/08\\\/SKU-47208.jpg\",\"contentUrl\":\"https:\\\/\\\/static.purejewels.com\\\/wp-content\\\/uploads\\\/2025\\\/08\\\/SKU-47208.jpg\",\"width\":1000,\"height\":1000,\"caption\":\"47208\"},{\"@type\":\"BreadcrumbList\",\"@id\":\"https:\\\/\\\/www.purejewels.com\\\/product\\\/classic-22ct-gold-bangle-with-rhodium-finish-47210\\\/#breadcrumb\",\"itemListElement\":[{\"@type\":\"ListItem\",\"position\":1,\"name\":\"Home\",\"item\":\"https:\\\/\\\/www.purejewels.com\\\/\"},{\"@type\":\"ListItem\",\"position\":2,\"name\":\"Shop\",\"item\":\"https:\\\/\\\/www.purejewels.com\\\/shop\\\/\"},{\"@type\":\"ListItem\",\"position\":3,\"name\":\"Classic 22ct Gold Bangle with Rhodium Finish\"}]},{\"@type\":\"WebSite\",\"@id\":\"https:\\\/\\\/www.purejewels.com\\\/#website\",\"url\":\"https:\\\/\\\/www.purejewels.com\\\/\",\"name\":\"PureJewels UK\",\"description\":\"Share the Love\",\"publisher\":{\"@id\":\"https:\\\/\\\/www.purejewels.com\\\/#organization\"},\"potentialAction\":[{\"@type\":\"SearchAction\",\"target\":{\"@type\":\"EntryPoint\",\"urlTemplate\":\"https:\\\/\\\/www.purejewels.com\\\/?s={search_term_string}\"},\"query-input\":{\"@type\":\"PropertyValueSpecification\",\"valueRequired\":true,\"valueName\":\"search_term_string\"}}],\"inLanguage\":\"tr\"},{\"@type\":\"Organization\",\"@id\":\"https:\\\/\\\/www.purejewels.com\\\/#organization\",\"name\":\"PureJewels UK\",\"url\":\"https:\\\/\\\/www.purejewels.com\\\/\",\"logo\":{\"@type\":\"ImageObject\",\"inLanguage\":\"tr\",\"@id\":\"https:\\\/\\\/www.purejewels.com\\\/#\\\/schema\\\/logo\\\/image\\\/\",\"url\":\"https:\\\/\\\/static.purejewels.com\\\/wp-content\\\/uploads\\\/2020\\\/11\\\/Logo-PJ-New-1.png\",\"contentUrl\":\"https:\\\/\\\/static.purejewels.com\\\/wp-content\\\/uploads\\\/2020\\\/11\\\/Logo-PJ-New-1.png\",\"width\":150,\"height\":80,\"caption\":\"PureJewels UK\"},\"image\":{\"@id\":\"https:\\\/\\\/www.purejewels.com\\\/#\\\/schema\\\/logo\\\/image\\\/\"}}]}<\/script>\n<!-- \/ Yoast SEO plugin. -->","yoast_head_json":{"title":"Rodyum Kaplamal\u0131 Klasik 22 Ayar Alt\u0131n Bileklik | Alt\u0131n Tak\u0131lar \u0130ngiltere","description":"Rodyum Kaplamal\u0131 Klasik 22 Ayar Alt\u0131n Bilekli\u011fi sat\u0131n al\u0131n. Kad\u0131nlar i\u00e7in ince, zarif bir Hint alt\u0131n bileklik. Farkl\u0131 boyutlarda mevcuttur.","robots":{"index":"index","follow":"follow","max-snippet":"max-snippet:-1","max-image-preview":"max-image-preview:large","max-video-preview":"max-video-preview:-1"},"canonical":"https:\/\/www.purejewels.com\/tr\/urun\/rodyum-kaplamali-klasik-22-ayar-altin-bileklik-47210\/","og_locale":"tr_TR","og_type":"article","og_title":"Classic 22ct Gold Bangle with Rhodium Finish | Gold Jewellery UK","og_description":"Shop the Classic 22ct Gold Bangle with Rhodium Finish. A slim, elegant Indian gold bangle for women. Available in multiple sizes.","og_url":"https:\/\/www.purejewels.com\/tr\/urun\/rodyum-kaplamali-klasik-22-ayar-altin-bileklik-47210\/","og_site_name":"PureJewels UK","article_modified_time":"2026-03-23T08:52:22+00:00","og_image":[{"width":1000,"height":1000,"url":"https:\/\/static.purejewels.com\/wp-content\/uploads\/2025\/08\/SKU-47208.jpg","type":"image\/jpeg"}],"twitter_card":"summary_large_image","twitter_misc":{"Tahmini okuma s\u00fcresi":"1 dakika"},"schema":{"@context":"https:\/\/schema.org","@graph":[{"@type":["WebPage","ItemPage"],"@id":"https:\/\/www.purejewels.com\/product\/classic-22ct-gold-bangle-with-rhodium-finish-47210\/","url":"https:\/\/www.purejewels.com\/product\/classic-22ct-gold-bangle-with-rhodium-finish-47210\/","name":"Rodyum Kaplamal\u0131 Klasik 22 Ayar Alt\u0131n Bileklik | Alt\u0131n Tak\u0131lar \u0130ngiltere","isPartOf":{"@id":"https:\/\/www.purejewels.com\/#website"},"primaryImageOfPage":{"@id":"https:\/\/www.purejewels.com\/product\/classic-22ct-gold-bangle-with-rhodium-finish-47210\/#primaryimage"},"image":{"@id":"https:\/\/www.purejewels.com\/product\/classic-22ct-gold-bangle-with-rhodium-finish-47210\/#primaryimage"},"thumbnailUrl":"https:\/\/static.purejewels.com\/wp-content\/uploads\/2025\/08\/SKU-47208.jpg","datePublished":"2025-07-01T09:55:01+00:00","dateModified":"2026-03-23T08:52:22+00:00","description":"Rodyum Kaplamal\u0131 Klasik 22 Ayar Alt\u0131n Bilekli\u011fi sat\u0131n al\u0131n. Kad\u0131nlar i\u00e7in ince, zarif bir Hint alt\u0131n bileklik. Farkl\u0131 boyutlarda mevcuttur.","breadcrumb":{"@id":"https:\/\/www.purejewels.com\/product\/classic-22ct-gold-bangle-with-rhodium-finish-47210\/#breadcrumb"},"inLanguage":"tr","potentialAction":[{"@type":"ReadAction","target":["https:\/\/www.purejewels.com\/product\/classic-22ct-gold-bangle-with-rhodium-finish-47210\/"]}]},{"@type":"ImageObject","inLanguage":"tr","@id":"https:\/\/www.purejewels.com\/product\/classic-22ct-gold-bangle-with-rhodium-finish-47210\/#primaryimage","url":"https:\/\/static.purejewels.com\/wp-content\/uploads\/2025\/08\/SKU-47208.jpg","contentUrl":"https:\/\/static.purejewels.com\/wp-content\/uploads\/2025\/08\/SKU-47208.jpg","width":1000,"height":1000,"caption":"47208"},{"@type":"BreadcrumbList","@id":"https:\/\/www.purejewels.com\/product\/classic-22ct-gold-bangle-with-rhodium-finish-47210\/#breadcrumb","itemListElement":[{"@type":"ListItem","position":1,"name":"Home","item":"https:\/\/www.purejewels.com\/"},{"@type":"ListItem","position":2,"name":"Shop","item":"https:\/\/www.purejewels.com\/shop\/"},{"@type":"ListItem","position":3,"name":"Classic 22ct Gold Bangle with Rhodium Finish"}]},{"@type":"WebSite","@id":"https:\/\/www.purejewels.com\/#website","url":"https:\/\/www.purejewels.com\/","name":"PureJewels \u0130ngiltere","description":"Sevgiyi Payla\u015f\u0131n","publisher":{"@id":"https:\/\/www.purejewels.com\/#organization"},"potentialAction":[{"@type":"SearchAction","target":{"@type":"EntryPoint","urlTemplate":"https:\/\/www.purejewels.com\/?s={search_term_string}"},"query-input":{"@type":"PropertyValueSpecification","valueRequired":true,"valueName":"search_term_string"}}],"inLanguage":"tr"},{"@type":"Organization","@id":"https:\/\/www.purejewels.com\/#organization","name":"PureJewels \u0130ngiltere","url":"https:\/\/www.purejewels.com\/","logo":{"@type":"ImageObject","inLanguage":"tr","@id":"https:\/\/www.purejewels.com\/#\/schema\/logo\/image\/","url":"https:\/\/static.purejewels.com\/wp-content\/uploads\/2020\/11\/Logo-PJ-New-1.png","contentUrl":"https:\/\/static.purejewels.com\/wp-content\/uploads\/2020\/11\/Logo-PJ-New-1.png","width":150,"height":80,"caption":"PureJewels UK"},"image":{"@id":"https:\/\/www.purejewels.com\/#\/schema\/logo\/image\/"}}]}},"_links":{"self":[{"href":"https:\/\/www.purejewels.com\/tr\/wp-json\/wp\/v2\/product\/408461","targetHints":{"allow":["GET"]}}],"collection":[{"href":"https:\/\/www.purejewels.com\/tr\/wp-json\/wp\/v2\/product"}],"about":[{"href":"https:\/\/www.purejewels.com\/tr\/wp-json\/wp\/v2\/types\/product"}],"replies":[{"embeddable":true,"href":"https:\/\/www.purejewels.com\/tr\/wp-json\/wp\/v2\/comments?post=408461"}],"version-history":[{"count":3,"href":"https:\/\/www.purejewels.com\/tr\/wp-json\/wp\/v2\/product\/408461\/revisions"}],"predecessor-version":[{"id":408484,"href":"https:\/\/www.purejewels.com\/tr\/wp-json\/wp\/v2\/product\/408461\/revisions\/408484"}],"wp:featuredmedia":[{"embeddable":true,"href":"https:\/\/www.purejewels.com\/tr\/wp-json\/wp\/v2\/media\/408480"}],"wp:attachment":[{"href":"https:\/\/www.purejewels.com\/tr\/wp-json\/wp\/v2\/media?parent=408461"}],"wp:term":[{"taxonomy":"product_brand","embeddable":true,"href":"https:\/\/www.purejewels.com\/tr\/wp-json\/wp\/v2\/product_brand?post=408461"},{"taxonomy":"product_cat","embeddable":true,"href":"https:\/\/www.purejewels.com\/tr\/wp-json\/wp\/v2\/product_cat?post=408461"},{"taxonomy":"product_tag","embeddable":true,"href":"https:\/\/www.purejewels.com\/tr\/wp-json\/wp\/v2\/product_tag?post=408461"}],"curies":[{"name":"wp","href":"https:\/\/api.w.org\/{rel}","templated":true}]}}