{"id":408499,"date":"2025-07-31T12:19:24","date_gmt":"2025-07-31T11:19:24","guid":{"rendered":"https:\/\/www.purejewels.com\/?post_type=product&#038;p=408499"},"modified":"2026-01-07T06:39:02","modified_gmt":"2026-01-07T06:39:02","slug":"safirli-22-ayar-gundogumu-altin-burgu-yuzuk-52100","status":"publish","type":"product","link":"https:\/\/www.purejewels.com\/tr\/product\/22ct-sunrise-gold-twist-ring-with-sapphire-52100\/","title":{"rendered":"Do\u011fal Is\u0131t\u0131lmam\u0131\u015f Safirli Solo Y\u00fcz\u00fck"},"content":{"rendered":"<p data-start=\"369\" data-end=\"935\"><strong data-start=\"369\" data-end=\"387\">Tasar\u0131m Konsepti<\/strong><br data-start=\"387\" data-end=\"390\" \/>Hayat\u0131n bir yolculuk oldu\u011fu fikrinden ilham alan Zariya Solo Y\u00fcz\u00fck, berrakl\u0131\u011f\u0131n, g\u00fcc\u00fcn ve bireyselli\u011fin sessiz bir ifadesidir. Urduca ve Hint\u00e7e, Z<em data-start=\"536\" data-end=\"544\">ariya<\/em> bir yol, bir ara\u00e7 veya bir ba\u011flant\u0131 arac\u0131 anlam\u0131na gelir ve bu par\u00e7a, rafine silueti ve kas\u0131tl\u0131 minimalizmiyle bunu somutla\u015ft\u0131r\u0131r. Merkezinde, \u0131s\u0131t\u0131lmam\u0131\u015f safl\u0131\u011f\u0131 ve dingin, uhrevi tonu i\u00e7in se\u00e7ilmi\u015f tek bir do\u011fal lila safir yer al\u0131yor. B\u00fck\u00fclm\u00fc\u015f alt\u0131n bant, y\u00fcr\u00fcd\u00fc\u011f\u00fcm\u00fcz dolamba\u00e7l\u0131 yollar\u0131 yans\u0131tarak kullan\u0131c\u0131ya odaklanm\u0131\u015f, diren\u00e7li ve kendi i\u00e7 rotas\u0131na sad\u0131k kalmas\u0131n\u0131 hat\u0131rlat\u0131yor.<\/p>\n<p data-start=\"937\" data-end=\"1648\"><strong data-start=\"937\" data-end=\"954\">Zanaatkarl\u0131k<\/strong><br data-start=\"954\" data-end=\"957\" \/>Londra'da el i\u015f\u00e7ili\u011fiyle \u00fcretilen y\u00fcz\u00fck, s\u0131cak ve \u0131\u015f\u0131lt\u0131l\u0131 tonuyla tan\u0131nan \u00f6zel ala\u015f\u0131m\u0131m\u0131z 22 ayar Sunrise Gold kullan\u0131larak \u00fcretilmi\u015ftir. Bant, g\u00fcc\u00fcn\u00fc ve sembolizmini art\u0131rmak i\u00e7in alt\u0131n telin gerilim alt\u0131nda b\u00fck\u00fcld\u00fc\u011f\u00fc geleneksel bir d\u00f6vme tekni\u011fiyle \u015fekillendirilmi\u015ftir. Safir, heykelsi bir alt\u0131n <strong data-start=\"1270\" data-end=\"1280\">Collet<\/strong> kullanarak <strong data-start=\"1291\" data-end=\"1313\">ovma tekni\u011fi<\/strong>Burada alt\u0131n, temiz ve modern bir \u00e7er\u00e7eve olu\u015fturmak i\u00e7in ta\u015f\u0131n kenar\u0131 \u00fczerinde hafif\u00e7e perdahlan\u0131r. Bu ayar sadece m\u00fccevheri korumakla kalmaz, ayn\u0131 zamanda g\u00f6z\u00fc i\u00e7eri \u00e7eken kesintisiz bir \u00e7er\u00e7eve sunar. Yumu\u015fat\u0131lm\u0131\u015f eliptik k\u0131vr\u0131mlardan konik profile kadar her ayr\u0131nt\u0131, miras tekniklerinin modern hassasiyetle harmanlanmas\u0131yla elde \u00fcretilmi\u015ftir.<\/p>\n<p data-start=\"1650\" data-end=\"2182\"><strong data-start=\"1650\" data-end=\"1668\">\u015eekillendirme ve Giyim<\/strong><br data-start=\"1668\" data-end=\"1671\" \/>Zarif ama abart\u0131s\u0131z Zariya Solo Y\u00fcz\u00fck, tek ba\u015f\u0131na tak\u0131lmak ya da g\u00fcnl\u00fck bir imza olarak di\u011fer bantlarla birlikte istiflenmek \u00fczere tasarlanm\u0131\u015ft\u0131r. Hafifli\u011fi ve diki\u015fsiz y\u00fczeyi g\u00fcnl\u00fck kullan\u0131m i\u00e7in idealdir, ince leylak safir ise hem alt\u0131n hem de platin tak\u0131larla zahmetsizce e\u015fle\u015fen zarif bir renk patlamas\u0131 sunar. \u0130ster ki\u015fisel bir t\u0131ls\u0131m olarak tak\u0131ls\u0131n, ister bir d\u00f6n\u00fcm noktas\u0131n\u0131 i\u015faretlemek i\u00e7in hediye edilsin, ister anlaml\u0131 bir istifin par\u00e7as\u0131 olarak \u015fekillendirilsin, bu y\u00fcz\u00fck kullan\u0131c\u0131s\u0131na uyum sa\u011flayarak niyet, g\u00fczellik ve sessiz bir g\u00fc\u00e7 yayar.<\/p>","protected":false},"excerpt":{"rendered":"<p>Tek bir yol. Sessiz bir g\u00fc\u00e7. Zariya Solo Y\u00fcz\u00fck, b\u00fck\u00fclm\u00fc\u015f 22 ayar G\u00fcndo\u011fumu Alt\u0131n\u0131ndan \u00fcretilmi\u015f ve do\u011fal bir lila safir ile ta\u00e7land\u0131r\u0131lm\u0131\u015ft\u0131r - \u0131s\u0131t\u0131lmam\u0131\u015f, el de\u011fmemi\u015f, tamamen benzersiz. Netli\u011fin ve amac\u0131n sembol\u00fc olan bu y\u00fcz\u00fck sizi duraklamaya, d\u00fc\u015f\u00fcnmeye ve i\u00e7sel yolculu\u011funuzu yans\u0131tan m\u00fccevherleri se\u00e7meye davet ediyor.<\/p>\n<p><strong>Malzeme:<\/strong>\u00a022 Ayar G\u00fcndo\u011fumu Alt\u0131n<strong><br \/>\nHallmark:\u00a0<\/strong>\u0130ngiliz Damgas\u0131<br \/>\n<strong>Safir A\u011f\u0131rl\u0131k:<\/strong> 0.62ct<br \/>\n<strong>Ta\u015f: <\/strong>Mor Safir<br \/>\n<strong>Geni\u015flik:<\/strong> 1,5 mm<br \/>\n<strong>Boyut:<\/strong> M 1\/2 (Di\u011fer bedenler mevcuttur ve bu da yeniden boyutland\u0131r\u0131labilir)<br \/>\n<strong>Br\u00fct A\u011f\u0131rl\u0131k: <\/strong>2.3 Gms<strong><br \/>\nSKU: <\/strong>52100<\/p>\n<p><strong>Fiyat ve Teslimat: <\/strong>KDV ve teslimat \u00fccretleri dahil<strong><br \/>\n<a href=\"https:\/\/www.purejewels.com\/tr\/i%cc%87ade-poli%cc%87ti%cc%87kasi\/\">\u0130ade Politikas\u0131<\/a><\/strong><\/p>","protected":false},"featured_media":408507,"comment_status":"closed","ping_status":"closed","template":"","meta":{"_eb_attr":"","_crsspst_to_jayantr4sg-hostcom":false},"product_brand":[],"product_cat":[1791,236,5699,1229,1235,1783,1786,5752,6081,1574,5747],"product_tag":[64],"class_list":{"0":"post-408499","1":"product","2":"type-product","3":"status-publish","4":"has-post-thumbnail","6":"product_cat-anniversary-gifts","7":"product_cat-collections","8":"product_cat-coloured-gemstone-jewellery","9":"product_cat-22ct-gold-jewellery","10":"product_cat-gold-rings","11":"product_cat-ladies-rings","12":"product_cat-occasional-wear-rings","13":"product_cat-gold-sapphire-jewellery","14":"product_cat-sunrise-gold","15":"product_cat-womens-jewellery","16":"product_cat-mantra-collection","17":"product_tag-rings","19":"first","20":"outofstock","21":"taxable","22":"shipping-taxable","23":"product-type-simple","24":"add-to-wishlist-before_image"},"yoast_head":"<!-- This site is optimized with the Yoast SEO plugin v27.6 - https:\/\/yoast.com\/product\/yoast-seo-wordpress\/ -->\n<title>22ct Sunrise Gold Twist Ring with Purple Sapphire \u2013 PureJewels<\/title>\n<meta name=\"description\" content=\"Discover timeless elegance with our 22ct Sunrise Gold Twist Ring, set with 0.62ct purple sapphire. A radiant blend of craftsmanship &amp; meaning from PureJewels London.\" \/>\n<meta name=\"robots\" content=\"index, follow, max-snippet:-1, max-image-preview:large, max-video-preview:-1\" \/>\n<link rel=\"canonical\" href=\"https:\/\/www.purejewels.com\/tr\/urun\/safirli-22-ayar-gundogumu-altin-burgu-yuzuk-52100\/\" \/>\n<meta property=\"og:locale\" content=\"tr_TR\" \/>\n<meta property=\"og:type\" content=\"article\" \/>\n<meta property=\"og:title\" content=\"22ct Sunrise Gold Twist Ring with Purple Sapphire \u2013 PureJewels\" \/>\n<meta property=\"og:description\" content=\"Discover timeless elegance with our 22ct Sunrise Gold Twist Ring, set with 0.62ct purple sapphire. A radiant blend of craftsmanship &amp; meaning from PureJewels London.\" \/>\n<meta property=\"og:url\" content=\"https:\/\/www.purejewels.com\/tr\/urun\/safirli-22-ayar-gundogumu-altin-burgu-yuzuk-52100\/\" \/>\n<meta property=\"og:site_name\" content=\"PureJewels UK\" \/>\n<meta property=\"article:modified_time\" content=\"2026-01-07T06:39:02+00:00\" \/>\n<meta property=\"og:image\" content=\"https:\/\/www.purejewels.com\/wp-content\/uploads\/2025\/08\/SKU-52100.1_Purple-Sapphire.jpg\" \/>\n\t<meta property=\"og:image:width\" content=\"1000\" \/>\n\t<meta property=\"og:image:height\" content=\"1000\" \/>\n\t<meta property=\"og:image:type\" content=\"image\/jpeg\" \/>\n<meta name=\"twitter:card\" content=\"summary_large_image\" \/>\n<meta name=\"twitter:label1\" content=\"Tahmini okuma s\u00fcresi\" \/>\n\t<meta name=\"twitter:data1\" content=\"1 dakika\" \/>\n<script type=\"application\/ld+json\" class=\"yoast-schema-graph\">{\"@context\":\"https:\\\/\\\/schema.org\",\"@graph\":[{\"@type\":[\"WebPage\",\"ItemPage\"],\"@id\":\"https:\\\/\\\/www.purejewels.com\\\/product\\\/22ct-sunrise-gold-twist-ring-with-sapphire-52100\\\/\",\"url\":\"https:\\\/\\\/www.purejewels.com\\\/product\\\/22ct-sunrise-gold-twist-ring-with-sapphire-52100\\\/\",\"name\":\"22ct Sunrise Gold Twist Ring with Purple Sapphire \u2013 PureJewels\",\"isPartOf\":{\"@id\":\"https:\\\/\\\/www.purejewels.com\\\/#website\"},\"primaryImageOfPage\":{\"@id\":\"https:\\\/\\\/www.purejewels.com\\\/product\\\/22ct-sunrise-gold-twist-ring-with-sapphire-52100\\\/#primaryimage\"},\"image\":{\"@id\":\"https:\\\/\\\/www.purejewels.com\\\/product\\\/22ct-sunrise-gold-twist-ring-with-sapphire-52100\\\/#primaryimage\"},\"thumbnailUrl\":\"https:\\\/\\\/static.purejewels.com\\\/wp-content\\\/uploads\\\/2025\\\/08\\\/SKU-52100.1_Purple-Sapphire.jpg\",\"datePublished\":\"2025-07-31T11:19:24+00:00\",\"dateModified\":\"2026-01-07T06:39:02+00:00\",\"description\":\"Discover timeless elegance with our 22ct Sunrise Gold Twist Ring, set with 0.62ct purple sapphire. A radiant blend of craftsmanship & meaning from PureJewels London.\",\"breadcrumb\":{\"@id\":\"https:\\\/\\\/www.purejewels.com\\\/product\\\/22ct-sunrise-gold-twist-ring-with-sapphire-52100\\\/#breadcrumb\"},\"inLanguage\":\"tr\",\"potentialAction\":[{\"@type\":\"ReadAction\",\"target\":[\"https:\\\/\\\/www.purejewels.com\\\/product\\\/22ct-sunrise-gold-twist-ring-with-sapphire-52100\\\/\"]}]},{\"@type\":\"ImageObject\",\"inLanguage\":\"tr\",\"@id\":\"https:\\\/\\\/www.purejewels.com\\\/product\\\/22ct-sunrise-gold-twist-ring-with-sapphire-52100\\\/#primaryimage\",\"url\":\"https:\\\/\\\/static.purejewels.com\\\/wp-content\\\/uploads\\\/2025\\\/08\\\/SKU-52100.1_Purple-Sapphire.jpg\",\"contentUrl\":\"https:\\\/\\\/static.purejewels.com\\\/wp-content\\\/uploads\\\/2025\\\/08\\\/SKU-52100.1_Purple-Sapphire.jpg\",\"width\":1000,\"height\":1000,\"caption\":\"Stacked from 14 images. Method=B (R=8,S=4)\"},{\"@type\":\"BreadcrumbList\",\"@id\":\"https:\\\/\\\/www.purejewels.com\\\/product\\\/22ct-sunrise-gold-twist-ring-with-sapphire-52100\\\/#breadcrumb\",\"itemListElement\":[{\"@type\":\"ListItem\",\"position\":1,\"name\":\"Home\",\"item\":\"https:\\\/\\\/www.purejewels.com\\\/\"},{\"@type\":\"ListItem\",\"position\":2,\"name\":\"Shop\",\"item\":\"https:\\\/\\\/www.purejewels.com\\\/shop\\\/\"},{\"@type\":\"ListItem\",\"position\":3,\"name\":\"Solo Ring with Natural Unheated Sapphire\"}]},{\"@type\":\"WebSite\",\"@id\":\"https:\\\/\\\/www.purejewels.com\\\/#website\",\"url\":\"https:\\\/\\\/www.purejewels.com\\\/\",\"name\":\"PureJewels UK\",\"description\":\"Share the Love\",\"publisher\":{\"@id\":\"https:\\\/\\\/www.purejewels.com\\\/#organization\"},\"potentialAction\":[{\"@type\":\"SearchAction\",\"target\":{\"@type\":\"EntryPoint\",\"urlTemplate\":\"https:\\\/\\\/www.purejewels.com\\\/?s={search_term_string}\"},\"query-input\":{\"@type\":\"PropertyValueSpecification\",\"valueRequired\":true,\"valueName\":\"search_term_string\"}}],\"inLanguage\":\"tr\"},{\"@type\":\"Organization\",\"@id\":\"https:\\\/\\\/www.purejewels.com\\\/#organization\",\"name\":\"PureJewels UK\",\"url\":\"https:\\\/\\\/www.purejewels.com\\\/\",\"logo\":{\"@type\":\"ImageObject\",\"inLanguage\":\"tr\",\"@id\":\"https:\\\/\\\/www.purejewels.com\\\/#\\\/schema\\\/logo\\\/image\\\/\",\"url\":\"https:\\\/\\\/static.purejewels.com\\\/wp-content\\\/uploads\\\/2020\\\/11\\\/Logo-PJ-New-1.png\",\"contentUrl\":\"https:\\\/\\\/static.purejewels.com\\\/wp-content\\\/uploads\\\/2020\\\/11\\\/Logo-PJ-New-1.png\",\"width\":150,\"height\":80,\"caption\":\"PureJewels UK\"},\"image\":{\"@id\":\"https:\\\/\\\/www.purejewels.com\\\/#\\\/schema\\\/logo\\\/image\\\/\"}}]}<\/script>\n<!-- \/ Yoast SEO plugin. -->","yoast_head_json":{"title":"Mor Safirli 22 Ayar Sunrise Alt\u0131n Twist Y\u00fcz\u00fck - PureJewels","description":"0,62ct mor safir ile ayarlanm\u0131\u015f 22ct Sunrise Gold Twist Y\u00fcz\u00fc\u011f\u00fcm\u00fcz ile zamans\u0131z zarafeti ke\u015ffedin. PureJewels London'dan i\u015f\u00e7ilik ve anlam\u0131n \u0131\u015f\u0131lt\u0131l\u0131 bir kar\u0131\u015f\u0131m\u0131.","robots":{"index":"index","follow":"follow","max-snippet":"max-snippet:-1","max-image-preview":"max-image-preview:large","max-video-preview":"max-video-preview:-1"},"canonical":"https:\/\/www.purejewels.com\/tr\/urun\/safirli-22-ayar-gundogumu-altin-burgu-yuzuk-52100\/","og_locale":"tr_TR","og_type":"article","og_title":"22ct Sunrise Gold Twist Ring with Purple Sapphire \u2013 PureJewels","og_description":"Discover timeless elegance with our 22ct Sunrise Gold Twist Ring, set with 0.62ct purple sapphire. A radiant blend of craftsmanship & meaning from PureJewels London.","og_url":"https:\/\/www.purejewels.com\/tr\/urun\/safirli-22-ayar-gundogumu-altin-burgu-yuzuk-52100\/","og_site_name":"PureJewels UK","article_modified_time":"2026-01-07T06:39:02+00:00","og_image":[{"width":1000,"height":1000,"url":"https:\/\/www.purejewels.com\/wp-content\/uploads\/2025\/08\/SKU-52100.1_Purple-Sapphire.jpg","type":"image\/jpeg"}],"twitter_card":"summary_large_image","twitter_misc":{"Tahmini okuma s\u00fcresi":"1 dakika"},"schema":{"@context":"https:\/\/schema.org","@graph":[{"@type":["WebPage","ItemPage"],"@id":"https:\/\/www.purejewels.com\/product\/22ct-sunrise-gold-twist-ring-with-sapphire-52100\/","url":"https:\/\/www.purejewels.com\/product\/22ct-sunrise-gold-twist-ring-with-sapphire-52100\/","name":"Mor Safirli 22 Ayar Sunrise Alt\u0131n Twist Y\u00fcz\u00fck - PureJewels","isPartOf":{"@id":"https:\/\/www.purejewels.com\/#website"},"primaryImageOfPage":{"@id":"https:\/\/www.purejewels.com\/product\/22ct-sunrise-gold-twist-ring-with-sapphire-52100\/#primaryimage"},"image":{"@id":"https:\/\/www.purejewels.com\/product\/22ct-sunrise-gold-twist-ring-with-sapphire-52100\/#primaryimage"},"thumbnailUrl":"https:\/\/static.purejewels.com\/wp-content\/uploads\/2025\/08\/SKU-52100.1_Purple-Sapphire.jpg","datePublished":"2025-07-31T11:19:24+00:00","dateModified":"2026-01-07T06:39:02+00:00","description":"0,62ct mor safir ile ayarlanm\u0131\u015f 22ct Sunrise Gold Twist Y\u00fcz\u00fc\u011f\u00fcm\u00fcz ile zamans\u0131z zarafeti ke\u015ffedin. PureJewels London'dan i\u015f\u00e7ilik ve anlam\u0131n \u0131\u015f\u0131lt\u0131l\u0131 bir kar\u0131\u015f\u0131m\u0131.","breadcrumb":{"@id":"https:\/\/www.purejewels.com\/product\/22ct-sunrise-gold-twist-ring-with-sapphire-52100\/#breadcrumb"},"inLanguage":"tr","potentialAction":[{"@type":"ReadAction","target":["https:\/\/www.purejewels.com\/product\/22ct-sunrise-gold-twist-ring-with-sapphire-52100\/"]}]},{"@type":"ImageObject","inLanguage":"tr","@id":"https:\/\/www.purejewels.com\/product\/22ct-sunrise-gold-twist-ring-with-sapphire-52100\/#primaryimage","url":"https:\/\/static.purejewels.com\/wp-content\/uploads\/2025\/08\/SKU-52100.1_Purple-Sapphire.jpg","contentUrl":"https:\/\/static.purejewels.com\/wp-content\/uploads\/2025\/08\/SKU-52100.1_Purple-Sapphire.jpg","width":1000,"height":1000,"caption":"Stacked from 14 images. Method=B (R=8,S=4)"},{"@type":"BreadcrumbList","@id":"https:\/\/www.purejewels.com\/product\/22ct-sunrise-gold-twist-ring-with-sapphire-52100\/#breadcrumb","itemListElement":[{"@type":"ListItem","position":1,"name":"Home","item":"https:\/\/www.purejewels.com\/"},{"@type":"ListItem","position":2,"name":"Shop","item":"https:\/\/www.purejewels.com\/shop\/"},{"@type":"ListItem","position":3,"name":"Solo Ring with Natural Unheated Sapphire"}]},{"@type":"WebSite","@id":"https:\/\/www.purejewels.com\/#website","url":"https:\/\/www.purejewels.com\/","name":"PureJewels \u0130ngiltere","description":"Sevgiyi Payla\u015f\u0131n","publisher":{"@id":"https:\/\/www.purejewels.com\/#organization"},"potentialAction":[{"@type":"SearchAction","target":{"@type":"EntryPoint","urlTemplate":"https:\/\/www.purejewels.com\/?s={search_term_string}"},"query-input":{"@type":"PropertyValueSpecification","valueRequired":true,"valueName":"search_term_string"}}],"inLanguage":"tr"},{"@type":"Organization","@id":"https:\/\/www.purejewels.com\/#organization","name":"PureJewels \u0130ngiltere","url":"https:\/\/www.purejewels.com\/","logo":{"@type":"ImageObject","inLanguage":"tr","@id":"https:\/\/www.purejewels.com\/#\/schema\/logo\/image\/","url":"https:\/\/static.purejewels.com\/wp-content\/uploads\/2020\/11\/Logo-PJ-New-1.png","contentUrl":"https:\/\/static.purejewels.com\/wp-content\/uploads\/2020\/11\/Logo-PJ-New-1.png","width":150,"height":80,"caption":"PureJewels UK"},"image":{"@id":"https:\/\/www.purejewels.com\/#\/schema\/logo\/image\/"}}]}},"_links":{"self":[{"href":"https:\/\/www.purejewels.com\/tr\/wp-json\/wp\/v2\/product\/408499","targetHints":{"allow":["GET"]}}],"collection":[{"href":"https:\/\/www.purejewels.com\/tr\/wp-json\/wp\/v2\/product"}],"about":[{"href":"https:\/\/www.purejewels.com\/tr\/wp-json\/wp\/v2\/types\/product"}],"replies":[{"embeddable":true,"href":"https:\/\/www.purejewels.com\/tr\/wp-json\/wp\/v2\/comments?post=408499"}],"version-history":[{"count":3,"href":"https:\/\/www.purejewels.com\/tr\/wp-json\/wp\/v2\/product\/408499\/revisions"}],"predecessor-version":[{"id":408839,"href":"https:\/\/www.purejewels.com\/tr\/wp-json\/wp\/v2\/product\/408499\/revisions\/408839"}],"wp:featuredmedia":[{"embeddable":true,"href":"https:\/\/www.purejewels.com\/tr\/wp-json\/wp\/v2\/media\/408507"}],"wp:attachment":[{"href":"https:\/\/www.purejewels.com\/tr\/wp-json\/wp\/v2\/media?parent=408499"}],"wp:term":[{"taxonomy":"product_brand","embeddable":true,"href":"https:\/\/www.purejewels.com\/tr\/wp-json\/wp\/v2\/product_brand?post=408499"},{"taxonomy":"product_cat","embeddable":true,"href":"https:\/\/www.purejewels.com\/tr\/wp-json\/wp\/v2\/product_cat?post=408499"},{"taxonomy":"product_tag","embeddable":true,"href":"https:\/\/www.purejewels.com\/tr\/wp-json\/wp\/v2\/product_tag?post=408499"}],"curies":[{"name":"wp","href":"https:\/\/api.w.org\/{rel}","templated":true}]}}