{"id":408509,"date":"2026-02-17T13:21:32","date_gmt":"2026-02-17T13:21:32","guid":{"rendered":"https:\/\/www.purejewels.com\/?post_type=product&#038;p=408509"},"modified":"2026-04-02T05:00:19","modified_gmt":"2026-04-02T04:00:19","slug":"altin-boncuk-bileklik-armari-koleksiyonu","status":"publish","type":"product","link":"https:\/\/www.purejewels.com\/tr\/product\/golden-beads-bracelet-armari-collection\/","title":{"rendered":"Alt\u0131n Boncuklu Bileklik | Armari Koleksiyonu"},"content":{"rendered":"<p><strong>Tasar\u0131m Konsepti<\/strong><br \/>\nYolculuklar\u0131n \u015fiirselli\u011finden ve bizi \u015fekillendiren anlar\u0131n sessiz ritminden ilham alan Armari Alt\u0131n Boncuk Bileklik, s\u00fcreklili\u011fin ve ba\u011flant\u0131n\u0131n bir kutlamas\u0131d\u0131r. Her bir boncuk bir hikayenin par\u00e7alar\u0131n\u0131 temsil edecek \u015fekilde \u00f6zenle olu\u015fturulmu\u015ftur - t\u0131pk\u0131 hayat\u0131n geli\u015fen b\u00f6l\u00fcmleri gibi, bireysel ancak uyumlu bir \u015fekilde ba\u011flant\u0131l\u0131d\u0131r. Yontulmu\u015f alt\u0131n formlar\u0131n nazik etkile\u015fimi, PureJewels'in hem anlaml\u0131 hem de kal\u0131c\u0131 tasar\u0131m yoluyla \u2019yolculuklar\u0131 kutlama\u201c felsefesini yans\u0131tarak bir hareket ve ak\u0131\u015fkanl\u0131k hissi uyand\u0131r\u0131r.<\/p>\n<p><strong>Zanaatkarl\u0131k<\/strong><br \/>\n22 ayar alt\u0131ndan titizlikle \u00fcretilen bu bileklik, kuyumculuktaki m\u00fckemmellik ve ustal\u0131k miras\u0131m\u0131z\u0131n bir kan\u0131t\u0131d\u0131r. Her bir boncuk \u00f6zenle \u015fekillendirilmi\u015f ve hassas bir \u015fekilde bir araya getirilerek denge, dayan\u0131kl\u0131l\u0131k ve zarif bir dokunma deneyimi sa\u011flanm\u0131\u015ft\u0131r. Karma\u015f\u0131k detaylar, sanat\u0131n teknik incelikle bulu\u015ftu\u011fu, nesiller boyunca aktar\u0131lan geleneksel tekniklere i\u015faret etmektedir. Londra Assay Ofisi taraf\u0131ndan damgalanan alt\u0131n\u0131n safl\u0131\u011f\u0131 ve \u00f6zg\u00fcnl\u00fc\u011f\u00fc g\u00fcvence alt\u0131na al\u0131n\u0131rken, sadece g\u00fczellik de\u011fil, her unsurda g\u00fcven ve miras da sunuluyor.<\/p>\n<p><strong>Stil Fikirleri<\/strong><br \/>\nSadeli\u011fiyle zarif, karakteriyle zengin Armari Alt\u0131n Boncuklu Bileklik, hem g\u00fcnl\u00fck zarafete hem de f\u0131rsat giyimine zahmetsizce uyum sa\u011flar. Tek ba\u015f\u0131na tak\u0131ld\u0131\u011f\u0131nda incelikli bir sofistike ifade sunar; di\u011fer alt\u0131n dokularla katmanland\u0131r\u0131ld\u0131\u011f\u0131nda ise ki\u015fisel stilin se\u00e7ilmi\u015f bir ifadesini olu\u015fturur. Miras\u0131 onurland\u0131rmak i\u00e7in geleneksel tak\u0131mlarla veya modern, abart\u0131s\u0131z bir l\u00fcks i\u00e7in \u00e7a\u011fda\u015f sil\u00fcetlerle e\u015fle\u015ftirin. Bu, size uyum sa\u011flayan bir par\u00e7ad\u0131r - sessiz bir \u015fekilde ayd\u0131nl\u0131k, son derece ki\u015fisel ve sonsuza dek zamans\u0131z.<\/p>","protected":false},"excerpt":{"rendered":"<p>22 ayar alt\u0131ndan \u00fcretilen bu bileklik, her detay\u0131nda g\u00fcc\u00fc yans\u0131tan s\u00fcsl\u00fc boncuklar\u0131n ritmik bir d\u00fczenlemesine sahiptir. Armari Koleksiyonumuzun bir par\u00e7as\u0131 olan bu bilezik, cesur tasar\u0131m\u0131n ve zanaatk\u00e2r becerisinin g\u00fczelli\u011fini onurland\u0131r\u0131yor.<\/p>\n<ul>\n<li><strong>Malzeme:<\/strong> 22 Ayar Alt\u0131n (91,6% Saf Alt\u0131n)<\/li>\n<li><strong>Hallmark<\/strong>: \u0130ngiliz Hallmark<\/li>\n<li><strong>Br\u00fct A\u011f\u0131rl\u0131k:<\/strong>\u00a0 8.6 Gms<\/li>\n<li><strong>Uzunluk:<\/strong>\u00a07 \u0130n\u00e7<\/li>\n<li><strong>Geni\u015flik:\u00a0<\/strong>4.3mm<\/li>\n<li><strong>SKU:<\/strong> 52263<\/li>\n<\/ul>\n<p>&nbsp;<\/p>\n<p><strong>Fiyat ve Teslimat: <\/strong>KDV ve teslimat \u00fccretleri dahil<strong><br \/>\n<a href=\"https:\/\/www.purejewels.com\/tr\/i%cc%87ade-poli%cc%87ti%cc%87kasi\/\">\u0130ade Politikas\u0131<\/a><\/strong><\/p>\n<p>&nbsp;<\/p>","protected":false},"featured_media":408512,"comment_status":"closed","ping_status":"closed","template":"","meta":{"_eb_attr":"","_crsspst_to_jayantr4sg-hostcom":false},"product_brand":[],"product_cat":[1791,5641,245,1559,236,1793,5701,1324,1627,1229,1570,1573,1574],"product_tag":[5634],"class_list":{"0":"post-408509","1":"product","2":"type-product","3":"status-publish","4":"has-post-thumbnail","6":"product_cat-anniversary-gifts","7":"product_cat-armari-bracelet","8":"product_cat-armari-collections","9":"product_cat-birthday-gifts","10":"product_cat-collections","11":"product_cat-diwali-gifts","12":"product_cat-eid-jewellery","13":"product_cat-gold-bracelet","14":"product_cat-ladies-bracelet","15":"product_cat-22ct-gold-jewellery","16":"product_cat-mothers-day-gifts","17":"product_cat-wedding-gifts","18":"product_cat-womens-jewellery","19":"product_tag-22ct-gold-bracelet-for-ladies","21":"first","22":"instock","23":"taxable","24":"shipping-taxable","25":"purchasable","26":"product-type-simple","27":"add-to-wishlist-before_image"},"yoast_head":"<!-- This site is optimized with the Yoast SEO plugin v27.3 - https:\/\/yoast.com\/product\/yoast-seo-wordpress\/ -->\n<title>Golden Beads Bracelet | 22ct Armari Collection | PureJewels UK<\/title>\n<meta name=\"description\" content=\"Shop the Golden Beads Bracelet from PureJewels\u2019 Armari Collection. Featuring handcrafted 22ct gold beads, this bracelet celebrates fearless design.\" \/>\n<meta name=\"robots\" content=\"index, follow, max-snippet:-1, max-image-preview:large, max-video-preview:-1\" \/>\n<link rel=\"canonical\" href=\"https:\/\/www.purejewels.com\/tr\/urun\/altin-boncuk-bileklik-armari-koleksiyonu\/\" \/>\n<meta property=\"og:locale\" content=\"tr_TR\" \/>\n<meta property=\"og:type\" content=\"article\" \/>\n<meta property=\"og:title\" content=\"Golden Beads Bracelet | 22ct Armari Collection | PureJewels UK\" \/>\n<meta property=\"og:description\" content=\"Shop the Golden Beads Bracelet from PureJewels\u2019 Armari Collection. Featuring handcrafted 22ct gold beads, this bracelet celebrates fearless design.\" \/>\n<meta property=\"og:url\" content=\"https:\/\/www.purejewels.com\/tr\/urun\/altin-boncuk-bileklik-armari-koleksiyonu\/\" \/>\n<meta property=\"og:site_name\" content=\"PureJewels UK\" \/>\n<meta property=\"article:modified_time\" content=\"2026-04-02T04:00:19+00:00\" \/>\n<meta property=\"og:image\" content=\"https:\/\/static.purejewels.com\/wp-content\/uploads\/2025\/08\/SKU-52263.jpg\" \/>\n\t<meta property=\"og:image:width\" content=\"1000\" \/>\n\t<meta property=\"og:image:height\" content=\"1000\" \/>\n\t<meta property=\"og:image:type\" content=\"image\/jpeg\" \/>\n<meta name=\"twitter:card\" content=\"summary_large_image\" \/>\n<meta name=\"twitter:label1\" content=\"Tahmini okuma s\u00fcresi\" \/>\n\t<meta name=\"twitter:data1\" content=\"2 dakika\" \/>\n<script type=\"application\/ld+json\" class=\"yoast-schema-graph\">{\"@context\":\"https:\\\/\\\/schema.org\",\"@graph\":[{\"@type\":[\"WebPage\",\"ItemPage\"],\"@id\":\"https:\\\/\\\/www.purejewels.com\\\/product\\\/golden-beads-bracelet-armari-collection\\\/\",\"url\":\"https:\\\/\\\/www.purejewels.com\\\/product\\\/golden-beads-bracelet-armari-collection\\\/\",\"name\":\"Golden Beads Bracelet | 22ct Armari Collection | PureJewels UK\",\"isPartOf\":{\"@id\":\"https:\\\/\\\/www.purejewels.com\\\/#website\"},\"primaryImageOfPage\":{\"@id\":\"https:\\\/\\\/www.purejewels.com\\\/product\\\/golden-beads-bracelet-armari-collection\\\/#primaryimage\"},\"image\":{\"@id\":\"https:\\\/\\\/www.purejewels.com\\\/product\\\/golden-beads-bracelet-armari-collection\\\/#primaryimage\"},\"thumbnailUrl\":\"https:\\\/\\\/static.purejewels.com\\\/wp-content\\\/uploads\\\/2025\\\/08\\\/SKU-52263.jpg\",\"datePublished\":\"2026-02-17T13:21:32+00:00\",\"dateModified\":\"2026-04-02T04:00:19+00:00\",\"description\":\"Shop the Golden Beads Bracelet from PureJewels\u2019 Armari Collection. Featuring handcrafted 22ct gold beads, this bracelet celebrates fearless design.\",\"breadcrumb\":{\"@id\":\"https:\\\/\\\/www.purejewels.com\\\/product\\\/golden-beads-bracelet-armari-collection\\\/#breadcrumb\"},\"inLanguage\":\"tr\",\"potentialAction\":[{\"@type\":\"ReadAction\",\"target\":[\"https:\\\/\\\/www.purejewels.com\\\/product\\\/golden-beads-bracelet-armari-collection\\\/\"]}]},{\"@type\":\"ImageObject\",\"inLanguage\":\"tr\",\"@id\":\"https:\\\/\\\/www.purejewels.com\\\/product\\\/golden-beads-bracelet-armari-collection\\\/#primaryimage\",\"url\":\"https:\\\/\\\/static.purejewels.com\\\/wp-content\\\/uploads\\\/2025\\\/08\\\/SKU-52263.jpg\",\"contentUrl\":\"https:\\\/\\\/static.purejewels.com\\\/wp-content\\\/uploads\\\/2025\\\/08\\\/SKU-52263.jpg\",\"width\":1000,\"height\":1000,\"caption\":\"Golden Beads Bracelet | Armari Collection\"},{\"@type\":\"BreadcrumbList\",\"@id\":\"https:\\\/\\\/www.purejewels.com\\\/product\\\/golden-beads-bracelet-armari-collection\\\/#breadcrumb\",\"itemListElement\":[{\"@type\":\"ListItem\",\"position\":1,\"name\":\"Home\",\"item\":\"https:\\\/\\\/www.purejewels.com\\\/\"},{\"@type\":\"ListItem\",\"position\":2,\"name\":\"Shop\",\"item\":\"https:\\\/\\\/www.purejewels.com\\\/shop\\\/\"},{\"@type\":\"ListItem\",\"position\":3,\"name\":\"Golden Beads Bracelet | Armari Collection\"}]},{\"@type\":\"WebSite\",\"@id\":\"https:\\\/\\\/www.purejewels.com\\\/#website\",\"url\":\"https:\\\/\\\/www.purejewels.com\\\/\",\"name\":\"PureJewels UK\",\"description\":\"Share the Love\",\"publisher\":{\"@id\":\"https:\\\/\\\/www.purejewels.com\\\/#organization\"},\"potentialAction\":[{\"@type\":\"SearchAction\",\"target\":{\"@type\":\"EntryPoint\",\"urlTemplate\":\"https:\\\/\\\/www.purejewels.com\\\/?s={search_term_string}\"},\"query-input\":{\"@type\":\"PropertyValueSpecification\",\"valueRequired\":true,\"valueName\":\"search_term_string\"}}],\"inLanguage\":\"tr\"},{\"@type\":\"Organization\",\"@id\":\"https:\\\/\\\/www.purejewels.com\\\/#organization\",\"name\":\"PureJewels UK\",\"url\":\"https:\\\/\\\/www.purejewels.com\\\/\",\"logo\":{\"@type\":\"ImageObject\",\"inLanguage\":\"tr\",\"@id\":\"https:\\\/\\\/www.purejewels.com\\\/#\\\/schema\\\/logo\\\/image\\\/\",\"url\":\"https:\\\/\\\/static.purejewels.com\\\/wp-content\\\/uploads\\\/2020\\\/11\\\/Logo-PJ-New-1.png\",\"contentUrl\":\"https:\\\/\\\/static.purejewels.com\\\/wp-content\\\/uploads\\\/2020\\\/11\\\/Logo-PJ-New-1.png\",\"width\":150,\"height\":80,\"caption\":\"PureJewels UK\"},\"image\":{\"@id\":\"https:\\\/\\\/www.purejewels.com\\\/#\\\/schema\\\/logo\\\/image\\\/\"}}]}<\/script>\n<!-- \/ Yoast SEO plugin. -->","yoast_head_json":{"title":"Alt\u0131n Boncuk Bileklik | 22ct Armari Koleksiyonu | PureJewels UK","description":"PureJewels'in Armari Koleksiyonu'ndan Alt\u0131n Boncuklu Bilekli\u011fi sat\u0131n al\u0131n. El yap\u0131m\u0131 22 ayar alt\u0131n boncuklara sahip bu bileklik, korkusuz tasar\u0131m\u0131 kutluyor.","robots":{"index":"index","follow":"follow","max-snippet":"max-snippet:-1","max-image-preview":"max-image-preview:large","max-video-preview":"max-video-preview:-1"},"canonical":"https:\/\/www.purejewels.com\/tr\/urun\/altin-boncuk-bileklik-armari-koleksiyonu\/","og_locale":"tr_TR","og_type":"article","og_title":"Golden Beads Bracelet | 22ct Armari Collection | PureJewels UK","og_description":"Shop the Golden Beads Bracelet from PureJewels\u2019 Armari Collection. Featuring handcrafted 22ct gold beads, this bracelet celebrates fearless design.","og_url":"https:\/\/www.purejewels.com\/tr\/urun\/altin-boncuk-bileklik-armari-koleksiyonu\/","og_site_name":"PureJewels UK","article_modified_time":"2026-04-02T04:00:19+00:00","og_image":[{"width":1000,"height":1000,"url":"https:\/\/static.purejewels.com\/wp-content\/uploads\/2025\/08\/SKU-52263.jpg","type":"image\/jpeg"}],"twitter_card":"summary_large_image","twitter_misc":{"Tahmini okuma s\u00fcresi":"2 dakika"},"schema":{"@context":"https:\/\/schema.org","@graph":[{"@type":["WebPage","ItemPage"],"@id":"https:\/\/www.purejewels.com\/product\/golden-beads-bracelet-armari-collection\/","url":"https:\/\/www.purejewels.com\/product\/golden-beads-bracelet-armari-collection\/","name":"Alt\u0131n Boncuk Bileklik | 22ct Armari Koleksiyonu | PureJewels UK","isPartOf":{"@id":"https:\/\/www.purejewels.com\/#website"},"primaryImageOfPage":{"@id":"https:\/\/www.purejewels.com\/product\/golden-beads-bracelet-armari-collection\/#primaryimage"},"image":{"@id":"https:\/\/www.purejewels.com\/product\/golden-beads-bracelet-armari-collection\/#primaryimage"},"thumbnailUrl":"https:\/\/static.purejewels.com\/wp-content\/uploads\/2025\/08\/SKU-52263.jpg","datePublished":"2026-02-17T13:21:32+00:00","dateModified":"2026-04-02T04:00:19+00:00","description":"PureJewels'in Armari Koleksiyonu'ndan Alt\u0131n Boncuklu Bilekli\u011fi sat\u0131n al\u0131n. El yap\u0131m\u0131 22 ayar alt\u0131n boncuklara sahip bu bileklik, korkusuz tasar\u0131m\u0131 kutluyor.","breadcrumb":{"@id":"https:\/\/www.purejewels.com\/product\/golden-beads-bracelet-armari-collection\/#breadcrumb"},"inLanguage":"tr","potentialAction":[{"@type":"ReadAction","target":["https:\/\/www.purejewels.com\/product\/golden-beads-bracelet-armari-collection\/"]}]},{"@type":"ImageObject","inLanguage":"tr","@id":"https:\/\/www.purejewels.com\/product\/golden-beads-bracelet-armari-collection\/#primaryimage","url":"https:\/\/static.purejewels.com\/wp-content\/uploads\/2025\/08\/SKU-52263.jpg","contentUrl":"https:\/\/static.purejewels.com\/wp-content\/uploads\/2025\/08\/SKU-52263.jpg","width":1000,"height":1000,"caption":"Golden Beads Bracelet | Armari Collection"},{"@type":"BreadcrumbList","@id":"https:\/\/www.purejewels.com\/product\/golden-beads-bracelet-armari-collection\/#breadcrumb","itemListElement":[{"@type":"ListItem","position":1,"name":"Home","item":"https:\/\/www.purejewels.com\/"},{"@type":"ListItem","position":2,"name":"Shop","item":"https:\/\/www.purejewels.com\/shop\/"},{"@type":"ListItem","position":3,"name":"Golden Beads Bracelet | Armari Collection"}]},{"@type":"WebSite","@id":"https:\/\/www.purejewels.com\/#website","url":"https:\/\/www.purejewels.com\/","name":"PureJewels \u0130ngiltere","description":"Sevgiyi Payla\u015f\u0131n","publisher":{"@id":"https:\/\/www.purejewels.com\/#organization"},"potentialAction":[{"@type":"SearchAction","target":{"@type":"EntryPoint","urlTemplate":"https:\/\/www.purejewels.com\/?s={search_term_string}"},"query-input":{"@type":"PropertyValueSpecification","valueRequired":true,"valueName":"search_term_string"}}],"inLanguage":"tr"},{"@type":"Organization","@id":"https:\/\/www.purejewels.com\/#organization","name":"PureJewels \u0130ngiltere","url":"https:\/\/www.purejewels.com\/","logo":{"@type":"ImageObject","inLanguage":"tr","@id":"https:\/\/www.purejewels.com\/#\/schema\/logo\/image\/","url":"https:\/\/static.purejewels.com\/wp-content\/uploads\/2020\/11\/Logo-PJ-New-1.png","contentUrl":"https:\/\/static.purejewels.com\/wp-content\/uploads\/2020\/11\/Logo-PJ-New-1.png","width":150,"height":80,"caption":"PureJewels UK"},"image":{"@id":"https:\/\/www.purejewels.com\/#\/schema\/logo\/image\/"}}]}},"_links":{"self":[{"href":"https:\/\/www.purejewels.com\/tr\/wp-json\/wp\/v2\/product\/408509","targetHints":{"allow":["GET"]}}],"collection":[{"href":"https:\/\/www.purejewels.com\/tr\/wp-json\/wp\/v2\/product"}],"about":[{"href":"https:\/\/www.purejewels.com\/tr\/wp-json\/wp\/v2\/types\/product"}],"replies":[{"embeddable":true,"href":"https:\/\/www.purejewels.com\/tr\/wp-json\/wp\/v2\/comments?post=408509"}],"version-history":[{"count":4,"href":"https:\/\/www.purejewels.com\/tr\/wp-json\/wp\/v2\/product\/408509\/revisions"}],"predecessor-version":[{"id":427979,"href":"https:\/\/www.purejewels.com\/tr\/wp-json\/wp\/v2\/product\/408509\/revisions\/427979"}],"wp:featuredmedia":[{"embeddable":true,"href":"https:\/\/www.purejewels.com\/tr\/wp-json\/wp\/v2\/media\/408512"}],"wp:attachment":[{"href":"https:\/\/www.purejewels.com\/tr\/wp-json\/wp\/v2\/media?parent=408509"}],"wp:term":[{"taxonomy":"product_brand","embeddable":true,"href":"https:\/\/www.purejewels.com\/tr\/wp-json\/wp\/v2\/product_brand?post=408509"},{"taxonomy":"product_cat","embeddable":true,"href":"https:\/\/www.purejewels.com\/tr\/wp-json\/wp\/v2\/product_cat?post=408509"},{"taxonomy":"product_tag","embeddable":true,"href":"https:\/\/www.purejewels.com\/tr\/wp-json\/wp\/v2\/product_tag?post=408509"}],"curies":[{"name":"wp","href":"https:\/\/api.w.org\/{rel}","templated":true}]}}