{"id":408521,"date":"2025-06-01T14:00:27","date_gmt":"2025-06-01T13:00:27","guid":{"rendered":"https:\/\/www.purejewels.com\/?post_type=product&#038;p=408521"},"modified":"2026-04-30T11:02:42","modified_gmt":"2026-04-30T10:02:42","slug":"22ct-elchi-tohumlu-poncha-7-inc","status":"publish","type":"product","link":"https:\/\/www.purejewels.com\/tr\/product\/22ct-elchi-seed-poncha-7-inches\/","title":{"rendered":"22 Ayar G\u00fcndo\u011fumu Alt\u0131n Elchi Tohum Poncha | 7 \u0130n\u00e7"},"content":{"rendered":"<p>22 ayar g\u00fcndo\u011fumu alt\u0131n\u0131ndan \u00fcretilen Elchi Seed Poncha, g\u00fcnl\u00fck rit\u00fcellerin sessiz g\u00fczelli\u011fini yans\u0131tan zarif bir el zinciridir. Hint \u00e7ay\u0131 ve tatl\u0131lar\u0131n\u0131 tatland\u0131rmak i\u00e7in kullan\u0131lan kakule kabu\u011fundan esinlenilerek tasarlanan tohum \u015feklindeki her bir unsur, s\u0131cakl\u0131\u011f\u0131, gelene\u011fi ve ki\u015fisel anlam\u0131 kutlamak i\u00e7in titizlikle \u015fekillendirilmi\u015ftir. Bile\u011fi ve parma\u011f\u0131 birbirine ba\u011flayan ince bir zincire sahip olan bu 7 in\u00e7lik par\u00e7a, hafif ancak etkileyici olup her hareketinde miras\u0131 takdir edenler i\u00e7in tasarlanm\u0131\u015ft\u0131r. Bir bayram an\u0131n\u0131 kutlamak i\u00e7in ya da g\u00fcnl\u00fck g\u00fczelli\u011fin yadigar\u0131 olarak tak\u0131n.<\/p>","protected":false},"excerpt":{"rendered":"<p>Narin oldu\u011fu kadar anlaml\u0131 olan bu 22 ayar g\u00fcndo\u011fumu alt\u0131n poncha, Hint rit\u00fcellerinde ve geleneklerinde uzun s\u00fcredir el \u00fcst\u00fcnde tutulan kakule tohumundan esinlenilerek yontulmu\u015f Elchi tohumu formlar\u0131na sahiptir. Eli zarif\u00e7e saracak \u015fekilde tasarlanan bu pon\u00e7a, k\u00fclt\u00fcr\u00fcn, i\u015f\u00e7ili\u011fin ve g\u00fcndelik g\u00fczelli\u011fin zamans\u0131z bir kutlamas\u0131d\u0131r.<\/p>\n<p><strong>Malzeme:<\/strong>\u00a022 Ayar G\u00fcndo\u011fumu Alt\u0131n<strong><br \/>\nHallmark:\u00a0<\/strong>\u0130ngiliz Damgas\u0131<strong><br \/>\n<\/strong><strong>Br\u00fct A\u011f\u0131rl\u0131k: <\/strong>5.75 Gms<br \/>\n<strong>Uzunluk:<\/strong> 7 in\u00e7<br \/>\n<strong>SKU:<\/strong> 51809, 55039<\/p>\n<p><strong>Fiyat ve Teslimat<\/strong>: KDV ve teslimat \u00fccreti dahil<br \/>\n<a href=\"https:\/\/www.purejewels.com\/tr\/i%cc%87ade-poli%cc%87ti%cc%87kasi\/\">\u0130ade Politikas\u0131<\/a><\/p>","protected":false},"featured_media":408524,"comment_status":"closed","ping_status":"closed","template":"","meta":{"_eb_attr":"","_crsspst_to_jayantr4sg-hostcom":false},"product_brand":[],"product_cat":[1791,6009,1793,5701,5848,1229,1718,6081,1573,1574,5349],"product_tag":[1430],"class_list":{"0":"post-408521","1":"product","2":"type-product","3":"status-publish","4":"has-post-thumbnail","6":"product_cat-anniversary-gifts","7":"product_cat-bracelet-poncha","8":"product_cat-diwali-gifts","9":"product_cat-eid-jewellery","10":"product_cat-elchi-collection","11":"product_cat-22ct-gold-jewellery","12":"product_cat-ladies-poncha","13":"product_cat-sunrise-gold","14":"product_cat-wedding-gifts","15":"product_cat-womens-jewellery","16":"product_cat-yellow-gold-jewellery","17":"product_tag-diwali-gift","19":"first","20":"instock","21":"taxable","22":"shipping-taxable","23":"purchasable","24":"product-type-simple","25":"add-to-wishlist-before_image"},"yoast_head":"<!-- This site is optimized with the Yoast SEO plugin v27.5 - https:\/\/yoast.com\/product\/yoast-seo-wordpress\/ -->\n<title>22ct Elchi Seed Poncha in Gold | PureJewels London UK<\/title>\n<meta name=\"description\" content=\"Shop the 22ct Elchi Seed Poncha from PureJewels. Featuring sculpted cardamom-inspired seeds, this handcrafted gold hand chain celebrates rituals.\" \/>\n<meta name=\"robots\" content=\"index, follow, max-snippet:-1, max-image-preview:large, max-video-preview:-1\" \/>\n<link rel=\"canonical\" href=\"https:\/\/www.purejewels.com\/tr\/urun\/22ct-elchi-tohumlu-poncha-7-inc\/\" \/>\n<meta property=\"og:locale\" content=\"tr_TR\" \/>\n<meta property=\"og:type\" content=\"article\" \/>\n<meta property=\"og:title\" content=\"22ct Elchi Seed Poncha in Gold | PureJewels London UK\" \/>\n<meta property=\"og:description\" content=\"Shop the 22ct Elchi Seed Poncha from PureJewels. Featuring sculpted cardamom-inspired seeds, this handcrafted gold hand chain celebrates rituals.\" \/>\n<meta property=\"og:url\" content=\"https:\/\/www.purejewels.com\/tr\/urun\/22ct-elchi-tohumlu-poncha-7-inc\/\" \/>\n<meta property=\"og:site_name\" content=\"PureJewels UK\" \/>\n<meta property=\"article:modified_time\" content=\"2026-04-30T10:02:42+00:00\" \/>\n<meta property=\"og:image\" content=\"https:\/\/static.purejewels.com\/wp-content\/uploads\/2025\/08\/SKU-51809.jpg\" \/>\n\t<meta property=\"og:image:width\" content=\"1000\" \/>\n\t<meta property=\"og:image:height\" content=\"1000\" \/>\n\t<meta property=\"og:image:type\" content=\"image\/jpeg\" \/>\n<meta name=\"twitter:card\" content=\"summary_large_image\" \/>\n<meta name=\"twitter:label1\" content=\"Tahmini okuma s\u00fcresi\" \/>\n\t<meta name=\"twitter:data1\" content=\"1 dakika\" \/>\n<script type=\"application\/ld+json\" class=\"yoast-schema-graph\">{\"@context\":\"https:\\\/\\\/schema.org\",\"@graph\":[{\"@type\":[\"WebPage\",\"ItemPage\"],\"@id\":\"https:\\\/\\\/www.purejewels.com\\\/product\\\/22ct-elchi-seed-poncha-7-inches\\\/\",\"url\":\"https:\\\/\\\/www.purejewels.com\\\/product\\\/22ct-elchi-seed-poncha-7-inches\\\/\",\"name\":\"22ct Elchi Seed Poncha in Gold | PureJewels London UK\",\"isPartOf\":{\"@id\":\"https:\\\/\\\/www.purejewels.com\\\/#website\"},\"primaryImageOfPage\":{\"@id\":\"https:\\\/\\\/www.purejewels.com\\\/product\\\/22ct-elchi-seed-poncha-7-inches\\\/#primaryimage\"},\"image\":{\"@id\":\"https:\\\/\\\/www.purejewels.com\\\/product\\\/22ct-elchi-seed-poncha-7-inches\\\/#primaryimage\"},\"thumbnailUrl\":\"https:\\\/\\\/static.purejewels.com\\\/wp-content\\\/uploads\\\/2025\\\/08\\\/SKU-51809.jpg\",\"datePublished\":\"2025-06-01T13:00:27+00:00\",\"dateModified\":\"2026-04-30T10:02:42+00:00\",\"description\":\"Shop the 22ct Elchi Seed Poncha from PureJewels. Featuring sculpted cardamom-inspired seeds, this handcrafted gold hand chain celebrates rituals.\",\"breadcrumb\":{\"@id\":\"https:\\\/\\\/www.purejewels.com\\\/product\\\/22ct-elchi-seed-poncha-7-inches\\\/#breadcrumb\"},\"inLanguage\":\"tr\",\"potentialAction\":[{\"@type\":\"ReadAction\",\"target\":[\"https:\\\/\\\/www.purejewels.com\\\/product\\\/22ct-elchi-seed-poncha-7-inches\\\/\"]}]},{\"@type\":\"ImageObject\",\"inLanguage\":\"tr\",\"@id\":\"https:\\\/\\\/www.purejewels.com\\\/product\\\/22ct-elchi-seed-poncha-7-inches\\\/#primaryimage\",\"url\":\"https:\\\/\\\/static.purejewels.com\\\/wp-content\\\/uploads\\\/2025\\\/08\\\/SKU-51809.jpg\",\"contentUrl\":\"https:\\\/\\\/static.purejewels.com\\\/wp-content\\\/uploads\\\/2025\\\/08\\\/SKU-51809.jpg\",\"width\":1000,\"height\":1000},{\"@type\":\"BreadcrumbList\",\"@id\":\"https:\\\/\\\/www.purejewels.com\\\/product\\\/22ct-elchi-seed-poncha-7-inches\\\/#breadcrumb\",\"itemListElement\":[{\"@type\":\"ListItem\",\"position\":1,\"name\":\"Home\",\"item\":\"https:\\\/\\\/www.purejewels.com\\\/\"},{\"@type\":\"ListItem\",\"position\":2,\"name\":\"Shop\",\"item\":\"https:\\\/\\\/www.purejewels.com\\\/shop\\\/\"},{\"@type\":\"ListItem\",\"position\":3,\"name\":\"22ct Sunrise Gold Elchi Seed Poncha | 7 Inches\"}]},{\"@type\":\"WebSite\",\"@id\":\"https:\\\/\\\/www.purejewels.com\\\/#website\",\"url\":\"https:\\\/\\\/www.purejewels.com\\\/\",\"name\":\"PureJewels UK\",\"description\":\"Share the Love\",\"publisher\":{\"@id\":\"https:\\\/\\\/www.purejewels.com\\\/#organization\"},\"potentialAction\":[{\"@type\":\"SearchAction\",\"target\":{\"@type\":\"EntryPoint\",\"urlTemplate\":\"https:\\\/\\\/www.purejewels.com\\\/?s={search_term_string}\"},\"query-input\":{\"@type\":\"PropertyValueSpecification\",\"valueRequired\":true,\"valueName\":\"search_term_string\"}}],\"inLanguage\":\"tr\"},{\"@type\":\"Organization\",\"@id\":\"https:\\\/\\\/www.purejewels.com\\\/#organization\",\"name\":\"PureJewels UK\",\"url\":\"https:\\\/\\\/www.purejewels.com\\\/\",\"logo\":{\"@type\":\"ImageObject\",\"inLanguage\":\"tr\",\"@id\":\"https:\\\/\\\/www.purejewels.com\\\/#\\\/schema\\\/logo\\\/image\\\/\",\"url\":\"https:\\\/\\\/static.purejewels.com\\\/wp-content\\\/uploads\\\/2020\\\/11\\\/Logo-PJ-New-1.png\",\"contentUrl\":\"https:\\\/\\\/static.purejewels.com\\\/wp-content\\\/uploads\\\/2020\\\/11\\\/Logo-PJ-New-1.png\",\"width\":150,\"height\":80,\"caption\":\"PureJewels UK\"},\"image\":{\"@id\":\"https:\\\/\\\/www.purejewels.com\\\/#\\\/schema\\\/logo\\\/image\\\/\"}}]}<\/script>\n<!-- \/ Yoast SEO plugin. -->","yoast_head_json":{"title":"22 Ayar Elchi Tohum Ponka Alt\u0131n | PureJewels London UK","description":"PureJewels'ten 22ct Elchi Seed Poncha'y\u0131 sat\u0131n al\u0131n. Kakuleden ilham alan yontulmu\u015f tohumlara sahip bu el yap\u0131m\u0131 alt\u0131n el zinciri, rit\u00fcelleri kutluyor.","robots":{"index":"index","follow":"follow","max-snippet":"max-snippet:-1","max-image-preview":"max-image-preview:large","max-video-preview":"max-video-preview:-1"},"canonical":"https:\/\/www.purejewels.com\/tr\/urun\/22ct-elchi-tohumlu-poncha-7-inc\/","og_locale":"tr_TR","og_type":"article","og_title":"22ct Elchi Seed Poncha in Gold | PureJewels London UK","og_description":"Shop the 22ct Elchi Seed Poncha from PureJewels. Featuring sculpted cardamom-inspired seeds, this handcrafted gold hand chain celebrates rituals.","og_url":"https:\/\/www.purejewels.com\/tr\/urun\/22ct-elchi-tohumlu-poncha-7-inc\/","og_site_name":"PureJewels UK","article_modified_time":"2026-04-30T10:02:42+00:00","og_image":[{"width":1000,"height":1000,"url":"https:\/\/static.purejewels.com\/wp-content\/uploads\/2025\/08\/SKU-51809.jpg","type":"image\/jpeg"}],"twitter_card":"summary_large_image","twitter_misc":{"Tahmini okuma s\u00fcresi":"1 dakika"},"schema":{"@context":"https:\/\/schema.org","@graph":[{"@type":["WebPage","ItemPage"],"@id":"https:\/\/www.purejewels.com\/product\/22ct-elchi-seed-poncha-7-inches\/","url":"https:\/\/www.purejewels.com\/product\/22ct-elchi-seed-poncha-7-inches\/","name":"22 Ayar Elchi Tohum Ponka Alt\u0131n | PureJewels London UK","isPartOf":{"@id":"https:\/\/www.purejewels.com\/#website"},"primaryImageOfPage":{"@id":"https:\/\/www.purejewels.com\/product\/22ct-elchi-seed-poncha-7-inches\/#primaryimage"},"image":{"@id":"https:\/\/www.purejewels.com\/product\/22ct-elchi-seed-poncha-7-inches\/#primaryimage"},"thumbnailUrl":"https:\/\/static.purejewels.com\/wp-content\/uploads\/2025\/08\/SKU-51809.jpg","datePublished":"2025-06-01T13:00:27+00:00","dateModified":"2026-04-30T10:02:42+00:00","description":"PureJewels'ten 22ct Elchi Seed Poncha'y\u0131 sat\u0131n al\u0131n. Kakuleden ilham alan yontulmu\u015f tohumlara sahip bu el yap\u0131m\u0131 alt\u0131n el zinciri, rit\u00fcelleri kutluyor.","breadcrumb":{"@id":"https:\/\/www.purejewels.com\/product\/22ct-elchi-seed-poncha-7-inches\/#breadcrumb"},"inLanguage":"tr","potentialAction":[{"@type":"ReadAction","target":["https:\/\/www.purejewels.com\/product\/22ct-elchi-seed-poncha-7-inches\/"]}]},{"@type":"ImageObject","inLanguage":"tr","@id":"https:\/\/www.purejewels.com\/product\/22ct-elchi-seed-poncha-7-inches\/#primaryimage","url":"https:\/\/static.purejewels.com\/wp-content\/uploads\/2025\/08\/SKU-51809.jpg","contentUrl":"https:\/\/static.purejewels.com\/wp-content\/uploads\/2025\/08\/SKU-51809.jpg","width":1000,"height":1000},{"@type":"BreadcrumbList","@id":"https:\/\/www.purejewels.com\/product\/22ct-elchi-seed-poncha-7-inches\/#breadcrumb","itemListElement":[{"@type":"ListItem","position":1,"name":"Home","item":"https:\/\/www.purejewels.com\/"},{"@type":"ListItem","position":2,"name":"Shop","item":"https:\/\/www.purejewels.com\/shop\/"},{"@type":"ListItem","position":3,"name":"22ct Sunrise Gold Elchi Seed Poncha | 7 Inches"}]},{"@type":"WebSite","@id":"https:\/\/www.purejewels.com\/#website","url":"https:\/\/www.purejewels.com\/","name":"PureJewels \u0130ngiltere","description":"Sevgiyi Payla\u015f\u0131n","publisher":{"@id":"https:\/\/www.purejewels.com\/#organization"},"potentialAction":[{"@type":"SearchAction","target":{"@type":"EntryPoint","urlTemplate":"https:\/\/www.purejewels.com\/?s={search_term_string}"},"query-input":{"@type":"PropertyValueSpecification","valueRequired":true,"valueName":"search_term_string"}}],"inLanguage":"tr"},{"@type":"Organization","@id":"https:\/\/www.purejewels.com\/#organization","name":"PureJewels \u0130ngiltere","url":"https:\/\/www.purejewels.com\/","logo":{"@type":"ImageObject","inLanguage":"tr","@id":"https:\/\/www.purejewels.com\/#\/schema\/logo\/image\/","url":"https:\/\/static.purejewels.com\/wp-content\/uploads\/2020\/11\/Logo-PJ-New-1.png","contentUrl":"https:\/\/static.purejewels.com\/wp-content\/uploads\/2020\/11\/Logo-PJ-New-1.png","width":150,"height":80,"caption":"PureJewels UK"},"image":{"@id":"https:\/\/www.purejewels.com\/#\/schema\/logo\/image\/"}}]}},"_links":{"self":[{"href":"https:\/\/www.purejewels.com\/tr\/wp-json\/wp\/v2\/product\/408521","targetHints":{"allow":["GET"]}}],"collection":[{"href":"https:\/\/www.purejewels.com\/tr\/wp-json\/wp\/v2\/product"}],"about":[{"href":"https:\/\/www.purejewels.com\/tr\/wp-json\/wp\/v2\/types\/product"}],"replies":[{"embeddable":true,"href":"https:\/\/www.purejewels.com\/tr\/wp-json\/wp\/v2\/comments?post=408521"}],"version-history":[{"count":3,"href":"https:\/\/www.purejewels.com\/tr\/wp-json\/wp\/v2\/product\/408521\/revisions"}],"predecessor-version":[{"id":426985,"href":"https:\/\/www.purejewels.com\/tr\/wp-json\/wp\/v2\/product\/408521\/revisions\/426985"}],"wp:featuredmedia":[{"embeddable":true,"href":"https:\/\/www.purejewels.com\/tr\/wp-json\/wp\/v2\/media\/408524"}],"wp:attachment":[{"href":"https:\/\/www.purejewels.com\/tr\/wp-json\/wp\/v2\/media?parent=408521"}],"wp:term":[{"taxonomy":"product_brand","embeddable":true,"href":"https:\/\/www.purejewels.com\/tr\/wp-json\/wp\/v2\/product_brand?post=408521"},{"taxonomy":"product_cat","embeddable":true,"href":"https:\/\/www.purejewels.com\/tr\/wp-json\/wp\/v2\/product_cat?post=408521"},{"taxonomy":"product_tag","embeddable":true,"href":"https:\/\/www.purejewels.com\/tr\/wp-json\/wp\/v2\/product_tag?post=408521"}],"curies":[{"name":"wp","href":"https:\/\/api.w.org\/{rel}","templated":true}]}}