{"id":408913,"date":"2025-07-04T06:09:29","date_gmt":"2025-07-04T05:09:29","guid":{"rendered":"https:\/\/www.purejewels.com\/?post_type=product&#038;p=408913"},"modified":"2026-01-10T16:15:11","modified_gmt":"2026-01-10T16:15:11","slug":"22-ayar-altin-dokulu-kenar-ince-bileklik-52532","status":"publish","type":"product","link":"https:\/\/www.purejewels.com\/tr\/product\/22ct-gold-textured-edge-slim-bangle-52532\/","title":{"rendered":"22 Ayar Alt\u0131n Dokulu Kenarl\u0131 \u0130nce Bileklik"},"content":{"rendered":"<p data-start=\"545\" data-end=\"845\">Bu <strong data-start=\"592\" data-end=\"631\">22 Ayar Alt\u0131n Dokulu Kenarl\u0131 \u0130nce Bileklik<\/strong> her m\u00fccevher gard\u0131robuna zarif bir ektir - zarif, \u00e7ok y\u00f6nl\u00fc ve zarif bir \u015fekilde detayland\u0131r\u0131lm\u0131\u015ft\u0131r. 11,2 gram a\u011f\u0131rl\u0131\u011f\u0131ndaki bu m\u00fccevher, \u00f6zenli tasar\u0131mla y\u00fckseltilmi\u015f sadeli\u011fin g\u00fczelli\u011fini takdir edenler i\u00e7in m\u00fckemmeldir.<\/p>\n<p data-start=\"847\" data-end=\"1126\">\u0130nce profili onu \u00fcst \u00fcste veya tek ba\u015f\u0131na takmak i\u00e7in ideal k\u0131larken, zarif \u00e7\u0131k\u0131nt\u0131l\u0131 kenar\u0131 yumu\u015fak bir \u0131\u015f\u0131lt\u0131 ve dokunsal bir cazibe katar. Y\u00fcksek safl\u0131kta 22 ayar sar\u0131 alt\u0131ndan \u00fcretilen ve Londra Assay Office taraf\u0131ndan damgalanan bu bileklik, geleneksel de\u011feri modern zarafetle harmanl\u0131yor.<\/p>\n<p data-start=\"1128\" data-end=\"1220\">\u0130ster hediye edilmi\u015f ister kendi se\u00e7iminiz olsun, PureJewels'in zamans\u0131z i\u015f\u00e7ilik damgas\u0131n\u0131 ta\u015f\u0131r.<\/p>\n<ul>\n<li data-start=\"1249\" data-end=\"1280\">\n<p data-start=\"1251\" data-end=\"1280\"><strong data-start=\"1251\" data-end=\"1261\">Metal:<\/strong> 22 Ayar Sar\u0131 Alt\u0131n<\/p>\n<\/li>\n<li data-start=\"1281\" data-end=\"1317\">\n<p data-start=\"1283\" data-end=\"1317\"><strong data-start=\"1283\" data-end=\"1294\">A\u011f\u0131rl\u0131k:<\/strong> 11,2 gram (yakla\u015f\u0131k)<\/p>\n<\/li>\n<li data-start=\"1318\" data-end=\"1367\">\n<p data-start=\"1320\" data-end=\"1367\"><strong data-start=\"1320\" data-end=\"1329\">Boyut:<\/strong> 2,6 (\u0130\u00e7 \u00e7ap yakla\u015f\u0131k 60,2 mm)<\/p>\n<\/li>\n<li data-start=\"1368\" data-end=\"1412\">\n<p data-start=\"1370\" data-end=\"1412\"><strong data-start=\"1370\" data-end=\"1381\">Tasar\u0131m:<\/strong> \u0130nce dokulu kenarl\u0131 ince<\/p>\n<\/li>\n<li data-start=\"1413\" data-end=\"1468\">\n<p data-start=\"1415\" data-end=\"1468\"><strong data-start=\"1415\" data-end=\"1426\">Bitir:<\/strong> Belirgin detaylara sahip y\u00fcksek cilal\u0131 g\u00f6vde<\/p>\n<\/li>\n<li data-start=\"1469\" data-end=\"1512\">\n<p data-start=\"1471\" data-end=\"1512\"><strong data-start=\"1471\" data-end=\"1484\">Hallmark:<\/strong> \u0130ngiliz damgas\u0131<\/p>\n<\/li>\n<li data-start=\"1513\" data-end=\"1566\">\n<p data-start=\"1515\" data-end=\"1566\"><strong data-start=\"1515\" data-end=\"1529\">Paketleme:<\/strong> L\u00fcks PureJewels sunum kutusu<\/p>\n<\/li>\n<\/ul>","protected":false},"excerpt":{"rendered":"<p data-start=\"291\" data-end=\"500\">G\u00fcnl\u00fck \u015f\u0131kl\u0131k veya de\u011ferli bir hediye i\u00e7in tasarlanm\u0131\u015f, zengin 22 ayar alt\u0131ndan \u00fcretilmi\u015f zamans\u0131z bir bileklik. Bu sa\u011flam, p\u00fcr\u00fczs\u00fcz y\u00fczeyli bileklik PureJewels'in miras i\u015f\u00e7ili\u011fine ve kal\u0131c\u0131 g\u00fczelli\u011fe olan ba\u011fl\u0131l\u0131\u011f\u0131n\u0131 yans\u0131t\u0131r.<\/p>\n<ul>\n<li><strong>Malzeme:<\/strong> 22 Ayar Alt\u0131n<\/li>\n<li><strong>Hallmark:\u00a0<\/strong>\u0130ngiliz Damgas\u0131<\/li>\n<li><strong>Br\u00fct A\u011f\u0131rl\u0131k: <\/strong>11.20 Gms<\/li>\n<li><strong>Bileklik Boyutu: <\/strong>2.6 (Ek boyutlar i\u00e7in sorunuz)<\/li>\n<li><strong>Geni\u015flik:<\/strong> 3mm<\/li>\n<li><strong>SKU: <\/strong>52532<\/li>\n<\/ul>\n<p><strong><br \/>\nFiyat ve Teslimat:\u00a0<\/strong>KDV ve teslimat \u00fccretleri dahil<br \/>\n<strong><a href=\"https:\/\/www.purejewels.com\/tr\/i%cc%87ade-poli%cc%87ti%cc%87kasi\/\">\u0130ade Politikas\u0131<\/a><\/strong><\/p>","protected":false},"featured_media":408916,"comment_status":"closed","ping_status":"closed","template":"","meta":{"_eb_attr":"","_crsspst_to_jayantr4sg-hostcom":true},"product_brand":[],"product_cat":[5270,1233,1229,1657,1573,1574,5349],"product_tag":[],"class_list":{"0":"post-408913","1":"product","2":"type-product","3":"status-publish","4":"has-post-thumbnail","6":"product_cat-daily-wear-bangles","7":"product_cat-gold-bangles","8":"product_cat-22ct-gold-jewellery","9":"product_cat-single-bangle","10":"product_cat-wedding-gifts","11":"product_cat-womens-jewellery","12":"product_cat-yellow-gold-jewellery","14":"first","15":"outofstock","16":"taxable","17":"shipping-taxable","18":"product-type-simple","19":"add-to-wishlist-before_image"},"yoast_head":"<!-- This site is optimized with the Yoast SEO plugin v27.3 - https:\/\/yoast.com\/product\/yoast-seo-wordpress\/ -->\n<title>22ct Gold Textured Edge Slim Bangle | PureJewels UK<\/title>\n<meta name=\"description\" content=\"Shop the 22ct Gold Slim Bangle with textured edge \u2013 11.2g, size 2.6. A refined piece for elegant stacking or everyday wear. Hallmarked &amp; crafted to perfection.\" \/>\n<meta name=\"robots\" content=\"index, follow, max-snippet:-1, max-image-preview:large, max-video-preview:-1\" \/>\n<link rel=\"canonical\" href=\"https:\/\/www.purejewels.com\/tr\/urun\/22-ayar-altin-dokulu-kenar-ince-bileklik-52532\/\" \/>\n<meta property=\"og:locale\" content=\"tr_TR\" \/>\n<meta property=\"og:type\" content=\"article\" \/>\n<meta property=\"og:title\" content=\"22ct Gold Textured Edge Slim Bangle | PureJewels UK\" \/>\n<meta property=\"og:description\" content=\"Shop the 22ct Gold Slim Bangle with textured edge \u2013 11.2g, size 2.6. A refined piece for elegant stacking or everyday wear. Hallmarked &amp; crafted to perfection.\" \/>\n<meta property=\"og:url\" content=\"https:\/\/www.purejewels.com\/tr\/urun\/22-ayar-altin-dokulu-kenar-ince-bileklik-52532\/\" \/>\n<meta property=\"og:site_name\" content=\"PureJewels UK\" \/>\n<meta property=\"article:modified_time\" content=\"2026-01-10T16:15:11+00:00\" \/>\n<meta property=\"og:image\" content=\"https:\/\/www.purejewels.com\/wp-content\/uploads\/2025\/08\/SKU-52532.jpg\" \/>\n\t<meta property=\"og:image:width\" content=\"1000\" \/>\n\t<meta property=\"og:image:height\" content=\"1000\" \/>\n\t<meta property=\"og:image:type\" content=\"image\/jpeg\" \/>\n<meta name=\"twitter:card\" content=\"summary_large_image\" \/>\n<meta name=\"twitter:label1\" content=\"Tahmini okuma s\u00fcresi\" \/>\n\t<meta name=\"twitter:data1\" content=\"1 dakika\" \/>\n<script type=\"application\/ld+json\" class=\"yoast-schema-graph\">{\"@context\":\"https:\\\/\\\/schema.org\",\"@graph\":[{\"@type\":[\"WebPage\",\"ItemPage\"],\"@id\":\"https:\\\/\\\/www.purejewels.com\\\/product\\\/22ct-gold-textured-edge-slim-bangle-52532\\\/\",\"url\":\"https:\\\/\\\/www.purejewels.com\\\/product\\\/22ct-gold-textured-edge-slim-bangle-52532\\\/\",\"name\":\"22ct Gold Textured Edge Slim Bangle | PureJewels UK\",\"isPartOf\":{\"@id\":\"https:\\\/\\\/www.purejewels.com\\\/#website\"},\"primaryImageOfPage\":{\"@id\":\"https:\\\/\\\/www.purejewels.com\\\/product\\\/22ct-gold-textured-edge-slim-bangle-52532\\\/#primaryimage\"},\"image\":{\"@id\":\"https:\\\/\\\/www.purejewels.com\\\/product\\\/22ct-gold-textured-edge-slim-bangle-52532\\\/#primaryimage\"},\"thumbnailUrl\":\"https:\\\/\\\/static.purejewels.com\\\/wp-content\\\/uploads\\\/2025\\\/08\\\/SKU-52532.jpg\",\"datePublished\":\"2025-07-04T05:09:29+00:00\",\"dateModified\":\"2026-01-10T16:15:11+00:00\",\"description\":\"Shop the 22ct Gold Slim Bangle with textured edge \u2013 11.2g, size 2.6. A refined piece for elegant stacking or everyday wear. Hallmarked & crafted to perfection.\",\"breadcrumb\":{\"@id\":\"https:\\\/\\\/www.purejewels.com\\\/product\\\/22ct-gold-textured-edge-slim-bangle-52532\\\/#breadcrumb\"},\"inLanguage\":\"tr\",\"potentialAction\":[{\"@type\":\"ReadAction\",\"target\":[\"https:\\\/\\\/www.purejewels.com\\\/product\\\/22ct-gold-textured-edge-slim-bangle-52532\\\/\"]}]},{\"@type\":\"ImageObject\",\"inLanguage\":\"tr\",\"@id\":\"https:\\\/\\\/www.purejewels.com\\\/product\\\/22ct-gold-textured-edge-slim-bangle-52532\\\/#primaryimage\",\"url\":\"https:\\\/\\\/static.purejewels.com\\\/wp-content\\\/uploads\\\/2025\\\/08\\\/SKU-52532.jpg\",\"contentUrl\":\"https:\\\/\\\/static.purejewels.com\\\/wp-content\\\/uploads\\\/2025\\\/08\\\/SKU-52532.jpg\",\"width\":1000,\"height\":1000,\"caption\":\"52532\"},{\"@type\":\"BreadcrumbList\",\"@id\":\"https:\\\/\\\/www.purejewels.com\\\/product\\\/22ct-gold-textured-edge-slim-bangle-52532\\\/#breadcrumb\",\"itemListElement\":[{\"@type\":\"ListItem\",\"position\":1,\"name\":\"Home\",\"item\":\"https:\\\/\\\/www.purejewels.com\\\/\"},{\"@type\":\"ListItem\",\"position\":2,\"name\":\"Shop\",\"item\":\"https:\\\/\\\/www.purejewels.com\\\/shop\\\/\"},{\"@type\":\"ListItem\",\"position\":3,\"name\":\"22ct Gold Textured Edge Slim Bangle\"}]},{\"@type\":\"WebSite\",\"@id\":\"https:\\\/\\\/www.purejewels.com\\\/#website\",\"url\":\"https:\\\/\\\/www.purejewels.com\\\/\",\"name\":\"PureJewels UK\",\"description\":\"Share the Love\",\"publisher\":{\"@id\":\"https:\\\/\\\/www.purejewels.com\\\/#organization\"},\"potentialAction\":[{\"@type\":\"SearchAction\",\"target\":{\"@type\":\"EntryPoint\",\"urlTemplate\":\"https:\\\/\\\/www.purejewels.com\\\/?s={search_term_string}\"},\"query-input\":{\"@type\":\"PropertyValueSpecification\",\"valueRequired\":true,\"valueName\":\"search_term_string\"}}],\"inLanguage\":\"tr\"},{\"@type\":\"Organization\",\"@id\":\"https:\\\/\\\/www.purejewels.com\\\/#organization\",\"name\":\"PureJewels UK\",\"url\":\"https:\\\/\\\/www.purejewels.com\\\/\",\"logo\":{\"@type\":\"ImageObject\",\"inLanguage\":\"tr\",\"@id\":\"https:\\\/\\\/www.purejewels.com\\\/#\\\/schema\\\/logo\\\/image\\\/\",\"url\":\"https:\\\/\\\/static.purejewels.com\\\/wp-content\\\/uploads\\\/2020\\\/11\\\/Logo-PJ-New-1.png\",\"contentUrl\":\"https:\\\/\\\/static.purejewels.com\\\/wp-content\\\/uploads\\\/2020\\\/11\\\/Logo-PJ-New-1.png\",\"width\":150,\"height\":80,\"caption\":\"PureJewels UK\"},\"image\":{\"@id\":\"https:\\\/\\\/www.purejewels.com\\\/#\\\/schema\\\/logo\\\/image\\\/\"}}]}<\/script>\n<!-- \/ Yoast SEO plugin. -->","yoast_head_json":{"title":"22 Ayar Alt\u0131n Dokulu Kenarl\u0131 \u0130nce Bileklik | PureJewels UK","description":"Dokulu kenarl\u0131 22 Ayar Alt\u0131n \u0130nce Bilekli\u011fi sat\u0131n al\u0131n - 11,2 g, 2,6 beden. Zarif istifleme veya g\u00fcnl\u00fck kullan\u0131m i\u00e7in zarif bir par\u00e7a. Damgal\u0131 ve m\u00fckemmellik i\u00e7in \u00fcretilmi\u015ftir.","robots":{"index":"index","follow":"follow","max-snippet":"max-snippet:-1","max-image-preview":"max-image-preview:large","max-video-preview":"max-video-preview:-1"},"canonical":"https:\/\/www.purejewels.com\/tr\/urun\/22-ayar-altin-dokulu-kenar-ince-bileklik-52532\/","og_locale":"tr_TR","og_type":"article","og_title":"22ct Gold Textured Edge Slim Bangle | PureJewels UK","og_description":"Shop the 22ct Gold Slim Bangle with textured edge \u2013 11.2g, size 2.6. A refined piece for elegant stacking or everyday wear. Hallmarked & crafted to perfection.","og_url":"https:\/\/www.purejewels.com\/tr\/urun\/22-ayar-altin-dokulu-kenar-ince-bileklik-52532\/","og_site_name":"PureJewels UK","article_modified_time":"2026-01-10T16:15:11+00:00","og_image":[{"width":1000,"height":1000,"url":"https:\/\/www.purejewels.com\/wp-content\/uploads\/2025\/08\/SKU-52532.jpg","type":"image\/jpeg"}],"twitter_card":"summary_large_image","twitter_misc":{"Tahmini okuma s\u00fcresi":"1 dakika"},"schema":{"@context":"https:\/\/schema.org","@graph":[{"@type":["WebPage","ItemPage"],"@id":"https:\/\/www.purejewels.com\/product\/22ct-gold-textured-edge-slim-bangle-52532\/","url":"https:\/\/www.purejewels.com\/product\/22ct-gold-textured-edge-slim-bangle-52532\/","name":"22 Ayar Alt\u0131n Dokulu Kenarl\u0131 \u0130nce Bileklik | PureJewels UK","isPartOf":{"@id":"https:\/\/www.purejewels.com\/#website"},"primaryImageOfPage":{"@id":"https:\/\/www.purejewels.com\/product\/22ct-gold-textured-edge-slim-bangle-52532\/#primaryimage"},"image":{"@id":"https:\/\/www.purejewels.com\/product\/22ct-gold-textured-edge-slim-bangle-52532\/#primaryimage"},"thumbnailUrl":"https:\/\/static.purejewels.com\/wp-content\/uploads\/2025\/08\/SKU-52532.jpg","datePublished":"2025-07-04T05:09:29+00:00","dateModified":"2026-01-10T16:15:11+00:00","description":"Dokulu kenarl\u0131 22 Ayar Alt\u0131n \u0130nce Bilekli\u011fi sat\u0131n al\u0131n - 11,2 g, 2,6 beden. Zarif istifleme veya g\u00fcnl\u00fck kullan\u0131m i\u00e7in zarif bir par\u00e7a. Damgal\u0131 ve m\u00fckemmellik i\u00e7in \u00fcretilmi\u015ftir.","breadcrumb":{"@id":"https:\/\/www.purejewels.com\/product\/22ct-gold-textured-edge-slim-bangle-52532\/#breadcrumb"},"inLanguage":"tr","potentialAction":[{"@type":"ReadAction","target":["https:\/\/www.purejewels.com\/product\/22ct-gold-textured-edge-slim-bangle-52532\/"]}]},{"@type":"ImageObject","inLanguage":"tr","@id":"https:\/\/www.purejewels.com\/product\/22ct-gold-textured-edge-slim-bangle-52532\/#primaryimage","url":"https:\/\/static.purejewels.com\/wp-content\/uploads\/2025\/08\/SKU-52532.jpg","contentUrl":"https:\/\/static.purejewels.com\/wp-content\/uploads\/2025\/08\/SKU-52532.jpg","width":1000,"height":1000,"caption":"52532"},{"@type":"BreadcrumbList","@id":"https:\/\/www.purejewels.com\/product\/22ct-gold-textured-edge-slim-bangle-52532\/#breadcrumb","itemListElement":[{"@type":"ListItem","position":1,"name":"Home","item":"https:\/\/www.purejewels.com\/"},{"@type":"ListItem","position":2,"name":"Shop","item":"https:\/\/www.purejewels.com\/shop\/"},{"@type":"ListItem","position":3,"name":"22ct Gold Textured Edge Slim Bangle"}]},{"@type":"WebSite","@id":"https:\/\/www.purejewels.com\/#website","url":"https:\/\/www.purejewels.com\/","name":"PureJewels \u0130ngiltere","description":"Sevgiyi Payla\u015f\u0131n","publisher":{"@id":"https:\/\/www.purejewels.com\/#organization"},"potentialAction":[{"@type":"SearchAction","target":{"@type":"EntryPoint","urlTemplate":"https:\/\/www.purejewels.com\/?s={search_term_string}"},"query-input":{"@type":"PropertyValueSpecification","valueRequired":true,"valueName":"search_term_string"}}],"inLanguage":"tr"},{"@type":"Organization","@id":"https:\/\/www.purejewels.com\/#organization","name":"PureJewels \u0130ngiltere","url":"https:\/\/www.purejewels.com\/","logo":{"@type":"ImageObject","inLanguage":"tr","@id":"https:\/\/www.purejewels.com\/#\/schema\/logo\/image\/","url":"https:\/\/static.purejewels.com\/wp-content\/uploads\/2020\/11\/Logo-PJ-New-1.png","contentUrl":"https:\/\/static.purejewels.com\/wp-content\/uploads\/2020\/11\/Logo-PJ-New-1.png","width":150,"height":80,"caption":"PureJewels UK"},"image":{"@id":"https:\/\/www.purejewels.com\/#\/schema\/logo\/image\/"}}]}},"_links":{"self":[{"href":"https:\/\/www.purejewels.com\/tr\/wp-json\/wp\/v2\/product\/408913","targetHints":{"allow":["GET"]}}],"collection":[{"href":"https:\/\/www.purejewels.com\/tr\/wp-json\/wp\/v2\/product"}],"about":[{"href":"https:\/\/www.purejewels.com\/tr\/wp-json\/wp\/v2\/types\/product"}],"replies":[{"embeddable":true,"href":"https:\/\/www.purejewels.com\/tr\/wp-json\/wp\/v2\/comments?post=408913"}],"version-history":[{"count":3,"href":"https:\/\/www.purejewels.com\/tr\/wp-json\/wp\/v2\/product\/408913\/revisions"}],"predecessor-version":[{"id":408982,"href":"https:\/\/www.purejewels.com\/tr\/wp-json\/wp\/v2\/product\/408913\/revisions\/408982"}],"wp:featuredmedia":[{"embeddable":true,"href":"https:\/\/www.purejewels.com\/tr\/wp-json\/wp\/v2\/media\/408916"}],"wp:attachment":[{"href":"https:\/\/www.purejewels.com\/tr\/wp-json\/wp\/v2\/media?parent=408913"}],"wp:term":[{"taxonomy":"product_brand","embeddable":true,"href":"https:\/\/www.purejewels.com\/tr\/wp-json\/wp\/v2\/product_brand?post=408913"},{"taxonomy":"product_cat","embeddable":true,"href":"https:\/\/www.purejewels.com\/tr\/wp-json\/wp\/v2\/product_cat?post=408913"},{"taxonomy":"product_tag","embeddable":true,"href":"https:\/\/www.purejewels.com\/tr\/wp-json\/wp\/v2\/product_tag?post=408913"}],"curies":[{"name":"wp","href":"https:\/\/api.w.org\/{rel}","templated":true}]}}