{"id":408949,"date":"2025-07-31T07:53:47","date_gmt":"2025-07-31T06:53:47","guid":{"rendered":"https:\/\/www.purejewels.com\/?post_type=product&#038;p=408949"},"modified":"2026-04-29T16:12:18","modified_gmt":"2026-04-29T15:12:18","slug":"22-ayar-altin-mavi-mine-cicekli-kada-vidali-49553","status":"publish","type":"product","link":"https:\/\/www.purejewels.com\/tr\/product\/22ct-gold-blue-enamel-floral-kada-with-screw-49553\/","title":{"rendered":"22 Ayar Alt\u0131n Mavi Mineli Vidal\u0131 \u00c7i\u00e7ekli Kada"},"content":{"rendered":"<p data-start=\"536\" data-end=\"894\">Bu <strong data-start=\"573\" data-end=\"610\">22 Ayar Alt\u0131n Mavi Mineli \u00c7i\u00e7ekli Kada<\/strong> bizim parlak bir par\u00e7am\u0131z <strong data-start=\"639\" data-end=\"662\">Maharani Koleksiyonu<\/strong>Hint kraliyet s\u00fcslemelerinin ihti\u015fam\u0131n\u0131 \u00e7a\u011fr\u0131\u015ft\u0131r\u0131yor. Y\u00fcksek safl\u0131kta 22 ayar sar\u0131 alt\u0131ndan \u00fcretilen ve 30,2 gram a\u011f\u0131rl\u0131\u011f\u0131ndaki tasar\u0131m, k\u0131rm\u0131z\u0131 ve fildi\u015fi renkli g\u00f6z al\u0131c\u0131 \u00e7i\u00e7ek motifleriyle \u00e7evrili, elle uygulanan mavi mine ile hayat buluyor.<\/p>\n<p data-start=\"896\" data-end=\"1144\">Kada'n\u0131n 16,2 mm'lik geni\u015f profili s\u00fcsl\u00fc telkari vurgularla \u00e7er\u00e7evelenmi\u015f ve klasik i\u015f\u00e7ili\u011fe bir selam niteli\u011findeki geleneksel vidal\u0131 ba\u011flant\u0131 ile sabitlenmi\u015ftir. 2,4 \u00f6l\u00e7\u00fcs\u00fcyle g\u00fcvenli ve asil bir uyum sunan kada, \u00f6zel g\u00fcnler veya aile yadig\u00e2r\u0131 hediyeler i\u00e7in m\u00fckemmeldir.<\/p>\n<p data-start=\"1146\" data-end=\"1253\">Bu kada sanat\u0131n, k\u00fclt\u00fcr\u00fcn ve krali\u00e7e zarafetinin bir kutlamas\u0131d\u0131r - nesiller boyunca el \u00fcst\u00fcnde tutulacak bir par\u00e7a.<\/p>\n<ul>\n<li data-start=\"1465\" data-end=\"1496\">\n<p data-start=\"1467\" data-end=\"1496\"><strong data-start=\"1467\" data-end=\"1477\">Metal:<\/strong> 22 Ayar Sar\u0131 Alt\u0131n<\/p>\n<\/li>\n<li data-start=\"1497\" data-end=\"1526\">\n<p data-start=\"1499\" data-end=\"1526\"><strong data-start=\"1499\" data-end=\"1514\">Koleksiyon: <\/strong>Maharani<\/p>\n<\/li>\n<li data-start=\"1527\" data-end=\"1588\">\n<p data-start=\"1529\" data-end=\"1588\"><strong data-start=\"1529\" data-end=\"1540\">Bitir:<\/strong> \u00c7ok renkli emaye detayl\u0131 y\u00fcksek cila<\/p>\n<\/li>\n<li data-start=\"1589\" data-end=\"1654\">\n<p data-start=\"1591\" data-end=\"1654\"><strong data-start=\"1591\" data-end=\"1602\">Tasar\u0131m:<\/strong> K\u0131rm\u0131z\u0131 ve fildi\u015fi \u00e7i\u00e7ek motifli mavi emaye taban<\/p>\n<\/li>\n<li data-start=\"1655\" data-end=\"1676\">\n<p data-start=\"1657\" data-end=\"1676\"><strong data-start=\"1657\" data-end=\"1667\">Geni\u015flik:<\/strong> 16,2 mm<\/p>\n<\/li>\n<li data-start=\"1677\" data-end=\"1713\">\n<p data-start=\"1679\" data-end=\"1713\"><strong data-start=\"1679\" data-end=\"1690\">A\u011f\u0131rl\u0131k:<\/strong> 30,2 gram (yakla\u015f\u0131k)<\/p>\n<\/li>\n<li data-start=\"1714\" data-end=\"1763\">\n<p data-start=\"1716\" data-end=\"1763\"><strong data-start=\"1716\" data-end=\"1725\">Boyut:<\/strong> 2,4 (\u0130\u00e7 \u00e7ap yakla\u015f\u0131k 57,2 mm)<\/p>\n<\/li>\n<li data-start=\"1764\" data-end=\"1796\">\n<p data-start=\"1766\" data-end=\"1796\"><strong data-start=\"1766\" data-end=\"1778\">Kapan\u0131\u015f:<\/strong> Vida ile sabitleme<\/p>\n<\/li>\n<li data-start=\"1797\" data-end=\"1840\">\n<p data-start=\"1799\" data-end=\"1840\"><strong data-start=\"1799\" data-end=\"1812\">Hallmark:<\/strong> \u0130ngiliz Damgas\u0131<\/p>\n<\/li>\n<li data-start=\"1841\" data-end=\"1896\">\n<p data-start=\"1843\" data-end=\"1896\"><strong data-start=\"1843\" data-end=\"1857\">Paketleme:<\/strong> PureJewels l\u00fcks kutusunda sunulmaktad\u0131r<\/p>\n<\/li>\n<\/ul>","protected":false},"excerpt":{"rendered":"<p data-start=\"291\" data-end=\"500\">Maharani Koleksiyonumuzdan bu el yap\u0131m\u0131 22 ayar alt\u0131n kada, koyu mavi mine ve muhte\u015fem \u00e7i\u00e7ek detaylar\u0131na sahiptir. Geleneksel vidal\u0131 toka ile tamamlanm\u0131\u015f zamans\u0131z bir hazine.<\/p>\n<ul>\n<li><strong>Malzeme:<\/strong> 22 Ayar Alt\u0131n<\/li>\n<li><strong>Hallmark:\u00a0<\/strong>\u0130ngiliz Damgas\u0131<\/li>\n<li><strong>Br\u00fct A\u011f\u0131rl\u0131k: <\/strong>30.20 Gms<\/li>\n<li><strong>Bileklik Boyutu: <\/strong>2.4 (Ek boyutlar i\u00e7in sorunuz)<\/li>\n<li><strong>SKU: <\/strong>49553, 49554<\/li>\n<li><strong>\u0130\u00e7in uygundur:<\/strong> Gelin k\u0131yafetleri<\/li>\n<\/ul>\n<p><strong>Fiyat ve Teslimat:\u00a0<\/strong>KDV ve teslimat \u00fccretleri dahil<br \/>\n<strong><a href=\"https:\/\/www.purejewels.com\/tr\/i%cc%87ade-poli%cc%87ti%cc%87kasi\/\">\u0130ade Politikas\u0131<\/a><\/strong><\/p>","protected":false},"featured_media":408953,"comment_status":"closed","ping_status":"closed","template":"","meta":{"_eb_attr":"","_crsspst_to_jayantr4sg-hostcom":false},"product_brand":[],"product_cat":[236,1233,1229,5878,5875,5271,1657,1574,5349],"product_tag":[],"class_list":{"0":"post-408949","1":"product","2":"type-product","3":"status-publish","4":"has-post-thumbnail","6":"product_cat-collections","7":"product_cat-gold-bangles","8":"product_cat-22ct-gold-jewellery","9":"product_cat-maharani-bangles","10":"product_cat-maharani-collection","11":"product_cat-occasion-wear-bangles","12":"product_cat-single-bangle","13":"product_cat-womens-jewellery","14":"product_cat-yellow-gold-jewellery","16":"first","17":"instock","18":"taxable","19":"shipping-taxable","20":"purchasable","21":"product-type-simple","22":"add-to-wishlist-before_image"},"yoast_head":"<!-- This site is optimized with the Yoast SEO plugin v27.5 - https:\/\/yoast.com\/product\/yoast-seo-wordpress\/ -->\n<title>22ct Gold Blue Enamel Floral Kada with Screw | PureJewels UK<\/title>\n<meta name=\"description\" content=\"22ct Gold Blue Enamel Floral Kada with screw clasp. Handcrafted, hallmarked, and richly adorned. Shop timeless artistry at PureJewels.\" \/>\n<meta name=\"robots\" content=\"index, follow, max-snippet:-1, max-image-preview:large, max-video-preview:-1\" \/>\n<link rel=\"canonical\" href=\"https:\/\/www.purejewels.com\/tr\/urun\/22-ayar-altin-mavi-mine-cicekli-kada-vidali-49553\/\" \/>\n<meta property=\"og:locale\" content=\"tr_TR\" \/>\n<meta property=\"og:type\" content=\"article\" \/>\n<meta property=\"og:title\" content=\"22ct Gold Blue Enamel Floral Kada with Screw | PureJewels UK\" \/>\n<meta property=\"og:description\" content=\"22ct Gold Blue Enamel Floral Kada with screw clasp. Handcrafted, hallmarked, and richly adorned. Shop timeless artistry at PureJewels.\" \/>\n<meta property=\"og:url\" content=\"https:\/\/www.purejewels.com\/tr\/urun\/22-ayar-altin-mavi-mine-cicekli-kada-vidali-49553\/\" \/>\n<meta property=\"og:site_name\" content=\"PureJewels UK\" \/>\n<meta property=\"article:modified_time\" content=\"2026-04-29T15:12:18+00:00\" \/>\n<meta property=\"og:image\" content=\"https:\/\/static.purejewels.com\/wp-content\/uploads\/2025\/08\/SKU-49553.jpg\" \/>\n\t<meta property=\"og:image:width\" content=\"1000\" \/>\n\t<meta property=\"og:image:height\" content=\"1000\" \/>\n\t<meta property=\"og:image:type\" content=\"image\/jpeg\" \/>\n<meta name=\"twitter:card\" content=\"summary_large_image\" \/>\n<meta name=\"twitter:label1\" content=\"Tahmini okuma s\u00fcresi\" \/>\n\t<meta name=\"twitter:data1\" content=\"1 dakika\" \/>\n<script type=\"application\/ld+json\" class=\"yoast-schema-graph\">{\"@context\":\"https:\\\/\\\/schema.org\",\"@graph\":[{\"@type\":[\"WebPage\",\"ItemPage\"],\"@id\":\"https:\\\/\\\/www.purejewels.com\\\/product\\\/22ct-gold-blue-enamel-floral-kada-with-screw-49553\\\/\",\"url\":\"https:\\\/\\\/www.purejewels.com\\\/product\\\/22ct-gold-blue-enamel-floral-kada-with-screw-49553\\\/\",\"name\":\"22ct Gold Blue Enamel Floral Kada with Screw | PureJewels UK\",\"isPartOf\":{\"@id\":\"https:\\\/\\\/www.purejewels.com\\\/#website\"},\"primaryImageOfPage\":{\"@id\":\"https:\\\/\\\/www.purejewels.com\\\/product\\\/22ct-gold-blue-enamel-floral-kada-with-screw-49553\\\/#primaryimage\"},\"image\":{\"@id\":\"https:\\\/\\\/www.purejewels.com\\\/product\\\/22ct-gold-blue-enamel-floral-kada-with-screw-49553\\\/#primaryimage\"},\"thumbnailUrl\":\"https:\\\/\\\/static.purejewels.com\\\/wp-content\\\/uploads\\\/2025\\\/08\\\/SKU-49553.jpg\",\"datePublished\":\"2025-07-31T06:53:47+00:00\",\"dateModified\":\"2026-04-29T15:12:18+00:00\",\"description\":\"22ct Gold Blue Enamel Floral Kada with screw clasp. Handcrafted, hallmarked, and richly adorned. Shop timeless artistry at PureJewels.\",\"breadcrumb\":{\"@id\":\"https:\\\/\\\/www.purejewels.com\\\/product\\\/22ct-gold-blue-enamel-floral-kada-with-screw-49553\\\/#breadcrumb\"},\"inLanguage\":\"tr\",\"potentialAction\":[{\"@type\":\"ReadAction\",\"target\":[\"https:\\\/\\\/www.purejewels.com\\\/product\\\/22ct-gold-blue-enamel-floral-kada-with-screw-49553\\\/\"]}]},{\"@type\":\"ImageObject\",\"inLanguage\":\"tr\",\"@id\":\"https:\\\/\\\/www.purejewels.com\\\/product\\\/22ct-gold-blue-enamel-floral-kada-with-screw-49553\\\/#primaryimage\",\"url\":\"https:\\\/\\\/static.purejewels.com\\\/wp-content\\\/uploads\\\/2025\\\/08\\\/SKU-49553.jpg\",\"contentUrl\":\"https:\\\/\\\/static.purejewels.com\\\/wp-content\\\/uploads\\\/2025\\\/08\\\/SKU-49553.jpg\",\"width\":1000,\"height\":1000,\"caption\":\"49553\"},{\"@type\":\"BreadcrumbList\",\"@id\":\"https:\\\/\\\/www.purejewels.com\\\/product\\\/22ct-gold-blue-enamel-floral-kada-with-screw-49553\\\/#breadcrumb\",\"itemListElement\":[{\"@type\":\"ListItem\",\"position\":1,\"name\":\"Home\",\"item\":\"https:\\\/\\\/www.purejewels.com\\\/\"},{\"@type\":\"ListItem\",\"position\":2,\"name\":\"Shop\",\"item\":\"https:\\\/\\\/www.purejewels.com\\\/shop\\\/\"},{\"@type\":\"ListItem\",\"position\":3,\"name\":\"22ct Gold Blue Enamel Floral Kada with Screw\"}]},{\"@type\":\"WebSite\",\"@id\":\"https:\\\/\\\/www.purejewels.com\\\/#website\",\"url\":\"https:\\\/\\\/www.purejewels.com\\\/\",\"name\":\"PureJewels UK\",\"description\":\"Share the Love\",\"publisher\":{\"@id\":\"https:\\\/\\\/www.purejewels.com\\\/#organization\"},\"potentialAction\":[{\"@type\":\"SearchAction\",\"target\":{\"@type\":\"EntryPoint\",\"urlTemplate\":\"https:\\\/\\\/www.purejewels.com\\\/?s={search_term_string}\"},\"query-input\":{\"@type\":\"PropertyValueSpecification\",\"valueRequired\":true,\"valueName\":\"search_term_string\"}}],\"inLanguage\":\"tr\"},{\"@type\":\"Organization\",\"@id\":\"https:\\\/\\\/www.purejewels.com\\\/#organization\",\"name\":\"PureJewels UK\",\"url\":\"https:\\\/\\\/www.purejewels.com\\\/\",\"logo\":{\"@type\":\"ImageObject\",\"inLanguage\":\"tr\",\"@id\":\"https:\\\/\\\/www.purejewels.com\\\/#\\\/schema\\\/logo\\\/image\\\/\",\"url\":\"https:\\\/\\\/static.purejewels.com\\\/wp-content\\\/uploads\\\/2020\\\/11\\\/Logo-PJ-New-1.png\",\"contentUrl\":\"https:\\\/\\\/static.purejewels.com\\\/wp-content\\\/uploads\\\/2020\\\/11\\\/Logo-PJ-New-1.png\",\"width\":150,\"height\":80,\"caption\":\"PureJewels UK\"},\"image\":{\"@id\":\"https:\\\/\\\/www.purejewels.com\\\/#\\\/schema\\\/logo\\\/image\\\/\"}}]}<\/script>\n<!-- \/ Yoast SEO plugin. -->","yoast_head_json":{"title":"22 Ayar Alt\u0131n Mavi Mineli Vidal\u0131 \u00c7i\u00e7ekli Kada | PureJewels UK","description":"22 Ayar Alt\u0131n Mavi Mineli \u00c7i\u00e7ekli Kada, vidal\u0131 toka ile. El yap\u0131m\u0131, damgal\u0131 ve zengin s\u00fcslemeli. PureJewels'te zamans\u0131z sanat eserleri sat\u0131n al\u0131n.","robots":{"index":"index","follow":"follow","max-snippet":"max-snippet:-1","max-image-preview":"max-image-preview:large","max-video-preview":"max-video-preview:-1"},"canonical":"https:\/\/www.purejewels.com\/tr\/urun\/22-ayar-altin-mavi-mine-cicekli-kada-vidali-49553\/","og_locale":"tr_TR","og_type":"article","og_title":"22ct Gold Blue Enamel Floral Kada with Screw | PureJewels UK","og_description":"22ct Gold Blue Enamel Floral Kada with screw clasp. Handcrafted, hallmarked, and richly adorned. Shop timeless artistry at PureJewels.","og_url":"https:\/\/www.purejewels.com\/tr\/urun\/22-ayar-altin-mavi-mine-cicekli-kada-vidali-49553\/","og_site_name":"PureJewels UK","article_modified_time":"2026-04-29T15:12:18+00:00","og_image":[{"width":1000,"height":1000,"url":"https:\/\/static.purejewels.com\/wp-content\/uploads\/2025\/08\/SKU-49553.jpg","type":"image\/jpeg"}],"twitter_card":"summary_large_image","twitter_misc":{"Tahmini okuma s\u00fcresi":"1 dakika"},"schema":{"@context":"https:\/\/schema.org","@graph":[{"@type":["WebPage","ItemPage"],"@id":"https:\/\/www.purejewels.com\/product\/22ct-gold-blue-enamel-floral-kada-with-screw-49553\/","url":"https:\/\/www.purejewels.com\/product\/22ct-gold-blue-enamel-floral-kada-with-screw-49553\/","name":"22 Ayar Alt\u0131n Mavi Mineli Vidal\u0131 \u00c7i\u00e7ekli Kada | PureJewels UK","isPartOf":{"@id":"https:\/\/www.purejewels.com\/#website"},"primaryImageOfPage":{"@id":"https:\/\/www.purejewels.com\/product\/22ct-gold-blue-enamel-floral-kada-with-screw-49553\/#primaryimage"},"image":{"@id":"https:\/\/www.purejewels.com\/product\/22ct-gold-blue-enamel-floral-kada-with-screw-49553\/#primaryimage"},"thumbnailUrl":"https:\/\/static.purejewels.com\/wp-content\/uploads\/2025\/08\/SKU-49553.jpg","datePublished":"2025-07-31T06:53:47+00:00","dateModified":"2026-04-29T15:12:18+00:00","description":"22 Ayar Alt\u0131n Mavi Mineli \u00c7i\u00e7ekli Kada, vidal\u0131 toka ile. El yap\u0131m\u0131, damgal\u0131 ve zengin s\u00fcslemeli. PureJewels'te zamans\u0131z sanat eserleri sat\u0131n al\u0131n.","breadcrumb":{"@id":"https:\/\/www.purejewels.com\/product\/22ct-gold-blue-enamel-floral-kada-with-screw-49553\/#breadcrumb"},"inLanguage":"tr","potentialAction":[{"@type":"ReadAction","target":["https:\/\/www.purejewels.com\/product\/22ct-gold-blue-enamel-floral-kada-with-screw-49553\/"]}]},{"@type":"ImageObject","inLanguage":"tr","@id":"https:\/\/www.purejewels.com\/product\/22ct-gold-blue-enamel-floral-kada-with-screw-49553\/#primaryimage","url":"https:\/\/static.purejewels.com\/wp-content\/uploads\/2025\/08\/SKU-49553.jpg","contentUrl":"https:\/\/static.purejewels.com\/wp-content\/uploads\/2025\/08\/SKU-49553.jpg","width":1000,"height":1000,"caption":"49553"},{"@type":"BreadcrumbList","@id":"https:\/\/www.purejewels.com\/product\/22ct-gold-blue-enamel-floral-kada-with-screw-49553\/#breadcrumb","itemListElement":[{"@type":"ListItem","position":1,"name":"Home","item":"https:\/\/www.purejewels.com\/"},{"@type":"ListItem","position":2,"name":"Shop","item":"https:\/\/www.purejewels.com\/shop\/"},{"@type":"ListItem","position":3,"name":"22ct Gold Blue Enamel Floral Kada with Screw"}]},{"@type":"WebSite","@id":"https:\/\/www.purejewels.com\/#website","url":"https:\/\/www.purejewels.com\/","name":"PureJewels \u0130ngiltere","description":"Sevgiyi Payla\u015f\u0131n","publisher":{"@id":"https:\/\/www.purejewels.com\/#organization"},"potentialAction":[{"@type":"SearchAction","target":{"@type":"EntryPoint","urlTemplate":"https:\/\/www.purejewels.com\/?s={search_term_string}"},"query-input":{"@type":"PropertyValueSpecification","valueRequired":true,"valueName":"search_term_string"}}],"inLanguage":"tr"},{"@type":"Organization","@id":"https:\/\/www.purejewels.com\/#organization","name":"PureJewels \u0130ngiltere","url":"https:\/\/www.purejewels.com\/","logo":{"@type":"ImageObject","inLanguage":"tr","@id":"https:\/\/www.purejewels.com\/#\/schema\/logo\/image\/","url":"https:\/\/static.purejewels.com\/wp-content\/uploads\/2020\/11\/Logo-PJ-New-1.png","contentUrl":"https:\/\/static.purejewels.com\/wp-content\/uploads\/2020\/11\/Logo-PJ-New-1.png","width":150,"height":80,"caption":"PureJewels UK"},"image":{"@id":"https:\/\/www.purejewels.com\/#\/schema\/logo\/image\/"}}]}},"_links":{"self":[{"href":"https:\/\/www.purejewels.com\/tr\/wp-json\/wp\/v2\/product\/408949","targetHints":{"allow":["GET"]}}],"collection":[{"href":"https:\/\/www.purejewels.com\/tr\/wp-json\/wp\/v2\/product"}],"about":[{"href":"https:\/\/www.purejewels.com\/tr\/wp-json\/wp\/v2\/types\/product"}],"replies":[{"embeddable":true,"href":"https:\/\/www.purejewels.com\/tr\/wp-json\/wp\/v2\/comments?post=408949"}],"version-history":[{"count":2,"href":"https:\/\/www.purejewels.com\/tr\/wp-json\/wp\/v2\/product\/408949\/revisions"}],"predecessor-version":[{"id":408977,"href":"https:\/\/www.purejewels.com\/tr\/wp-json\/wp\/v2\/product\/408949\/revisions\/408977"}],"wp:featuredmedia":[{"embeddable":true,"href":"https:\/\/www.purejewels.com\/tr\/wp-json\/wp\/v2\/media\/408953"}],"wp:attachment":[{"href":"https:\/\/www.purejewels.com\/tr\/wp-json\/wp\/v2\/media?parent=408949"}],"wp:term":[{"taxonomy":"product_brand","embeddable":true,"href":"https:\/\/www.purejewels.com\/tr\/wp-json\/wp\/v2\/product_brand?post=408949"},{"taxonomy":"product_cat","embeddable":true,"href":"https:\/\/www.purejewels.com\/tr\/wp-json\/wp\/v2\/product_cat?post=408949"},{"taxonomy":"product_tag","embeddable":true,"href":"https:\/\/www.purejewels.com\/tr\/wp-json\/wp\/v2\/product_tag?post=408949"}],"curies":[{"name":"wp","href":"https:\/\/api.w.org\/{rel}","templated":true}]}}