{"id":408956,"date":"2025-12-09T08:16:15","date_gmt":"2025-12-09T08:16:15","guid":{"rendered":"https:\/\/www.purejewels.com\/?post_type=product&#038;p=408956"},"modified":"2026-03-16T10:56:53","modified_gmt":"2026-03-16T10:56:53","slug":"22-ayar-altin-dokulu-blok-desen-bileklik-47832","status":"publish","type":"product","link":"https:\/\/www.purejewels.com\/tr\/product\/22ct-gold-textured-block-pattern-bangle-47832\/","title":{"rendered":"22 Ayar Alt\u0131n Dokulu Blok Desenli Bileklik"},"content":{"rendered":"<p>Bu <strong data-start=\"561\" data-end=\"604\">22 Ayar Alt\u0131n Dokulu Blok Desenli Bileklik<\/strong> zamans\u0131z i\u015f\u00e7ili\u011fi ince g\u00f6rsel ilgi ile birle\u015ftiren rafine bir g\u00fcnl\u00fck giyim vazge\u00e7ilmezidir. Tasar\u0131m, bilek \u00e7evresinde yumu\u015fak bir \u0131\u015f\u0131k ritmi ve detay yaratan, d\u00f6n\u00fc\u015f\u00fcml\u00fc y\u00fcksek cilal\u0131 ve dokulu alt\u0131n segmentlere sahiptir.<\/p>\n<p>22 Ayar Alt\u0131n Dokulu Blok Desenli Bileklik, ince detayl\u0131 dokulu panellerle vurgulanm\u0131\u015f \u015f\u0131k bir siluete sahiptir. Sade hatlar\u0131 ve \u0131\u015f\u0131lt\u0131l\u0131 y\u00fczeyiyle bayram gard\u0131robunuza \u00e7ok y\u00f6nl\u00fc bir katk\u0131 sa\u011flar. Bayram bileklikleri aras\u0131nda zarif bir se\u00e7im olan bu bileklik, kutlama g\u00f6r\u00fcn\u00fcm\u00fcn\u00fcz\u00fc abart\u0131s\u0131z bir l\u00fcksle y\u00fckseltmek i\u00e7in m\u00fckemmeldir.<\/p>\n<ul>\n<li data-start=\"1183\" data-end=\"1214\">\n<p data-start=\"1185\" data-end=\"1214\"><strong data-start=\"1185\" data-end=\"1195\">Metal:<\/strong> 22 Ayar Sar\u0131 Alt\u0131n<\/p>\n<\/li>\n<li data-start=\"1215\" data-end=\"1267\">\n<p data-start=\"1217\" data-end=\"1267\"><strong data-start=\"1217\" data-end=\"1228\">Tasar\u0131m:<\/strong> Dokulu ve cilal\u0131 blok segmentleri<\/p>\n<\/li>\n<li data-start=\"1268\" data-end=\"1323\">\n<p data-start=\"1270\" data-end=\"1323\"><strong data-start=\"1270\" data-end=\"1281\">Bitir:<\/strong> Y\u00fcksek cila ile mat doku kontrast\u0131<\/p>\n<\/li>\n<li data-start=\"1359\" data-end=\"1401\">\n<p data-start=\"1361\" data-end=\"1401\"><strong data-start=\"1361\" data-end=\"1370\">Boyut:<\/strong> 2.6 (\u0130\u00e7 \u00e7ap ~60.2mm)<\/p>\n<\/li>\n<li data-start=\"1402\" data-end=\"1441\">\n<p data-start=\"1404\" data-end=\"1441\"><strong data-start=\"1404\" data-end=\"1417\">Kategori:<\/strong> G\u00fcnl\u00fck Giyim \/ \u0130stiflenebilir<\/p>\n<\/li>\n<li data-start=\"1486\" data-end=\"1554\">\n<p data-start=\"1488\" data-end=\"1554\"><strong data-start=\"1488\" data-end=\"1502\">Paketleme:<\/strong> PureJewels imzal\u0131 sunum kutusunda teslim edilir<\/p>\n<\/li>\n<\/ul>","protected":false},"excerpt":{"rendered":"<p data-start=\"291\" data-end=\"500\">G\u00fcnl\u00fck \u015f\u0131kl\u0131k veya de\u011ferli bir hediye i\u00e7in tasarlanm\u0131\u015f, zengin 22 ayar alt\u0131ndan \u00fcretilmi\u015f zamans\u0131z bir bileklik. Bu sa\u011flam, p\u00fcr\u00fczs\u00fcz y\u00fczeyli bileklik PureJewels'in miras i\u015f\u00e7ili\u011fine ve kal\u0131c\u0131 g\u00fczelli\u011fe olan ba\u011fl\u0131l\u0131\u011f\u0131n\u0131 yans\u0131t\u0131r.<\/p>\n<ul>\n<li><strong>Malzeme:<\/strong> 22 Ayar Alt\u0131n<\/li>\n<li><strong>Hallmark:\u00a0<\/strong>\u0130ngiliz Damgas\u0131<\/li>\n<li><strong>Br\u00fct A\u011f\u0131rl\u0131k: <\/strong>11.50 Gms<\/li>\n<li><strong>Bileklik Boyutu: <\/strong>2.6 (Ek boyutlar i\u00e7in sorunuz)<\/li>\n<li><strong>SKU: <\/strong>47832, 47831<\/li>\n<\/ul>\n<p><strong><br \/>\nFiyat ve Teslimat:\u00a0<\/strong>KDV ve teslimat \u00fccretleri dahil<br \/>\n<strong><a href=\"https:\/\/www.purejewels.com\/tr\/i%cc%87ade-poli%cc%87ti%cc%87kasi\/\">\u0130ade Politikas\u0131<\/a><\/strong><\/p>","protected":false},"featured_media":408963,"comment_status":"closed","ping_status":"closed","template":"","meta":{"_eb_attr":"","_crsspst_to_jayantr4sg-hostcom":true},"product_brand":[],"product_cat":[6179,5270,1233,1229,1657,1573,1574,5349],"product_tag":[],"class_list":{"0":"post-408956","1":"product","2":"type-product","3":"status-publish","4":"has-post-thumbnail","6":"product_cat-1-tola-gold-jewellery","7":"product_cat-daily-wear-bangles","8":"product_cat-gold-bangles","9":"product_cat-22ct-gold-jewellery","10":"product_cat-single-bangle","11":"product_cat-wedding-gifts","12":"product_cat-womens-jewellery","13":"product_cat-yellow-gold-jewellery","15":"first","16":"instock","17":"taxable","18":"shipping-taxable","19":"purchasable","20":"product-type-simple","21":"add-to-wishlist-before_image"},"yoast_head":"<!-- This site is optimized with the Yoast SEO plugin v27.6 - https:\/\/yoast.com\/product\/yoast-seo-wordpress\/ -->\n<title>22ct Gold Textured Pattern Bangle \u2013 Dailywear | PureJewels UK<\/title>\n<meta name=\"description\" content=\"Elegant and wearable: this 22ct Gold Block Pattern Bangle (11.5g, Size 2.6) is perfect for everyday elegance. Hallmarked and handcrafted by PureJewels.\" \/>\n<meta name=\"robots\" content=\"index, follow, max-snippet:-1, max-image-preview:large, max-video-preview:-1\" \/>\n<link rel=\"canonical\" href=\"https:\/\/www.purejewels.com\/tr\/urun\/22-ayar-altin-dokulu-blok-desen-bileklik-47832\/\" \/>\n<meta property=\"og:locale\" content=\"tr_TR\" \/>\n<meta property=\"og:type\" content=\"article\" \/>\n<meta property=\"og:title\" content=\"22ct Gold Textured Pattern Bangle \u2013 Dailywear | PureJewels UK\" \/>\n<meta property=\"og:description\" content=\"Elegant and wearable: this 22ct Gold Block Pattern Bangle (11.5g, Size 2.6) is perfect for everyday elegance. Hallmarked and handcrafted by PureJewels.\" \/>\n<meta property=\"og:url\" content=\"https:\/\/www.purejewels.com\/tr\/urun\/22-ayar-altin-dokulu-blok-desen-bileklik-47832\/\" \/>\n<meta property=\"og:site_name\" content=\"PureJewels UK\" \/>\n<meta property=\"article:modified_time\" content=\"2026-03-16T10:56:53+00:00\" \/>\n<meta property=\"og:image\" content=\"https:\/\/static.purejewels.com\/wp-content\/uploads\/2025\/08\/SKU-47832.jpg\" \/>\n\t<meta property=\"og:image:width\" content=\"1000\" \/>\n\t<meta property=\"og:image:height\" content=\"1000\" \/>\n\t<meta property=\"og:image:type\" content=\"image\/jpeg\" \/>\n<meta name=\"twitter:card\" content=\"summary_large_image\" \/>\n<meta name=\"twitter:label1\" content=\"Tahmini okuma s\u00fcresi\" \/>\n\t<meta name=\"twitter:data1\" content=\"1 dakika\" \/>\n<script type=\"application\/ld+json\" class=\"yoast-schema-graph\">{\"@context\":\"https:\\\/\\\/schema.org\",\"@graph\":[{\"@type\":[\"WebPage\",\"ItemPage\"],\"@id\":\"https:\\\/\\\/www.purejewels.com\\\/product\\\/22ct-gold-textured-block-pattern-bangle-47832\\\/\",\"url\":\"https:\\\/\\\/www.purejewels.com\\\/product\\\/22ct-gold-textured-block-pattern-bangle-47832\\\/\",\"name\":\"22ct Gold Textured Pattern Bangle \u2013 Dailywear | PureJewels UK\",\"isPartOf\":{\"@id\":\"https:\\\/\\\/www.purejewels.com\\\/#website\"},\"primaryImageOfPage\":{\"@id\":\"https:\\\/\\\/www.purejewels.com\\\/product\\\/22ct-gold-textured-block-pattern-bangle-47832\\\/#primaryimage\"},\"image\":{\"@id\":\"https:\\\/\\\/www.purejewels.com\\\/product\\\/22ct-gold-textured-block-pattern-bangle-47832\\\/#primaryimage\"},\"thumbnailUrl\":\"https:\\\/\\\/static.purejewels.com\\\/wp-content\\\/uploads\\\/2025\\\/08\\\/SKU-47832.jpg\",\"datePublished\":\"2025-12-09T08:16:15+00:00\",\"dateModified\":\"2026-03-16T10:56:53+00:00\",\"description\":\"Elegant and wearable: this 22ct Gold Block Pattern Bangle (11.5g, Size 2.6) is perfect for everyday elegance. Hallmarked and handcrafted by PureJewels.\",\"breadcrumb\":{\"@id\":\"https:\\\/\\\/www.purejewels.com\\\/product\\\/22ct-gold-textured-block-pattern-bangle-47832\\\/#breadcrumb\"},\"inLanguage\":\"tr\",\"potentialAction\":[{\"@type\":\"ReadAction\",\"target\":[\"https:\\\/\\\/www.purejewels.com\\\/product\\\/22ct-gold-textured-block-pattern-bangle-47832\\\/\"]}]},{\"@type\":\"ImageObject\",\"inLanguage\":\"tr\",\"@id\":\"https:\\\/\\\/www.purejewels.com\\\/product\\\/22ct-gold-textured-block-pattern-bangle-47832\\\/#primaryimage\",\"url\":\"https:\\\/\\\/static.purejewels.com\\\/wp-content\\\/uploads\\\/2025\\\/08\\\/SKU-47832.jpg\",\"contentUrl\":\"https:\\\/\\\/static.purejewels.com\\\/wp-content\\\/uploads\\\/2025\\\/08\\\/SKU-47832.jpg\",\"width\":1000,\"height\":1000,\"caption\":\"47832\"},{\"@type\":\"BreadcrumbList\",\"@id\":\"https:\\\/\\\/www.purejewels.com\\\/product\\\/22ct-gold-textured-block-pattern-bangle-47832\\\/#breadcrumb\",\"itemListElement\":[{\"@type\":\"ListItem\",\"position\":1,\"name\":\"Home\",\"item\":\"https:\\\/\\\/www.purejewels.com\\\/\"},{\"@type\":\"ListItem\",\"position\":2,\"name\":\"Shop\",\"item\":\"https:\\\/\\\/www.purejewels.com\\\/shop\\\/\"},{\"@type\":\"ListItem\",\"position\":3,\"name\":\"22ct Gold Textured Block Pattern Bangle\"}]},{\"@type\":\"WebSite\",\"@id\":\"https:\\\/\\\/www.purejewels.com\\\/#website\",\"url\":\"https:\\\/\\\/www.purejewels.com\\\/\",\"name\":\"PureJewels UK\",\"description\":\"Share the Love\",\"publisher\":{\"@id\":\"https:\\\/\\\/www.purejewels.com\\\/#organization\"},\"potentialAction\":[{\"@type\":\"SearchAction\",\"target\":{\"@type\":\"EntryPoint\",\"urlTemplate\":\"https:\\\/\\\/www.purejewels.com\\\/?s={search_term_string}\"},\"query-input\":{\"@type\":\"PropertyValueSpecification\",\"valueRequired\":true,\"valueName\":\"search_term_string\"}}],\"inLanguage\":\"tr\"},{\"@type\":\"Organization\",\"@id\":\"https:\\\/\\\/www.purejewels.com\\\/#organization\",\"name\":\"PureJewels UK\",\"url\":\"https:\\\/\\\/www.purejewels.com\\\/\",\"logo\":{\"@type\":\"ImageObject\",\"inLanguage\":\"tr\",\"@id\":\"https:\\\/\\\/www.purejewels.com\\\/#\\\/schema\\\/logo\\\/image\\\/\",\"url\":\"https:\\\/\\\/static.purejewels.com\\\/wp-content\\\/uploads\\\/2020\\\/11\\\/Logo-PJ-New-1.png\",\"contentUrl\":\"https:\\\/\\\/static.purejewels.com\\\/wp-content\\\/uploads\\\/2020\\\/11\\\/Logo-PJ-New-1.png\",\"width\":150,\"height\":80,\"caption\":\"PureJewels UK\"},\"image\":{\"@id\":\"https:\\\/\\\/www.purejewels.com\\\/#\\\/schema\\\/logo\\\/image\\\/\"}}]}<\/script>\n<!-- \/ Yoast SEO plugin. -->","yoast_head_json":{"title":"22 Ayar Alt\u0131n Dokulu Desenli Bileklik - Dailywear | PureJewels UK","description":"Zarif ve giyilebilir: Bu 22 Ayar Alt\u0131n Blok Desenli Bileklik (11,5 g, 2,6 Beden) g\u00fcnl\u00fck \u015f\u0131kl\u0131k i\u00e7in m\u00fckemmeldir. PureJewels taraf\u0131ndan damgalanm\u0131\u015f ve el yap\u0131m\u0131d\u0131r.","robots":{"index":"index","follow":"follow","max-snippet":"max-snippet:-1","max-image-preview":"max-image-preview:large","max-video-preview":"max-video-preview:-1"},"canonical":"https:\/\/www.purejewels.com\/tr\/urun\/22-ayar-altin-dokulu-blok-desen-bileklik-47832\/","og_locale":"tr_TR","og_type":"article","og_title":"22ct Gold Textured Pattern Bangle \u2013 Dailywear | PureJewels UK","og_description":"Elegant and wearable: this 22ct Gold Block Pattern Bangle (11.5g, Size 2.6) is perfect for everyday elegance. Hallmarked and handcrafted by PureJewels.","og_url":"https:\/\/www.purejewels.com\/tr\/urun\/22-ayar-altin-dokulu-blok-desen-bileklik-47832\/","og_site_name":"PureJewels UK","article_modified_time":"2026-03-16T10:56:53+00:00","og_image":[{"width":1000,"height":1000,"url":"https:\/\/static.purejewels.com\/wp-content\/uploads\/2025\/08\/SKU-47832.jpg","type":"image\/jpeg"}],"twitter_card":"summary_large_image","twitter_misc":{"Tahmini okuma s\u00fcresi":"1 dakika"},"schema":{"@context":"https:\/\/schema.org","@graph":[{"@type":["WebPage","ItemPage"],"@id":"https:\/\/www.purejewels.com\/product\/22ct-gold-textured-block-pattern-bangle-47832\/","url":"https:\/\/www.purejewels.com\/product\/22ct-gold-textured-block-pattern-bangle-47832\/","name":"22 Ayar Alt\u0131n Dokulu Desenli Bileklik - Dailywear | PureJewels UK","isPartOf":{"@id":"https:\/\/www.purejewels.com\/#website"},"primaryImageOfPage":{"@id":"https:\/\/www.purejewels.com\/product\/22ct-gold-textured-block-pattern-bangle-47832\/#primaryimage"},"image":{"@id":"https:\/\/www.purejewels.com\/product\/22ct-gold-textured-block-pattern-bangle-47832\/#primaryimage"},"thumbnailUrl":"https:\/\/static.purejewels.com\/wp-content\/uploads\/2025\/08\/SKU-47832.jpg","datePublished":"2025-12-09T08:16:15+00:00","dateModified":"2026-03-16T10:56:53+00:00","description":"Zarif ve giyilebilir: Bu 22 Ayar Alt\u0131n Blok Desenli Bileklik (11,5 g, 2,6 Beden) g\u00fcnl\u00fck \u015f\u0131kl\u0131k i\u00e7in m\u00fckemmeldir. PureJewels taraf\u0131ndan damgalanm\u0131\u015f ve el yap\u0131m\u0131d\u0131r.","breadcrumb":{"@id":"https:\/\/www.purejewels.com\/product\/22ct-gold-textured-block-pattern-bangle-47832\/#breadcrumb"},"inLanguage":"tr","potentialAction":[{"@type":"ReadAction","target":["https:\/\/www.purejewels.com\/product\/22ct-gold-textured-block-pattern-bangle-47832\/"]}]},{"@type":"ImageObject","inLanguage":"tr","@id":"https:\/\/www.purejewels.com\/product\/22ct-gold-textured-block-pattern-bangle-47832\/#primaryimage","url":"https:\/\/static.purejewels.com\/wp-content\/uploads\/2025\/08\/SKU-47832.jpg","contentUrl":"https:\/\/static.purejewels.com\/wp-content\/uploads\/2025\/08\/SKU-47832.jpg","width":1000,"height":1000,"caption":"47832"},{"@type":"BreadcrumbList","@id":"https:\/\/www.purejewels.com\/product\/22ct-gold-textured-block-pattern-bangle-47832\/#breadcrumb","itemListElement":[{"@type":"ListItem","position":1,"name":"Home","item":"https:\/\/www.purejewels.com\/"},{"@type":"ListItem","position":2,"name":"Shop","item":"https:\/\/www.purejewels.com\/shop\/"},{"@type":"ListItem","position":3,"name":"22ct Gold Textured Block Pattern Bangle"}]},{"@type":"WebSite","@id":"https:\/\/www.purejewels.com\/#website","url":"https:\/\/www.purejewels.com\/","name":"PureJewels \u0130ngiltere","description":"Sevgiyi Payla\u015f\u0131n","publisher":{"@id":"https:\/\/www.purejewels.com\/#organization"},"potentialAction":[{"@type":"SearchAction","target":{"@type":"EntryPoint","urlTemplate":"https:\/\/www.purejewels.com\/?s={search_term_string}"},"query-input":{"@type":"PropertyValueSpecification","valueRequired":true,"valueName":"search_term_string"}}],"inLanguage":"tr"},{"@type":"Organization","@id":"https:\/\/www.purejewels.com\/#organization","name":"PureJewels \u0130ngiltere","url":"https:\/\/www.purejewels.com\/","logo":{"@type":"ImageObject","inLanguage":"tr","@id":"https:\/\/www.purejewels.com\/#\/schema\/logo\/image\/","url":"https:\/\/static.purejewels.com\/wp-content\/uploads\/2020\/11\/Logo-PJ-New-1.png","contentUrl":"https:\/\/static.purejewels.com\/wp-content\/uploads\/2020\/11\/Logo-PJ-New-1.png","width":150,"height":80,"caption":"PureJewels UK"},"image":{"@id":"https:\/\/www.purejewels.com\/#\/schema\/logo\/image\/"}}]}},"_links":{"self":[{"href":"https:\/\/www.purejewels.com\/tr\/wp-json\/wp\/v2\/product\/408956","targetHints":{"allow":["GET"]}}],"collection":[{"href":"https:\/\/www.purejewels.com\/tr\/wp-json\/wp\/v2\/product"}],"about":[{"href":"https:\/\/www.purejewels.com\/tr\/wp-json\/wp\/v2\/types\/product"}],"replies":[{"embeddable":true,"href":"https:\/\/www.purejewels.com\/tr\/wp-json\/wp\/v2\/comments?post=408956"}],"version-history":[{"count":3,"href":"https:\/\/www.purejewels.com\/tr\/wp-json\/wp\/v2\/product\/408956\/revisions"}],"predecessor-version":[{"id":426330,"href":"https:\/\/www.purejewels.com\/tr\/wp-json\/wp\/v2\/product\/408956\/revisions\/426330"}],"wp:featuredmedia":[{"embeddable":true,"href":"https:\/\/www.purejewels.com\/tr\/wp-json\/wp\/v2\/media\/408963"}],"wp:attachment":[{"href":"https:\/\/www.purejewels.com\/tr\/wp-json\/wp\/v2\/media?parent=408956"}],"wp:term":[{"taxonomy":"product_brand","embeddable":true,"href":"https:\/\/www.purejewels.com\/tr\/wp-json\/wp\/v2\/product_brand?post=408956"},{"taxonomy":"product_cat","embeddable":true,"href":"https:\/\/www.purejewels.com\/tr\/wp-json\/wp\/v2\/product_cat?post=408956"},{"taxonomy":"product_tag","embeddable":true,"href":"https:\/\/www.purejewels.com\/tr\/wp-json\/wp\/v2\/product_tag?post=408956"}],"curies":[{"name":"wp","href":"https:\/\/api.w.org\/{rel}","templated":true}]}}