{"id":408993,"date":"2025-07-02T11:17:47","date_gmt":"2025-07-02T10:17:47","guid":{"rendered":"https:\/\/www.purejewels.com\/?post_type=product&#038;p=408993"},"modified":"2026-01-29T09:15:08","modified_gmt":"2026-01-29T09:15:08","slug":"22-ayar-altindan-n-harfli-kolye-ucu-48442","status":"publish","type":"product","link":"https:\/\/www.purejewels.com\/tr\/product\/n-initial-pendant-in-22ct-gold-48442\/","title":{"rendered":"22 Ayar Alt\u0131n N Harfli Kolye Ucu"},"content":{"rendered":"<p>22 ayar alt\u0131ndan N harfli kolye ucu, ki\u015fisel miras\u0131 onurland\u0131rmak amac\u0131yla tasarlanm\u0131\u015f zarif bir kimlik ifadesidir. \u0130ster kendi ad\u0131n\u0131z, ister sevdi\u011finiz birinin ba\u015f harfi ya da de\u011ferli bir an\u0131y\u0131 i\u015faretlemek i\u00e7in se\u00e7in, bu kolye ucu ba\u011flant\u0131 ve anlam\u0131n giyilebilir bir sembol\u00fcd\u00fcr.<\/p>\n<p>Damgal\u0131 22 ayar alt\u0131ndan titizlikle i\u015flenen \"N\" harfi, PureJewels'in k\u00f6kleri mirasa dayanan ancak modern zarafetle yeniden tasarlanan tasar\u0131m dilini yans\u0131tan ak\u0131c\u0131 \u00e7izgiler ve zarif k\u0131vr\u0131mlarla \u015fekillendirilmi\u015ftir. Her vuru\u015f yumu\u015fak bir par\u0131lt\u0131yla parlat\u0131larak s\u0131cakl\u0131k ve sofistikeli\u011fi \u00e7a\u011fr\u0131\u015ft\u0131r\u0131r.<\/p>","protected":false},"excerpt":{"rendered":"<p>Zengin 22 ayar alt\u0131ndan \u00fcretilen N Ba\u015f Harfli Kolye, bireyselli\u011fin zarif bir kutlamas\u0131d\u0131r. Kalbinize yak\u0131n bir yere tak\u0131lmak \u00fczere tasarlanan bu kolye, zamans\u0131z zarafetin anlaml\u0131 bir hat\u0131ras\u0131d\u0131r.<\/p>\n<p><strong>Malzeme:<\/strong>\u00a022 Ayar Alt\u0131n<strong><br \/>\nHallmark:\u00a0<\/strong>\u0130ngiliz Damgas\u0131<strong><br \/>\n<\/strong><strong>Br\u00fct A\u011f\u0131rl\u0131k: <\/strong>0.90 Gms<br \/>\n<strong>SKU: <\/strong>48442<\/p>\n<p><strong>Fiyat ve Teslimat<\/strong>: KDV ve teslimat \u00fccretleri dahil<br \/>\n<strong>Not<\/strong>: Zincir dahil de\u011fildir<\/p>\n<p><a href=\"https:\/\/www.purejewels.com\/tr\/i%cc%87ade-poli%cc%87ti%cc%87kasi\/\">\u0130ade Politikas\u0131<\/a><\/p>","protected":false},"featured_media":409019,"comment_status":"closed","ping_status":"closed","template":"","meta":{"_eb_attr":"","_crsspst_to_jayantr4sg-hostcom":true},"product_brand":[],"product_cat":[1791,1793,1792,1229,1255,6122,5598,5342,1767,1768,6051,6120,1569,1573,1574,5349],"product_tag":[],"class_list":{"0":"post-408993","1":"product","2":"type-product","3":"status-publish","4":"has-post-thumbnail","6":"product_cat-anniversary-gifts","7":"product_cat-diwali-gifts","8":"product_cat-festival-gifts","9":"product_cat-22ct-gold-jewellery","10":"product_cat-gold-pendants","11":"product_cat-initial","12":"product_cat-initial-pendant","13":"product_cat-jewellery-under-250","14":"product_cat-ladies-pendants","15":"product_cat-mens-pendants","16":"product_cat-personalised-pendant","17":"product_cat-shop-by-style","18":"product_cat-valentine-day-gifts","19":"product_cat-wedding-gifts","20":"product_cat-womens-jewellery","21":"product_cat-yellow-gold-jewellery","23":"first","24":"instock","25":"taxable","26":"shipping-taxable","27":"purchasable","28":"product-type-simple","29":"add-to-wishlist-before_image"},"yoast_head":"<!-- This site is optimized with the Yoast SEO plugin v27.5 - https:\/\/yoast.com\/product\/yoast-seo-wordpress\/ -->\n<title>N Initial Pendant in 22ct Gold | PureJewels London<\/title>\n<meta name=\"description\" content=\"Celebrate your name or a loved one with our N Initial Pendant, handcrafted in radiant 22ct gold. A timeless expression of identity and artistry by PureJewels.\" \/>\n<meta name=\"robots\" content=\"index, follow, max-snippet:-1, max-image-preview:large, max-video-preview:-1\" \/>\n<link rel=\"canonical\" href=\"https:\/\/www.purejewels.com\/tr\/urun\/22-ayar-altindan-n-harfli-kolye-ucu-48442\/\" \/>\n<meta property=\"og:locale\" content=\"tr_TR\" \/>\n<meta property=\"og:type\" content=\"article\" \/>\n<meta property=\"og:title\" content=\"N Initial Pendant in 22ct Gold | PureJewels London\" \/>\n<meta property=\"og:description\" content=\"Celebrate your name or a loved one with our N Initial Pendant, handcrafted in radiant 22ct gold. A timeless expression of identity and artistry by PureJewels.\" \/>\n<meta property=\"og:url\" content=\"https:\/\/www.purejewels.com\/tr\/urun\/22-ayar-altindan-n-harfli-kolye-ucu-48442\/\" \/>\n<meta property=\"og:site_name\" content=\"PureJewels UK\" \/>\n<meta property=\"article:modified_time\" content=\"2026-01-29T09:15:08+00:00\" \/>\n<meta property=\"og:image\" content=\"https:\/\/static.purejewels.com\/wp-content\/uploads\/2025\/08\/SKU-48442.jpg\" \/>\n\t<meta property=\"og:image:width\" content=\"1000\" \/>\n\t<meta property=\"og:image:height\" content=\"1000\" \/>\n\t<meta property=\"og:image:type\" content=\"image\/jpeg\" \/>\n<meta name=\"twitter:card\" content=\"summary_large_image\" \/>\n<meta name=\"twitter:label1\" content=\"Tahmini okuma s\u00fcresi\" \/>\n\t<meta name=\"twitter:data1\" content=\"1 dakika\" \/>\n<script type=\"application\/ld+json\" class=\"yoast-schema-graph\">{\"@context\":\"https:\\\/\\\/schema.org\",\"@graph\":[{\"@type\":[\"WebPage\",\"ItemPage\"],\"@id\":\"https:\\\/\\\/www.purejewels.com\\\/product\\\/n-initial-pendant-in-22ct-gold-48442\\\/\",\"url\":\"https:\\\/\\\/www.purejewels.com\\\/product\\\/n-initial-pendant-in-22ct-gold-48442\\\/\",\"name\":\"N Initial Pendant in 22ct Gold | PureJewels London\",\"isPartOf\":{\"@id\":\"https:\\\/\\\/www.purejewels.com\\\/#website\"},\"primaryImageOfPage\":{\"@id\":\"https:\\\/\\\/www.purejewels.com\\\/product\\\/n-initial-pendant-in-22ct-gold-48442\\\/#primaryimage\"},\"image\":{\"@id\":\"https:\\\/\\\/www.purejewels.com\\\/product\\\/n-initial-pendant-in-22ct-gold-48442\\\/#primaryimage\"},\"thumbnailUrl\":\"https:\\\/\\\/static.purejewels.com\\\/wp-content\\\/uploads\\\/2025\\\/08\\\/SKU-48442.jpg\",\"datePublished\":\"2025-07-02T10:17:47+00:00\",\"dateModified\":\"2026-01-29T09:15:08+00:00\",\"description\":\"Celebrate your name or a loved one with our N Initial Pendant, handcrafted in radiant 22ct gold. A timeless expression of identity and artistry by PureJewels.\",\"breadcrumb\":{\"@id\":\"https:\\\/\\\/www.purejewels.com\\\/product\\\/n-initial-pendant-in-22ct-gold-48442\\\/#breadcrumb\"},\"inLanguage\":\"tr\",\"potentialAction\":[{\"@type\":\"ReadAction\",\"target\":[\"https:\\\/\\\/www.purejewels.com\\\/product\\\/n-initial-pendant-in-22ct-gold-48442\\\/\"]}]},{\"@type\":\"ImageObject\",\"inLanguage\":\"tr\",\"@id\":\"https:\\\/\\\/www.purejewels.com\\\/product\\\/n-initial-pendant-in-22ct-gold-48442\\\/#primaryimage\",\"url\":\"https:\\\/\\\/static.purejewels.com\\\/wp-content\\\/uploads\\\/2025\\\/08\\\/SKU-48442.jpg\",\"contentUrl\":\"https:\\\/\\\/static.purejewels.com\\\/wp-content\\\/uploads\\\/2025\\\/08\\\/SKU-48442.jpg\",\"width\":1000,\"height\":1000,\"caption\":\"Stacked from 6 images. Method=B (R=8,S=4)\"},{\"@type\":\"BreadcrumbList\",\"@id\":\"https:\\\/\\\/www.purejewels.com\\\/product\\\/n-initial-pendant-in-22ct-gold-48442\\\/#breadcrumb\",\"itemListElement\":[{\"@type\":\"ListItem\",\"position\":1,\"name\":\"Home\",\"item\":\"https:\\\/\\\/www.purejewels.com\\\/\"},{\"@type\":\"ListItem\",\"position\":2,\"name\":\"Shop\",\"item\":\"https:\\\/\\\/www.purejewels.com\\\/shop\\\/\"},{\"@type\":\"ListItem\",\"position\":3,\"name\":\"N Initial Pendant in 22ct Gold\"}]},{\"@type\":\"WebSite\",\"@id\":\"https:\\\/\\\/www.purejewels.com\\\/#website\",\"url\":\"https:\\\/\\\/www.purejewels.com\\\/\",\"name\":\"PureJewels UK\",\"description\":\"Share the Love\",\"publisher\":{\"@id\":\"https:\\\/\\\/www.purejewels.com\\\/#organization\"},\"potentialAction\":[{\"@type\":\"SearchAction\",\"target\":{\"@type\":\"EntryPoint\",\"urlTemplate\":\"https:\\\/\\\/www.purejewels.com\\\/?s={search_term_string}\"},\"query-input\":{\"@type\":\"PropertyValueSpecification\",\"valueRequired\":true,\"valueName\":\"search_term_string\"}}],\"inLanguage\":\"tr\"},{\"@type\":\"Organization\",\"@id\":\"https:\\\/\\\/www.purejewels.com\\\/#organization\",\"name\":\"PureJewels UK\",\"url\":\"https:\\\/\\\/www.purejewels.com\\\/\",\"logo\":{\"@type\":\"ImageObject\",\"inLanguage\":\"tr\",\"@id\":\"https:\\\/\\\/www.purejewels.com\\\/#\\\/schema\\\/logo\\\/image\\\/\",\"url\":\"https:\\\/\\\/static.purejewels.com\\\/wp-content\\\/uploads\\\/2020\\\/11\\\/Logo-PJ-New-1.png\",\"contentUrl\":\"https:\\\/\\\/static.purejewels.com\\\/wp-content\\\/uploads\\\/2020\\\/11\\\/Logo-PJ-New-1.png\",\"width\":150,\"height\":80,\"caption\":\"PureJewels UK\"},\"image\":{\"@id\":\"https:\\\/\\\/www.purejewels.com\\\/#\\\/schema\\\/logo\\\/image\\\/\"}}]}<\/script>\n<!-- \/ Yoast SEO plugin. -->","yoast_head_json":{"title":"22 Ayar Alt\u0131n N Ba\u015f Harfi Kolye Ucu | PureJewels London","description":"\u0130sminizi veya sevdi\u011finiz birini 22 ayar parlak alt\u0131ndan el yap\u0131m\u0131 N Ba\u015f Harf Kolyemizle kutlay\u0131n. PureJewels'ten zamans\u0131z bir kimlik ve sanat ifadesi.","robots":{"index":"index","follow":"follow","max-snippet":"max-snippet:-1","max-image-preview":"max-image-preview:large","max-video-preview":"max-video-preview:-1"},"canonical":"https:\/\/www.purejewels.com\/tr\/urun\/22-ayar-altindan-n-harfli-kolye-ucu-48442\/","og_locale":"tr_TR","og_type":"article","og_title":"N Initial Pendant in 22ct Gold | PureJewels London","og_description":"Celebrate your name or a loved one with our N Initial Pendant, handcrafted in radiant 22ct gold. A timeless expression of identity and artistry by PureJewels.","og_url":"https:\/\/www.purejewels.com\/tr\/urun\/22-ayar-altindan-n-harfli-kolye-ucu-48442\/","og_site_name":"PureJewels UK","article_modified_time":"2026-01-29T09:15:08+00:00","og_image":[{"width":1000,"height":1000,"url":"https:\/\/static.purejewels.com\/wp-content\/uploads\/2025\/08\/SKU-48442.jpg","type":"image\/jpeg"}],"twitter_card":"summary_large_image","twitter_misc":{"Tahmini okuma s\u00fcresi":"1 dakika"},"schema":{"@context":"https:\/\/schema.org","@graph":[{"@type":["WebPage","ItemPage"],"@id":"https:\/\/www.purejewels.com\/product\/n-initial-pendant-in-22ct-gold-48442\/","url":"https:\/\/www.purejewels.com\/product\/n-initial-pendant-in-22ct-gold-48442\/","name":"22 Ayar Alt\u0131n N Ba\u015f Harfi Kolye Ucu | PureJewels London","isPartOf":{"@id":"https:\/\/www.purejewels.com\/#website"},"primaryImageOfPage":{"@id":"https:\/\/www.purejewels.com\/product\/n-initial-pendant-in-22ct-gold-48442\/#primaryimage"},"image":{"@id":"https:\/\/www.purejewels.com\/product\/n-initial-pendant-in-22ct-gold-48442\/#primaryimage"},"thumbnailUrl":"https:\/\/static.purejewels.com\/wp-content\/uploads\/2025\/08\/SKU-48442.jpg","datePublished":"2025-07-02T10:17:47+00:00","dateModified":"2026-01-29T09:15:08+00:00","description":"\u0130sminizi veya sevdi\u011finiz birini 22 ayar parlak alt\u0131ndan el yap\u0131m\u0131 N Ba\u015f Harf Kolyemizle kutlay\u0131n. PureJewels'ten zamans\u0131z bir kimlik ve sanat ifadesi.","breadcrumb":{"@id":"https:\/\/www.purejewels.com\/product\/n-initial-pendant-in-22ct-gold-48442\/#breadcrumb"},"inLanguage":"tr","potentialAction":[{"@type":"ReadAction","target":["https:\/\/www.purejewels.com\/product\/n-initial-pendant-in-22ct-gold-48442\/"]}]},{"@type":"ImageObject","inLanguage":"tr","@id":"https:\/\/www.purejewels.com\/product\/n-initial-pendant-in-22ct-gold-48442\/#primaryimage","url":"https:\/\/static.purejewels.com\/wp-content\/uploads\/2025\/08\/SKU-48442.jpg","contentUrl":"https:\/\/static.purejewels.com\/wp-content\/uploads\/2025\/08\/SKU-48442.jpg","width":1000,"height":1000,"caption":"Stacked from 6 images. Method=B (R=8,S=4)"},{"@type":"BreadcrumbList","@id":"https:\/\/www.purejewels.com\/product\/n-initial-pendant-in-22ct-gold-48442\/#breadcrumb","itemListElement":[{"@type":"ListItem","position":1,"name":"Home","item":"https:\/\/www.purejewels.com\/"},{"@type":"ListItem","position":2,"name":"Shop","item":"https:\/\/www.purejewels.com\/shop\/"},{"@type":"ListItem","position":3,"name":"N Initial Pendant in 22ct Gold"}]},{"@type":"WebSite","@id":"https:\/\/www.purejewels.com\/#website","url":"https:\/\/www.purejewels.com\/","name":"PureJewels \u0130ngiltere","description":"Sevgiyi Payla\u015f\u0131n","publisher":{"@id":"https:\/\/www.purejewels.com\/#organization"},"potentialAction":[{"@type":"SearchAction","target":{"@type":"EntryPoint","urlTemplate":"https:\/\/www.purejewels.com\/?s={search_term_string}"},"query-input":{"@type":"PropertyValueSpecification","valueRequired":true,"valueName":"search_term_string"}}],"inLanguage":"tr"},{"@type":"Organization","@id":"https:\/\/www.purejewels.com\/#organization","name":"PureJewels \u0130ngiltere","url":"https:\/\/www.purejewels.com\/","logo":{"@type":"ImageObject","inLanguage":"tr","@id":"https:\/\/www.purejewels.com\/#\/schema\/logo\/image\/","url":"https:\/\/static.purejewels.com\/wp-content\/uploads\/2020\/11\/Logo-PJ-New-1.png","contentUrl":"https:\/\/static.purejewels.com\/wp-content\/uploads\/2020\/11\/Logo-PJ-New-1.png","width":150,"height":80,"caption":"PureJewels UK"},"image":{"@id":"https:\/\/www.purejewels.com\/#\/schema\/logo\/image\/"}}]}},"_links":{"self":[{"href":"https:\/\/www.purejewels.com\/tr\/wp-json\/wp\/v2\/product\/408993","targetHints":{"allow":["GET"]}}],"collection":[{"href":"https:\/\/www.purejewels.com\/tr\/wp-json\/wp\/v2\/product"}],"about":[{"href":"https:\/\/www.purejewels.com\/tr\/wp-json\/wp\/v2\/types\/product"}],"replies":[{"embeddable":true,"href":"https:\/\/www.purejewels.com\/tr\/wp-json\/wp\/v2\/comments?post=408993"}],"version-history":[{"count":1,"href":"https:\/\/www.purejewels.com\/tr\/wp-json\/wp\/v2\/product\/408993\/revisions"}],"predecessor-version":[{"id":409021,"href":"https:\/\/www.purejewels.com\/tr\/wp-json\/wp\/v2\/product\/408993\/revisions\/409021"}],"wp:featuredmedia":[{"embeddable":true,"href":"https:\/\/www.purejewels.com\/tr\/wp-json\/wp\/v2\/media\/409019"}],"wp:attachment":[{"href":"https:\/\/www.purejewels.com\/tr\/wp-json\/wp\/v2\/media?parent=408993"}],"wp:term":[{"taxonomy":"product_brand","embeddable":true,"href":"https:\/\/www.purejewels.com\/tr\/wp-json\/wp\/v2\/product_brand?post=408993"},{"taxonomy":"product_cat","embeddable":true,"href":"https:\/\/www.purejewels.com\/tr\/wp-json\/wp\/v2\/product_cat?post=408993"},{"taxonomy":"product_tag","embeddable":true,"href":"https:\/\/www.purejewels.com\/tr\/wp-json\/wp\/v2\/product_tag?post=408993"}],"curies":[{"name":"wp","href":"https:\/\/api.w.org\/{rel}","templated":true}]}}