{"id":409253,"date":"2025-07-22T07:12:02","date_gmt":"2025-07-22T06:12:02","guid":{"rendered":"https:\/\/www.purejewels.com\/?post_type=product&#038;p=409253"},"modified":"2026-01-06T08:09:35","modified_gmt":"2026-01-06T08:09:35","slug":"22-ayar-altin-alfabe-l-kolye-52044","status":"publish","type":"product","link":"https:\/\/www.purejewels.com\/tr\/product\/22ct-gold-alphabet-l-pendant-52044\/","title":{"rendered":"22 Ayar Alt\u0131n Alfabe L Kolye"},"content":{"rendered":"<p data-start=\"639\" data-end=\"893\">Zarif ve etkileyici, CZ ta\u015fl\u0131 22 ayar alt\u0131ndan L harfli kolye ucu, kimli\u011fin ve a\u015fk\u0131n alt\u0131n bir kutlamas\u0131d\u0131r. \u0130ster kendi isminizin sembol\u00fc olarak tak\u0131n ister \u00f6zel birini onurland\u0131rmak i\u00e7in hediye edin, bu kolye ucu son derece ki\u015fisel bir hikaye ta\u015f\u0131r.<\/p>\n<p data-start=\"895\" data-end=\"1228\">Damgal\u0131 22 ayar alt\u0131ndan \u00fcretilen \u201cL\u201d harfi, yumu\u015fak k\u0131vr\u0131mlar\u0131 ve zarif siluetiyle PureJewels'in imzas\u0131 niteli\u011findeki tasar\u0131m diline sad\u0131k kalarak miras niteli\u011findeki detaylar\u0131n modern incelikle bulu\u015fmas\u0131n\u0131 sa\u011fl\u0131yor. Tek bir k\u00fcbik zirkon (CZ) ta\u015f \u00f6zenle yerle\u015ftirilerek parlak bir dokunu\u015f sunuyor ve l\u00fcks karakterini g\u00fc\u00e7lendiriyor.<\/p>\n<p data-start=\"895\" data-end=\"1228\">\u0130ngiltere'de safl\u0131k damgas\u0131 vurulmu\u015f, parlak CZ vurgulu, 22 ayar alt\u0131ndan zarif bir Alfabe L kolye ucu. Ki\u015fisel ve her g\u00fcn tak\u0131lmas\u0131 kolay olan bu kolye, \u0130ngiltere Noel hediyeleri i\u00e7in ho\u015f bir se\u00e7imdir ve ince bir zincirle e\u015fle\u015ftirildi\u011finde k\u0131z bebek Noel'i i\u00e7in en iyi hediyelerden biridir. B\u00fcy\u00fcd\u00fck\u00e7e de\u011fer verebilece\u011fi bir hat\u0131ra.<\/p>\n<p data-start=\"1230\" data-end=\"1363\">G\u00fcnl\u00fck kullan\u0131m veya i\u00e7ten bir hediye i\u00e7in m\u00fckemmel olan bu kolye ucu, her m\u00fccevher koleksiyonuna sessiz bir zarafet ve anlaml\u0131 bir g\u00fczellik katar.<\/p>","protected":false},"excerpt":{"rendered":"<p>22 ayar alt\u0131ndan \u00fcretilen ve p\u0131r\u0131lt\u0131l\u0131 bir CZ ta\u015fla s\u00fcslenen L Harfli Kolye, ki\u015fisel, zarif ve zamans\u0131z bir kimli\u011fin zarif bir ifadesidir.<\/p>\n<p><strong>Malzeme:<\/strong> 22 Ayar Alt\u0131n<strong><br \/>\nHallmark:\u00a0<\/strong>\u0130ngiliz Damgas\u0131<strong><br \/>\n<\/strong><strong>Br\u00fct A\u011f\u0131rl\u0131k: <\/strong>1.53 Gms<strong><br \/>\nSKU: <\/strong>52044<br \/>\n<strong>Zincir<\/strong>: Zincir dahil de\u011fildir - 22 ayar alt\u0131n\u0131m\u0131z\u0131 ke\u015ffedin<a href=\"https:\/\/www.purejewels.com\/tr\/urun-kategori%cc%87si%cc%87\/22-ayar-altin-takilar\/altin-zincirler\/tilki-kuyrugu-zinciri\/\"> tilki kuyru\u011fu zincirleri<\/a><\/p>\n<p><strong>Fiyat ve Teslimat: <\/strong>KDV ve teslimat \u00fccretleri dahil<strong><br \/>\n<a href=\"https:\/\/www.purejewels.com\/tr\/i%cc%87ade-poli%cc%87ti%cc%87kasi\/\">\u0130ade Politikas\u0131<\/a><\/strong><\/p>","protected":false},"featured_media":409263,"comment_status":"closed","ping_status":"closed","template":"","meta":{"_eb_attr":"","_crsspst_to_jayantr4sg-hostcom":true},"product_brand":[],"product_cat":[1576,1793,1770,1792,1790,1229,1255,5598,5343,1767,1572,1768,5338,1575,1574,5349],"product_tag":[],"class_list":{"0":"post-409253","1":"product","2":"type-product","3":"status-publish","4":"has-post-thumbnail","6":"product_cat-childrens-jewellery","7":"product_cat-diwali-gifts","8":"product_cat-fancy-pendants","9":"product_cat-festival-gifts","10":"product_cat-for-whom-when","11":"product_cat-22ct-gold-jewellery","12":"product_cat-gold-pendants","13":"product_cat-initial-pendant","14":"product_cat-jewellery-under-550","15":"product_cat-ladies-pendants","16":"product_cat-mens-jewellery","17":"product_cat-mens-pendants","18":"product_cat-shop-by-price","19":"product_cat-teenage-jewellery","20":"product_cat-womens-jewellery","21":"product_cat-yellow-gold-jewellery","23":"first","24":"outofstock","25":"taxable","26":"shipping-taxable","27":"product-type-simple","28":"add-to-wishlist-before_image"},"yoast_head":"<!-- This site is optimized with the Yoast SEO plugin v27.5 - https:\/\/yoast.com\/product\/yoast-seo-wordpress\/ -->\n<title>L Initial Pendant in 22ct Gold with CZ | PureJewels London<\/title>\n<meta name=\"description\" content=\"Discover the L Initial Pendant in radiant 22ct gold, adorned with a sparkling CZ stone. A graceful emblem of love and identity, handcrafted by PureJewels.\" \/>\n<meta name=\"robots\" content=\"index, follow, max-snippet:-1, max-image-preview:large, max-video-preview:-1\" \/>\n<link rel=\"canonical\" href=\"https:\/\/www.purejewels.com\/tr\/urun\/22-ayar-altin-alfabe-l-kolye-52044\/\" \/>\n<meta property=\"og:locale\" content=\"tr_TR\" \/>\n<meta property=\"og:type\" content=\"article\" \/>\n<meta property=\"og:title\" content=\"L Initial Pendant in 22ct Gold with CZ | PureJewels London\" \/>\n<meta property=\"og:description\" content=\"Discover the L Initial Pendant in radiant 22ct gold, adorned with a sparkling CZ stone. A graceful emblem of love and identity, handcrafted by PureJewels.\" \/>\n<meta property=\"og:url\" content=\"https:\/\/www.purejewels.com\/tr\/urun\/22-ayar-altin-alfabe-l-kolye-52044\/\" \/>\n<meta property=\"og:site_name\" content=\"PureJewels UK\" \/>\n<meta property=\"article:modified_time\" content=\"2026-01-06T08:09:35+00:00\" \/>\n<meta property=\"og:image\" content=\"https:\/\/static.purejewels.com\/wp-content\/uploads\/2025\/08\/SKU-52044-1.jpg\" \/>\n\t<meta property=\"og:image:width\" content=\"1000\" \/>\n\t<meta property=\"og:image:height\" content=\"1000\" \/>\n\t<meta property=\"og:image:type\" content=\"image\/jpeg\" \/>\n<meta name=\"twitter:card\" content=\"summary_large_image\" \/>\n<meta name=\"twitter:label1\" content=\"Tahmini okuma s\u00fcresi\" \/>\n\t<meta name=\"twitter:data1\" content=\"1 dakika\" \/>\n<script type=\"application\/ld+json\" class=\"yoast-schema-graph\">{\"@context\":\"https:\\\/\\\/schema.org\",\"@graph\":[{\"@type\":[\"WebPage\",\"ItemPage\"],\"@id\":\"https:\\\/\\\/www.purejewels.com\\\/product\\\/22ct-gold-alphabet-l-pendant-52044\\\/\",\"url\":\"https:\\\/\\\/www.purejewels.com\\\/product\\\/22ct-gold-alphabet-l-pendant-52044\\\/\",\"name\":\"L Initial Pendant in 22ct Gold with CZ | PureJewels London\",\"isPartOf\":{\"@id\":\"https:\\\/\\\/www.purejewels.com\\\/#website\"},\"primaryImageOfPage\":{\"@id\":\"https:\\\/\\\/www.purejewels.com\\\/product\\\/22ct-gold-alphabet-l-pendant-52044\\\/#primaryimage\"},\"image\":{\"@id\":\"https:\\\/\\\/www.purejewels.com\\\/product\\\/22ct-gold-alphabet-l-pendant-52044\\\/#primaryimage\"},\"thumbnailUrl\":\"https:\\\/\\\/static.purejewels.com\\\/wp-content\\\/uploads\\\/2025\\\/08\\\/SKU-52044-1.jpg\",\"datePublished\":\"2025-07-22T06:12:02+00:00\",\"dateModified\":\"2026-01-06T08:09:35+00:00\",\"description\":\"Discover the L Initial Pendant in radiant 22ct gold, adorned with a sparkling CZ stone. A graceful emblem of love and identity, handcrafted by PureJewels.\",\"breadcrumb\":{\"@id\":\"https:\\\/\\\/www.purejewels.com\\\/product\\\/22ct-gold-alphabet-l-pendant-52044\\\/#breadcrumb\"},\"inLanguage\":\"tr\",\"potentialAction\":[{\"@type\":\"ReadAction\",\"target\":[\"https:\\\/\\\/www.purejewels.com\\\/product\\\/22ct-gold-alphabet-l-pendant-52044\\\/\"]}]},{\"@type\":\"ImageObject\",\"inLanguage\":\"tr\",\"@id\":\"https:\\\/\\\/www.purejewels.com\\\/product\\\/22ct-gold-alphabet-l-pendant-52044\\\/#primaryimage\",\"url\":\"https:\\\/\\\/static.purejewels.com\\\/wp-content\\\/uploads\\\/2025\\\/08\\\/SKU-52044-1.jpg\",\"contentUrl\":\"https:\\\/\\\/static.purejewels.com\\\/wp-content\\\/uploads\\\/2025\\\/08\\\/SKU-52044-1.jpg\",\"width\":1000,\"height\":1000,\"caption\":\"Stacked from 6 images. Method=B (R=8,S=4)\"},{\"@type\":\"BreadcrumbList\",\"@id\":\"https:\\\/\\\/www.purejewels.com\\\/product\\\/22ct-gold-alphabet-l-pendant-52044\\\/#breadcrumb\",\"itemListElement\":[{\"@type\":\"ListItem\",\"position\":1,\"name\":\"Home\",\"item\":\"https:\\\/\\\/www.purejewels.com\\\/\"},{\"@type\":\"ListItem\",\"position\":2,\"name\":\"Shop\",\"item\":\"https:\\\/\\\/www.purejewels.com\\\/shop\\\/\"},{\"@type\":\"ListItem\",\"position\":3,\"name\":\"22ct Gold Alphabet L Pendant\"}]},{\"@type\":\"WebSite\",\"@id\":\"https:\\\/\\\/www.purejewels.com\\\/#website\",\"url\":\"https:\\\/\\\/www.purejewels.com\\\/\",\"name\":\"PureJewels UK\",\"description\":\"Share the Love\",\"publisher\":{\"@id\":\"https:\\\/\\\/www.purejewels.com\\\/#organization\"},\"potentialAction\":[{\"@type\":\"SearchAction\",\"target\":{\"@type\":\"EntryPoint\",\"urlTemplate\":\"https:\\\/\\\/www.purejewels.com\\\/?s={search_term_string}\"},\"query-input\":{\"@type\":\"PropertyValueSpecification\",\"valueRequired\":true,\"valueName\":\"search_term_string\"}}],\"inLanguage\":\"tr\"},{\"@type\":\"Organization\",\"@id\":\"https:\\\/\\\/www.purejewels.com\\\/#organization\",\"name\":\"PureJewels UK\",\"url\":\"https:\\\/\\\/www.purejewels.com\\\/\",\"logo\":{\"@type\":\"ImageObject\",\"inLanguage\":\"tr\",\"@id\":\"https:\\\/\\\/www.purejewels.com\\\/#\\\/schema\\\/logo\\\/image\\\/\",\"url\":\"https:\\\/\\\/static.purejewels.com\\\/wp-content\\\/uploads\\\/2020\\\/11\\\/Logo-PJ-New-1.png\",\"contentUrl\":\"https:\\\/\\\/static.purejewels.com\\\/wp-content\\\/uploads\\\/2020\\\/11\\\/Logo-PJ-New-1.png\",\"width\":150,\"height\":80,\"caption\":\"PureJewels UK\"},\"image\":{\"@id\":\"https:\\\/\\\/www.purejewels.com\\\/#\\\/schema\\\/logo\\\/image\\\/\"}}]}<\/script>\n<!-- \/ Yoast SEO plugin. -->","yoast_head_json":{"title":"CZ'li 22 Ayar Alt\u0131n L Harfli Kolye Ucu | PureJewels London","description":"I\u015f\u0131lt\u0131l\u0131 bir CZ ta\u015fla s\u00fcslenmi\u015f, 22 ayar alt\u0131ndan L Harfli Kolyeyi ke\u015ffedin. PureJewels taraf\u0131ndan el i\u015f\u00e7ili\u011fiyle \u00fcretilen zarif bir sevgi ve kimlik amblemi.","robots":{"index":"index","follow":"follow","max-snippet":"max-snippet:-1","max-image-preview":"max-image-preview:large","max-video-preview":"max-video-preview:-1"},"canonical":"https:\/\/www.purejewels.com\/tr\/urun\/22-ayar-altin-alfabe-l-kolye-52044\/","og_locale":"tr_TR","og_type":"article","og_title":"L Initial Pendant in 22ct Gold with CZ | PureJewels London","og_description":"Discover the L Initial Pendant in radiant 22ct gold, adorned with a sparkling CZ stone. A graceful emblem of love and identity, handcrafted by PureJewels.","og_url":"https:\/\/www.purejewels.com\/tr\/urun\/22-ayar-altin-alfabe-l-kolye-52044\/","og_site_name":"PureJewels UK","article_modified_time":"2026-01-06T08:09:35+00:00","og_image":[{"width":1000,"height":1000,"url":"https:\/\/static.purejewels.com\/wp-content\/uploads\/2025\/08\/SKU-52044-1.jpg","type":"image\/jpeg"}],"twitter_card":"summary_large_image","twitter_misc":{"Tahmini okuma s\u00fcresi":"1 dakika"},"schema":{"@context":"https:\/\/schema.org","@graph":[{"@type":["WebPage","ItemPage"],"@id":"https:\/\/www.purejewels.com\/product\/22ct-gold-alphabet-l-pendant-52044\/","url":"https:\/\/www.purejewels.com\/product\/22ct-gold-alphabet-l-pendant-52044\/","name":"CZ'li 22 Ayar Alt\u0131n L Harfli Kolye Ucu | PureJewels London","isPartOf":{"@id":"https:\/\/www.purejewels.com\/#website"},"primaryImageOfPage":{"@id":"https:\/\/www.purejewels.com\/product\/22ct-gold-alphabet-l-pendant-52044\/#primaryimage"},"image":{"@id":"https:\/\/www.purejewels.com\/product\/22ct-gold-alphabet-l-pendant-52044\/#primaryimage"},"thumbnailUrl":"https:\/\/static.purejewels.com\/wp-content\/uploads\/2025\/08\/SKU-52044-1.jpg","datePublished":"2025-07-22T06:12:02+00:00","dateModified":"2026-01-06T08:09:35+00:00","description":"I\u015f\u0131lt\u0131l\u0131 bir CZ ta\u015fla s\u00fcslenmi\u015f, 22 ayar alt\u0131ndan L Harfli Kolyeyi ke\u015ffedin. PureJewels taraf\u0131ndan el i\u015f\u00e7ili\u011fiyle \u00fcretilen zarif bir sevgi ve kimlik amblemi.","breadcrumb":{"@id":"https:\/\/www.purejewels.com\/product\/22ct-gold-alphabet-l-pendant-52044\/#breadcrumb"},"inLanguage":"tr","potentialAction":[{"@type":"ReadAction","target":["https:\/\/www.purejewels.com\/product\/22ct-gold-alphabet-l-pendant-52044\/"]}]},{"@type":"ImageObject","inLanguage":"tr","@id":"https:\/\/www.purejewels.com\/product\/22ct-gold-alphabet-l-pendant-52044\/#primaryimage","url":"https:\/\/static.purejewels.com\/wp-content\/uploads\/2025\/08\/SKU-52044-1.jpg","contentUrl":"https:\/\/static.purejewels.com\/wp-content\/uploads\/2025\/08\/SKU-52044-1.jpg","width":1000,"height":1000,"caption":"Stacked from 6 images. Method=B (R=8,S=4)"},{"@type":"BreadcrumbList","@id":"https:\/\/www.purejewels.com\/product\/22ct-gold-alphabet-l-pendant-52044\/#breadcrumb","itemListElement":[{"@type":"ListItem","position":1,"name":"Home","item":"https:\/\/www.purejewels.com\/"},{"@type":"ListItem","position":2,"name":"Shop","item":"https:\/\/www.purejewels.com\/shop\/"},{"@type":"ListItem","position":3,"name":"22ct Gold Alphabet L Pendant"}]},{"@type":"WebSite","@id":"https:\/\/www.purejewels.com\/#website","url":"https:\/\/www.purejewels.com\/","name":"PureJewels \u0130ngiltere","description":"Sevgiyi Payla\u015f\u0131n","publisher":{"@id":"https:\/\/www.purejewels.com\/#organization"},"potentialAction":[{"@type":"SearchAction","target":{"@type":"EntryPoint","urlTemplate":"https:\/\/www.purejewels.com\/?s={search_term_string}"},"query-input":{"@type":"PropertyValueSpecification","valueRequired":true,"valueName":"search_term_string"}}],"inLanguage":"tr"},{"@type":"Organization","@id":"https:\/\/www.purejewels.com\/#organization","name":"PureJewels \u0130ngiltere","url":"https:\/\/www.purejewels.com\/","logo":{"@type":"ImageObject","inLanguage":"tr","@id":"https:\/\/www.purejewels.com\/#\/schema\/logo\/image\/","url":"https:\/\/static.purejewels.com\/wp-content\/uploads\/2020\/11\/Logo-PJ-New-1.png","contentUrl":"https:\/\/static.purejewels.com\/wp-content\/uploads\/2020\/11\/Logo-PJ-New-1.png","width":150,"height":80,"caption":"PureJewels UK"},"image":{"@id":"https:\/\/www.purejewels.com\/#\/schema\/logo\/image\/"}}]}},"_links":{"self":[{"href":"https:\/\/www.purejewels.com\/tr\/wp-json\/wp\/v2\/product\/409253","targetHints":{"allow":["GET"]}}],"collection":[{"href":"https:\/\/www.purejewels.com\/tr\/wp-json\/wp\/v2\/product"}],"about":[{"href":"https:\/\/www.purejewels.com\/tr\/wp-json\/wp\/v2\/types\/product"}],"replies":[{"embeddable":true,"href":"https:\/\/www.purejewels.com\/tr\/wp-json\/wp\/v2\/comments?post=409253"}],"version-history":[{"count":2,"href":"https:\/\/www.purejewels.com\/tr\/wp-json\/wp\/v2\/product\/409253\/revisions"}],"predecessor-version":[{"id":419904,"href":"https:\/\/www.purejewels.com\/tr\/wp-json\/wp\/v2\/product\/409253\/revisions\/419904"}],"wp:featuredmedia":[{"embeddable":true,"href":"https:\/\/www.purejewels.com\/tr\/wp-json\/wp\/v2\/media\/409263"}],"wp:attachment":[{"href":"https:\/\/www.purejewels.com\/tr\/wp-json\/wp\/v2\/media?parent=409253"}],"wp:term":[{"taxonomy":"product_brand","embeddable":true,"href":"https:\/\/www.purejewels.com\/tr\/wp-json\/wp\/v2\/product_brand?post=409253"},{"taxonomy":"product_cat","embeddable":true,"href":"https:\/\/www.purejewels.com\/tr\/wp-json\/wp\/v2\/product_cat?post=409253"},{"taxonomy":"product_tag","embeddable":true,"href":"https:\/\/www.purejewels.com\/tr\/wp-json\/wp\/v2\/product_tag?post=409253"}],"curies":[{"name":"wp","href":"https:\/\/api.w.org\/{rel}","templated":true}]}}