{"id":409339,"date":"2025-07-23T10:57:16","date_gmt":"2025-07-23T09:57:16","guid":{"rendered":"https:\/\/www.purejewels.com\/?post_type=product&#038;p=409339"},"modified":"2026-03-17T12:54:34","modified_gmt":"2026-03-17T12:54:34","slug":"222-ayar-altin-boncuklu-mangalsutra-20-inc-50800","status":"publish","type":"product","link":"https:\/\/www.purejewels.com\/tr\/product\/222ct-gold-beaded-mangalsutra-20-inches-50800\/","title":{"rendered":"222 Ayar Alt\u0131n Boncuklu Mangalsutra | 20 \u0130n\u00e7"},"content":{"rendered":"<p>A\u015fk\u0131n ve k\u00fclt\u00fcrel miras\u0131n bir kutlamas\u0131 olan 22 Ayar Sar\u0131 Alt\u0131n Boncuklu Mangalsutra, rafine sadeli\u011fi benimserken kutsal gelenekleri onurland\u0131ran zamans\u0131z bir par\u00e7ad\u0131r. Alternatif cilal\u0131 alt\u0131n ve siyah boncuklarla tasarlanan bu 20 in\u00e7lik kolye hem sembolik hem de \u00e7arp\u0131c\u0131d\u0131r.<\/p>\n<p>Her bir boncuk, PureJewels'in safl\u0131k ve i\u015f\u00e7ili\u011fe olan ba\u011fl\u0131l\u0131\u011f\u0131n\u0131 yans\u0131tan 22 ayar alt\u0131n damgal\u0131 olarak titizlikle i\u015flenmi\u015ftir. Geleneksel mangalsutra tasar\u0131m\u0131 burada p\u00fcr\u00fczs\u00fcz bir simetri ve abart\u0131s\u0131z bir zarafetle yeniden tasarland\u0131 ve derin ruhani k\u00f6klerini korurken modern g\u00fcnl\u00fck kullan\u0131m i\u00e7in ideal hale getirildi.<\/p>","protected":false},"excerpt":{"rendered":"<p>Kutsal gelene\u011fin bir sembol\u00fc olan bu 22 Ayar Sar\u0131 Alt\u0131n Mangalsutra, zamans\u0131z g\u00fczellik ve kal\u0131c\u0131 zarafet i\u00e7in haz\u0131rlanm\u0131\u015f alternatif alt\u0131n ve siyah boncuklara sahiptir.<\/p>\n<p><strong>Malzeme:<\/strong> 22 Ayar Sar\u0131 Alt\u0131n<br \/>\n<strong>Hallmark:<\/strong>\u00a0\u0130ngiliz Damgas\u0131<br \/>\n<strong>Br\u00fct A\u011f\u0131rl\u0131k:\u00a0<\/strong> 7.8 Gms<br \/>\n<strong>Uzunluk:<\/strong> 20 \u0130n\u00e7<br \/>\n<strong>SKU:<\/strong> 50800<\/p>\n<p><strong>Fiyat ve Teslimat:\u00a0<\/strong>KDV ve teslimat \u00fccretleri dahil<strong><br \/>\n<a href=\"https:\/\/www.purejewels.com\/tr\/i%cc%87ade-poli%cc%87ti%cc%87kasi\/\">\u0130ade Politikas\u0131<\/a><\/strong><\/p>","protected":false},"featured_media":409340,"comment_status":"closed","ping_status":"closed","template":"","meta":{"_eb_attr":"","_crsspst_to_jayantr4sg-hostcom":false},"product_brand":[],"product_cat":[1791,1559,1775,1793,1792,1229,1284,1573],"product_tag":[],"class_list":{"0":"post-409339","1":"product","2":"type-product","3":"status-publish","4":"has-post-thumbnail","6":"product_cat-anniversary-gifts","7":"product_cat-birthday-gifts","8":"product_cat-daily-wear-mangalsutras","9":"product_cat-diwali-gifts","10":"product_cat-festival-gifts","11":"product_cat-22ct-gold-jewellery","12":"product_cat-gold-mangalsutras","13":"product_cat-wedding-gifts","15":"first","16":"outofstock","17":"taxable","18":"shipping-taxable","19":"product-type-simple","20":"add-to-wishlist-before_image"},"yoast_head":"<!-- This site is optimized with the Yoast SEO plugin v27.5 - https:\/\/yoast.com\/product\/yoast-seo-wordpress\/ -->\n<title>22ct Gold Beaded Mangalsutra | Online at PureJewels UK<\/title>\n<meta name=\"description\" content=\"Classic 22ct Yellow Gold Mangalsutra with alternating gold and black beads. 20 inches of timeless elegance, handcrafted by PureJewels in London.\" \/>\n<meta name=\"robots\" content=\"index, follow, max-snippet:-1, max-image-preview:large, max-video-preview:-1\" \/>\n<link rel=\"canonical\" href=\"https:\/\/www.purejewels.com\/tr\/urun\/222-ayar-altin-boncuklu-mangalsutra-20-inc-50800\/\" \/>\n<meta property=\"og:locale\" content=\"tr_TR\" \/>\n<meta property=\"og:type\" content=\"article\" \/>\n<meta property=\"og:title\" content=\"22ct Gold Beaded Mangalsutra | Online at PureJewels UK\" \/>\n<meta property=\"og:description\" content=\"Classic 22ct Yellow Gold Mangalsutra with alternating gold and black beads. 20 inches of timeless elegance, handcrafted by PureJewels in London.\" \/>\n<meta property=\"og:url\" content=\"https:\/\/www.purejewels.com\/tr\/urun\/222-ayar-altin-boncuklu-mangalsutra-20-inc-50800\/\" \/>\n<meta property=\"og:site_name\" content=\"PureJewels UK\" \/>\n<meta property=\"article:modified_time\" content=\"2026-03-17T12:54:34+00:00\" \/>\n<meta property=\"og:image\" content=\"https:\/\/static.purejewels.com\/wp-content\/uploads\/2025\/08\/SKU-50800.jpg\" \/>\n\t<meta property=\"og:image:width\" content=\"1000\" \/>\n\t<meta property=\"og:image:height\" content=\"1000\" \/>\n\t<meta property=\"og:image:type\" content=\"image\/jpeg\" \/>\n<meta name=\"twitter:card\" content=\"summary_large_image\" \/>\n<meta name=\"twitter:label1\" content=\"Tahmini okuma s\u00fcresi\" \/>\n\t<meta name=\"twitter:data1\" content=\"1 dakika\" \/>\n<script type=\"application\/ld+json\" class=\"yoast-schema-graph\">{\"@context\":\"https:\\\/\\\/schema.org\",\"@graph\":[{\"@type\":[\"WebPage\",\"ItemPage\"],\"@id\":\"https:\\\/\\\/www.purejewels.com\\\/product\\\/222ct-gold-beaded-mangalsutra-20-inches-50800\\\/\",\"url\":\"https:\\\/\\\/www.purejewels.com\\\/product\\\/222ct-gold-beaded-mangalsutra-20-inches-50800\\\/\",\"name\":\"22ct Gold Beaded Mangalsutra | Online at PureJewels UK\",\"isPartOf\":{\"@id\":\"https:\\\/\\\/www.purejewels.com\\\/#website\"},\"primaryImageOfPage\":{\"@id\":\"https:\\\/\\\/www.purejewels.com\\\/product\\\/222ct-gold-beaded-mangalsutra-20-inches-50800\\\/#primaryimage\"},\"image\":{\"@id\":\"https:\\\/\\\/www.purejewels.com\\\/product\\\/222ct-gold-beaded-mangalsutra-20-inches-50800\\\/#primaryimage\"},\"thumbnailUrl\":\"https:\\\/\\\/static.purejewels.com\\\/wp-content\\\/uploads\\\/2025\\\/08\\\/SKU-50800.jpg\",\"datePublished\":\"2025-07-23T09:57:16+00:00\",\"dateModified\":\"2026-03-17T12:54:34+00:00\",\"description\":\"Classic 22ct Yellow Gold Mangalsutra with alternating gold and black beads. 20 inches of timeless elegance, handcrafted by PureJewels in London.\",\"breadcrumb\":{\"@id\":\"https:\\\/\\\/www.purejewels.com\\\/product\\\/222ct-gold-beaded-mangalsutra-20-inches-50800\\\/#breadcrumb\"},\"inLanguage\":\"tr\",\"potentialAction\":[{\"@type\":\"ReadAction\",\"target\":[\"https:\\\/\\\/www.purejewels.com\\\/product\\\/222ct-gold-beaded-mangalsutra-20-inches-50800\\\/\"]}]},{\"@type\":\"ImageObject\",\"inLanguage\":\"tr\",\"@id\":\"https:\\\/\\\/www.purejewels.com\\\/product\\\/222ct-gold-beaded-mangalsutra-20-inches-50800\\\/#primaryimage\",\"url\":\"https:\\\/\\\/static.purejewels.com\\\/wp-content\\\/uploads\\\/2025\\\/08\\\/SKU-50800.jpg\",\"contentUrl\":\"https:\\\/\\\/static.purejewels.com\\\/wp-content\\\/uploads\\\/2025\\\/08\\\/SKU-50800.jpg\",\"width\":1000,\"height\":1000,\"caption\":\"Stacked from 5 images. Method=B (R=8,S=4)\"},{\"@type\":\"BreadcrumbList\",\"@id\":\"https:\\\/\\\/www.purejewels.com\\\/product\\\/222ct-gold-beaded-mangalsutra-20-inches-50800\\\/#breadcrumb\",\"itemListElement\":[{\"@type\":\"ListItem\",\"position\":1,\"name\":\"Home\",\"item\":\"https:\\\/\\\/www.purejewels.com\\\/\"},{\"@type\":\"ListItem\",\"position\":2,\"name\":\"Shop\",\"item\":\"https:\\\/\\\/www.purejewels.com\\\/shop\\\/\"},{\"@type\":\"ListItem\",\"position\":3,\"name\":\"222ct Gold Beaded Mangalsutra | 20 Inches\"}]},{\"@type\":\"WebSite\",\"@id\":\"https:\\\/\\\/www.purejewels.com\\\/#website\",\"url\":\"https:\\\/\\\/www.purejewels.com\\\/\",\"name\":\"PureJewels UK\",\"description\":\"Share the Love\",\"publisher\":{\"@id\":\"https:\\\/\\\/www.purejewels.com\\\/#organization\"},\"potentialAction\":[{\"@type\":\"SearchAction\",\"target\":{\"@type\":\"EntryPoint\",\"urlTemplate\":\"https:\\\/\\\/www.purejewels.com\\\/?s={search_term_string}\"},\"query-input\":{\"@type\":\"PropertyValueSpecification\",\"valueRequired\":true,\"valueName\":\"search_term_string\"}}],\"inLanguage\":\"tr\"},{\"@type\":\"Organization\",\"@id\":\"https:\\\/\\\/www.purejewels.com\\\/#organization\",\"name\":\"PureJewels UK\",\"url\":\"https:\\\/\\\/www.purejewels.com\\\/\",\"logo\":{\"@type\":\"ImageObject\",\"inLanguage\":\"tr\",\"@id\":\"https:\\\/\\\/www.purejewels.com\\\/#\\\/schema\\\/logo\\\/image\\\/\",\"url\":\"https:\\\/\\\/static.purejewels.com\\\/wp-content\\\/uploads\\\/2020\\\/11\\\/Logo-PJ-New-1.png\",\"contentUrl\":\"https:\\\/\\\/static.purejewels.com\\\/wp-content\\\/uploads\\\/2020\\\/11\\\/Logo-PJ-New-1.png\",\"width\":150,\"height\":80,\"caption\":\"PureJewels UK\"},\"image\":{\"@id\":\"https:\\\/\\\/www.purejewels.com\\\/#\\\/schema\\\/logo\\\/image\\\/\"}}]}<\/script>\n<!-- \/ Yoast SEO plugin. -->","yoast_head_json":{"title":"22 Ayar Alt\u0131n Boncuklu Mangalsutra | PureJewels UK'de Online","description":"Alternatif alt\u0131n ve siyah boncuklu klasik 22 ayar sar\u0131 alt\u0131n Mangalsutra. 20 in\u00e7lik zamans\u0131z zarafet, Londra'da PureJewels taraf\u0131ndan el i\u015f\u00e7ili\u011fiyle \u00fcretilmi\u015ftir.","robots":{"index":"index","follow":"follow","max-snippet":"max-snippet:-1","max-image-preview":"max-image-preview:large","max-video-preview":"max-video-preview:-1"},"canonical":"https:\/\/www.purejewels.com\/tr\/urun\/222-ayar-altin-boncuklu-mangalsutra-20-inc-50800\/","og_locale":"tr_TR","og_type":"article","og_title":"22ct Gold Beaded Mangalsutra | Online at PureJewels UK","og_description":"Classic 22ct Yellow Gold Mangalsutra with alternating gold and black beads. 20 inches of timeless elegance, handcrafted by PureJewels in London.","og_url":"https:\/\/www.purejewels.com\/tr\/urun\/222-ayar-altin-boncuklu-mangalsutra-20-inc-50800\/","og_site_name":"PureJewels UK","article_modified_time":"2026-03-17T12:54:34+00:00","og_image":[{"width":1000,"height":1000,"url":"https:\/\/static.purejewels.com\/wp-content\/uploads\/2025\/08\/SKU-50800.jpg","type":"image\/jpeg"}],"twitter_card":"summary_large_image","twitter_misc":{"Tahmini okuma s\u00fcresi":"1 dakika"},"schema":{"@context":"https:\/\/schema.org","@graph":[{"@type":["WebPage","ItemPage"],"@id":"https:\/\/www.purejewels.com\/product\/222ct-gold-beaded-mangalsutra-20-inches-50800\/","url":"https:\/\/www.purejewels.com\/product\/222ct-gold-beaded-mangalsutra-20-inches-50800\/","name":"22 Ayar Alt\u0131n Boncuklu Mangalsutra | PureJewels UK'de Online","isPartOf":{"@id":"https:\/\/www.purejewels.com\/#website"},"primaryImageOfPage":{"@id":"https:\/\/www.purejewels.com\/product\/222ct-gold-beaded-mangalsutra-20-inches-50800\/#primaryimage"},"image":{"@id":"https:\/\/www.purejewels.com\/product\/222ct-gold-beaded-mangalsutra-20-inches-50800\/#primaryimage"},"thumbnailUrl":"https:\/\/static.purejewels.com\/wp-content\/uploads\/2025\/08\/SKU-50800.jpg","datePublished":"2025-07-23T09:57:16+00:00","dateModified":"2026-03-17T12:54:34+00:00","description":"Alternatif alt\u0131n ve siyah boncuklu klasik 22 ayar sar\u0131 alt\u0131n Mangalsutra. 20 in\u00e7lik zamans\u0131z zarafet, Londra'da PureJewels taraf\u0131ndan el i\u015f\u00e7ili\u011fiyle \u00fcretilmi\u015ftir.","breadcrumb":{"@id":"https:\/\/www.purejewels.com\/product\/222ct-gold-beaded-mangalsutra-20-inches-50800\/#breadcrumb"},"inLanguage":"tr","potentialAction":[{"@type":"ReadAction","target":["https:\/\/www.purejewels.com\/product\/222ct-gold-beaded-mangalsutra-20-inches-50800\/"]}]},{"@type":"ImageObject","inLanguage":"tr","@id":"https:\/\/www.purejewels.com\/product\/222ct-gold-beaded-mangalsutra-20-inches-50800\/#primaryimage","url":"https:\/\/static.purejewels.com\/wp-content\/uploads\/2025\/08\/SKU-50800.jpg","contentUrl":"https:\/\/static.purejewels.com\/wp-content\/uploads\/2025\/08\/SKU-50800.jpg","width":1000,"height":1000,"caption":"Stacked from 5 images. Method=B (R=8,S=4)"},{"@type":"BreadcrumbList","@id":"https:\/\/www.purejewels.com\/product\/222ct-gold-beaded-mangalsutra-20-inches-50800\/#breadcrumb","itemListElement":[{"@type":"ListItem","position":1,"name":"Home","item":"https:\/\/www.purejewels.com\/"},{"@type":"ListItem","position":2,"name":"Shop","item":"https:\/\/www.purejewels.com\/shop\/"},{"@type":"ListItem","position":3,"name":"222ct Gold Beaded Mangalsutra | 20 Inches"}]},{"@type":"WebSite","@id":"https:\/\/www.purejewels.com\/#website","url":"https:\/\/www.purejewels.com\/","name":"PureJewels \u0130ngiltere","description":"Sevgiyi Payla\u015f\u0131n","publisher":{"@id":"https:\/\/www.purejewels.com\/#organization"},"potentialAction":[{"@type":"SearchAction","target":{"@type":"EntryPoint","urlTemplate":"https:\/\/www.purejewels.com\/?s={search_term_string}"},"query-input":{"@type":"PropertyValueSpecification","valueRequired":true,"valueName":"search_term_string"}}],"inLanguage":"tr"},{"@type":"Organization","@id":"https:\/\/www.purejewels.com\/#organization","name":"PureJewels \u0130ngiltere","url":"https:\/\/www.purejewels.com\/","logo":{"@type":"ImageObject","inLanguage":"tr","@id":"https:\/\/www.purejewels.com\/#\/schema\/logo\/image\/","url":"https:\/\/static.purejewels.com\/wp-content\/uploads\/2020\/11\/Logo-PJ-New-1.png","contentUrl":"https:\/\/static.purejewels.com\/wp-content\/uploads\/2020\/11\/Logo-PJ-New-1.png","width":150,"height":80,"caption":"PureJewels UK"},"image":{"@id":"https:\/\/www.purejewels.com\/#\/schema\/logo\/image\/"}}]}},"_links":{"self":[{"href":"https:\/\/www.purejewels.com\/tr\/wp-json\/wp\/v2\/product\/409339","targetHints":{"allow":["GET"]}}],"collection":[{"href":"https:\/\/www.purejewels.com\/tr\/wp-json\/wp\/v2\/product"}],"about":[{"href":"https:\/\/www.purejewels.com\/tr\/wp-json\/wp\/v2\/types\/product"}],"replies":[{"embeddable":true,"href":"https:\/\/www.purejewels.com\/tr\/wp-json\/wp\/v2\/comments?post=409339"}],"version-history":[{"count":1,"href":"https:\/\/www.purejewels.com\/tr\/wp-json\/wp\/v2\/product\/409339\/revisions"}],"predecessor-version":[{"id":409342,"href":"https:\/\/www.purejewels.com\/tr\/wp-json\/wp\/v2\/product\/409339\/revisions\/409342"}],"wp:featuredmedia":[{"embeddable":true,"href":"https:\/\/www.purejewels.com\/tr\/wp-json\/wp\/v2\/media\/409340"}],"wp:attachment":[{"href":"https:\/\/www.purejewels.com\/tr\/wp-json\/wp\/v2\/media?parent=409339"}],"wp:term":[{"taxonomy":"product_brand","embeddable":true,"href":"https:\/\/www.purejewels.com\/tr\/wp-json\/wp\/v2\/product_brand?post=409339"},{"taxonomy":"product_cat","embeddable":true,"href":"https:\/\/www.purejewels.com\/tr\/wp-json\/wp\/v2\/product_cat?post=409339"},{"taxonomy":"product_tag","embeddable":true,"href":"https:\/\/www.purejewels.com\/tr\/wp-json\/wp\/v2\/product_tag?post=409339"}],"curies":[{"name":"wp","href":"https:\/\/api.w.org\/{rel}","templated":true}]}}