{"id":409350,"date":"2025-07-21T11:31:45","date_gmt":"2025-07-21T10:31:45","guid":{"rendered":"https:\/\/www.purejewels.com\/?post_type=product&#038;p=409350"},"modified":"2026-01-21T08:49:18","modified_gmt":"2026-01-21T08:49:18","slug":"22-ayar-altin-armari-mangalsutra-18-inc-47945","status":"publish","type":"product","link":"https:\/\/www.purejewels.com\/tr\/product\/22ct-gold-armari-mangalsutra-18-inches-47945\/","title":{"rendered":"22 Ayar Alt\u0131n Armari MangalSutra | 18 \u0130n\u00e7"},"content":{"rendered":"<p data-start=\"121\" data-end=\"572\">Ruhu zamans\u0131z ve sembolizmi zengin 22 Ayar Alt\u0131n Armari Mangalsutra - 18 \u0130n\u00e7, kutsal ba\u011flara ve k\u00fclt\u00fcrel mirasa parlak bir \u00f6vg\u00fcd\u00fcr. Damgal\u0131 22 ayar alt\u0131ndan \u00fcretilen bu mangalsutra, g\u00fc\u00e7 ve zarafetin uyumlu bir dengesini yakalayan zarif siyah boncuklu bir zincirle i\u00e7 i\u00e7e ge\u00e7mi\u015f, girift bir \u015fekilde detayland\u0131r\u0131lm\u0131\u015f Armari tarz\u0131 alt\u0131n boncuklara sahiptir. Ki\u015fisel bir hazine veya d\u00fc\u015f\u00fcnceli Diwali hediyeleri olarak m\u00fckemmel olan bu \u00fcr\u00fcn, hem miras\u0131 hem de kutlamay\u0131 temsil eder.<\/p>\n<p data-start=\"574\" data-end=\"838\">Her bir alt\u0131n boncuk, modern kad\u0131n i\u00e7in \u00e7ok y\u00f6nl\u00fc kal\u0131rken Do\u011fu kuyumculu\u011funun sanat\u0131n\u0131 yans\u0131tan miras desenleriyle yontulmu\u015ftur. G\u00fcnl\u00fck kullan\u0131m i\u00e7in ideal olan 18 in\u00e7lik uzunluk, t\u00f6rensel \u00f6z\u00fcn\u00fc korurken boyun \u00e7izgisini zarif bir \u015fekilde \u00e7er\u00e7eveliyor.<\/p>","protected":false},"excerpt":{"rendered":"<p>Bir klasik yeniden do\u011fuyor: 22 ayar alt\u0131n Armari Mangalsutra, dokulu alt\u0131n boncuklar\u0131 ve geleneksel siyah ba\u011flant\u0131lar\u0131, anlam ve g\u00fczellikle dolu 18 in\u00e7lik bir tasar\u0131mda harmanl\u0131yor.<\/p>\n<p><strong>Malzeme:<\/strong> 22 Ayar Alt\u0131n<br \/>\n<strong>Hallmark:<\/strong>\u00a0\u0130ngiliz Damgas\u0131<br \/>\n<strong>Merkezde Boncuk Geni\u015fli\u011fi :<\/strong>\u00a05 mm<br \/>\n<strong>Br\u00fct A\u011f\u0131rl\u0131k:\u00a0<\/strong> 7.72 Gms<br \/>\n<strong>Uzunluk:<\/strong>\u00a018 \u0130n\u00e7<br \/>\n<strong>SKU:<\/strong> 47945<\/p>\n<p><strong>Fiyat ve Teslimat:\u00a0<\/strong>KDV ve teslimat \u00fccretleri dahil<strong><br \/>\n<a href=\"https:\/\/www.purejewels.com\/tr\/i%cc%87ade-poli%cc%87ti%cc%87kasi\/\">\u0130ade Politikas\u0131<\/a><\/strong><\/p>","protected":false},"featured_media":409352,"comment_status":"closed","ping_status":"closed","template":"","meta":{"_eb_attr":"","_crsspst_to_jayantr4sg-hostcom":false},"product_brand":[],"product_cat":[1791,245,6133,236,1775,1793,1229,1284,1776,1573,1574],"product_tag":[],"class_list":{"0":"post-409350","1":"product","2":"type-product","3":"status-publish","4":"has-post-thumbnail","6":"product_cat-anniversary-gifts","7":"product_cat-armari-collections","8":"product_cat-armari-mangalsutra","9":"product_cat-collections","10":"product_cat-daily-wear-mangalsutras","11":"product_cat-diwali-gifts","12":"product_cat-22ct-gold-jewellery","13":"product_cat-gold-mangalsutras","14":"product_cat-occasional-wear-mangalsutras","15":"product_cat-wedding-gifts","16":"product_cat-womens-jewellery","18":"first","19":"outofstock","20":"taxable","21":"shipping-taxable","22":"product-type-simple","23":"add-to-wishlist-before_image"},"yoast_head":"<!-- This site is optimized with the Yoast SEO plugin v27.5 - https:\/\/yoast.com\/product\/yoast-seo-wordpress\/ -->\n<title>22ct Gold Armari Traditional Mangalsutra | PureJewels UK<\/title>\n<meta name=\"description\" content=\"Elegant 22ct Gold Armari Mangalsutra featuring textured gold beads and black detailing. 18 inches of heritage-inspired craftsmanship, exclusively by PureJewels.\" \/>\n<meta name=\"robots\" content=\"index, follow, max-snippet:-1, max-image-preview:large, max-video-preview:-1\" \/>\n<link rel=\"canonical\" href=\"https:\/\/www.purejewels.com\/tr\/urun\/22-ayar-altin-armari-mangalsutra-18-inc-47945\/\" \/>\n<meta property=\"og:locale\" content=\"tr_TR\" \/>\n<meta property=\"og:type\" content=\"article\" \/>\n<meta property=\"og:title\" content=\"22ct Gold Armari Traditional Mangalsutra | PureJewels UK\" \/>\n<meta property=\"og:description\" content=\"Elegant 22ct Gold Armari Mangalsutra featuring textured gold beads and black detailing. 18 inches of heritage-inspired craftsmanship, exclusively by PureJewels.\" \/>\n<meta property=\"og:url\" content=\"https:\/\/www.purejewels.com\/tr\/urun\/22-ayar-altin-armari-mangalsutra-18-inc-47945\/\" \/>\n<meta property=\"og:site_name\" content=\"PureJewels UK\" \/>\n<meta property=\"article:modified_time\" content=\"2026-01-21T08:49:18+00:00\" \/>\n<meta property=\"og:image\" content=\"https:\/\/static.purejewels.com\/wp-content\/uploads\/2025\/08\/SKU-47945.jpg\" \/>\n\t<meta property=\"og:image:width\" content=\"1000\" \/>\n\t<meta property=\"og:image:height\" content=\"1000\" \/>\n\t<meta property=\"og:image:type\" content=\"image\/jpeg\" \/>\n<meta name=\"twitter:card\" content=\"summary_large_image\" \/>\n<meta name=\"twitter:label1\" content=\"Tahmini okuma s\u00fcresi\" \/>\n\t<meta name=\"twitter:data1\" content=\"1 dakika\" \/>\n<script type=\"application\/ld+json\" class=\"yoast-schema-graph\">{\"@context\":\"https:\\\/\\\/schema.org\",\"@graph\":[{\"@type\":[\"WebPage\",\"ItemPage\"],\"@id\":\"https:\\\/\\\/www.purejewels.com\\\/product\\\/22ct-gold-armari-mangalsutra-18-inches-47945\\\/\",\"url\":\"https:\\\/\\\/www.purejewels.com\\\/product\\\/22ct-gold-armari-mangalsutra-18-inches-47945\\\/\",\"name\":\"22ct Gold Armari Traditional Mangalsutra | PureJewels UK\",\"isPartOf\":{\"@id\":\"https:\\\/\\\/www.purejewels.com\\\/#website\"},\"primaryImageOfPage\":{\"@id\":\"https:\\\/\\\/www.purejewels.com\\\/product\\\/22ct-gold-armari-mangalsutra-18-inches-47945\\\/#primaryimage\"},\"image\":{\"@id\":\"https:\\\/\\\/www.purejewels.com\\\/product\\\/22ct-gold-armari-mangalsutra-18-inches-47945\\\/#primaryimage\"},\"thumbnailUrl\":\"https:\\\/\\\/static.purejewels.com\\\/wp-content\\\/uploads\\\/2025\\\/08\\\/SKU-47945.jpg\",\"datePublished\":\"2025-07-21T10:31:45+00:00\",\"dateModified\":\"2026-01-21T08:49:18+00:00\",\"description\":\"Elegant 22ct Gold Armari Mangalsutra featuring textured gold beads and black detailing. 18 inches of heritage-inspired craftsmanship, exclusively by PureJewels.\",\"breadcrumb\":{\"@id\":\"https:\\\/\\\/www.purejewels.com\\\/product\\\/22ct-gold-armari-mangalsutra-18-inches-47945\\\/#breadcrumb\"},\"inLanguage\":\"tr\",\"potentialAction\":[{\"@type\":\"ReadAction\",\"target\":[\"https:\\\/\\\/www.purejewels.com\\\/product\\\/22ct-gold-armari-mangalsutra-18-inches-47945\\\/\"]}]},{\"@type\":\"ImageObject\",\"inLanguage\":\"tr\",\"@id\":\"https:\\\/\\\/www.purejewels.com\\\/product\\\/22ct-gold-armari-mangalsutra-18-inches-47945\\\/#primaryimage\",\"url\":\"https:\\\/\\\/static.purejewels.com\\\/wp-content\\\/uploads\\\/2025\\\/08\\\/SKU-47945.jpg\",\"contentUrl\":\"https:\\\/\\\/static.purejewels.com\\\/wp-content\\\/uploads\\\/2025\\\/08\\\/SKU-47945.jpg\",\"width\":1000,\"height\":1000,\"caption\":\"Stacked from 5 images. Method=B (R=8,S=4)\"},{\"@type\":\"BreadcrumbList\",\"@id\":\"https:\\\/\\\/www.purejewels.com\\\/product\\\/22ct-gold-armari-mangalsutra-18-inches-47945\\\/#breadcrumb\",\"itemListElement\":[{\"@type\":\"ListItem\",\"position\":1,\"name\":\"Home\",\"item\":\"https:\\\/\\\/www.purejewels.com\\\/\"},{\"@type\":\"ListItem\",\"position\":2,\"name\":\"Shop\",\"item\":\"https:\\\/\\\/www.purejewels.com\\\/shop\\\/\"},{\"@type\":\"ListItem\",\"position\":3,\"name\":\"22ct Gold Armari MangalSutra | 18 Inches\"}]},{\"@type\":\"WebSite\",\"@id\":\"https:\\\/\\\/www.purejewels.com\\\/#website\",\"url\":\"https:\\\/\\\/www.purejewels.com\\\/\",\"name\":\"PureJewels UK\",\"description\":\"Share the Love\",\"publisher\":{\"@id\":\"https:\\\/\\\/www.purejewels.com\\\/#organization\"},\"potentialAction\":[{\"@type\":\"SearchAction\",\"target\":{\"@type\":\"EntryPoint\",\"urlTemplate\":\"https:\\\/\\\/www.purejewels.com\\\/?s={search_term_string}\"},\"query-input\":{\"@type\":\"PropertyValueSpecification\",\"valueRequired\":true,\"valueName\":\"search_term_string\"}}],\"inLanguage\":\"tr\"},{\"@type\":\"Organization\",\"@id\":\"https:\\\/\\\/www.purejewels.com\\\/#organization\",\"name\":\"PureJewels UK\",\"url\":\"https:\\\/\\\/www.purejewels.com\\\/\",\"logo\":{\"@type\":\"ImageObject\",\"inLanguage\":\"tr\",\"@id\":\"https:\\\/\\\/www.purejewels.com\\\/#\\\/schema\\\/logo\\\/image\\\/\",\"url\":\"https:\\\/\\\/static.purejewels.com\\\/wp-content\\\/uploads\\\/2020\\\/11\\\/Logo-PJ-New-1.png\",\"contentUrl\":\"https:\\\/\\\/static.purejewels.com\\\/wp-content\\\/uploads\\\/2020\\\/11\\\/Logo-PJ-New-1.png\",\"width\":150,\"height\":80,\"caption\":\"PureJewels UK\"},\"image\":{\"@id\":\"https:\\\/\\\/www.purejewels.com\\\/#\\\/schema\\\/logo\\\/image\\\/\"}}]}<\/script>\n<!-- \/ Yoast SEO plugin. -->","yoast_head_json":{"title":"22 Ayar Alt\u0131n Armari Geleneksel Mangalsutra | PureJewels UK","description":"Dokulu alt\u0131n boncuklar ve siyah detaylara sahip zarif 22 Ayar Alt\u0131n Armari Mangalsutra. 18 in\u00e7lik mirastan ilham alan i\u015f\u00e7ilik, sadece PureJewels taraf\u0131ndan.","robots":{"index":"index","follow":"follow","max-snippet":"max-snippet:-1","max-image-preview":"max-image-preview:large","max-video-preview":"max-video-preview:-1"},"canonical":"https:\/\/www.purejewels.com\/tr\/urun\/22-ayar-altin-armari-mangalsutra-18-inc-47945\/","og_locale":"tr_TR","og_type":"article","og_title":"22ct Gold Armari Traditional Mangalsutra | PureJewels UK","og_description":"Elegant 22ct Gold Armari Mangalsutra featuring textured gold beads and black detailing. 18 inches of heritage-inspired craftsmanship, exclusively by PureJewels.","og_url":"https:\/\/www.purejewels.com\/tr\/urun\/22-ayar-altin-armari-mangalsutra-18-inc-47945\/","og_site_name":"PureJewels UK","article_modified_time":"2026-01-21T08:49:18+00:00","og_image":[{"width":1000,"height":1000,"url":"https:\/\/static.purejewels.com\/wp-content\/uploads\/2025\/08\/SKU-47945.jpg","type":"image\/jpeg"}],"twitter_card":"summary_large_image","twitter_misc":{"Tahmini okuma s\u00fcresi":"1 dakika"},"schema":{"@context":"https:\/\/schema.org","@graph":[{"@type":["WebPage","ItemPage"],"@id":"https:\/\/www.purejewels.com\/product\/22ct-gold-armari-mangalsutra-18-inches-47945\/","url":"https:\/\/www.purejewels.com\/product\/22ct-gold-armari-mangalsutra-18-inches-47945\/","name":"22 Ayar Alt\u0131n Armari Geleneksel Mangalsutra | PureJewels UK","isPartOf":{"@id":"https:\/\/www.purejewels.com\/#website"},"primaryImageOfPage":{"@id":"https:\/\/www.purejewels.com\/product\/22ct-gold-armari-mangalsutra-18-inches-47945\/#primaryimage"},"image":{"@id":"https:\/\/www.purejewels.com\/product\/22ct-gold-armari-mangalsutra-18-inches-47945\/#primaryimage"},"thumbnailUrl":"https:\/\/static.purejewels.com\/wp-content\/uploads\/2025\/08\/SKU-47945.jpg","datePublished":"2025-07-21T10:31:45+00:00","dateModified":"2026-01-21T08:49:18+00:00","description":"Dokulu alt\u0131n boncuklar ve siyah detaylara sahip zarif 22 Ayar Alt\u0131n Armari Mangalsutra. 18 in\u00e7lik mirastan ilham alan i\u015f\u00e7ilik, sadece PureJewels taraf\u0131ndan.","breadcrumb":{"@id":"https:\/\/www.purejewels.com\/product\/22ct-gold-armari-mangalsutra-18-inches-47945\/#breadcrumb"},"inLanguage":"tr","potentialAction":[{"@type":"ReadAction","target":["https:\/\/www.purejewels.com\/product\/22ct-gold-armari-mangalsutra-18-inches-47945\/"]}]},{"@type":"ImageObject","inLanguage":"tr","@id":"https:\/\/www.purejewels.com\/product\/22ct-gold-armari-mangalsutra-18-inches-47945\/#primaryimage","url":"https:\/\/static.purejewels.com\/wp-content\/uploads\/2025\/08\/SKU-47945.jpg","contentUrl":"https:\/\/static.purejewels.com\/wp-content\/uploads\/2025\/08\/SKU-47945.jpg","width":1000,"height":1000,"caption":"Stacked from 5 images. Method=B (R=8,S=4)"},{"@type":"BreadcrumbList","@id":"https:\/\/www.purejewels.com\/product\/22ct-gold-armari-mangalsutra-18-inches-47945\/#breadcrumb","itemListElement":[{"@type":"ListItem","position":1,"name":"Home","item":"https:\/\/www.purejewels.com\/"},{"@type":"ListItem","position":2,"name":"Shop","item":"https:\/\/www.purejewels.com\/shop\/"},{"@type":"ListItem","position":3,"name":"22ct Gold Armari MangalSutra | 18 Inches"}]},{"@type":"WebSite","@id":"https:\/\/www.purejewels.com\/#website","url":"https:\/\/www.purejewels.com\/","name":"PureJewels \u0130ngiltere","description":"Sevgiyi Payla\u015f\u0131n","publisher":{"@id":"https:\/\/www.purejewels.com\/#organization"},"potentialAction":[{"@type":"SearchAction","target":{"@type":"EntryPoint","urlTemplate":"https:\/\/www.purejewels.com\/?s={search_term_string}"},"query-input":{"@type":"PropertyValueSpecification","valueRequired":true,"valueName":"search_term_string"}}],"inLanguage":"tr"},{"@type":"Organization","@id":"https:\/\/www.purejewels.com\/#organization","name":"PureJewels \u0130ngiltere","url":"https:\/\/www.purejewels.com\/","logo":{"@type":"ImageObject","inLanguage":"tr","@id":"https:\/\/www.purejewels.com\/#\/schema\/logo\/image\/","url":"https:\/\/static.purejewels.com\/wp-content\/uploads\/2020\/11\/Logo-PJ-New-1.png","contentUrl":"https:\/\/static.purejewels.com\/wp-content\/uploads\/2020\/11\/Logo-PJ-New-1.png","width":150,"height":80,"caption":"PureJewels UK"},"image":{"@id":"https:\/\/www.purejewels.com\/#\/schema\/logo\/image\/"}}]}},"_links":{"self":[{"href":"https:\/\/www.purejewels.com\/tr\/wp-json\/wp\/v2\/product\/409350","targetHints":{"allow":["GET"]}}],"collection":[{"href":"https:\/\/www.purejewels.com\/tr\/wp-json\/wp\/v2\/product"}],"about":[{"href":"https:\/\/www.purejewels.com\/tr\/wp-json\/wp\/v2\/types\/product"}],"replies":[{"embeddable":true,"href":"https:\/\/www.purejewels.com\/tr\/wp-json\/wp\/v2\/comments?post=409350"}],"version-history":[{"count":2,"href":"https:\/\/www.purejewels.com\/tr\/wp-json\/wp\/v2\/product\/409350\/revisions"}],"predecessor-version":[{"id":415644,"href":"https:\/\/www.purejewels.com\/tr\/wp-json\/wp\/v2\/product\/409350\/revisions\/415644"}],"wp:featuredmedia":[{"embeddable":true,"href":"https:\/\/www.purejewels.com\/tr\/wp-json\/wp\/v2\/media\/409352"}],"wp:attachment":[{"href":"https:\/\/www.purejewels.com\/tr\/wp-json\/wp\/v2\/media?parent=409350"}],"wp:term":[{"taxonomy":"product_brand","embeddable":true,"href":"https:\/\/www.purejewels.com\/tr\/wp-json\/wp\/v2\/product_brand?post=409350"},{"taxonomy":"product_cat","embeddable":true,"href":"https:\/\/www.purejewels.com\/tr\/wp-json\/wp\/v2\/product_cat?post=409350"},{"taxonomy":"product_tag","embeddable":true,"href":"https:\/\/www.purejewels.com\/tr\/wp-json\/wp\/v2\/product_tag?post=409350"}],"curies":[{"name":"wp","href":"https:\/\/api.w.org\/{rel}","templated":true}]}}