{"id":409359,"date":"2025-07-05T11:57:47","date_gmt":"2025-07-05T10:57:47","guid":{"rendered":"https:\/\/www.purejewels.com\/?post_type=product&#038;p=409359"},"modified":"2026-02-09T10:12:23","modified_gmt":"2026-02-09T10:12:23","slug":"18-ayar-sari-altin-tektas-yuzuk-49913","status":"publish","type":"product","link":"https:\/\/www.purejewels.com\/tr\/product\/solitaire-ring-in-18ct-yellow-gold-49913\/","title":{"rendered":"Lotus Tomurcu\u011fu Ni\u015fan Y\u00fcz\u00fc\u011f\u00fc 1.6ct"},"content":{"rendered":"<h3 data-start=\"182\" data-end=\"219\">Parlak Lotus Tomurcu\u011fu Y\u00fcz\u00fck<\/h3>\n<p data-start=\"220\" data-end=\"271\"><strong data-start=\"220\" data-end=\"271\">18 Ayar Sar\u0131 Alt\u0131n | 1,60 Ayar GIA Sertifikal\u0131 P\u0131rlanta<\/strong><\/p>\n<p data-start=\"273\" data-end=\"556\">Safl\u0131\u011f\u0131n ve ba\u011flant\u0131n\u0131n \u015fiirsel bir kutlamas\u0131 olan <em data-start=\"324\" data-end=\"342\">Tomurcuk Parlakl\u0131\u011f\u0131<\/em> y\u00fcz\u00fck lotus \u00e7i\u00e7e\u011finin \u015fefkatli g\u00fczelli\u011finden ilham al\u0131yor. Zarif, nil\u00fcferden ilham alan \u00e7atallar\u0131n i\u00e7inde, yeni ba\u015flang\u0131\u00e7lar\u0131n ve kal\u0131c\u0131 a\u015fk\u0131n sembol\u00fc olan p\u0131rlanta kesim, GIA sertifikal\u0131 do\u011fal bir elmas yat\u0131yor.<\/p>\n<p data-start=\"558\" data-end=\"839\">Bu tekta\u015f y\u00fcz\u00fc\u011f\u00fcn her bir unsuru, lotus sap\u0131n\u0131n organik k\u0131vr\u0131mlar\u0131n\u0131 yans\u0131tan 18 ayar sar\u0131 alt\u0131ndan \u00f6zenle el i\u015f\u00e7ili\u011fiyle \u00fcretilmi\u015ftir. \u00c7i\u00e7ek a\u00e7an bir \u00e7i\u00e7e\u011fin sessiz g\u00fcc\u00fc gibi, g\u00fcven, ba\u011fl\u0131l\u0131k ve ger\u00e7ek ba\u011flant\u0131y\u0131 tan\u0131mlayan hassas esneklikten bahseder.<\/p>\n<p data-start=\"841\" data-end=\"1089\">\u0130nce s\u00fcslemeler ve ak\u0131c\u0131 \u00e7izgiler lotusun dallar\u0131n\u0131 yans\u0131t\u0131yor - geli\u015fmemizi sa\u011flayan destek a\u011flar\u0131na bir selam. Yolculu\u011funuzu onurland\u0131rmak i\u00e7in tasarlanan bu y\u00fcz\u00fck, sembolizm ile zarafeti bir araya getirerek anlaml\u0131 bir g\u00fczellik arayanlar i\u00e7in idealdir.<\/p>","protected":false},"excerpt":{"rendered":"<p class=\"\" data-start=\"0\" data-end=\"289\">Zamans\u0131z bir <em data-start=\"11\" data-end=\"20\">Bud<\/em>\u00a0Lotus \u00e7i\u00e7e\u011finin safl\u0131\u011f\u0131ndan ilham alan tekta\u015f y\u00fcz\u00fck, 18 ayar sar\u0131 alt\u0131ndan el i\u015f\u00e7ili\u011fiyle \u00fcretilmi\u015ftir. GIA sertifikal\u0131 1,60 ct p\u0131rlanta kesim p\u0131rlantaya sahip olan bu y\u00fcz\u00fck, yeni ba\u015flang\u0131\u00e7lar\u0131 ve kal\u0131c\u0131 a\u015fk\u0131 sembolize eder. Narin \u00e7atallar ve ak\u0131c\u0131 \u00e7izgiler zarafeti, g\u00fcveni ve ba\u011flant\u0131y\u0131 \u00e7a\u011fr\u0131\u015ft\u0131r\u0131r.<\/p>\n<p><strong>Malzeme:<\/strong> 18 Ayar Sar\u0131 Alt\u0131n<br \/>\n<strong><strong>Hallmark: <\/strong><\/strong>\u0130ngiliz Damgas\u0131<strong><strong><br \/>\n<\/strong><\/strong><strong><strong>Ta\u015f: <\/strong><\/strong>Do\u011fal Parlak Kesim P\u0131rlanta<strong><strong><br \/>\n<\/strong><\/strong><strong><strong><b>Sertifika: <\/b><\/strong><\/strong>GIA sertifikal\u0131<strong><strong><br \/>\n<strong>Elmas A\u011f\u0131rl\u0131\u011f\u0131: <\/strong><\/strong><\/strong>1,60 ct<br \/>\n<b>Elmas Berrakl\u0131\u011f\u0131: <\/b>IF - Dahili Olarak Kusursuz<br \/>\n<strong><strong><strong><strong><strong>Renk S\u0131n\u0131f\u0131: <\/strong><\/strong><\/strong><\/strong><\/strong>Q - R Aral\u0131\u011f\u0131<strong><strong><strong><strong><strong><br \/>\n<strong>Y\u00fcz\u00fck \u00d6l\u00e7\u00fcs\u00fc: <\/strong><\/strong><\/strong><\/strong><\/strong><\/strong>M (Di\u011fer boyutlar istek \u00fczerine mevcuttur)<br \/>\n<strong>SKU: <\/strong>49913<\/p>\n<p><strong>Fiyat ve Teslimat:<\/strong>\u00a0KDV ve teslimat \u00fccretleri dahil<br \/>\n<strong>Garanti:<\/strong>\u00a0\u00fccretsiz vale hizmeti ve g\u00fcvenlik a\u00e7\u0131\u011f\u0131 kontrolleri<br \/>\n<strong>Not:\u00a0<\/strong>Bu y\u00fcz\u00fck t\u00fcm parmak \u00f6l\u00e7\u00fclerinde mevcuttur. L\u00fctfen\u00a0<strong id=\"btn_TawkLink\">\u0130leti\u015fime ge\u00e7in\u00a0<\/strong>size en uygun olan\u0131 sipari\u015f etmek i\u00e7in.<br \/>\n<a href=\"https:\/\/www.purejewels.com\/tr\/i%cc%87ade-poli%cc%87ti%cc%87kasi\/\">\u0130ade Politikas\u0131<\/a><\/p>","protected":false},"featured_media":409362,"comment_status":"closed","ping_status":"closed","template":"","meta":{"_eb_attr":"","_crsspst_to_jayantr4sg-hostcom":false},"product_brand":[],"product_cat":[1791,5457,5460,1796,231,1235,1633,6050,6042,1569,226,1574],"product_tag":[5963,5941,5962],"class_list":{"0":"post-409359","1":"product","2":"type-product","3":"status-publish","4":"has-post-thumbnail","6":"product_cat-anniversary-gifts","7":"product_cat-diamond-jewellery","8":"product_cat-diamond-ring","9":"product_cat-diamond-rings","10":"product_cat-engagement-rings","11":"product_cat-gold-rings","12":"product_cat-lotus-collections","13":"product_cat-lotus-ring","14":"product_cat-solitaire-ring","15":"product_cat-valentine-day-gifts","16":"product_cat-wedding-rings-bands","17":"product_cat-womens-jewellery","18":"product_tag-diamond","19":"product_tag-ring","20":"product_tag-solitaire","22":"first","23":"instock","24":"taxable","25":"shipping-taxable","26":"purchasable","27":"product-type-simple","28":"add-to-wishlist-before_image"},"yoast_head":"<!-- This site is optimized with the Yoast SEO plugin v27.5 - https:\/\/yoast.com\/product\/yoast-seo-wordpress\/ -->\n<title>Solitaire Diamond Ring 1.60 carats | PureJewels UK<\/title>\n<meta name=\"description\" content=\"Discover the Blossom Radiance diamond solitaire ring from PureJewels\u2019 Lotus Collection. Crafted in 18ct gold with lotus-inspired prongs.\" \/>\n<meta name=\"robots\" content=\"index, follow, max-snippet:-1, max-image-preview:large, max-video-preview:-1\" \/>\n<link rel=\"canonical\" href=\"https:\/\/www.purejewels.com\/tr\/urun\/18-ayar-sari-altin-tektas-yuzuk-49913\/\" \/>\n<meta property=\"og:locale\" content=\"tr_TR\" \/>\n<meta property=\"og:type\" content=\"article\" \/>\n<meta property=\"og:title\" content=\"Solitaire Diamond Ring 1.60 carats | PureJewels UK\" \/>\n<meta property=\"og:description\" content=\"Discover the Blossom Radiance diamond solitaire ring from PureJewels\u2019 Lotus Collection. Crafted in 18ct gold with lotus-inspired prongs.\" \/>\n<meta property=\"og:url\" content=\"https:\/\/www.purejewels.com\/tr\/urun\/18-ayar-sari-altin-tektas-yuzuk-49913\/\" \/>\n<meta property=\"og:site_name\" content=\"PureJewels UK\" \/>\n<meta property=\"article:modified_time\" content=\"2026-02-09T10:12:23+00:00\" \/>\n<meta property=\"og:image\" content=\"https:\/\/static.purejewels.com\/wp-content\/uploads\/2025\/08\/SKU-49913.1.jpg\" \/>\n\t<meta property=\"og:image:width\" content=\"1000\" \/>\n\t<meta property=\"og:image:height\" content=\"1000\" \/>\n\t<meta property=\"og:image:type\" content=\"image\/jpeg\" \/>\n<meta name=\"twitter:card\" content=\"summary_large_image\" \/>\n<meta name=\"twitter:label1\" content=\"Tahmini okuma s\u00fcresi\" \/>\n\t<meta name=\"twitter:data1\" content=\"1 dakika\" \/>\n<script type=\"application\/ld+json\" class=\"yoast-schema-graph\">{\"@context\":\"https:\\\/\\\/schema.org\",\"@graph\":[{\"@type\":[\"WebPage\",\"ItemPage\"],\"@id\":\"https:\\\/\\\/www.purejewels.com\\\/product\\\/solitaire-ring-in-18ct-yellow-gold-49913\\\/\",\"url\":\"https:\\\/\\\/www.purejewels.com\\\/product\\\/solitaire-ring-in-18ct-yellow-gold-49913\\\/\",\"name\":\"Solitaire Diamond Ring 1.60 carats | PureJewels UK\",\"isPartOf\":{\"@id\":\"https:\\\/\\\/www.purejewels.com\\\/#website\"},\"primaryImageOfPage\":{\"@id\":\"https:\\\/\\\/www.purejewels.com\\\/product\\\/solitaire-ring-in-18ct-yellow-gold-49913\\\/#primaryimage\"},\"image\":{\"@id\":\"https:\\\/\\\/www.purejewels.com\\\/product\\\/solitaire-ring-in-18ct-yellow-gold-49913\\\/#primaryimage\"},\"thumbnailUrl\":\"https:\\\/\\\/static.purejewels.com\\\/wp-content\\\/uploads\\\/2025\\\/08\\\/SKU-49913.1.jpg\",\"datePublished\":\"2025-07-05T10:57:47+00:00\",\"dateModified\":\"2026-02-09T10:12:23+00:00\",\"description\":\"Discover the Blossom Radiance diamond solitaire ring from PureJewels\u2019 Lotus Collection. Crafted in 18ct gold with lotus-inspired prongs.\",\"breadcrumb\":{\"@id\":\"https:\\\/\\\/www.purejewels.com\\\/product\\\/solitaire-ring-in-18ct-yellow-gold-49913\\\/#breadcrumb\"},\"inLanguage\":\"tr\",\"potentialAction\":[{\"@type\":\"ReadAction\",\"target\":[\"https:\\\/\\\/www.purejewels.com\\\/product\\\/solitaire-ring-in-18ct-yellow-gold-49913\\\/\"]}]},{\"@type\":\"ImageObject\",\"inLanguage\":\"tr\",\"@id\":\"https:\\\/\\\/www.purejewels.com\\\/product\\\/solitaire-ring-in-18ct-yellow-gold-49913\\\/#primaryimage\",\"url\":\"https:\\\/\\\/static.purejewels.com\\\/wp-content\\\/uploads\\\/2025\\\/08\\\/SKU-49913.1.jpg\",\"contentUrl\":\"https:\\\/\\\/static.purejewels.com\\\/wp-content\\\/uploads\\\/2025\\\/08\\\/SKU-49913.1.jpg\",\"width\":1000,\"height\":1000,\"caption\":\"Lotus Ring in 18ct Yellow Gold\"},{\"@type\":\"BreadcrumbList\",\"@id\":\"https:\\\/\\\/www.purejewels.com\\\/product\\\/solitaire-ring-in-18ct-yellow-gold-49913\\\/#breadcrumb\",\"itemListElement\":[{\"@type\":\"ListItem\",\"position\":1,\"name\":\"Home\",\"item\":\"https:\\\/\\\/www.purejewels.com\\\/\"},{\"@type\":\"ListItem\",\"position\":2,\"name\":\"Shop\",\"item\":\"https:\\\/\\\/www.purejewels.com\\\/shop\\\/\"},{\"@type\":\"ListItem\",\"position\":3,\"name\":\"Lotus Bud Engagement Ring 1.6ct\"}]},{\"@type\":\"WebSite\",\"@id\":\"https:\\\/\\\/www.purejewels.com\\\/#website\",\"url\":\"https:\\\/\\\/www.purejewels.com\\\/\",\"name\":\"PureJewels UK\",\"description\":\"Share the Love\",\"publisher\":{\"@id\":\"https:\\\/\\\/www.purejewels.com\\\/#organization\"},\"potentialAction\":[{\"@type\":\"SearchAction\",\"target\":{\"@type\":\"EntryPoint\",\"urlTemplate\":\"https:\\\/\\\/www.purejewels.com\\\/?s={search_term_string}\"},\"query-input\":{\"@type\":\"PropertyValueSpecification\",\"valueRequired\":true,\"valueName\":\"search_term_string\"}}],\"inLanguage\":\"tr\"},{\"@type\":\"Organization\",\"@id\":\"https:\\\/\\\/www.purejewels.com\\\/#organization\",\"name\":\"PureJewels UK\",\"url\":\"https:\\\/\\\/www.purejewels.com\\\/\",\"logo\":{\"@type\":\"ImageObject\",\"inLanguage\":\"tr\",\"@id\":\"https:\\\/\\\/www.purejewels.com\\\/#\\\/schema\\\/logo\\\/image\\\/\",\"url\":\"https:\\\/\\\/static.purejewels.com\\\/wp-content\\\/uploads\\\/2020\\\/11\\\/Logo-PJ-New-1.png\",\"contentUrl\":\"https:\\\/\\\/static.purejewels.com\\\/wp-content\\\/uploads\\\/2020\\\/11\\\/Logo-PJ-New-1.png\",\"width\":150,\"height\":80,\"caption\":\"PureJewels UK\"},\"image\":{\"@id\":\"https:\\\/\\\/www.purejewels.com\\\/#\\\/schema\\\/logo\\\/image\\\/\"}}]}<\/script>\n<!-- \/ Yoast SEO plugin. -->","yoast_head_json":{"title":"Tekta\u015f P\u0131rlanta Y\u00fcz\u00fck 1,60 karat | PureJewels UK","description":"PureJewels'in Lotus Koleksiyonu'ndan Blossom Radiance p\u0131rlanta tekta\u015f y\u00fcz\u00fc\u011f\u00fc ke\u015ffedin. Lotustan ilham alan \u00e7atallarla 18 ayar alt\u0131ndan \u00fcretilmi\u015ftir.","robots":{"index":"index","follow":"follow","max-snippet":"max-snippet:-1","max-image-preview":"max-image-preview:large","max-video-preview":"max-video-preview:-1"},"canonical":"https:\/\/www.purejewels.com\/tr\/urun\/18-ayar-sari-altin-tektas-yuzuk-49913\/","og_locale":"tr_TR","og_type":"article","og_title":"Solitaire Diamond Ring 1.60 carats | PureJewels UK","og_description":"Discover the Blossom Radiance diamond solitaire ring from PureJewels\u2019 Lotus Collection. Crafted in 18ct gold with lotus-inspired prongs.","og_url":"https:\/\/www.purejewels.com\/tr\/urun\/18-ayar-sari-altin-tektas-yuzuk-49913\/","og_site_name":"PureJewels UK","article_modified_time":"2026-02-09T10:12:23+00:00","og_image":[{"width":1000,"height":1000,"url":"https:\/\/static.purejewels.com\/wp-content\/uploads\/2025\/08\/SKU-49913.1.jpg","type":"image\/jpeg"}],"twitter_card":"summary_large_image","twitter_misc":{"Tahmini okuma s\u00fcresi":"1 dakika"},"schema":{"@context":"https:\/\/schema.org","@graph":[{"@type":["WebPage","ItemPage"],"@id":"https:\/\/www.purejewels.com\/product\/solitaire-ring-in-18ct-yellow-gold-49913\/","url":"https:\/\/www.purejewels.com\/product\/solitaire-ring-in-18ct-yellow-gold-49913\/","name":"Tekta\u015f P\u0131rlanta Y\u00fcz\u00fck 1,60 karat | PureJewels UK","isPartOf":{"@id":"https:\/\/www.purejewels.com\/#website"},"primaryImageOfPage":{"@id":"https:\/\/www.purejewels.com\/product\/solitaire-ring-in-18ct-yellow-gold-49913\/#primaryimage"},"image":{"@id":"https:\/\/www.purejewels.com\/product\/solitaire-ring-in-18ct-yellow-gold-49913\/#primaryimage"},"thumbnailUrl":"https:\/\/static.purejewels.com\/wp-content\/uploads\/2025\/08\/SKU-49913.1.jpg","datePublished":"2025-07-05T10:57:47+00:00","dateModified":"2026-02-09T10:12:23+00:00","description":"PureJewels'in Lotus Koleksiyonu'ndan Blossom Radiance p\u0131rlanta tekta\u015f y\u00fcz\u00fc\u011f\u00fc ke\u015ffedin. Lotustan ilham alan \u00e7atallarla 18 ayar alt\u0131ndan \u00fcretilmi\u015ftir.","breadcrumb":{"@id":"https:\/\/www.purejewels.com\/product\/solitaire-ring-in-18ct-yellow-gold-49913\/#breadcrumb"},"inLanguage":"tr","potentialAction":[{"@type":"ReadAction","target":["https:\/\/www.purejewels.com\/product\/solitaire-ring-in-18ct-yellow-gold-49913\/"]}]},{"@type":"ImageObject","inLanguage":"tr","@id":"https:\/\/www.purejewels.com\/product\/solitaire-ring-in-18ct-yellow-gold-49913\/#primaryimage","url":"https:\/\/static.purejewels.com\/wp-content\/uploads\/2025\/08\/SKU-49913.1.jpg","contentUrl":"https:\/\/static.purejewels.com\/wp-content\/uploads\/2025\/08\/SKU-49913.1.jpg","width":1000,"height":1000,"caption":"Lotus Ring in 18ct Yellow Gold"},{"@type":"BreadcrumbList","@id":"https:\/\/www.purejewels.com\/product\/solitaire-ring-in-18ct-yellow-gold-49913\/#breadcrumb","itemListElement":[{"@type":"ListItem","position":1,"name":"Home","item":"https:\/\/www.purejewels.com\/"},{"@type":"ListItem","position":2,"name":"Shop","item":"https:\/\/www.purejewels.com\/shop\/"},{"@type":"ListItem","position":3,"name":"Lotus Bud Engagement Ring 1.6ct"}]},{"@type":"WebSite","@id":"https:\/\/www.purejewels.com\/#website","url":"https:\/\/www.purejewels.com\/","name":"PureJewels \u0130ngiltere","description":"Sevgiyi Payla\u015f\u0131n","publisher":{"@id":"https:\/\/www.purejewels.com\/#organization"},"potentialAction":[{"@type":"SearchAction","target":{"@type":"EntryPoint","urlTemplate":"https:\/\/www.purejewels.com\/?s={search_term_string}"},"query-input":{"@type":"PropertyValueSpecification","valueRequired":true,"valueName":"search_term_string"}}],"inLanguage":"tr"},{"@type":"Organization","@id":"https:\/\/www.purejewels.com\/#organization","name":"PureJewels \u0130ngiltere","url":"https:\/\/www.purejewels.com\/","logo":{"@type":"ImageObject","inLanguage":"tr","@id":"https:\/\/www.purejewels.com\/#\/schema\/logo\/image\/","url":"https:\/\/static.purejewels.com\/wp-content\/uploads\/2020\/11\/Logo-PJ-New-1.png","contentUrl":"https:\/\/static.purejewels.com\/wp-content\/uploads\/2020\/11\/Logo-PJ-New-1.png","width":150,"height":80,"caption":"PureJewels UK"},"image":{"@id":"https:\/\/www.purejewels.com\/#\/schema\/logo\/image\/"}}]}},"_links":{"self":[{"href":"https:\/\/www.purejewels.com\/tr\/wp-json\/wp\/v2\/product\/409359","targetHints":{"allow":["GET"]}}],"collection":[{"href":"https:\/\/www.purejewels.com\/tr\/wp-json\/wp\/v2\/product"}],"about":[{"href":"https:\/\/www.purejewels.com\/tr\/wp-json\/wp\/v2\/types\/product"}],"replies":[{"embeddable":true,"href":"https:\/\/www.purejewels.com\/tr\/wp-json\/wp\/v2\/comments?post=409359"}],"version-history":[{"count":4,"href":"https:\/\/www.purejewels.com\/tr\/wp-json\/wp\/v2\/product\/409359\/revisions"}],"predecessor-version":[{"id":411347,"href":"https:\/\/www.purejewels.com\/tr\/wp-json\/wp\/v2\/product\/409359\/revisions\/411347"}],"wp:featuredmedia":[{"embeddable":true,"href":"https:\/\/www.purejewels.com\/tr\/wp-json\/wp\/v2\/media\/409362"}],"wp:attachment":[{"href":"https:\/\/www.purejewels.com\/tr\/wp-json\/wp\/v2\/media?parent=409359"}],"wp:term":[{"taxonomy":"product_brand","embeddable":true,"href":"https:\/\/www.purejewels.com\/tr\/wp-json\/wp\/v2\/product_brand?post=409359"},{"taxonomy":"product_cat","embeddable":true,"href":"https:\/\/www.purejewels.com\/tr\/wp-json\/wp\/v2\/product_cat?post=409359"},{"taxonomy":"product_tag","embeddable":true,"href":"https:\/\/www.purejewels.com\/tr\/wp-json\/wp\/v2\/product_tag?post=409359"}],"curies":[{"name":"wp","href":"https:\/\/api.w.org\/{rel}","templated":true}]}}