{"id":409375,"date":"2025-04-05T12:33:20","date_gmt":"2025-04-05T11:33:20","guid":{"rendered":"https:\/\/www.purejewels.com\/?post_type=product&#038;p=409375"},"modified":"2026-01-27T05:24:28","modified_gmt":"2026-01-27T05:24:28","slug":"18-ayar-altindan-cicek-salkimli-nisan-yuzugu","status":"publish","type":"product","link":"https:\/\/www.purejewels.com\/tr\/product\/floral-cluster-engagement-ring-in-18ct-gold\/","title":{"rendered":"18 Ayar Alt\u0131ndan \u00c7i\u00e7ek Salk\u0131ml\u0131 Ni\u015fan Y\u00fcz\u00fc\u011f\u00fc"},"content":{"rendered":"<p>S\u00f6z\u00fcn\u00fcz\u00fc bizim narin cazibemizle kutlay\u0131n <em data-start=\"489\" data-end=\"534\">18 Ayar Alt\u0131ndan \u00c7i\u00e7ek Salk\u0131ml\u0131 Ni\u015fan Y\u00fcz\u00fc\u011f\u00fc<\/em>. A\u00e7an bir \u00e7i\u00e7e\u011fi and\u0131racak \u015fekilde tasarlanan bu romantik par\u00e7a, toplamda 0,33 karatl\u0131k yuvarlak ve prenses kesim p\u0131rlantalar\u0131n uyumlu bir kar\u0131\u015f\u0131m\u0131na sahiptir. K\u00fcmenin yumu\u015fak k\u0131vr\u0131mlar\u0131 ince bir parlakl\u0131k yayarken, 18 ayar sar\u0131 alt\u0131n\u0131n s\u0131cak \u0131\u015f\u0131lt\u0131s\u0131 zamans\u0131z zarafetini art\u0131r\u0131yor. Klasik ve \u00e7a\u011fda\u015f aras\u0131nda m\u00fckemmel bir denge kuran bu y\u00fcz\u00fck, rafine i\u015f\u00e7ili\u011fi ve sembolik tasar\u0131m\u0131 takdir edenler i\u00e7in anlaml\u0131 bir se\u00e7imdir. P\u0131rlanta sertifikas\u0131 e\u015fli\u011finde, sonsuzlu\u011funuzun ba\u015flang\u0131c\u0131n\u0131 i\u015faretlemek i\u00e7in el yap\u0131m\u0131d\u0131r.<\/p>","protected":false},"excerpt":{"rendered":"<p data-start=\"254\" data-end=\"490\">Yuvarlak ve prenses kesim p\u0131rlantalar\u0131n zarif birlikteli\u011fi \u00e7i\u00e7eklerden ilham alan bir k\u00fcme olu\u015fturarak \u00e7i\u00e7ek a\u00e7an a\u015fk\u0131 simgeliyor. I\u015f\u0131lt\u0131l\u0131 18 ayar sar\u0131 alt\u0131ndan yap\u0131lm\u0131\u015f bu zarif ni\u015fan y\u00fcz\u00fc\u011f\u00fc, zamans\u0131z g\u00fczelli\u011fi ve duyguyu yans\u0131t\u0131yor.<\/p>\n<p data-start=\"254\" data-end=\"490\"><strong>Malzeme:<\/strong>\u00a018 Ayar Sar\u0131 Alt\u0131n<strong><br \/>\nHallmark:\u00a0<\/strong>\u0130ngiliz Damgas\u0131<strong><br \/>\nDo\u011fal Elmas A\u011f\u0131rl\u0131\u011f\u0131:\u00a0<\/strong>Toplam 0,33 ct<br \/>\n<strong>Sertifika ile birlikte gelir:<\/strong>\u00a0Evet.<br \/>\n<strong>Elmas rengi:<\/strong>\u00a0G-H<br \/>\n<strong>Elmas Berrakl\u0131\u011f\u0131:<\/strong>\u00a0VS<br \/>\n<strong>Br\u00fct A\u011f\u0131rl\u0131k:\u00a0<\/strong>3.18 Gms<br \/>\n<strong>Y\u00fcz\u00fck \u00d6l\u00e7\u00fcs\u00fc:<\/strong> J 1\/2<br \/>\n<strong>SKU:<\/strong> 49758<\/p>\n<p data-start=\"254\" data-end=\"490\"><strong>Fiyat ve Teslimat:<\/strong>\u00a0KDV ve teslimat \u00fccretleri dahil<br \/>\n<strong>Garanti:<\/strong>\u00a0\u00fccretsiz vale hizmeti ve g\u00fcvenlik a\u00e7\u0131\u011f\u0131 kontrolleri<br \/>\n<strong>Not:\u00a0<\/strong>Bu y\u00fcz\u00fck t\u00fcm parmak \u00f6l\u00e7\u00fclerinde mevcuttur. L\u00fctfen\u00a0<strong id=\"btn_TawkLink\">\u0130leti\u015fime ge\u00e7in\u00a0<\/strong>size en uygun olan\u0131 sipari\u015f etmek i\u00e7in.<br \/>\n<a href=\"https:\/\/www.purejewels.com\/tr\/i%cc%87ade-poli%cc%87ti%cc%87kasi\/\">\u0130ade Politikas\u0131<\/a><\/p>","protected":false},"featured_media":409370,"comment_status":"closed","ping_status":"closed","template":"","meta":{"_eb_attr":"","_crsspst_to_jayantr4sg-hostcom":true},"product_brand":[],"product_cat":[5679,6085,1679,1791,1559,5457,5460,1796,1783,6042,1569,1574],"product_tag":[],"class_list":{"0":"post-409375","1":"product","2":"type-product","3":"status-publish","4":"has-post-thumbnail","6":"product_cat-18ct-gold-jewellery","7":"product_cat-18ct-gold-ring","8":"product_cat-18ct-gold-rings","9":"product_cat-anniversary-gifts","10":"product_cat-birthday-gifts","11":"product_cat-diamond-jewellery","12":"product_cat-diamond-ring","13":"product_cat-diamond-rings","14":"product_cat-ladies-rings","15":"product_cat-solitaire-ring","16":"product_cat-valentine-day-gifts","17":"product_cat-womens-jewellery","19":"first","20":"outofstock","21":"featured","22":"taxable","23":"shipping-taxable","24":"product-type-simple","25":"add-to-wishlist-before_image"},"yoast_head":"<!-- This site is optimized with the Yoast SEO plugin v27.3 - https:\/\/yoast.com\/product\/yoast-seo-wordpress\/ -->\n<title>Floral Cluster Engagement Ring | 18ct Gold Diamond Ring<\/title>\n<meta name=\"description\" content=\"Discover the Floral Cluster Engagement Ring from PureJewels. Set in 18ct gold with 0.33ct of round and princess-cut diamonds \u2014 a timeless symbol of love and elegance.\" \/>\n<meta name=\"robots\" content=\"index, follow, max-snippet:-1, max-image-preview:large, max-video-preview:-1\" \/>\n<link rel=\"canonical\" href=\"https:\/\/www.purejewels.com\/tr\/urun\/18-ayar-altindan-cicek-salkimli-nisan-yuzugu\/\" \/>\n<meta property=\"og:locale\" content=\"tr_TR\" \/>\n<meta property=\"og:type\" content=\"article\" \/>\n<meta property=\"og:title\" content=\"Floral Cluster Engagement Ring | 18ct Gold Diamond Ring\" \/>\n<meta property=\"og:description\" content=\"Discover the Floral Cluster Engagement Ring from PureJewels. Set in 18ct gold with 0.33ct of round and princess-cut diamonds \u2014 a timeless symbol of love and elegance.\" \/>\n<meta property=\"og:url\" content=\"https:\/\/www.purejewels.com\/tr\/urun\/18-ayar-altindan-cicek-salkimli-nisan-yuzugu\/\" \/>\n<meta property=\"og:site_name\" content=\"PureJewels UK\" \/>\n<meta property=\"article:modified_time\" content=\"2026-01-27T05:24:28+00:00\" \/>\n<meta property=\"og:image\" content=\"https:\/\/static.purejewels.com\/wp-content\/uploads\/2025\/08\/SKU-49770-49758.jpg\" \/>\n\t<meta property=\"og:image:width\" content=\"1000\" \/>\n\t<meta property=\"og:image:height\" content=\"1000\" \/>\n\t<meta property=\"og:image:type\" content=\"image\/jpeg\" \/>\n<meta name=\"twitter:card\" content=\"summary_large_image\" \/>\n<meta name=\"twitter:label1\" content=\"Tahmini okuma s\u00fcresi\" \/>\n\t<meta name=\"twitter:data1\" content=\"1 dakika\" \/>\n<script type=\"application\/ld+json\" class=\"yoast-schema-graph\">{\"@context\":\"https:\\\/\\\/schema.org\",\"@graph\":[{\"@type\":[\"WebPage\",\"ItemPage\"],\"@id\":\"https:\\\/\\\/www.purejewels.com\\\/product\\\/floral-cluster-engagement-ring-in-18ct-gold\\\/\",\"url\":\"https:\\\/\\\/www.purejewels.com\\\/product\\\/floral-cluster-engagement-ring-in-18ct-gold\\\/\",\"name\":\"Floral Cluster Engagement Ring | 18ct Gold Diamond Ring\",\"isPartOf\":{\"@id\":\"https:\\\/\\\/www.purejewels.com\\\/#website\"},\"primaryImageOfPage\":{\"@id\":\"https:\\\/\\\/www.purejewels.com\\\/product\\\/floral-cluster-engagement-ring-in-18ct-gold\\\/#primaryimage\"},\"image\":{\"@id\":\"https:\\\/\\\/www.purejewels.com\\\/product\\\/floral-cluster-engagement-ring-in-18ct-gold\\\/#primaryimage\"},\"thumbnailUrl\":\"https:\\\/\\\/static.purejewels.com\\\/wp-content\\\/uploads\\\/2025\\\/08\\\/SKU-49770-49758.jpg\",\"datePublished\":\"2025-04-05T11:33:20+00:00\",\"dateModified\":\"2026-01-27T05:24:28+00:00\",\"description\":\"Discover the Floral Cluster Engagement Ring from PureJewels. Set in 18ct gold with 0.33ct of round and princess-cut diamonds \u2014 a timeless symbol of love and elegance.\",\"breadcrumb\":{\"@id\":\"https:\\\/\\\/www.purejewels.com\\\/product\\\/floral-cluster-engagement-ring-in-18ct-gold\\\/#breadcrumb\"},\"inLanguage\":\"tr\",\"potentialAction\":[{\"@type\":\"ReadAction\",\"target\":[\"https:\\\/\\\/www.purejewels.com\\\/product\\\/floral-cluster-engagement-ring-in-18ct-gold\\\/\"]}]},{\"@type\":\"ImageObject\",\"inLanguage\":\"tr\",\"@id\":\"https:\\\/\\\/www.purejewels.com\\\/product\\\/floral-cluster-engagement-ring-in-18ct-gold\\\/#primaryimage\",\"url\":\"https:\\\/\\\/static.purejewels.com\\\/wp-content\\\/uploads\\\/2025\\\/08\\\/SKU-49770-49758.jpg\",\"contentUrl\":\"https:\\\/\\\/static.purejewels.com\\\/wp-content\\\/uploads\\\/2025\\\/08\\\/SKU-49770-49758.jpg\",\"width\":1000,\"height\":1000,\"caption\":\"Diamond Cluster Ring in 18ct Gold\"},{\"@type\":\"BreadcrumbList\",\"@id\":\"https:\\\/\\\/www.purejewels.com\\\/product\\\/floral-cluster-engagement-ring-in-18ct-gold\\\/#breadcrumb\",\"itemListElement\":[{\"@type\":\"ListItem\",\"position\":1,\"name\":\"Home\",\"item\":\"https:\\\/\\\/www.purejewels.com\\\/\"},{\"@type\":\"ListItem\",\"position\":2,\"name\":\"Shop\",\"item\":\"https:\\\/\\\/www.purejewels.com\\\/shop\\\/\"},{\"@type\":\"ListItem\",\"position\":3,\"name\":\"Floral Cluster Engagement Ring in 18ct Gold\"}]},{\"@type\":\"WebSite\",\"@id\":\"https:\\\/\\\/www.purejewels.com\\\/#website\",\"url\":\"https:\\\/\\\/www.purejewels.com\\\/\",\"name\":\"PureJewels UK\",\"description\":\"Share the Love\",\"publisher\":{\"@id\":\"https:\\\/\\\/www.purejewels.com\\\/#organization\"},\"potentialAction\":[{\"@type\":\"SearchAction\",\"target\":{\"@type\":\"EntryPoint\",\"urlTemplate\":\"https:\\\/\\\/www.purejewels.com\\\/?s={search_term_string}\"},\"query-input\":{\"@type\":\"PropertyValueSpecification\",\"valueRequired\":true,\"valueName\":\"search_term_string\"}}],\"inLanguage\":\"tr\"},{\"@type\":\"Organization\",\"@id\":\"https:\\\/\\\/www.purejewels.com\\\/#organization\",\"name\":\"PureJewels UK\",\"url\":\"https:\\\/\\\/www.purejewels.com\\\/\",\"logo\":{\"@type\":\"ImageObject\",\"inLanguage\":\"tr\",\"@id\":\"https:\\\/\\\/www.purejewels.com\\\/#\\\/schema\\\/logo\\\/image\\\/\",\"url\":\"https:\\\/\\\/static.purejewels.com\\\/wp-content\\\/uploads\\\/2020\\\/11\\\/Logo-PJ-New-1.png\",\"contentUrl\":\"https:\\\/\\\/static.purejewels.com\\\/wp-content\\\/uploads\\\/2020\\\/11\\\/Logo-PJ-New-1.png\",\"width\":150,\"height\":80,\"caption\":\"PureJewels UK\"},\"image\":{\"@id\":\"https:\\\/\\\/www.purejewels.com\\\/#\\\/schema\\\/logo\\\/image\\\/\"}}]}<\/script>\n<!-- \/ Yoast SEO plugin. -->","yoast_head_json":{"title":"\u00c7i\u00e7ek Salk\u0131ml\u0131 Ni\u015fan Y\u00fcz\u00fc\u011f\u00fc | 18 Ayar Alt\u0131n P\u0131rlanta Y\u00fcz\u00fck","description":"PureJewels'in Floral Cluster Ni\u015fan Y\u00fcz\u00fc\u011f\u00fcn\u00fc ke\u015ffedin. 18 ayar alt\u0131n, 0,33 ct yuvarlak ve prenses kesim p\u0131rlanta ile a\u015fk\u0131n ve zarafetin zamans\u0131z bir sembol\u00fc.","robots":{"index":"index","follow":"follow","max-snippet":"max-snippet:-1","max-image-preview":"max-image-preview:large","max-video-preview":"max-video-preview:-1"},"canonical":"https:\/\/www.purejewels.com\/tr\/urun\/18-ayar-altindan-cicek-salkimli-nisan-yuzugu\/","og_locale":"tr_TR","og_type":"article","og_title":"Floral Cluster Engagement Ring | 18ct Gold Diamond Ring","og_description":"Discover the Floral Cluster Engagement Ring from PureJewels. Set in 18ct gold with 0.33ct of round and princess-cut diamonds \u2014 a timeless symbol of love and elegance.","og_url":"https:\/\/www.purejewels.com\/tr\/urun\/18-ayar-altindan-cicek-salkimli-nisan-yuzugu\/","og_site_name":"PureJewels UK","article_modified_time":"2026-01-27T05:24:28+00:00","og_image":[{"width":1000,"height":1000,"url":"https:\/\/static.purejewels.com\/wp-content\/uploads\/2025\/08\/SKU-49770-49758.jpg","type":"image\/jpeg"}],"twitter_card":"summary_large_image","twitter_misc":{"Tahmini okuma s\u00fcresi":"1 dakika"},"schema":{"@context":"https:\/\/schema.org","@graph":[{"@type":["WebPage","ItemPage"],"@id":"https:\/\/www.purejewels.com\/product\/floral-cluster-engagement-ring-in-18ct-gold\/","url":"https:\/\/www.purejewels.com\/product\/floral-cluster-engagement-ring-in-18ct-gold\/","name":"\u00c7i\u00e7ek Salk\u0131ml\u0131 Ni\u015fan Y\u00fcz\u00fc\u011f\u00fc | 18 Ayar Alt\u0131n P\u0131rlanta Y\u00fcz\u00fck","isPartOf":{"@id":"https:\/\/www.purejewels.com\/#website"},"primaryImageOfPage":{"@id":"https:\/\/www.purejewels.com\/product\/floral-cluster-engagement-ring-in-18ct-gold\/#primaryimage"},"image":{"@id":"https:\/\/www.purejewels.com\/product\/floral-cluster-engagement-ring-in-18ct-gold\/#primaryimage"},"thumbnailUrl":"https:\/\/static.purejewels.com\/wp-content\/uploads\/2025\/08\/SKU-49770-49758.jpg","datePublished":"2025-04-05T11:33:20+00:00","dateModified":"2026-01-27T05:24:28+00:00","description":"PureJewels'in Floral Cluster Ni\u015fan Y\u00fcz\u00fc\u011f\u00fcn\u00fc ke\u015ffedin. 18 ayar alt\u0131n, 0,33 ct yuvarlak ve prenses kesim p\u0131rlanta ile a\u015fk\u0131n ve zarafetin zamans\u0131z bir sembol\u00fc.","breadcrumb":{"@id":"https:\/\/www.purejewels.com\/product\/floral-cluster-engagement-ring-in-18ct-gold\/#breadcrumb"},"inLanguage":"tr","potentialAction":[{"@type":"ReadAction","target":["https:\/\/www.purejewels.com\/product\/floral-cluster-engagement-ring-in-18ct-gold\/"]}]},{"@type":"ImageObject","inLanguage":"tr","@id":"https:\/\/www.purejewels.com\/product\/floral-cluster-engagement-ring-in-18ct-gold\/#primaryimage","url":"https:\/\/static.purejewels.com\/wp-content\/uploads\/2025\/08\/SKU-49770-49758.jpg","contentUrl":"https:\/\/static.purejewels.com\/wp-content\/uploads\/2025\/08\/SKU-49770-49758.jpg","width":1000,"height":1000,"caption":"Diamond Cluster Ring in 18ct Gold"},{"@type":"BreadcrumbList","@id":"https:\/\/www.purejewels.com\/product\/floral-cluster-engagement-ring-in-18ct-gold\/#breadcrumb","itemListElement":[{"@type":"ListItem","position":1,"name":"Home","item":"https:\/\/www.purejewels.com\/"},{"@type":"ListItem","position":2,"name":"Shop","item":"https:\/\/www.purejewels.com\/shop\/"},{"@type":"ListItem","position":3,"name":"Floral Cluster Engagement Ring in 18ct Gold"}]},{"@type":"WebSite","@id":"https:\/\/www.purejewels.com\/#website","url":"https:\/\/www.purejewels.com\/","name":"PureJewels \u0130ngiltere","description":"Sevgiyi Payla\u015f\u0131n","publisher":{"@id":"https:\/\/www.purejewels.com\/#organization"},"potentialAction":[{"@type":"SearchAction","target":{"@type":"EntryPoint","urlTemplate":"https:\/\/www.purejewels.com\/?s={search_term_string}"},"query-input":{"@type":"PropertyValueSpecification","valueRequired":true,"valueName":"search_term_string"}}],"inLanguage":"tr"},{"@type":"Organization","@id":"https:\/\/www.purejewels.com\/#organization","name":"PureJewels \u0130ngiltere","url":"https:\/\/www.purejewels.com\/","logo":{"@type":"ImageObject","inLanguage":"tr","@id":"https:\/\/www.purejewels.com\/#\/schema\/logo\/image\/","url":"https:\/\/static.purejewels.com\/wp-content\/uploads\/2020\/11\/Logo-PJ-New-1.png","contentUrl":"https:\/\/static.purejewels.com\/wp-content\/uploads\/2020\/11\/Logo-PJ-New-1.png","width":150,"height":80,"caption":"PureJewels UK"},"image":{"@id":"https:\/\/www.purejewels.com\/#\/schema\/logo\/image\/"}}]}},"_links":{"self":[{"href":"https:\/\/www.purejewels.com\/tr\/wp-json\/wp\/v2\/product\/409375","targetHints":{"allow":["GET"]}}],"collection":[{"href":"https:\/\/www.purejewels.com\/tr\/wp-json\/wp\/v2\/product"}],"about":[{"href":"https:\/\/www.purejewels.com\/tr\/wp-json\/wp\/v2\/types\/product"}],"replies":[{"embeddable":true,"href":"https:\/\/www.purejewels.com\/tr\/wp-json\/wp\/v2\/comments?post=409375"}],"version-history":[{"count":3,"href":"https:\/\/www.purejewels.com\/tr\/wp-json\/wp\/v2\/product\/409375\/revisions"}],"predecessor-version":[{"id":409663,"href":"https:\/\/www.purejewels.com\/tr\/wp-json\/wp\/v2\/product\/409375\/revisions\/409663"}],"wp:featuredmedia":[{"embeddable":true,"href":"https:\/\/www.purejewels.com\/tr\/wp-json\/wp\/v2\/media\/409370"}],"wp:attachment":[{"href":"https:\/\/www.purejewels.com\/tr\/wp-json\/wp\/v2\/media?parent=409375"}],"wp:term":[{"taxonomy":"product_brand","embeddable":true,"href":"https:\/\/www.purejewels.com\/tr\/wp-json\/wp\/v2\/product_brand?post=409375"},{"taxonomy":"product_cat","embeddable":true,"href":"https:\/\/www.purejewels.com\/tr\/wp-json\/wp\/v2\/product_cat?post=409375"},{"taxonomy":"product_tag","embeddable":true,"href":"https:\/\/www.purejewels.com\/tr\/wp-json\/wp\/v2\/product_tag?post=409375"}],"curies":[{"name":"wp","href":"https:\/\/api.w.org\/{rel}","templated":true}]}}