{"id":409383,"date":"2025-01-05T12:58:47","date_gmt":"2025-01-05T12:58:47","guid":{"rendered":"https:\/\/www.purejewels.com\/?post_type=product&#038;p=409383"},"modified":"2026-01-07T06:42:04","modified_gmt":"2026-01-07T06:42:04","slug":"18-ayar-altindan-zarif-halo-nisan-yuzugu-49768","status":"publish","type":"product","link":"https:\/\/www.purejewels.com\/tr\/product\/elegant-halo-engagement-ring-in-18ct-gold-49768\/","title":{"rendered":"18 Ayar Alt\u0131ndan Zarif Halo Ni\u015fan Y\u00fcz\u00fc\u011f\u00fc"},"content":{"rendered":"<p>Zamans\u0131z ve zarif <em data-start=\"451\" data-end=\"494\">18 Ayar Alt\u0131ndan Zarif Halo Ni\u015fan Y\u00fcz\u00fc\u011f\u00fc<\/em> ba\u011fl\u0131l\u0131\u011f\u0131n klasik bir ifadesidir. Merkezinde, toplam a\u011f\u0131rl\u0131\u011f\u0131 0,25 karat olan hassas ayarl\u0131 ta\u015flardan olu\u015fan \u0131\u015f\u0131lt\u0131l\u0131 bir hale ile vurgulanan parlak bir yuvarlak p\u0131rlanta yer al\u0131r. Hale, merkezdeki p\u0131rlantan\u0131n do\u011fal parlakl\u0131\u011f\u0131n\u0131 art\u0131r\u0131rken, 18 ayar sar\u0131 alt\u0131n ayar\u0131 s\u0131cakl\u0131k ve zarafet kat\u0131yor. Bu dengeli tasar\u0131m hem sofistike hem de duygusal bir \u00e7ekicilik sunar - bir evlenme teklifi, y\u0131ld\u00f6n\u00fcm\u00fc veya ki\u015fisel bir a\u015fk kutlamas\u0131 i\u00e7in m\u00fckemmel bir se\u00e7imdir. Her y\u00fcz\u00fck damgal\u0131d\u0131r ve \u00f6zg\u00fcnl\u00fck ve g\u00f6n\u00fcl rahatl\u0131\u011f\u0131 i\u00e7in bir p\u0131rlanta sertifikas\u0131 ile birlikte sunulur.<\/p>","protected":false},"excerpt":{"rendered":"<p data-start=\"254\" data-end=\"490\">Bu halo y\u00fcz\u00fc\u011f\u00fcn kalbinde, daha k\u00fc\u00e7\u00fck p\u0131rlantalardan olu\u015fan narin bir \u00e7er\u00e7eve ile \u00e7evrelenmi\u015f \u0131\u015f\u0131lt\u0131l\u0131 bir yuvarlak p\u0131rlanta yer al\u0131yor. 18 ayar sar\u0131 alt\u0131ndan \u00fcretilen bu zarif tasar\u0131m, zamans\u0131z a\u015fk\u0131 ve \u0131\u015f\u0131lt\u0131l\u0131 g\u00fczelli\u011fi yans\u0131t\u0131yor.<\/p>\n<p data-start=\"254\" data-end=\"490\"><strong>Malzeme:<\/strong> 18 Ayar Alt\u0131n<strong><br \/>\nHallmark:\u00a0<\/strong>\u0130ngiliz Damgas\u0131<br \/>\n<strong>Sertifika:<\/strong> GIA sertifikal\u0131<strong><br \/>\nDo\u011fal Elmas A\u011f\u0131rl\u0131\u011f\u0131: <\/strong>Toplam 0,33 ct<br \/>\n<strong>Elmas rengi:<\/strong> G-H<br \/>\n<strong>Elmas Berrakl\u0131\u011f\u0131:<\/strong> VS<br \/>\n<strong>Br\u00fct A\u011f\u0131rl\u0131k:<\/strong> 3.23 Gms<br \/>\n<strong>Net A\u011f\u0131rl\u0131k:<\/strong> 3.18 Gms<br \/>\n<strong>Y\u00fcz\u00fck \u00d6l\u00e7\u00fcs\u00fc:<\/strong> I<br \/>\n<strong>SKU:<\/strong> 49768<br \/>\n<strong>Uygunluk:<\/strong> G\u00fcnl\u00fck kullan\u0131m<\/p>\n<p data-start=\"254\" data-end=\"490\"><strong>Fiyat ve Teslimat: <\/strong>KDV ve teslimat \u00fccretleri dahil<br \/>\n<strong>Garanti:<\/strong> \u00fccretsiz vale hizmeti ve g\u00fcvenlik a\u00e7\u0131\u011f\u0131 kontrolleri<br \/>\n<a href=\"https:\/\/www.purejewels.com\/tr\/i%cc%87ade-poli%cc%87ti%cc%87kasi\/\">\u0130ade Politikas\u0131<\/a><\/p>","protected":false},"featured_media":409388,"comment_status":"closed","ping_status":"closed","template":"","meta":{"_eb_attr":"","_crsspst_to_jayantr4sg-hostcom":true},"product_brand":[],"product_cat":[5679,6085,1679,1791,1559,5457,5460,1796,1783,6042,1569,1574],"product_tag":[],"class_list":{"0":"post-409383","1":"product","2":"type-product","3":"status-publish","4":"has-post-thumbnail","6":"product_cat-18ct-gold-jewellery","7":"product_cat-18ct-gold-ring","8":"product_cat-18ct-gold-rings","9":"product_cat-anniversary-gifts","10":"product_cat-birthday-gifts","11":"product_cat-diamond-jewellery","12":"product_cat-diamond-ring","13":"product_cat-diamond-rings","14":"product_cat-ladies-rings","15":"product_cat-solitaire-ring","16":"product_cat-valentine-day-gifts","17":"product_cat-womens-jewellery","19":"first","20":"outofstock","21":"featured","22":"taxable","23":"shipping-taxable","24":"product-type-simple","25":"add-to-wishlist-before_image"},"yoast_head":"<!-- This site is optimized with the Yoast SEO plugin v27.6 - https:\/\/yoast.com\/product\/yoast-seo-wordpress\/ -->\n<title>Elegant Halo Engagement Ring | 18ct Gold Diamond Ring<\/title>\n<meta name=\"description\" content=\"Discover the Elegant Halo Engagement Ring by PureJewels, crafted in 18ct yellow gold with 0.25ct diamonds. A timeless design celebrating brilliance and commitment.\" \/>\n<meta name=\"robots\" content=\"index, follow, max-snippet:-1, max-image-preview:large, max-video-preview:-1\" \/>\n<link rel=\"canonical\" href=\"https:\/\/www.purejewels.com\/tr\/urun\/18-ayar-altindan-zarif-halo-nisan-yuzugu-49768\/\" \/>\n<meta property=\"og:locale\" content=\"tr_TR\" \/>\n<meta property=\"og:type\" content=\"article\" \/>\n<meta property=\"og:title\" content=\"Elegant Halo Engagement Ring | 18ct Gold Diamond Ring\" \/>\n<meta property=\"og:description\" content=\"Discover the Elegant Halo Engagement Ring by PureJewels, crafted in 18ct yellow gold with 0.25ct diamonds. A timeless design celebrating brilliance and commitment.\" \/>\n<meta property=\"og:url\" content=\"https:\/\/www.purejewels.com\/tr\/urun\/18-ayar-altindan-zarif-halo-nisan-yuzugu-49768\/\" \/>\n<meta property=\"og:site_name\" content=\"PureJewels UK\" \/>\n<meta property=\"article:modified_time\" content=\"2026-01-07T06:42:04+00:00\" \/>\n<meta property=\"og:image\" content=\"https:\/\/www.purejewels.com\/wp-content\/uploads\/2025\/08\/SKU-49768-51515-51514.-1.jpg\" \/>\n\t<meta property=\"og:image:width\" content=\"1000\" \/>\n\t<meta property=\"og:image:height\" content=\"1000\" \/>\n\t<meta property=\"og:image:type\" content=\"image\/jpeg\" \/>\n<meta name=\"twitter:card\" content=\"summary_large_image\" \/>\n<script type=\"application\/ld+json\" class=\"yoast-schema-graph\">{\"@context\":\"https:\\\/\\\/schema.org\",\"@graph\":[{\"@type\":[\"WebPage\",\"ItemPage\"],\"@id\":\"https:\\\/\\\/www.purejewels.com\\\/product\\\/elegant-halo-engagement-ring-in-18ct-gold-49768\\\/\",\"url\":\"https:\\\/\\\/www.purejewels.com\\\/product\\\/elegant-halo-engagement-ring-in-18ct-gold-49768\\\/\",\"name\":\"Elegant Halo Engagement Ring | 18ct Gold Diamond Ring\",\"isPartOf\":{\"@id\":\"https:\\\/\\\/www.purejewels.com\\\/#website\"},\"primaryImageOfPage\":{\"@id\":\"https:\\\/\\\/www.purejewels.com\\\/product\\\/elegant-halo-engagement-ring-in-18ct-gold-49768\\\/#primaryimage\"},\"image\":{\"@id\":\"https:\\\/\\\/www.purejewels.com\\\/product\\\/elegant-halo-engagement-ring-in-18ct-gold-49768\\\/#primaryimage\"},\"thumbnailUrl\":\"https:\\\/\\\/static.purejewels.com\\\/wp-content\\\/uploads\\\/2025\\\/08\\\/SKU-49768-51515-51514.-1.jpg\",\"datePublished\":\"2025-01-05T12:58:47+00:00\",\"dateModified\":\"2026-01-07T06:42:04+00:00\",\"description\":\"Discover the Elegant Halo Engagement Ring by PureJewels, crafted in 18ct yellow gold with 0.25ct diamonds. A timeless design celebrating brilliance and commitment.\",\"breadcrumb\":{\"@id\":\"https:\\\/\\\/www.purejewels.com\\\/product\\\/elegant-halo-engagement-ring-in-18ct-gold-49768\\\/#breadcrumb\"},\"inLanguage\":\"tr\",\"potentialAction\":[{\"@type\":\"ReadAction\",\"target\":[\"https:\\\/\\\/www.purejewels.com\\\/product\\\/elegant-halo-engagement-ring-in-18ct-gold-49768\\\/\"]}]},{\"@type\":\"ImageObject\",\"inLanguage\":\"tr\",\"@id\":\"https:\\\/\\\/www.purejewels.com\\\/product\\\/elegant-halo-engagement-ring-in-18ct-gold-49768\\\/#primaryimage\",\"url\":\"https:\\\/\\\/static.purejewels.com\\\/wp-content\\\/uploads\\\/2025\\\/08\\\/SKU-49768-51515-51514.-1.jpg\",\"contentUrl\":\"https:\\\/\\\/static.purejewels.com\\\/wp-content\\\/uploads\\\/2025\\\/08\\\/SKU-49768-51515-51514.-1.jpg\",\"width\":1000,\"height\":1000,\"caption\":\"Elegant Halo Engagement Ring in 18ct Gold\"},{\"@type\":\"BreadcrumbList\",\"@id\":\"https:\\\/\\\/www.purejewels.com\\\/product\\\/elegant-halo-engagement-ring-in-18ct-gold-49768\\\/#breadcrumb\",\"itemListElement\":[{\"@type\":\"ListItem\",\"position\":1,\"name\":\"Home\",\"item\":\"https:\\\/\\\/www.purejewels.com\\\/\"},{\"@type\":\"ListItem\",\"position\":2,\"name\":\"Shop\",\"item\":\"https:\\\/\\\/www.purejewels.com\\\/shop\\\/\"},{\"@type\":\"ListItem\",\"position\":3,\"name\":\"Elegant Halo Engagement Ring in 18ct Gold\"}]},{\"@type\":\"WebSite\",\"@id\":\"https:\\\/\\\/www.purejewels.com\\\/#website\",\"url\":\"https:\\\/\\\/www.purejewels.com\\\/\",\"name\":\"PureJewels UK\",\"description\":\"Share the Love\",\"publisher\":{\"@id\":\"https:\\\/\\\/www.purejewels.com\\\/#organization\"},\"potentialAction\":[{\"@type\":\"SearchAction\",\"target\":{\"@type\":\"EntryPoint\",\"urlTemplate\":\"https:\\\/\\\/www.purejewels.com\\\/?s={search_term_string}\"},\"query-input\":{\"@type\":\"PropertyValueSpecification\",\"valueRequired\":true,\"valueName\":\"search_term_string\"}}],\"inLanguage\":\"tr\"},{\"@type\":\"Organization\",\"@id\":\"https:\\\/\\\/www.purejewels.com\\\/#organization\",\"name\":\"PureJewels UK\",\"url\":\"https:\\\/\\\/www.purejewels.com\\\/\",\"logo\":{\"@type\":\"ImageObject\",\"inLanguage\":\"tr\",\"@id\":\"https:\\\/\\\/www.purejewels.com\\\/#\\\/schema\\\/logo\\\/image\\\/\",\"url\":\"https:\\\/\\\/static.purejewels.com\\\/wp-content\\\/uploads\\\/2020\\\/11\\\/Logo-PJ-New-1.png\",\"contentUrl\":\"https:\\\/\\\/static.purejewels.com\\\/wp-content\\\/uploads\\\/2020\\\/11\\\/Logo-PJ-New-1.png\",\"width\":150,\"height\":80,\"caption\":\"PureJewels UK\"},\"image\":{\"@id\":\"https:\\\/\\\/www.purejewels.com\\\/#\\\/schema\\\/logo\\\/image\\\/\"}}]}<\/script>\n<!-- \/ Yoast SEO plugin. -->","yoast_head_json":{"title":"Zarif Halo Ni\u015fan Y\u00fcz\u00fc\u011f\u00fc | 18 Ayar Alt\u0131n P\u0131rlanta Y\u00fcz\u00fck","description":"PureJewels'in 18 ayar sar\u0131 alt\u0131n ve 0,25 ayar p\u0131rlanta ile i\u015flenmi\u015f Zarif Halo Ni\u015fan Y\u00fcz\u00fc\u011f\u00fcn\u00fc ke\u015ffedin. Parlakl\u0131\u011f\u0131 ve ba\u011fl\u0131l\u0131\u011f\u0131 kutlayan zamans\u0131z bir tasar\u0131m.","robots":{"index":"index","follow":"follow","max-snippet":"max-snippet:-1","max-image-preview":"max-image-preview:large","max-video-preview":"max-video-preview:-1"},"canonical":"https:\/\/www.purejewels.com\/tr\/urun\/18-ayar-altindan-zarif-halo-nisan-yuzugu-49768\/","og_locale":"tr_TR","og_type":"article","og_title":"Elegant Halo Engagement Ring | 18ct Gold Diamond Ring","og_description":"Discover the Elegant Halo Engagement Ring by PureJewels, crafted in 18ct yellow gold with 0.25ct diamonds. A timeless design celebrating brilliance and commitment.","og_url":"https:\/\/www.purejewels.com\/tr\/urun\/18-ayar-altindan-zarif-halo-nisan-yuzugu-49768\/","og_site_name":"PureJewels UK","article_modified_time":"2026-01-07T06:42:04+00:00","og_image":[{"width":1000,"height":1000,"url":"https:\/\/www.purejewels.com\/wp-content\/uploads\/2025\/08\/SKU-49768-51515-51514.-1.jpg","type":"image\/jpeg"}],"twitter_card":"summary_large_image","schema":{"@context":"https:\/\/schema.org","@graph":[{"@type":["WebPage","ItemPage"],"@id":"https:\/\/www.purejewels.com\/product\/elegant-halo-engagement-ring-in-18ct-gold-49768\/","url":"https:\/\/www.purejewels.com\/product\/elegant-halo-engagement-ring-in-18ct-gold-49768\/","name":"Zarif Halo Ni\u015fan Y\u00fcz\u00fc\u011f\u00fc | 18 Ayar Alt\u0131n P\u0131rlanta Y\u00fcz\u00fck","isPartOf":{"@id":"https:\/\/www.purejewels.com\/#website"},"primaryImageOfPage":{"@id":"https:\/\/www.purejewels.com\/product\/elegant-halo-engagement-ring-in-18ct-gold-49768\/#primaryimage"},"image":{"@id":"https:\/\/www.purejewels.com\/product\/elegant-halo-engagement-ring-in-18ct-gold-49768\/#primaryimage"},"thumbnailUrl":"https:\/\/static.purejewels.com\/wp-content\/uploads\/2025\/08\/SKU-49768-51515-51514.-1.jpg","datePublished":"2025-01-05T12:58:47+00:00","dateModified":"2026-01-07T06:42:04+00:00","description":"PureJewels'in 18 ayar sar\u0131 alt\u0131n ve 0,25 ayar p\u0131rlanta ile i\u015flenmi\u015f Zarif Halo Ni\u015fan Y\u00fcz\u00fc\u011f\u00fcn\u00fc ke\u015ffedin. Parlakl\u0131\u011f\u0131 ve ba\u011fl\u0131l\u0131\u011f\u0131 kutlayan zamans\u0131z bir tasar\u0131m.","breadcrumb":{"@id":"https:\/\/www.purejewels.com\/product\/elegant-halo-engagement-ring-in-18ct-gold-49768\/#breadcrumb"},"inLanguage":"tr","potentialAction":[{"@type":"ReadAction","target":["https:\/\/www.purejewels.com\/product\/elegant-halo-engagement-ring-in-18ct-gold-49768\/"]}]},{"@type":"ImageObject","inLanguage":"tr","@id":"https:\/\/www.purejewels.com\/product\/elegant-halo-engagement-ring-in-18ct-gold-49768\/#primaryimage","url":"https:\/\/static.purejewels.com\/wp-content\/uploads\/2025\/08\/SKU-49768-51515-51514.-1.jpg","contentUrl":"https:\/\/static.purejewels.com\/wp-content\/uploads\/2025\/08\/SKU-49768-51515-51514.-1.jpg","width":1000,"height":1000,"caption":"Elegant Halo Engagement Ring in 18ct Gold"},{"@type":"BreadcrumbList","@id":"https:\/\/www.purejewels.com\/product\/elegant-halo-engagement-ring-in-18ct-gold-49768\/#breadcrumb","itemListElement":[{"@type":"ListItem","position":1,"name":"Home","item":"https:\/\/www.purejewels.com\/"},{"@type":"ListItem","position":2,"name":"Shop","item":"https:\/\/www.purejewels.com\/shop\/"},{"@type":"ListItem","position":3,"name":"Elegant Halo Engagement Ring in 18ct Gold"}]},{"@type":"WebSite","@id":"https:\/\/www.purejewels.com\/#website","url":"https:\/\/www.purejewels.com\/","name":"PureJewels \u0130ngiltere","description":"Sevgiyi Payla\u015f\u0131n","publisher":{"@id":"https:\/\/www.purejewels.com\/#organization"},"potentialAction":[{"@type":"SearchAction","target":{"@type":"EntryPoint","urlTemplate":"https:\/\/www.purejewels.com\/?s={search_term_string}"},"query-input":{"@type":"PropertyValueSpecification","valueRequired":true,"valueName":"search_term_string"}}],"inLanguage":"tr"},{"@type":"Organization","@id":"https:\/\/www.purejewels.com\/#organization","name":"PureJewels \u0130ngiltere","url":"https:\/\/www.purejewels.com\/","logo":{"@type":"ImageObject","inLanguage":"tr","@id":"https:\/\/www.purejewels.com\/#\/schema\/logo\/image\/","url":"https:\/\/static.purejewels.com\/wp-content\/uploads\/2020\/11\/Logo-PJ-New-1.png","contentUrl":"https:\/\/static.purejewels.com\/wp-content\/uploads\/2020\/11\/Logo-PJ-New-1.png","width":150,"height":80,"caption":"PureJewels UK"},"image":{"@id":"https:\/\/www.purejewels.com\/#\/schema\/logo\/image\/"}}]}},"_links":{"self":[{"href":"https:\/\/www.purejewels.com\/tr\/wp-json\/wp\/v2\/product\/409383","targetHints":{"allow":["GET"]}}],"collection":[{"href":"https:\/\/www.purejewels.com\/tr\/wp-json\/wp\/v2\/product"}],"about":[{"href":"https:\/\/www.purejewels.com\/tr\/wp-json\/wp\/v2\/types\/product"}],"replies":[{"embeddable":true,"href":"https:\/\/www.purejewels.com\/tr\/wp-json\/wp\/v2\/comments?post=409383"}],"version-history":[{"count":3,"href":"https:\/\/www.purejewels.com\/tr\/wp-json\/wp\/v2\/product\/409383\/revisions"}],"predecessor-version":[{"id":409621,"href":"https:\/\/www.purejewels.com\/tr\/wp-json\/wp\/v2\/product\/409383\/revisions\/409621"}],"wp:featuredmedia":[{"embeddable":true,"href":"https:\/\/www.purejewels.com\/tr\/wp-json\/wp\/v2\/media\/409388"}],"wp:attachment":[{"href":"https:\/\/www.purejewels.com\/tr\/wp-json\/wp\/v2\/media?parent=409383"}],"wp:term":[{"taxonomy":"product_brand","embeddable":true,"href":"https:\/\/www.purejewels.com\/tr\/wp-json\/wp\/v2\/product_brand?post=409383"},{"taxonomy":"product_cat","embeddable":true,"href":"https:\/\/www.purejewels.com\/tr\/wp-json\/wp\/v2\/product_cat?post=409383"},{"taxonomy":"product_tag","embeddable":true,"href":"https:\/\/www.purejewels.com\/tr\/wp-json\/wp\/v2\/product_tag?post=409383"}],"curies":[{"name":"wp","href":"https:\/\/api.w.org\/{rel}","templated":true}]}}