{"id":409385,"date":"2025-07-19T13:03:40","date_gmt":"2025-07-19T12:03:40","guid":{"rendered":"https:\/\/www.purejewels.com\/?post_type=product&#038;p=409385"},"modified":"2026-01-21T08:49:42","modified_gmt":"2026-01-21T08:49:42","slug":"22-ayar-altin-armari-cicek-tasarimli-mangalsutra-18-inc-48020","status":"publish","type":"product","link":"https:\/\/www.purejewels.com\/tr\/product\/22ct-gold-armari-floral-design-mangalsutra-18-inches-48020\/","title":{"rendered":"22 Ayar Alt\u0131n Armari \u00c7i\u00e7ek Tasar\u0131ml\u0131 Mangalsutra | 18 \u0130n\u00e7"},"content":{"rendered":"<p>Ba\u011fl\u0131l\u0131k ve gelene\u011fin zamans\u0131z bir ifadesi olan 22 Ayar Alt\u0131n Armari Mangalsutra, miras i\u015f\u00e7ili\u011fini kal\u0131c\u0131 sembolizmle harmanl\u0131yor. Bu par\u00e7a, Armari'nin imzas\u0131 niteli\u011findeki s\u00fcsl\u00fc, zarif ve k\u00fclt\u00fcrel anlamlarla zengin tarzda haz\u0131rlanm\u0131\u015f, g\u00fczel detaylara sahip bir \u00e7i\u00e7ek merkezini sergiliyor.<\/p>\n<p>18 in\u00e7lik siyah ve alt\u0131n boncuklu mangalsutra zinciri \u00fczerine dizilen tasar\u0131m, kutsal gelenekleri onurland\u0131r\u0131rken hem t\u00f6rensel hem de g\u00fcnl\u00fck kullan\u0131m i\u00e7in uygun rafine bir estetik sunuyor. Yumu\u015fak telkari ile \u00e7er\u00e7evelenmi\u015f \u00e7i\u00e7ek motifi, zarif ve modern bir his verirken antik sanat\u0131 yans\u0131t\u0131yor.<\/p>\n<p>Damgal\u0131 22 ayar alt\u0131ndan \u00fcretilen bu mangalsutra, ebedi a\u015fk ve ruhani birliktelik i\u00e7in \u0131\u015f\u0131lt\u0131l\u0131 bir \u00f6vg\u00fcd\u00fcr; gelinler, y\u0131ld\u00f6n\u00fcmleri veya niyetle hediye etmek i\u00e7in m\u00fckemmeldir.<\/p>","protected":false},"excerpt":{"rendered":"<p>Bu 22 Ayar Alt\u0131n Armari Mangalsutra, siyah ve alt\u0131n boncuklu bir zincir \u00fczerinde el yap\u0131m\u0131 bir \u00e7i\u00e7ek merkez par\u00e7as\u0131na sahiptir; sembolik, zarif ve k\u00f6kl\u00fc bir gelene\u011fe sahiptir.<\/p>\n<p><strong>Malzeme:<\/strong> 22 Ayar Alt\u0131n<br \/>\n<strong>Hallmark:<\/strong>\u00a0\u0130ngiliz Damgas\u0131<br \/>\n<strong>Br\u00fct A\u011f\u0131rl\u0131k:\u00a0<\/strong> 9,6 Gms<br \/>\n<strong>Uzunluk:<\/strong>\u00a018 \u0130n\u00e7<br \/>\n<strong>SKU:<\/strong> 48020<\/p>\n<p><strong>Fiyat ve Teslimat:\u00a0<\/strong>KDV ve teslimat \u00fccretleri dahil<strong><br \/>\n<a href=\"https:\/\/www.purejewels.com\/tr\/i%cc%87ade-poli%cc%87ti%cc%87kasi\/\">\u0130ade Politikas\u0131<\/a><\/strong><\/p>","protected":false},"featured_media":409391,"comment_status":"closed","ping_status":"closed","template":"","meta":{"_eb_attr":"","_crsspst_to_jayantr4sg-hostcom":false},"product_brand":[],"product_cat":[1791,245,6133,236,1775,1229,1284,1776,1573,1574],"product_tag":[],"class_list":{"0":"post-409385","1":"product","2":"type-product","3":"status-publish","4":"has-post-thumbnail","6":"product_cat-anniversary-gifts","7":"product_cat-armari-collections","8":"product_cat-armari-mangalsutra","9":"product_cat-collections","10":"product_cat-daily-wear-mangalsutras","11":"product_cat-22ct-gold-jewellery","12":"product_cat-gold-mangalsutras","13":"product_cat-occasional-wear-mangalsutras","14":"product_cat-wedding-gifts","15":"product_cat-womens-jewellery","17":"first","18":"outofstock","19":"taxable","20":"shipping-taxable","21":"product-type-simple","22":"add-to-wishlist-before_image"},"yoast_head":"<!-- This site is optimized with the Yoast SEO plugin v27.6 - https:\/\/yoast.com\/product\/yoast-seo-wordpress\/ -->\n<title>22ct Gold Armari Mangalsutra | Floral Mangalsutra | PureJewels<\/title>\n<meta name=\"description\" content=\"Traditional 22ct Gold Armari Mangalsutra featuring an ornate floral centrepiece and black-gold beaded chain. A timeless symbol of sacred union by PureJewels.\" \/>\n<meta name=\"robots\" content=\"index, follow, max-snippet:-1, max-image-preview:large, max-video-preview:-1\" \/>\n<link rel=\"canonical\" href=\"https:\/\/www.purejewels.com\/tr\/urun\/22-ayar-altin-armari-cicek-tasarimli-mangalsutra-18-inc-48020\/\" \/>\n<meta property=\"og:locale\" content=\"tr_TR\" \/>\n<meta property=\"og:type\" content=\"article\" \/>\n<meta property=\"og:title\" content=\"22ct Gold Armari Mangalsutra | Floral Mangalsutra | PureJewels\" \/>\n<meta property=\"og:description\" content=\"Traditional 22ct Gold Armari Mangalsutra featuring an ornate floral centrepiece and black-gold beaded chain. A timeless symbol of sacred union by PureJewels.\" \/>\n<meta property=\"og:url\" content=\"https:\/\/www.purejewels.com\/tr\/urun\/22-ayar-altin-armari-cicek-tasarimli-mangalsutra-18-inc-48020\/\" \/>\n<meta property=\"og:site_name\" content=\"PureJewels UK\" \/>\n<meta property=\"article:modified_time\" content=\"2026-01-21T08:49:42+00:00\" \/>\n<meta property=\"og:image\" content=\"https:\/\/static.purejewels.com\/wp-content\/uploads\/2025\/08\/SKU-48020.jpg\" \/>\n\t<meta property=\"og:image:width\" content=\"1000\" \/>\n\t<meta property=\"og:image:height\" content=\"1000\" \/>\n\t<meta property=\"og:image:type\" content=\"image\/jpeg\" \/>\n<meta name=\"twitter:card\" content=\"summary_large_image\" \/>\n<meta name=\"twitter:label1\" content=\"Tahmini okuma s\u00fcresi\" \/>\n\t<meta name=\"twitter:data1\" content=\"1 dakika\" \/>\n<script type=\"application\/ld+json\" class=\"yoast-schema-graph\">{\"@context\":\"https:\\\/\\\/schema.org\",\"@graph\":[{\"@type\":[\"WebPage\",\"ItemPage\"],\"@id\":\"https:\\\/\\\/www.purejewels.com\\\/product\\\/22ct-gold-armari-floral-design-mangalsutra-18-inches-48020\\\/\",\"url\":\"https:\\\/\\\/www.purejewels.com\\\/product\\\/22ct-gold-armari-floral-design-mangalsutra-18-inches-48020\\\/\",\"name\":\"22ct Gold Armari Mangalsutra | Floral Mangalsutra | PureJewels\",\"isPartOf\":{\"@id\":\"https:\\\/\\\/www.purejewels.com\\\/#website\"},\"primaryImageOfPage\":{\"@id\":\"https:\\\/\\\/www.purejewels.com\\\/product\\\/22ct-gold-armari-floral-design-mangalsutra-18-inches-48020\\\/#primaryimage\"},\"image\":{\"@id\":\"https:\\\/\\\/www.purejewels.com\\\/product\\\/22ct-gold-armari-floral-design-mangalsutra-18-inches-48020\\\/#primaryimage\"},\"thumbnailUrl\":\"https:\\\/\\\/static.purejewels.com\\\/wp-content\\\/uploads\\\/2025\\\/08\\\/SKU-48020.jpg\",\"datePublished\":\"2025-07-19T12:03:40+00:00\",\"dateModified\":\"2026-01-21T08:49:42+00:00\",\"description\":\"Traditional 22ct Gold Armari Mangalsutra featuring an ornate floral centrepiece and black-gold beaded chain. A timeless symbol of sacred union by PureJewels.\",\"breadcrumb\":{\"@id\":\"https:\\\/\\\/www.purejewels.com\\\/product\\\/22ct-gold-armari-floral-design-mangalsutra-18-inches-48020\\\/#breadcrumb\"},\"inLanguage\":\"tr\",\"potentialAction\":[{\"@type\":\"ReadAction\",\"target\":[\"https:\\\/\\\/www.purejewels.com\\\/product\\\/22ct-gold-armari-floral-design-mangalsutra-18-inches-48020\\\/\"]}]},{\"@type\":\"ImageObject\",\"inLanguage\":\"tr\",\"@id\":\"https:\\\/\\\/www.purejewels.com\\\/product\\\/22ct-gold-armari-floral-design-mangalsutra-18-inches-48020\\\/#primaryimage\",\"url\":\"https:\\\/\\\/static.purejewels.com\\\/wp-content\\\/uploads\\\/2025\\\/08\\\/SKU-48020.jpg\",\"contentUrl\":\"https:\\\/\\\/static.purejewels.com\\\/wp-content\\\/uploads\\\/2025\\\/08\\\/SKU-48020.jpg\",\"width\":1000,\"height\":1000,\"caption\":\"Stacked from 5 images. Method=B (R=8,S=4)\"},{\"@type\":\"BreadcrumbList\",\"@id\":\"https:\\\/\\\/www.purejewels.com\\\/product\\\/22ct-gold-armari-floral-design-mangalsutra-18-inches-48020\\\/#breadcrumb\",\"itemListElement\":[{\"@type\":\"ListItem\",\"position\":1,\"name\":\"Home\",\"item\":\"https:\\\/\\\/www.purejewels.com\\\/\"},{\"@type\":\"ListItem\",\"position\":2,\"name\":\"Shop\",\"item\":\"https:\\\/\\\/www.purejewels.com\\\/shop\\\/\"},{\"@type\":\"ListItem\",\"position\":3,\"name\":\"22ct Gold Armari Floral Design Mangalsutra | 18 Inches\"}]},{\"@type\":\"WebSite\",\"@id\":\"https:\\\/\\\/www.purejewels.com\\\/#website\",\"url\":\"https:\\\/\\\/www.purejewels.com\\\/\",\"name\":\"PureJewels UK\",\"description\":\"Share the Love\",\"publisher\":{\"@id\":\"https:\\\/\\\/www.purejewels.com\\\/#organization\"},\"potentialAction\":[{\"@type\":\"SearchAction\",\"target\":{\"@type\":\"EntryPoint\",\"urlTemplate\":\"https:\\\/\\\/www.purejewels.com\\\/?s={search_term_string}\"},\"query-input\":{\"@type\":\"PropertyValueSpecification\",\"valueRequired\":true,\"valueName\":\"search_term_string\"}}],\"inLanguage\":\"tr\"},{\"@type\":\"Organization\",\"@id\":\"https:\\\/\\\/www.purejewels.com\\\/#organization\",\"name\":\"PureJewels UK\",\"url\":\"https:\\\/\\\/www.purejewels.com\\\/\",\"logo\":{\"@type\":\"ImageObject\",\"inLanguage\":\"tr\",\"@id\":\"https:\\\/\\\/www.purejewels.com\\\/#\\\/schema\\\/logo\\\/image\\\/\",\"url\":\"https:\\\/\\\/static.purejewels.com\\\/wp-content\\\/uploads\\\/2020\\\/11\\\/Logo-PJ-New-1.png\",\"contentUrl\":\"https:\\\/\\\/static.purejewels.com\\\/wp-content\\\/uploads\\\/2020\\\/11\\\/Logo-PJ-New-1.png\",\"width\":150,\"height\":80,\"caption\":\"PureJewels UK\"},\"image\":{\"@id\":\"https:\\\/\\\/www.purejewels.com\\\/#\\\/schema\\\/logo\\\/image\\\/\"}}]}<\/script>\n<!-- \/ Yoast SEO plugin. -->","yoast_head_json":{"title":"22 Ayar Alt\u0131n Armari Mangalsutra | \u00c7i\u00e7ekli Mangalsutra | PureJewels","description":"Geleneksel 22 Ayar Alt\u0131n Armari Mangalsutra, s\u00fcsl\u00fc bir \u00e7i\u00e7ek merkeze ve siyah alt\u0131n boncuklu zincire sahiptir. PureJewels'ten kutsal birli\u011fin zamans\u0131z sembol\u00fc.","robots":{"index":"index","follow":"follow","max-snippet":"max-snippet:-1","max-image-preview":"max-image-preview:large","max-video-preview":"max-video-preview:-1"},"canonical":"https:\/\/www.purejewels.com\/tr\/urun\/22-ayar-altin-armari-cicek-tasarimli-mangalsutra-18-inc-48020\/","og_locale":"tr_TR","og_type":"article","og_title":"22ct Gold Armari Mangalsutra | Floral Mangalsutra | PureJewels","og_description":"Traditional 22ct Gold Armari Mangalsutra featuring an ornate floral centrepiece and black-gold beaded chain. A timeless symbol of sacred union by PureJewels.","og_url":"https:\/\/www.purejewels.com\/tr\/urun\/22-ayar-altin-armari-cicek-tasarimli-mangalsutra-18-inc-48020\/","og_site_name":"PureJewels UK","article_modified_time":"2026-01-21T08:49:42+00:00","og_image":[{"width":1000,"height":1000,"url":"https:\/\/static.purejewels.com\/wp-content\/uploads\/2025\/08\/SKU-48020.jpg","type":"image\/jpeg"}],"twitter_card":"summary_large_image","twitter_misc":{"Tahmini okuma s\u00fcresi":"1 dakika"},"schema":{"@context":"https:\/\/schema.org","@graph":[{"@type":["WebPage","ItemPage"],"@id":"https:\/\/www.purejewels.com\/product\/22ct-gold-armari-floral-design-mangalsutra-18-inches-48020\/","url":"https:\/\/www.purejewels.com\/product\/22ct-gold-armari-floral-design-mangalsutra-18-inches-48020\/","name":"22 Ayar Alt\u0131n Armari Mangalsutra | \u00c7i\u00e7ekli Mangalsutra | PureJewels","isPartOf":{"@id":"https:\/\/www.purejewels.com\/#website"},"primaryImageOfPage":{"@id":"https:\/\/www.purejewels.com\/product\/22ct-gold-armari-floral-design-mangalsutra-18-inches-48020\/#primaryimage"},"image":{"@id":"https:\/\/www.purejewels.com\/product\/22ct-gold-armari-floral-design-mangalsutra-18-inches-48020\/#primaryimage"},"thumbnailUrl":"https:\/\/static.purejewels.com\/wp-content\/uploads\/2025\/08\/SKU-48020.jpg","datePublished":"2025-07-19T12:03:40+00:00","dateModified":"2026-01-21T08:49:42+00:00","description":"Geleneksel 22 Ayar Alt\u0131n Armari Mangalsutra, s\u00fcsl\u00fc bir \u00e7i\u00e7ek merkeze ve siyah alt\u0131n boncuklu zincire sahiptir. PureJewels'ten kutsal birli\u011fin zamans\u0131z sembol\u00fc.","breadcrumb":{"@id":"https:\/\/www.purejewels.com\/product\/22ct-gold-armari-floral-design-mangalsutra-18-inches-48020\/#breadcrumb"},"inLanguage":"tr","potentialAction":[{"@type":"ReadAction","target":["https:\/\/www.purejewels.com\/product\/22ct-gold-armari-floral-design-mangalsutra-18-inches-48020\/"]}]},{"@type":"ImageObject","inLanguage":"tr","@id":"https:\/\/www.purejewels.com\/product\/22ct-gold-armari-floral-design-mangalsutra-18-inches-48020\/#primaryimage","url":"https:\/\/static.purejewels.com\/wp-content\/uploads\/2025\/08\/SKU-48020.jpg","contentUrl":"https:\/\/static.purejewels.com\/wp-content\/uploads\/2025\/08\/SKU-48020.jpg","width":1000,"height":1000,"caption":"Stacked from 5 images. Method=B (R=8,S=4)"},{"@type":"BreadcrumbList","@id":"https:\/\/www.purejewels.com\/product\/22ct-gold-armari-floral-design-mangalsutra-18-inches-48020\/#breadcrumb","itemListElement":[{"@type":"ListItem","position":1,"name":"Home","item":"https:\/\/www.purejewels.com\/"},{"@type":"ListItem","position":2,"name":"Shop","item":"https:\/\/www.purejewels.com\/shop\/"},{"@type":"ListItem","position":3,"name":"22ct Gold Armari Floral Design Mangalsutra | 18 Inches"}]},{"@type":"WebSite","@id":"https:\/\/www.purejewels.com\/#website","url":"https:\/\/www.purejewels.com\/","name":"PureJewels \u0130ngiltere","description":"Sevgiyi Payla\u015f\u0131n","publisher":{"@id":"https:\/\/www.purejewels.com\/#organization"},"potentialAction":[{"@type":"SearchAction","target":{"@type":"EntryPoint","urlTemplate":"https:\/\/www.purejewels.com\/?s={search_term_string}"},"query-input":{"@type":"PropertyValueSpecification","valueRequired":true,"valueName":"search_term_string"}}],"inLanguage":"tr"},{"@type":"Organization","@id":"https:\/\/www.purejewels.com\/#organization","name":"PureJewels \u0130ngiltere","url":"https:\/\/www.purejewels.com\/","logo":{"@type":"ImageObject","inLanguage":"tr","@id":"https:\/\/www.purejewels.com\/#\/schema\/logo\/image\/","url":"https:\/\/static.purejewels.com\/wp-content\/uploads\/2020\/11\/Logo-PJ-New-1.png","contentUrl":"https:\/\/static.purejewels.com\/wp-content\/uploads\/2020\/11\/Logo-PJ-New-1.png","width":150,"height":80,"caption":"PureJewels UK"},"image":{"@id":"https:\/\/www.purejewels.com\/#\/schema\/logo\/image\/"}}]}},"_links":{"self":[{"href":"https:\/\/www.purejewels.com\/tr\/wp-json\/wp\/v2\/product\/409385","targetHints":{"allow":["GET"]}}],"collection":[{"href":"https:\/\/www.purejewels.com\/tr\/wp-json\/wp\/v2\/product"}],"about":[{"href":"https:\/\/www.purejewels.com\/tr\/wp-json\/wp\/v2\/types\/product"}],"replies":[{"embeddable":true,"href":"https:\/\/www.purejewels.com\/tr\/wp-json\/wp\/v2\/comments?post=409385"}],"version-history":[{"count":1,"href":"https:\/\/www.purejewels.com\/tr\/wp-json\/wp\/v2\/product\/409385\/revisions"}],"predecessor-version":[{"id":409393,"href":"https:\/\/www.purejewels.com\/tr\/wp-json\/wp\/v2\/product\/409385\/revisions\/409393"}],"wp:featuredmedia":[{"embeddable":true,"href":"https:\/\/www.purejewels.com\/tr\/wp-json\/wp\/v2\/media\/409391"}],"wp:attachment":[{"href":"https:\/\/www.purejewels.com\/tr\/wp-json\/wp\/v2\/media?parent=409385"}],"wp:term":[{"taxonomy":"product_brand","embeddable":true,"href":"https:\/\/www.purejewels.com\/tr\/wp-json\/wp\/v2\/product_brand?post=409385"},{"taxonomy":"product_cat","embeddable":true,"href":"https:\/\/www.purejewels.com\/tr\/wp-json\/wp\/v2\/product_cat?post=409385"},{"taxonomy":"product_tag","embeddable":true,"href":"https:\/\/www.purejewels.com\/tr\/wp-json\/wp\/v2\/product_tag?post=409385"}],"curies":[{"name":"wp","href":"https:\/\/api.w.org\/{rel}","templated":true}]}}