{"id":409563,"date":"2025-06-06T05:25:04","date_gmt":"2025-06-06T04:25:04","guid":{"rendered":"https:\/\/www.purejewels.com\/?post_type=product&#038;p=409563"},"modified":"2026-02-09T10:13:31","modified_gmt":"2026-02-09T10:13:31","slug":"lotus-tomurcugu-yuzuk-52644","status":"publish","type":"product","link":"https:\/\/www.purejewels.com\/tr\/product\/lotus-bud-ring-52644\/","title":{"rendered":"Lotus Tomurcu\u011fu Ni\u015fan Y\u00fcz\u00fc\u011f\u00fc 0,58ct"},"content":{"rendered":"<p data-start=\"623\" data-end=\"902\">Bu kitaptan <strong data-start=\"632\" data-end=\"652\">Lotus Koleksiyonu<\/strong>, the <strong data-start=\"658\" data-end=\"694\">Lotus Tomurcuk Y\u00fcz\u00fck<\/strong> zarif sadeli\u011fi ve derin sembolizmi temsil eder. \u015e\u0131k 18 ayar sar\u0131 alt\u0131n kordon nazik\u00e7e y\u00fckselerek tek bir 0,58 ct yuvarlak parlak p\u0131rlantay\u0131 kucakl\u0131yor - p\u0131r\u0131lt\u0131s\u0131 nil\u00fcfer yapra\u011f\u0131 \u00fczerindeki sabah \u00e7i\u011fini an\u0131msat\u0131yor.<\/p>\n<p data-start=\"904\" data-end=\"1196\">ile <strong data-start=\"912\" data-end=\"924\">H renk<\/strong> ve <strong data-start=\"929\" data-end=\"957\">\u0130\u00e7ten Kusursuz (IF)<\/strong> berrakl\u0131\u011f\u0131ndaki elmas, \u0131\u015f\u0131\u011f\u0131 ola\u011fan\u00fcst\u00fc bir ate\u015f ve parlakl\u0131kla yakalayarak onu ger\u00e7ekten nadir bir hazine haline getiriyor. Tekta\u015f ayar\u0131, durgun sulardan \u00e7\u0131kan g\u00fczelli\u011fin zamans\u0131z bir simgesi olan lotus tomurcu\u011funun safl\u0131\u011f\u0131n\u0131 ve direncini onurland\u0131r\u0131r.<\/p>\n<p data-start=\"1198\" data-end=\"1375\">Ni\u015fan y\u00fcz\u00fc\u011f\u00fc, bir d\u00f6n\u00fcm noktas\u0131 hediyesi veya ki\u015fisel bir hat\u0131ra olarak m\u00fckemmel olan bu par\u00e7a, titizlikle haz\u0131rlanm\u0131\u015f ve \u00f6zg\u00fcnl\u00fck i\u00e7in damgalanm\u0131\u015ft\u0131r - nesiller boyunca el \u00fcst\u00fcnde tutulacak bir m\u00fccevher.<\/p>","protected":false},"excerpt":{"rendered":"<p class=\"\" data-start=\"0\" data-end=\"289\">Lotus Koleksiyonu'ndan zarif bir tekta\u015f olan bu y\u00fcz\u00fck, s\u0131cak 18 ayar sar\u0131 alt\u0131ndan \u00fcretilmi\u015ftir ve 0,58 ayar yuvarlak p\u0131rlanta ile i\u015flenmi\u015ftir. H renk derecesi ve kusursuz berrakl\u0131\u011f\u0131 (IF) ile safl\u0131k ve parlakl\u0131k yayar. Bir lotus tomurcu\u011funun dinginli\u011finden ilham alan tasar\u0131m zamans\u0131z, zarif ve hayat\u0131n en de\u011ferli anlar\u0131n\u0131 i\u015faretlemek i\u00e7in m\u00fckemmeldir.<\/p>\n<p><strong>Malzeme:<\/strong> 18 Ayar Sar\u0131 Alt\u0131n<br \/>\n<strong><strong>Hallmark: <\/strong><\/strong>\u0130ngiliz Damgas\u0131<strong><strong><br \/>\n<\/strong><\/strong><strong><strong>Ta\u015f: <\/strong><\/strong>Do\u011fal Elmas<strong><strong><br \/>\n<\/strong><\/strong><strong><strong>Sertifika ile birlikte gelir:\u00a0<\/strong><\/strong>Evet.<strong><strong><br \/>\n<strong>Elmas A\u011f\u0131rl\u0131\u011f\u0131: <\/strong><\/strong><\/strong>0.58ct<br \/>\n<b>Elmas rengi:\u00a0<\/b>H<br \/>\n<b>Elmas Berrakl\u0131\u011f\u0131:\u00a0<\/b>IF - Dahili Olarak Kusursuz<strong><strong><strong><strong><strong><br \/>\n<strong>Y\u00fcz\u00fck \u00d6l\u00e7\u00fcs\u00fc: <\/strong><\/strong><\/strong><\/strong><\/strong><\/strong>J (Di\u011fer boyutlar istek \u00fczerine mevcuttur)<br \/>\n<strong>SKU: <\/strong>52644<\/p>\n<p><strong>Fiyat ve Teslimat:<\/strong>\u00a0KDV ve teslimat \u00fccretleri dahil<br \/>\n<strong>Garanti:<\/strong>\u00a0\u00fccretsiz vale hizmeti ve g\u00fcvenlik a\u00e7\u0131\u011f\u0131 kontrolleri<br \/>\n<strong>Not:\u00a0<\/strong>Bu y\u00fcz\u00fck t\u00fcm parmak \u00f6l\u00e7\u00fclerinde mevcuttur. L\u00fctfen\u00a0<strong id=\"btn_TawkLink\">\u0130leti\u015fime ge\u00e7in\u00a0<\/strong>size en uygun olan\u0131 sipari\u015f etmek i\u00e7in.<br \/>\n<a href=\"https:\/\/www.purejewels.com\/tr\/i%cc%87ade-poli%cc%87ti%cc%87kasi\/\">\u0130ade Politikas\u0131<\/a><\/p>","protected":false},"featured_media":409571,"comment_status":"closed","ping_status":"closed","template":"","meta":{"_eb_attr":"","_crsspst_to_jayantr4sg-hostcom":false},"product_brand":[],"product_cat":[1791,5457,5460,1796,231,1235,1633,6050,6042,1569,226,1574],"product_tag":[5963,5941,5962],"class_list":{"0":"post-409563","1":"product","2":"type-product","3":"status-publish","4":"has-post-thumbnail","6":"product_cat-anniversary-gifts","7":"product_cat-diamond-jewellery","8":"product_cat-diamond-ring","9":"product_cat-diamond-rings","10":"product_cat-engagement-rings","11":"product_cat-gold-rings","12":"product_cat-lotus-collections","13":"product_cat-lotus-ring","14":"product_cat-solitaire-ring","15":"product_cat-valentine-day-gifts","16":"product_cat-wedding-rings-bands","17":"product_cat-womens-jewellery","18":"product_tag-diamond","19":"product_tag-ring","20":"product_tag-solitaire","22":"first","23":"instock","24":"taxable","25":"shipping-taxable","26":"purchasable","27":"product-type-simple","28":"add-to-wishlist-before_image"},"yoast_head":"<!-- This site is optimized with the Yoast SEO plugin v27.5 - https:\/\/yoast.com\/product\/yoast-seo-wordpress\/ -->\n<title>Lotus Pure Diamond Engagement Ring | PureJewels London<\/title>\n<meta name=\"description\" content=\"Discover the Lotus Pure Ring by PureJewels, featuring a 0.58ct GIA-certified diamond in a minimalist lotus-inspired setting. Crafted in 18ct yellow gold.\" \/>\n<meta name=\"robots\" content=\"index, follow, max-snippet:-1, max-image-preview:large, max-video-preview:-1\" \/>\n<link rel=\"canonical\" href=\"https:\/\/www.purejewels.com\/tr\/urun\/lotus-tomurcugu-yuzuk-52644\/\" \/>\n<meta property=\"og:locale\" content=\"tr_TR\" \/>\n<meta property=\"og:type\" content=\"article\" \/>\n<meta property=\"og:title\" content=\"Lotus Pure Diamond Engagement Ring | PureJewels London\" \/>\n<meta property=\"og:description\" content=\"Discover the Lotus Pure Ring by PureJewels, featuring a 0.58ct GIA-certified diamond in a minimalist lotus-inspired setting. Crafted in 18ct yellow gold.\" \/>\n<meta property=\"og:url\" content=\"https:\/\/www.purejewels.com\/tr\/urun\/lotus-tomurcugu-yuzuk-52644\/\" \/>\n<meta property=\"og:site_name\" content=\"PureJewels UK\" \/>\n<meta property=\"article:modified_time\" content=\"2026-02-09T10:13:31+00:00\" \/>\n<meta property=\"og:image\" content=\"https:\/\/static.purejewels.com\/wp-content\/uploads\/2025\/08\/SKU-47901-44923.jpg\" \/>\n\t<meta property=\"og:image:width\" content=\"1000\" \/>\n\t<meta property=\"og:image:height\" content=\"1000\" \/>\n\t<meta property=\"og:image:type\" content=\"image\/jpeg\" \/>\n<meta name=\"twitter:card\" content=\"summary_large_image\" \/>\n<meta name=\"twitter:label1\" content=\"Tahmini okuma s\u00fcresi\" \/>\n\t<meta name=\"twitter:data1\" content=\"1 dakika\" \/>\n<script type=\"application\/ld+json\" class=\"yoast-schema-graph\">{\"@context\":\"https:\\\/\\\/schema.org\",\"@graph\":[{\"@type\":[\"WebPage\",\"ItemPage\"],\"@id\":\"https:\\\/\\\/www.purejewels.com\\\/product\\\/lotus-bud-ring-52644\\\/\",\"url\":\"https:\\\/\\\/www.purejewels.com\\\/product\\\/lotus-bud-ring-52644\\\/\",\"name\":\"Lotus Pure Diamond Engagement Ring | PureJewels London\",\"isPartOf\":{\"@id\":\"https:\\\/\\\/www.purejewels.com\\\/#website\"},\"primaryImageOfPage\":{\"@id\":\"https:\\\/\\\/www.purejewels.com\\\/product\\\/lotus-bud-ring-52644\\\/#primaryimage\"},\"image\":{\"@id\":\"https:\\\/\\\/www.purejewels.com\\\/product\\\/lotus-bud-ring-52644\\\/#primaryimage\"},\"thumbnailUrl\":\"https:\\\/\\\/static.purejewels.com\\\/wp-content\\\/uploads\\\/2025\\\/08\\\/SKU-47901-44923.jpg\",\"datePublished\":\"2025-06-06T04:25:04+00:00\",\"dateModified\":\"2026-02-09T10:13:31+00:00\",\"description\":\"Discover the Lotus Pure Ring by PureJewels, featuring a 0.58ct GIA-certified diamond in a minimalist lotus-inspired setting. Crafted in 18ct yellow gold.\",\"breadcrumb\":{\"@id\":\"https:\\\/\\\/www.purejewels.com\\\/product\\\/lotus-bud-ring-52644\\\/#breadcrumb\"},\"inLanguage\":\"tr\",\"potentialAction\":[{\"@type\":\"ReadAction\",\"target\":[\"https:\\\/\\\/www.purejewels.com\\\/product\\\/lotus-bud-ring-52644\\\/\"]}]},{\"@type\":\"ImageObject\",\"inLanguage\":\"tr\",\"@id\":\"https:\\\/\\\/www.purejewels.com\\\/product\\\/lotus-bud-ring-52644\\\/#primaryimage\",\"url\":\"https:\\\/\\\/static.purejewels.com\\\/wp-content\\\/uploads\\\/2025\\\/08\\\/SKU-47901-44923.jpg\",\"contentUrl\":\"https:\\\/\\\/static.purejewels.com\\\/wp-content\\\/uploads\\\/2025\\\/08\\\/SKU-47901-44923.jpg\",\"width\":1000,\"height\":1000,\"caption\":\"Lotus Pure Diamond Engagement Ring\"},{\"@type\":\"BreadcrumbList\",\"@id\":\"https:\\\/\\\/www.purejewels.com\\\/product\\\/lotus-bud-ring-52644\\\/#breadcrumb\",\"itemListElement\":[{\"@type\":\"ListItem\",\"position\":1,\"name\":\"Home\",\"item\":\"https:\\\/\\\/www.purejewels.com\\\/\"},{\"@type\":\"ListItem\",\"position\":2,\"name\":\"Shop\",\"item\":\"https:\\\/\\\/www.purejewels.com\\\/shop\\\/\"},{\"@type\":\"ListItem\",\"position\":3,\"name\":\"Lotus Bud Engagement Ring 0.58ct\"}]},{\"@type\":\"WebSite\",\"@id\":\"https:\\\/\\\/www.purejewels.com\\\/#website\",\"url\":\"https:\\\/\\\/www.purejewels.com\\\/\",\"name\":\"PureJewels UK\",\"description\":\"Share the Love\",\"publisher\":{\"@id\":\"https:\\\/\\\/www.purejewels.com\\\/#organization\"},\"potentialAction\":[{\"@type\":\"SearchAction\",\"target\":{\"@type\":\"EntryPoint\",\"urlTemplate\":\"https:\\\/\\\/www.purejewels.com\\\/?s={search_term_string}\"},\"query-input\":{\"@type\":\"PropertyValueSpecification\",\"valueRequired\":true,\"valueName\":\"search_term_string\"}}],\"inLanguage\":\"tr\"},{\"@type\":\"Organization\",\"@id\":\"https:\\\/\\\/www.purejewels.com\\\/#organization\",\"name\":\"PureJewels UK\",\"url\":\"https:\\\/\\\/www.purejewels.com\\\/\",\"logo\":{\"@type\":\"ImageObject\",\"inLanguage\":\"tr\",\"@id\":\"https:\\\/\\\/www.purejewels.com\\\/#\\\/schema\\\/logo\\\/image\\\/\",\"url\":\"https:\\\/\\\/static.purejewels.com\\\/wp-content\\\/uploads\\\/2020\\\/11\\\/Logo-PJ-New-1.png\",\"contentUrl\":\"https:\\\/\\\/static.purejewels.com\\\/wp-content\\\/uploads\\\/2020\\\/11\\\/Logo-PJ-New-1.png\",\"width\":150,\"height\":80,\"caption\":\"PureJewels UK\"},\"image\":{\"@id\":\"https:\\\/\\\/www.purejewels.com\\\/#\\\/schema\\\/logo\\\/image\\\/\"}}]}<\/script>\n<!-- \/ Yoast SEO plugin. -->","yoast_head_json":{"title":"Lotus Pure P\u0131rlanta Ni\u015fan Y\u00fcz\u00fc\u011f\u00fc | PureJewels Londra","description":"PureJewels'in minimalist lotus esintili ayar\u0131nda 0,58 ct GIA sertifikal\u0131 p\u0131rlanta i\u00e7eren Lotus Pure Y\u00fcz\u00fc\u011f\u00fcn\u00fc ke\u015ffedin. 18 ayar sar\u0131 alt\u0131ndan \u00fcretilmi\u015ftir.","robots":{"index":"index","follow":"follow","max-snippet":"max-snippet:-1","max-image-preview":"max-image-preview:large","max-video-preview":"max-video-preview:-1"},"canonical":"https:\/\/www.purejewels.com\/tr\/urun\/lotus-tomurcugu-yuzuk-52644\/","og_locale":"tr_TR","og_type":"article","og_title":"Lotus Pure Diamond Engagement Ring | PureJewels London","og_description":"Discover the Lotus Pure Ring by PureJewels, featuring a 0.58ct GIA-certified diamond in a minimalist lotus-inspired setting. Crafted in 18ct yellow gold.","og_url":"https:\/\/www.purejewels.com\/tr\/urun\/lotus-tomurcugu-yuzuk-52644\/","og_site_name":"PureJewels UK","article_modified_time":"2026-02-09T10:13:31+00:00","og_image":[{"width":1000,"height":1000,"url":"https:\/\/static.purejewels.com\/wp-content\/uploads\/2025\/08\/SKU-47901-44923.jpg","type":"image\/jpeg"}],"twitter_card":"summary_large_image","twitter_misc":{"Tahmini okuma s\u00fcresi":"1 dakika"},"schema":{"@context":"https:\/\/schema.org","@graph":[{"@type":["WebPage","ItemPage"],"@id":"https:\/\/www.purejewels.com\/product\/lotus-bud-ring-52644\/","url":"https:\/\/www.purejewels.com\/product\/lotus-bud-ring-52644\/","name":"Lotus Pure P\u0131rlanta Ni\u015fan Y\u00fcz\u00fc\u011f\u00fc | PureJewels Londra","isPartOf":{"@id":"https:\/\/www.purejewels.com\/#website"},"primaryImageOfPage":{"@id":"https:\/\/www.purejewels.com\/product\/lotus-bud-ring-52644\/#primaryimage"},"image":{"@id":"https:\/\/www.purejewels.com\/product\/lotus-bud-ring-52644\/#primaryimage"},"thumbnailUrl":"https:\/\/static.purejewels.com\/wp-content\/uploads\/2025\/08\/SKU-47901-44923.jpg","datePublished":"2025-06-06T04:25:04+00:00","dateModified":"2026-02-09T10:13:31+00:00","description":"PureJewels'in minimalist lotus esintili ayar\u0131nda 0,58 ct GIA sertifikal\u0131 p\u0131rlanta i\u00e7eren Lotus Pure Y\u00fcz\u00fc\u011f\u00fcn\u00fc ke\u015ffedin. 18 ayar sar\u0131 alt\u0131ndan \u00fcretilmi\u015ftir.","breadcrumb":{"@id":"https:\/\/www.purejewels.com\/product\/lotus-bud-ring-52644\/#breadcrumb"},"inLanguage":"tr","potentialAction":[{"@type":"ReadAction","target":["https:\/\/www.purejewels.com\/product\/lotus-bud-ring-52644\/"]}]},{"@type":"ImageObject","inLanguage":"tr","@id":"https:\/\/www.purejewels.com\/product\/lotus-bud-ring-52644\/#primaryimage","url":"https:\/\/static.purejewels.com\/wp-content\/uploads\/2025\/08\/SKU-47901-44923.jpg","contentUrl":"https:\/\/static.purejewels.com\/wp-content\/uploads\/2025\/08\/SKU-47901-44923.jpg","width":1000,"height":1000,"caption":"Lotus Pure Diamond Engagement Ring"},{"@type":"BreadcrumbList","@id":"https:\/\/www.purejewels.com\/product\/lotus-bud-ring-52644\/#breadcrumb","itemListElement":[{"@type":"ListItem","position":1,"name":"Home","item":"https:\/\/www.purejewels.com\/"},{"@type":"ListItem","position":2,"name":"Shop","item":"https:\/\/www.purejewels.com\/shop\/"},{"@type":"ListItem","position":3,"name":"Lotus Bud Engagement Ring 0.58ct"}]},{"@type":"WebSite","@id":"https:\/\/www.purejewels.com\/#website","url":"https:\/\/www.purejewels.com\/","name":"PureJewels \u0130ngiltere","description":"Sevgiyi Payla\u015f\u0131n","publisher":{"@id":"https:\/\/www.purejewels.com\/#organization"},"potentialAction":[{"@type":"SearchAction","target":{"@type":"EntryPoint","urlTemplate":"https:\/\/www.purejewels.com\/?s={search_term_string}"},"query-input":{"@type":"PropertyValueSpecification","valueRequired":true,"valueName":"search_term_string"}}],"inLanguage":"tr"},{"@type":"Organization","@id":"https:\/\/www.purejewels.com\/#organization","name":"PureJewels \u0130ngiltere","url":"https:\/\/www.purejewels.com\/","logo":{"@type":"ImageObject","inLanguage":"tr","@id":"https:\/\/www.purejewels.com\/#\/schema\/logo\/image\/","url":"https:\/\/static.purejewels.com\/wp-content\/uploads\/2020\/11\/Logo-PJ-New-1.png","contentUrl":"https:\/\/static.purejewels.com\/wp-content\/uploads\/2020\/11\/Logo-PJ-New-1.png","width":150,"height":80,"caption":"PureJewels UK"},"image":{"@id":"https:\/\/www.purejewels.com\/#\/schema\/logo\/image\/"}}]}},"_links":{"self":[{"href":"https:\/\/www.purejewels.com\/tr\/wp-json\/wp\/v2\/product\/409563","targetHints":{"allow":["GET"]}}],"collection":[{"href":"https:\/\/www.purejewels.com\/tr\/wp-json\/wp\/v2\/product"}],"about":[{"href":"https:\/\/www.purejewels.com\/tr\/wp-json\/wp\/v2\/types\/product"}],"replies":[{"embeddable":true,"href":"https:\/\/www.purejewels.com\/tr\/wp-json\/wp\/v2\/comments?post=409563"}],"version-history":[{"count":4,"href":"https:\/\/www.purejewels.com\/tr\/wp-json\/wp\/v2\/product\/409563\/revisions"}],"predecessor-version":[{"id":411354,"href":"https:\/\/www.purejewels.com\/tr\/wp-json\/wp\/v2\/product\/409563\/revisions\/411354"}],"wp:featuredmedia":[{"embeddable":true,"href":"https:\/\/www.purejewels.com\/tr\/wp-json\/wp\/v2\/media\/409571"}],"wp:attachment":[{"href":"https:\/\/www.purejewels.com\/tr\/wp-json\/wp\/v2\/media?parent=409563"}],"wp:term":[{"taxonomy":"product_brand","embeddable":true,"href":"https:\/\/www.purejewels.com\/tr\/wp-json\/wp\/v2\/product_brand?post=409563"},{"taxonomy":"product_cat","embeddable":true,"href":"https:\/\/www.purejewels.com\/tr\/wp-json\/wp\/v2\/product_cat?post=409563"},{"taxonomy":"product_tag","embeddable":true,"href":"https:\/\/www.purejewels.com\/tr\/wp-json\/wp\/v2\/product_tag?post=409563"}],"curies":[{"name":"wp","href":"https:\/\/api.w.org\/{rel}","templated":true}]}}