{"id":409575,"date":"2025-07-25T05:54:14","date_gmt":"2025-07-25T04:54:14","guid":{"rendered":"https:\/\/www.purejewels.com\/?post_type=product&#038;p=409575"},"modified":"2026-01-07T10:40:46","modified_gmt":"2026-01-07T10:40:46","slug":"18-ayar-beyaz-altin-pirlanta-mangalsutra-rodyum-kaplama-47045","status":"publish","type":"product","link":"https:\/\/www.purejewels.com\/tr\/product\/18ct-white-gold-diamond-mangalsutra-rhodium-finish-47045\/","title":{"rendered":"18 Ayar Beyaz Alt\u0131n P\u0131rlanta Mangalsutra - Rodyum Kaplama"},"content":{"rendered":"<p>Ba\u011f\u0131n\u0131z\u0131 zamans\u0131z bir sofistikelikle kutlay\u0131n. Bu<strong> 18 Ayar Beyaz Alt\u0131n P\u0131rlanta Mangalsutra<\/strong> gelene\u011fe \u00e7a\u011fda\u015f bir \u00f6vg\u00fcd\u00fcr ve miras\u0131 modern zarafetle kusursuz bir \u015fekilde harmanlar. Parlak beyaz alt\u0131ndan \u00fcretilmi\u015f ve rodyum kaplama ile parlat\u0131lm\u0131\u015f olan bu y\u00fcz\u00fck, p\u0131rlanta kesim p\u0131rlantalar\u0131n (0,37 ct) narin bir dizilimine sahiptir. <strong>VVS netli\u011fi<\/strong>ola\u011fan\u00fcst\u00fc \u0131\u015f\u0131lt\u0131 ve safl\u0131k sunar.<\/p>\n<p>18 in\u00e7 uzunlu\u011fundaki mangalsutra, g\u00fcnl\u00fck kullan\u0131m veya \u00f6zel g\u00fcnler i\u00e7in ideal olan hem konfor hem de stil sunmak \u00fczere \u00f6zenle tasarlanm\u0131\u015ft\u0131r. Titiz elmas ayar\u0131ndan tasar\u0131m miras\u0131m\u0131z\u0131 yans\u0131tan zarif kaplamaya kadar her ayr\u0131nt\u0131 PureJewels'in m\u00fckemmelli\u011fe olan ba\u011fl\u0131l\u0131\u011f\u0131n\u0131 yans\u0131tmaktad\u0131r.<\/p>\n<p>\u0130ster bir sevgi simgesi olarak hediye edilsin ister ki\u015fisel bir amblem olarak tak\u0131ls\u0131n, bu par\u00e7a bir yolculu\u011fu onurland\u0131r\u0131r - sizin yolculu\u011funuzu.<\/p>","protected":false},"excerpt":{"rendered":"<p>18 ayar beyaz alt\u0131ndan, 0,37 ct VVS berrakl\u0131kta p\u0131rlantalarla s\u00fcslenmi\u015f ve kal\u0131c\u0131 parlakl\u0131k i\u00e7in rodyumla tamamlanm\u0131\u015f zarif bir mangalsutra. Uzunluk: 18 in\u00e7.<\/p>\n<p><strong>Malzeme:<\/strong> 18 Ayar Beyaz Alt\u0131n<br \/>\n<strong>Hallmark:<\/strong>\u00a0\u0130ngiliz Damgas\u0131<br \/>\n<strong>Br\u00fct A\u011f\u0131rl\u0131k:\u00a0<\/strong> 5.37 Gms<br \/>\n<strong>Uzunluk:<\/strong> 18 \u0130n\u00e7<br \/>\n<strong>SKU:<\/strong> 47045<br \/>\n<b>Bitir:\u00a0<\/b>Rodyum<br \/>\n<b>Elmas A\u011f\u0131rl\u0131\u011f\u0131:\u00a0<\/b>0.37ct<br \/>\n<b>Elmas Berrakl\u0131\u011f\u0131: <\/b>VVS - \u00c7ok \u00c7ok K\u00fc\u00e7\u00fck Kapan\u0131mlar<br \/>\n<strong>Sertifika ile birlikte gelir:<\/strong>\u00a0Evet<\/p>\n<p><strong>Fiyat ve Teslimat:\u00a0<\/strong>KDV ve teslimat \u00fccretleri dahil<strong><br \/>\n<a href=\"https:\/\/www.purejewels.com\/tr\/i%cc%87ade-poli%cc%87ti%cc%87kasi\/\">\u0130ade Politikas\u0131<\/a><\/strong><\/p>","protected":false},"featured_media":409580,"comment_status":"closed","ping_status":"closed","template":"","meta":{"_eb_attr":"","_crsspst_to_jayantr4sg-hostcom":true},"product_brand":[],"product_cat":[5679,6087,1791,1559,1775,5457,5461,1284,1776,1573],"product_tag":[],"class_list":{"0":"post-409575","1":"product","2":"type-product","3":"status-publish","4":"has-post-thumbnail","6":"product_cat-18ct-gold-jewellery","7":"product_cat-18ct-gold-managlsutra","8":"product_cat-anniversary-gifts","9":"product_cat-birthday-gifts","10":"product_cat-daily-wear-mangalsutras","11":"product_cat-diamond-jewellery","12":"product_cat-diamond-mangalsutras","13":"product_cat-gold-mangalsutras","14":"product_cat-occasional-wear-mangalsutras","15":"product_cat-wedding-gifts","17":"first","18":"instock","19":"taxable","20":"shipping-taxable","21":"purchasable","22":"product-type-simple","23":"add-to-wishlist-before_image"},"yoast_head":"<!-- This site is optimized with the Yoast SEO plugin v27.5 - https:\/\/yoast.com\/product\/yoast-seo-wordpress\/ -->\n<title>18ct White Gold Diamond Mangalsutra | PureJewels<\/title>\n<meta name=\"description\" content=\"Celebrate your story with our 18ct white gold diamond mangalsutra. Featuring 0.37ct VVS diamonds, crafted to perfection in timeless elegance.\" \/>\n<meta name=\"robots\" content=\"index, follow, max-snippet:-1, max-image-preview:large, max-video-preview:-1\" \/>\n<link rel=\"canonical\" href=\"https:\/\/www.purejewels.com\/tr\/urun\/18-ayar-beyaz-altin-pirlanta-mangalsutra-rodyum-kaplama-47045\/\" \/>\n<meta property=\"og:locale\" content=\"tr_TR\" \/>\n<meta property=\"og:type\" content=\"article\" \/>\n<meta property=\"og:title\" content=\"18ct White Gold Diamond Mangalsutra | PureJewels\" \/>\n<meta property=\"og:description\" content=\"Celebrate your story with our 18ct white gold diamond mangalsutra. Featuring 0.37ct VVS diamonds, crafted to perfection in timeless elegance.\" \/>\n<meta property=\"og:url\" content=\"https:\/\/www.purejewels.com\/tr\/urun\/18-ayar-beyaz-altin-pirlanta-mangalsutra-rodyum-kaplama-47045\/\" \/>\n<meta property=\"og:site_name\" content=\"PureJewels UK\" \/>\n<meta property=\"article:modified_time\" content=\"2026-01-07T10:40:46+00:00\" \/>\n<meta property=\"og:image\" content=\"https:\/\/www.purejewels.com\/wp-content\/uploads\/2025\/08\/SKU-47045.jpg\" \/>\n\t<meta property=\"og:image:width\" content=\"1000\" \/>\n\t<meta property=\"og:image:height\" content=\"1000\" \/>\n\t<meta property=\"og:image:type\" content=\"image\/jpeg\" \/>\n<meta name=\"twitter:card\" content=\"summary_large_image\" \/>\n<meta name=\"twitter:label1\" content=\"Tahmini okuma s\u00fcresi\" \/>\n\t<meta name=\"twitter:data1\" content=\"1 dakika\" \/>\n<script type=\"application\/ld+json\" class=\"yoast-schema-graph\">{\"@context\":\"https:\\\/\\\/schema.org\",\"@graph\":[{\"@type\":[\"WebPage\",\"ItemPage\"],\"@id\":\"https:\\\/\\\/www.purejewels.com\\\/product\\\/18ct-white-gold-diamond-mangalsutra-rhodium-finish-47045\\\/\",\"url\":\"https:\\\/\\\/www.purejewels.com\\\/product\\\/18ct-white-gold-diamond-mangalsutra-rhodium-finish-47045\\\/\",\"name\":\"18ct White Gold Diamond Mangalsutra | PureJewels\",\"isPartOf\":{\"@id\":\"https:\\\/\\\/www.purejewels.com\\\/#website\"},\"primaryImageOfPage\":{\"@id\":\"https:\\\/\\\/www.purejewels.com\\\/product\\\/18ct-white-gold-diamond-mangalsutra-rhodium-finish-47045\\\/#primaryimage\"},\"image\":{\"@id\":\"https:\\\/\\\/www.purejewels.com\\\/product\\\/18ct-white-gold-diamond-mangalsutra-rhodium-finish-47045\\\/#primaryimage\"},\"thumbnailUrl\":\"https:\\\/\\\/static.purejewels.com\\\/wp-content\\\/uploads\\\/2025\\\/08\\\/SKU-47045.jpg\",\"datePublished\":\"2025-07-25T04:54:14+00:00\",\"dateModified\":\"2026-01-07T10:40:46+00:00\",\"description\":\"Celebrate your story with our 18ct white gold diamond mangalsutra. Featuring 0.37ct VVS diamonds, crafted to perfection in timeless elegance.\",\"breadcrumb\":{\"@id\":\"https:\\\/\\\/www.purejewels.com\\\/product\\\/18ct-white-gold-diamond-mangalsutra-rhodium-finish-47045\\\/#breadcrumb\"},\"inLanguage\":\"tr\",\"potentialAction\":[{\"@type\":\"ReadAction\",\"target\":[\"https:\\\/\\\/www.purejewels.com\\\/product\\\/18ct-white-gold-diamond-mangalsutra-rhodium-finish-47045\\\/\"]}]},{\"@type\":\"ImageObject\",\"inLanguage\":\"tr\",\"@id\":\"https:\\\/\\\/www.purejewels.com\\\/product\\\/18ct-white-gold-diamond-mangalsutra-rhodium-finish-47045\\\/#primaryimage\",\"url\":\"https:\\\/\\\/static.purejewels.com\\\/wp-content\\\/uploads\\\/2025\\\/08\\\/SKU-47045.jpg\",\"contentUrl\":\"https:\\\/\\\/static.purejewels.com\\\/wp-content\\\/uploads\\\/2025\\\/08\\\/SKU-47045.jpg\",\"width\":1000,\"height\":1000,\"caption\":\"Stacked from 5 images. Method=B (R=8,S=4)\"},{\"@type\":\"BreadcrumbList\",\"@id\":\"https:\\\/\\\/www.purejewels.com\\\/product\\\/18ct-white-gold-diamond-mangalsutra-rhodium-finish-47045\\\/#breadcrumb\",\"itemListElement\":[{\"@type\":\"ListItem\",\"position\":1,\"name\":\"Home\",\"item\":\"https:\\\/\\\/www.purejewels.com\\\/\"},{\"@type\":\"ListItem\",\"position\":2,\"name\":\"Shop\",\"item\":\"https:\\\/\\\/www.purejewels.com\\\/shop\\\/\"},{\"@type\":\"ListItem\",\"position\":3,\"name\":\"18ct White Gold Diamond Mangalsutra \u2013 Rhodium Finish\"}]},{\"@type\":\"WebSite\",\"@id\":\"https:\\\/\\\/www.purejewels.com\\\/#website\",\"url\":\"https:\\\/\\\/www.purejewels.com\\\/\",\"name\":\"PureJewels UK\",\"description\":\"Share the Love\",\"publisher\":{\"@id\":\"https:\\\/\\\/www.purejewels.com\\\/#organization\"},\"potentialAction\":[{\"@type\":\"SearchAction\",\"target\":{\"@type\":\"EntryPoint\",\"urlTemplate\":\"https:\\\/\\\/www.purejewels.com\\\/?s={search_term_string}\"},\"query-input\":{\"@type\":\"PropertyValueSpecification\",\"valueRequired\":true,\"valueName\":\"search_term_string\"}}],\"inLanguage\":\"tr\"},{\"@type\":\"Organization\",\"@id\":\"https:\\\/\\\/www.purejewels.com\\\/#organization\",\"name\":\"PureJewels UK\",\"url\":\"https:\\\/\\\/www.purejewels.com\\\/\",\"logo\":{\"@type\":\"ImageObject\",\"inLanguage\":\"tr\",\"@id\":\"https:\\\/\\\/www.purejewels.com\\\/#\\\/schema\\\/logo\\\/image\\\/\",\"url\":\"https:\\\/\\\/static.purejewels.com\\\/wp-content\\\/uploads\\\/2020\\\/11\\\/Logo-PJ-New-1.png\",\"contentUrl\":\"https:\\\/\\\/static.purejewels.com\\\/wp-content\\\/uploads\\\/2020\\\/11\\\/Logo-PJ-New-1.png\",\"width\":150,\"height\":80,\"caption\":\"PureJewels UK\"},\"image\":{\"@id\":\"https:\\\/\\\/www.purejewels.com\\\/#\\\/schema\\\/logo\\\/image\\\/\"}}]}<\/script>\n<!-- \/ Yoast SEO plugin. -->","yoast_head_json":{"title":"18 Ayar Beyaz Alt\u0131n P\u0131rlanta Mangalsutra | PureJewels","description":"Hikayenizi 18 ayar beyaz alt\u0131n p\u0131rlanta mangalsutra ile kutlay\u0131n. 0,37 ct VVS p\u0131rlanta ile zamans\u0131z bir zarafet i\u00e7inde m\u00fckemmel bir \u015fekilde \u00fcretilmi\u015ftir.","robots":{"index":"index","follow":"follow","max-snippet":"max-snippet:-1","max-image-preview":"max-image-preview:large","max-video-preview":"max-video-preview:-1"},"canonical":"https:\/\/www.purejewels.com\/tr\/urun\/18-ayar-beyaz-altin-pirlanta-mangalsutra-rodyum-kaplama-47045\/","og_locale":"tr_TR","og_type":"article","og_title":"18ct White Gold Diamond Mangalsutra | PureJewels","og_description":"Celebrate your story with our 18ct white gold diamond mangalsutra. Featuring 0.37ct VVS diamonds, crafted to perfection in timeless elegance.","og_url":"https:\/\/www.purejewels.com\/tr\/urun\/18-ayar-beyaz-altin-pirlanta-mangalsutra-rodyum-kaplama-47045\/","og_site_name":"PureJewels UK","article_modified_time":"2026-01-07T10:40:46+00:00","og_image":[{"width":1000,"height":1000,"url":"https:\/\/www.purejewels.com\/wp-content\/uploads\/2025\/08\/SKU-47045.jpg","type":"image\/jpeg"}],"twitter_card":"summary_large_image","twitter_misc":{"Tahmini okuma s\u00fcresi":"1 dakika"},"schema":{"@context":"https:\/\/schema.org","@graph":[{"@type":["WebPage","ItemPage"],"@id":"https:\/\/www.purejewels.com\/product\/18ct-white-gold-diamond-mangalsutra-rhodium-finish-47045\/","url":"https:\/\/www.purejewels.com\/product\/18ct-white-gold-diamond-mangalsutra-rhodium-finish-47045\/","name":"18 Ayar Beyaz Alt\u0131n P\u0131rlanta Mangalsutra | PureJewels","isPartOf":{"@id":"https:\/\/www.purejewels.com\/#website"},"primaryImageOfPage":{"@id":"https:\/\/www.purejewels.com\/product\/18ct-white-gold-diamond-mangalsutra-rhodium-finish-47045\/#primaryimage"},"image":{"@id":"https:\/\/www.purejewels.com\/product\/18ct-white-gold-diamond-mangalsutra-rhodium-finish-47045\/#primaryimage"},"thumbnailUrl":"https:\/\/static.purejewels.com\/wp-content\/uploads\/2025\/08\/SKU-47045.jpg","datePublished":"2025-07-25T04:54:14+00:00","dateModified":"2026-01-07T10:40:46+00:00","description":"Hikayenizi 18 ayar beyaz alt\u0131n p\u0131rlanta mangalsutra ile kutlay\u0131n. 0,37 ct VVS p\u0131rlanta ile zamans\u0131z bir zarafet i\u00e7inde m\u00fckemmel bir \u015fekilde \u00fcretilmi\u015ftir.","breadcrumb":{"@id":"https:\/\/www.purejewels.com\/product\/18ct-white-gold-diamond-mangalsutra-rhodium-finish-47045\/#breadcrumb"},"inLanguage":"tr","potentialAction":[{"@type":"ReadAction","target":["https:\/\/www.purejewels.com\/product\/18ct-white-gold-diamond-mangalsutra-rhodium-finish-47045\/"]}]},{"@type":"ImageObject","inLanguage":"tr","@id":"https:\/\/www.purejewels.com\/product\/18ct-white-gold-diamond-mangalsutra-rhodium-finish-47045\/#primaryimage","url":"https:\/\/static.purejewels.com\/wp-content\/uploads\/2025\/08\/SKU-47045.jpg","contentUrl":"https:\/\/static.purejewels.com\/wp-content\/uploads\/2025\/08\/SKU-47045.jpg","width":1000,"height":1000,"caption":"Stacked from 5 images. Method=B (R=8,S=4)"},{"@type":"BreadcrumbList","@id":"https:\/\/www.purejewels.com\/product\/18ct-white-gold-diamond-mangalsutra-rhodium-finish-47045\/#breadcrumb","itemListElement":[{"@type":"ListItem","position":1,"name":"Home","item":"https:\/\/www.purejewels.com\/"},{"@type":"ListItem","position":2,"name":"Shop","item":"https:\/\/www.purejewels.com\/shop\/"},{"@type":"ListItem","position":3,"name":"18ct White Gold Diamond Mangalsutra \u2013 Rhodium Finish"}]},{"@type":"WebSite","@id":"https:\/\/www.purejewels.com\/#website","url":"https:\/\/www.purejewels.com\/","name":"PureJewels \u0130ngiltere","description":"Sevgiyi Payla\u015f\u0131n","publisher":{"@id":"https:\/\/www.purejewels.com\/#organization"},"potentialAction":[{"@type":"SearchAction","target":{"@type":"EntryPoint","urlTemplate":"https:\/\/www.purejewels.com\/?s={search_term_string}"},"query-input":{"@type":"PropertyValueSpecification","valueRequired":true,"valueName":"search_term_string"}}],"inLanguage":"tr"},{"@type":"Organization","@id":"https:\/\/www.purejewels.com\/#organization","name":"PureJewels \u0130ngiltere","url":"https:\/\/www.purejewels.com\/","logo":{"@type":"ImageObject","inLanguage":"tr","@id":"https:\/\/www.purejewels.com\/#\/schema\/logo\/image\/","url":"https:\/\/static.purejewels.com\/wp-content\/uploads\/2020\/11\/Logo-PJ-New-1.png","contentUrl":"https:\/\/static.purejewels.com\/wp-content\/uploads\/2020\/11\/Logo-PJ-New-1.png","width":150,"height":80,"caption":"PureJewels UK"},"image":{"@id":"https:\/\/www.purejewels.com\/#\/schema\/logo\/image\/"}}]}},"_links":{"self":[{"href":"https:\/\/www.purejewels.com\/tr\/wp-json\/wp\/v2\/product\/409575","targetHints":{"allow":["GET"]}}],"collection":[{"href":"https:\/\/www.purejewels.com\/tr\/wp-json\/wp\/v2\/product"}],"about":[{"href":"https:\/\/www.purejewels.com\/tr\/wp-json\/wp\/v2\/types\/product"}],"replies":[{"embeddable":true,"href":"https:\/\/www.purejewels.com\/tr\/wp-json\/wp\/v2\/comments?post=409575"}],"version-history":[{"count":3,"href":"https:\/\/www.purejewels.com\/tr\/wp-json\/wp\/v2\/product\/409575\/revisions"}],"predecessor-version":[{"id":410217,"href":"https:\/\/www.purejewels.com\/tr\/wp-json\/wp\/v2\/product\/409575\/revisions\/410217"}],"wp:featuredmedia":[{"embeddable":true,"href":"https:\/\/www.purejewels.com\/tr\/wp-json\/wp\/v2\/media\/409580"}],"wp:attachment":[{"href":"https:\/\/www.purejewels.com\/tr\/wp-json\/wp\/v2\/media?parent=409575"}],"wp:term":[{"taxonomy":"product_brand","embeddable":true,"href":"https:\/\/www.purejewels.com\/tr\/wp-json\/wp\/v2\/product_brand?post=409575"},{"taxonomy":"product_cat","embeddable":true,"href":"https:\/\/www.purejewels.com\/tr\/wp-json\/wp\/v2\/product_cat?post=409575"},{"taxonomy":"product_tag","embeddable":true,"href":"https:\/\/www.purejewels.com\/tr\/wp-json\/wp\/v2\/product_tag?post=409575"}],"curies":[{"name":"wp","href":"https:\/\/api.w.org\/{rel}","templated":true}]}}